{"id":995,"date":"2021-01-07T21:29:27","date_gmt":"2021-01-07T20:29:27","guid":{"rendered":"https:\/\/dimspeed.com\/?post_type=product&#038;p=995"},"modified":"2025-10-21T17:14:29","modified_gmt":"2025-10-21T15:14:29","slug":"axe-de-culbuteur-swiftune-competition","status":"publish","type":"product","link":"https:\/\/dimspeed.com\/en\/product\/axe-de-culbuteur-swiftune-competition\/","title":{"rendered":"Swiftune Competition Rocker Shaft"},"content":{"rendered":"<p>Designed by Swiftune, this competition rocker shaft with an improved grade of steel and more precise heat treatment ensure the core of the shaft is strong. Only the outer surface is hardened to prevent wear.<\/p>\n<p>Ultra-reliable, every Dimspeed engines has a Swiftune competition rocker shaft fitted.<\/p>","protected":false},"excerpt":{"rendered":"<p>D\u00e9velopp\u00e9 par Swiftune, cet axe de culbuteur pour la comp\u00e9tition est con\u00e7u avec un acier de meilleure qualit\u00e9 et b\u00e9n\u00e9ficie d&#8217;un traitement de surface. Ces am\u00e9liorations assure que le c\u0153ur de l&#8217;axe est r\u00e9sistant et que la surface est endurcie pour \u00e9viter l&#8217;usure. Reconnu pour sa fiabilit\u00e9, nous le montons sur tous nos moteurs.<\/p>","protected":false},"featured_media":2873,"template":"","meta":[],"product_brand":[],"product_cat":[15,19],"product_tag":[65,78,64,156,162],"class_list":{"0":"post-995","1":"product","2":"type-product","3":"status-publish","4":"has-post-thumbnail","6":"product_cat-moteur","7":"product_cat-culasse","8":"product_tag-culasse","9":"product_tag-culbuteur","10":"product_tag-race","11":"product_tag-rampe-de-culbuteurs","12":"product_tag-swiftune","14":"first","15":"outofstock","16":"taxable","17":"shipping-taxable","18":"purchasable","19":"product-type-simple"},"yoast_head":"<!-- This site is optimized with the Yoast SEO plugin v27.1.1 - https:\/\/yoast.com\/product\/yoast-seo-wordpress\/ -->\n<title>Axe de Culbuteur Swiftune - Comp\u00e9tition - Dimspeed, l&#039;atelier de personnalisation automobile<\/title>\n<meta name=\"robots\" content=\"index, follow, max-snippet:-1, max-image-preview:large, max-video-preview:-1\" \/>\n<link rel=\"canonical\" href=\"https:\/\/dimspeed.com\/en\/product\/axe-de-culbuteur-swiftune-competition\/\" \/>\n<meta property=\"og:locale\" content=\"en_GB\" \/>\n<meta property=\"og:type\" content=\"article\" \/>\n<meta property=\"og:title\" content=\"Axe de Culbuteur Swiftune - Comp\u00e9tition - Dimspeed, l&#039;atelier de personnalisation automobile\" \/>\n<meta property=\"og:description\" content=\"D\u00e9velopp\u00e9 par Swiftune, cet axe de culbuteur pour la comp\u00e9tition est con\u00e7u avec un acier de meilleure qualit\u00e9 et b\u00e9n\u00e9ficie d&#8217;un traitement de surface. Ces am\u00e9liorations assure que le c\u0153ur de l&#8217;axe est r\u00e9sistant et que la surface est endurcie pour \u00e9viter l&#8217;usure. Reconnu pour sa fiabilit\u00e9, nous le montons sur tous nos moteurs.\" \/>\n<meta property=\"og:url\" content=\"https:\/\/dimspeed.com\/en\/product\/axe-de-culbuteur-swiftune-competition\/\" \/>\n<meta property=\"og:site_name\" content=\"Dimspeed, l&#039;atelier de personnalisation automobile\" \/>\n<meta property=\"article:modified_time\" content=\"2025-10-21T15:14:29+00:00\" \/>\n<meta property=\"og:image\" content=\"https:\/\/dimspeed.com\/wp-content\/uploads\/2021\/01\/Axe-de-culbuteur-scaled.jpg\" \/>\n\t<meta property=\"og:image:width\" content=\"1440\" \/>\n\t<meta property=\"og:image:height\" content=\"1920\" \/>\n\t<meta property=\"og:image:type\" content=\"image\/jpeg\" \/>\n<meta name=\"twitter:card\" content=\"summary_large_image\" \/>\n<script type=\"application\/ld+json\" class=\"yoast-schema-graph\">{\"@context\":\"https:\/\/schema.org\",\"@graph\":[{\"@type\":\"WebPage\",\"@id\":\"https:\/\/dimspeed.com\/produit\/axe-de-culbuteur-swiftune-competition\/\",\"url\":\"https:\/\/dimspeed.com\/produit\/axe-de-culbuteur-swiftune-competition\/\",\"name\":\"Axe de Culbuteur Swiftune - Comp\u00e9tition - Dimspeed, l&#039;atelier de personnalisation automobile\",\"isPartOf\":{\"@id\":\"https:\/\/dimspeed.com\/#website\"},\"primaryImageOfPage\":{\"@id\":\"https:\/\/dimspeed.com\/produit\/axe-de-culbuteur-swiftune-competition\/#primaryimage\"},\"image\":{\"@id\":\"https:\/\/dimspeed.com\/produit\/axe-de-culbuteur-swiftune-competition\/#primaryimage\"},\"thumbnailUrl\":\"https:\/\/dimspeed.com\/wp-content\/uploads\/2021\/01\/Axe-de-culbuteur-scaled.jpg\",\"datePublished\":\"2021-01-07T20:29:27+00:00\",\"dateModified\":\"2025-10-21T15:14:29+00:00\",\"breadcrumb\":{\"@id\":\"https:\/\/dimspeed.com\/produit\/axe-de-culbuteur-swiftune-competition\/#breadcrumb\"},\"inLanguage\":\"en-GB\",\"potentialAction\":[{\"@type\":\"ReadAction\",\"target\":[\"https:\/\/dimspeed.com\/produit\/axe-de-culbuteur-swiftune-competition\/\"]}]},{\"@type\":\"ImageObject\",\"inLanguage\":\"en-GB\",\"@id\":\"https:\/\/dimspeed.com\/produit\/axe-de-culbuteur-swiftune-competition\/#primaryimage\",\"url\":\"https:\/\/dimspeed.com\/wp-content\/uploads\/2021\/01\/Axe-de-culbuteur-scaled.jpg\",\"contentUrl\":\"https:\/\/dimspeed.com\/wp-content\/uploads\/2021\/01\/Axe-de-culbuteur-scaled.jpg\",\"width\":1440,\"height\":1920},{\"@type\":\"BreadcrumbList\",\"@id\":\"https:\/\/dimspeed.com\/produit\/axe-de-culbuteur-swiftune-competition\/#breadcrumb\",\"itemListElement\":[{\"@type\":\"ListItem\",\"position\":1,\"name\":\"Accueil\",\"item\":\"https:\/\/dimspeed.com\/\"},{\"@type\":\"ListItem\",\"position\":2,\"name\":\"Boutique\",\"item\":\"https:\/\/dimspeed.com\/boutique\/\"},{\"@type\":\"ListItem\",\"position\":3,\"name\":\"Axe de Culbuteur Swiftune &#8211; Comp\u00e9tition\"}]},{\"@type\":\"WebSite\",\"@id\":\"https:\/\/dimspeed.com\/#website\",\"url\":\"https:\/\/dimspeed.com\/\",\"name\":\"Dimspeed, l&#039;atelier de personnalisation automobile\",\"description\":\"MOTORISTE comp\u00e9tition et collection SPECIALISTE moteur A-SERIE\",\"publisher\":{\"@id\":\"https:\/\/dimspeed.com\/#organization\"},\"potentialAction\":[{\"@type\":\"SearchAction\",\"target\":{\"@type\":\"EntryPoint\",\"urlTemplate\":\"https:\/\/dimspeed.com\/?s={search_term_string}\"},\"query-input\":{\"@type\":\"PropertyValueSpecification\",\"valueRequired\":true,\"valueName\":\"search_term_string\"}}],\"inLanguage\":\"en-GB\"},{\"@type\":\"Organization\",\"@id\":\"https:\/\/dimspeed.com\/#organization\",\"name\":\"Dimspeed, l&#039;atelier de personnalisation automobile\",\"url\":\"https:\/\/dimspeed.com\/\",\"logo\":{\"@type\":\"ImageObject\",\"inLanguage\":\"en-GB\",\"@id\":\"https:\/\/dimspeed.com\/#\/schema\/logo\/image\/\",\"url\":\"https:\/\/dimspeed.com\/wp-content\/uploads\/2020\/11\/logo-site.png\",\"contentUrl\":\"https:\/\/dimspeed.com\/wp-content\/uploads\/2020\/11\/logo-site.png\",\"width\":486,\"height\":178,\"caption\":\"Dimspeed, l&#039;atelier de personnalisation automobile\"},\"image\":{\"@id\":\"https:\/\/dimspeed.com\/#\/schema\/logo\/image\/\"}}]}<\/script>\n<!-- \/ Yoast SEO plugin. -->","yoast_head_json":{"title":"Axe de Culbuteur Swiftune - Comp\u00e9tition - Dimspeed, l&#039;atelier de personnalisation automobile","robots":{"index":"index","follow":"follow","max-snippet":"max-snippet:-1","max-image-preview":"max-image-preview:large","max-video-preview":"max-video-preview:-1"},"canonical":"https:\/\/dimspeed.com\/en\/product\/axe-de-culbuteur-swiftune-competition\/","og_locale":"en_GB","og_type":"article","og_title":"Axe de Culbuteur Swiftune - Comp\u00e9tition - Dimspeed, l&#039;atelier de personnalisation automobile","og_description":"D\u00e9velopp\u00e9 par Swiftune, cet axe de culbuteur pour la comp\u00e9tition est con\u00e7u avec un acier de meilleure qualit\u00e9 et b\u00e9n\u00e9ficie d&#8217;un traitement de surface. Ces am\u00e9liorations assure que le c\u0153ur de l&#8217;axe est r\u00e9sistant et que la surface est endurcie pour \u00e9viter l&#8217;usure. Reconnu pour sa fiabilit\u00e9, nous le montons sur tous nos moteurs.","og_url":"https:\/\/dimspeed.com\/en\/product\/axe-de-culbuteur-swiftune-competition\/","og_site_name":"Dimspeed, l&#039;atelier de personnalisation automobile","article_modified_time":"2025-10-21T15:14:29+00:00","og_image":[{"width":1440,"height":1920,"url":"https:\/\/dimspeed.com\/wp-content\/uploads\/2021\/01\/Axe-de-culbuteur-scaled.jpg","type":"image\/jpeg"}],"twitter_card":"summary_large_image","schema":{"@context":"https:\/\/schema.org","@graph":[{"@type":"WebPage","@id":"https:\/\/dimspeed.com\/produit\/axe-de-culbuteur-swiftune-competition\/","url":"https:\/\/dimspeed.com\/produit\/axe-de-culbuteur-swiftune-competition\/","name":"Axe de Culbuteur Swiftune - Comp\u00e9tition - Dimspeed, l&#039;atelier de personnalisation automobile","isPartOf":{"@id":"https:\/\/dimspeed.com\/#website"},"primaryImageOfPage":{"@id":"https:\/\/dimspeed.com\/produit\/axe-de-culbuteur-swiftune-competition\/#primaryimage"},"image":{"@id":"https:\/\/dimspeed.com\/produit\/axe-de-culbuteur-swiftune-competition\/#primaryimage"},"thumbnailUrl":"https:\/\/dimspeed.com\/wp-content\/uploads\/2021\/01\/Axe-de-culbuteur-scaled.jpg","datePublished":"2021-01-07T20:29:27+00:00","dateModified":"2025-10-21T15:14:29+00:00","breadcrumb":{"@id":"https:\/\/dimspeed.com\/produit\/axe-de-culbuteur-swiftune-competition\/#breadcrumb"},"inLanguage":"en-GB","potentialAction":[{"@type":"ReadAction","target":["https:\/\/dimspeed.com\/produit\/axe-de-culbuteur-swiftune-competition\/"]}]},{"@type":"ImageObject","inLanguage":"en-GB","@id":"https:\/\/dimspeed.com\/produit\/axe-de-culbuteur-swiftune-competition\/#primaryimage","url":"https:\/\/dimspeed.com\/wp-content\/uploads\/2021\/01\/Axe-de-culbuteur-scaled.jpg","contentUrl":"https:\/\/dimspeed.com\/wp-content\/uploads\/2021\/01\/Axe-de-culbuteur-scaled.jpg","width":1440,"height":1920},{"@type":"BreadcrumbList","@id":"https:\/\/dimspeed.com\/produit\/axe-de-culbuteur-swiftune-competition\/#breadcrumb","itemListElement":[{"@type":"ListItem","position":1,"name":"Accueil","item":"https:\/\/dimspeed.com\/"},{"@type":"ListItem","position":2,"name":"Boutique","item":"https:\/\/dimspeed.com\/boutique\/"},{"@type":"ListItem","position":3,"name":"Axe de Culbuteur Swiftune &#8211; Comp\u00e9tition"}]},{"@type":"WebSite","@id":"https:\/\/dimspeed.com\/#website","url":"https:\/\/dimspeed.com\/","name":"Dimspeed, l&#039;atelier de personnalisation automobile","description":"MOTORISTE comp\u00e9tition et collection SPECIALISTE moteur A-SERIE","publisher":{"@id":"https:\/\/dimspeed.com\/#organization"},"potentialAction":[{"@type":"SearchAction","target":{"@type":"EntryPoint","urlTemplate":"https:\/\/dimspeed.com\/?s={search_term_string}"},"query-input":{"@type":"PropertyValueSpecification","valueRequired":true,"valueName":"search_term_string"}}],"inLanguage":"en-GB"},{"@type":"Organization","@id":"https:\/\/dimspeed.com\/#organization","name":"Dimspeed, l&#039;atelier de personnalisation automobile","url":"https:\/\/dimspeed.com\/","logo":{"@type":"ImageObject","inLanguage":"en-GB","@id":"https:\/\/dimspeed.com\/#\/schema\/logo\/image\/","url":"https:\/\/dimspeed.com\/wp-content\/uploads\/2020\/11\/logo-site.png","contentUrl":"https:\/\/dimspeed.com\/wp-content\/uploads\/2020\/11\/logo-site.png","width":486,"height":178,"caption":"Dimspeed, l&#039;atelier de personnalisation automobile"},"image":{"@id":"https:\/\/dimspeed.com\/#\/schema\/logo\/image\/"}}]}},"_links":{"self":[{"href":"https:\/\/dimspeed.com\/en\/wp-json\/wp\/v2\/product\/995","targetHints":{"allow":["GET"]}}],"collection":[{"href":"https:\/\/dimspeed.com\/en\/wp-json\/wp\/v2\/product"}],"about":[{"href":"https:\/\/dimspeed.com\/en\/wp-json\/wp\/v2\/types\/product"}],"version-history":[{"count":1,"href":"https:\/\/dimspeed.com\/en\/wp-json\/wp\/v2\/product\/995\/revisions"}],"predecessor-version":[{"id":3978,"href":"https:\/\/dimspeed.com\/en\/wp-json\/wp\/v2\/product\/995\/revisions\/3978"}],"wp:featuredmedia":[{"embeddable":true,"href":"https:\/\/dimspeed.com\/en\/wp-json\/wp\/v2\/media\/2873"}],"wp:attachment":[{"href":"https:\/\/dimspeed.com\/en\/wp-json\/wp\/v2\/media?parent=995"}],"wp:term":[{"taxonomy":"product_brand","embeddable":true,"href":"https:\/\/dimspeed.com\/en\/wp-json\/wp\/v2\/product_brand?post=995"},{"taxonomy":"product_cat","embeddable":true,"href":"https:\/\/dimspeed.com\/en\/wp-json\/wp\/v2\/product_cat?post=995"},{"taxonomy":"product_tag","embeddable":true,"href":"https:\/\/dimspeed.com\/en\/wp-json\/wp\/v2\/product_tag?post=995"}],"curies":[{"name":"wp","href":"https:\/\/api.w.org\/{rel}","templated":true}]}}