{"id":958,"date":"2021-01-07T20:52:46","date_gmt":"2021-01-07T19:52:46","guid":{"rendered":"https:\/\/dimspeed.com\/?post_type=product&#038;p=958"},"modified":"2025-09-08T10:40:54","modified_gmt":"2025-09-08T08:40:54","slug":"joint-dechappement-et-dadmission-route","status":"publish","type":"product","link":"https:\/\/dimspeed.com\/en\/product\/joint-dechappement-et-dadmission-route\/","title":{"rendered":"Cylinder Head - Manifold Gasket - Road"},"content":{"rendered":"<p>Manifold Gasket, manufactured from a steel reinforced material and a larger Gasket O.D to last longer, give better gasket support and a greater sealing surface.<\/p>\n<p>Gasket port sizes are:<br \/>\nInlet - 1 1\/2\" (35mm)<br \/>\nExhaust - 1\" x 1 1\/8\" (25x29mm)<\/p>\n<p>Perfect for use on our Stage 3 cylinder heads.<\/p>\n<p>Sold individually.<\/p>","protected":false},"excerpt":{"rendered":"<p>Joint d&#8217;\u00e9chappement et d&#8217;admission con\u00e7u avec un composant en acier renforc\u00e9. Il est plus large pour une long\u00e9vit\u00e9 optimale et une meilleure surface d&#8217;appui. Dimension: Admission: 35 mm Echappement: 25 mm x 29 mm Il est recommand\u00e9 sur nos culasses stage 3. Vendu \u00e0 l&#8217;unit\u00e9.<\/p>","protected":false},"featured_media":1548,"template":"","meta":[],"product_brand":[],"product_cat":[15,19,38],"product_tag":[65,77,182,162],"class_list":{"0":"post-958","1":"product","2":"type-product","3":"status-publish","4":"has-post-thumbnail","6":"product_cat-moteur","7":"product_cat-culasse","8":"product_cat-joints","9":"product_tag-culasse","10":"product_tag-joint","11":"product_tag-route","12":"product_tag-swiftune","14":"first","15":"instock","16":"taxable","17":"shipping-taxable","18":"purchasable","19":"product-type-simple"},"yoast_head":"<!-- This site is optimized with the Yoast SEO plugin v27.1.1 - https:\/\/yoast.com\/product\/yoast-seo-wordpress\/ -->\n<title>Joint d\u2019Echappement et d\u2019Admission \u2013 Route - Dimspeed, l&#039;atelier de personnalisation automobile<\/title>\n<meta name=\"robots\" content=\"index, follow, max-snippet:-1, max-image-preview:large, max-video-preview:-1\" \/>\n<link rel=\"canonical\" href=\"https:\/\/dimspeed.com\/en\/product\/joint-dechappement-et-dadmission-route\/\" \/>\n<meta property=\"og:locale\" content=\"en_GB\" \/>\n<meta property=\"og:type\" content=\"article\" \/>\n<meta property=\"og:title\" content=\"Joint d\u2019Echappement et d\u2019Admission \u2013 Route - Dimspeed, l&#039;atelier de personnalisation automobile\" \/>\n<meta property=\"og:description\" content=\"Joint d&#8217;\u00e9chappement et d&#8217;admission con\u00e7u avec un composant en acier renforc\u00e9. Il est plus large pour une long\u00e9vit\u00e9 optimale et une meilleure surface d&#8217;appui. Dimension: Admission: 35 mm Echappement: 25 mm x 29 mm Il est recommand\u00e9 sur nos culasses stage 3. Vendu \u00e0 l&#8217;unit\u00e9.\" \/>\n<meta property=\"og:url\" content=\"https:\/\/dimspeed.com\/en\/product\/joint-dechappement-et-dadmission-route\/\" \/>\n<meta property=\"og:site_name\" content=\"Dimspeed, l&#039;atelier de personnalisation automobile\" \/>\n<meta property=\"article:modified_time\" content=\"2025-09-08T08:40:54+00:00\" \/>\n<meta property=\"og:image\" content=\"https:\/\/dimspeed.com\/wp-content\/uploads\/2021\/01\/174_Joint-d\u2019\u00e9chappement-et-d\u2019admission-\u2013-Standard.jpg\" \/>\n\t<meta property=\"og:image:width\" content=\"500\" \/>\n\t<meta property=\"og:image:height\" content=\"500\" \/>\n\t<meta property=\"og:image:type\" content=\"image\/jpeg\" \/>\n<meta name=\"twitter:card\" content=\"summary_large_image\" \/>\n<script type=\"application\/ld+json\" class=\"yoast-schema-graph\">{\"@context\":\"https:\/\/schema.org\",\"@graph\":[{\"@type\":\"WebPage\",\"@id\":\"https:\/\/dimspeed.com\/produit\/joint-dechappement-et-dadmission-route\/\",\"url\":\"https:\/\/dimspeed.com\/produit\/joint-dechappement-et-dadmission-route\/\",\"name\":\"Joint d\u2019Echappement et d\u2019Admission \u2013 Route - Dimspeed, l&#039;atelier de personnalisation automobile\",\"isPartOf\":{\"@id\":\"https:\/\/dimspeed.com\/#website\"},\"primaryImageOfPage\":{\"@id\":\"https:\/\/dimspeed.com\/produit\/joint-dechappement-et-dadmission-route\/#primaryimage\"},\"image\":{\"@id\":\"https:\/\/dimspeed.com\/produit\/joint-dechappement-et-dadmission-route\/#primaryimage\"},\"thumbnailUrl\":\"https:\/\/dimspeed.com\/wp-content\/uploads\/2021\/01\/174_Joint-d\u2019\u00e9chappement-et-d\u2019admission-\u2013-Standard.jpg\",\"datePublished\":\"2021-01-07T19:52:46+00:00\",\"dateModified\":\"2025-09-08T08:40:54+00:00\",\"breadcrumb\":{\"@id\":\"https:\/\/dimspeed.com\/produit\/joint-dechappement-et-dadmission-route\/#breadcrumb\"},\"inLanguage\":\"en-GB\",\"potentialAction\":[{\"@type\":\"ReadAction\",\"target\":[\"https:\/\/dimspeed.com\/produit\/joint-dechappement-et-dadmission-route\/\"]}]},{\"@type\":\"ImageObject\",\"inLanguage\":\"en-GB\",\"@id\":\"https:\/\/dimspeed.com\/produit\/joint-dechappement-et-dadmission-route\/#primaryimage\",\"url\":\"https:\/\/dimspeed.com\/wp-content\/uploads\/2021\/01\/174_Joint-d\u2019\u00e9chappement-et-d\u2019admission-\u2013-Standard.jpg\",\"contentUrl\":\"https:\/\/dimspeed.com\/wp-content\/uploads\/2021\/01\/174_Joint-d\u2019\u00e9chappement-et-d\u2019admission-\u2013-Standard.jpg\",\"width\":500,\"height\":500},{\"@type\":\"BreadcrumbList\",\"@id\":\"https:\/\/dimspeed.com\/produit\/joint-dechappement-et-dadmission-route\/#breadcrumb\",\"itemListElement\":[{\"@type\":\"ListItem\",\"position\":1,\"name\":\"Accueil\",\"item\":\"https:\/\/dimspeed.com\/\"},{\"@type\":\"ListItem\",\"position\":2,\"name\":\"Boutique\",\"item\":\"https:\/\/dimspeed.com\/boutique\/\"},{\"@type\":\"ListItem\",\"position\":3,\"name\":\"Joint d\u2019Echappement et d\u2019Admission \u2013 Route\"}]},{\"@type\":\"WebSite\",\"@id\":\"https:\/\/dimspeed.com\/#website\",\"url\":\"https:\/\/dimspeed.com\/\",\"name\":\"Dimspeed, l&#039;atelier de personnalisation automobile\",\"description\":\"MOTORISTE comp\u00e9tition et collection SPECIALISTE moteur A-SERIE\",\"publisher\":{\"@id\":\"https:\/\/dimspeed.com\/#organization\"},\"potentialAction\":[{\"@type\":\"SearchAction\",\"target\":{\"@type\":\"EntryPoint\",\"urlTemplate\":\"https:\/\/dimspeed.com\/?s={search_term_string}\"},\"query-input\":{\"@type\":\"PropertyValueSpecification\",\"valueRequired\":true,\"valueName\":\"search_term_string\"}}],\"inLanguage\":\"en-GB\"},{\"@type\":\"Organization\",\"@id\":\"https:\/\/dimspeed.com\/#organization\",\"name\":\"Dimspeed, l&#039;atelier de personnalisation automobile\",\"url\":\"https:\/\/dimspeed.com\/\",\"logo\":{\"@type\":\"ImageObject\",\"inLanguage\":\"en-GB\",\"@id\":\"https:\/\/dimspeed.com\/#\/schema\/logo\/image\/\",\"url\":\"https:\/\/dimspeed.com\/wp-content\/uploads\/2020\/11\/logo-site.png\",\"contentUrl\":\"https:\/\/dimspeed.com\/wp-content\/uploads\/2020\/11\/logo-site.png\",\"width\":486,\"height\":178,\"caption\":\"Dimspeed, l&#039;atelier de personnalisation automobile\"},\"image\":{\"@id\":\"https:\/\/dimspeed.com\/#\/schema\/logo\/image\/\"}}]}<\/script>\n<!-- \/ Yoast SEO plugin. -->","yoast_head_json":{"title":"Joint d\u2019Echappement et d\u2019Admission \u2013 Route - Dimspeed, l&#039;atelier de personnalisation automobile","robots":{"index":"index","follow":"follow","max-snippet":"max-snippet:-1","max-image-preview":"max-image-preview:large","max-video-preview":"max-video-preview:-1"},"canonical":"https:\/\/dimspeed.com\/en\/product\/joint-dechappement-et-dadmission-route\/","og_locale":"en_GB","og_type":"article","og_title":"Joint d\u2019Echappement et d\u2019Admission \u2013 Route - Dimspeed, l&#039;atelier de personnalisation automobile","og_description":"Joint d&#8217;\u00e9chappement et d&#8217;admission con\u00e7u avec un composant en acier renforc\u00e9. Il est plus large pour une long\u00e9vit\u00e9 optimale et une meilleure surface d&#8217;appui. Dimension: Admission: 35 mm Echappement: 25 mm x 29 mm Il est recommand\u00e9 sur nos culasses stage 3. Vendu \u00e0 l&#8217;unit\u00e9.","og_url":"https:\/\/dimspeed.com\/en\/product\/joint-dechappement-et-dadmission-route\/","og_site_name":"Dimspeed, l&#039;atelier de personnalisation automobile","article_modified_time":"2025-09-08T08:40:54+00:00","og_image":[{"width":500,"height":500,"url":"https:\/\/dimspeed.com\/wp-content\/uploads\/2021\/01\/174_Joint-d\u2019\u00e9chappement-et-d\u2019admission-\u2013-Standard.jpg","type":"image\/jpeg"}],"twitter_card":"summary_large_image","schema":{"@context":"https:\/\/schema.org","@graph":[{"@type":"WebPage","@id":"https:\/\/dimspeed.com\/produit\/joint-dechappement-et-dadmission-route\/","url":"https:\/\/dimspeed.com\/produit\/joint-dechappement-et-dadmission-route\/","name":"Joint d\u2019Echappement et d\u2019Admission \u2013 Route - Dimspeed, l&#039;atelier de personnalisation automobile","isPartOf":{"@id":"https:\/\/dimspeed.com\/#website"},"primaryImageOfPage":{"@id":"https:\/\/dimspeed.com\/produit\/joint-dechappement-et-dadmission-route\/#primaryimage"},"image":{"@id":"https:\/\/dimspeed.com\/produit\/joint-dechappement-et-dadmission-route\/#primaryimage"},"thumbnailUrl":"https:\/\/dimspeed.com\/wp-content\/uploads\/2021\/01\/174_Joint-d\u2019\u00e9chappement-et-d\u2019admission-\u2013-Standard.jpg","datePublished":"2021-01-07T19:52:46+00:00","dateModified":"2025-09-08T08:40:54+00:00","breadcrumb":{"@id":"https:\/\/dimspeed.com\/produit\/joint-dechappement-et-dadmission-route\/#breadcrumb"},"inLanguage":"en-GB","potentialAction":[{"@type":"ReadAction","target":["https:\/\/dimspeed.com\/produit\/joint-dechappement-et-dadmission-route\/"]}]},{"@type":"ImageObject","inLanguage":"en-GB","@id":"https:\/\/dimspeed.com\/produit\/joint-dechappement-et-dadmission-route\/#primaryimage","url":"https:\/\/dimspeed.com\/wp-content\/uploads\/2021\/01\/174_Joint-d\u2019\u00e9chappement-et-d\u2019admission-\u2013-Standard.jpg","contentUrl":"https:\/\/dimspeed.com\/wp-content\/uploads\/2021\/01\/174_Joint-d\u2019\u00e9chappement-et-d\u2019admission-\u2013-Standard.jpg","width":500,"height":500},{"@type":"BreadcrumbList","@id":"https:\/\/dimspeed.com\/produit\/joint-dechappement-et-dadmission-route\/#breadcrumb","itemListElement":[{"@type":"ListItem","position":1,"name":"Accueil","item":"https:\/\/dimspeed.com\/"},{"@type":"ListItem","position":2,"name":"Boutique","item":"https:\/\/dimspeed.com\/boutique\/"},{"@type":"ListItem","position":3,"name":"Joint d\u2019Echappement et d\u2019Admission \u2013 Route"}]},{"@type":"WebSite","@id":"https:\/\/dimspeed.com\/#website","url":"https:\/\/dimspeed.com\/","name":"Dimspeed, l&#039;atelier de personnalisation automobile","description":"MOTORISTE comp\u00e9tition et collection SPECIALISTE moteur A-SERIE","publisher":{"@id":"https:\/\/dimspeed.com\/#organization"},"potentialAction":[{"@type":"SearchAction","target":{"@type":"EntryPoint","urlTemplate":"https:\/\/dimspeed.com\/?s={search_term_string}"},"query-input":{"@type":"PropertyValueSpecification","valueRequired":true,"valueName":"search_term_string"}}],"inLanguage":"en-GB"},{"@type":"Organization","@id":"https:\/\/dimspeed.com\/#organization","name":"Dimspeed, l&#039;atelier de personnalisation automobile","url":"https:\/\/dimspeed.com\/","logo":{"@type":"ImageObject","inLanguage":"en-GB","@id":"https:\/\/dimspeed.com\/#\/schema\/logo\/image\/","url":"https:\/\/dimspeed.com\/wp-content\/uploads\/2020\/11\/logo-site.png","contentUrl":"https:\/\/dimspeed.com\/wp-content\/uploads\/2020\/11\/logo-site.png","width":486,"height":178,"caption":"Dimspeed, l&#039;atelier de personnalisation automobile"},"image":{"@id":"https:\/\/dimspeed.com\/#\/schema\/logo\/image\/"}}]}},"_links":{"self":[{"href":"https:\/\/dimspeed.com\/en\/wp-json\/wp\/v2\/product\/958","targetHints":{"allow":["GET"]}}],"collection":[{"href":"https:\/\/dimspeed.com\/en\/wp-json\/wp\/v2\/product"}],"about":[{"href":"https:\/\/dimspeed.com\/en\/wp-json\/wp\/v2\/types\/product"}],"version-history":[{"count":1,"href":"https:\/\/dimspeed.com\/en\/wp-json\/wp\/v2\/product\/958\/revisions"}],"predecessor-version":[{"id":3953,"href":"https:\/\/dimspeed.com\/en\/wp-json\/wp\/v2\/product\/958\/revisions\/3953"}],"wp:featuredmedia":[{"embeddable":true,"href":"https:\/\/dimspeed.com\/en\/wp-json\/wp\/v2\/media\/1548"}],"wp:attachment":[{"href":"https:\/\/dimspeed.com\/en\/wp-json\/wp\/v2\/media?parent=958"}],"wp:term":[{"taxonomy":"product_brand","embeddable":true,"href":"https:\/\/dimspeed.com\/en\/wp-json\/wp\/v2\/product_brand?post=958"},{"taxonomy":"product_cat","embeddable":true,"href":"https:\/\/dimspeed.com\/en\/wp-json\/wp\/v2\/product_cat?post=958"},{"taxonomy":"product_tag","embeddable":true,"href":"https:\/\/dimspeed.com\/en\/wp-json\/wp\/v2\/product_tag?post=958"}],"curies":[{"name":"wp","href":"https:\/\/api.w.org\/{rel}","templated":true}]}}