{"id":953,"date":"2021-01-07T20:46:11","date_gmt":"2021-01-07T19:46:11","guid":{"rendered":"https:\/\/dimspeed.com\/?post_type=product&#038;p=953"},"modified":"2025-08-26T11:37:16","modified_gmt":"2025-08-26T09:37:16","slug":"kit-de-fixation-dechappement-arp-2","status":"publish","type":"product","link":"https:\/\/dimspeed.com\/en\/product\/kit-de-fixation-dechappement-arp-2\/","title":{"rendered":"ARP Manifold Stud Kit"},"content":{"rendered":"<p>These studs, washers and nuts are manufactured from stainless steel, therefore you will get no more corroded studs broken off in your cylinder head and they look great too. They keep the manifold gasket in place. They are also very strong, this is why we are fitting them in all our engines.<\/p>\n<p>This set includes:<\/p>\n<ul>\n<li>6 x stainless steel inlet manifold studs<\/li>\n<li>6 x multi-point ARP nuts<\/li>\n<li>6 x washers<\/li>\n<\/ul>","protected":false},"excerpt":{"rendered":"<p>Ces goujons, rondelles et \u00e9crous sont en inox et permettent le maintien de l&#8217;\u00e9chappement et de l&#8217;admission. Ils sont d&#8217;une r\u00e9sistance exceptionnelle, c&#8217;est pourquoi nous les utilisons sur tous nos moteurs. Le kit inclut: 6 x goujons 6 x \u00e9crous multi points 6 x rondelles<\/p>","protected":false},"featured_media":1547,"template":"","meta":[],"product_brand":[],"product_cat":[15,19,30],"product_tag":[110,66,118,150,82,120],"class_list":{"0":"post-953","1":"product","2":"type-product","3":"status-publish","4":"has-post-thumbnail","6":"product_cat-moteur","7":"product_cat-culasse","8":"product_cat-visserie","9":"product_tag-arp","10":"product_tag-dimspeed","11":"product_tag-echappement","12":"product_tag-fixation","13":"product_tag-kit","14":"product_tag-visserie","16":"first","17":"instock","18":"taxable","19":"shipping-taxable","20":"purchasable","21":"product-type-simple"},"yoast_head":"<!-- This site is optimized with the Yoast SEO plugin v27.1.1 - https:\/\/yoast.com\/product\/yoast-seo-wordpress\/ -->\n<title>Kit de Fixation d&#039;Echappement ARP - Dimspeed, l&#039;atelier de personnalisation automobile<\/title>\n<meta name=\"robots\" content=\"index, follow, max-snippet:-1, max-image-preview:large, max-video-preview:-1\" \/>\n<link rel=\"canonical\" href=\"https:\/\/dimspeed.com\/en\/product\/kit-de-fixation-dechappement-arp-2\/\" \/>\n<meta property=\"og:locale\" content=\"en_GB\" \/>\n<meta property=\"og:type\" content=\"article\" \/>\n<meta property=\"og:title\" content=\"Kit de Fixation d&#039;Echappement ARP - Dimspeed, l&#039;atelier de personnalisation automobile\" \/>\n<meta property=\"og:description\" content=\"Ces goujons, rondelles et \u00e9crous sont en inox et permettent le maintien de l&#8217;\u00e9chappement et de l&#8217;admission. Ils sont d&#8217;une r\u00e9sistance exceptionnelle, c&#8217;est pourquoi nous les utilisons sur tous nos moteurs. Le kit inclut: 6 x goujons 6 x \u00e9crous multi points 6 x rondelles\" \/>\n<meta property=\"og:url\" content=\"https:\/\/dimspeed.com\/en\/product\/kit-de-fixation-dechappement-arp-2\/\" \/>\n<meta property=\"og:site_name\" content=\"Dimspeed, l&#039;atelier de personnalisation automobile\" \/>\n<meta property=\"article:modified_time\" content=\"2025-08-26T09:37:16+00:00\" \/>\n<meta property=\"og:image\" content=\"https:\/\/dimspeed.com\/wp-content\/uploads\/2021\/01\/082_Kit-de-fixation-d\u00e9chappement-ARP-01.jpg\" \/>\n\t<meta property=\"og:image:width\" content=\"500\" \/>\n\t<meta property=\"og:image:height\" content=\"500\" \/>\n\t<meta property=\"og:image:type\" content=\"image\/jpeg\" \/>\n<meta name=\"twitter:card\" content=\"summary_large_image\" \/>\n<meta name=\"twitter:label1\" content=\"Estimated reading time\" \/>\n\t<meta name=\"twitter:data1\" content=\"1 minute\" \/>\n<script type=\"application\/ld+json\" class=\"yoast-schema-graph\">{\"@context\":\"https:\/\/schema.org\",\"@graph\":[{\"@type\":\"WebPage\",\"@id\":\"https:\/\/dimspeed.com\/produit\/kit-de-fixation-dechappement-arp-2\/\",\"url\":\"https:\/\/dimspeed.com\/produit\/kit-de-fixation-dechappement-arp-2\/\",\"name\":\"Kit de Fixation d'Echappement ARP - Dimspeed, l&#039;atelier de personnalisation automobile\",\"isPartOf\":{\"@id\":\"https:\/\/dimspeed.com\/#website\"},\"primaryImageOfPage\":{\"@id\":\"https:\/\/dimspeed.com\/produit\/kit-de-fixation-dechappement-arp-2\/#primaryimage\"},\"image\":{\"@id\":\"https:\/\/dimspeed.com\/produit\/kit-de-fixation-dechappement-arp-2\/#primaryimage\"},\"thumbnailUrl\":\"https:\/\/dimspeed.com\/wp-content\/uploads\/2021\/01\/082_Kit-de-fixation-d\u00e9chappement-ARP-01.jpg\",\"datePublished\":\"2021-01-07T19:46:11+00:00\",\"dateModified\":\"2025-08-26T09:37:16+00:00\",\"breadcrumb\":{\"@id\":\"https:\/\/dimspeed.com\/produit\/kit-de-fixation-dechappement-arp-2\/#breadcrumb\"},\"inLanguage\":\"en-GB\",\"potentialAction\":[{\"@type\":\"ReadAction\",\"target\":[\"https:\/\/dimspeed.com\/produit\/kit-de-fixation-dechappement-arp-2\/\"]}]},{\"@type\":\"ImageObject\",\"inLanguage\":\"en-GB\",\"@id\":\"https:\/\/dimspeed.com\/produit\/kit-de-fixation-dechappement-arp-2\/#primaryimage\",\"url\":\"https:\/\/dimspeed.com\/wp-content\/uploads\/2021\/01\/082_Kit-de-fixation-d\u00e9chappement-ARP-01.jpg\",\"contentUrl\":\"https:\/\/dimspeed.com\/wp-content\/uploads\/2021\/01\/082_Kit-de-fixation-d\u00e9chappement-ARP-01.jpg\",\"width\":500,\"height\":500},{\"@type\":\"BreadcrumbList\",\"@id\":\"https:\/\/dimspeed.com\/produit\/kit-de-fixation-dechappement-arp-2\/#breadcrumb\",\"itemListElement\":[{\"@type\":\"ListItem\",\"position\":1,\"name\":\"Accueil\",\"item\":\"https:\/\/dimspeed.com\/\"},{\"@type\":\"ListItem\",\"position\":2,\"name\":\"Boutique\",\"item\":\"https:\/\/dimspeed.com\/boutique\/\"},{\"@type\":\"ListItem\",\"position\":3,\"name\":\"Kit de Fixation d&#8217;Echappement ARP\"}]},{\"@type\":\"WebSite\",\"@id\":\"https:\/\/dimspeed.com\/#website\",\"url\":\"https:\/\/dimspeed.com\/\",\"name\":\"Dimspeed, l&#039;atelier de personnalisation automobile\",\"description\":\"MOTORISTE comp\u00e9tition et collection SPECIALISTE moteur A-SERIE\",\"publisher\":{\"@id\":\"https:\/\/dimspeed.com\/#organization\"},\"potentialAction\":[{\"@type\":\"SearchAction\",\"target\":{\"@type\":\"EntryPoint\",\"urlTemplate\":\"https:\/\/dimspeed.com\/?s={search_term_string}\"},\"query-input\":{\"@type\":\"PropertyValueSpecification\",\"valueRequired\":true,\"valueName\":\"search_term_string\"}}],\"inLanguage\":\"en-GB\"},{\"@type\":\"Organization\",\"@id\":\"https:\/\/dimspeed.com\/#organization\",\"name\":\"Dimspeed, l&#039;atelier de personnalisation automobile\",\"url\":\"https:\/\/dimspeed.com\/\",\"logo\":{\"@type\":\"ImageObject\",\"inLanguage\":\"en-GB\",\"@id\":\"https:\/\/dimspeed.com\/#\/schema\/logo\/image\/\",\"url\":\"https:\/\/dimspeed.com\/wp-content\/uploads\/2020\/11\/logo-site.png\",\"contentUrl\":\"https:\/\/dimspeed.com\/wp-content\/uploads\/2020\/11\/logo-site.png\",\"width\":486,\"height\":178,\"caption\":\"Dimspeed, l&#039;atelier de personnalisation automobile\"},\"image\":{\"@id\":\"https:\/\/dimspeed.com\/#\/schema\/logo\/image\/\"}}]}<\/script>\n<!-- \/ Yoast SEO plugin. -->","yoast_head_json":{"title":"Kit de Fixation d'Echappement ARP - Dimspeed, l&#039;atelier de personnalisation automobile","robots":{"index":"index","follow":"follow","max-snippet":"max-snippet:-1","max-image-preview":"max-image-preview:large","max-video-preview":"max-video-preview:-1"},"canonical":"https:\/\/dimspeed.com\/en\/product\/kit-de-fixation-dechappement-arp-2\/","og_locale":"en_GB","og_type":"article","og_title":"Kit de Fixation d'Echappement ARP - Dimspeed, l&#039;atelier de personnalisation automobile","og_description":"Ces goujons, rondelles et \u00e9crous sont en inox et permettent le maintien de l&#8217;\u00e9chappement et de l&#8217;admission. Ils sont d&#8217;une r\u00e9sistance exceptionnelle, c&#8217;est pourquoi nous les utilisons sur tous nos moteurs. Le kit inclut: 6 x goujons 6 x \u00e9crous multi points 6 x rondelles","og_url":"https:\/\/dimspeed.com\/en\/product\/kit-de-fixation-dechappement-arp-2\/","og_site_name":"Dimspeed, l&#039;atelier de personnalisation automobile","article_modified_time":"2025-08-26T09:37:16+00:00","og_image":[{"width":500,"height":500,"url":"https:\/\/dimspeed.com\/wp-content\/uploads\/2021\/01\/082_Kit-de-fixation-d\u00e9chappement-ARP-01.jpg","type":"image\/jpeg"}],"twitter_card":"summary_large_image","twitter_misc":{"Estimated reading time":"1 minute"},"schema":{"@context":"https:\/\/schema.org","@graph":[{"@type":"WebPage","@id":"https:\/\/dimspeed.com\/produit\/kit-de-fixation-dechappement-arp-2\/","url":"https:\/\/dimspeed.com\/produit\/kit-de-fixation-dechappement-arp-2\/","name":"Kit de Fixation d'Echappement ARP - Dimspeed, l&#039;atelier de personnalisation automobile","isPartOf":{"@id":"https:\/\/dimspeed.com\/#website"},"primaryImageOfPage":{"@id":"https:\/\/dimspeed.com\/produit\/kit-de-fixation-dechappement-arp-2\/#primaryimage"},"image":{"@id":"https:\/\/dimspeed.com\/produit\/kit-de-fixation-dechappement-arp-2\/#primaryimage"},"thumbnailUrl":"https:\/\/dimspeed.com\/wp-content\/uploads\/2021\/01\/082_Kit-de-fixation-d\u00e9chappement-ARP-01.jpg","datePublished":"2021-01-07T19:46:11+00:00","dateModified":"2025-08-26T09:37:16+00:00","breadcrumb":{"@id":"https:\/\/dimspeed.com\/produit\/kit-de-fixation-dechappement-arp-2\/#breadcrumb"},"inLanguage":"en-GB","potentialAction":[{"@type":"ReadAction","target":["https:\/\/dimspeed.com\/produit\/kit-de-fixation-dechappement-arp-2\/"]}]},{"@type":"ImageObject","inLanguage":"en-GB","@id":"https:\/\/dimspeed.com\/produit\/kit-de-fixation-dechappement-arp-2\/#primaryimage","url":"https:\/\/dimspeed.com\/wp-content\/uploads\/2021\/01\/082_Kit-de-fixation-d\u00e9chappement-ARP-01.jpg","contentUrl":"https:\/\/dimspeed.com\/wp-content\/uploads\/2021\/01\/082_Kit-de-fixation-d\u00e9chappement-ARP-01.jpg","width":500,"height":500},{"@type":"BreadcrumbList","@id":"https:\/\/dimspeed.com\/produit\/kit-de-fixation-dechappement-arp-2\/#breadcrumb","itemListElement":[{"@type":"ListItem","position":1,"name":"Accueil","item":"https:\/\/dimspeed.com\/"},{"@type":"ListItem","position":2,"name":"Boutique","item":"https:\/\/dimspeed.com\/boutique\/"},{"@type":"ListItem","position":3,"name":"Kit de Fixation d&#8217;Echappement ARP"}]},{"@type":"WebSite","@id":"https:\/\/dimspeed.com\/#website","url":"https:\/\/dimspeed.com\/","name":"Dimspeed, l&#039;atelier de personnalisation automobile","description":"MOTORISTE comp\u00e9tition et collection SPECIALISTE moteur A-SERIE","publisher":{"@id":"https:\/\/dimspeed.com\/#organization"},"potentialAction":[{"@type":"SearchAction","target":{"@type":"EntryPoint","urlTemplate":"https:\/\/dimspeed.com\/?s={search_term_string}"},"query-input":{"@type":"PropertyValueSpecification","valueRequired":true,"valueName":"search_term_string"}}],"inLanguage":"en-GB"},{"@type":"Organization","@id":"https:\/\/dimspeed.com\/#organization","name":"Dimspeed, l&#039;atelier de personnalisation automobile","url":"https:\/\/dimspeed.com\/","logo":{"@type":"ImageObject","inLanguage":"en-GB","@id":"https:\/\/dimspeed.com\/#\/schema\/logo\/image\/","url":"https:\/\/dimspeed.com\/wp-content\/uploads\/2020\/11\/logo-site.png","contentUrl":"https:\/\/dimspeed.com\/wp-content\/uploads\/2020\/11\/logo-site.png","width":486,"height":178,"caption":"Dimspeed, l&#039;atelier de personnalisation automobile"},"image":{"@id":"https:\/\/dimspeed.com\/#\/schema\/logo\/image\/"}}]}},"_links":{"self":[{"href":"https:\/\/dimspeed.com\/en\/wp-json\/wp\/v2\/product\/953","targetHints":{"allow":["GET"]}}],"collection":[{"href":"https:\/\/dimspeed.com\/en\/wp-json\/wp\/v2\/product"}],"about":[{"href":"https:\/\/dimspeed.com\/en\/wp-json\/wp\/v2\/types\/product"}],"version-history":[{"count":1,"href":"https:\/\/dimspeed.com\/en\/wp-json\/wp\/v2\/product\/953\/revisions"}],"predecessor-version":[{"id":3954,"href":"https:\/\/dimspeed.com\/en\/wp-json\/wp\/v2\/product\/953\/revisions\/3954"}],"wp:featuredmedia":[{"embeddable":true,"href":"https:\/\/dimspeed.com\/en\/wp-json\/wp\/v2\/media\/1547"}],"wp:attachment":[{"href":"https:\/\/dimspeed.com\/en\/wp-json\/wp\/v2\/media?parent=953"}],"wp:term":[{"taxonomy":"product_brand","embeddable":true,"href":"https:\/\/dimspeed.com\/en\/wp-json\/wp\/v2\/product_brand?post=953"},{"taxonomy":"product_cat","embeddable":true,"href":"https:\/\/dimspeed.com\/en\/wp-json\/wp\/v2\/product_cat?post=953"},{"taxonomy":"product_tag","embeddable":true,"href":"https:\/\/dimspeed.com\/en\/wp-json\/wp\/v2\/product_tag?post=953"}],"curies":[{"name":"wp","href":"https:\/\/api.w.org\/{rel}","templated":true}]}}