{"id":916,"date":"2021-01-07T16:36:22","date_gmt":"2021-01-07T15:36:22","guid":{"rendered":"https:\/\/dimspeed.com\/?post_type=product&#038;p=916"},"modified":"2026-04-07T14:01:05","modified_gmt":"2026-04-07T12:01:05","slug":"kit-distri-simplex-sw23t-1275","status":"publish","type":"product","link":"https:\/\/dimspeed.com\/en\/product\/kit-distri-simplex-sw23t-1275\/","title":{"rendered":"SW23T Billet Race Camshaft Simplex Spring Kit - Swiftune Steel Top Caps"},"content":{"rendered":"<p>This set includes:<\/p>\n<ul>\n<li>1 x Swiftune SW23T Billet Race Camshaft - 1275<\/li>\n<li>1 x Swiftune cam followers set - Race<\/li>\n<li>1 x Swiftune oil pump (1275)<\/li>\n<li>1 x Lock tab washer<\/li>\n<li>1 x Double valve spring set<\/li>\n<li>1 x Swiftune Simplex super-light timing gear set<\/li>\n<li>1 x Swiftune Race Valve spring Bundles - Steel<\/li>\n<li>1 x Timing disc<\/li>\n<\/ul>\n<p>&nbsp;<\/p>\n<p>The SW23T design is for FIA Appendix K Minis and Formula Junior single seaters and used in 95% of all Swiftune race engines.\nThis profile is also used in the very successful 1380 race engines to produce an impressive 140 BHP @7500 and 112 ft\/lbs torque @5500 rpm. With a power band from as low as 3000 rpm and up to 8000 rpm.<br \/>\nThis profile is also used in the very successful 1380 race engines to produce an impressive 140 BHP @7500 and 112 ft\/lbs torque @5500 rpm. With a power band from as low as 3000 rpm and up to 8000 rpm.<\/p>\n<p>Latest design improvement is cross-drilling of the cam's base circle to deliver direct lubrication to the cam follower\/cam lobe interface.\nMachining the SW23T on the latest CNC machine and producing from custom steel billet ensures the highest quality steel is used and deeper surface hardening achieves the superb wear performance vital for a race camshaft.<\/p>","protected":false},"excerpt":{"rendered":"<p>Le kit inclut: 1 x arbre \u00e0 cames SW23T 1 x kit de poussoirs Swiftune &#8211; Comp\u00e9tition 1 x pompe \u00e0 huile Swiftune (1275) 1 x rondelle d&#8217;arr\u00eat 8 x ressorts double Swiftune 1 x distribution simple super-light 1 x set de coupelle de ressort de soupape Swiftune &#8211; Comp\u00e9tition 1 x disque de calage [&hellip;]<\/p>","protected":false},"featured_media":2155,"template":"","meta":[],"product_brand":[],"product_cat":[15,46,133,41],"product_tag":[180,58,55,165,64,179,63,162],"class_list":{"0":"post-916","1":"product","2":"type-product","3":"status-publish","4":"has-post-thumbnail","6":"product_cat-moteur","7":"product_cat-arbre-a-came","8":"product_cat-sw23t-swiftune","9":"product_cat-kit","10":"product_tag-coupelles-en-acier","11":"product_tag-distri","12":"product_tag-kit-aac","13":"product_tag-kit-aac-swiftune","14":"product_tag-race","15":"product_tag-simplex","16":"product_tag-sw23","17":"product_tag-swiftune","19":"first","20":"instock","21":"taxable","22":"shipping-taxable","23":"purchasable","24":"product-type-simple"},"yoast_head":"<!-- This site is optimized with the Yoast SEO plugin v27.1.1 - https:\/\/yoast.com\/product\/yoast-seo-wordpress\/ -->\n<title>Kit Distri Simplex Spring SW23T - avec Coupelles en Acier Swiftune - Dimspeed, l&#039;atelier de personnalisation automobile<\/title>\n<meta name=\"robots\" content=\"index, follow, max-snippet:-1, max-image-preview:large, max-video-preview:-1\" \/>\n<link rel=\"canonical\" href=\"https:\/\/dimspeed.com\/en\/product\/kit-distri-simplex-sw23t-1275\/\" \/>\n<meta property=\"og:locale\" content=\"en_GB\" \/>\n<meta property=\"og:type\" content=\"article\" \/>\n<meta property=\"og:title\" content=\"Kit Distri Simplex Spring SW23T - avec Coupelles en Acier Swiftune - Dimspeed, l&#039;atelier de personnalisation automobile\" \/>\n<meta property=\"og:description\" content=\"Le kit inclut: 1 x arbre \u00e0 cames SW23T 1 x kit de poussoirs Swiftune &#8211; Comp\u00e9tition 1 x pompe \u00e0 huile Swiftune (1275) 1 x rondelle d&#8217;arr\u00eat 8 x ressorts double Swiftune 1 x distribution simple super-light 1 x set de coupelle de ressort de soupape Swiftune &#8211; Comp\u00e9tition 1 x disque de calage [&hellip;]\" \/>\n<meta property=\"og:url\" content=\"https:\/\/dimspeed.com\/en\/product\/kit-distri-simplex-sw23t-1275\/\" \/>\n<meta property=\"og:site_name\" content=\"Dimspeed, l&#039;atelier de personnalisation automobile\" \/>\n<meta property=\"article:modified_time\" content=\"2026-04-07T12:01:05+00:00\" \/>\n<meta property=\"og:image\" content=\"https:\/\/dimspeed.com\/wp-content\/uploads\/2021\/01\/228_Kit-Distri-Simplex-SW23T-1275-scaled.jpg\" \/>\n\t<meta property=\"og:image:width\" content=\"1920\" \/>\n\t<meta property=\"og:image:height\" content=\"1440\" \/>\n\t<meta property=\"og:image:type\" content=\"image\/jpeg\" \/>\n<meta name=\"twitter:card\" content=\"summary_large_image\" \/>\n<meta name=\"twitter:label1\" content=\"Estimated reading time\" \/>\n\t<meta name=\"twitter:data1\" content=\"2 minutes\" \/>\n<script type=\"application\/ld+json\" class=\"yoast-schema-graph\">{\"@context\":\"https:\/\/schema.org\",\"@graph\":[{\"@type\":\"WebPage\",\"@id\":\"https:\/\/dimspeed.com\/produit\/kit-distri-simplex-sw23t-1275\/\",\"url\":\"https:\/\/dimspeed.com\/produit\/kit-distri-simplex-sw23t-1275\/\",\"name\":\"Kit Distri Simplex Spring SW23T - avec Coupelles en Acier Swiftune - Dimspeed, l&#039;atelier de personnalisation automobile\",\"isPartOf\":{\"@id\":\"https:\/\/dimspeed.com\/#website\"},\"primaryImageOfPage\":{\"@id\":\"https:\/\/dimspeed.com\/produit\/kit-distri-simplex-sw23t-1275\/#primaryimage\"},\"image\":{\"@id\":\"https:\/\/dimspeed.com\/produit\/kit-distri-simplex-sw23t-1275\/#primaryimage\"},\"thumbnailUrl\":\"https:\/\/dimspeed.com\/wp-content\/uploads\/2021\/01\/228_Kit-Distri-Simplex-SW23T-1275-scaled.jpg\",\"datePublished\":\"2021-01-07T15:36:22+00:00\",\"dateModified\":\"2026-04-07T12:01:05+00:00\",\"breadcrumb\":{\"@id\":\"https:\/\/dimspeed.com\/produit\/kit-distri-simplex-sw23t-1275\/#breadcrumb\"},\"inLanguage\":\"en-GB\",\"potentialAction\":[{\"@type\":\"ReadAction\",\"target\":[\"https:\/\/dimspeed.com\/produit\/kit-distri-simplex-sw23t-1275\/\"]}]},{\"@type\":\"ImageObject\",\"inLanguage\":\"en-GB\",\"@id\":\"https:\/\/dimspeed.com\/produit\/kit-distri-simplex-sw23t-1275\/#primaryimage\",\"url\":\"https:\/\/dimspeed.com\/wp-content\/uploads\/2021\/01\/228_Kit-Distri-Simplex-SW23T-1275-scaled.jpg\",\"contentUrl\":\"https:\/\/dimspeed.com\/wp-content\/uploads\/2021\/01\/228_Kit-Distri-Simplex-SW23T-1275-scaled.jpg\",\"width\":1920,\"height\":1440},{\"@type\":\"BreadcrumbList\",\"@id\":\"https:\/\/dimspeed.com\/produit\/kit-distri-simplex-sw23t-1275\/#breadcrumb\",\"itemListElement\":[{\"@type\":\"ListItem\",\"position\":1,\"name\":\"Accueil\",\"item\":\"https:\/\/dimspeed.com\/\"},{\"@type\":\"ListItem\",\"position\":2,\"name\":\"Boutique\",\"item\":\"https:\/\/dimspeed.com\/boutique\/\"},{\"@type\":\"ListItem\",\"position\":3,\"name\":\"Kit Distri Simplex Spring SW23T &#8211; avec Coupelles en Acier Swiftune\"}]},{\"@type\":\"WebSite\",\"@id\":\"https:\/\/dimspeed.com\/#website\",\"url\":\"https:\/\/dimspeed.com\/\",\"name\":\"Dimspeed, l&#039;atelier de personnalisation automobile\",\"description\":\"MOTORISTE comp\u00e9tition et collection SPECIALISTE moteur A-SERIE\",\"publisher\":{\"@id\":\"https:\/\/dimspeed.com\/#organization\"},\"potentialAction\":[{\"@type\":\"SearchAction\",\"target\":{\"@type\":\"EntryPoint\",\"urlTemplate\":\"https:\/\/dimspeed.com\/?s={search_term_string}\"},\"query-input\":{\"@type\":\"PropertyValueSpecification\",\"valueRequired\":true,\"valueName\":\"search_term_string\"}}],\"inLanguage\":\"en-GB\"},{\"@type\":\"Organization\",\"@id\":\"https:\/\/dimspeed.com\/#organization\",\"name\":\"Dimspeed, l&#039;atelier de personnalisation automobile\",\"url\":\"https:\/\/dimspeed.com\/\",\"logo\":{\"@type\":\"ImageObject\",\"inLanguage\":\"en-GB\",\"@id\":\"https:\/\/dimspeed.com\/#\/schema\/logo\/image\/\",\"url\":\"https:\/\/dimspeed.com\/wp-content\/uploads\/2020\/11\/logo-site.png\",\"contentUrl\":\"https:\/\/dimspeed.com\/wp-content\/uploads\/2020\/11\/logo-site.png\",\"width\":486,\"height\":178,\"caption\":\"Dimspeed, l&#039;atelier de personnalisation automobile\"},\"image\":{\"@id\":\"https:\/\/dimspeed.com\/#\/schema\/logo\/image\/\"}}]}<\/script>\n<!-- \/ Yoast SEO plugin. -->","yoast_head_json":{"title":"Kit Distri Simplex Spring SW23T - avec Coupelles en Acier Swiftune - Dimspeed, l&#039;atelier de personnalisation automobile","robots":{"index":"index","follow":"follow","max-snippet":"max-snippet:-1","max-image-preview":"max-image-preview:large","max-video-preview":"max-video-preview:-1"},"canonical":"https:\/\/dimspeed.com\/en\/product\/kit-distri-simplex-sw23t-1275\/","og_locale":"en_GB","og_type":"article","og_title":"Kit Distri Simplex Spring SW23T - avec Coupelles en Acier Swiftune - Dimspeed, l&#039;atelier de personnalisation automobile","og_description":"Le kit inclut: 1 x arbre \u00e0 cames SW23T 1 x kit de poussoirs Swiftune &#8211; Comp\u00e9tition 1 x pompe \u00e0 huile Swiftune (1275) 1 x rondelle d&#8217;arr\u00eat 8 x ressorts double Swiftune 1 x distribution simple super-light 1 x set de coupelle de ressort de soupape Swiftune &#8211; Comp\u00e9tition 1 x disque de calage [&hellip;]","og_url":"https:\/\/dimspeed.com\/en\/product\/kit-distri-simplex-sw23t-1275\/","og_site_name":"Dimspeed, l&#039;atelier de personnalisation automobile","article_modified_time":"2026-04-07T12:01:05+00:00","og_image":[{"width":1920,"height":1440,"url":"https:\/\/dimspeed.com\/wp-content\/uploads\/2021\/01\/228_Kit-Distri-Simplex-SW23T-1275-scaled.jpg","type":"image\/jpeg"}],"twitter_card":"summary_large_image","twitter_misc":{"Estimated reading time":"2 minutes"},"schema":{"@context":"https:\/\/schema.org","@graph":[{"@type":"WebPage","@id":"https:\/\/dimspeed.com\/produit\/kit-distri-simplex-sw23t-1275\/","url":"https:\/\/dimspeed.com\/produit\/kit-distri-simplex-sw23t-1275\/","name":"Kit Distri Simplex Spring SW23T - avec Coupelles en Acier Swiftune - Dimspeed, l&#039;atelier de personnalisation automobile","isPartOf":{"@id":"https:\/\/dimspeed.com\/#website"},"primaryImageOfPage":{"@id":"https:\/\/dimspeed.com\/produit\/kit-distri-simplex-sw23t-1275\/#primaryimage"},"image":{"@id":"https:\/\/dimspeed.com\/produit\/kit-distri-simplex-sw23t-1275\/#primaryimage"},"thumbnailUrl":"https:\/\/dimspeed.com\/wp-content\/uploads\/2021\/01\/228_Kit-Distri-Simplex-SW23T-1275-scaled.jpg","datePublished":"2021-01-07T15:36:22+00:00","dateModified":"2026-04-07T12:01:05+00:00","breadcrumb":{"@id":"https:\/\/dimspeed.com\/produit\/kit-distri-simplex-sw23t-1275\/#breadcrumb"},"inLanguage":"en-GB","potentialAction":[{"@type":"ReadAction","target":["https:\/\/dimspeed.com\/produit\/kit-distri-simplex-sw23t-1275\/"]}]},{"@type":"ImageObject","inLanguage":"en-GB","@id":"https:\/\/dimspeed.com\/produit\/kit-distri-simplex-sw23t-1275\/#primaryimage","url":"https:\/\/dimspeed.com\/wp-content\/uploads\/2021\/01\/228_Kit-Distri-Simplex-SW23T-1275-scaled.jpg","contentUrl":"https:\/\/dimspeed.com\/wp-content\/uploads\/2021\/01\/228_Kit-Distri-Simplex-SW23T-1275-scaled.jpg","width":1920,"height":1440},{"@type":"BreadcrumbList","@id":"https:\/\/dimspeed.com\/produit\/kit-distri-simplex-sw23t-1275\/#breadcrumb","itemListElement":[{"@type":"ListItem","position":1,"name":"Accueil","item":"https:\/\/dimspeed.com\/"},{"@type":"ListItem","position":2,"name":"Boutique","item":"https:\/\/dimspeed.com\/boutique\/"},{"@type":"ListItem","position":3,"name":"Kit Distri Simplex Spring SW23T &#8211; avec Coupelles en Acier Swiftune"}]},{"@type":"WebSite","@id":"https:\/\/dimspeed.com\/#website","url":"https:\/\/dimspeed.com\/","name":"Dimspeed, l&#039;atelier de personnalisation automobile","description":"MOTORISTE comp\u00e9tition et collection SPECIALISTE moteur A-SERIE","publisher":{"@id":"https:\/\/dimspeed.com\/#organization"},"potentialAction":[{"@type":"SearchAction","target":{"@type":"EntryPoint","urlTemplate":"https:\/\/dimspeed.com\/?s={search_term_string}"},"query-input":{"@type":"PropertyValueSpecification","valueRequired":true,"valueName":"search_term_string"}}],"inLanguage":"en-GB"},{"@type":"Organization","@id":"https:\/\/dimspeed.com\/#organization","name":"Dimspeed, l&#039;atelier de personnalisation automobile","url":"https:\/\/dimspeed.com\/","logo":{"@type":"ImageObject","inLanguage":"en-GB","@id":"https:\/\/dimspeed.com\/#\/schema\/logo\/image\/","url":"https:\/\/dimspeed.com\/wp-content\/uploads\/2020\/11\/logo-site.png","contentUrl":"https:\/\/dimspeed.com\/wp-content\/uploads\/2020\/11\/logo-site.png","width":486,"height":178,"caption":"Dimspeed, l&#039;atelier de personnalisation automobile"},"image":{"@id":"https:\/\/dimspeed.com\/#\/schema\/logo\/image\/"}}]}},"_links":{"self":[{"href":"https:\/\/dimspeed.com\/en\/wp-json\/wp\/v2\/product\/916","targetHints":{"allow":["GET"]}}],"collection":[{"href":"https:\/\/dimspeed.com\/en\/wp-json\/wp\/v2\/product"}],"about":[{"href":"https:\/\/dimspeed.com\/en\/wp-json\/wp\/v2\/types\/product"}],"version-history":[{"count":7,"href":"https:\/\/dimspeed.com\/en\/wp-json\/wp\/v2\/product\/916\/revisions"}],"predecessor-version":[{"id":7346,"href":"https:\/\/dimspeed.com\/en\/wp-json\/wp\/v2\/product\/916\/revisions\/7346"}],"wp:featuredmedia":[{"embeddable":true,"href":"https:\/\/dimspeed.com\/en\/wp-json\/wp\/v2\/media\/2155"}],"wp:attachment":[{"href":"https:\/\/dimspeed.com\/en\/wp-json\/wp\/v2\/media?parent=916"}],"wp:term":[{"taxonomy":"product_brand","embeddable":true,"href":"https:\/\/dimspeed.com\/en\/wp-json\/wp\/v2\/product_brand?post=916"},{"taxonomy":"product_cat","embeddable":true,"href":"https:\/\/dimspeed.com\/en\/wp-json\/wp\/v2\/product_cat?post=916"},{"taxonomy":"product_tag","embeddable":true,"href":"https:\/\/dimspeed.com\/en\/wp-json\/wp\/v2\/product_tag?post=916"}],"curies":[{"name":"wp","href":"https:\/\/api.w.org\/{rel}","templated":true}]}}