{"id":912,"date":"2021-01-07T16:33:09","date_gmt":"2021-01-07T15:33:09","guid":{"rendered":"https:\/\/dimspeed.com\/?post_type=product&#038;p=912"},"modified":"2025-09-29T12:10:59","modified_gmt":"2025-09-29T10:10:59","slug":"kit-distri-light-sw10","status":"publish","type":"product","link":"https:\/\/dimspeed.com\/en\/product\/kit-distri-light-sw10\/","title":{"rendered":"Swiftune SW10 Billet Camshaft Duplex Kit - Light Weight"},"content":{"rendered":"<p>This set includes:<\/p>\n<ul>\n<li>1 x Swiftune SW10 Billet Camshaft<\/li>\n<li>1 x Swiftune cam followers set - Race<\/li>\n<li>1 x Swiftune oil pump (998 ou 1275)<\/li>\n<li>1 x Lock tab washer<\/li>\n<li>1 x Alloy\/Alloy vernier duplex timing gear set now including high quality Iwis Chain<\/li>\n<li>1 x Timing disc<\/li>\n<\/ul>\n<p>&nbsp;<\/p>\n<p>A wilder profile than the SW5-07, the SW10 is Swiftune's version of the highly successful MD286, same characteristics, but more efficient on idle to help the MOT emission test. Expect a lumpy engine idle, 'off cam' until 2800\/3000 rpm with the real power from 5000 rpm. Ultimately the SW10B will produce approximately 10bhp more power at full revs over the SW5-07B.<\/p>\n<p class=\" translation-block\">Example graph is a 1380cc engine, SW10 camshaft, 1.5 rockers using a Weber 45 DCOE. Developing over 125hp and 108ft\/lbs of torque!<\/p>","protected":false},"excerpt":{"rendered":"<p>Le kit inclut: 1 x arbre \u00e0 cames SW10 1 x kit de poussoirs Swiftune &#8211; Comp\u00e9tition 1 x pompe \u00e0 huile Swiftune (998 ou 1275) 1 x rondelle d&#8217;arr\u00eat 1 x distribution double r\u00e9glable \u2013 Aluminium \/ Aluminium 1 x disque de calage &nbsp; Avec un profil plus agressif que le SW5-07, cet arbre [&hellip;]<\/p>","protected":false},"featured_media":6446,"template":"","meta":[],"product_brand":[],"product_cat":[15,46,131,41],"product_tag":[58,55,165,204,182,57],"class_list":{"0":"post-912","1":"product","2":"type-product","3":"status-publish","4":"has-post-thumbnail","6":"product_cat-moteur","7":"product_cat-arbre-a-came","8":"product_cat-sw10-swiftune","9":"product_cat-kit","10":"product_tag-distri","11":"product_tag-kit-aac","12":"product_tag-kit-aac-swiftune","13":"product_tag-rallye","14":"product_tag-route","15":"product_tag-sw10","17":"first","18":"instock","19":"taxable","20":"shipping-taxable","21":"purchasable","22":"product-type-variable"},"yoast_head":"<!-- This site is optimized with the Yoast SEO plugin v27.1.1 - https:\/\/yoast.com\/product\/yoast-seo-wordpress\/ -->\n<title>Kit Distri Light SW10 - Dimspeed, l&#039;atelier de personnalisation automobile<\/title>\n<meta name=\"robots\" content=\"index, follow, max-snippet:-1, max-image-preview:large, max-video-preview:-1\" \/>\n<link rel=\"canonical\" href=\"https:\/\/dimspeed.com\/en\/product\/kit-distri-light-sw10\/\" \/>\n<meta property=\"og:locale\" content=\"en_GB\" \/>\n<meta property=\"og:type\" content=\"article\" \/>\n<meta property=\"og:title\" content=\"Kit Distri Light SW10 - Dimspeed, l&#039;atelier de personnalisation automobile\" \/>\n<meta property=\"og:description\" content=\"Le kit inclut: 1 x arbre \u00e0 cames SW10 1 x kit de poussoirs Swiftune &#8211; Comp\u00e9tition 1 x pompe \u00e0 huile Swiftune (998 ou 1275) 1 x rondelle d&#8217;arr\u00eat 1 x distribution double r\u00e9glable \u2013 Aluminium \/ Aluminium 1 x disque de calage &nbsp; Avec un profil plus agressif que le SW5-07, cet arbre [&hellip;]\" \/>\n<meta property=\"og:url\" content=\"https:\/\/dimspeed.com\/en\/product\/kit-distri-light-sw10\/\" \/>\n<meta property=\"og:site_name\" content=\"Dimspeed, l&#039;atelier de personnalisation automobile\" \/>\n<meta property=\"article:modified_time\" content=\"2025-09-29T10:10:59+00:00\" \/>\n<meta property=\"og:image\" content=\"https:\/\/dimspeed.com\/wp-content\/uploads\/2024\/07\/486_Kit-Distri_1275-1.jpg\" \/>\n\t<meta property=\"og:image:width\" content=\"1920\" \/>\n\t<meta property=\"og:image:height\" content=\"1297\" \/>\n\t<meta property=\"og:image:type\" content=\"image\/jpeg\" \/>\n<meta name=\"twitter:card\" content=\"summary_large_image\" \/>\n<meta name=\"twitter:label1\" content=\"Estimated reading time\" \/>\n\t<meta name=\"twitter:data1\" content=\"1 minute\" \/>\n<script type=\"application\/ld+json\" class=\"yoast-schema-graph\">{\"@context\":\"https:\/\/schema.org\",\"@graph\":[{\"@type\":\"WebPage\",\"@id\":\"https:\/\/dimspeed.com\/produit\/kit-distri-light-sw10\/\",\"url\":\"https:\/\/dimspeed.com\/produit\/kit-distri-light-sw10\/\",\"name\":\"Kit Distri Light SW10 - Dimspeed, l&#039;atelier de personnalisation automobile\",\"isPartOf\":{\"@id\":\"https:\/\/dimspeed.com\/#website\"},\"primaryImageOfPage\":{\"@id\":\"https:\/\/dimspeed.com\/produit\/kit-distri-light-sw10\/#primaryimage\"},\"image\":{\"@id\":\"https:\/\/dimspeed.com\/produit\/kit-distri-light-sw10\/#primaryimage\"},\"thumbnailUrl\":\"https:\/\/dimspeed.com\/wp-content\/uploads\/2024\/07\/486_Kit-Distri_1275-1.jpg\",\"datePublished\":\"2021-01-07T15:33:09+00:00\",\"dateModified\":\"2025-09-29T10:10:59+00:00\",\"breadcrumb\":{\"@id\":\"https:\/\/dimspeed.com\/produit\/kit-distri-light-sw10\/#breadcrumb\"},\"inLanguage\":\"en-GB\",\"potentialAction\":[{\"@type\":\"ReadAction\",\"target\":[\"https:\/\/dimspeed.com\/produit\/kit-distri-light-sw10\/\"]}]},{\"@type\":\"ImageObject\",\"inLanguage\":\"en-GB\",\"@id\":\"https:\/\/dimspeed.com\/produit\/kit-distri-light-sw10\/#primaryimage\",\"url\":\"https:\/\/dimspeed.com\/wp-content\/uploads\/2024\/07\/486_Kit-Distri_1275-1.jpg\",\"contentUrl\":\"https:\/\/dimspeed.com\/wp-content\/uploads\/2024\/07\/486_Kit-Distri_1275-1.jpg\",\"width\":1920,\"height\":1297},{\"@type\":\"BreadcrumbList\",\"@id\":\"https:\/\/dimspeed.com\/produit\/kit-distri-light-sw10\/#breadcrumb\",\"itemListElement\":[{\"@type\":\"ListItem\",\"position\":1,\"name\":\"Accueil\",\"item\":\"https:\/\/dimspeed.com\/\"},{\"@type\":\"ListItem\",\"position\":2,\"name\":\"Boutique\",\"item\":\"https:\/\/dimspeed.com\/boutique\/\"},{\"@type\":\"ListItem\",\"position\":3,\"name\":\"Kit Distri Light SW10\"}]},{\"@type\":\"WebSite\",\"@id\":\"https:\/\/dimspeed.com\/#website\",\"url\":\"https:\/\/dimspeed.com\/\",\"name\":\"Dimspeed, l&#039;atelier de personnalisation automobile\",\"description\":\"MOTORISTE comp\u00e9tition et collection SPECIALISTE moteur A-SERIE\",\"publisher\":{\"@id\":\"https:\/\/dimspeed.com\/#organization\"},\"potentialAction\":[{\"@type\":\"SearchAction\",\"target\":{\"@type\":\"EntryPoint\",\"urlTemplate\":\"https:\/\/dimspeed.com\/?s={search_term_string}\"},\"query-input\":{\"@type\":\"PropertyValueSpecification\",\"valueRequired\":true,\"valueName\":\"search_term_string\"}}],\"inLanguage\":\"en-GB\"},{\"@type\":\"Organization\",\"@id\":\"https:\/\/dimspeed.com\/#organization\",\"name\":\"Dimspeed, l&#039;atelier de personnalisation automobile\",\"url\":\"https:\/\/dimspeed.com\/\",\"logo\":{\"@type\":\"ImageObject\",\"inLanguage\":\"en-GB\",\"@id\":\"https:\/\/dimspeed.com\/#\/schema\/logo\/image\/\",\"url\":\"https:\/\/dimspeed.com\/wp-content\/uploads\/2020\/11\/logo-site.png\",\"contentUrl\":\"https:\/\/dimspeed.com\/wp-content\/uploads\/2020\/11\/logo-site.png\",\"width\":486,\"height\":178,\"caption\":\"Dimspeed, l&#039;atelier de personnalisation automobile\"},\"image\":{\"@id\":\"https:\/\/dimspeed.com\/#\/schema\/logo\/image\/\"}}]}<\/script>\n<!-- \/ Yoast SEO plugin. -->","yoast_head_json":{"title":"Kit Distri Light SW10 - Dimspeed, l&#039;atelier de personnalisation automobile","robots":{"index":"index","follow":"follow","max-snippet":"max-snippet:-1","max-image-preview":"max-image-preview:large","max-video-preview":"max-video-preview:-1"},"canonical":"https:\/\/dimspeed.com\/en\/product\/kit-distri-light-sw10\/","og_locale":"en_GB","og_type":"article","og_title":"Kit Distri Light SW10 - Dimspeed, l&#039;atelier de personnalisation automobile","og_description":"Le kit inclut: 1 x arbre \u00e0 cames SW10 1 x kit de poussoirs Swiftune &#8211; Comp\u00e9tition 1 x pompe \u00e0 huile Swiftune (998 ou 1275) 1 x rondelle d&#8217;arr\u00eat 1 x distribution double r\u00e9glable \u2013 Aluminium \/ Aluminium 1 x disque de calage &nbsp; Avec un profil plus agressif que le SW5-07, cet arbre [&hellip;]","og_url":"https:\/\/dimspeed.com\/en\/product\/kit-distri-light-sw10\/","og_site_name":"Dimspeed, l&#039;atelier de personnalisation automobile","article_modified_time":"2025-09-29T10:10:59+00:00","og_image":[{"width":1920,"height":1297,"url":"https:\/\/dimspeed.com\/wp-content\/uploads\/2024\/07\/486_Kit-Distri_1275-1.jpg","type":"image\/jpeg"}],"twitter_card":"summary_large_image","twitter_misc":{"Estimated reading time":"1 minute"},"schema":{"@context":"https:\/\/schema.org","@graph":[{"@type":"WebPage","@id":"https:\/\/dimspeed.com\/produit\/kit-distri-light-sw10\/","url":"https:\/\/dimspeed.com\/produit\/kit-distri-light-sw10\/","name":"Kit Distri Light SW10 - Dimspeed, l&#039;atelier de personnalisation automobile","isPartOf":{"@id":"https:\/\/dimspeed.com\/#website"},"primaryImageOfPage":{"@id":"https:\/\/dimspeed.com\/produit\/kit-distri-light-sw10\/#primaryimage"},"image":{"@id":"https:\/\/dimspeed.com\/produit\/kit-distri-light-sw10\/#primaryimage"},"thumbnailUrl":"https:\/\/dimspeed.com\/wp-content\/uploads\/2024\/07\/486_Kit-Distri_1275-1.jpg","datePublished":"2021-01-07T15:33:09+00:00","dateModified":"2025-09-29T10:10:59+00:00","breadcrumb":{"@id":"https:\/\/dimspeed.com\/produit\/kit-distri-light-sw10\/#breadcrumb"},"inLanguage":"en-GB","potentialAction":[{"@type":"ReadAction","target":["https:\/\/dimspeed.com\/produit\/kit-distri-light-sw10\/"]}]},{"@type":"ImageObject","inLanguage":"en-GB","@id":"https:\/\/dimspeed.com\/produit\/kit-distri-light-sw10\/#primaryimage","url":"https:\/\/dimspeed.com\/wp-content\/uploads\/2024\/07\/486_Kit-Distri_1275-1.jpg","contentUrl":"https:\/\/dimspeed.com\/wp-content\/uploads\/2024\/07\/486_Kit-Distri_1275-1.jpg","width":1920,"height":1297},{"@type":"BreadcrumbList","@id":"https:\/\/dimspeed.com\/produit\/kit-distri-light-sw10\/#breadcrumb","itemListElement":[{"@type":"ListItem","position":1,"name":"Accueil","item":"https:\/\/dimspeed.com\/"},{"@type":"ListItem","position":2,"name":"Boutique","item":"https:\/\/dimspeed.com\/boutique\/"},{"@type":"ListItem","position":3,"name":"Kit Distri Light SW10"}]},{"@type":"WebSite","@id":"https:\/\/dimspeed.com\/#website","url":"https:\/\/dimspeed.com\/","name":"Dimspeed, l&#039;atelier de personnalisation automobile","description":"MOTORISTE comp\u00e9tition et collection SPECIALISTE moteur A-SERIE","publisher":{"@id":"https:\/\/dimspeed.com\/#organization"},"potentialAction":[{"@type":"SearchAction","target":{"@type":"EntryPoint","urlTemplate":"https:\/\/dimspeed.com\/?s={search_term_string}"},"query-input":{"@type":"PropertyValueSpecification","valueRequired":true,"valueName":"search_term_string"}}],"inLanguage":"en-GB"},{"@type":"Organization","@id":"https:\/\/dimspeed.com\/#organization","name":"Dimspeed, l&#039;atelier de personnalisation automobile","url":"https:\/\/dimspeed.com\/","logo":{"@type":"ImageObject","inLanguage":"en-GB","@id":"https:\/\/dimspeed.com\/#\/schema\/logo\/image\/","url":"https:\/\/dimspeed.com\/wp-content\/uploads\/2020\/11\/logo-site.png","contentUrl":"https:\/\/dimspeed.com\/wp-content\/uploads\/2020\/11\/logo-site.png","width":486,"height":178,"caption":"Dimspeed, l&#039;atelier de personnalisation automobile"},"image":{"@id":"https:\/\/dimspeed.com\/#\/schema\/logo\/image\/"}}]}},"_links":{"self":[{"href":"https:\/\/dimspeed.com\/en\/wp-json\/wp\/v2\/product\/912","targetHints":{"allow":["GET"]}}],"collection":[{"href":"https:\/\/dimspeed.com\/en\/wp-json\/wp\/v2\/product"}],"about":[{"href":"https:\/\/dimspeed.com\/en\/wp-json\/wp\/v2\/types\/product"}],"version-history":[{"count":2,"href":"https:\/\/dimspeed.com\/en\/wp-json\/wp\/v2\/product\/912\/revisions"}],"predecessor-version":[{"id":5249,"href":"https:\/\/dimspeed.com\/en\/wp-json\/wp\/v2\/product\/912\/revisions\/5249"}],"wp:featuredmedia":[{"embeddable":true,"href":"https:\/\/dimspeed.com\/en\/wp-json\/wp\/v2\/media\/6446"}],"wp:attachment":[{"href":"https:\/\/dimspeed.com\/en\/wp-json\/wp\/v2\/media?parent=912"}],"wp:term":[{"taxonomy":"product_brand","embeddable":true,"href":"https:\/\/dimspeed.com\/en\/wp-json\/wp\/v2\/product_brand?post=912"},{"taxonomy":"product_cat","embeddable":true,"href":"https:\/\/dimspeed.com\/en\/wp-json\/wp\/v2\/product_cat?post=912"},{"taxonomy":"product_tag","embeddable":true,"href":"https:\/\/dimspeed.com\/en\/wp-json\/wp\/v2\/product_tag?post=912"}],"curies":[{"name":"wp","href":"https:\/\/api.w.org\/{rel}","templated":true}]}}