{"id":885,"date":"2021-01-04T16:41:03","date_gmt":"2021-01-04T15:41:03","guid":{"rendered":"https:\/\/dimspeed.com\/?post_type=product&#038;p=885"},"modified":"2026-04-07T13:09:37","modified_gmt":"2026-04-07T11:09:37","slug":"kit-perfo-sw8","status":"publish","type":"product","link":"https:\/\/dimspeed.com\/en\/product\/kit-perfo-sw8\/","title":{"rendered":"Swiftune SW8 Billet Camshaft - Rebuild Kit"},"content":{"rendered":"<p>This set includes:<\/p>\n<ul>\n<li>1 x Swiftune SW8 Billet Camshaft<\/li>\n<li>1 x Swiftune cam followers set - Race<\/li>\n<li>1 x Swiftune oil pump (998 ou 1275)<\/li>\n<li>1 x Lock tab washer<\/li>\n<\/ul>\n<p>&nbsp;<\/p>\n<p>The SW8 camshaft has been designed to fill the gap between the legendary Swiftune SW5 road cam and the equally popular SW10.<\/p>\n<p>This will suit the customer who wants a more powerful cam without taking the large step of using the SW10. It delivers extra power but, keeping the requirements of road usage in mind. The dyno test figures we achieved were from a 1380cc unit which was fitted with twin 1.5 SU carburettors, 1.5 ratio rockers and a Dimspeed cylinder head using 35.7 in and 29.5 ex valves. These were deliberate choices to replicate the specification that many home tuners might use when building their own Mini and Midget. our test engine also delivered 110 bhp at the top end.<\/p>\n<p>On the technical front, this cam has been developed on the latest Lotus software. They are cross-drilled and produced from a steel billet using state of the art CNC machining.<\/p>","protected":false},"excerpt":{"rendered":"<p>Le kit inclut: 1 x arbre \u00e0 cames SW8 1 x kit de poussoirs Swiftune &#8211; Comp\u00e9tition 1 x pompe \u00e0 huile Swiftune (998 ou 1275) 1 x rondelle d&#8217;arr\u00eat &nbsp; L\u2019arbre \u00e0 cames SW8 a \u00e9t\u00e9 con\u00e7u pour compl\u00e9ter la gamme et l\u2019\u00e9cart entre le SW5 et SW10. Ce dernier conviendra aux pilotes qui [&hellip;]<\/p>","protected":false},"featured_media":6438,"template":"","meta":[],"product_brand":[],"product_cat":[15,46,132,41],"product_tag":[55,60,204,182,62,162],"class_list":{"0":"post-885","1":"product","2":"type-product","3":"status-publish","4":"has-post-thumbnail","6":"product_cat-moteur","7":"product_cat-arbre-a-came","8":"product_cat-sw8-swiftune","9":"product_cat-kit","10":"product_tag-kit-aac","11":"product_tag-perfo","12":"product_tag-rallye","13":"product_tag-route","14":"product_tag-sw8","15":"product_tag-swiftune","17":"first","18":"instock","19":"taxable","20":"shipping-taxable","21":"purchasable","22":"product-type-variable"},"yoast_head":"<!-- This site is optimized with the Yoast SEO plugin v27.1.1 - https:\/\/yoast.com\/product\/yoast-seo-wordpress\/ -->\n<title>Kit Perfo SW8 - Dimspeed, l&#039;atelier de personnalisation automobile<\/title>\n<meta name=\"robots\" content=\"index, follow, max-snippet:-1, max-image-preview:large, max-video-preview:-1\" \/>\n<link rel=\"canonical\" href=\"https:\/\/dimspeed.com\/en\/product\/kit-perfo-sw8\/\" \/>\n<meta property=\"og:locale\" content=\"en_GB\" \/>\n<meta property=\"og:type\" content=\"article\" \/>\n<meta property=\"og:title\" content=\"Kit Perfo SW8 - Dimspeed, l&#039;atelier de personnalisation automobile\" \/>\n<meta property=\"og:description\" content=\"Le kit inclut: 1 x arbre \u00e0 cames SW8 1 x kit de poussoirs Swiftune &#8211; Comp\u00e9tition 1 x pompe \u00e0 huile Swiftune (998 ou 1275) 1 x rondelle d&#8217;arr\u00eat &nbsp; L\u2019arbre \u00e0 cames SW8 a \u00e9t\u00e9 con\u00e7u pour compl\u00e9ter la gamme et l\u2019\u00e9cart entre le SW5 et SW10. Ce dernier conviendra aux pilotes qui [&hellip;]\" \/>\n<meta property=\"og:url\" content=\"https:\/\/dimspeed.com\/en\/product\/kit-perfo-sw8\/\" \/>\n<meta property=\"og:site_name\" content=\"Dimspeed, l&#039;atelier de personnalisation automobile\" \/>\n<meta property=\"article:modified_time\" content=\"2026-04-07T11:09:37+00:00\" \/>\n<meta property=\"og:image\" content=\"https:\/\/dimspeed.com\/wp-content\/uploads\/2022\/09\/489_Kit-perfo_1275-1.jpg\" \/>\n\t<meta property=\"og:image:width\" content=\"1920\" \/>\n\t<meta property=\"og:image:height\" content=\"1098\" \/>\n\t<meta property=\"og:image:type\" content=\"image\/jpeg\" \/>\n<meta name=\"twitter:card\" content=\"summary_large_image\" \/>\n<meta name=\"twitter:label1\" content=\"Estimated reading time\" \/>\n\t<meta name=\"twitter:data1\" content=\"2 minutes\" \/>\n<script type=\"application\/ld+json\" class=\"yoast-schema-graph\">{\"@context\":\"https:\/\/schema.org\",\"@graph\":[{\"@type\":\"WebPage\",\"@id\":\"https:\/\/dimspeed.com\/produit\/kit-perfo-sw8\/\",\"url\":\"https:\/\/dimspeed.com\/produit\/kit-perfo-sw8\/\",\"name\":\"Kit Perfo SW8 - Dimspeed, l&#039;atelier de personnalisation automobile\",\"isPartOf\":{\"@id\":\"https:\/\/dimspeed.com\/#website\"},\"primaryImageOfPage\":{\"@id\":\"https:\/\/dimspeed.com\/produit\/kit-perfo-sw8\/#primaryimage\"},\"image\":{\"@id\":\"https:\/\/dimspeed.com\/produit\/kit-perfo-sw8\/#primaryimage\"},\"thumbnailUrl\":\"https:\/\/dimspeed.com\/wp-content\/uploads\/2022\/09\/489_Kit-perfo_1275-1.jpg\",\"datePublished\":\"2021-01-04T15:41:03+00:00\",\"dateModified\":\"2026-04-07T11:09:37+00:00\",\"breadcrumb\":{\"@id\":\"https:\/\/dimspeed.com\/produit\/kit-perfo-sw8\/#breadcrumb\"},\"inLanguage\":\"en-GB\",\"potentialAction\":[{\"@type\":\"ReadAction\",\"target\":[\"https:\/\/dimspeed.com\/produit\/kit-perfo-sw8\/\"]}]},{\"@type\":\"ImageObject\",\"inLanguage\":\"en-GB\",\"@id\":\"https:\/\/dimspeed.com\/produit\/kit-perfo-sw8\/#primaryimage\",\"url\":\"https:\/\/dimspeed.com\/wp-content\/uploads\/2022\/09\/489_Kit-perfo_1275-1.jpg\",\"contentUrl\":\"https:\/\/dimspeed.com\/wp-content\/uploads\/2022\/09\/489_Kit-perfo_1275-1.jpg\",\"width\":1920,\"height\":1098},{\"@type\":\"BreadcrumbList\",\"@id\":\"https:\/\/dimspeed.com\/produit\/kit-perfo-sw8\/#breadcrumb\",\"itemListElement\":[{\"@type\":\"ListItem\",\"position\":1,\"name\":\"Accueil\",\"item\":\"https:\/\/dimspeed.com\/\"},{\"@type\":\"ListItem\",\"position\":2,\"name\":\"Boutique\",\"item\":\"https:\/\/dimspeed.com\/boutique\/\"},{\"@type\":\"ListItem\",\"position\":3,\"name\":\"Kit Perfo SW8\"}]},{\"@type\":\"WebSite\",\"@id\":\"https:\/\/dimspeed.com\/#website\",\"url\":\"https:\/\/dimspeed.com\/\",\"name\":\"Dimspeed, l&#039;atelier de personnalisation automobile\",\"description\":\"MOTORISTE comp\u00e9tition et collection SPECIALISTE moteur A-SERIE\",\"publisher\":{\"@id\":\"https:\/\/dimspeed.com\/#organization\"},\"potentialAction\":[{\"@type\":\"SearchAction\",\"target\":{\"@type\":\"EntryPoint\",\"urlTemplate\":\"https:\/\/dimspeed.com\/?s={search_term_string}\"},\"query-input\":{\"@type\":\"PropertyValueSpecification\",\"valueRequired\":true,\"valueName\":\"search_term_string\"}}],\"inLanguage\":\"en-GB\"},{\"@type\":\"Organization\",\"@id\":\"https:\/\/dimspeed.com\/#organization\",\"name\":\"Dimspeed, l&#039;atelier de personnalisation automobile\",\"url\":\"https:\/\/dimspeed.com\/\",\"logo\":{\"@type\":\"ImageObject\",\"inLanguage\":\"en-GB\",\"@id\":\"https:\/\/dimspeed.com\/#\/schema\/logo\/image\/\",\"url\":\"https:\/\/dimspeed.com\/wp-content\/uploads\/2020\/11\/logo-site.png\",\"contentUrl\":\"https:\/\/dimspeed.com\/wp-content\/uploads\/2020\/11\/logo-site.png\",\"width\":486,\"height\":178,\"caption\":\"Dimspeed, l&#039;atelier de personnalisation automobile\"},\"image\":{\"@id\":\"https:\/\/dimspeed.com\/#\/schema\/logo\/image\/\"}}]}<\/script>\n<!-- \/ Yoast SEO plugin. -->","yoast_head_json":{"title":"Kit Perfo SW8 - Dimspeed, l&#039;atelier de personnalisation automobile","robots":{"index":"index","follow":"follow","max-snippet":"max-snippet:-1","max-image-preview":"max-image-preview:large","max-video-preview":"max-video-preview:-1"},"canonical":"https:\/\/dimspeed.com\/en\/product\/kit-perfo-sw8\/","og_locale":"en_GB","og_type":"article","og_title":"Kit Perfo SW8 - Dimspeed, l&#039;atelier de personnalisation automobile","og_description":"Le kit inclut: 1 x arbre \u00e0 cames SW8 1 x kit de poussoirs Swiftune &#8211; Comp\u00e9tition 1 x pompe \u00e0 huile Swiftune (998 ou 1275) 1 x rondelle d&#8217;arr\u00eat &nbsp; L\u2019arbre \u00e0 cames SW8 a \u00e9t\u00e9 con\u00e7u pour compl\u00e9ter la gamme et l\u2019\u00e9cart entre le SW5 et SW10. Ce dernier conviendra aux pilotes qui [&hellip;]","og_url":"https:\/\/dimspeed.com\/en\/product\/kit-perfo-sw8\/","og_site_name":"Dimspeed, l&#039;atelier de personnalisation automobile","article_modified_time":"2026-04-07T11:09:37+00:00","og_image":[{"width":1920,"height":1098,"url":"https:\/\/dimspeed.com\/wp-content\/uploads\/2022\/09\/489_Kit-perfo_1275-1.jpg","type":"image\/jpeg"}],"twitter_card":"summary_large_image","twitter_misc":{"Estimated reading time":"2 minutes"},"schema":{"@context":"https:\/\/schema.org","@graph":[{"@type":"WebPage","@id":"https:\/\/dimspeed.com\/produit\/kit-perfo-sw8\/","url":"https:\/\/dimspeed.com\/produit\/kit-perfo-sw8\/","name":"Kit Perfo SW8 - Dimspeed, l&#039;atelier de personnalisation automobile","isPartOf":{"@id":"https:\/\/dimspeed.com\/#website"},"primaryImageOfPage":{"@id":"https:\/\/dimspeed.com\/produit\/kit-perfo-sw8\/#primaryimage"},"image":{"@id":"https:\/\/dimspeed.com\/produit\/kit-perfo-sw8\/#primaryimage"},"thumbnailUrl":"https:\/\/dimspeed.com\/wp-content\/uploads\/2022\/09\/489_Kit-perfo_1275-1.jpg","datePublished":"2021-01-04T15:41:03+00:00","dateModified":"2026-04-07T11:09:37+00:00","breadcrumb":{"@id":"https:\/\/dimspeed.com\/produit\/kit-perfo-sw8\/#breadcrumb"},"inLanguage":"en-GB","potentialAction":[{"@type":"ReadAction","target":["https:\/\/dimspeed.com\/produit\/kit-perfo-sw8\/"]}]},{"@type":"ImageObject","inLanguage":"en-GB","@id":"https:\/\/dimspeed.com\/produit\/kit-perfo-sw8\/#primaryimage","url":"https:\/\/dimspeed.com\/wp-content\/uploads\/2022\/09\/489_Kit-perfo_1275-1.jpg","contentUrl":"https:\/\/dimspeed.com\/wp-content\/uploads\/2022\/09\/489_Kit-perfo_1275-1.jpg","width":1920,"height":1098},{"@type":"BreadcrumbList","@id":"https:\/\/dimspeed.com\/produit\/kit-perfo-sw8\/#breadcrumb","itemListElement":[{"@type":"ListItem","position":1,"name":"Accueil","item":"https:\/\/dimspeed.com\/"},{"@type":"ListItem","position":2,"name":"Boutique","item":"https:\/\/dimspeed.com\/boutique\/"},{"@type":"ListItem","position":3,"name":"Kit Perfo SW8"}]},{"@type":"WebSite","@id":"https:\/\/dimspeed.com\/#website","url":"https:\/\/dimspeed.com\/","name":"Dimspeed, l&#039;atelier de personnalisation automobile","description":"MOTORISTE comp\u00e9tition et collection SPECIALISTE moteur A-SERIE","publisher":{"@id":"https:\/\/dimspeed.com\/#organization"},"potentialAction":[{"@type":"SearchAction","target":{"@type":"EntryPoint","urlTemplate":"https:\/\/dimspeed.com\/?s={search_term_string}"},"query-input":{"@type":"PropertyValueSpecification","valueRequired":true,"valueName":"search_term_string"}}],"inLanguage":"en-GB"},{"@type":"Organization","@id":"https:\/\/dimspeed.com\/#organization","name":"Dimspeed, l&#039;atelier de personnalisation automobile","url":"https:\/\/dimspeed.com\/","logo":{"@type":"ImageObject","inLanguage":"en-GB","@id":"https:\/\/dimspeed.com\/#\/schema\/logo\/image\/","url":"https:\/\/dimspeed.com\/wp-content\/uploads\/2020\/11\/logo-site.png","contentUrl":"https:\/\/dimspeed.com\/wp-content\/uploads\/2020\/11\/logo-site.png","width":486,"height":178,"caption":"Dimspeed, l&#039;atelier de personnalisation automobile"},"image":{"@id":"https:\/\/dimspeed.com\/#\/schema\/logo\/image\/"}}]}},"_links":{"self":[{"href":"https:\/\/dimspeed.com\/en\/wp-json\/wp\/v2\/product\/885","targetHints":{"allow":["GET"]}}],"collection":[{"href":"https:\/\/dimspeed.com\/en\/wp-json\/wp\/v2\/product"}],"about":[{"href":"https:\/\/dimspeed.com\/en\/wp-json\/wp\/v2\/types\/product"}],"version-history":[{"count":1,"href":"https:\/\/dimspeed.com\/en\/wp-json\/wp\/v2\/product\/885\/revisions"}],"predecessor-version":[{"id":3891,"href":"https:\/\/dimspeed.com\/en\/wp-json\/wp\/v2\/product\/885\/revisions\/3891"}],"wp:featuredmedia":[{"embeddable":true,"href":"https:\/\/dimspeed.com\/en\/wp-json\/wp\/v2\/media\/6438"}],"wp:attachment":[{"href":"https:\/\/dimspeed.com\/en\/wp-json\/wp\/v2\/media?parent=885"}],"wp:term":[{"taxonomy":"product_brand","embeddable":true,"href":"https:\/\/dimspeed.com\/en\/wp-json\/wp\/v2\/product_brand?post=885"},{"taxonomy":"product_cat","embeddable":true,"href":"https:\/\/dimspeed.com\/en\/wp-json\/wp\/v2\/product_cat?post=885"},{"taxonomy":"product_tag","embeddable":true,"href":"https:\/\/dimspeed.com\/en\/wp-json\/wp\/v2\/product_tag?post=885"}],"curies":[{"name":"wp","href":"https:\/\/api.w.org\/{rel}","templated":true}]}}