{"id":882,"date":"2021-01-04T16:30:20","date_gmt":"2021-01-04T15:30:20","guid":{"rendered":"https:\/\/dimspeed.com\/?post_type=product&#038;p=882"},"modified":"2026-04-07T13:01:58","modified_gmt":"2026-04-07T11:01:58","slug":"arbre-a-cames-sw8-swiftune","status":"publish","type":"product","link":"https:\/\/dimspeed.com\/en\/product\/arbre-a-cames-sw8-swiftune\/","title":{"rendered":"Swiftune SW8 Billet Camshaft"},"content":{"rendered":"<p>The SW8 camshaft has been designed to fill the gap between the legendary Swiftune SW5 road cam and the equally popular SW10.<\/p>\n<p>This will suit the customer who wants a more powerful cam without taking the large step of using the SW10. It delivers extra power but, keeping the requirements of road usage in mind. The dyno test figures we achieved were from a 1380cc unit which was fitted with twin 1.5 SU carburettors, 1.5 ratio rockers and a Dimspeed cylinder head using 35.7 in and 29.5 ex valves. These were deliberate choices to replicate the specification that many home tuners might use when building their own Mini and Midget. our test engine also delivered 110 bhp at the top end.<\/p>\n<p>On the technical front, this cam has been developed on the latest Lotus software. They are cross-drilled and produced from a steel billet using state of the art CNC machining.<\/p>\n<p>The SW camshafts are machined from custom steel billet! No more aggravation with exchange camshafts, just a brand new core designed and produced at the right cost and the highest quality steel with specific profile shapes to suite road camshaft to eliminate excessive grinding of race x-drilled blanks and removing the vital surface hardening. The end result is a camshaft with deeper surface hardening and superb wear resistance.<\/p>\n<p>This camshaft is suitable for 1275 engines and above !<\/p>","protected":false},"excerpt":{"rendered":"<p>L\u2019arbre \u00e0 cames SW8 a \u00e9t\u00e9 con\u00e7u pour compl\u00e9ter la gamme et l\u2019\u00e9cart entre le SW05 et SW10. Ce dernier conviendra aux pilotes qui veulent un arbre \u00e0 cames plus puissant sans pour autant aller jusqu\u2019au SW10 (ce qui est similaire \u00e0 un 286). Il d\u00e9livre plus de puissance tout en \u00e9tant adapt\u00e9 pour une [&hellip;]<\/p>","protected":false},"featured_media":6435,"template":"","meta":[],"product_brand":[],"product_cat":[15,46,132],"product_tag":[61,55,204,182,62],"class_list":{"0":"post-882","1":"product","2":"type-product","3":"status-publish","4":"has-post-thumbnail","6":"product_cat-moteur","7":"product_cat-arbre-a-came","8":"product_cat-sw8-swiftune","9":"product_tag-aac","10":"product_tag-kit-aac","11":"product_tag-rallye","12":"product_tag-route","13":"product_tag-sw8","15":"first","16":"instock","17":"taxable","18":"shipping-taxable","19":"purchasable","20":"product-type-variable"},"yoast_head":"<!-- This site is optimized with the Yoast SEO plugin v27.1.1 - https:\/\/yoast.com\/product\/yoast-seo-wordpress\/ -->\n<title>Arbre \u00e0 Cames SW8 Swiftune - Dimspeed, l&#039;atelier de personnalisation automobile<\/title>\n<meta name=\"robots\" content=\"index, follow, max-snippet:-1, max-image-preview:large, max-video-preview:-1\" \/>\n<link rel=\"canonical\" href=\"https:\/\/dimspeed.com\/en\/product\/arbre-a-cames-sw8-swiftune\/\" \/>\n<meta property=\"og:locale\" content=\"en_GB\" \/>\n<meta property=\"og:type\" content=\"article\" \/>\n<meta property=\"og:title\" content=\"Arbre \u00e0 Cames SW8 Swiftune - Dimspeed, l&#039;atelier de personnalisation automobile\" \/>\n<meta property=\"og:description\" content=\"L\u2019arbre \u00e0 cames SW8 a \u00e9t\u00e9 con\u00e7u pour compl\u00e9ter la gamme et l\u2019\u00e9cart entre le SW05 et SW10. Ce dernier conviendra aux pilotes qui veulent un arbre \u00e0 cames plus puissant sans pour autant aller jusqu\u2019au SW10 (ce qui est similaire \u00e0 un 286). Il d\u00e9livre plus de puissance tout en \u00e9tant adapt\u00e9 pour une [&hellip;]\" \/>\n<meta property=\"og:url\" content=\"https:\/\/dimspeed.com\/en\/product\/arbre-a-cames-sw8-swiftune\/\" \/>\n<meta property=\"og:site_name\" content=\"Dimspeed, l&#039;atelier de personnalisation automobile\" \/>\n<meta property=\"article:modified_time\" content=\"2026-04-07T11:01:58+00:00\" \/>\n<meta property=\"og:image\" content=\"https:\/\/dimspeed.com\/wp-content\/uploads\/2023\/03\/229_AAC.jpg\" \/>\n\t<meta property=\"og:image:width\" content=\"1910\" \/>\n\t<meta property=\"og:image:height\" content=\"1920\" \/>\n\t<meta property=\"og:image:type\" content=\"image\/jpeg\" \/>\n<meta name=\"twitter:card\" content=\"summary_large_image\" \/>\n<meta name=\"twitter:label1\" content=\"Estimated reading time\" \/>\n\t<meta name=\"twitter:data1\" content=\"2 minutes\" \/>\n<script type=\"application\/ld+json\" class=\"yoast-schema-graph\">{\"@context\":\"https:\/\/schema.org\",\"@graph\":[{\"@type\":\"WebPage\",\"@id\":\"https:\/\/dimspeed.com\/produit\/arbre-a-cames-sw8-swiftune\/\",\"url\":\"https:\/\/dimspeed.com\/produit\/arbre-a-cames-sw8-swiftune\/\",\"name\":\"Arbre \u00e0 Cames SW8 Swiftune - Dimspeed, l&#039;atelier de personnalisation automobile\",\"isPartOf\":{\"@id\":\"https:\/\/dimspeed.com\/#website\"},\"primaryImageOfPage\":{\"@id\":\"https:\/\/dimspeed.com\/produit\/arbre-a-cames-sw8-swiftune\/#primaryimage\"},\"image\":{\"@id\":\"https:\/\/dimspeed.com\/produit\/arbre-a-cames-sw8-swiftune\/#primaryimage\"},\"thumbnailUrl\":\"https:\/\/dimspeed.com\/wp-content\/uploads\/2023\/03\/229_AAC.jpg\",\"datePublished\":\"2021-01-04T15:30:20+00:00\",\"dateModified\":\"2026-04-07T11:01:58+00:00\",\"breadcrumb\":{\"@id\":\"https:\/\/dimspeed.com\/produit\/arbre-a-cames-sw8-swiftune\/#breadcrumb\"},\"inLanguage\":\"en-GB\",\"potentialAction\":[{\"@type\":\"ReadAction\",\"target\":[\"https:\/\/dimspeed.com\/produit\/arbre-a-cames-sw8-swiftune\/\"]}]},{\"@type\":\"ImageObject\",\"inLanguage\":\"en-GB\",\"@id\":\"https:\/\/dimspeed.com\/produit\/arbre-a-cames-sw8-swiftune\/#primaryimage\",\"url\":\"https:\/\/dimspeed.com\/wp-content\/uploads\/2023\/03\/229_AAC.jpg\",\"contentUrl\":\"https:\/\/dimspeed.com\/wp-content\/uploads\/2023\/03\/229_AAC.jpg\",\"width\":1910,\"height\":1920},{\"@type\":\"BreadcrumbList\",\"@id\":\"https:\/\/dimspeed.com\/produit\/arbre-a-cames-sw8-swiftune\/#breadcrumb\",\"itemListElement\":[{\"@type\":\"ListItem\",\"position\":1,\"name\":\"Accueil\",\"item\":\"https:\/\/dimspeed.com\/\"},{\"@type\":\"ListItem\",\"position\":2,\"name\":\"Boutique\",\"item\":\"https:\/\/dimspeed.com\/boutique\/\"},{\"@type\":\"ListItem\",\"position\":3,\"name\":\"Arbre \u00e0 Cames SW8 Swiftune\"}]},{\"@type\":\"WebSite\",\"@id\":\"https:\/\/dimspeed.com\/#website\",\"url\":\"https:\/\/dimspeed.com\/\",\"name\":\"Dimspeed, l&#039;atelier de personnalisation automobile\",\"description\":\"MOTORISTE comp\u00e9tition et collection SPECIALISTE moteur A-SERIE\",\"publisher\":{\"@id\":\"https:\/\/dimspeed.com\/#organization\"},\"potentialAction\":[{\"@type\":\"SearchAction\",\"target\":{\"@type\":\"EntryPoint\",\"urlTemplate\":\"https:\/\/dimspeed.com\/?s={search_term_string}\"},\"query-input\":{\"@type\":\"PropertyValueSpecification\",\"valueRequired\":true,\"valueName\":\"search_term_string\"}}],\"inLanguage\":\"en-GB\"},{\"@type\":\"Organization\",\"@id\":\"https:\/\/dimspeed.com\/#organization\",\"name\":\"Dimspeed, l&#039;atelier de personnalisation automobile\",\"url\":\"https:\/\/dimspeed.com\/\",\"logo\":{\"@type\":\"ImageObject\",\"inLanguage\":\"en-GB\",\"@id\":\"https:\/\/dimspeed.com\/#\/schema\/logo\/image\/\",\"url\":\"https:\/\/dimspeed.com\/wp-content\/uploads\/2020\/11\/logo-site.png\",\"contentUrl\":\"https:\/\/dimspeed.com\/wp-content\/uploads\/2020\/11\/logo-site.png\",\"width\":486,\"height\":178,\"caption\":\"Dimspeed, l&#039;atelier de personnalisation automobile\"},\"image\":{\"@id\":\"https:\/\/dimspeed.com\/#\/schema\/logo\/image\/\"}}]}<\/script>\n<!-- \/ Yoast SEO plugin. -->","yoast_head_json":{"title":"Arbre \u00e0 Cames SW8 Swiftune - Dimspeed, l&#039;atelier de personnalisation automobile","robots":{"index":"index","follow":"follow","max-snippet":"max-snippet:-1","max-image-preview":"max-image-preview:large","max-video-preview":"max-video-preview:-1"},"canonical":"https:\/\/dimspeed.com\/en\/product\/arbre-a-cames-sw8-swiftune\/","og_locale":"en_GB","og_type":"article","og_title":"Arbre \u00e0 Cames SW8 Swiftune - Dimspeed, l&#039;atelier de personnalisation automobile","og_description":"L\u2019arbre \u00e0 cames SW8 a \u00e9t\u00e9 con\u00e7u pour compl\u00e9ter la gamme et l\u2019\u00e9cart entre le SW05 et SW10. Ce dernier conviendra aux pilotes qui veulent un arbre \u00e0 cames plus puissant sans pour autant aller jusqu\u2019au SW10 (ce qui est similaire \u00e0 un 286). Il d\u00e9livre plus de puissance tout en \u00e9tant adapt\u00e9 pour une [&hellip;]","og_url":"https:\/\/dimspeed.com\/en\/product\/arbre-a-cames-sw8-swiftune\/","og_site_name":"Dimspeed, l&#039;atelier de personnalisation automobile","article_modified_time":"2026-04-07T11:01:58+00:00","og_image":[{"width":1910,"height":1920,"url":"https:\/\/dimspeed.com\/wp-content\/uploads\/2023\/03\/229_AAC.jpg","type":"image\/jpeg"}],"twitter_card":"summary_large_image","twitter_misc":{"Estimated reading time":"2 minutes"},"schema":{"@context":"https:\/\/schema.org","@graph":[{"@type":"WebPage","@id":"https:\/\/dimspeed.com\/produit\/arbre-a-cames-sw8-swiftune\/","url":"https:\/\/dimspeed.com\/produit\/arbre-a-cames-sw8-swiftune\/","name":"Arbre \u00e0 Cames SW8 Swiftune - Dimspeed, l&#039;atelier de personnalisation automobile","isPartOf":{"@id":"https:\/\/dimspeed.com\/#website"},"primaryImageOfPage":{"@id":"https:\/\/dimspeed.com\/produit\/arbre-a-cames-sw8-swiftune\/#primaryimage"},"image":{"@id":"https:\/\/dimspeed.com\/produit\/arbre-a-cames-sw8-swiftune\/#primaryimage"},"thumbnailUrl":"https:\/\/dimspeed.com\/wp-content\/uploads\/2023\/03\/229_AAC.jpg","datePublished":"2021-01-04T15:30:20+00:00","dateModified":"2026-04-07T11:01:58+00:00","breadcrumb":{"@id":"https:\/\/dimspeed.com\/produit\/arbre-a-cames-sw8-swiftune\/#breadcrumb"},"inLanguage":"en-GB","potentialAction":[{"@type":"ReadAction","target":["https:\/\/dimspeed.com\/produit\/arbre-a-cames-sw8-swiftune\/"]}]},{"@type":"ImageObject","inLanguage":"en-GB","@id":"https:\/\/dimspeed.com\/produit\/arbre-a-cames-sw8-swiftune\/#primaryimage","url":"https:\/\/dimspeed.com\/wp-content\/uploads\/2023\/03\/229_AAC.jpg","contentUrl":"https:\/\/dimspeed.com\/wp-content\/uploads\/2023\/03\/229_AAC.jpg","width":1910,"height":1920},{"@type":"BreadcrumbList","@id":"https:\/\/dimspeed.com\/produit\/arbre-a-cames-sw8-swiftune\/#breadcrumb","itemListElement":[{"@type":"ListItem","position":1,"name":"Accueil","item":"https:\/\/dimspeed.com\/"},{"@type":"ListItem","position":2,"name":"Boutique","item":"https:\/\/dimspeed.com\/boutique\/"},{"@type":"ListItem","position":3,"name":"Arbre \u00e0 Cames SW8 Swiftune"}]},{"@type":"WebSite","@id":"https:\/\/dimspeed.com\/#website","url":"https:\/\/dimspeed.com\/","name":"Dimspeed, l&#039;atelier de personnalisation automobile","description":"MOTORISTE comp\u00e9tition et collection SPECIALISTE moteur A-SERIE","publisher":{"@id":"https:\/\/dimspeed.com\/#organization"},"potentialAction":[{"@type":"SearchAction","target":{"@type":"EntryPoint","urlTemplate":"https:\/\/dimspeed.com\/?s={search_term_string}"},"query-input":{"@type":"PropertyValueSpecification","valueRequired":true,"valueName":"search_term_string"}}],"inLanguage":"en-GB"},{"@type":"Organization","@id":"https:\/\/dimspeed.com\/#organization","name":"Dimspeed, l&#039;atelier de personnalisation automobile","url":"https:\/\/dimspeed.com\/","logo":{"@type":"ImageObject","inLanguage":"en-GB","@id":"https:\/\/dimspeed.com\/#\/schema\/logo\/image\/","url":"https:\/\/dimspeed.com\/wp-content\/uploads\/2020\/11\/logo-site.png","contentUrl":"https:\/\/dimspeed.com\/wp-content\/uploads\/2020\/11\/logo-site.png","width":486,"height":178,"caption":"Dimspeed, l&#039;atelier de personnalisation automobile"},"image":{"@id":"https:\/\/dimspeed.com\/#\/schema\/logo\/image\/"}}]}},"_links":{"self":[{"href":"https:\/\/dimspeed.com\/en\/wp-json\/wp\/v2\/product\/882","targetHints":{"allow":["GET"]}}],"collection":[{"href":"https:\/\/dimspeed.com\/en\/wp-json\/wp\/v2\/product"}],"about":[{"href":"https:\/\/dimspeed.com\/en\/wp-json\/wp\/v2\/types\/product"}],"version-history":[{"count":2,"href":"https:\/\/dimspeed.com\/en\/wp-json\/wp\/v2\/product\/882\/revisions"}],"predecessor-version":[{"id":5134,"href":"https:\/\/dimspeed.com\/en\/wp-json\/wp\/v2\/product\/882\/revisions\/5134"}],"wp:featuredmedia":[{"embeddable":true,"href":"https:\/\/dimspeed.com\/en\/wp-json\/wp\/v2\/media\/6435"}],"wp:attachment":[{"href":"https:\/\/dimspeed.com\/en\/wp-json\/wp\/v2\/media?parent=882"}],"wp:term":[{"taxonomy":"product_brand","embeddable":true,"href":"https:\/\/dimspeed.com\/en\/wp-json\/wp\/v2\/product_brand?post=882"},{"taxonomy":"product_cat","embeddable":true,"href":"https:\/\/dimspeed.com\/en\/wp-json\/wp\/v2\/product_cat?post=882"},{"taxonomy":"product_tag","embeddable":true,"href":"https:\/\/dimspeed.com\/en\/wp-json\/wp\/v2\/product_tag?post=882"}],"curies":[{"name":"wp","href":"https:\/\/api.w.org\/{rel}","templated":true}]}}