{"id":877,"date":"2021-01-04T15:39:23","date_gmt":"2021-01-04T14:39:23","guid":{"rendered":"https:\/\/dimspeed.com\/?post_type=product&#038;p=877"},"modified":"2026-04-07T13:51:08","modified_gmt":"2026-04-07T11:51:08","slug":"arbre-a-cames-sw23t-swiftune-competition","status":"publish","type":"product","link":"https:\/\/dimspeed.com\/en\/product\/arbre-a-cames-sw23t-swiftune-competition\/","title":{"rendered":"Swiftune SW23T Billet Race Camshaft"},"content":{"rendered":"<p>The SW23T design is for FIA Appendix K Minis and Formula Junior single seaters and used in 95% of all Swiftune race engines.<br \/>\nThis profile is also used in the very successful 1380 race engines to produce an impressive 140 BHP @7500 and 112 ft\/lbs torque @5500 rpm. With a power band from as low as 3000 rpm and up to 8000 rpm.<\/p>\n<p>Latest design improvement is cross-drilling of the cam's base circle to deliver direct lubrication to the cam follower\/cam lobe interface.\nMachining the SW23T on the latest CNC machine and producing from custom steel billet ensures the highest quality steel is used and deeper surface hardening achieves the superb wear performance vital for a race camshaft.<\/p>","protected":false},"excerpt":{"rendered":"<p>Le SW23T est l\u2019arbre \u00e0 cames utilis\u00e9s sur tous nos moteurs FIA et tous nos autres moteurs de comp\u00e9titions. Il est aussi mont\u00e9 \u00e0 95% sur tous les moteurs de comp\u00e9tition Swiftune. Ce profil d\u2019arbre \u00e0 cames dans un moteur 1380cc produira 140 bhp \u00e0 7500 rpm et 112ft\/lbs de couple \u00e0 5500 rpm. La [&hellip;]<\/p>","protected":false},"featured_media":6435,"template":"","meta":[],"product_brand":[],"product_cat":[15,46,133],"product_tag":[61,55,64,63],"class_list":{"0":"post-877","1":"product","2":"type-product","3":"status-publish","4":"has-post-thumbnail","6":"product_cat-moteur","7":"product_cat-arbre-a-came","8":"product_cat-sw23t-swiftune","9":"product_tag-aac","10":"product_tag-kit-aac","11":"product_tag-race","12":"product_tag-sw23","14":"first","15":"instock","16":"taxable","17":"shipping-taxable","18":"purchasable","19":"product-type-variable"},"yoast_head":"<!-- This site is optimized with the Yoast SEO plugin v27.1.1 - https:\/\/yoast.com\/product\/yoast-seo-wordpress\/ -->\n<title>Arbre \u00e0 Cames SW23 Swiftune - Comp\u00e9tition - Dimspeed, l&#039;atelier de personnalisation automobile<\/title>\n<meta name=\"robots\" content=\"index, follow, max-snippet:-1, max-image-preview:large, max-video-preview:-1\" \/>\n<link rel=\"canonical\" href=\"https:\/\/dimspeed.com\/en\/product\/arbre-a-cames-sw23t-swiftune-competition\/\" \/>\n<meta property=\"og:locale\" content=\"en_GB\" \/>\n<meta property=\"og:type\" content=\"article\" \/>\n<meta property=\"og:title\" content=\"Arbre \u00e0 Cames SW23 Swiftune - Comp\u00e9tition - Dimspeed, l&#039;atelier de personnalisation automobile\" \/>\n<meta property=\"og:description\" content=\"Le SW23T est l\u2019arbre \u00e0 cames utilis\u00e9s sur tous nos moteurs FIA et tous nos autres moteurs de comp\u00e9titions. Il est aussi mont\u00e9 \u00e0 95% sur tous les moteurs de comp\u00e9tition Swiftune. Ce profil d\u2019arbre \u00e0 cames dans un moteur 1380cc produira 140 bhp \u00e0 7500 rpm et 112ft\/lbs de couple \u00e0 5500 rpm. La [&hellip;]\" \/>\n<meta property=\"og:url\" content=\"https:\/\/dimspeed.com\/en\/product\/arbre-a-cames-sw23t-swiftune-competition\/\" \/>\n<meta property=\"og:site_name\" content=\"Dimspeed, l&#039;atelier de personnalisation automobile\" \/>\n<meta property=\"article:modified_time\" content=\"2026-04-07T11:51:08+00:00\" \/>\n<meta property=\"og:image\" content=\"https:\/\/dimspeed.com\/wp-content\/uploads\/2023\/03\/229_AAC.jpg\" \/>\n\t<meta property=\"og:image:width\" content=\"1910\" \/>\n\t<meta property=\"og:image:height\" content=\"1920\" \/>\n\t<meta property=\"og:image:type\" content=\"image\/jpeg\" \/>\n<meta name=\"twitter:card\" content=\"summary_large_image\" \/>\n<meta name=\"twitter:label1\" content=\"Estimated reading time\" \/>\n\t<meta name=\"twitter:data1\" content=\"1 minute\" \/>\n<script type=\"application\/ld+json\" class=\"yoast-schema-graph\">{\"@context\":\"https:\/\/schema.org\",\"@graph\":[{\"@type\":\"WebPage\",\"@id\":\"https:\/\/dimspeed.com\/produit\/arbre-a-cames-sw23t-swiftune-competition\/\",\"url\":\"https:\/\/dimspeed.com\/produit\/arbre-a-cames-sw23t-swiftune-competition\/\",\"name\":\"Arbre \u00e0 Cames SW23 Swiftune - Comp\u00e9tition - Dimspeed, l&#039;atelier de personnalisation automobile\",\"isPartOf\":{\"@id\":\"https:\/\/dimspeed.com\/#website\"},\"primaryImageOfPage\":{\"@id\":\"https:\/\/dimspeed.com\/produit\/arbre-a-cames-sw23t-swiftune-competition\/#primaryimage\"},\"image\":{\"@id\":\"https:\/\/dimspeed.com\/produit\/arbre-a-cames-sw23t-swiftune-competition\/#primaryimage\"},\"thumbnailUrl\":\"https:\/\/dimspeed.com\/wp-content\/uploads\/2023\/03\/229_AAC.jpg\",\"datePublished\":\"2021-01-04T14:39:23+00:00\",\"dateModified\":\"2026-04-07T11:51:08+00:00\",\"breadcrumb\":{\"@id\":\"https:\/\/dimspeed.com\/produit\/arbre-a-cames-sw23t-swiftune-competition\/#breadcrumb\"},\"inLanguage\":\"en-GB\",\"potentialAction\":[{\"@type\":\"ReadAction\",\"target\":[\"https:\/\/dimspeed.com\/produit\/arbre-a-cames-sw23t-swiftune-competition\/\"]}]},{\"@type\":\"ImageObject\",\"inLanguage\":\"en-GB\",\"@id\":\"https:\/\/dimspeed.com\/produit\/arbre-a-cames-sw23t-swiftune-competition\/#primaryimage\",\"url\":\"https:\/\/dimspeed.com\/wp-content\/uploads\/2023\/03\/229_AAC.jpg\",\"contentUrl\":\"https:\/\/dimspeed.com\/wp-content\/uploads\/2023\/03\/229_AAC.jpg\",\"width\":1910,\"height\":1920},{\"@type\":\"BreadcrumbList\",\"@id\":\"https:\/\/dimspeed.com\/produit\/arbre-a-cames-sw23t-swiftune-competition\/#breadcrumb\",\"itemListElement\":[{\"@type\":\"ListItem\",\"position\":1,\"name\":\"Accueil\",\"item\":\"https:\/\/dimspeed.com\/\"},{\"@type\":\"ListItem\",\"position\":2,\"name\":\"Boutique\",\"item\":\"https:\/\/dimspeed.com\/boutique\/\"},{\"@type\":\"ListItem\",\"position\":3,\"name\":\"Arbre \u00e0 Cames SW23 Swiftune &#8211; Comp\u00e9tition\"}]},{\"@type\":\"WebSite\",\"@id\":\"https:\/\/dimspeed.com\/#website\",\"url\":\"https:\/\/dimspeed.com\/\",\"name\":\"Dimspeed, l&#039;atelier de personnalisation automobile\",\"description\":\"MOTORISTE comp\u00e9tition et collection SPECIALISTE moteur A-SERIE\",\"publisher\":{\"@id\":\"https:\/\/dimspeed.com\/#organization\"},\"potentialAction\":[{\"@type\":\"SearchAction\",\"target\":{\"@type\":\"EntryPoint\",\"urlTemplate\":\"https:\/\/dimspeed.com\/?s={search_term_string}\"},\"query-input\":{\"@type\":\"PropertyValueSpecification\",\"valueRequired\":true,\"valueName\":\"search_term_string\"}}],\"inLanguage\":\"en-GB\"},{\"@type\":\"Organization\",\"@id\":\"https:\/\/dimspeed.com\/#organization\",\"name\":\"Dimspeed, l&#039;atelier de personnalisation automobile\",\"url\":\"https:\/\/dimspeed.com\/\",\"logo\":{\"@type\":\"ImageObject\",\"inLanguage\":\"en-GB\",\"@id\":\"https:\/\/dimspeed.com\/#\/schema\/logo\/image\/\",\"url\":\"https:\/\/dimspeed.com\/wp-content\/uploads\/2020\/11\/logo-site.png\",\"contentUrl\":\"https:\/\/dimspeed.com\/wp-content\/uploads\/2020\/11\/logo-site.png\",\"width\":486,\"height\":178,\"caption\":\"Dimspeed, l&#039;atelier de personnalisation automobile\"},\"image\":{\"@id\":\"https:\/\/dimspeed.com\/#\/schema\/logo\/image\/\"}}]}<\/script>\n<!-- \/ Yoast SEO plugin. -->","yoast_head_json":{"title":"Arbre \u00e0 Cames SW23 Swiftune - Comp\u00e9tition - Dimspeed, l&#039;atelier de personnalisation automobile","robots":{"index":"index","follow":"follow","max-snippet":"max-snippet:-1","max-image-preview":"max-image-preview:large","max-video-preview":"max-video-preview:-1"},"canonical":"https:\/\/dimspeed.com\/en\/product\/arbre-a-cames-sw23t-swiftune-competition\/","og_locale":"en_GB","og_type":"article","og_title":"Arbre \u00e0 Cames SW23 Swiftune - Comp\u00e9tition - Dimspeed, l&#039;atelier de personnalisation automobile","og_description":"Le SW23T est l\u2019arbre \u00e0 cames utilis\u00e9s sur tous nos moteurs FIA et tous nos autres moteurs de comp\u00e9titions. Il est aussi mont\u00e9 \u00e0 95% sur tous les moteurs de comp\u00e9tition Swiftune. Ce profil d\u2019arbre \u00e0 cames dans un moteur 1380cc produira 140 bhp \u00e0 7500 rpm et 112ft\/lbs de couple \u00e0 5500 rpm. La [&hellip;]","og_url":"https:\/\/dimspeed.com\/en\/product\/arbre-a-cames-sw23t-swiftune-competition\/","og_site_name":"Dimspeed, l&#039;atelier de personnalisation automobile","article_modified_time":"2026-04-07T11:51:08+00:00","og_image":[{"width":1910,"height":1920,"url":"https:\/\/dimspeed.com\/wp-content\/uploads\/2023\/03\/229_AAC.jpg","type":"image\/jpeg"}],"twitter_card":"summary_large_image","twitter_misc":{"Estimated reading time":"1 minute"},"schema":{"@context":"https:\/\/schema.org","@graph":[{"@type":"WebPage","@id":"https:\/\/dimspeed.com\/produit\/arbre-a-cames-sw23t-swiftune-competition\/","url":"https:\/\/dimspeed.com\/produit\/arbre-a-cames-sw23t-swiftune-competition\/","name":"Arbre \u00e0 Cames SW23 Swiftune - Comp\u00e9tition - Dimspeed, l&#039;atelier de personnalisation automobile","isPartOf":{"@id":"https:\/\/dimspeed.com\/#website"},"primaryImageOfPage":{"@id":"https:\/\/dimspeed.com\/produit\/arbre-a-cames-sw23t-swiftune-competition\/#primaryimage"},"image":{"@id":"https:\/\/dimspeed.com\/produit\/arbre-a-cames-sw23t-swiftune-competition\/#primaryimage"},"thumbnailUrl":"https:\/\/dimspeed.com\/wp-content\/uploads\/2023\/03\/229_AAC.jpg","datePublished":"2021-01-04T14:39:23+00:00","dateModified":"2026-04-07T11:51:08+00:00","breadcrumb":{"@id":"https:\/\/dimspeed.com\/produit\/arbre-a-cames-sw23t-swiftune-competition\/#breadcrumb"},"inLanguage":"en-GB","potentialAction":[{"@type":"ReadAction","target":["https:\/\/dimspeed.com\/produit\/arbre-a-cames-sw23t-swiftune-competition\/"]}]},{"@type":"ImageObject","inLanguage":"en-GB","@id":"https:\/\/dimspeed.com\/produit\/arbre-a-cames-sw23t-swiftune-competition\/#primaryimage","url":"https:\/\/dimspeed.com\/wp-content\/uploads\/2023\/03\/229_AAC.jpg","contentUrl":"https:\/\/dimspeed.com\/wp-content\/uploads\/2023\/03\/229_AAC.jpg","width":1910,"height":1920},{"@type":"BreadcrumbList","@id":"https:\/\/dimspeed.com\/produit\/arbre-a-cames-sw23t-swiftune-competition\/#breadcrumb","itemListElement":[{"@type":"ListItem","position":1,"name":"Accueil","item":"https:\/\/dimspeed.com\/"},{"@type":"ListItem","position":2,"name":"Boutique","item":"https:\/\/dimspeed.com\/boutique\/"},{"@type":"ListItem","position":3,"name":"Arbre \u00e0 Cames SW23 Swiftune &#8211; Comp\u00e9tition"}]},{"@type":"WebSite","@id":"https:\/\/dimspeed.com\/#website","url":"https:\/\/dimspeed.com\/","name":"Dimspeed, l&#039;atelier de personnalisation automobile","description":"MOTORISTE comp\u00e9tition et collection SPECIALISTE moteur A-SERIE","publisher":{"@id":"https:\/\/dimspeed.com\/#organization"},"potentialAction":[{"@type":"SearchAction","target":{"@type":"EntryPoint","urlTemplate":"https:\/\/dimspeed.com\/?s={search_term_string}"},"query-input":{"@type":"PropertyValueSpecification","valueRequired":true,"valueName":"search_term_string"}}],"inLanguage":"en-GB"},{"@type":"Organization","@id":"https:\/\/dimspeed.com\/#organization","name":"Dimspeed, l&#039;atelier de personnalisation automobile","url":"https:\/\/dimspeed.com\/","logo":{"@type":"ImageObject","inLanguage":"en-GB","@id":"https:\/\/dimspeed.com\/#\/schema\/logo\/image\/","url":"https:\/\/dimspeed.com\/wp-content\/uploads\/2020\/11\/logo-site.png","contentUrl":"https:\/\/dimspeed.com\/wp-content\/uploads\/2020\/11\/logo-site.png","width":486,"height":178,"caption":"Dimspeed, l&#039;atelier de personnalisation automobile"},"image":{"@id":"https:\/\/dimspeed.com\/#\/schema\/logo\/image\/"}}]}},"_links":{"self":[{"href":"https:\/\/dimspeed.com\/en\/wp-json\/wp\/v2\/product\/877","targetHints":{"allow":["GET"]}}],"collection":[{"href":"https:\/\/dimspeed.com\/en\/wp-json\/wp\/v2\/product"}],"about":[{"href":"https:\/\/dimspeed.com\/en\/wp-json\/wp\/v2\/types\/product"}],"version-history":[{"count":3,"href":"https:\/\/dimspeed.com\/en\/wp-json\/wp\/v2\/product\/877\/revisions"}],"predecessor-version":[{"id":7580,"href":"https:\/\/dimspeed.com\/en\/wp-json\/wp\/v2\/product\/877\/revisions\/7580"}],"wp:featuredmedia":[{"embeddable":true,"href":"https:\/\/dimspeed.com\/en\/wp-json\/wp\/v2\/media\/6435"}],"wp:attachment":[{"href":"https:\/\/dimspeed.com\/en\/wp-json\/wp\/v2\/media?parent=877"}],"wp:term":[{"taxonomy":"product_brand","embeddable":true,"href":"https:\/\/dimspeed.com\/en\/wp-json\/wp\/v2\/product_brand?post=877"},{"taxonomy":"product_cat","embeddable":true,"href":"https:\/\/dimspeed.com\/en\/wp-json\/wp\/v2\/product_cat?post=877"},{"taxonomy":"product_tag","embeddable":true,"href":"https:\/\/dimspeed.com\/en\/wp-json\/wp\/v2\/product_tag?post=877"}],"curies":[{"name":"wp","href":"https:\/\/api.w.org\/{rel}","templated":true}]}}