{"id":868,"date":"2020-12-31T16:08:09","date_gmt":"2020-12-31T15:08:09","guid":{"rendered":"https:\/\/dimspeed.com\/?post_type=product&#038;p=868"},"modified":"2025-02-14T11:37:40","modified_gmt":"2025-02-14T10:37:40","slug":"pistons-forges-swiftune-omega-competition","status":"publish","type":"product","link":"https:\/\/dimspeed.com\/en\/product\/pistons-forges-swiftune-omega-competition\/","title":{"rendered":"Swiftune\/Omega Feather Light Forged Pistons"},"content":{"rendered":"<p>These super light forged piston sets have been designed and produced by Omega Pistons representing the lightest Mini race pistons they have produced, for maximum performance along with strength and rigidity in mind.<\/p>\n<p>The set of pistons includes +18mm pin and lightweight ring pack for reduced friction.<\/p>\n<p>Available in +20\/+40\/+60 with 1.250\" compression height.<\/p>\n<p>All above pistons are manufactured to suit our 6 inch long lightweight \"H\" Beam Steel conrods. You can find them on our website!<\/p>\n<p>Sold as a set of 4 pistons.<\/p>\n<p>Also available with 1.250\" c\/h for 1380cc with 81.3 stroke crank. If you want this spec, please contact us.<\/p>","protected":false},"excerpt":{"rendered":"<p>Ces pistons forg\u00e9s all\u00e9g\u00e9s ont \u00e9t\u00e9 con\u00e7us par Omega pistons. Ils sont les pistons les plus l\u00e9gers du march\u00e9 de la Mini qu&#8217;ils ont produit pour un maximum de performance, tout en gardant \u00e0 l&#8217;esprit le plus de r\u00e9sistance et de rigidit\u00e9 possible. Le set de pistons inclut des axes de pistons de 18mm et [&hellip;]<\/p>","protected":false},"featured_media":2096,"template":"","meta":[],"product_brand":[],"product_cat":[15,36],"product_tag":[92,87,158,66,82,80,64,162],"class_list":{"0":"post-868","1":"product","2":"type-product","3":"status-publish","4":"has-post-thumbnail","6":"product_cat-moteur","7":"product_cat-pistons-bielles","8":"product_tag-bielles","9":"product_tag-bloc","10":"product_tag-bloc-moteur","11":"product_tag-dimspeed","12":"product_tag-kit","13":"product_tag-pistons","14":"product_tag-race","15":"product_tag-swiftune","17":"first","18":"instock","19":"taxable","20":"shipping-taxable","21":"purchasable","22":"product-type-variable"},"yoast_head":"<!-- This site is optimized with the Yoast SEO plugin v27.1.1 - https:\/\/yoast.com\/product\/yoast-seo-wordpress\/ -->\n<title>Pistons Forg\u00e9s Swiftune \/ Omega - Comp\u00e9tition - Dimspeed, l&#039;atelier de personnalisation automobile<\/title>\n<meta name=\"robots\" content=\"index, follow, max-snippet:-1, max-image-preview:large, max-video-preview:-1\" \/>\n<link rel=\"canonical\" href=\"https:\/\/dimspeed.com\/en\/product\/pistons-forges-swiftune-omega-competition\/\" \/>\n<meta property=\"og:locale\" content=\"en_GB\" \/>\n<meta property=\"og:type\" content=\"article\" \/>\n<meta property=\"og:title\" content=\"Pistons Forg\u00e9s Swiftune \/ Omega - Comp\u00e9tition - Dimspeed, l&#039;atelier de personnalisation automobile\" \/>\n<meta property=\"og:description\" content=\"Ces pistons forg\u00e9s all\u00e9g\u00e9s ont \u00e9t\u00e9 con\u00e7us par Omega pistons. Ils sont les pistons les plus l\u00e9gers du march\u00e9 de la Mini qu&#8217;ils ont produit pour un maximum de performance, tout en gardant \u00e0 l&#8217;esprit le plus de r\u00e9sistance et de rigidit\u00e9 possible. Le set de pistons inclut des axes de pistons de 18mm et [&hellip;]\" \/>\n<meta property=\"og:url\" content=\"https:\/\/dimspeed.com\/en\/product\/pistons-forges-swiftune-omega-competition\/\" \/>\n<meta property=\"og:site_name\" content=\"Dimspeed, l&#039;atelier de personnalisation automobile\" \/>\n<meta property=\"article:modified_time\" content=\"2025-02-14T10:37:40+00:00\" \/>\n<meta property=\"og:image\" content=\"https:\/\/dimspeed.com\/wp-content\/uploads\/2020\/12\/206_Pistons-forges-Swiftune-Omega-Competition-scaled.jpg\" \/>\n\t<meta property=\"og:image:width\" content=\"1920\" \/>\n\t<meta property=\"og:image:height\" content=\"1256\" \/>\n\t<meta property=\"og:image:type\" content=\"image\/jpeg\" \/>\n<meta name=\"twitter:card\" content=\"summary_large_image\" \/>\n<meta name=\"twitter:label1\" content=\"Estimated reading time\" \/>\n\t<meta name=\"twitter:data1\" content=\"1 minute\" \/>\n<script type=\"application\/ld+json\" class=\"yoast-schema-graph\">{\"@context\":\"https:\/\/schema.org\",\"@graph\":[{\"@type\":\"WebPage\",\"@id\":\"https:\/\/dimspeed.com\/produit\/pistons-forges-swiftune-omega-competition\/\",\"url\":\"https:\/\/dimspeed.com\/produit\/pistons-forges-swiftune-omega-competition\/\",\"name\":\"Pistons Forg\u00e9s Swiftune \/ Omega - Comp\u00e9tition - Dimspeed, l&#039;atelier de personnalisation automobile\",\"isPartOf\":{\"@id\":\"https:\/\/dimspeed.com\/#website\"},\"primaryImageOfPage\":{\"@id\":\"https:\/\/dimspeed.com\/produit\/pistons-forges-swiftune-omega-competition\/#primaryimage\"},\"image\":{\"@id\":\"https:\/\/dimspeed.com\/produit\/pistons-forges-swiftune-omega-competition\/#primaryimage\"},\"thumbnailUrl\":\"https:\/\/dimspeed.com\/wp-content\/uploads\/2020\/12\/206_Pistons-forges-Swiftune-Omega-Competition-scaled.jpg\",\"datePublished\":\"2020-12-31T15:08:09+00:00\",\"dateModified\":\"2025-02-14T10:37:40+00:00\",\"breadcrumb\":{\"@id\":\"https:\/\/dimspeed.com\/produit\/pistons-forges-swiftune-omega-competition\/#breadcrumb\"},\"inLanguage\":\"en-GB\",\"potentialAction\":[{\"@type\":\"ReadAction\",\"target\":[\"https:\/\/dimspeed.com\/produit\/pistons-forges-swiftune-omega-competition\/\"]}]},{\"@type\":\"ImageObject\",\"inLanguage\":\"en-GB\",\"@id\":\"https:\/\/dimspeed.com\/produit\/pistons-forges-swiftune-omega-competition\/#primaryimage\",\"url\":\"https:\/\/dimspeed.com\/wp-content\/uploads\/2020\/12\/206_Pistons-forges-Swiftune-Omega-Competition-scaled.jpg\",\"contentUrl\":\"https:\/\/dimspeed.com\/wp-content\/uploads\/2020\/12\/206_Pistons-forges-Swiftune-Omega-Competition-scaled.jpg\",\"width\":1920,\"height\":1256},{\"@type\":\"BreadcrumbList\",\"@id\":\"https:\/\/dimspeed.com\/produit\/pistons-forges-swiftune-omega-competition\/#breadcrumb\",\"itemListElement\":[{\"@type\":\"ListItem\",\"position\":1,\"name\":\"Accueil\",\"item\":\"https:\/\/dimspeed.com\/\"},{\"@type\":\"ListItem\",\"position\":2,\"name\":\"Boutique\",\"item\":\"https:\/\/dimspeed.com\/boutique\/\"},{\"@type\":\"ListItem\",\"position\":3,\"name\":\"Pistons Forg\u00e9s Swiftune \/ Omega &#8211; Comp\u00e9tition\"}]},{\"@type\":\"WebSite\",\"@id\":\"https:\/\/dimspeed.com\/#website\",\"url\":\"https:\/\/dimspeed.com\/\",\"name\":\"Dimspeed, l&#039;atelier de personnalisation automobile\",\"description\":\"MOTORISTE comp\u00e9tition et collection SPECIALISTE moteur A-SERIE\",\"publisher\":{\"@id\":\"https:\/\/dimspeed.com\/#organization\"},\"potentialAction\":[{\"@type\":\"SearchAction\",\"target\":{\"@type\":\"EntryPoint\",\"urlTemplate\":\"https:\/\/dimspeed.com\/?s={search_term_string}\"},\"query-input\":{\"@type\":\"PropertyValueSpecification\",\"valueRequired\":true,\"valueName\":\"search_term_string\"}}],\"inLanguage\":\"en-GB\"},{\"@type\":\"Organization\",\"@id\":\"https:\/\/dimspeed.com\/#organization\",\"name\":\"Dimspeed, l&#039;atelier de personnalisation automobile\",\"url\":\"https:\/\/dimspeed.com\/\",\"logo\":{\"@type\":\"ImageObject\",\"inLanguage\":\"en-GB\",\"@id\":\"https:\/\/dimspeed.com\/#\/schema\/logo\/image\/\",\"url\":\"https:\/\/dimspeed.com\/wp-content\/uploads\/2020\/11\/logo-site.png\",\"contentUrl\":\"https:\/\/dimspeed.com\/wp-content\/uploads\/2020\/11\/logo-site.png\",\"width\":486,\"height\":178,\"caption\":\"Dimspeed, l&#039;atelier de personnalisation automobile\"},\"image\":{\"@id\":\"https:\/\/dimspeed.com\/#\/schema\/logo\/image\/\"}}]}<\/script>\n<!-- \/ Yoast SEO plugin. -->","yoast_head_json":{"title":"Pistons Forg\u00e9s Swiftune \/ Omega - Comp\u00e9tition - Dimspeed, l&#039;atelier de personnalisation automobile","robots":{"index":"index","follow":"follow","max-snippet":"max-snippet:-1","max-image-preview":"max-image-preview:large","max-video-preview":"max-video-preview:-1"},"canonical":"https:\/\/dimspeed.com\/en\/product\/pistons-forges-swiftune-omega-competition\/","og_locale":"en_GB","og_type":"article","og_title":"Pistons Forg\u00e9s Swiftune \/ Omega - Comp\u00e9tition - Dimspeed, l&#039;atelier de personnalisation automobile","og_description":"Ces pistons forg\u00e9s all\u00e9g\u00e9s ont \u00e9t\u00e9 con\u00e7us par Omega pistons. Ils sont les pistons les plus l\u00e9gers du march\u00e9 de la Mini qu&#8217;ils ont produit pour un maximum de performance, tout en gardant \u00e0 l&#8217;esprit le plus de r\u00e9sistance et de rigidit\u00e9 possible. Le set de pistons inclut des axes de pistons de 18mm et [&hellip;]","og_url":"https:\/\/dimspeed.com\/en\/product\/pistons-forges-swiftune-omega-competition\/","og_site_name":"Dimspeed, l&#039;atelier de personnalisation automobile","article_modified_time":"2025-02-14T10:37:40+00:00","og_image":[{"width":1920,"height":1256,"url":"https:\/\/dimspeed.com\/wp-content\/uploads\/2020\/12\/206_Pistons-forges-Swiftune-Omega-Competition-scaled.jpg","type":"image\/jpeg"}],"twitter_card":"summary_large_image","twitter_misc":{"Estimated reading time":"1 minute"},"schema":{"@context":"https:\/\/schema.org","@graph":[{"@type":"WebPage","@id":"https:\/\/dimspeed.com\/produit\/pistons-forges-swiftune-omega-competition\/","url":"https:\/\/dimspeed.com\/produit\/pistons-forges-swiftune-omega-competition\/","name":"Pistons Forg\u00e9s Swiftune \/ Omega - Comp\u00e9tition - Dimspeed, l&#039;atelier de personnalisation automobile","isPartOf":{"@id":"https:\/\/dimspeed.com\/#website"},"primaryImageOfPage":{"@id":"https:\/\/dimspeed.com\/produit\/pistons-forges-swiftune-omega-competition\/#primaryimage"},"image":{"@id":"https:\/\/dimspeed.com\/produit\/pistons-forges-swiftune-omega-competition\/#primaryimage"},"thumbnailUrl":"https:\/\/dimspeed.com\/wp-content\/uploads\/2020\/12\/206_Pistons-forges-Swiftune-Omega-Competition-scaled.jpg","datePublished":"2020-12-31T15:08:09+00:00","dateModified":"2025-02-14T10:37:40+00:00","breadcrumb":{"@id":"https:\/\/dimspeed.com\/produit\/pistons-forges-swiftune-omega-competition\/#breadcrumb"},"inLanguage":"en-GB","potentialAction":[{"@type":"ReadAction","target":["https:\/\/dimspeed.com\/produit\/pistons-forges-swiftune-omega-competition\/"]}]},{"@type":"ImageObject","inLanguage":"en-GB","@id":"https:\/\/dimspeed.com\/produit\/pistons-forges-swiftune-omega-competition\/#primaryimage","url":"https:\/\/dimspeed.com\/wp-content\/uploads\/2020\/12\/206_Pistons-forges-Swiftune-Omega-Competition-scaled.jpg","contentUrl":"https:\/\/dimspeed.com\/wp-content\/uploads\/2020\/12\/206_Pistons-forges-Swiftune-Omega-Competition-scaled.jpg","width":1920,"height":1256},{"@type":"BreadcrumbList","@id":"https:\/\/dimspeed.com\/produit\/pistons-forges-swiftune-omega-competition\/#breadcrumb","itemListElement":[{"@type":"ListItem","position":1,"name":"Accueil","item":"https:\/\/dimspeed.com\/"},{"@type":"ListItem","position":2,"name":"Boutique","item":"https:\/\/dimspeed.com\/boutique\/"},{"@type":"ListItem","position":3,"name":"Pistons Forg\u00e9s Swiftune \/ Omega &#8211; Comp\u00e9tition"}]},{"@type":"WebSite","@id":"https:\/\/dimspeed.com\/#website","url":"https:\/\/dimspeed.com\/","name":"Dimspeed, l&#039;atelier de personnalisation automobile","description":"MOTORISTE comp\u00e9tition et collection SPECIALISTE moteur A-SERIE","publisher":{"@id":"https:\/\/dimspeed.com\/#organization"},"potentialAction":[{"@type":"SearchAction","target":{"@type":"EntryPoint","urlTemplate":"https:\/\/dimspeed.com\/?s={search_term_string}"},"query-input":{"@type":"PropertyValueSpecification","valueRequired":true,"valueName":"search_term_string"}}],"inLanguage":"en-GB"},{"@type":"Organization","@id":"https:\/\/dimspeed.com\/#organization","name":"Dimspeed, l&#039;atelier de personnalisation automobile","url":"https:\/\/dimspeed.com\/","logo":{"@type":"ImageObject","inLanguage":"en-GB","@id":"https:\/\/dimspeed.com\/#\/schema\/logo\/image\/","url":"https:\/\/dimspeed.com\/wp-content\/uploads\/2020\/11\/logo-site.png","contentUrl":"https:\/\/dimspeed.com\/wp-content\/uploads\/2020\/11\/logo-site.png","width":486,"height":178,"caption":"Dimspeed, l&#039;atelier de personnalisation automobile"},"image":{"@id":"https:\/\/dimspeed.com\/#\/schema\/logo\/image\/"}}]}},"_links":{"self":[{"href":"https:\/\/dimspeed.com\/en\/wp-json\/wp\/v2\/product\/868","targetHints":{"allow":["GET"]}}],"collection":[{"href":"https:\/\/dimspeed.com\/en\/wp-json\/wp\/v2\/product"}],"about":[{"href":"https:\/\/dimspeed.com\/en\/wp-json\/wp\/v2\/types\/product"}],"version-history":[{"count":2,"href":"https:\/\/dimspeed.com\/en\/wp-json\/wp\/v2\/product\/868\/revisions"}],"predecessor-version":[{"id":3771,"href":"https:\/\/dimspeed.com\/en\/wp-json\/wp\/v2\/product\/868\/revisions\/3771"}],"wp:featuredmedia":[{"embeddable":true,"href":"https:\/\/dimspeed.com\/en\/wp-json\/wp\/v2\/media\/2096"}],"wp:attachment":[{"href":"https:\/\/dimspeed.com\/en\/wp-json\/wp\/v2\/media?parent=868"}],"wp:term":[{"taxonomy":"product_brand","embeddable":true,"href":"https:\/\/dimspeed.com\/en\/wp-json\/wp\/v2\/product_brand?post=868"},{"taxonomy":"product_cat","embeddable":true,"href":"https:\/\/dimspeed.com\/en\/wp-json\/wp\/v2\/product_cat?post=868"},{"taxonomy":"product_tag","embeddable":true,"href":"https:\/\/dimspeed.com\/en\/wp-json\/wp\/v2\/product_tag?post=868"}],"curies":[{"name":"wp","href":"https:\/\/api.w.org\/{rel}","templated":true}]}}