{"id":866,"date":"2020-12-31T16:06:47","date_gmt":"2020-12-31T15:06:47","guid":{"rendered":"https:\/\/dimspeed.com\/?post_type=product&#038;p=866"},"modified":"2026-02-02T11:25:22","modified_gmt":"2026-02-02T10:25:22","slug":"pistons-heritage-swiftune","status":"publish","type":"product","link":"https:\/\/dimspeed.com\/en\/product\/pistons-heritage-swiftune\/","title":{"rendered":"Swiftune Heritage Die Cast Pistons"},"content":{"rendered":"<p>Swiftune heritage die cast performance pistons have been developed using Swiftune 50 plus years of experience, Glyn Swift was using die cast pistons in the early 70\u2019s in the build of many competition A Series engines. They are manufactured by a global leading piston manufacturer, with German heritage. These pistons go back to old school methods, offering high quality die cast and industry standard NPR ring pack. These pistons are available in +20, +40 and +60 and are for high performance road, clubman competition, rally, sprint, hillclimb and trackday, all at an affordable price.<\/p>\n<p>Tech spec:<\/p>\n<ul>\n<li>High silicone hypereutectic alloy<\/li>\n<li>\u00a0Forced Pin oiling<\/li>\n<li>\u00a06.5cc bowl<\/li>\n<li>\u00a02mm bowl offset<\/li>\n<li>\u00a038.05mm compression height<\/li>\n<li>\u00a059.65mm total length<\/li>\n<li>\u00a01.2mm NPR Japan steel nitrided top ring<\/li>\n<li>\u00a01.2mm NPR Japan cast second ring<\/li>\n<li>\u00a04.0mm NPR Japan steel Nifflex oil ring<\/li>\n<li>\u00a0Running clearance 0.06mm (0.0025\u201d)<\/li>\n<li>\u00a060.0mm x 20.638mm pin size (press fit pin)<\/li>\n<li>\u00a0Case hardened pin to 57-65 HRC<\/li>\n<li>\u00a0Circlip grooves for floating pin (pin optional)<\/li>\n<\/ul>\n<p>&nbsp;<\/p>\n<p>Pistons are avalaible in three sizes: +20 \/ +40 \/ +60<\/p>\n<p>Sold as a set of 4 pistons.<\/p>","protected":false},"excerpt":{"rendered":"<p>Les pistons H\u00e9ritage Swiftune moul\u00e9s sont le r\u00e9sultat de 50 ans d&#8217;exp\u00e9rience. Glyn Swift utilisait ce type de pistons sur tous ses moteurs dans les ann\u00e9es 70. Ils sont con\u00e7us par un usineur allemand mondialement connu, et gr\u00e2ce \u00e0 l&#8217;\u00e9volution de la qualit\u00e9 de fabrication et des segments NPR (ces segments sont utilis\u00e9s sur les [&hellip;]<\/p>","protected":false},"featured_media":2076,"template":"","meta":[],"product_brand":[],"product_cat":[15,36],"product_tag":[92,87,158,66,82,80,182,162],"class_list":{"0":"post-866","1":"product","2":"type-product","3":"status-publish","4":"has-post-thumbnail","6":"product_cat-moteur","7":"product_cat-pistons-bielles","8":"product_tag-bielles","9":"product_tag-bloc","10":"product_tag-bloc-moteur","11":"product_tag-dimspeed","12":"product_tag-kit","13":"product_tag-pistons","14":"product_tag-route","15":"product_tag-swiftune","17":"first","18":"instock","19":"taxable","20":"shipping-taxable","21":"purchasable","22":"product-type-variable"},"yoast_head":"<!-- This site is optimized with the Yoast SEO plugin v27.1.1 - https:\/\/yoast.com\/product\/yoast-seo-wordpress\/ -->\n<title>Pistons H\u00e9ritage Swiftune - Dimspeed, l&#039;atelier de personnalisation automobile<\/title>\n<meta name=\"robots\" content=\"index, follow, max-snippet:-1, max-image-preview:large, max-video-preview:-1\" \/>\n<link rel=\"canonical\" href=\"https:\/\/dimspeed.com\/en\/product\/pistons-heritage-swiftune\/\" \/>\n<meta property=\"og:locale\" content=\"en_GB\" \/>\n<meta property=\"og:type\" content=\"article\" \/>\n<meta property=\"og:title\" content=\"Pistons H\u00e9ritage Swiftune - Dimspeed, l&#039;atelier de personnalisation automobile\" \/>\n<meta property=\"og:description\" content=\"Les pistons H\u00e9ritage Swiftune moul\u00e9s sont le r\u00e9sultat de 50 ans d&#8217;exp\u00e9rience. Glyn Swift utilisait ce type de pistons sur tous ses moteurs dans les ann\u00e9es 70. Ils sont con\u00e7us par un usineur allemand mondialement connu, et gr\u00e2ce \u00e0 l&#8217;\u00e9volution de la qualit\u00e9 de fabrication et des segments NPR (ces segments sont utilis\u00e9s sur les [&hellip;]\" \/>\n<meta property=\"og:url\" content=\"https:\/\/dimspeed.com\/en\/product\/pistons-heritage-swiftune\/\" \/>\n<meta property=\"og:site_name\" content=\"Dimspeed, l&#039;atelier de personnalisation automobile\" \/>\n<meta property=\"article:modified_time\" content=\"2026-02-02T10:25:22+00:00\" \/>\n<meta property=\"og:image\" content=\"https:\/\/dimspeed.com\/wp-content\/uploads\/2020\/12\/193_Pistons-Heritage-scaled.jpg\" \/>\n\t<meta property=\"og:image:width\" content=\"1440\" \/>\n\t<meta property=\"og:image:height\" content=\"1920\" \/>\n\t<meta property=\"og:image:type\" content=\"image\/jpeg\" \/>\n<meta name=\"twitter:card\" content=\"summary_large_image\" \/>\n<meta name=\"twitter:label1\" content=\"Estimated reading time\" \/>\n\t<meta name=\"twitter:data1\" content=\"2 minutes\" \/>\n<script type=\"application\/ld+json\" class=\"yoast-schema-graph\">{\"@context\":\"https:\/\/schema.org\",\"@graph\":[{\"@type\":\"WebPage\",\"@id\":\"https:\/\/dimspeed.com\/produit\/pistons-heritage-swiftune\/\",\"url\":\"https:\/\/dimspeed.com\/produit\/pistons-heritage-swiftune\/\",\"name\":\"Pistons H\u00e9ritage Swiftune - Dimspeed, l&#039;atelier de personnalisation automobile\",\"isPartOf\":{\"@id\":\"https:\/\/dimspeed.com\/#website\"},\"primaryImageOfPage\":{\"@id\":\"https:\/\/dimspeed.com\/produit\/pistons-heritage-swiftune\/#primaryimage\"},\"image\":{\"@id\":\"https:\/\/dimspeed.com\/produit\/pistons-heritage-swiftune\/#primaryimage\"},\"thumbnailUrl\":\"https:\/\/dimspeed.com\/wp-content\/uploads\/2020\/12\/193_Pistons-Heritage-scaled.jpg\",\"datePublished\":\"2020-12-31T15:06:47+00:00\",\"dateModified\":\"2026-02-02T10:25:22+00:00\",\"breadcrumb\":{\"@id\":\"https:\/\/dimspeed.com\/produit\/pistons-heritage-swiftune\/#breadcrumb\"},\"inLanguage\":\"en-GB\",\"potentialAction\":[{\"@type\":\"ReadAction\",\"target\":[\"https:\/\/dimspeed.com\/produit\/pistons-heritage-swiftune\/\"]}]},{\"@type\":\"ImageObject\",\"inLanguage\":\"en-GB\",\"@id\":\"https:\/\/dimspeed.com\/produit\/pistons-heritage-swiftune\/#primaryimage\",\"url\":\"https:\/\/dimspeed.com\/wp-content\/uploads\/2020\/12\/193_Pistons-Heritage-scaled.jpg\",\"contentUrl\":\"https:\/\/dimspeed.com\/wp-content\/uploads\/2020\/12\/193_Pistons-Heritage-scaled.jpg\",\"width\":1440,\"height\":1920},{\"@type\":\"BreadcrumbList\",\"@id\":\"https:\/\/dimspeed.com\/produit\/pistons-heritage-swiftune\/#breadcrumb\",\"itemListElement\":[{\"@type\":\"ListItem\",\"position\":1,\"name\":\"Accueil\",\"item\":\"https:\/\/dimspeed.com\/\"},{\"@type\":\"ListItem\",\"position\":2,\"name\":\"Boutique\",\"item\":\"https:\/\/dimspeed.com\/boutique\/\"},{\"@type\":\"ListItem\",\"position\":3,\"name\":\"Pistons H\u00e9ritage Swiftune\"}]},{\"@type\":\"WebSite\",\"@id\":\"https:\/\/dimspeed.com\/#website\",\"url\":\"https:\/\/dimspeed.com\/\",\"name\":\"Dimspeed, l&#039;atelier de personnalisation automobile\",\"description\":\"MOTORISTE comp\u00e9tition et collection SPECIALISTE moteur A-SERIE\",\"publisher\":{\"@id\":\"https:\/\/dimspeed.com\/#organization\"},\"potentialAction\":[{\"@type\":\"SearchAction\",\"target\":{\"@type\":\"EntryPoint\",\"urlTemplate\":\"https:\/\/dimspeed.com\/?s={search_term_string}\"},\"query-input\":{\"@type\":\"PropertyValueSpecification\",\"valueRequired\":true,\"valueName\":\"search_term_string\"}}],\"inLanguage\":\"en-GB\"},{\"@type\":\"Organization\",\"@id\":\"https:\/\/dimspeed.com\/#organization\",\"name\":\"Dimspeed, l&#039;atelier de personnalisation automobile\",\"url\":\"https:\/\/dimspeed.com\/\",\"logo\":{\"@type\":\"ImageObject\",\"inLanguage\":\"en-GB\",\"@id\":\"https:\/\/dimspeed.com\/#\/schema\/logo\/image\/\",\"url\":\"https:\/\/dimspeed.com\/wp-content\/uploads\/2020\/11\/logo-site.png\",\"contentUrl\":\"https:\/\/dimspeed.com\/wp-content\/uploads\/2020\/11\/logo-site.png\",\"width\":486,\"height\":178,\"caption\":\"Dimspeed, l&#039;atelier de personnalisation automobile\"},\"image\":{\"@id\":\"https:\/\/dimspeed.com\/#\/schema\/logo\/image\/\"}}]}<\/script>\n<!-- \/ Yoast SEO plugin. -->","yoast_head_json":{"title":"Pistons H\u00e9ritage Swiftune - Dimspeed, l&#039;atelier de personnalisation automobile","robots":{"index":"index","follow":"follow","max-snippet":"max-snippet:-1","max-image-preview":"max-image-preview:large","max-video-preview":"max-video-preview:-1"},"canonical":"https:\/\/dimspeed.com\/en\/product\/pistons-heritage-swiftune\/","og_locale":"en_GB","og_type":"article","og_title":"Pistons H\u00e9ritage Swiftune - Dimspeed, l&#039;atelier de personnalisation automobile","og_description":"Les pistons H\u00e9ritage Swiftune moul\u00e9s sont le r\u00e9sultat de 50 ans d&#8217;exp\u00e9rience. Glyn Swift utilisait ce type de pistons sur tous ses moteurs dans les ann\u00e9es 70. Ils sont con\u00e7us par un usineur allemand mondialement connu, et gr\u00e2ce \u00e0 l&#8217;\u00e9volution de la qualit\u00e9 de fabrication et des segments NPR (ces segments sont utilis\u00e9s sur les [&hellip;]","og_url":"https:\/\/dimspeed.com\/en\/product\/pistons-heritage-swiftune\/","og_site_name":"Dimspeed, l&#039;atelier de personnalisation automobile","article_modified_time":"2026-02-02T10:25:22+00:00","og_image":[{"width":1440,"height":1920,"url":"https:\/\/dimspeed.com\/wp-content\/uploads\/2020\/12\/193_Pistons-Heritage-scaled.jpg","type":"image\/jpeg"}],"twitter_card":"summary_large_image","twitter_misc":{"Estimated reading time":"2 minutes"},"schema":{"@context":"https:\/\/schema.org","@graph":[{"@type":"WebPage","@id":"https:\/\/dimspeed.com\/produit\/pistons-heritage-swiftune\/","url":"https:\/\/dimspeed.com\/produit\/pistons-heritage-swiftune\/","name":"Pistons H\u00e9ritage Swiftune - Dimspeed, l&#039;atelier de personnalisation automobile","isPartOf":{"@id":"https:\/\/dimspeed.com\/#website"},"primaryImageOfPage":{"@id":"https:\/\/dimspeed.com\/produit\/pistons-heritage-swiftune\/#primaryimage"},"image":{"@id":"https:\/\/dimspeed.com\/produit\/pistons-heritage-swiftune\/#primaryimage"},"thumbnailUrl":"https:\/\/dimspeed.com\/wp-content\/uploads\/2020\/12\/193_Pistons-Heritage-scaled.jpg","datePublished":"2020-12-31T15:06:47+00:00","dateModified":"2026-02-02T10:25:22+00:00","breadcrumb":{"@id":"https:\/\/dimspeed.com\/produit\/pistons-heritage-swiftune\/#breadcrumb"},"inLanguage":"en-GB","potentialAction":[{"@type":"ReadAction","target":["https:\/\/dimspeed.com\/produit\/pistons-heritage-swiftune\/"]}]},{"@type":"ImageObject","inLanguage":"en-GB","@id":"https:\/\/dimspeed.com\/produit\/pistons-heritage-swiftune\/#primaryimage","url":"https:\/\/dimspeed.com\/wp-content\/uploads\/2020\/12\/193_Pistons-Heritage-scaled.jpg","contentUrl":"https:\/\/dimspeed.com\/wp-content\/uploads\/2020\/12\/193_Pistons-Heritage-scaled.jpg","width":1440,"height":1920},{"@type":"BreadcrumbList","@id":"https:\/\/dimspeed.com\/produit\/pistons-heritage-swiftune\/#breadcrumb","itemListElement":[{"@type":"ListItem","position":1,"name":"Accueil","item":"https:\/\/dimspeed.com\/"},{"@type":"ListItem","position":2,"name":"Boutique","item":"https:\/\/dimspeed.com\/boutique\/"},{"@type":"ListItem","position":3,"name":"Pistons H\u00e9ritage Swiftune"}]},{"@type":"WebSite","@id":"https:\/\/dimspeed.com\/#website","url":"https:\/\/dimspeed.com\/","name":"Dimspeed, l&#039;atelier de personnalisation automobile","description":"MOTORISTE comp\u00e9tition et collection SPECIALISTE moteur A-SERIE","publisher":{"@id":"https:\/\/dimspeed.com\/#organization"},"potentialAction":[{"@type":"SearchAction","target":{"@type":"EntryPoint","urlTemplate":"https:\/\/dimspeed.com\/?s={search_term_string}"},"query-input":{"@type":"PropertyValueSpecification","valueRequired":true,"valueName":"search_term_string"}}],"inLanguage":"en-GB"},{"@type":"Organization","@id":"https:\/\/dimspeed.com\/#organization","name":"Dimspeed, l&#039;atelier de personnalisation automobile","url":"https:\/\/dimspeed.com\/","logo":{"@type":"ImageObject","inLanguage":"en-GB","@id":"https:\/\/dimspeed.com\/#\/schema\/logo\/image\/","url":"https:\/\/dimspeed.com\/wp-content\/uploads\/2020\/11\/logo-site.png","contentUrl":"https:\/\/dimspeed.com\/wp-content\/uploads\/2020\/11\/logo-site.png","width":486,"height":178,"caption":"Dimspeed, l&#039;atelier de personnalisation automobile"},"image":{"@id":"https:\/\/dimspeed.com\/#\/schema\/logo\/image\/"}}]}},"_links":{"self":[{"href":"https:\/\/dimspeed.com\/en\/wp-json\/wp\/v2\/product\/866","targetHints":{"allow":["GET"]}}],"collection":[{"href":"https:\/\/dimspeed.com\/en\/wp-json\/wp\/v2\/product"}],"about":[{"href":"https:\/\/dimspeed.com\/en\/wp-json\/wp\/v2\/types\/product"}],"version-history":[{"count":2,"href":"https:\/\/dimspeed.com\/en\/wp-json\/wp\/v2\/product\/866\/revisions"}],"predecessor-version":[{"id":7337,"href":"https:\/\/dimspeed.com\/en\/wp-json\/wp\/v2\/product\/866\/revisions\/7337"}],"wp:featuredmedia":[{"embeddable":true,"href":"https:\/\/dimspeed.com\/en\/wp-json\/wp\/v2\/media\/2076"}],"wp:attachment":[{"href":"https:\/\/dimspeed.com\/en\/wp-json\/wp\/v2\/media?parent=866"}],"wp:term":[{"taxonomy":"product_brand","embeddable":true,"href":"https:\/\/dimspeed.com\/en\/wp-json\/wp\/v2\/product_brand?post=866"},{"taxonomy":"product_cat","embeddable":true,"href":"https:\/\/dimspeed.com\/en\/wp-json\/wp\/v2\/product_cat?post=866"},{"taxonomy":"product_tag","embeddable":true,"href":"https:\/\/dimspeed.com\/en\/wp-json\/wp\/v2\/product_tag?post=866"}],"curies":[{"name":"wp","href":"https:\/\/api.w.org\/{rel}","templated":true}]}}