{"id":845,"date":"2020-12-31T15:13:45","date_gmt":"2020-12-31T14:13:45","guid":{"rendered":"https:\/\/dimspeed.com\/?post_type=product&#038;p=845"},"modified":"2025-02-14T11:39:19","modified_gmt":"2025-02-14T10:39:19","slug":"deflecteur-dhuile-de-vilebrequin","status":"publish","type":"product","link":"https:\/\/dimspeed.com\/en\/product\/deflecteur-dhuile-de-vilebrequin\/","title":{"rendered":"Timing Cover Oil Seal Thrower"},"content":{"rendered":"<p>The oil thrower protects the oil seal from excess leaking.<\/p>\n<p>Sold individually.<\/p>","protected":false},"excerpt":{"rendered":"<p>Plaque qui prot\u00e8ge le joint spi du carter de distribution d&#8217;une fuite d&#8217;huile excessive. Vendue \u00e0 l&#8217;unit\u00e9.<\/p>","protected":false},"featured_media":846,"template":"","meta":[],"product_brand":[],"product_cat":[15,33],"product_tag":[87,158,58,89,90],"class_list":{"0":"post-845","1":"product","2":"type-product","3":"status-publish","4":"has-post-thumbnail","6":"product_cat-moteur","7":"product_cat-distribution","8":"product_tag-bloc","9":"product_tag-bloc-moteur","10":"product_tag-distri","11":"product_tag-huile","12":"product_tag-vilebrequin","14":"first","15":"outofstock","16":"taxable","17":"shipping-taxable","18":"purchasable","19":"product-type-simple"},"yoast_head":"<!-- This site is optimized with the Yoast SEO plugin v27.1.1 - https:\/\/yoast.com\/product\/yoast-seo-wordpress\/ -->\n<title>D\u00e9flecteur d&#039;Huile de Vilebrequin - Dimspeed, l&#039;atelier de personnalisation automobile<\/title>\n<meta name=\"robots\" content=\"index, follow, max-snippet:-1, max-image-preview:large, max-video-preview:-1\" \/>\n<link rel=\"canonical\" href=\"https:\/\/dimspeed.com\/en\/product\/deflecteur-dhuile-de-vilebrequin\/\" \/>\n<meta property=\"og:locale\" content=\"en_GB\" \/>\n<meta property=\"og:type\" content=\"article\" \/>\n<meta property=\"og:title\" content=\"D\u00e9flecteur d&#039;Huile de Vilebrequin - Dimspeed, l&#039;atelier de personnalisation automobile\" \/>\n<meta property=\"og:description\" content=\"Plaque qui prot\u00e8ge le joint spi du carter de distribution d&#8217;une fuite d&#8217;huile excessive. Vendue \u00e0 l&#8217;unit\u00e9.\" \/>\n<meta property=\"og:url\" content=\"https:\/\/dimspeed.com\/en\/product\/deflecteur-dhuile-de-vilebrequin\/\" \/>\n<meta property=\"og:site_name\" content=\"Dimspeed, l&#039;atelier de personnalisation automobile\" \/>\n<meta property=\"article:modified_time\" content=\"2025-02-14T10:39:19+00:00\" \/>\n<meta property=\"og:image\" content=\"https:\/\/dimspeed.com\/wp-content\/uploads\/2020\/12\/D\u00e9flecteur-dhuile-de-vilebrequin-01.jpg\" \/>\n\t<meta property=\"og:image:width\" content=\"500\" \/>\n\t<meta property=\"og:image:height\" content=\"500\" \/>\n\t<meta property=\"og:image:type\" content=\"image\/jpeg\" \/>\n<meta name=\"twitter:card\" content=\"summary_large_image\" \/>\n<script type=\"application\/ld+json\" class=\"yoast-schema-graph\">{\"@context\":\"https:\/\/schema.org\",\"@graph\":[{\"@type\":\"WebPage\",\"@id\":\"https:\/\/dimspeed.com\/produit\/deflecteur-dhuile-de-vilebrequin\/\",\"url\":\"https:\/\/dimspeed.com\/produit\/deflecteur-dhuile-de-vilebrequin\/\",\"name\":\"D\u00e9flecteur d'Huile de Vilebrequin - Dimspeed, l&#039;atelier de personnalisation automobile\",\"isPartOf\":{\"@id\":\"https:\/\/dimspeed.com\/#website\"},\"primaryImageOfPage\":{\"@id\":\"https:\/\/dimspeed.com\/produit\/deflecteur-dhuile-de-vilebrequin\/#primaryimage\"},\"image\":{\"@id\":\"https:\/\/dimspeed.com\/produit\/deflecteur-dhuile-de-vilebrequin\/#primaryimage\"},\"thumbnailUrl\":\"https:\/\/dimspeed.com\/wp-content\/uploads\/2020\/12\/D\u00e9flecteur-dhuile-de-vilebrequin-01.jpg\",\"datePublished\":\"2020-12-31T14:13:45+00:00\",\"dateModified\":\"2025-02-14T10:39:19+00:00\",\"breadcrumb\":{\"@id\":\"https:\/\/dimspeed.com\/produit\/deflecteur-dhuile-de-vilebrequin\/#breadcrumb\"},\"inLanguage\":\"en-GB\",\"potentialAction\":[{\"@type\":\"ReadAction\",\"target\":[\"https:\/\/dimspeed.com\/produit\/deflecteur-dhuile-de-vilebrequin\/\"]}]},{\"@type\":\"ImageObject\",\"inLanguage\":\"en-GB\",\"@id\":\"https:\/\/dimspeed.com\/produit\/deflecteur-dhuile-de-vilebrequin\/#primaryimage\",\"url\":\"https:\/\/dimspeed.com\/wp-content\/uploads\/2020\/12\/D\u00e9flecteur-dhuile-de-vilebrequin-01.jpg\",\"contentUrl\":\"https:\/\/dimspeed.com\/wp-content\/uploads\/2020\/12\/D\u00e9flecteur-dhuile-de-vilebrequin-01.jpg\",\"width\":500,\"height\":500},{\"@type\":\"BreadcrumbList\",\"@id\":\"https:\/\/dimspeed.com\/produit\/deflecteur-dhuile-de-vilebrequin\/#breadcrumb\",\"itemListElement\":[{\"@type\":\"ListItem\",\"position\":1,\"name\":\"Accueil\",\"item\":\"https:\/\/dimspeed.com\/\"},{\"@type\":\"ListItem\",\"position\":2,\"name\":\"Boutique\",\"item\":\"https:\/\/dimspeed.com\/boutique\/\"},{\"@type\":\"ListItem\",\"position\":3,\"name\":\"D\u00e9flecteur d&#8217;Huile de Vilebrequin\"}]},{\"@type\":\"WebSite\",\"@id\":\"https:\/\/dimspeed.com\/#website\",\"url\":\"https:\/\/dimspeed.com\/\",\"name\":\"Dimspeed, l&#039;atelier de personnalisation automobile\",\"description\":\"MOTORISTE comp\u00e9tition et collection SPECIALISTE moteur A-SERIE\",\"publisher\":{\"@id\":\"https:\/\/dimspeed.com\/#organization\"},\"potentialAction\":[{\"@type\":\"SearchAction\",\"target\":{\"@type\":\"EntryPoint\",\"urlTemplate\":\"https:\/\/dimspeed.com\/?s={search_term_string}\"},\"query-input\":{\"@type\":\"PropertyValueSpecification\",\"valueRequired\":true,\"valueName\":\"search_term_string\"}}],\"inLanguage\":\"en-GB\"},{\"@type\":\"Organization\",\"@id\":\"https:\/\/dimspeed.com\/#organization\",\"name\":\"Dimspeed, l&#039;atelier de personnalisation automobile\",\"url\":\"https:\/\/dimspeed.com\/\",\"logo\":{\"@type\":\"ImageObject\",\"inLanguage\":\"en-GB\",\"@id\":\"https:\/\/dimspeed.com\/#\/schema\/logo\/image\/\",\"url\":\"https:\/\/dimspeed.com\/wp-content\/uploads\/2020\/11\/logo-site.png\",\"contentUrl\":\"https:\/\/dimspeed.com\/wp-content\/uploads\/2020\/11\/logo-site.png\",\"width\":486,\"height\":178,\"caption\":\"Dimspeed, l&#039;atelier de personnalisation automobile\"},\"image\":{\"@id\":\"https:\/\/dimspeed.com\/#\/schema\/logo\/image\/\"}}]}<\/script>\n<!-- \/ Yoast SEO plugin. -->","yoast_head_json":{"title":"D\u00e9flecteur d'Huile de Vilebrequin - Dimspeed, l&#039;atelier de personnalisation automobile","robots":{"index":"index","follow":"follow","max-snippet":"max-snippet:-1","max-image-preview":"max-image-preview:large","max-video-preview":"max-video-preview:-1"},"canonical":"https:\/\/dimspeed.com\/en\/product\/deflecteur-dhuile-de-vilebrequin\/","og_locale":"en_GB","og_type":"article","og_title":"D\u00e9flecteur d'Huile de Vilebrequin - Dimspeed, l&#039;atelier de personnalisation automobile","og_description":"Plaque qui prot\u00e8ge le joint spi du carter de distribution d&#8217;une fuite d&#8217;huile excessive. Vendue \u00e0 l&#8217;unit\u00e9.","og_url":"https:\/\/dimspeed.com\/en\/product\/deflecteur-dhuile-de-vilebrequin\/","og_site_name":"Dimspeed, l&#039;atelier de personnalisation automobile","article_modified_time":"2025-02-14T10:39:19+00:00","og_image":[{"width":500,"height":500,"url":"https:\/\/dimspeed.com\/wp-content\/uploads\/2020\/12\/D\u00e9flecteur-dhuile-de-vilebrequin-01.jpg","type":"image\/jpeg"}],"twitter_card":"summary_large_image","schema":{"@context":"https:\/\/schema.org","@graph":[{"@type":"WebPage","@id":"https:\/\/dimspeed.com\/produit\/deflecteur-dhuile-de-vilebrequin\/","url":"https:\/\/dimspeed.com\/produit\/deflecteur-dhuile-de-vilebrequin\/","name":"D\u00e9flecteur d'Huile de Vilebrequin - Dimspeed, l&#039;atelier de personnalisation automobile","isPartOf":{"@id":"https:\/\/dimspeed.com\/#website"},"primaryImageOfPage":{"@id":"https:\/\/dimspeed.com\/produit\/deflecteur-dhuile-de-vilebrequin\/#primaryimage"},"image":{"@id":"https:\/\/dimspeed.com\/produit\/deflecteur-dhuile-de-vilebrequin\/#primaryimage"},"thumbnailUrl":"https:\/\/dimspeed.com\/wp-content\/uploads\/2020\/12\/D\u00e9flecteur-dhuile-de-vilebrequin-01.jpg","datePublished":"2020-12-31T14:13:45+00:00","dateModified":"2025-02-14T10:39:19+00:00","breadcrumb":{"@id":"https:\/\/dimspeed.com\/produit\/deflecteur-dhuile-de-vilebrequin\/#breadcrumb"},"inLanguage":"en-GB","potentialAction":[{"@type":"ReadAction","target":["https:\/\/dimspeed.com\/produit\/deflecteur-dhuile-de-vilebrequin\/"]}]},{"@type":"ImageObject","inLanguage":"en-GB","@id":"https:\/\/dimspeed.com\/produit\/deflecteur-dhuile-de-vilebrequin\/#primaryimage","url":"https:\/\/dimspeed.com\/wp-content\/uploads\/2020\/12\/D\u00e9flecteur-dhuile-de-vilebrequin-01.jpg","contentUrl":"https:\/\/dimspeed.com\/wp-content\/uploads\/2020\/12\/D\u00e9flecteur-dhuile-de-vilebrequin-01.jpg","width":500,"height":500},{"@type":"BreadcrumbList","@id":"https:\/\/dimspeed.com\/produit\/deflecteur-dhuile-de-vilebrequin\/#breadcrumb","itemListElement":[{"@type":"ListItem","position":1,"name":"Accueil","item":"https:\/\/dimspeed.com\/"},{"@type":"ListItem","position":2,"name":"Boutique","item":"https:\/\/dimspeed.com\/boutique\/"},{"@type":"ListItem","position":3,"name":"D\u00e9flecteur d&#8217;Huile de Vilebrequin"}]},{"@type":"WebSite","@id":"https:\/\/dimspeed.com\/#website","url":"https:\/\/dimspeed.com\/","name":"Dimspeed, l&#039;atelier de personnalisation automobile","description":"MOTORISTE comp\u00e9tition et collection SPECIALISTE moteur A-SERIE","publisher":{"@id":"https:\/\/dimspeed.com\/#organization"},"potentialAction":[{"@type":"SearchAction","target":{"@type":"EntryPoint","urlTemplate":"https:\/\/dimspeed.com\/?s={search_term_string}"},"query-input":{"@type":"PropertyValueSpecification","valueRequired":true,"valueName":"search_term_string"}}],"inLanguage":"en-GB"},{"@type":"Organization","@id":"https:\/\/dimspeed.com\/#organization","name":"Dimspeed, l&#039;atelier de personnalisation automobile","url":"https:\/\/dimspeed.com\/","logo":{"@type":"ImageObject","inLanguage":"en-GB","@id":"https:\/\/dimspeed.com\/#\/schema\/logo\/image\/","url":"https:\/\/dimspeed.com\/wp-content\/uploads\/2020\/11\/logo-site.png","contentUrl":"https:\/\/dimspeed.com\/wp-content\/uploads\/2020\/11\/logo-site.png","width":486,"height":178,"caption":"Dimspeed, l&#039;atelier de personnalisation automobile"},"image":{"@id":"https:\/\/dimspeed.com\/#\/schema\/logo\/image\/"}}]}},"_links":{"self":[{"href":"https:\/\/dimspeed.com\/en\/wp-json\/wp\/v2\/product\/845","targetHints":{"allow":["GET"]}}],"collection":[{"href":"https:\/\/dimspeed.com\/en\/wp-json\/wp\/v2\/product"}],"about":[{"href":"https:\/\/dimspeed.com\/en\/wp-json\/wp\/v2\/types\/product"}],"version-history":[{"count":2,"href":"https:\/\/dimspeed.com\/en\/wp-json\/wp\/v2\/product\/845\/revisions"}],"predecessor-version":[{"id":4013,"href":"https:\/\/dimspeed.com\/en\/wp-json\/wp\/v2\/product\/845\/revisions\/4013"}],"wp:featuredmedia":[{"embeddable":true,"href":"https:\/\/dimspeed.com\/en\/wp-json\/wp\/v2\/media\/846"}],"wp:attachment":[{"href":"https:\/\/dimspeed.com\/en\/wp-json\/wp\/v2\/media?parent=845"}],"wp:term":[{"taxonomy":"product_brand","embeddable":true,"href":"https:\/\/dimspeed.com\/en\/wp-json\/wp\/v2\/product_brand?post=845"},{"taxonomy":"product_cat","embeddable":true,"href":"https:\/\/dimspeed.com\/en\/wp-json\/wp\/v2\/product_cat?post=845"},{"taxonomy":"product_tag","embeddable":true,"href":"https:\/\/dimspeed.com\/en\/wp-json\/wp\/v2\/product_tag?post=845"}],"curies":[{"name":"wp","href":"https:\/\/api.w.org\/{rel}","templated":true}]}}