{"id":839,"date":"2020-12-31T15:08:50","date_gmt":"2020-12-31T14:08:50","guid":{"rendered":"https:\/\/dimspeed.com\/?post_type=product&#038;p=839"},"modified":"2025-07-29T11:06:04","modified_gmt":"2025-07-29T09:06:04","slug":"kit-plaque-triangulaire-darbre-a-cames-pour-mini","status":"publish","type":"product","link":"https:\/\/dimspeed.com\/en\/product\/kit-plaque-triangulaire-darbre-a-cames-pour-mini\/","title":{"rendered":"Camshaft Triangle Plate Kit"},"content":{"rendered":"<p>The camshaft triangle plate hold the cam to the block. There is a bearing surface on the plate which wears over time, when this happens the camshaft can literally move back and forth.  The triangle thrust plate should be replaced when rebuilding an engine the same as you would with any other bearing or thrust washer.<\/p>\n<p>This set includes:<\/p>\n<ul>\n<li>\u00a01 x camshaft triangle plate<\/li>\n<li>\u00a03 x screws<\/li>\n<li>\u00a03 x washers<\/li>\n<\/ul>","protected":false},"excerpt":{"rendered":"<p>Cette plaque sert au maintien de l&#8217;arbre \u00e0 cames. Si cette plaque est us\u00e9e, votre jeu lat\u00e9ral sera important. Nous vous recommendons de changer cette plaque \u00e0 chaque r\u00e9flexion moteur. Le kit inclut: \u00a01 x plaque triangulaire \u00a03 x vis \u00a03 x rondelles<\/p>","protected":false},"featured_media":840,"template":"","meta":[],"product_brand":[],"product_cat":[15,46,33,41],"product_tag":[61,87,158,66,82],"class_list":{"0":"post-839","1":"product","2":"type-product","3":"status-publish","4":"has-post-thumbnail","6":"product_cat-moteur","7":"product_cat-arbre-a-came","8":"product_cat-distribution","9":"product_cat-kit","10":"product_tag-aac","11":"product_tag-bloc","12":"product_tag-bloc-moteur","13":"product_tag-dimspeed","14":"product_tag-kit","16":"first","17":"instock","18":"taxable","19":"shipping-taxable","20":"purchasable","21":"product-type-simple"},"yoast_head":"<!-- This site is optimized with the Yoast SEO plugin v27.1.1 - https:\/\/yoast.com\/product\/yoast-seo-wordpress\/ -->\n<title>Kit Plaque Triangulaire d\u2019Arbre \u00e0 Cames - Dimspeed, l&#039;atelier de personnalisation automobile<\/title>\n<meta name=\"robots\" content=\"index, follow, max-snippet:-1, max-image-preview:large, max-video-preview:-1\" \/>\n<link rel=\"canonical\" href=\"https:\/\/dimspeed.com\/en\/product\/kit-plaque-triangulaire-darbre-a-cames-pour-mini\/\" \/>\n<meta property=\"og:locale\" content=\"en_GB\" \/>\n<meta property=\"og:type\" content=\"article\" \/>\n<meta property=\"og:title\" content=\"Kit Plaque Triangulaire d\u2019Arbre \u00e0 Cames - Dimspeed, l&#039;atelier de personnalisation automobile\" \/>\n<meta property=\"og:description\" content=\"Cette plaque sert au maintien de l&#8217;arbre \u00e0 cames. Si cette plaque est us\u00e9e, votre jeu lat\u00e9ral sera important. Nous vous recommendons de changer cette plaque \u00e0 chaque r\u00e9flexion moteur. Le kit inclut: \u00a01 x plaque triangulaire \u00a03 x vis \u00a03 x rondelles\" \/>\n<meta property=\"og:url\" content=\"https:\/\/dimspeed.com\/en\/product\/kit-plaque-triangulaire-darbre-a-cames-pour-mini\/\" \/>\n<meta property=\"og:site_name\" content=\"Dimspeed, l&#039;atelier de personnalisation automobile\" \/>\n<meta property=\"article:modified_time\" content=\"2025-07-29T09:06:04+00:00\" \/>\n<meta property=\"og:image\" content=\"https:\/\/dimspeed.com\/wp-content\/uploads\/2020\/12\/Kit-Plaque-Triangulaire-d\u2019arbre-\u00e0-cames-pour-Mini-01.jpg\" \/>\n\t<meta property=\"og:image:width\" content=\"500\" \/>\n\t<meta property=\"og:image:height\" content=\"500\" \/>\n\t<meta property=\"og:image:type\" content=\"image\/jpeg\" \/>\n<meta name=\"twitter:card\" content=\"summary_large_image\" \/>\n<script type=\"application\/ld+json\" class=\"yoast-schema-graph\">{\"@context\":\"https:\/\/schema.org\",\"@graph\":[{\"@type\":\"WebPage\",\"@id\":\"https:\/\/dimspeed.com\/produit\/kit-plaque-triangulaire-darbre-a-cames-pour-mini\/\",\"url\":\"https:\/\/dimspeed.com\/produit\/kit-plaque-triangulaire-darbre-a-cames-pour-mini\/\",\"name\":\"Kit Plaque Triangulaire d\u2019Arbre \u00e0 Cames - Dimspeed, l&#039;atelier de personnalisation automobile\",\"isPartOf\":{\"@id\":\"https:\/\/dimspeed.com\/#website\"},\"primaryImageOfPage\":{\"@id\":\"https:\/\/dimspeed.com\/produit\/kit-plaque-triangulaire-darbre-a-cames-pour-mini\/#primaryimage\"},\"image\":{\"@id\":\"https:\/\/dimspeed.com\/produit\/kit-plaque-triangulaire-darbre-a-cames-pour-mini\/#primaryimage\"},\"thumbnailUrl\":\"https:\/\/dimspeed.com\/wp-content\/uploads\/2020\/12\/Kit-Plaque-Triangulaire-d\u2019arbre-\u00e0-cames-pour-Mini-01.jpg\",\"datePublished\":\"2020-12-31T14:08:50+00:00\",\"dateModified\":\"2025-07-29T09:06:04+00:00\",\"breadcrumb\":{\"@id\":\"https:\/\/dimspeed.com\/produit\/kit-plaque-triangulaire-darbre-a-cames-pour-mini\/#breadcrumb\"},\"inLanguage\":\"en-GB\",\"potentialAction\":[{\"@type\":\"ReadAction\",\"target\":[\"https:\/\/dimspeed.com\/produit\/kit-plaque-triangulaire-darbre-a-cames-pour-mini\/\"]}]},{\"@type\":\"ImageObject\",\"inLanguage\":\"en-GB\",\"@id\":\"https:\/\/dimspeed.com\/produit\/kit-plaque-triangulaire-darbre-a-cames-pour-mini\/#primaryimage\",\"url\":\"https:\/\/dimspeed.com\/wp-content\/uploads\/2020\/12\/Kit-Plaque-Triangulaire-d\u2019arbre-\u00e0-cames-pour-Mini-01.jpg\",\"contentUrl\":\"https:\/\/dimspeed.com\/wp-content\/uploads\/2020\/12\/Kit-Plaque-Triangulaire-d\u2019arbre-\u00e0-cames-pour-Mini-01.jpg\",\"width\":500,\"height\":500},{\"@type\":\"BreadcrumbList\",\"@id\":\"https:\/\/dimspeed.com\/produit\/kit-plaque-triangulaire-darbre-a-cames-pour-mini\/#breadcrumb\",\"itemListElement\":[{\"@type\":\"ListItem\",\"position\":1,\"name\":\"Accueil\",\"item\":\"https:\/\/dimspeed.com\/\"},{\"@type\":\"ListItem\",\"position\":2,\"name\":\"Boutique\",\"item\":\"https:\/\/dimspeed.com\/boutique\/\"},{\"@type\":\"ListItem\",\"position\":3,\"name\":\"Kit Plaque Triangulaire d\u2019Arbre \u00e0 Cames\"}]},{\"@type\":\"WebSite\",\"@id\":\"https:\/\/dimspeed.com\/#website\",\"url\":\"https:\/\/dimspeed.com\/\",\"name\":\"Dimspeed, l&#039;atelier de personnalisation automobile\",\"description\":\"MOTORISTE comp\u00e9tition et collection SPECIALISTE moteur A-SERIE\",\"publisher\":{\"@id\":\"https:\/\/dimspeed.com\/#organization\"},\"potentialAction\":[{\"@type\":\"SearchAction\",\"target\":{\"@type\":\"EntryPoint\",\"urlTemplate\":\"https:\/\/dimspeed.com\/?s={search_term_string}\"},\"query-input\":{\"@type\":\"PropertyValueSpecification\",\"valueRequired\":true,\"valueName\":\"search_term_string\"}}],\"inLanguage\":\"en-GB\"},{\"@type\":\"Organization\",\"@id\":\"https:\/\/dimspeed.com\/#organization\",\"name\":\"Dimspeed, l&#039;atelier de personnalisation automobile\",\"url\":\"https:\/\/dimspeed.com\/\",\"logo\":{\"@type\":\"ImageObject\",\"inLanguage\":\"en-GB\",\"@id\":\"https:\/\/dimspeed.com\/#\/schema\/logo\/image\/\",\"url\":\"https:\/\/dimspeed.com\/wp-content\/uploads\/2020\/11\/logo-site.png\",\"contentUrl\":\"https:\/\/dimspeed.com\/wp-content\/uploads\/2020\/11\/logo-site.png\",\"width\":486,\"height\":178,\"caption\":\"Dimspeed, l&#039;atelier de personnalisation automobile\"},\"image\":{\"@id\":\"https:\/\/dimspeed.com\/#\/schema\/logo\/image\/\"}}]}<\/script>\n<!-- \/ Yoast SEO plugin. -->","yoast_head_json":{"title":"Kit Plaque Triangulaire d\u2019Arbre \u00e0 Cames - Dimspeed, l&#039;atelier de personnalisation automobile","robots":{"index":"index","follow":"follow","max-snippet":"max-snippet:-1","max-image-preview":"max-image-preview:large","max-video-preview":"max-video-preview:-1"},"canonical":"https:\/\/dimspeed.com\/en\/product\/kit-plaque-triangulaire-darbre-a-cames-pour-mini\/","og_locale":"en_GB","og_type":"article","og_title":"Kit Plaque Triangulaire d\u2019Arbre \u00e0 Cames - Dimspeed, l&#039;atelier de personnalisation automobile","og_description":"Cette plaque sert au maintien de l&#8217;arbre \u00e0 cames. Si cette plaque est us\u00e9e, votre jeu lat\u00e9ral sera important. Nous vous recommendons de changer cette plaque \u00e0 chaque r\u00e9flexion moteur. Le kit inclut: \u00a01 x plaque triangulaire \u00a03 x vis \u00a03 x rondelles","og_url":"https:\/\/dimspeed.com\/en\/product\/kit-plaque-triangulaire-darbre-a-cames-pour-mini\/","og_site_name":"Dimspeed, l&#039;atelier de personnalisation automobile","article_modified_time":"2025-07-29T09:06:04+00:00","og_image":[{"width":500,"height":500,"url":"https:\/\/dimspeed.com\/wp-content\/uploads\/2020\/12\/Kit-Plaque-Triangulaire-d\u2019arbre-\u00e0-cames-pour-Mini-01.jpg","type":"image\/jpeg"}],"twitter_card":"summary_large_image","schema":{"@context":"https:\/\/schema.org","@graph":[{"@type":"WebPage","@id":"https:\/\/dimspeed.com\/produit\/kit-plaque-triangulaire-darbre-a-cames-pour-mini\/","url":"https:\/\/dimspeed.com\/produit\/kit-plaque-triangulaire-darbre-a-cames-pour-mini\/","name":"Kit Plaque Triangulaire d\u2019Arbre \u00e0 Cames - Dimspeed, l&#039;atelier de personnalisation automobile","isPartOf":{"@id":"https:\/\/dimspeed.com\/#website"},"primaryImageOfPage":{"@id":"https:\/\/dimspeed.com\/produit\/kit-plaque-triangulaire-darbre-a-cames-pour-mini\/#primaryimage"},"image":{"@id":"https:\/\/dimspeed.com\/produit\/kit-plaque-triangulaire-darbre-a-cames-pour-mini\/#primaryimage"},"thumbnailUrl":"https:\/\/dimspeed.com\/wp-content\/uploads\/2020\/12\/Kit-Plaque-Triangulaire-d\u2019arbre-\u00e0-cames-pour-Mini-01.jpg","datePublished":"2020-12-31T14:08:50+00:00","dateModified":"2025-07-29T09:06:04+00:00","breadcrumb":{"@id":"https:\/\/dimspeed.com\/produit\/kit-plaque-triangulaire-darbre-a-cames-pour-mini\/#breadcrumb"},"inLanguage":"en-GB","potentialAction":[{"@type":"ReadAction","target":["https:\/\/dimspeed.com\/produit\/kit-plaque-triangulaire-darbre-a-cames-pour-mini\/"]}]},{"@type":"ImageObject","inLanguage":"en-GB","@id":"https:\/\/dimspeed.com\/produit\/kit-plaque-triangulaire-darbre-a-cames-pour-mini\/#primaryimage","url":"https:\/\/dimspeed.com\/wp-content\/uploads\/2020\/12\/Kit-Plaque-Triangulaire-d\u2019arbre-\u00e0-cames-pour-Mini-01.jpg","contentUrl":"https:\/\/dimspeed.com\/wp-content\/uploads\/2020\/12\/Kit-Plaque-Triangulaire-d\u2019arbre-\u00e0-cames-pour-Mini-01.jpg","width":500,"height":500},{"@type":"BreadcrumbList","@id":"https:\/\/dimspeed.com\/produit\/kit-plaque-triangulaire-darbre-a-cames-pour-mini\/#breadcrumb","itemListElement":[{"@type":"ListItem","position":1,"name":"Accueil","item":"https:\/\/dimspeed.com\/"},{"@type":"ListItem","position":2,"name":"Boutique","item":"https:\/\/dimspeed.com\/boutique\/"},{"@type":"ListItem","position":3,"name":"Kit Plaque Triangulaire d\u2019Arbre \u00e0 Cames"}]},{"@type":"WebSite","@id":"https:\/\/dimspeed.com\/#website","url":"https:\/\/dimspeed.com\/","name":"Dimspeed, l&#039;atelier de personnalisation automobile","description":"MOTORISTE comp\u00e9tition et collection SPECIALISTE moteur A-SERIE","publisher":{"@id":"https:\/\/dimspeed.com\/#organization"},"potentialAction":[{"@type":"SearchAction","target":{"@type":"EntryPoint","urlTemplate":"https:\/\/dimspeed.com\/?s={search_term_string}"},"query-input":{"@type":"PropertyValueSpecification","valueRequired":true,"valueName":"search_term_string"}}],"inLanguage":"en-GB"},{"@type":"Organization","@id":"https:\/\/dimspeed.com\/#organization","name":"Dimspeed, l&#039;atelier de personnalisation automobile","url":"https:\/\/dimspeed.com\/","logo":{"@type":"ImageObject","inLanguage":"en-GB","@id":"https:\/\/dimspeed.com\/#\/schema\/logo\/image\/","url":"https:\/\/dimspeed.com\/wp-content\/uploads\/2020\/11\/logo-site.png","contentUrl":"https:\/\/dimspeed.com\/wp-content\/uploads\/2020\/11\/logo-site.png","width":486,"height":178,"caption":"Dimspeed, l&#039;atelier de personnalisation automobile"},"image":{"@id":"https:\/\/dimspeed.com\/#\/schema\/logo\/image\/"}}]}},"_links":{"self":[{"href":"https:\/\/dimspeed.com\/en\/wp-json\/wp\/v2\/product\/839","targetHints":{"allow":["GET"]}}],"collection":[{"href":"https:\/\/dimspeed.com\/en\/wp-json\/wp\/v2\/product"}],"about":[{"href":"https:\/\/dimspeed.com\/en\/wp-json\/wp\/v2\/types\/product"}],"version-history":[{"count":3,"href":"https:\/\/dimspeed.com\/en\/wp-json\/wp\/v2\/product\/839\/revisions"}],"predecessor-version":[{"id":4015,"href":"https:\/\/dimspeed.com\/en\/wp-json\/wp\/v2\/product\/839\/revisions\/4015"}],"wp:featuredmedia":[{"embeddable":true,"href":"https:\/\/dimspeed.com\/en\/wp-json\/wp\/v2\/media\/840"}],"wp:attachment":[{"href":"https:\/\/dimspeed.com\/en\/wp-json\/wp\/v2\/media?parent=839"}],"wp:term":[{"taxonomy":"product_brand","embeddable":true,"href":"https:\/\/dimspeed.com\/en\/wp-json\/wp\/v2\/product_brand?post=839"},{"taxonomy":"product_cat","embeddable":true,"href":"https:\/\/dimspeed.com\/en\/wp-json\/wp\/v2\/product_cat?post=839"},{"taxonomy":"product_tag","embeddable":true,"href":"https:\/\/dimspeed.com\/en\/wp-json\/wp\/v2\/product_tag?post=839"}],"curies":[{"name":"wp","href":"https:\/\/api.w.org\/{rel}","templated":true}]}}