{"id":804,"date":"2020-12-31T14:27:31","date_gmt":"2020-12-31T13:27:31","guid":{"rendered":"https:\/\/dimspeed.com\/?post_type=product&#038;p=804"},"modified":"2025-12-22T15:57:10","modified_gmt":"2025-12-22T14:57:10","slug":"coussinets-vilebrequin-acl-1275-pre-a-a-series","status":"publish","type":"product","link":"https:\/\/dimspeed.com\/en\/product\/coussinets-vilebrequin-acl-1275-pre-a-a-series\/","title":{"rendered":"Main Bearing Sets ACL 1275 Pre A+ (A-Series)"},"content":{"rendered":"<p>ACL main bearings are of one of the highest quality, we use them in all of our engines. We offer a large choice of sizes for A+ and Pre A+ (A-Series) engines.<\/p>\n<p>How to differentiate an A+ main bearing from a Pre A+ (A-series) main bearing:<\/p>\n<p>Pre A+ engines have there locating tag on the side of all 6 half shells.<\/p>\n<p>A+ engine have the locating tag on the half of 3 shells and in the centre of the remaining 3 shells.<\/p>\n<p>If you need any help, contact us.<\/p>","protected":false},"excerpt":{"rendered":"<p>Ces coussinets de vilebrequin ACL sont d&#8217;une excellente qualit\u00e9, nous les recommandons fortement et les utilisons sur tous nos moteurs. Nous vous proposons un large choix de taille pour moteurs A+ et Pr\u00e9 A+ (A-Series). Comment distinguer un coussinet A+ d&#8217;un Pr\u00e9 A+ (A-Series): Les moteurs Pr\u00e9 A+ (A-Series) ont un ergot sur le c\u00f4t\u00e9 [&hellip;]<\/p>","protected":false},"featured_media":805,"template":"","meta":[],"product_brand":[],"product_cat":[15,37],"product_tag":[79,184,87,158,122,90],"class_list":{"0":"post-804","1":"product","2":"type-product","3":"status-publish","4":"has-post-thumbnail","6":"product_cat-moteur","7":"product_cat-coussinets","8":"product_tag-79","9":"product_tag-acl","10":"product_tag-bloc","11":"product_tag-bloc-moteur","12":"product_tag-coussinets","13":"product_tag-vilebrequin","15":"first","16":"instock","17":"taxable","18":"shipping-taxable","19":"purchasable","20":"product-type-variable"},"yoast_head":"<!-- This site is optimized with the Yoast SEO plugin v27.1.1 - https:\/\/yoast.com\/product\/yoast-seo-wordpress\/ -->\n<title>Coussinets Vilebrequin ACL 1275 Pr\u00e9 A+ (A-Series) - Dimspeed, l&#039;atelier de personnalisation automobile<\/title>\n<meta name=\"robots\" content=\"index, follow, max-snippet:-1, max-image-preview:large, max-video-preview:-1\" \/>\n<link rel=\"canonical\" href=\"https:\/\/dimspeed.com\/en\/product\/coussinets-vilebrequin-acl-1275-pre-a-a-series\/\" \/>\n<meta property=\"og:locale\" content=\"en_GB\" \/>\n<meta property=\"og:type\" content=\"article\" \/>\n<meta property=\"og:title\" content=\"Coussinets Vilebrequin ACL 1275 Pr\u00e9 A+ (A-Series) - Dimspeed, l&#039;atelier de personnalisation automobile\" \/>\n<meta property=\"og:description\" content=\"Ces coussinets de vilebrequin ACL sont d&#8217;une excellente qualit\u00e9, nous les recommandons fortement et les utilisons sur tous nos moteurs. Nous vous proposons un large choix de taille pour moteurs A+ et Pr\u00e9 A+ (A-Series). Comment distinguer un coussinet A+ d&#8217;un Pr\u00e9 A+ (A-Series): Les moteurs Pr\u00e9 A+ (A-Series) ont un ergot sur le c\u00f4t\u00e9 [&hellip;]\" \/>\n<meta property=\"og:url\" content=\"https:\/\/dimspeed.com\/en\/product\/coussinets-vilebrequin-acl-1275-pre-a-a-series\/\" \/>\n<meta property=\"og:site_name\" content=\"Dimspeed, l&#039;atelier de personnalisation automobile\" \/>\n<meta property=\"article:modified_time\" content=\"2025-12-22T14:57:10+00:00\" \/>\n<meta property=\"og:image\" content=\"https:\/\/dimspeed.com\/wp-content\/uploads\/2020\/12\/Coussinets-Vilebrequin-ACL-1275-Pr\u00e9-A-A-Series-01.jpg\" \/>\n\t<meta property=\"og:image:width\" content=\"500\" \/>\n\t<meta property=\"og:image:height\" content=\"500\" \/>\n\t<meta property=\"og:image:type\" content=\"image\/jpeg\" \/>\n<meta name=\"twitter:card\" content=\"summary_large_image\" \/>\n<meta name=\"twitter:label1\" content=\"Estimated reading time\" \/>\n\t<meta name=\"twitter:data1\" content=\"1 minute\" \/>\n<script type=\"application\/ld+json\" class=\"yoast-schema-graph\">{\"@context\":\"https:\/\/schema.org\",\"@graph\":[{\"@type\":\"WebPage\",\"@id\":\"https:\/\/dimspeed.com\/produit\/coussinets-vilebrequin-acl-1275-pre-a-a-series\/\",\"url\":\"https:\/\/dimspeed.com\/produit\/coussinets-vilebrequin-acl-1275-pre-a-a-series\/\",\"name\":\"Coussinets Vilebrequin ACL 1275 Pr\u00e9 A+ (A-Series) - Dimspeed, l&#039;atelier de personnalisation automobile\",\"isPartOf\":{\"@id\":\"https:\/\/dimspeed.com\/#website\"},\"primaryImageOfPage\":{\"@id\":\"https:\/\/dimspeed.com\/produit\/coussinets-vilebrequin-acl-1275-pre-a-a-series\/#primaryimage\"},\"image\":{\"@id\":\"https:\/\/dimspeed.com\/produit\/coussinets-vilebrequin-acl-1275-pre-a-a-series\/#primaryimage\"},\"thumbnailUrl\":\"https:\/\/dimspeed.com\/wp-content\/uploads\/2020\/12\/Coussinets-Vilebrequin-ACL-1275-Pr\u00e9-A-A-Series-01.jpg\",\"datePublished\":\"2020-12-31T13:27:31+00:00\",\"dateModified\":\"2025-12-22T14:57:10+00:00\",\"breadcrumb\":{\"@id\":\"https:\/\/dimspeed.com\/produit\/coussinets-vilebrequin-acl-1275-pre-a-a-series\/#breadcrumb\"},\"inLanguage\":\"en-GB\",\"potentialAction\":[{\"@type\":\"ReadAction\",\"target\":[\"https:\/\/dimspeed.com\/produit\/coussinets-vilebrequin-acl-1275-pre-a-a-series\/\"]}]},{\"@type\":\"ImageObject\",\"inLanguage\":\"en-GB\",\"@id\":\"https:\/\/dimspeed.com\/produit\/coussinets-vilebrequin-acl-1275-pre-a-a-series\/#primaryimage\",\"url\":\"https:\/\/dimspeed.com\/wp-content\/uploads\/2020\/12\/Coussinets-Vilebrequin-ACL-1275-Pr\u00e9-A-A-Series-01.jpg\",\"contentUrl\":\"https:\/\/dimspeed.com\/wp-content\/uploads\/2020\/12\/Coussinets-Vilebrequin-ACL-1275-Pr\u00e9-A-A-Series-01.jpg\",\"width\":500,\"height\":500},{\"@type\":\"BreadcrumbList\",\"@id\":\"https:\/\/dimspeed.com\/produit\/coussinets-vilebrequin-acl-1275-pre-a-a-series\/#breadcrumb\",\"itemListElement\":[{\"@type\":\"ListItem\",\"position\":1,\"name\":\"Accueil\",\"item\":\"https:\/\/dimspeed.com\/\"},{\"@type\":\"ListItem\",\"position\":2,\"name\":\"Boutique\",\"item\":\"https:\/\/dimspeed.com\/boutique\/\"},{\"@type\":\"ListItem\",\"position\":3,\"name\":\"Coussinets Vilebrequin ACL 1275 Pr\u00e9 A+ (A-Series)\"}]},{\"@type\":\"WebSite\",\"@id\":\"https:\/\/dimspeed.com\/#website\",\"url\":\"https:\/\/dimspeed.com\/\",\"name\":\"Dimspeed, l&#039;atelier de personnalisation automobile\",\"description\":\"MOTORISTE comp\u00e9tition et collection SPECIALISTE moteur A-SERIE\",\"publisher\":{\"@id\":\"https:\/\/dimspeed.com\/#organization\"},\"potentialAction\":[{\"@type\":\"SearchAction\",\"target\":{\"@type\":\"EntryPoint\",\"urlTemplate\":\"https:\/\/dimspeed.com\/?s={search_term_string}\"},\"query-input\":{\"@type\":\"PropertyValueSpecification\",\"valueRequired\":true,\"valueName\":\"search_term_string\"}}],\"inLanguage\":\"en-GB\"},{\"@type\":\"Organization\",\"@id\":\"https:\/\/dimspeed.com\/#organization\",\"name\":\"Dimspeed, l&#039;atelier de personnalisation automobile\",\"url\":\"https:\/\/dimspeed.com\/\",\"logo\":{\"@type\":\"ImageObject\",\"inLanguage\":\"en-GB\",\"@id\":\"https:\/\/dimspeed.com\/#\/schema\/logo\/image\/\",\"url\":\"https:\/\/dimspeed.com\/wp-content\/uploads\/2020\/11\/logo-site.png\",\"contentUrl\":\"https:\/\/dimspeed.com\/wp-content\/uploads\/2020\/11\/logo-site.png\",\"width\":486,\"height\":178,\"caption\":\"Dimspeed, l&#039;atelier de personnalisation automobile\"},\"image\":{\"@id\":\"https:\/\/dimspeed.com\/#\/schema\/logo\/image\/\"}}]}<\/script>\n<!-- \/ Yoast SEO plugin. -->","yoast_head_json":{"title":"Coussinets Vilebrequin ACL 1275 Pr\u00e9 A+ (A-Series) - Dimspeed, l&#039;atelier de personnalisation automobile","robots":{"index":"index","follow":"follow","max-snippet":"max-snippet:-1","max-image-preview":"max-image-preview:large","max-video-preview":"max-video-preview:-1"},"canonical":"https:\/\/dimspeed.com\/en\/product\/coussinets-vilebrequin-acl-1275-pre-a-a-series\/","og_locale":"en_GB","og_type":"article","og_title":"Coussinets Vilebrequin ACL 1275 Pr\u00e9 A+ (A-Series) - Dimspeed, l&#039;atelier de personnalisation automobile","og_description":"Ces coussinets de vilebrequin ACL sont d&#8217;une excellente qualit\u00e9, nous les recommandons fortement et les utilisons sur tous nos moteurs. Nous vous proposons un large choix de taille pour moteurs A+ et Pr\u00e9 A+ (A-Series). Comment distinguer un coussinet A+ d&#8217;un Pr\u00e9 A+ (A-Series): Les moteurs Pr\u00e9 A+ (A-Series) ont un ergot sur le c\u00f4t\u00e9 [&hellip;]","og_url":"https:\/\/dimspeed.com\/en\/product\/coussinets-vilebrequin-acl-1275-pre-a-a-series\/","og_site_name":"Dimspeed, l&#039;atelier de personnalisation automobile","article_modified_time":"2025-12-22T14:57:10+00:00","og_image":[{"width":500,"height":500,"url":"https:\/\/dimspeed.com\/wp-content\/uploads\/2020\/12\/Coussinets-Vilebrequin-ACL-1275-Pr\u00e9-A-A-Series-01.jpg","type":"image\/jpeg"}],"twitter_card":"summary_large_image","twitter_misc":{"Estimated reading time":"1 minute"},"schema":{"@context":"https:\/\/schema.org","@graph":[{"@type":"WebPage","@id":"https:\/\/dimspeed.com\/produit\/coussinets-vilebrequin-acl-1275-pre-a-a-series\/","url":"https:\/\/dimspeed.com\/produit\/coussinets-vilebrequin-acl-1275-pre-a-a-series\/","name":"Coussinets Vilebrequin ACL 1275 Pr\u00e9 A+ (A-Series) - Dimspeed, l&#039;atelier de personnalisation automobile","isPartOf":{"@id":"https:\/\/dimspeed.com\/#website"},"primaryImageOfPage":{"@id":"https:\/\/dimspeed.com\/produit\/coussinets-vilebrequin-acl-1275-pre-a-a-series\/#primaryimage"},"image":{"@id":"https:\/\/dimspeed.com\/produit\/coussinets-vilebrequin-acl-1275-pre-a-a-series\/#primaryimage"},"thumbnailUrl":"https:\/\/dimspeed.com\/wp-content\/uploads\/2020\/12\/Coussinets-Vilebrequin-ACL-1275-Pr\u00e9-A-A-Series-01.jpg","datePublished":"2020-12-31T13:27:31+00:00","dateModified":"2025-12-22T14:57:10+00:00","breadcrumb":{"@id":"https:\/\/dimspeed.com\/produit\/coussinets-vilebrequin-acl-1275-pre-a-a-series\/#breadcrumb"},"inLanguage":"en-GB","potentialAction":[{"@type":"ReadAction","target":["https:\/\/dimspeed.com\/produit\/coussinets-vilebrequin-acl-1275-pre-a-a-series\/"]}]},{"@type":"ImageObject","inLanguage":"en-GB","@id":"https:\/\/dimspeed.com\/produit\/coussinets-vilebrequin-acl-1275-pre-a-a-series\/#primaryimage","url":"https:\/\/dimspeed.com\/wp-content\/uploads\/2020\/12\/Coussinets-Vilebrequin-ACL-1275-Pr\u00e9-A-A-Series-01.jpg","contentUrl":"https:\/\/dimspeed.com\/wp-content\/uploads\/2020\/12\/Coussinets-Vilebrequin-ACL-1275-Pr\u00e9-A-A-Series-01.jpg","width":500,"height":500},{"@type":"BreadcrumbList","@id":"https:\/\/dimspeed.com\/produit\/coussinets-vilebrequin-acl-1275-pre-a-a-series\/#breadcrumb","itemListElement":[{"@type":"ListItem","position":1,"name":"Accueil","item":"https:\/\/dimspeed.com\/"},{"@type":"ListItem","position":2,"name":"Boutique","item":"https:\/\/dimspeed.com\/boutique\/"},{"@type":"ListItem","position":3,"name":"Coussinets Vilebrequin ACL 1275 Pr\u00e9 A+ (A-Series)"}]},{"@type":"WebSite","@id":"https:\/\/dimspeed.com\/#website","url":"https:\/\/dimspeed.com\/","name":"Dimspeed, l&#039;atelier de personnalisation automobile","description":"MOTORISTE comp\u00e9tition et collection SPECIALISTE moteur A-SERIE","publisher":{"@id":"https:\/\/dimspeed.com\/#organization"},"potentialAction":[{"@type":"SearchAction","target":{"@type":"EntryPoint","urlTemplate":"https:\/\/dimspeed.com\/?s={search_term_string}"},"query-input":{"@type":"PropertyValueSpecification","valueRequired":true,"valueName":"search_term_string"}}],"inLanguage":"en-GB"},{"@type":"Organization","@id":"https:\/\/dimspeed.com\/#organization","name":"Dimspeed, l&#039;atelier de personnalisation automobile","url":"https:\/\/dimspeed.com\/","logo":{"@type":"ImageObject","inLanguage":"en-GB","@id":"https:\/\/dimspeed.com\/#\/schema\/logo\/image\/","url":"https:\/\/dimspeed.com\/wp-content\/uploads\/2020\/11\/logo-site.png","contentUrl":"https:\/\/dimspeed.com\/wp-content\/uploads\/2020\/11\/logo-site.png","width":486,"height":178,"caption":"Dimspeed, l&#039;atelier de personnalisation automobile"},"image":{"@id":"https:\/\/dimspeed.com\/#\/schema\/logo\/image\/"}}]}},"_links":{"self":[{"href":"https:\/\/dimspeed.com\/en\/wp-json\/wp\/v2\/product\/804","targetHints":{"allow":["GET"]}}],"collection":[{"href":"https:\/\/dimspeed.com\/en\/wp-json\/wp\/v2\/product"}],"about":[{"href":"https:\/\/dimspeed.com\/en\/wp-json\/wp\/v2\/types\/product"}],"version-history":[{"count":1,"href":"https:\/\/dimspeed.com\/en\/wp-json\/wp\/v2\/product\/804\/revisions"}],"predecessor-version":[{"id":3717,"href":"https:\/\/dimspeed.com\/en\/wp-json\/wp\/v2\/product\/804\/revisions\/3717"}],"wp:featuredmedia":[{"embeddable":true,"href":"https:\/\/dimspeed.com\/en\/wp-json\/wp\/v2\/media\/805"}],"wp:attachment":[{"href":"https:\/\/dimspeed.com\/en\/wp-json\/wp\/v2\/media?parent=804"}],"wp:term":[{"taxonomy":"product_brand","embeddable":true,"href":"https:\/\/dimspeed.com\/en\/wp-json\/wp\/v2\/product_brand?post=804"},{"taxonomy":"product_cat","embeddable":true,"href":"https:\/\/dimspeed.com\/en\/wp-json\/wp\/v2\/product_cat?post=804"},{"taxonomy":"product_tag","embeddable":true,"href":"https:\/\/dimspeed.com\/en\/wp-json\/wp\/v2\/product_tag?post=804"}],"curies":[{"name":"wp","href":"https:\/\/api.w.org\/{rel}","templated":true}]}}