{"id":7577,"date":"2026-04-07T11:47:04","date_gmt":"2026-04-07T09:47:04","guid":{"rendered":"https:\/\/dimspeed.com\/?post_type=product&#038;p=7577"},"modified":"2026-04-07T12:07:23","modified_gmt":"2026-04-07T10:07:23","slug":"plaque-dobturation-de-pompe-a-essence","status":"publish","type":"product","link":"https:\/\/dimspeed.com\/en\/product\/plaque-dobturation-de-pompe-a-essence\/","title":{"rendered":"Fuel Pump Blanking Plate"},"content":{"rendered":"<p>This is the metal plate to blank off the mechanical pump hole on the engine block.<\/p>\n<p>For information : In addition to the gasket, it is recommended to apply a thin layer of gasket sealant to ensure optimal sealing.<\/p>","protected":false},"excerpt":{"rendered":"<p>Cette plaque permet de fermer l\u2019ouverture laiss\u00e9e par l\u2019absence de pompe \u00e0 essence m\u00e9canique sur le bloc moteur. Info utile : En compl\u00e9ment du joint, il est recommand\u00e9 d\u2019appliquer une fine couche de p\u00e2te \u00e0 joint afin d\u2019assurer une \u00e9tanch\u00e9it\u00e9 optimale.<\/p>","protected":false},"featured_media":7579,"template":"","meta":[],"product_brand":[],"product_cat":[15,20,26,25],"product_tag":[],"class_list":{"0":"post-7577","1":"product","2":"type-product","3":"status-publish","4":"has-post-thumbnail","6":"product_cat-moteur","7":"product_cat-bloc","8":"product_cat-peripherique","9":"product_cat-carburation","11":"first","12":"instock","13":"taxable","14":"shipping-taxable","15":"purchasable","16":"product-type-simple"},"yoast_head":"<!-- This site is optimized with the Yoast SEO plugin v27.1.1 - https:\/\/yoast.com\/product\/yoast-seo-wordpress\/ -->\n<title>Plaque D&#039;Obturation de Pompe \u00e0 Essence - Dimspeed, l&#039;atelier de personnalisation automobile<\/title>\n<meta name=\"robots\" content=\"index, follow, max-snippet:-1, max-image-preview:large, max-video-preview:-1\" \/>\n<link rel=\"canonical\" href=\"https:\/\/dimspeed.com\/en\/product\/plaque-dobturation-de-pompe-a-essence\/\" \/>\n<meta property=\"og:locale\" content=\"en_GB\" \/>\n<meta property=\"og:type\" content=\"article\" \/>\n<meta property=\"og:title\" content=\"Plaque D&#039;Obturation de Pompe \u00e0 Essence - Dimspeed, l&#039;atelier de personnalisation automobile\" \/>\n<meta property=\"og:description\" content=\"Cette plaque permet de fermer l\u2019ouverture laiss\u00e9e par l\u2019absence de pompe \u00e0 essence m\u00e9canique sur le bloc moteur. Info utile : En compl\u00e9ment du joint, il est recommand\u00e9 d\u2019appliquer une fine couche de p\u00e2te \u00e0 joint afin d\u2019assurer une \u00e9tanch\u00e9it\u00e9 optimale.\" \/>\n<meta property=\"og:url\" content=\"https:\/\/dimspeed.com\/en\/product\/plaque-dobturation-de-pompe-a-essence\/\" \/>\n<meta property=\"og:site_name\" content=\"Dimspeed, l&#039;atelier de personnalisation automobile\" \/>\n<meta property=\"article:modified_time\" content=\"2026-04-07T10:07:23+00:00\" \/>\n<meta property=\"og:image\" content=\"https:\/\/dimspeed.com\/wp-content\/uploads\/2026\/04\/552_Plaque-de-pompe-a-essence.jpg\" \/>\n\t<meta property=\"og:image:width\" content=\"1440\" \/>\n\t<meta property=\"og:image:height\" content=\"1920\" \/>\n\t<meta property=\"og:image:type\" content=\"image\/jpeg\" \/>\n<meta name=\"twitter:card\" content=\"summary_large_image\" \/>\n<meta name=\"twitter:label1\" content=\"Estimated reading time\" \/>\n\t<meta name=\"twitter:data1\" content=\"1 minute\" \/>\n<script type=\"application\/ld+json\" class=\"yoast-schema-graph\">{\"@context\":\"https:\/\/schema.org\",\"@graph\":[{\"@type\":\"WebPage\",\"@id\":\"https:\/\/dimspeed.com\/produit\/plaque-dobturation-de-pompe-a-essence\/\",\"url\":\"https:\/\/dimspeed.com\/produit\/plaque-dobturation-de-pompe-a-essence\/\",\"name\":\"Plaque D'Obturation de Pompe \u00e0 Essence - Dimspeed, l&#039;atelier de personnalisation automobile\",\"isPartOf\":{\"@id\":\"https:\/\/dimspeed.com\/#website\"},\"primaryImageOfPage\":{\"@id\":\"https:\/\/dimspeed.com\/produit\/plaque-dobturation-de-pompe-a-essence\/#primaryimage\"},\"image\":{\"@id\":\"https:\/\/dimspeed.com\/produit\/plaque-dobturation-de-pompe-a-essence\/#primaryimage\"},\"thumbnailUrl\":\"https:\/\/dimspeed.com\/wp-content\/uploads\/2026\/04\/552_Plaque-de-pompe-a-essence.jpg\",\"datePublished\":\"2026-04-07T09:47:04+00:00\",\"dateModified\":\"2026-04-07T10:07:23+00:00\",\"breadcrumb\":{\"@id\":\"https:\/\/dimspeed.com\/produit\/plaque-dobturation-de-pompe-a-essence\/#breadcrumb\"},\"inLanguage\":\"en-GB\",\"potentialAction\":[{\"@type\":\"ReadAction\",\"target\":[\"https:\/\/dimspeed.com\/produit\/plaque-dobturation-de-pompe-a-essence\/\"]}]},{\"@type\":\"ImageObject\",\"inLanguage\":\"en-GB\",\"@id\":\"https:\/\/dimspeed.com\/produit\/plaque-dobturation-de-pompe-a-essence\/#primaryimage\",\"url\":\"https:\/\/dimspeed.com\/wp-content\/uploads\/2026\/04\/552_Plaque-de-pompe-a-essence.jpg\",\"contentUrl\":\"https:\/\/dimspeed.com\/wp-content\/uploads\/2026\/04\/552_Plaque-de-pompe-a-essence.jpg\",\"width\":1440,\"height\":1920},{\"@type\":\"BreadcrumbList\",\"@id\":\"https:\/\/dimspeed.com\/produit\/plaque-dobturation-de-pompe-a-essence\/#breadcrumb\",\"itemListElement\":[{\"@type\":\"ListItem\",\"position\":1,\"name\":\"Accueil\",\"item\":\"https:\/\/dimspeed.com\/\"},{\"@type\":\"ListItem\",\"position\":2,\"name\":\"Boutique\",\"item\":\"https:\/\/dimspeed.com\/boutique\/\"},{\"@type\":\"ListItem\",\"position\":3,\"name\":\"Plaque D&#8217;Obturation de Pompe \u00e0 Essence\"}]},{\"@type\":\"WebSite\",\"@id\":\"https:\/\/dimspeed.com\/#website\",\"url\":\"https:\/\/dimspeed.com\/\",\"name\":\"Dimspeed, l&#039;atelier de personnalisation automobile\",\"description\":\"MOTORISTE comp\u00e9tition et collection SPECIALISTE moteur A-SERIE\",\"publisher\":{\"@id\":\"https:\/\/dimspeed.com\/#organization\"},\"potentialAction\":[{\"@type\":\"SearchAction\",\"target\":{\"@type\":\"EntryPoint\",\"urlTemplate\":\"https:\/\/dimspeed.com\/?s={search_term_string}\"},\"query-input\":{\"@type\":\"PropertyValueSpecification\",\"valueRequired\":true,\"valueName\":\"search_term_string\"}}],\"inLanguage\":\"en-GB\"},{\"@type\":\"Organization\",\"@id\":\"https:\/\/dimspeed.com\/#organization\",\"name\":\"Dimspeed, l&#039;atelier de personnalisation automobile\",\"url\":\"https:\/\/dimspeed.com\/\",\"logo\":{\"@type\":\"ImageObject\",\"inLanguage\":\"en-GB\",\"@id\":\"https:\/\/dimspeed.com\/#\/schema\/logo\/image\/\",\"url\":\"https:\/\/dimspeed.com\/wp-content\/uploads\/2020\/11\/logo-site.png\",\"contentUrl\":\"https:\/\/dimspeed.com\/wp-content\/uploads\/2020\/11\/logo-site.png\",\"width\":486,\"height\":178,\"caption\":\"Dimspeed, l&#039;atelier de personnalisation automobile\"},\"image\":{\"@id\":\"https:\/\/dimspeed.com\/#\/schema\/logo\/image\/\"}}]}<\/script>\n<!-- \/ Yoast SEO plugin. -->","yoast_head_json":{"title":"Plaque D'Obturation de Pompe \u00e0 Essence - Dimspeed, l&#039;atelier de personnalisation automobile","robots":{"index":"index","follow":"follow","max-snippet":"max-snippet:-1","max-image-preview":"max-image-preview:large","max-video-preview":"max-video-preview:-1"},"canonical":"https:\/\/dimspeed.com\/en\/product\/plaque-dobturation-de-pompe-a-essence\/","og_locale":"en_GB","og_type":"article","og_title":"Plaque D'Obturation de Pompe \u00e0 Essence - Dimspeed, l&#039;atelier de personnalisation automobile","og_description":"Cette plaque permet de fermer l\u2019ouverture laiss\u00e9e par l\u2019absence de pompe \u00e0 essence m\u00e9canique sur le bloc moteur. Info utile : En compl\u00e9ment du joint, il est recommand\u00e9 d\u2019appliquer une fine couche de p\u00e2te \u00e0 joint afin d\u2019assurer une \u00e9tanch\u00e9it\u00e9 optimale.","og_url":"https:\/\/dimspeed.com\/en\/product\/plaque-dobturation-de-pompe-a-essence\/","og_site_name":"Dimspeed, l&#039;atelier de personnalisation automobile","article_modified_time":"2026-04-07T10:07:23+00:00","og_image":[{"width":1440,"height":1920,"url":"https:\/\/dimspeed.com\/wp-content\/uploads\/2026\/04\/552_Plaque-de-pompe-a-essence.jpg","type":"image\/jpeg"}],"twitter_card":"summary_large_image","twitter_misc":{"Estimated reading time":"1 minute"},"schema":{"@context":"https:\/\/schema.org","@graph":[{"@type":"WebPage","@id":"https:\/\/dimspeed.com\/produit\/plaque-dobturation-de-pompe-a-essence\/","url":"https:\/\/dimspeed.com\/produit\/plaque-dobturation-de-pompe-a-essence\/","name":"Plaque D'Obturation de Pompe \u00e0 Essence - Dimspeed, l&#039;atelier de personnalisation automobile","isPartOf":{"@id":"https:\/\/dimspeed.com\/#website"},"primaryImageOfPage":{"@id":"https:\/\/dimspeed.com\/produit\/plaque-dobturation-de-pompe-a-essence\/#primaryimage"},"image":{"@id":"https:\/\/dimspeed.com\/produit\/plaque-dobturation-de-pompe-a-essence\/#primaryimage"},"thumbnailUrl":"https:\/\/dimspeed.com\/wp-content\/uploads\/2026\/04\/552_Plaque-de-pompe-a-essence.jpg","datePublished":"2026-04-07T09:47:04+00:00","dateModified":"2026-04-07T10:07:23+00:00","breadcrumb":{"@id":"https:\/\/dimspeed.com\/produit\/plaque-dobturation-de-pompe-a-essence\/#breadcrumb"},"inLanguage":"en-GB","potentialAction":[{"@type":"ReadAction","target":["https:\/\/dimspeed.com\/produit\/plaque-dobturation-de-pompe-a-essence\/"]}]},{"@type":"ImageObject","inLanguage":"en-GB","@id":"https:\/\/dimspeed.com\/produit\/plaque-dobturation-de-pompe-a-essence\/#primaryimage","url":"https:\/\/dimspeed.com\/wp-content\/uploads\/2026\/04\/552_Plaque-de-pompe-a-essence.jpg","contentUrl":"https:\/\/dimspeed.com\/wp-content\/uploads\/2026\/04\/552_Plaque-de-pompe-a-essence.jpg","width":1440,"height":1920},{"@type":"BreadcrumbList","@id":"https:\/\/dimspeed.com\/produit\/plaque-dobturation-de-pompe-a-essence\/#breadcrumb","itemListElement":[{"@type":"ListItem","position":1,"name":"Accueil","item":"https:\/\/dimspeed.com\/"},{"@type":"ListItem","position":2,"name":"Boutique","item":"https:\/\/dimspeed.com\/boutique\/"},{"@type":"ListItem","position":3,"name":"Plaque D&#8217;Obturation de Pompe \u00e0 Essence"}]},{"@type":"WebSite","@id":"https:\/\/dimspeed.com\/#website","url":"https:\/\/dimspeed.com\/","name":"Dimspeed, l&#039;atelier de personnalisation automobile","description":"MOTORISTE comp\u00e9tition et collection SPECIALISTE moteur A-SERIE","publisher":{"@id":"https:\/\/dimspeed.com\/#organization"},"potentialAction":[{"@type":"SearchAction","target":{"@type":"EntryPoint","urlTemplate":"https:\/\/dimspeed.com\/?s={search_term_string}"},"query-input":{"@type":"PropertyValueSpecification","valueRequired":true,"valueName":"search_term_string"}}],"inLanguage":"en-GB"},{"@type":"Organization","@id":"https:\/\/dimspeed.com\/#organization","name":"Dimspeed, l&#039;atelier de personnalisation automobile","url":"https:\/\/dimspeed.com\/","logo":{"@type":"ImageObject","inLanguage":"en-GB","@id":"https:\/\/dimspeed.com\/#\/schema\/logo\/image\/","url":"https:\/\/dimspeed.com\/wp-content\/uploads\/2020\/11\/logo-site.png","contentUrl":"https:\/\/dimspeed.com\/wp-content\/uploads\/2020\/11\/logo-site.png","width":486,"height":178,"caption":"Dimspeed, l&#039;atelier de personnalisation automobile"},"image":{"@id":"https:\/\/dimspeed.com\/#\/schema\/logo\/image\/"}}]}},"_links":{"self":[{"href":"https:\/\/dimspeed.com\/en\/wp-json\/wp\/v2\/product\/7577","targetHints":{"allow":["GET"]}}],"collection":[{"href":"https:\/\/dimspeed.com\/en\/wp-json\/wp\/v2\/product"}],"about":[{"href":"https:\/\/dimspeed.com\/en\/wp-json\/wp\/v2\/types\/product"}],"version-history":[{"count":1,"href":"https:\/\/dimspeed.com\/en\/wp-json\/wp\/v2\/product\/7577\/revisions"}],"predecessor-version":[{"id":7578,"href":"https:\/\/dimspeed.com\/en\/wp-json\/wp\/v2\/product\/7577\/revisions\/7578"}],"wp:featuredmedia":[{"embeddable":true,"href":"https:\/\/dimspeed.com\/en\/wp-json\/wp\/v2\/media\/7579"}],"wp:attachment":[{"href":"https:\/\/dimspeed.com\/en\/wp-json\/wp\/v2\/media?parent=7577"}],"wp:term":[{"taxonomy":"product_brand","embeddable":true,"href":"https:\/\/dimspeed.com\/en\/wp-json\/wp\/v2\/product_brand?post=7577"},{"taxonomy":"product_cat","embeddable":true,"href":"https:\/\/dimspeed.com\/en\/wp-json\/wp\/v2\/product_cat?post=7577"},{"taxonomy":"product_tag","embeddable":true,"href":"https:\/\/dimspeed.com\/en\/wp-json\/wp\/v2\/product_tag?post=7577"}],"curies":[{"name":"wp","href":"https:\/\/api.w.org\/{rel}","templated":true}]}}