{"id":7514,"date":"2026-03-04T09:05:54","date_gmt":"2026-03-04T08:05:54","guid":{"rendered":"https:\/\/dimspeed.com\/?post_type=product&#038;p=7514"},"modified":"2026-03-04T09:37:27","modified_gmt":"2026-03-04T08:37:27","slug":"bobine-12v-lucas-dlb105-sans-ballast","status":"publish","type":"product","link":"https:\/\/dimspeed.com\/en\/product\/bobine-12v-lucas-dlb105-sans-ballast\/","title":{"rendered":"Lucas 12V Ignition Coil DLB105 (non-ballasted)"},"content":{"rendered":"<p>Lucas 12V Ignition Coil DLB105 (non-ballasted)<\/p>\n<p>12V<\/p>\n<p>Primary resistance: 3 ohms<\/p>\n<p>Highly efficient, this coil delivers a strong, high-quality spark for optimal engine performance.<\/p>\n<p>Coil Color: golden<\/p>\n<p>Diameter 550mm \/ 145,5mm length \/ screw terminals or flat terminals in 6.3mm<\/p>\n<p>The Lucas ignition coil is supplied with an  ignition coil bracket.<\/p>","protected":false},"excerpt":{"rendered":"<p>Bobine d&#8217;allumage Lucas DLB105 pour utilisation sans ballast 12V R\u00e9sistance primaire : 3 ohm Tr\u00e8s performante, cette bobine vous donnera une \u00e9tincelle de qualit\u00e9 pour un fonctionnement optimal de votre moteur Couleur de la bobine : dor\u00e9e Diam\u00e9tre 55mm \/ longueur 145,5mm \/ cosses \u00e0 vis ou cosses plates en 6.3mm Vendue avec son support.<\/p>","protected":false},"featured_media":7516,"template":"","meta":[],"product_brand":[],"product_cat":[26,24],"product_tag":[167,168,105,104,169,102],"class_list":{"0":"post-7514","1":"product","2":"type-product","3":"status-publish","4":"has-post-thumbnail","6":"product_cat-peripherique","7":"product_cat-allumage","8":"product_tag-allumage","9":"product_tag-allumeur","10":"product_tag-bougies","11":"product_tag-distributeur","12":"product_tag-doigt","13":"product_tag-ignition","15":"first","16":"instock","17":"taxable","18":"shipping-taxable","19":"purchasable","20":"product-type-simple"},"yoast_head":"<!-- This site is optimized with the Yoast SEO plugin v27.1.1 - https:\/\/yoast.com\/product\/yoast-seo-wordpress\/ -->\n<title>Bobine 12V Lucas DLB105 sans ballast - Dimspeed, l&#039;atelier de personnalisation automobile<\/title>\n<meta name=\"robots\" content=\"index, follow, max-snippet:-1, max-image-preview:large, max-video-preview:-1\" \/>\n<link rel=\"canonical\" href=\"https:\/\/dimspeed.com\/en\/product\/bobine-12v-lucas-dlb105-sans-ballast\/\" \/>\n<meta property=\"og:locale\" content=\"en_GB\" \/>\n<meta property=\"og:type\" content=\"article\" \/>\n<meta property=\"og:title\" content=\"Bobine 12V Lucas DLB105 sans ballast - Dimspeed, l&#039;atelier de personnalisation automobile\" \/>\n<meta property=\"og:description\" content=\"Bobine d&#8217;allumage Lucas DLB105 pour utilisation sans ballast 12V R\u00e9sistance primaire : 3 ohm Tr\u00e8s performante, cette bobine vous donnera une \u00e9tincelle de qualit\u00e9 pour un fonctionnement optimal de votre moteur Couleur de la bobine : dor\u00e9e Diam\u00e9tre 55mm \/ longueur 145,5mm \/ cosses \u00e0 vis ou cosses plates en 6.3mm Vendue avec son support.\" \/>\n<meta property=\"og:url\" content=\"https:\/\/dimspeed.com\/en\/product\/bobine-12v-lucas-dlb105-sans-ballast\/\" \/>\n<meta property=\"og:site_name\" content=\"Dimspeed, l&#039;atelier de personnalisation automobile\" \/>\n<meta property=\"article:modified_time\" content=\"2026-03-04T08:37:27+00:00\" \/>\n<meta property=\"og:image\" content=\"https:\/\/dimspeed.com\/wp-content\/uploads\/2026\/03\/464_Bobine-Lucas.jpg\" \/>\n\t<meta property=\"og:image:width\" content=\"1890\" \/>\n\t<meta property=\"og:image:height\" content=\"1890\" \/>\n\t<meta property=\"og:image:type\" content=\"image\/jpeg\" \/>\n<meta name=\"twitter:card\" content=\"summary_large_image\" \/>\n<meta name=\"twitter:label1\" content=\"Estimated reading time\" \/>\n\t<meta name=\"twitter:data1\" content=\"1 minute\" \/>\n<script type=\"application\/ld+json\" class=\"yoast-schema-graph\">{\"@context\":\"https:\/\/schema.org\",\"@graph\":[{\"@type\":\"WebPage\",\"@id\":\"https:\/\/dimspeed.com\/produit\/bobine-12v-lucas-dlb105-sans-ballast\/\",\"url\":\"https:\/\/dimspeed.com\/produit\/bobine-12v-lucas-dlb105-sans-ballast\/\",\"name\":\"Bobine 12V Lucas DLB105 sans ballast - Dimspeed, l&#039;atelier de personnalisation automobile\",\"isPartOf\":{\"@id\":\"https:\/\/dimspeed.com\/#website\"},\"primaryImageOfPage\":{\"@id\":\"https:\/\/dimspeed.com\/produit\/bobine-12v-lucas-dlb105-sans-ballast\/#primaryimage\"},\"image\":{\"@id\":\"https:\/\/dimspeed.com\/produit\/bobine-12v-lucas-dlb105-sans-ballast\/#primaryimage\"},\"thumbnailUrl\":\"https:\/\/dimspeed.com\/wp-content\/uploads\/2026\/03\/464_Bobine-Lucas.jpg\",\"datePublished\":\"2026-03-04T08:05:54+00:00\",\"dateModified\":\"2026-03-04T08:37:27+00:00\",\"breadcrumb\":{\"@id\":\"https:\/\/dimspeed.com\/produit\/bobine-12v-lucas-dlb105-sans-ballast\/#breadcrumb\"},\"inLanguage\":\"en-GB\",\"potentialAction\":[{\"@type\":\"ReadAction\",\"target\":[\"https:\/\/dimspeed.com\/produit\/bobine-12v-lucas-dlb105-sans-ballast\/\"]}]},{\"@type\":\"ImageObject\",\"inLanguage\":\"en-GB\",\"@id\":\"https:\/\/dimspeed.com\/produit\/bobine-12v-lucas-dlb105-sans-ballast\/#primaryimage\",\"url\":\"https:\/\/dimspeed.com\/wp-content\/uploads\/2026\/03\/464_Bobine-Lucas.jpg\",\"contentUrl\":\"https:\/\/dimspeed.com\/wp-content\/uploads\/2026\/03\/464_Bobine-Lucas.jpg\",\"width\":1890,\"height\":1890},{\"@type\":\"BreadcrumbList\",\"@id\":\"https:\/\/dimspeed.com\/produit\/bobine-12v-lucas-dlb105-sans-ballast\/#breadcrumb\",\"itemListElement\":[{\"@type\":\"ListItem\",\"position\":1,\"name\":\"Accueil\",\"item\":\"https:\/\/dimspeed.com\/\"},{\"@type\":\"ListItem\",\"position\":2,\"name\":\"Boutique\",\"item\":\"https:\/\/dimspeed.com\/boutique\/\"},{\"@type\":\"ListItem\",\"position\":3,\"name\":\"Bobine 12V Lucas DLB105 sans ballast\"}]},{\"@type\":\"WebSite\",\"@id\":\"https:\/\/dimspeed.com\/#website\",\"url\":\"https:\/\/dimspeed.com\/\",\"name\":\"Dimspeed, l&#039;atelier de personnalisation automobile\",\"description\":\"MOTORISTE comp\u00e9tition et collection SPECIALISTE moteur A-SERIE\",\"publisher\":{\"@id\":\"https:\/\/dimspeed.com\/#organization\"},\"potentialAction\":[{\"@type\":\"SearchAction\",\"target\":{\"@type\":\"EntryPoint\",\"urlTemplate\":\"https:\/\/dimspeed.com\/?s={search_term_string}\"},\"query-input\":{\"@type\":\"PropertyValueSpecification\",\"valueRequired\":true,\"valueName\":\"search_term_string\"}}],\"inLanguage\":\"en-GB\"},{\"@type\":\"Organization\",\"@id\":\"https:\/\/dimspeed.com\/#organization\",\"name\":\"Dimspeed, l&#039;atelier de personnalisation automobile\",\"url\":\"https:\/\/dimspeed.com\/\",\"logo\":{\"@type\":\"ImageObject\",\"inLanguage\":\"en-GB\",\"@id\":\"https:\/\/dimspeed.com\/#\/schema\/logo\/image\/\",\"url\":\"https:\/\/dimspeed.com\/wp-content\/uploads\/2020\/11\/logo-site.png\",\"contentUrl\":\"https:\/\/dimspeed.com\/wp-content\/uploads\/2020\/11\/logo-site.png\",\"width\":486,\"height\":178,\"caption\":\"Dimspeed, l&#039;atelier de personnalisation automobile\"},\"image\":{\"@id\":\"https:\/\/dimspeed.com\/#\/schema\/logo\/image\/\"}}]}<\/script>\n<!-- \/ Yoast SEO plugin. -->","yoast_head_json":{"title":"Bobine 12V Lucas DLB105 sans ballast - Dimspeed, l&#039;atelier de personnalisation automobile","robots":{"index":"index","follow":"follow","max-snippet":"max-snippet:-1","max-image-preview":"max-image-preview:large","max-video-preview":"max-video-preview:-1"},"canonical":"https:\/\/dimspeed.com\/en\/product\/bobine-12v-lucas-dlb105-sans-ballast\/","og_locale":"en_GB","og_type":"article","og_title":"Bobine 12V Lucas DLB105 sans ballast - Dimspeed, l&#039;atelier de personnalisation automobile","og_description":"Bobine d&#8217;allumage Lucas DLB105 pour utilisation sans ballast 12V R\u00e9sistance primaire : 3 ohm Tr\u00e8s performante, cette bobine vous donnera une \u00e9tincelle de qualit\u00e9 pour un fonctionnement optimal de votre moteur Couleur de la bobine : dor\u00e9e Diam\u00e9tre 55mm \/ longueur 145,5mm \/ cosses \u00e0 vis ou cosses plates en 6.3mm Vendue avec son support.","og_url":"https:\/\/dimspeed.com\/en\/product\/bobine-12v-lucas-dlb105-sans-ballast\/","og_site_name":"Dimspeed, l&#039;atelier de personnalisation automobile","article_modified_time":"2026-03-04T08:37:27+00:00","og_image":[{"width":1890,"height":1890,"url":"https:\/\/dimspeed.com\/wp-content\/uploads\/2026\/03\/464_Bobine-Lucas.jpg","type":"image\/jpeg"}],"twitter_card":"summary_large_image","twitter_misc":{"Estimated reading time":"1 minute"},"schema":{"@context":"https:\/\/schema.org","@graph":[{"@type":"WebPage","@id":"https:\/\/dimspeed.com\/produit\/bobine-12v-lucas-dlb105-sans-ballast\/","url":"https:\/\/dimspeed.com\/produit\/bobine-12v-lucas-dlb105-sans-ballast\/","name":"Bobine 12V Lucas DLB105 sans ballast - Dimspeed, l&#039;atelier de personnalisation automobile","isPartOf":{"@id":"https:\/\/dimspeed.com\/#website"},"primaryImageOfPage":{"@id":"https:\/\/dimspeed.com\/produit\/bobine-12v-lucas-dlb105-sans-ballast\/#primaryimage"},"image":{"@id":"https:\/\/dimspeed.com\/produit\/bobine-12v-lucas-dlb105-sans-ballast\/#primaryimage"},"thumbnailUrl":"https:\/\/dimspeed.com\/wp-content\/uploads\/2026\/03\/464_Bobine-Lucas.jpg","datePublished":"2026-03-04T08:05:54+00:00","dateModified":"2026-03-04T08:37:27+00:00","breadcrumb":{"@id":"https:\/\/dimspeed.com\/produit\/bobine-12v-lucas-dlb105-sans-ballast\/#breadcrumb"},"inLanguage":"en-GB","potentialAction":[{"@type":"ReadAction","target":["https:\/\/dimspeed.com\/produit\/bobine-12v-lucas-dlb105-sans-ballast\/"]}]},{"@type":"ImageObject","inLanguage":"en-GB","@id":"https:\/\/dimspeed.com\/produit\/bobine-12v-lucas-dlb105-sans-ballast\/#primaryimage","url":"https:\/\/dimspeed.com\/wp-content\/uploads\/2026\/03\/464_Bobine-Lucas.jpg","contentUrl":"https:\/\/dimspeed.com\/wp-content\/uploads\/2026\/03\/464_Bobine-Lucas.jpg","width":1890,"height":1890},{"@type":"BreadcrumbList","@id":"https:\/\/dimspeed.com\/produit\/bobine-12v-lucas-dlb105-sans-ballast\/#breadcrumb","itemListElement":[{"@type":"ListItem","position":1,"name":"Accueil","item":"https:\/\/dimspeed.com\/"},{"@type":"ListItem","position":2,"name":"Boutique","item":"https:\/\/dimspeed.com\/boutique\/"},{"@type":"ListItem","position":3,"name":"Bobine 12V Lucas DLB105 sans ballast"}]},{"@type":"WebSite","@id":"https:\/\/dimspeed.com\/#website","url":"https:\/\/dimspeed.com\/","name":"Dimspeed, l&#039;atelier de personnalisation automobile","description":"MOTORISTE comp\u00e9tition et collection SPECIALISTE moteur A-SERIE","publisher":{"@id":"https:\/\/dimspeed.com\/#organization"},"potentialAction":[{"@type":"SearchAction","target":{"@type":"EntryPoint","urlTemplate":"https:\/\/dimspeed.com\/?s={search_term_string}"},"query-input":{"@type":"PropertyValueSpecification","valueRequired":true,"valueName":"search_term_string"}}],"inLanguage":"en-GB"},{"@type":"Organization","@id":"https:\/\/dimspeed.com\/#organization","name":"Dimspeed, l&#039;atelier de personnalisation automobile","url":"https:\/\/dimspeed.com\/","logo":{"@type":"ImageObject","inLanguage":"en-GB","@id":"https:\/\/dimspeed.com\/#\/schema\/logo\/image\/","url":"https:\/\/dimspeed.com\/wp-content\/uploads\/2020\/11\/logo-site.png","contentUrl":"https:\/\/dimspeed.com\/wp-content\/uploads\/2020\/11\/logo-site.png","width":486,"height":178,"caption":"Dimspeed, l&#039;atelier de personnalisation automobile"},"image":{"@id":"https:\/\/dimspeed.com\/#\/schema\/logo\/image\/"}}]}},"_links":{"self":[{"href":"https:\/\/dimspeed.com\/en\/wp-json\/wp\/v2\/product\/7514","targetHints":{"allow":["GET"]}}],"collection":[{"href":"https:\/\/dimspeed.com\/en\/wp-json\/wp\/v2\/product"}],"about":[{"href":"https:\/\/dimspeed.com\/en\/wp-json\/wp\/v2\/types\/product"}],"version-history":[{"count":3,"href":"https:\/\/dimspeed.com\/en\/wp-json\/wp\/v2\/product\/7514\/revisions"}],"predecessor-version":[{"id":7531,"href":"https:\/\/dimspeed.com\/en\/wp-json\/wp\/v2\/product\/7514\/revisions\/7531"}],"wp:featuredmedia":[{"embeddable":true,"href":"https:\/\/dimspeed.com\/en\/wp-json\/wp\/v2\/media\/7516"}],"wp:attachment":[{"href":"https:\/\/dimspeed.com\/en\/wp-json\/wp\/v2\/media?parent=7514"}],"wp:term":[{"taxonomy":"product_brand","embeddable":true,"href":"https:\/\/dimspeed.com\/en\/wp-json\/wp\/v2\/product_brand?post=7514"},{"taxonomy":"product_cat","embeddable":true,"href":"https:\/\/dimspeed.com\/en\/wp-json\/wp\/v2\/product_cat?post=7514"},{"taxonomy":"product_tag","embeddable":true,"href":"https:\/\/dimspeed.com\/en\/wp-json\/wp\/v2\/product_tag?post=7514"}],"curies":[{"name":"wp","href":"https:\/\/api.w.org\/{rel}","templated":true}]}}