{"id":737,"date":"2020-12-31T11:25:43","date_gmt":"2020-12-31T10:25:43","guid":{"rendered":"https:\/\/dimspeed.com\/?post_type=product&#038;p=737"},"modified":"2025-09-08T10:31:39","modified_gmt":"2025-09-08T08:31:39","slug":"poussoirs-swiftune-competition","status":"publish","type":"product","link":"https:\/\/dimspeed.com\/en\/product\/poussoirs-swiftune-competition\/","title":{"rendered":"Swiftune Cam Followers - Race"},"content":{"rendered":"<p>Swiftune modifed followers are lightened and drilled to ensure better oil drainage.<\/p>\n<p>The race follower is 16% lighter than the standard item but the weight saving is greater when running as the standard follower is full of oil adding to the weight; the drainage hole prevents this in the race follower.<\/p>\n<p>Always fit new followers when fitting a new camshaft.<\/p>\n<p>Sold as a set of 8.<\/p>","protected":false},"excerpt":{"rendered":"<p>Poussoirs al\u00e9g\u00e9s et perc\u00e9s afin de permettre l&#8217;\u00e9vacuation de l&#8217;huile. Le per\u00e7age permet un all\u00e8gement suppl\u00e9mentaire car l&#8217;huile habituellement stock\u00e9e \u00e0 l&#8217;int\u00e9rieur du poussoir peut s&#8217;\u00e9vacuer. Il est fortement recommand\u00e9 de monter des poussoirs neufs avec un arbre \u00e0 came neuf. Vendu par 8.<\/p>","protected":false},"featured_media":738,"template":"","meta":[],"product_brand":[],"product_cat":[15,33],"product_tag":[61,65,64,162],"class_list":{"0":"post-737","1":"product","2":"type-product","3":"status-publish","4":"has-post-thumbnail","6":"product_cat-moteur","7":"product_cat-distribution","8":"product_tag-aac","9":"product_tag-culasse","10":"product_tag-race","11":"product_tag-swiftune","13":"first","14":"instock","15":"taxable","16":"shipping-taxable","17":"purchasable","18":"product-type-simple"},"yoast_head":"<!-- This site is optimized with the Yoast SEO plugin v27.1.1 - https:\/\/yoast.com\/product\/yoast-seo-wordpress\/ -->\n<title>Poussoirs Swiftune \u2013 Comp\u00e9tition - Dimspeed, l&#039;atelier de personnalisation automobile<\/title>\n<meta name=\"robots\" content=\"index, follow, max-snippet:-1, max-image-preview:large, max-video-preview:-1\" \/>\n<link rel=\"canonical\" href=\"https:\/\/dimspeed.com\/en\/product\/poussoirs-swiftune-competition\/\" \/>\n<meta property=\"og:locale\" content=\"en_GB\" \/>\n<meta property=\"og:type\" content=\"article\" \/>\n<meta property=\"og:title\" content=\"Poussoirs Swiftune \u2013 Comp\u00e9tition - Dimspeed, l&#039;atelier de personnalisation automobile\" \/>\n<meta property=\"og:description\" content=\"Poussoirs al\u00e9g\u00e9s et perc\u00e9s afin de permettre l&#8217;\u00e9vacuation de l&#8217;huile. Le per\u00e7age permet un all\u00e8gement suppl\u00e9mentaire car l&#8217;huile habituellement stock\u00e9e \u00e0 l&#8217;int\u00e9rieur du poussoir peut s&#8217;\u00e9vacuer. Il est fortement recommand\u00e9 de monter des poussoirs neufs avec un arbre \u00e0 came neuf. Vendu par 8.\" \/>\n<meta property=\"og:url\" content=\"https:\/\/dimspeed.com\/en\/product\/poussoirs-swiftune-competition\/\" \/>\n<meta property=\"og:site_name\" content=\"Dimspeed, l&#039;atelier de personnalisation automobile\" \/>\n<meta property=\"article:modified_time\" content=\"2025-09-08T08:31:39+00:00\" \/>\n<meta property=\"og:image\" content=\"https:\/\/dimspeed.com\/wp-content\/uploads\/2020\/12\/Poussoirs-Swiftune-\u2013-Comp\u00e9tition-01.jpg\" \/>\n\t<meta property=\"og:image:width\" content=\"500\" \/>\n\t<meta property=\"og:image:height\" content=\"500\" \/>\n\t<meta property=\"og:image:type\" content=\"image\/jpeg\" \/>\n<meta name=\"twitter:card\" content=\"summary_large_image\" \/>\n<meta name=\"twitter:label1\" content=\"Estimated reading time\" \/>\n\t<meta name=\"twitter:data1\" content=\"1 minute\" \/>\n<script type=\"application\/ld+json\" class=\"yoast-schema-graph\">{\"@context\":\"https:\/\/schema.org\",\"@graph\":[{\"@type\":\"WebPage\",\"@id\":\"https:\/\/dimspeed.com\/produit\/poussoirs-swiftune-competition\/\",\"url\":\"https:\/\/dimspeed.com\/produit\/poussoirs-swiftune-competition\/\",\"name\":\"Poussoirs Swiftune \u2013 Comp\u00e9tition - Dimspeed, l&#039;atelier de personnalisation automobile\",\"isPartOf\":{\"@id\":\"https:\/\/dimspeed.com\/#website\"},\"primaryImageOfPage\":{\"@id\":\"https:\/\/dimspeed.com\/produit\/poussoirs-swiftune-competition\/#primaryimage\"},\"image\":{\"@id\":\"https:\/\/dimspeed.com\/produit\/poussoirs-swiftune-competition\/#primaryimage\"},\"thumbnailUrl\":\"https:\/\/dimspeed.com\/wp-content\/uploads\/2020\/12\/Poussoirs-Swiftune-\u2013-Comp\u00e9tition-01.jpg\",\"datePublished\":\"2020-12-31T10:25:43+00:00\",\"dateModified\":\"2025-09-08T08:31:39+00:00\",\"breadcrumb\":{\"@id\":\"https:\/\/dimspeed.com\/produit\/poussoirs-swiftune-competition\/#breadcrumb\"},\"inLanguage\":\"en-GB\",\"potentialAction\":[{\"@type\":\"ReadAction\",\"target\":[\"https:\/\/dimspeed.com\/produit\/poussoirs-swiftune-competition\/\"]}]},{\"@type\":\"ImageObject\",\"inLanguage\":\"en-GB\",\"@id\":\"https:\/\/dimspeed.com\/produit\/poussoirs-swiftune-competition\/#primaryimage\",\"url\":\"https:\/\/dimspeed.com\/wp-content\/uploads\/2020\/12\/Poussoirs-Swiftune-\u2013-Comp\u00e9tition-01.jpg\",\"contentUrl\":\"https:\/\/dimspeed.com\/wp-content\/uploads\/2020\/12\/Poussoirs-Swiftune-\u2013-Comp\u00e9tition-01.jpg\",\"width\":500,\"height\":500},{\"@type\":\"BreadcrumbList\",\"@id\":\"https:\/\/dimspeed.com\/produit\/poussoirs-swiftune-competition\/#breadcrumb\",\"itemListElement\":[{\"@type\":\"ListItem\",\"position\":1,\"name\":\"Accueil\",\"item\":\"https:\/\/dimspeed.com\/\"},{\"@type\":\"ListItem\",\"position\":2,\"name\":\"Boutique\",\"item\":\"https:\/\/dimspeed.com\/boutique\/\"},{\"@type\":\"ListItem\",\"position\":3,\"name\":\"Poussoirs Swiftune \u2013 Comp\u00e9tition\"}]},{\"@type\":\"WebSite\",\"@id\":\"https:\/\/dimspeed.com\/#website\",\"url\":\"https:\/\/dimspeed.com\/\",\"name\":\"Dimspeed, l&#039;atelier de personnalisation automobile\",\"description\":\"MOTORISTE comp\u00e9tition et collection SPECIALISTE moteur A-SERIE\",\"publisher\":{\"@id\":\"https:\/\/dimspeed.com\/#organization\"},\"potentialAction\":[{\"@type\":\"SearchAction\",\"target\":{\"@type\":\"EntryPoint\",\"urlTemplate\":\"https:\/\/dimspeed.com\/?s={search_term_string}\"},\"query-input\":{\"@type\":\"PropertyValueSpecification\",\"valueRequired\":true,\"valueName\":\"search_term_string\"}}],\"inLanguage\":\"en-GB\"},{\"@type\":\"Organization\",\"@id\":\"https:\/\/dimspeed.com\/#organization\",\"name\":\"Dimspeed, l&#039;atelier de personnalisation automobile\",\"url\":\"https:\/\/dimspeed.com\/\",\"logo\":{\"@type\":\"ImageObject\",\"inLanguage\":\"en-GB\",\"@id\":\"https:\/\/dimspeed.com\/#\/schema\/logo\/image\/\",\"url\":\"https:\/\/dimspeed.com\/wp-content\/uploads\/2020\/11\/logo-site.png\",\"contentUrl\":\"https:\/\/dimspeed.com\/wp-content\/uploads\/2020\/11\/logo-site.png\",\"width\":486,\"height\":178,\"caption\":\"Dimspeed, l&#039;atelier de personnalisation automobile\"},\"image\":{\"@id\":\"https:\/\/dimspeed.com\/#\/schema\/logo\/image\/\"}}]}<\/script>\n<!-- \/ Yoast SEO plugin. -->","yoast_head_json":{"title":"Poussoirs Swiftune \u2013 Comp\u00e9tition - Dimspeed, l&#039;atelier de personnalisation automobile","robots":{"index":"index","follow":"follow","max-snippet":"max-snippet:-1","max-image-preview":"max-image-preview:large","max-video-preview":"max-video-preview:-1"},"canonical":"https:\/\/dimspeed.com\/en\/product\/poussoirs-swiftune-competition\/","og_locale":"en_GB","og_type":"article","og_title":"Poussoirs Swiftune \u2013 Comp\u00e9tition - Dimspeed, l&#039;atelier de personnalisation automobile","og_description":"Poussoirs al\u00e9g\u00e9s et perc\u00e9s afin de permettre l&#8217;\u00e9vacuation de l&#8217;huile. Le per\u00e7age permet un all\u00e8gement suppl\u00e9mentaire car l&#8217;huile habituellement stock\u00e9e \u00e0 l&#8217;int\u00e9rieur du poussoir peut s&#8217;\u00e9vacuer. Il est fortement recommand\u00e9 de monter des poussoirs neufs avec un arbre \u00e0 came neuf. Vendu par 8.","og_url":"https:\/\/dimspeed.com\/en\/product\/poussoirs-swiftune-competition\/","og_site_name":"Dimspeed, l&#039;atelier de personnalisation automobile","article_modified_time":"2025-09-08T08:31:39+00:00","og_image":[{"width":500,"height":500,"url":"https:\/\/dimspeed.com\/wp-content\/uploads\/2020\/12\/Poussoirs-Swiftune-\u2013-Comp\u00e9tition-01.jpg","type":"image\/jpeg"}],"twitter_card":"summary_large_image","twitter_misc":{"Estimated reading time":"1 minute"},"schema":{"@context":"https:\/\/schema.org","@graph":[{"@type":"WebPage","@id":"https:\/\/dimspeed.com\/produit\/poussoirs-swiftune-competition\/","url":"https:\/\/dimspeed.com\/produit\/poussoirs-swiftune-competition\/","name":"Poussoirs Swiftune \u2013 Comp\u00e9tition - Dimspeed, l&#039;atelier de personnalisation automobile","isPartOf":{"@id":"https:\/\/dimspeed.com\/#website"},"primaryImageOfPage":{"@id":"https:\/\/dimspeed.com\/produit\/poussoirs-swiftune-competition\/#primaryimage"},"image":{"@id":"https:\/\/dimspeed.com\/produit\/poussoirs-swiftune-competition\/#primaryimage"},"thumbnailUrl":"https:\/\/dimspeed.com\/wp-content\/uploads\/2020\/12\/Poussoirs-Swiftune-\u2013-Comp\u00e9tition-01.jpg","datePublished":"2020-12-31T10:25:43+00:00","dateModified":"2025-09-08T08:31:39+00:00","breadcrumb":{"@id":"https:\/\/dimspeed.com\/produit\/poussoirs-swiftune-competition\/#breadcrumb"},"inLanguage":"en-GB","potentialAction":[{"@type":"ReadAction","target":["https:\/\/dimspeed.com\/produit\/poussoirs-swiftune-competition\/"]}]},{"@type":"ImageObject","inLanguage":"en-GB","@id":"https:\/\/dimspeed.com\/produit\/poussoirs-swiftune-competition\/#primaryimage","url":"https:\/\/dimspeed.com\/wp-content\/uploads\/2020\/12\/Poussoirs-Swiftune-\u2013-Comp\u00e9tition-01.jpg","contentUrl":"https:\/\/dimspeed.com\/wp-content\/uploads\/2020\/12\/Poussoirs-Swiftune-\u2013-Comp\u00e9tition-01.jpg","width":500,"height":500},{"@type":"BreadcrumbList","@id":"https:\/\/dimspeed.com\/produit\/poussoirs-swiftune-competition\/#breadcrumb","itemListElement":[{"@type":"ListItem","position":1,"name":"Accueil","item":"https:\/\/dimspeed.com\/"},{"@type":"ListItem","position":2,"name":"Boutique","item":"https:\/\/dimspeed.com\/boutique\/"},{"@type":"ListItem","position":3,"name":"Poussoirs Swiftune \u2013 Comp\u00e9tition"}]},{"@type":"WebSite","@id":"https:\/\/dimspeed.com\/#website","url":"https:\/\/dimspeed.com\/","name":"Dimspeed, l&#039;atelier de personnalisation automobile","description":"MOTORISTE comp\u00e9tition et collection SPECIALISTE moteur A-SERIE","publisher":{"@id":"https:\/\/dimspeed.com\/#organization"},"potentialAction":[{"@type":"SearchAction","target":{"@type":"EntryPoint","urlTemplate":"https:\/\/dimspeed.com\/?s={search_term_string}"},"query-input":{"@type":"PropertyValueSpecification","valueRequired":true,"valueName":"search_term_string"}}],"inLanguage":"en-GB"},{"@type":"Organization","@id":"https:\/\/dimspeed.com\/#organization","name":"Dimspeed, l&#039;atelier de personnalisation automobile","url":"https:\/\/dimspeed.com\/","logo":{"@type":"ImageObject","inLanguage":"en-GB","@id":"https:\/\/dimspeed.com\/#\/schema\/logo\/image\/","url":"https:\/\/dimspeed.com\/wp-content\/uploads\/2020\/11\/logo-site.png","contentUrl":"https:\/\/dimspeed.com\/wp-content\/uploads\/2020\/11\/logo-site.png","width":486,"height":178,"caption":"Dimspeed, l&#039;atelier de personnalisation automobile"},"image":{"@id":"https:\/\/dimspeed.com\/#\/schema\/logo\/image\/"}}]}},"_links":{"self":[{"href":"https:\/\/dimspeed.com\/en\/wp-json\/wp\/v2\/product\/737","targetHints":{"allow":["GET"]}}],"collection":[{"href":"https:\/\/dimspeed.com\/en\/wp-json\/wp\/v2\/product"}],"about":[{"href":"https:\/\/dimspeed.com\/en\/wp-json\/wp\/v2\/types\/product"}],"version-history":[{"count":1,"href":"https:\/\/dimspeed.com\/en\/wp-json\/wp\/v2\/product\/737\/revisions"}],"predecessor-version":[{"id":3579,"href":"https:\/\/dimspeed.com\/en\/wp-json\/wp\/v2\/product\/737\/revisions\/3579"}],"wp:featuredmedia":[{"embeddable":true,"href":"https:\/\/dimspeed.com\/en\/wp-json\/wp\/v2\/media\/738"}],"wp:attachment":[{"href":"https:\/\/dimspeed.com\/en\/wp-json\/wp\/v2\/media?parent=737"}],"wp:term":[{"taxonomy":"product_brand","embeddable":true,"href":"https:\/\/dimspeed.com\/en\/wp-json\/wp\/v2\/product_brand?post=737"},{"taxonomy":"product_cat","embeddable":true,"href":"https:\/\/dimspeed.com\/en\/wp-json\/wp\/v2\/product_cat?post=737"},{"taxonomy":"product_tag","embeddable":true,"href":"https:\/\/dimspeed.com\/en\/wp-json\/wp\/v2\/product_tag?post=737"}],"curies":[{"name":"wp","href":"https:\/\/api.w.org\/{rel}","templated":true}]}}