{"id":732,"date":"2020-12-31T11:22:16","date_gmt":"2020-12-31T10:22:16","guid":{"rendered":"https:\/\/dimspeed.com\/?post_type=product&#038;p=732"},"modified":"2025-02-14T11:44:20","modified_gmt":"2025-02-14T10:44:20","slug":"distribution-simple-super-light-swiftune","status":"publish","type":"product","link":"https:\/\/dimspeed.com\/en\/product\/distribution-simple-super-light-swiftune\/","title":{"rendered":"Swiftune Simplex Super-Light Timing Gear Set"},"content":{"rendered":"<p>Designed and manufactured purely for weight saving, this ultimate super light simplex timing gear set weighs just 675 grams. Adjustment comes from the unique multi key way system that offers 14 different timing settings.<\/p>\n<p>Set includes an Iwis simplex timing chain, a crankshaft pulley with multi key adjustment, a cam wheel manufactured from HE7075 aluminium for durability and two large diameter shims for an extra crankshaft gear surface area.<\/p>\n<p>We are fitting them in all our engines.<\/p>","protected":false},"excerpt":{"rendered":"<p>Cette distribution a \u00e9t\u00e9 con\u00e7ue pour un gain de poids maximum. Elle p\u00e8se uniquement 675 grammes! Grace \u00e0 son syst\u00e8me multi-position de clavette, elle offre 14 positions diff\u00e9rentes, elle permet ainsi un r\u00e9glage optimal de votre distribution. Le kit inclut une chaine de distribution simple de comp\u00e9tition IWIS, une poulie de vilebrequin avec un syst\u00e8me [&hellip;]<\/p>","protected":false},"featured_media":733,"template":"","meta":[],"product_brand":[],"product_cat":[15,33],"product_tag":[58,64,179,162],"class_list":{"0":"post-732","1":"product","2":"type-product","3":"status-publish","4":"has-post-thumbnail","6":"product_cat-moteur","7":"product_cat-distribution","8":"product_tag-distri","9":"product_tag-race","10":"product_tag-simplex","11":"product_tag-swiftune","13":"first","14":"instock","15":"taxable","16":"shipping-taxable","17":"purchasable","18":"product-type-simple"},"yoast_head":"<!-- This site is optimized with the Yoast SEO plugin v27.1.1 - https:\/\/yoast.com\/product\/yoast-seo-wordpress\/ -->\n<title>Distribution Simplex Super-light Swiftune - Dimspeed, l&#039;atelier de personnalisation automobile<\/title>\n<meta name=\"robots\" content=\"index, follow, max-snippet:-1, max-image-preview:large, max-video-preview:-1\" \/>\n<link rel=\"canonical\" href=\"https:\/\/dimspeed.com\/en\/product\/distribution-simple-super-light-swiftune\/\" \/>\n<meta property=\"og:locale\" content=\"en_GB\" \/>\n<meta property=\"og:type\" content=\"article\" \/>\n<meta property=\"og:title\" content=\"Distribution Simplex Super-light Swiftune - Dimspeed, l&#039;atelier de personnalisation automobile\" \/>\n<meta property=\"og:description\" content=\"Cette distribution a \u00e9t\u00e9 con\u00e7ue pour un gain de poids maximum. Elle p\u00e8se uniquement 675 grammes! Grace \u00e0 son syst\u00e8me multi-position de clavette, elle offre 14 positions diff\u00e9rentes, elle permet ainsi un r\u00e9glage optimal de votre distribution. Le kit inclut une chaine de distribution simple de comp\u00e9tition IWIS, une poulie de vilebrequin avec un syst\u00e8me [&hellip;]\" \/>\n<meta property=\"og:url\" content=\"https:\/\/dimspeed.com\/en\/product\/distribution-simple-super-light-swiftune\/\" \/>\n<meta property=\"og:site_name\" content=\"Dimspeed, l&#039;atelier de personnalisation automobile\" \/>\n<meta property=\"article:modified_time\" content=\"2025-02-14T10:44:20+00:00\" \/>\n<meta property=\"og:image\" content=\"https:\/\/dimspeed.com\/wp-content\/uploads\/2020\/12\/Distribution-simple-Super-light-Swiftune-01.jpg\" \/>\n\t<meta property=\"og:image:width\" content=\"500\" \/>\n\t<meta property=\"og:image:height\" content=\"500\" \/>\n\t<meta property=\"og:image:type\" content=\"image\/jpeg\" \/>\n<meta name=\"twitter:card\" content=\"summary_large_image\" \/>\n<meta name=\"twitter:label1\" content=\"Estimated reading time\" \/>\n\t<meta name=\"twitter:data1\" content=\"1 minute\" \/>\n<script type=\"application\/ld+json\" class=\"yoast-schema-graph\">{\"@context\":\"https:\/\/schema.org\",\"@graph\":[{\"@type\":\"WebPage\",\"@id\":\"https:\/\/dimspeed.com\/produit\/distribution-simple-super-light-swiftune\/\",\"url\":\"https:\/\/dimspeed.com\/produit\/distribution-simple-super-light-swiftune\/\",\"name\":\"Distribution Simplex Super-light Swiftune - Dimspeed, l&#039;atelier de personnalisation automobile\",\"isPartOf\":{\"@id\":\"https:\/\/dimspeed.com\/#website\"},\"primaryImageOfPage\":{\"@id\":\"https:\/\/dimspeed.com\/produit\/distribution-simple-super-light-swiftune\/#primaryimage\"},\"image\":{\"@id\":\"https:\/\/dimspeed.com\/produit\/distribution-simple-super-light-swiftune\/#primaryimage\"},\"thumbnailUrl\":\"https:\/\/dimspeed.com\/wp-content\/uploads\/2020\/12\/Distribution-simple-Super-light-Swiftune-01.jpg\",\"datePublished\":\"2020-12-31T10:22:16+00:00\",\"dateModified\":\"2025-02-14T10:44:20+00:00\",\"breadcrumb\":{\"@id\":\"https:\/\/dimspeed.com\/produit\/distribution-simple-super-light-swiftune\/#breadcrumb\"},\"inLanguage\":\"en-GB\",\"potentialAction\":[{\"@type\":\"ReadAction\",\"target\":[\"https:\/\/dimspeed.com\/produit\/distribution-simple-super-light-swiftune\/\"]}]},{\"@type\":\"ImageObject\",\"inLanguage\":\"en-GB\",\"@id\":\"https:\/\/dimspeed.com\/produit\/distribution-simple-super-light-swiftune\/#primaryimage\",\"url\":\"https:\/\/dimspeed.com\/wp-content\/uploads\/2020\/12\/Distribution-simple-Super-light-Swiftune-01.jpg\",\"contentUrl\":\"https:\/\/dimspeed.com\/wp-content\/uploads\/2020\/12\/Distribution-simple-Super-light-Swiftune-01.jpg\",\"width\":500,\"height\":500},{\"@type\":\"BreadcrumbList\",\"@id\":\"https:\/\/dimspeed.com\/produit\/distribution-simple-super-light-swiftune\/#breadcrumb\",\"itemListElement\":[{\"@type\":\"ListItem\",\"position\":1,\"name\":\"Accueil\",\"item\":\"https:\/\/dimspeed.com\/\"},{\"@type\":\"ListItem\",\"position\":2,\"name\":\"Boutique\",\"item\":\"https:\/\/dimspeed.com\/boutique\/\"},{\"@type\":\"ListItem\",\"position\":3,\"name\":\"Distribution Simplex Super-light Swiftune\"}]},{\"@type\":\"WebSite\",\"@id\":\"https:\/\/dimspeed.com\/#website\",\"url\":\"https:\/\/dimspeed.com\/\",\"name\":\"Dimspeed, l&#039;atelier de personnalisation automobile\",\"description\":\"MOTORISTE comp\u00e9tition et collection SPECIALISTE moteur A-SERIE\",\"publisher\":{\"@id\":\"https:\/\/dimspeed.com\/#organization\"},\"potentialAction\":[{\"@type\":\"SearchAction\",\"target\":{\"@type\":\"EntryPoint\",\"urlTemplate\":\"https:\/\/dimspeed.com\/?s={search_term_string}\"},\"query-input\":{\"@type\":\"PropertyValueSpecification\",\"valueRequired\":true,\"valueName\":\"search_term_string\"}}],\"inLanguage\":\"en-GB\"},{\"@type\":\"Organization\",\"@id\":\"https:\/\/dimspeed.com\/#organization\",\"name\":\"Dimspeed, l&#039;atelier de personnalisation automobile\",\"url\":\"https:\/\/dimspeed.com\/\",\"logo\":{\"@type\":\"ImageObject\",\"inLanguage\":\"en-GB\",\"@id\":\"https:\/\/dimspeed.com\/#\/schema\/logo\/image\/\",\"url\":\"https:\/\/dimspeed.com\/wp-content\/uploads\/2020\/11\/logo-site.png\",\"contentUrl\":\"https:\/\/dimspeed.com\/wp-content\/uploads\/2020\/11\/logo-site.png\",\"width\":486,\"height\":178,\"caption\":\"Dimspeed, l&#039;atelier de personnalisation automobile\"},\"image\":{\"@id\":\"https:\/\/dimspeed.com\/#\/schema\/logo\/image\/\"}}]}<\/script>\n<!-- \/ Yoast SEO plugin. -->","yoast_head_json":{"title":"Distribution Simplex Super-light Swiftune - Dimspeed, l&#039;atelier de personnalisation automobile","robots":{"index":"index","follow":"follow","max-snippet":"max-snippet:-1","max-image-preview":"max-image-preview:large","max-video-preview":"max-video-preview:-1"},"canonical":"https:\/\/dimspeed.com\/en\/product\/distribution-simple-super-light-swiftune\/","og_locale":"en_GB","og_type":"article","og_title":"Distribution Simplex Super-light Swiftune - Dimspeed, l&#039;atelier de personnalisation automobile","og_description":"Cette distribution a \u00e9t\u00e9 con\u00e7ue pour un gain de poids maximum. Elle p\u00e8se uniquement 675 grammes! Grace \u00e0 son syst\u00e8me multi-position de clavette, elle offre 14 positions diff\u00e9rentes, elle permet ainsi un r\u00e9glage optimal de votre distribution. Le kit inclut une chaine de distribution simple de comp\u00e9tition IWIS, une poulie de vilebrequin avec un syst\u00e8me [&hellip;]","og_url":"https:\/\/dimspeed.com\/en\/product\/distribution-simple-super-light-swiftune\/","og_site_name":"Dimspeed, l&#039;atelier de personnalisation automobile","article_modified_time":"2025-02-14T10:44:20+00:00","og_image":[{"width":500,"height":500,"url":"https:\/\/dimspeed.com\/wp-content\/uploads\/2020\/12\/Distribution-simple-Super-light-Swiftune-01.jpg","type":"image\/jpeg"}],"twitter_card":"summary_large_image","twitter_misc":{"Estimated reading time":"1 minute"},"schema":{"@context":"https:\/\/schema.org","@graph":[{"@type":"WebPage","@id":"https:\/\/dimspeed.com\/produit\/distribution-simple-super-light-swiftune\/","url":"https:\/\/dimspeed.com\/produit\/distribution-simple-super-light-swiftune\/","name":"Distribution Simplex Super-light Swiftune - Dimspeed, l&#039;atelier de personnalisation automobile","isPartOf":{"@id":"https:\/\/dimspeed.com\/#website"},"primaryImageOfPage":{"@id":"https:\/\/dimspeed.com\/produit\/distribution-simple-super-light-swiftune\/#primaryimage"},"image":{"@id":"https:\/\/dimspeed.com\/produit\/distribution-simple-super-light-swiftune\/#primaryimage"},"thumbnailUrl":"https:\/\/dimspeed.com\/wp-content\/uploads\/2020\/12\/Distribution-simple-Super-light-Swiftune-01.jpg","datePublished":"2020-12-31T10:22:16+00:00","dateModified":"2025-02-14T10:44:20+00:00","breadcrumb":{"@id":"https:\/\/dimspeed.com\/produit\/distribution-simple-super-light-swiftune\/#breadcrumb"},"inLanguage":"en-GB","potentialAction":[{"@type":"ReadAction","target":["https:\/\/dimspeed.com\/produit\/distribution-simple-super-light-swiftune\/"]}]},{"@type":"ImageObject","inLanguage":"en-GB","@id":"https:\/\/dimspeed.com\/produit\/distribution-simple-super-light-swiftune\/#primaryimage","url":"https:\/\/dimspeed.com\/wp-content\/uploads\/2020\/12\/Distribution-simple-Super-light-Swiftune-01.jpg","contentUrl":"https:\/\/dimspeed.com\/wp-content\/uploads\/2020\/12\/Distribution-simple-Super-light-Swiftune-01.jpg","width":500,"height":500},{"@type":"BreadcrumbList","@id":"https:\/\/dimspeed.com\/produit\/distribution-simple-super-light-swiftune\/#breadcrumb","itemListElement":[{"@type":"ListItem","position":1,"name":"Accueil","item":"https:\/\/dimspeed.com\/"},{"@type":"ListItem","position":2,"name":"Boutique","item":"https:\/\/dimspeed.com\/boutique\/"},{"@type":"ListItem","position":3,"name":"Distribution Simplex Super-light Swiftune"}]},{"@type":"WebSite","@id":"https:\/\/dimspeed.com\/#website","url":"https:\/\/dimspeed.com\/","name":"Dimspeed, l&#039;atelier de personnalisation automobile","description":"MOTORISTE comp\u00e9tition et collection SPECIALISTE moteur A-SERIE","publisher":{"@id":"https:\/\/dimspeed.com\/#organization"},"potentialAction":[{"@type":"SearchAction","target":{"@type":"EntryPoint","urlTemplate":"https:\/\/dimspeed.com\/?s={search_term_string}"},"query-input":{"@type":"PropertyValueSpecification","valueRequired":true,"valueName":"search_term_string"}}],"inLanguage":"en-GB"},{"@type":"Organization","@id":"https:\/\/dimspeed.com\/#organization","name":"Dimspeed, l&#039;atelier de personnalisation automobile","url":"https:\/\/dimspeed.com\/","logo":{"@type":"ImageObject","inLanguage":"en-GB","@id":"https:\/\/dimspeed.com\/#\/schema\/logo\/image\/","url":"https:\/\/dimspeed.com\/wp-content\/uploads\/2020\/11\/logo-site.png","contentUrl":"https:\/\/dimspeed.com\/wp-content\/uploads\/2020\/11\/logo-site.png","width":486,"height":178,"caption":"Dimspeed, l&#039;atelier de personnalisation automobile"},"image":{"@id":"https:\/\/dimspeed.com\/#\/schema\/logo\/image\/"}}]}},"_links":{"self":[{"href":"https:\/\/dimspeed.com\/en\/wp-json\/wp\/v2\/product\/732","targetHints":{"allow":["GET"]}}],"collection":[{"href":"https:\/\/dimspeed.com\/en\/wp-json\/wp\/v2\/product"}],"about":[{"href":"https:\/\/dimspeed.com\/en\/wp-json\/wp\/v2\/types\/product"}],"version-history":[{"count":2,"href":"https:\/\/dimspeed.com\/en\/wp-json\/wp\/v2\/product\/732\/revisions"}],"predecessor-version":[{"id":4098,"href":"https:\/\/dimspeed.com\/en\/wp-json\/wp\/v2\/product\/732\/revisions\/4098"}],"wp:featuredmedia":[{"embeddable":true,"href":"https:\/\/dimspeed.com\/en\/wp-json\/wp\/v2\/media\/733"}],"wp:attachment":[{"href":"https:\/\/dimspeed.com\/en\/wp-json\/wp\/v2\/media?parent=732"}],"wp:term":[{"taxonomy":"product_brand","embeddable":true,"href":"https:\/\/dimspeed.com\/en\/wp-json\/wp\/v2\/product_brand?post=732"},{"taxonomy":"product_cat","embeddable":true,"href":"https:\/\/dimspeed.com\/en\/wp-json\/wp\/v2\/product_cat?post=732"},{"taxonomy":"product_tag","embeddable":true,"href":"https:\/\/dimspeed.com\/en\/wp-json\/wp\/v2\/product_tag?post=732"}],"curies":[{"name":"wp","href":"https:\/\/api.w.org\/{rel}","templated":true}]}}