{"id":726,"date":"2020-12-31T11:10:39","date_gmt":"2020-12-31T10:10:39","guid":{"rendered":"https:\/\/dimspeed.com\/?post_type=product&#038;p=726"},"modified":"2026-04-07T12:08:14","modified_gmt":"2026-04-07T10:08:14","slug":"distribution-double-reglable-swiftune-aluminium-aluminium","status":"publish","type":"product","link":"https:\/\/dimspeed.com\/en\/product\/distribution-double-reglable-swiftune-aluminium-aluminium\/","title":{"rendered":"Swiftune Duplex Vernier Timing Gear Set Alloy\/Alloy"},"content":{"rendered":"<p>All aluminium cam gear, infinitely adjustable Duplex timing set made from HE7075 aluminium for durability. Optimised gear design to minimise chain slack with the resulting improvement in camshaft and ignition timing scatter.<\/p>\n<p>Cam gear weight - 290 grams.<\/p>\n<p>Set includes an Iwis simplex timing chain, a crankshaft pulley, an adjustable cam wheel and two countersunk screws.<\/p>","protected":false},"excerpt":{"rendered":"<p>Distribution double r\u00e9glable. Son centre est en aluminium HE7075 et son ext\u00e9rieur aussi, pour une plus longue long\u00e9vit\u00e9 et un gain de poids. Elle a \u00e9t\u00e9 con\u00e7ue pour r\u00e9duire le jeu, le &#8220;mou&#8221;, dans la chaine et permet ainsi une meilleure performance de l&#8217;arbre \u00e0 cames et un allumage plus pr\u00e9cis. Le poids de la [&hellip;]<\/p>","protected":false},"featured_media":727,"template":"","meta":[],"product_brand":[],"product_cat":[15,33],"product_tag":[58,182,162],"class_list":{"0":"post-726","1":"product","2":"type-product","3":"status-publish","4":"has-post-thumbnail","6":"product_cat-moteur","7":"product_cat-distribution","8":"product_tag-distri","9":"product_tag-route","10":"product_tag-swiftune","12":"first","13":"instock","14":"taxable","15":"shipping-taxable","16":"purchasable","17":"product-type-simple"},"yoast_head":"<!-- This site is optimized with the Yoast SEO plugin v27.1.1 - https:\/\/yoast.com\/product\/yoast-seo-wordpress\/ -->\n<title>Distribution Double R\u00e9glable Swiftune \u2013 Aluminium \/ Aluminium - Dimspeed, l&#039;atelier de personnalisation automobile<\/title>\n<meta name=\"robots\" content=\"index, follow, max-snippet:-1, max-image-preview:large, max-video-preview:-1\" \/>\n<link rel=\"canonical\" href=\"https:\/\/dimspeed.com\/en\/product\/distribution-double-reglable-swiftune-aluminium-aluminium\/\" \/>\n<meta property=\"og:locale\" content=\"en_GB\" \/>\n<meta property=\"og:type\" content=\"article\" \/>\n<meta property=\"og:title\" content=\"Distribution Double R\u00e9glable Swiftune \u2013 Aluminium \/ Aluminium - Dimspeed, l&#039;atelier de personnalisation automobile\" \/>\n<meta property=\"og:description\" content=\"Distribution double r\u00e9glable. Son centre est en aluminium HE7075 et son ext\u00e9rieur aussi, pour une plus longue long\u00e9vit\u00e9 et un gain de poids. Elle a \u00e9t\u00e9 con\u00e7ue pour r\u00e9duire le jeu, le &#8220;mou&#8221;, dans la chaine et permet ainsi une meilleure performance de l&#8217;arbre \u00e0 cames et un allumage plus pr\u00e9cis. Le poids de la [&hellip;]\" \/>\n<meta property=\"og:url\" content=\"https:\/\/dimspeed.com\/en\/product\/distribution-double-reglable-swiftune-aluminium-aluminium\/\" \/>\n<meta property=\"og:site_name\" content=\"Dimspeed, l&#039;atelier de personnalisation automobile\" \/>\n<meta property=\"article:modified_time\" content=\"2026-04-07T10:08:14+00:00\" \/>\n<meta property=\"og:image\" content=\"https:\/\/dimspeed.com\/wp-content\/uploads\/2020\/12\/Distribution-double-r\u00e9glable-Swiftune-\u2013-Aluminium-Aluminium-01.jpg\" \/>\n\t<meta property=\"og:image:width\" content=\"500\" \/>\n\t<meta property=\"og:image:height\" content=\"500\" \/>\n\t<meta property=\"og:image:type\" content=\"image\/jpeg\" \/>\n<meta name=\"twitter:card\" content=\"summary_large_image\" \/>\n<script type=\"application\/ld+json\" class=\"yoast-schema-graph\">{\"@context\":\"https:\/\/schema.org\",\"@graph\":[{\"@type\":\"WebPage\",\"@id\":\"https:\/\/dimspeed.com\/produit\/distribution-double-reglable-swiftune-aluminium-aluminium\/\",\"url\":\"https:\/\/dimspeed.com\/produit\/distribution-double-reglable-swiftune-aluminium-aluminium\/\",\"name\":\"Distribution Double R\u00e9glable Swiftune \u2013 Aluminium \/ Aluminium - Dimspeed, l&#039;atelier de personnalisation automobile\",\"isPartOf\":{\"@id\":\"https:\/\/dimspeed.com\/#website\"},\"primaryImageOfPage\":{\"@id\":\"https:\/\/dimspeed.com\/produit\/distribution-double-reglable-swiftune-aluminium-aluminium\/#primaryimage\"},\"image\":{\"@id\":\"https:\/\/dimspeed.com\/produit\/distribution-double-reglable-swiftune-aluminium-aluminium\/#primaryimage\"},\"thumbnailUrl\":\"https:\/\/dimspeed.com\/wp-content\/uploads\/2020\/12\/Distribution-double-r\u00e9glable-Swiftune-\u2013-Aluminium-Aluminium-01.jpg\",\"datePublished\":\"2020-12-31T10:10:39+00:00\",\"dateModified\":\"2026-04-07T10:08:14+00:00\",\"breadcrumb\":{\"@id\":\"https:\/\/dimspeed.com\/produit\/distribution-double-reglable-swiftune-aluminium-aluminium\/#breadcrumb\"},\"inLanguage\":\"en-GB\",\"potentialAction\":[{\"@type\":\"ReadAction\",\"target\":[\"https:\/\/dimspeed.com\/produit\/distribution-double-reglable-swiftune-aluminium-aluminium\/\"]}]},{\"@type\":\"ImageObject\",\"inLanguage\":\"en-GB\",\"@id\":\"https:\/\/dimspeed.com\/produit\/distribution-double-reglable-swiftune-aluminium-aluminium\/#primaryimage\",\"url\":\"https:\/\/dimspeed.com\/wp-content\/uploads\/2020\/12\/Distribution-double-r\u00e9glable-Swiftune-\u2013-Aluminium-Aluminium-01.jpg\",\"contentUrl\":\"https:\/\/dimspeed.com\/wp-content\/uploads\/2020\/12\/Distribution-double-r\u00e9glable-Swiftune-\u2013-Aluminium-Aluminium-01.jpg\",\"width\":500,\"height\":500},{\"@type\":\"BreadcrumbList\",\"@id\":\"https:\/\/dimspeed.com\/produit\/distribution-double-reglable-swiftune-aluminium-aluminium\/#breadcrumb\",\"itemListElement\":[{\"@type\":\"ListItem\",\"position\":1,\"name\":\"Accueil\",\"item\":\"https:\/\/dimspeed.com\/\"},{\"@type\":\"ListItem\",\"position\":2,\"name\":\"Boutique\",\"item\":\"https:\/\/dimspeed.com\/boutique\/\"},{\"@type\":\"ListItem\",\"position\":3,\"name\":\"Distribution Double R\u00e9glable Swiftune \u2013 Aluminium \/ Aluminium\"}]},{\"@type\":\"WebSite\",\"@id\":\"https:\/\/dimspeed.com\/#website\",\"url\":\"https:\/\/dimspeed.com\/\",\"name\":\"Dimspeed, l&#039;atelier de personnalisation automobile\",\"description\":\"MOTORISTE comp\u00e9tition et collection SPECIALISTE moteur A-SERIE\",\"publisher\":{\"@id\":\"https:\/\/dimspeed.com\/#organization\"},\"potentialAction\":[{\"@type\":\"SearchAction\",\"target\":{\"@type\":\"EntryPoint\",\"urlTemplate\":\"https:\/\/dimspeed.com\/?s={search_term_string}\"},\"query-input\":{\"@type\":\"PropertyValueSpecification\",\"valueRequired\":true,\"valueName\":\"search_term_string\"}}],\"inLanguage\":\"en-GB\"},{\"@type\":\"Organization\",\"@id\":\"https:\/\/dimspeed.com\/#organization\",\"name\":\"Dimspeed, l&#039;atelier de personnalisation automobile\",\"url\":\"https:\/\/dimspeed.com\/\",\"logo\":{\"@type\":\"ImageObject\",\"inLanguage\":\"en-GB\",\"@id\":\"https:\/\/dimspeed.com\/#\/schema\/logo\/image\/\",\"url\":\"https:\/\/dimspeed.com\/wp-content\/uploads\/2020\/11\/logo-site.png\",\"contentUrl\":\"https:\/\/dimspeed.com\/wp-content\/uploads\/2020\/11\/logo-site.png\",\"width\":486,\"height\":178,\"caption\":\"Dimspeed, l&#039;atelier de personnalisation automobile\"},\"image\":{\"@id\":\"https:\/\/dimspeed.com\/#\/schema\/logo\/image\/\"}}]}<\/script>\n<!-- \/ Yoast SEO plugin. -->","yoast_head_json":{"title":"Distribution Double R\u00e9glable Swiftune \u2013 Aluminium \/ Aluminium - Dimspeed, l&#039;atelier de personnalisation automobile","robots":{"index":"index","follow":"follow","max-snippet":"max-snippet:-1","max-image-preview":"max-image-preview:large","max-video-preview":"max-video-preview:-1"},"canonical":"https:\/\/dimspeed.com\/en\/product\/distribution-double-reglable-swiftune-aluminium-aluminium\/","og_locale":"en_GB","og_type":"article","og_title":"Distribution Double R\u00e9glable Swiftune \u2013 Aluminium \/ Aluminium - Dimspeed, l&#039;atelier de personnalisation automobile","og_description":"Distribution double r\u00e9glable. Son centre est en aluminium HE7075 et son ext\u00e9rieur aussi, pour une plus longue long\u00e9vit\u00e9 et un gain de poids. Elle a \u00e9t\u00e9 con\u00e7ue pour r\u00e9duire le jeu, le &#8220;mou&#8221;, dans la chaine et permet ainsi une meilleure performance de l&#8217;arbre \u00e0 cames et un allumage plus pr\u00e9cis. Le poids de la [&hellip;]","og_url":"https:\/\/dimspeed.com\/en\/product\/distribution-double-reglable-swiftune-aluminium-aluminium\/","og_site_name":"Dimspeed, l&#039;atelier de personnalisation automobile","article_modified_time":"2026-04-07T10:08:14+00:00","og_image":[{"width":500,"height":500,"url":"https:\/\/dimspeed.com\/wp-content\/uploads\/2020\/12\/Distribution-double-r\u00e9glable-Swiftune-\u2013-Aluminium-Aluminium-01.jpg","type":"image\/jpeg"}],"twitter_card":"summary_large_image","schema":{"@context":"https:\/\/schema.org","@graph":[{"@type":"WebPage","@id":"https:\/\/dimspeed.com\/produit\/distribution-double-reglable-swiftune-aluminium-aluminium\/","url":"https:\/\/dimspeed.com\/produit\/distribution-double-reglable-swiftune-aluminium-aluminium\/","name":"Distribution Double R\u00e9glable Swiftune \u2013 Aluminium \/ Aluminium - Dimspeed, l&#039;atelier de personnalisation automobile","isPartOf":{"@id":"https:\/\/dimspeed.com\/#website"},"primaryImageOfPage":{"@id":"https:\/\/dimspeed.com\/produit\/distribution-double-reglable-swiftune-aluminium-aluminium\/#primaryimage"},"image":{"@id":"https:\/\/dimspeed.com\/produit\/distribution-double-reglable-swiftune-aluminium-aluminium\/#primaryimage"},"thumbnailUrl":"https:\/\/dimspeed.com\/wp-content\/uploads\/2020\/12\/Distribution-double-r\u00e9glable-Swiftune-\u2013-Aluminium-Aluminium-01.jpg","datePublished":"2020-12-31T10:10:39+00:00","dateModified":"2026-04-07T10:08:14+00:00","breadcrumb":{"@id":"https:\/\/dimspeed.com\/produit\/distribution-double-reglable-swiftune-aluminium-aluminium\/#breadcrumb"},"inLanguage":"en-GB","potentialAction":[{"@type":"ReadAction","target":["https:\/\/dimspeed.com\/produit\/distribution-double-reglable-swiftune-aluminium-aluminium\/"]}]},{"@type":"ImageObject","inLanguage":"en-GB","@id":"https:\/\/dimspeed.com\/produit\/distribution-double-reglable-swiftune-aluminium-aluminium\/#primaryimage","url":"https:\/\/dimspeed.com\/wp-content\/uploads\/2020\/12\/Distribution-double-r\u00e9glable-Swiftune-\u2013-Aluminium-Aluminium-01.jpg","contentUrl":"https:\/\/dimspeed.com\/wp-content\/uploads\/2020\/12\/Distribution-double-r\u00e9glable-Swiftune-\u2013-Aluminium-Aluminium-01.jpg","width":500,"height":500},{"@type":"BreadcrumbList","@id":"https:\/\/dimspeed.com\/produit\/distribution-double-reglable-swiftune-aluminium-aluminium\/#breadcrumb","itemListElement":[{"@type":"ListItem","position":1,"name":"Accueil","item":"https:\/\/dimspeed.com\/"},{"@type":"ListItem","position":2,"name":"Boutique","item":"https:\/\/dimspeed.com\/boutique\/"},{"@type":"ListItem","position":3,"name":"Distribution Double R\u00e9glable Swiftune \u2013 Aluminium \/ Aluminium"}]},{"@type":"WebSite","@id":"https:\/\/dimspeed.com\/#website","url":"https:\/\/dimspeed.com\/","name":"Dimspeed, l&#039;atelier de personnalisation automobile","description":"MOTORISTE comp\u00e9tition et collection SPECIALISTE moteur A-SERIE","publisher":{"@id":"https:\/\/dimspeed.com\/#organization"},"potentialAction":[{"@type":"SearchAction","target":{"@type":"EntryPoint","urlTemplate":"https:\/\/dimspeed.com\/?s={search_term_string}"},"query-input":{"@type":"PropertyValueSpecification","valueRequired":true,"valueName":"search_term_string"}}],"inLanguage":"en-GB"},{"@type":"Organization","@id":"https:\/\/dimspeed.com\/#organization","name":"Dimspeed, l&#039;atelier de personnalisation automobile","url":"https:\/\/dimspeed.com\/","logo":{"@type":"ImageObject","inLanguage":"en-GB","@id":"https:\/\/dimspeed.com\/#\/schema\/logo\/image\/","url":"https:\/\/dimspeed.com\/wp-content\/uploads\/2020\/11\/logo-site.png","contentUrl":"https:\/\/dimspeed.com\/wp-content\/uploads\/2020\/11\/logo-site.png","width":486,"height":178,"caption":"Dimspeed, l&#039;atelier de personnalisation automobile"},"image":{"@id":"https:\/\/dimspeed.com\/#\/schema\/logo\/image\/"}}]}},"_links":{"self":[{"href":"https:\/\/dimspeed.com\/en\/wp-json\/wp\/v2\/product\/726","targetHints":{"allow":["GET"]}}],"collection":[{"href":"https:\/\/dimspeed.com\/en\/wp-json\/wp\/v2\/product"}],"about":[{"href":"https:\/\/dimspeed.com\/en\/wp-json\/wp\/v2\/types\/product"}],"version-history":[{"count":2,"href":"https:\/\/dimspeed.com\/en\/wp-json\/wp\/v2\/product\/726\/revisions"}],"predecessor-version":[{"id":4004,"href":"https:\/\/dimspeed.com\/en\/wp-json\/wp\/v2\/product\/726\/revisions\/4004"}],"wp:featuredmedia":[{"embeddable":true,"href":"https:\/\/dimspeed.com\/en\/wp-json\/wp\/v2\/media\/727"}],"wp:attachment":[{"href":"https:\/\/dimspeed.com\/en\/wp-json\/wp\/v2\/media?parent=726"}],"wp:term":[{"taxonomy":"product_brand","embeddable":true,"href":"https:\/\/dimspeed.com\/en\/wp-json\/wp\/v2\/product_brand?post=726"},{"taxonomy":"product_cat","embeddable":true,"href":"https:\/\/dimspeed.com\/en\/wp-json\/wp\/v2\/product_cat?post=726"},{"taxonomy":"product_tag","embeddable":true,"href":"https:\/\/dimspeed.com\/en\/wp-json\/wp\/v2\/product_tag?post=726"}],"curies":[{"name":"wp","href":"https:\/\/api.w.org\/{rel}","templated":true}]}}