{"id":7153,"date":"2025-04-18T16:17:53","date_gmt":"2025-04-18T14:17:53","guid":{"rendered":"https:\/\/dimspeed.com\/?post_type=product&#038;p=7153"},"modified":"2026-02-02T19:49:58","modified_gmt":"2026-02-02T18:49:58","slug":"alternateur-route","status":"publish","type":"product","link":"https:\/\/dimspeed.com\/en\/product\/alternateur-route\/","title":{"rendered":"Alternator - Road"},"content":{"rendered":"<p>70amp alternator used on 89 on model Minis.<\/p>\n<p>Will fit most Minis from 1980 until 1996, except some aircon models and MPI.<\/p>\n<p>This is the 17mm size diameter shaft with allen key hole in end which fastens the pulleys with 22mm nut.<\/p>\n<p>Has 2.5\" pulley fitted.<\/p>","protected":false},"excerpt":{"rendered":"<p>Alternateur 70A utilis\u00e9 sur les Mini \u00e0 partir de 1989. Compatible avec la plupart des Mini de 1980 \u00e0 1996, \u00e0 l\u2019exception de certains mod\u00e8les avec climatisation et les MPI. Il s\u2019agit d\u2019un mod\u00e8le avec axe de 17 mm de diam\u00e8tre, avec empreinte pour cl\u00e9 Allen \u00e0 l\u2019extr\u00e9mit\u00e9, permettant de fixer la poulie \u00e0 l\u2019aide [&hellip;]<\/p>","protected":false},"featured_media":7170,"template":"","meta":[],"product_brand":[],"product_cat":[26,43,48],"product_tag":[],"class_list":{"0":"post-7153","1":"product","2":"type-product","3":"status-publish","4":"has-post-thumbnail","6":"product_cat-peripherique","7":"product_cat-alternateur","8":"product_cat-nouveautes","10":"first","11":"onbackorder","12":"taxable","13":"shipping-taxable","14":"purchasable","15":"product-type-simple"},"yoast_head":"<!-- This site is optimized with the Yoast SEO plugin v27.1.1 - https:\/\/yoast.com\/product\/yoast-seo-wordpress\/ -->\n<title>Alternateur - Route - Dimspeed, l&#039;atelier de personnalisation automobile<\/title>\n<meta name=\"robots\" content=\"index, follow, max-snippet:-1, max-image-preview:large, max-video-preview:-1\" \/>\n<link rel=\"canonical\" href=\"https:\/\/dimspeed.com\/en\/product\/alternateur-route\/\" \/>\n<meta property=\"og:locale\" content=\"en_GB\" \/>\n<meta property=\"og:type\" content=\"article\" \/>\n<meta property=\"og:title\" content=\"Alternateur - Route - Dimspeed, l&#039;atelier de personnalisation automobile\" \/>\n<meta property=\"og:description\" content=\"Alternateur 70A utilis\u00e9 sur les Mini \u00e0 partir de 1989. Compatible avec la plupart des Mini de 1980 \u00e0 1996, \u00e0 l\u2019exception de certains mod\u00e8les avec climatisation et les MPI. Il s\u2019agit d\u2019un mod\u00e8le avec axe de 17 mm de diam\u00e8tre, avec empreinte pour cl\u00e9 Allen \u00e0 l\u2019extr\u00e9mit\u00e9, permettant de fixer la poulie \u00e0 l\u2019aide [&hellip;]\" \/>\n<meta property=\"og:url\" content=\"https:\/\/dimspeed.com\/en\/product\/alternateur-route\/\" \/>\n<meta property=\"og:site_name\" content=\"Dimspeed, l&#039;atelier de personnalisation automobile\" \/>\n<meta property=\"article:modified_time\" content=\"2026-02-02T18:49:58+00:00\" \/>\n<meta property=\"og:image\" content=\"https:\/\/dimspeed.com\/wp-content\/uploads\/2025\/04\/549_Alternateur-1.jpg\" \/>\n\t<meta property=\"og:image:width\" content=\"381\" \/>\n\t<meta property=\"og:image:height\" content=\"431\" \/>\n\t<meta property=\"og:image:type\" content=\"image\/jpeg\" \/>\n<meta name=\"twitter:card\" content=\"summary_large_image\" \/>\n<meta name=\"twitter:label1\" content=\"Estimated reading time\" \/>\n\t<meta name=\"twitter:data1\" content=\"1 minute\" \/>\n<script type=\"application\/ld+json\" class=\"yoast-schema-graph\">{\"@context\":\"https:\/\/schema.org\",\"@graph\":[{\"@type\":\"WebPage\",\"@id\":\"https:\/\/dimspeed.com\/produit\/alternateur-route\/\",\"url\":\"https:\/\/dimspeed.com\/produit\/alternateur-route\/\",\"name\":\"Alternateur - Route - Dimspeed, l&#039;atelier de personnalisation automobile\",\"isPartOf\":{\"@id\":\"https:\/\/dimspeed.com\/#website\"},\"primaryImageOfPage\":{\"@id\":\"https:\/\/dimspeed.com\/produit\/alternateur-route\/#primaryimage\"},\"image\":{\"@id\":\"https:\/\/dimspeed.com\/produit\/alternateur-route\/#primaryimage\"},\"thumbnailUrl\":\"https:\/\/dimspeed.com\/wp-content\/uploads\/2025\/04\/549_Alternateur-1.jpg\",\"datePublished\":\"2025-04-18T14:17:53+00:00\",\"dateModified\":\"2026-02-02T18:49:58+00:00\",\"breadcrumb\":{\"@id\":\"https:\/\/dimspeed.com\/produit\/alternateur-route\/#breadcrumb\"},\"inLanguage\":\"en-GB\",\"potentialAction\":[{\"@type\":\"ReadAction\",\"target\":[\"https:\/\/dimspeed.com\/produit\/alternateur-route\/\"]}]},{\"@type\":\"ImageObject\",\"inLanguage\":\"en-GB\",\"@id\":\"https:\/\/dimspeed.com\/produit\/alternateur-route\/#primaryimage\",\"url\":\"https:\/\/dimspeed.com\/wp-content\/uploads\/2025\/04\/549_Alternateur-1.jpg\",\"contentUrl\":\"https:\/\/dimspeed.com\/wp-content\/uploads\/2025\/04\/549_Alternateur-1.jpg\",\"width\":381,\"height\":431},{\"@type\":\"BreadcrumbList\",\"@id\":\"https:\/\/dimspeed.com\/produit\/alternateur-route\/#breadcrumb\",\"itemListElement\":[{\"@type\":\"ListItem\",\"position\":1,\"name\":\"Accueil\",\"item\":\"https:\/\/dimspeed.com\/\"},{\"@type\":\"ListItem\",\"position\":2,\"name\":\"Boutique\",\"item\":\"https:\/\/dimspeed.com\/boutique\/\"},{\"@type\":\"ListItem\",\"position\":3,\"name\":\"Alternateur &#8211; Route\"}]},{\"@type\":\"WebSite\",\"@id\":\"https:\/\/dimspeed.com\/#website\",\"url\":\"https:\/\/dimspeed.com\/\",\"name\":\"Dimspeed, l&#039;atelier de personnalisation automobile\",\"description\":\"MOTORISTE comp\u00e9tition et collection SPECIALISTE moteur A-SERIE\",\"publisher\":{\"@id\":\"https:\/\/dimspeed.com\/#organization\"},\"potentialAction\":[{\"@type\":\"SearchAction\",\"target\":{\"@type\":\"EntryPoint\",\"urlTemplate\":\"https:\/\/dimspeed.com\/?s={search_term_string}\"},\"query-input\":{\"@type\":\"PropertyValueSpecification\",\"valueRequired\":true,\"valueName\":\"search_term_string\"}}],\"inLanguage\":\"en-GB\"},{\"@type\":\"Organization\",\"@id\":\"https:\/\/dimspeed.com\/#organization\",\"name\":\"Dimspeed, l&#039;atelier de personnalisation automobile\",\"url\":\"https:\/\/dimspeed.com\/\",\"logo\":{\"@type\":\"ImageObject\",\"inLanguage\":\"en-GB\",\"@id\":\"https:\/\/dimspeed.com\/#\/schema\/logo\/image\/\",\"url\":\"https:\/\/dimspeed.com\/wp-content\/uploads\/2020\/11\/logo-site.png\",\"contentUrl\":\"https:\/\/dimspeed.com\/wp-content\/uploads\/2020\/11\/logo-site.png\",\"width\":486,\"height\":178,\"caption\":\"Dimspeed, l&#039;atelier de personnalisation automobile\"},\"image\":{\"@id\":\"https:\/\/dimspeed.com\/#\/schema\/logo\/image\/\"}}]}<\/script>\n<!-- \/ Yoast SEO plugin. -->","yoast_head_json":{"title":"Alternateur - Route - Dimspeed, l&#039;atelier de personnalisation automobile","robots":{"index":"index","follow":"follow","max-snippet":"max-snippet:-1","max-image-preview":"max-image-preview:large","max-video-preview":"max-video-preview:-1"},"canonical":"https:\/\/dimspeed.com\/en\/product\/alternateur-route\/","og_locale":"en_GB","og_type":"article","og_title":"Alternateur - Route - Dimspeed, l&#039;atelier de personnalisation automobile","og_description":"Alternateur 70A utilis\u00e9 sur les Mini \u00e0 partir de 1989. Compatible avec la plupart des Mini de 1980 \u00e0 1996, \u00e0 l\u2019exception de certains mod\u00e8les avec climatisation et les MPI. Il s\u2019agit d\u2019un mod\u00e8le avec axe de 17 mm de diam\u00e8tre, avec empreinte pour cl\u00e9 Allen \u00e0 l\u2019extr\u00e9mit\u00e9, permettant de fixer la poulie \u00e0 l\u2019aide [&hellip;]","og_url":"https:\/\/dimspeed.com\/en\/product\/alternateur-route\/","og_site_name":"Dimspeed, l&#039;atelier de personnalisation automobile","article_modified_time":"2026-02-02T18:49:58+00:00","og_image":[{"width":381,"height":431,"url":"https:\/\/dimspeed.com\/wp-content\/uploads\/2025\/04\/549_Alternateur-1.jpg","type":"image\/jpeg"}],"twitter_card":"summary_large_image","twitter_misc":{"Estimated reading time":"1 minute"},"schema":{"@context":"https:\/\/schema.org","@graph":[{"@type":"WebPage","@id":"https:\/\/dimspeed.com\/produit\/alternateur-route\/","url":"https:\/\/dimspeed.com\/produit\/alternateur-route\/","name":"Alternateur - Route - Dimspeed, l&#039;atelier de personnalisation automobile","isPartOf":{"@id":"https:\/\/dimspeed.com\/#website"},"primaryImageOfPage":{"@id":"https:\/\/dimspeed.com\/produit\/alternateur-route\/#primaryimage"},"image":{"@id":"https:\/\/dimspeed.com\/produit\/alternateur-route\/#primaryimage"},"thumbnailUrl":"https:\/\/dimspeed.com\/wp-content\/uploads\/2025\/04\/549_Alternateur-1.jpg","datePublished":"2025-04-18T14:17:53+00:00","dateModified":"2026-02-02T18:49:58+00:00","breadcrumb":{"@id":"https:\/\/dimspeed.com\/produit\/alternateur-route\/#breadcrumb"},"inLanguage":"en-GB","potentialAction":[{"@type":"ReadAction","target":["https:\/\/dimspeed.com\/produit\/alternateur-route\/"]}]},{"@type":"ImageObject","inLanguage":"en-GB","@id":"https:\/\/dimspeed.com\/produit\/alternateur-route\/#primaryimage","url":"https:\/\/dimspeed.com\/wp-content\/uploads\/2025\/04\/549_Alternateur-1.jpg","contentUrl":"https:\/\/dimspeed.com\/wp-content\/uploads\/2025\/04\/549_Alternateur-1.jpg","width":381,"height":431},{"@type":"BreadcrumbList","@id":"https:\/\/dimspeed.com\/produit\/alternateur-route\/#breadcrumb","itemListElement":[{"@type":"ListItem","position":1,"name":"Accueil","item":"https:\/\/dimspeed.com\/"},{"@type":"ListItem","position":2,"name":"Boutique","item":"https:\/\/dimspeed.com\/boutique\/"},{"@type":"ListItem","position":3,"name":"Alternateur &#8211; Route"}]},{"@type":"WebSite","@id":"https:\/\/dimspeed.com\/#website","url":"https:\/\/dimspeed.com\/","name":"Dimspeed, l&#039;atelier de personnalisation automobile","description":"MOTORISTE comp\u00e9tition et collection SPECIALISTE moteur A-SERIE","publisher":{"@id":"https:\/\/dimspeed.com\/#organization"},"potentialAction":[{"@type":"SearchAction","target":{"@type":"EntryPoint","urlTemplate":"https:\/\/dimspeed.com\/?s={search_term_string}"},"query-input":{"@type":"PropertyValueSpecification","valueRequired":true,"valueName":"search_term_string"}}],"inLanguage":"en-GB"},{"@type":"Organization","@id":"https:\/\/dimspeed.com\/#organization","name":"Dimspeed, l&#039;atelier de personnalisation automobile","url":"https:\/\/dimspeed.com\/","logo":{"@type":"ImageObject","inLanguage":"en-GB","@id":"https:\/\/dimspeed.com\/#\/schema\/logo\/image\/","url":"https:\/\/dimspeed.com\/wp-content\/uploads\/2020\/11\/logo-site.png","contentUrl":"https:\/\/dimspeed.com\/wp-content\/uploads\/2020\/11\/logo-site.png","width":486,"height":178,"caption":"Dimspeed, l&#039;atelier de personnalisation automobile"},"image":{"@id":"https:\/\/dimspeed.com\/#\/schema\/logo\/image\/"}}]}},"_links":{"self":[{"href":"https:\/\/dimspeed.com\/en\/wp-json\/wp\/v2\/product\/7153","targetHints":{"allow":["GET"]}}],"collection":[{"href":"https:\/\/dimspeed.com\/en\/wp-json\/wp\/v2\/product"}],"about":[{"href":"https:\/\/dimspeed.com\/en\/wp-json\/wp\/v2\/types\/product"}],"version-history":[{"count":1,"href":"https:\/\/dimspeed.com\/en\/wp-json\/wp\/v2\/product\/7153\/revisions"}],"predecessor-version":[{"id":7154,"href":"https:\/\/dimspeed.com\/en\/wp-json\/wp\/v2\/product\/7153\/revisions\/7154"}],"wp:featuredmedia":[{"embeddable":true,"href":"https:\/\/dimspeed.com\/en\/wp-json\/wp\/v2\/media\/7170"}],"wp:attachment":[{"href":"https:\/\/dimspeed.com\/en\/wp-json\/wp\/v2\/media?parent=7153"}],"wp:term":[{"taxonomy":"product_brand","embeddable":true,"href":"https:\/\/dimspeed.com\/en\/wp-json\/wp\/v2\/product_brand?post=7153"},{"taxonomy":"product_cat","embeddable":true,"href":"https:\/\/dimspeed.com\/en\/wp-json\/wp\/v2\/product_cat?post=7153"},{"taxonomy":"product_tag","embeddable":true,"href":"https:\/\/dimspeed.com\/en\/wp-json\/wp\/v2\/product_tag?post=7153"}],"curies":[{"name":"wp","href":"https:\/\/api.w.org\/{rel}","templated":true}]}}