{"id":7043,"date":"2025-02-20T19:04:46","date_gmt":"2025-02-20T18:04:46","guid":{"rendered":"https:\/\/dimspeed.com\/?post_type=product&#038;p=7043"},"modified":"2026-04-13T17:29:49","modified_gmt":"2026-04-13T15:29:49","slug":"set-dallumage-pour-distributeur-csi-swiftune-dimspeed","status":"publish","type":"product","link":"https:\/\/dimspeed.com\/en\/product\/set-dallumage-pour-distributeur-csi-swiftune-dimspeed\/","title":{"rendered":"Dimspeed Points Ignition System Bundle - CSI Electronic Distributor"},"content":{"rendered":"<p>CSI-ignition is a fully electronic ignition built in an original looking Lucas, Bosch or Ducellier housing. You will have to remove the cap to see the difference. The CSI-ignition is easy to install and will bring you a lot of advantages, it is a direct replacement for the standard distributor.<\/p>\n<p>The CSI-ignition is easy to install and will bring you a lot of advantages. Your car will have more torque, better emission, a smoother run and start, less fuel consumption and the ignition is maintenance free.<br \/>\nAfter removing the cap you can select between 16 different curves by using a screwdriver. A bright flashing led light shows which curve you have selected.<\/p>\n<p>This is a complete kit of parts, all proven in engines that Swiftune and Dimspeed built is now available.<\/p>\n<p>This kit includes :<\/p>\n<ul>\n<li>1 x Swiftune CSI Electronic Distributor or Pro<\/li>\n<li>1 Bosch or Lucas Ignition Coil<\/li>\n<li>1 x Lumenition Silicone Blue Ignition Leads<\/li>\n<li>4 x Spark Plug ( B8ES or B9ES)<\/li>\n<\/ul>\n<p>&nbsp;<\/p>\n<p><span class=\"Y2IQFc\" lang=\"fr\">Vital to the reliability, performance and economy of any engine, is a quality ignition system.<\/span><\/p>\n<p>.<\/p>\n<p>&nbsp;<\/p>\n<p>&nbsp;<\/p>","protected":false},"excerpt":{"rendered":"<p>Le Distributeur \u00e9lectronique CSI vous permet de garder un aspect d\u2019origine du Lucas, Bosch ou Ducellier. Il faut retirer la t\u00eate de Delco pour voir la diff\u00e9rence. Il est tr\u00e8s facile d\u2019installation sur votre MINI. Gr\u00e2ce \u00e0 son \u00e9lectronique, ce distributeur vous apportera plus de couple, moins d\u2019\u00e9mission de pollution, un d\u00e9marrage plus facile, une [&hellip;]<\/p>","protected":false},"featured_media":7044,"template":"","meta":[],"product_brand":[],"product_cat":[26,24,48],"product_tag":[],"class_list":{"0":"post-7043","1":"product","2":"type-product","3":"status-publish","4":"has-post-thumbnail","6":"product_cat-peripherique","7":"product_cat-allumage","8":"product_cat-nouveautes","10":"first","11":"instock","12":"taxable","13":"shipping-taxable","14":"purchasable","15":"product-type-variable"},"yoast_head":"<!-- This site is optimized with the Yoast SEO plugin v27.1.1 - https:\/\/yoast.com\/product\/yoast-seo-wordpress\/ -->\n<title>Set d\u2019Allumage pour Distributeur CSI Swiftune \u2013 Dimspeed - Dimspeed, l&#039;atelier de personnalisation automobile<\/title>\n<meta name=\"robots\" content=\"index, follow, max-snippet:-1, max-image-preview:large, max-video-preview:-1\" \/>\n<link rel=\"canonical\" href=\"https:\/\/dimspeed.com\/en\/product\/set-dallumage-pour-distributeur-csi-swiftune-dimspeed\/\" \/>\n<meta property=\"og:locale\" content=\"en_GB\" \/>\n<meta property=\"og:type\" content=\"article\" \/>\n<meta property=\"og:title\" content=\"Set d\u2019Allumage pour Distributeur CSI Swiftune \u2013 Dimspeed - Dimspeed, l&#039;atelier de personnalisation automobile\" \/>\n<meta property=\"og:description\" content=\"Le Distributeur \u00e9lectronique CSI vous permet de garder un aspect d\u2019origine du Lucas, Bosch ou Ducellier. Il faut retirer la t\u00eate de Delco pour voir la diff\u00e9rence. Il est tr\u00e8s facile d\u2019installation sur votre MINI. Gr\u00e2ce \u00e0 son \u00e9lectronique, ce distributeur vous apportera plus de couple, moins d\u2019\u00e9mission de pollution, un d\u00e9marrage plus facile, une [&hellip;]\" \/>\n<meta property=\"og:url\" content=\"https:\/\/dimspeed.com\/en\/product\/set-dallumage-pour-distributeur-csi-swiftune-dimspeed\/\" \/>\n<meta property=\"og:site_name\" content=\"Dimspeed, l&#039;atelier de personnalisation automobile\" \/>\n<meta property=\"article:modified_time\" content=\"2026-04-13T15:29:49+00:00\" \/>\n<meta property=\"og:image\" content=\"https:\/\/dimspeed.com\/wp-content\/uploads\/2025\/02\/544_CSI_Kit-Allumage.jpg\" \/>\n\t<meta property=\"og:image:width\" content=\"480\" \/>\n\t<meta property=\"og:image:height\" content=\"640\" \/>\n\t<meta property=\"og:image:type\" content=\"image\/jpeg\" \/>\n<meta name=\"twitter:card\" content=\"summary_large_image\" \/>\n<meta name=\"twitter:label1\" content=\"Estimated reading time\" \/>\n\t<meta name=\"twitter:data1\" content=\"2 minutes\" \/>\n<script type=\"application\/ld+json\" class=\"yoast-schema-graph\">{\"@context\":\"https:\/\/schema.org\",\"@graph\":[{\"@type\":\"WebPage\",\"@id\":\"https:\/\/dimspeed.com\/produit\/set-dallumage-pour-distributeur-csi-swiftune-dimspeed\/\",\"url\":\"https:\/\/dimspeed.com\/produit\/set-dallumage-pour-distributeur-csi-swiftune-dimspeed\/\",\"name\":\"Set d\u2019Allumage pour Distributeur CSI Swiftune \u2013 Dimspeed - Dimspeed, l&#039;atelier de personnalisation automobile\",\"isPartOf\":{\"@id\":\"https:\/\/dimspeed.com\/#website\"},\"primaryImageOfPage\":{\"@id\":\"https:\/\/dimspeed.com\/produit\/set-dallumage-pour-distributeur-csi-swiftune-dimspeed\/#primaryimage\"},\"image\":{\"@id\":\"https:\/\/dimspeed.com\/produit\/set-dallumage-pour-distributeur-csi-swiftune-dimspeed\/#primaryimage\"},\"thumbnailUrl\":\"https:\/\/dimspeed.com\/wp-content\/uploads\/2025\/02\/544_CSI_Kit-Allumage.jpg\",\"datePublished\":\"2025-02-20T18:04:46+00:00\",\"dateModified\":\"2026-04-13T15:29:49+00:00\",\"breadcrumb\":{\"@id\":\"https:\/\/dimspeed.com\/produit\/set-dallumage-pour-distributeur-csi-swiftune-dimspeed\/#breadcrumb\"},\"inLanguage\":\"en-GB\",\"potentialAction\":[{\"@type\":\"ReadAction\",\"target\":[\"https:\/\/dimspeed.com\/produit\/set-dallumage-pour-distributeur-csi-swiftune-dimspeed\/\"]}]},{\"@type\":\"ImageObject\",\"inLanguage\":\"en-GB\",\"@id\":\"https:\/\/dimspeed.com\/produit\/set-dallumage-pour-distributeur-csi-swiftune-dimspeed\/#primaryimage\",\"url\":\"https:\/\/dimspeed.com\/wp-content\/uploads\/2025\/02\/544_CSI_Kit-Allumage.jpg\",\"contentUrl\":\"https:\/\/dimspeed.com\/wp-content\/uploads\/2025\/02\/544_CSI_Kit-Allumage.jpg\",\"width\":480,\"height\":640},{\"@type\":\"BreadcrumbList\",\"@id\":\"https:\/\/dimspeed.com\/produit\/set-dallumage-pour-distributeur-csi-swiftune-dimspeed\/#breadcrumb\",\"itemListElement\":[{\"@type\":\"ListItem\",\"position\":1,\"name\":\"Accueil\",\"item\":\"https:\/\/dimspeed.com\/\"},{\"@type\":\"ListItem\",\"position\":2,\"name\":\"Boutique\",\"item\":\"https:\/\/dimspeed.com\/boutique\/\"},{\"@type\":\"ListItem\",\"position\":3,\"name\":\"Set d\u2019Allumage pour Distributeur CSI Swiftune \u2013 Dimspeed\"}]},{\"@type\":\"WebSite\",\"@id\":\"https:\/\/dimspeed.com\/#website\",\"url\":\"https:\/\/dimspeed.com\/\",\"name\":\"Dimspeed, l&#039;atelier de personnalisation automobile\",\"description\":\"MOTORISTE comp\u00e9tition et collection SPECIALISTE moteur A-SERIE\",\"publisher\":{\"@id\":\"https:\/\/dimspeed.com\/#organization\"},\"potentialAction\":[{\"@type\":\"SearchAction\",\"target\":{\"@type\":\"EntryPoint\",\"urlTemplate\":\"https:\/\/dimspeed.com\/?s={search_term_string}\"},\"query-input\":{\"@type\":\"PropertyValueSpecification\",\"valueRequired\":true,\"valueName\":\"search_term_string\"}}],\"inLanguage\":\"en-GB\"},{\"@type\":\"Organization\",\"@id\":\"https:\/\/dimspeed.com\/#organization\",\"name\":\"Dimspeed, l&#039;atelier de personnalisation automobile\",\"url\":\"https:\/\/dimspeed.com\/\",\"logo\":{\"@type\":\"ImageObject\",\"inLanguage\":\"en-GB\",\"@id\":\"https:\/\/dimspeed.com\/#\/schema\/logo\/image\/\",\"url\":\"https:\/\/dimspeed.com\/wp-content\/uploads\/2020\/11\/logo-site.png\",\"contentUrl\":\"https:\/\/dimspeed.com\/wp-content\/uploads\/2020\/11\/logo-site.png\",\"width\":486,\"height\":178,\"caption\":\"Dimspeed, l&#039;atelier de personnalisation automobile\"},\"image\":{\"@id\":\"https:\/\/dimspeed.com\/#\/schema\/logo\/image\/\"}}]}<\/script>\n<!-- \/ Yoast SEO plugin. -->","yoast_head_json":{"title":"Set d\u2019Allumage pour Distributeur CSI Swiftune \u2013 Dimspeed - Dimspeed, l&#039;atelier de personnalisation automobile","robots":{"index":"index","follow":"follow","max-snippet":"max-snippet:-1","max-image-preview":"max-image-preview:large","max-video-preview":"max-video-preview:-1"},"canonical":"https:\/\/dimspeed.com\/en\/product\/set-dallumage-pour-distributeur-csi-swiftune-dimspeed\/","og_locale":"en_GB","og_type":"article","og_title":"Set d\u2019Allumage pour Distributeur CSI Swiftune \u2013 Dimspeed - Dimspeed, l&#039;atelier de personnalisation automobile","og_description":"Le Distributeur \u00e9lectronique CSI vous permet de garder un aspect d\u2019origine du Lucas, Bosch ou Ducellier. Il faut retirer la t\u00eate de Delco pour voir la diff\u00e9rence. Il est tr\u00e8s facile d\u2019installation sur votre MINI. Gr\u00e2ce \u00e0 son \u00e9lectronique, ce distributeur vous apportera plus de couple, moins d\u2019\u00e9mission de pollution, un d\u00e9marrage plus facile, une [&hellip;]","og_url":"https:\/\/dimspeed.com\/en\/product\/set-dallumage-pour-distributeur-csi-swiftune-dimspeed\/","og_site_name":"Dimspeed, l&#039;atelier de personnalisation automobile","article_modified_time":"2026-04-13T15:29:49+00:00","og_image":[{"width":480,"height":640,"url":"https:\/\/dimspeed.com\/wp-content\/uploads\/2025\/02\/544_CSI_Kit-Allumage.jpg","type":"image\/jpeg"}],"twitter_card":"summary_large_image","twitter_misc":{"Estimated reading time":"2 minutes"},"schema":{"@context":"https:\/\/schema.org","@graph":[{"@type":"WebPage","@id":"https:\/\/dimspeed.com\/produit\/set-dallumage-pour-distributeur-csi-swiftune-dimspeed\/","url":"https:\/\/dimspeed.com\/produit\/set-dallumage-pour-distributeur-csi-swiftune-dimspeed\/","name":"Set d\u2019Allumage pour Distributeur CSI Swiftune \u2013 Dimspeed - Dimspeed, l&#039;atelier de personnalisation automobile","isPartOf":{"@id":"https:\/\/dimspeed.com\/#website"},"primaryImageOfPage":{"@id":"https:\/\/dimspeed.com\/produit\/set-dallumage-pour-distributeur-csi-swiftune-dimspeed\/#primaryimage"},"image":{"@id":"https:\/\/dimspeed.com\/produit\/set-dallumage-pour-distributeur-csi-swiftune-dimspeed\/#primaryimage"},"thumbnailUrl":"https:\/\/dimspeed.com\/wp-content\/uploads\/2025\/02\/544_CSI_Kit-Allumage.jpg","datePublished":"2025-02-20T18:04:46+00:00","dateModified":"2026-04-13T15:29:49+00:00","breadcrumb":{"@id":"https:\/\/dimspeed.com\/produit\/set-dallumage-pour-distributeur-csi-swiftune-dimspeed\/#breadcrumb"},"inLanguage":"en-GB","potentialAction":[{"@type":"ReadAction","target":["https:\/\/dimspeed.com\/produit\/set-dallumage-pour-distributeur-csi-swiftune-dimspeed\/"]}]},{"@type":"ImageObject","inLanguage":"en-GB","@id":"https:\/\/dimspeed.com\/produit\/set-dallumage-pour-distributeur-csi-swiftune-dimspeed\/#primaryimage","url":"https:\/\/dimspeed.com\/wp-content\/uploads\/2025\/02\/544_CSI_Kit-Allumage.jpg","contentUrl":"https:\/\/dimspeed.com\/wp-content\/uploads\/2025\/02\/544_CSI_Kit-Allumage.jpg","width":480,"height":640},{"@type":"BreadcrumbList","@id":"https:\/\/dimspeed.com\/produit\/set-dallumage-pour-distributeur-csi-swiftune-dimspeed\/#breadcrumb","itemListElement":[{"@type":"ListItem","position":1,"name":"Accueil","item":"https:\/\/dimspeed.com\/"},{"@type":"ListItem","position":2,"name":"Boutique","item":"https:\/\/dimspeed.com\/boutique\/"},{"@type":"ListItem","position":3,"name":"Set d\u2019Allumage pour Distributeur CSI Swiftune \u2013 Dimspeed"}]},{"@type":"WebSite","@id":"https:\/\/dimspeed.com\/#website","url":"https:\/\/dimspeed.com\/","name":"Dimspeed, l&#039;atelier de personnalisation automobile","description":"MOTORISTE comp\u00e9tition et collection SPECIALISTE moteur A-SERIE","publisher":{"@id":"https:\/\/dimspeed.com\/#organization"},"potentialAction":[{"@type":"SearchAction","target":{"@type":"EntryPoint","urlTemplate":"https:\/\/dimspeed.com\/?s={search_term_string}"},"query-input":{"@type":"PropertyValueSpecification","valueRequired":true,"valueName":"search_term_string"}}],"inLanguage":"en-GB"},{"@type":"Organization","@id":"https:\/\/dimspeed.com\/#organization","name":"Dimspeed, l&#039;atelier de personnalisation automobile","url":"https:\/\/dimspeed.com\/","logo":{"@type":"ImageObject","inLanguage":"en-GB","@id":"https:\/\/dimspeed.com\/#\/schema\/logo\/image\/","url":"https:\/\/dimspeed.com\/wp-content\/uploads\/2020\/11\/logo-site.png","contentUrl":"https:\/\/dimspeed.com\/wp-content\/uploads\/2020\/11\/logo-site.png","width":486,"height":178,"caption":"Dimspeed, l&#039;atelier de personnalisation automobile"},"image":{"@id":"https:\/\/dimspeed.com\/#\/schema\/logo\/image\/"}}]}},"_links":{"self":[{"href":"https:\/\/dimspeed.com\/en\/wp-json\/wp\/v2\/product\/7043","targetHints":{"allow":["GET"]}}],"collection":[{"href":"https:\/\/dimspeed.com\/en\/wp-json\/wp\/v2\/product"}],"about":[{"href":"https:\/\/dimspeed.com\/en\/wp-json\/wp\/v2\/types\/product"}],"version-history":[{"count":4,"href":"https:\/\/dimspeed.com\/en\/wp-json\/wp\/v2\/product\/7043\/revisions"}],"predecessor-version":[{"id":7548,"href":"https:\/\/dimspeed.com\/en\/wp-json\/wp\/v2\/product\/7043\/revisions\/7548"}],"wp:featuredmedia":[{"embeddable":true,"href":"https:\/\/dimspeed.com\/en\/wp-json\/wp\/v2\/media\/7044"}],"wp:attachment":[{"href":"https:\/\/dimspeed.com\/en\/wp-json\/wp\/v2\/media?parent=7043"}],"wp:term":[{"taxonomy":"product_brand","embeddable":true,"href":"https:\/\/dimspeed.com\/en\/wp-json\/wp\/v2\/product_brand?post=7043"},{"taxonomy":"product_cat","embeddable":true,"href":"https:\/\/dimspeed.com\/en\/wp-json\/wp\/v2\/product_cat?post=7043"},{"taxonomy":"product_tag","embeddable":true,"href":"https:\/\/dimspeed.com\/en\/wp-json\/wp\/v2\/product_tag?post=7043"}],"curies":[{"name":"wp","href":"https:\/\/api.w.org\/{rel}","templated":true}]}}