{"id":6880,"date":"2025-02-12T16:30:31","date_gmt":"2025-02-12T15:30:31","guid":{"rendered":"https:\/\/dimspeed.com\/?post_type=product&#038;p=6880"},"modified":"2025-08-26T12:24:57","modified_gmt":"2025-08-26T10:24:57","slug":"tirant-additionnel-moteur-inferieur-droit","status":"publish","type":"product","link":"https:\/\/dimspeed.com\/en\/product\/tirant-additionnel-moteur-inferieur-droit\/","title":{"rendered":"Right Hand Lower Engine Stabiliser Kit"},"content":{"rendered":"<p>This right hand lower engine stabiliser kit is designed to greatly improve engine stability on your Mini. It's particularly useful on later Rod change type gearboxes (post 1973 models).<\/p>\n<p>This kit includes :<\/p>\n<ul>\n<li>2 x Sleeves<\/li>\n<li>2 x 3\/8\" x 2\" Long Bolts<\/li>\n<li>4 x Bushes<\/li>\n<li>1 x Plain Washer 3\/8\" x 7\/8\"<\/li>\n<li>1 x Spring Washer 3\/8\" x 11\/16\"<\/li>\n<li>2 x Penny Washers 3\/8\" x 1.1\"<\/li>\n<li>1 x Plain Nut 3\/8\" UNF<\/li>\n<li>1 x Locknut 3\/8\" UNF Nyloc<\/li>\n<li>1 x Steady Rod Lower R\/H<\/li>\n<li>1 x Stabiliser Bracket R\/H<\/li>\n<\/ul>\n<p>&nbsp;<\/p>","protected":false},"excerpt":{"rendered":"<p>Ce Tirant Additionnel Inf\u00e9rieur Droit a \u00e9t\u00e9 con\u00e7u pour offrir une meilleure stabilit\u00e9 du moteur dans votre Mini. Il est particuli\u00e8rement plus utile si vous avez une boite de vitesse ROD (mod\u00e8le apr\u00e8s 1973). Ce kit inclut : 2 x Entretoises 2 x Boulons 3\/8&#8243; x 2&#8243; 4 x Silent blocs 1 x Rondelle 3\/8&#8243; [&hellip;]<\/p>","protected":false},"featured_media":6883,"template":"","meta":[],"product_brand":[],"product_cat":[15,147,27,48],"product_tag":[73,159],"class_list":{"0":"post-6880","1":"product","2":"type-product","3":"status-publish","4":"has-post-thumbnail","6":"product_cat-moteur","7":"product_cat-fixation-moteur","8":"product_cat-chassis","9":"product_cat-nouveautes","10":"product_tag-chassis","11":"product_tag-fixation-moteur","13":"first","14":"instock","15":"taxable","16":"shipping-taxable","17":"purchasable","18":"product-type-simple"},"yoast_head":"<!-- This site is optimized with the Yoast SEO plugin v27.1.1 - https:\/\/yoast.com\/product\/yoast-seo-wordpress\/ -->\n<title>Tirant Additionnel Moteur Inf\u00e9rieur Droit - Dimspeed, l&#039;atelier de personnalisation automobile<\/title>\n<meta name=\"robots\" content=\"index, follow, max-snippet:-1, max-image-preview:large, max-video-preview:-1\" \/>\n<link rel=\"canonical\" href=\"https:\/\/dimspeed.com\/en\/product\/tirant-additionnel-moteur-inferieur-droit\/\" \/>\n<meta property=\"og:locale\" content=\"en_GB\" \/>\n<meta property=\"og:type\" content=\"article\" \/>\n<meta property=\"og:title\" content=\"Tirant Additionnel Moteur Inf\u00e9rieur Droit - Dimspeed, l&#039;atelier de personnalisation automobile\" \/>\n<meta property=\"og:description\" content=\"Ce Tirant Additionnel Inf\u00e9rieur Droit a \u00e9t\u00e9 con\u00e7u pour offrir une meilleure stabilit\u00e9 du moteur dans votre Mini. Il est particuli\u00e8rement plus utile si vous avez une boite de vitesse ROD (mod\u00e8le apr\u00e8s 1973). Ce kit inclut : 2 x Entretoises 2 x Boulons 3\/8&#8243; x 2&#8243; 4 x Silent blocs 1 x Rondelle 3\/8&#8243; [&hellip;]\" \/>\n<meta property=\"og:url\" content=\"https:\/\/dimspeed.com\/en\/product\/tirant-additionnel-moteur-inferieur-droit\/\" \/>\n<meta property=\"og:site_name\" content=\"Dimspeed, l&#039;atelier de personnalisation automobile\" \/>\n<meta property=\"article:modified_time\" content=\"2025-08-26T10:24:57+00:00\" \/>\n<meta property=\"og:image\" content=\"https:\/\/dimspeed.com\/wp-content\/uploads\/2025\/02\/529_MSSK_Tirant-Inferieur-Droit-1.jpg\" \/>\n\t<meta property=\"og:image:width\" content=\"521\" \/>\n\t<meta property=\"og:image:height\" content=\"347\" \/>\n\t<meta property=\"og:image:type\" content=\"image\/jpeg\" \/>\n<meta name=\"twitter:card\" content=\"summary_large_image\" \/>\n<meta name=\"twitter:label1\" content=\"Estimated reading time\" \/>\n\t<meta name=\"twitter:data1\" content=\"1 minute\" \/>\n<script type=\"application\/ld+json\" class=\"yoast-schema-graph\">{\"@context\":\"https:\/\/schema.org\",\"@graph\":[{\"@type\":\"WebPage\",\"@id\":\"https:\/\/dimspeed.com\/produit\/tirant-additionnel-moteur-inferieur-droit\/\",\"url\":\"https:\/\/dimspeed.com\/produit\/tirant-additionnel-moteur-inferieur-droit\/\",\"name\":\"Tirant Additionnel Moteur Inf\u00e9rieur Droit - Dimspeed, l&#039;atelier de personnalisation automobile\",\"isPartOf\":{\"@id\":\"https:\/\/dimspeed.com\/#website\"},\"primaryImageOfPage\":{\"@id\":\"https:\/\/dimspeed.com\/produit\/tirant-additionnel-moteur-inferieur-droit\/#primaryimage\"},\"image\":{\"@id\":\"https:\/\/dimspeed.com\/produit\/tirant-additionnel-moteur-inferieur-droit\/#primaryimage\"},\"thumbnailUrl\":\"https:\/\/dimspeed.com\/wp-content\/uploads\/2025\/02\/529_MSSK_Tirant-Inferieur-Droit-1.jpg\",\"datePublished\":\"2025-02-12T15:30:31+00:00\",\"dateModified\":\"2025-08-26T10:24:57+00:00\",\"breadcrumb\":{\"@id\":\"https:\/\/dimspeed.com\/produit\/tirant-additionnel-moteur-inferieur-droit\/#breadcrumb\"},\"inLanguage\":\"en-GB\",\"potentialAction\":[{\"@type\":\"ReadAction\",\"target\":[\"https:\/\/dimspeed.com\/produit\/tirant-additionnel-moteur-inferieur-droit\/\"]}]},{\"@type\":\"ImageObject\",\"inLanguage\":\"en-GB\",\"@id\":\"https:\/\/dimspeed.com\/produit\/tirant-additionnel-moteur-inferieur-droit\/#primaryimage\",\"url\":\"https:\/\/dimspeed.com\/wp-content\/uploads\/2025\/02\/529_MSSK_Tirant-Inferieur-Droit-1.jpg\",\"contentUrl\":\"https:\/\/dimspeed.com\/wp-content\/uploads\/2025\/02\/529_MSSK_Tirant-Inferieur-Droit-1.jpg\",\"width\":521,\"height\":347},{\"@type\":\"BreadcrumbList\",\"@id\":\"https:\/\/dimspeed.com\/produit\/tirant-additionnel-moteur-inferieur-droit\/#breadcrumb\",\"itemListElement\":[{\"@type\":\"ListItem\",\"position\":1,\"name\":\"Accueil\",\"item\":\"https:\/\/dimspeed.com\/\"},{\"@type\":\"ListItem\",\"position\":2,\"name\":\"Boutique\",\"item\":\"https:\/\/dimspeed.com\/boutique\/\"},{\"@type\":\"ListItem\",\"position\":3,\"name\":\"Tirant Additionnel Moteur Inf\u00e9rieur Droit\"}]},{\"@type\":\"WebSite\",\"@id\":\"https:\/\/dimspeed.com\/#website\",\"url\":\"https:\/\/dimspeed.com\/\",\"name\":\"Dimspeed, l&#039;atelier de personnalisation automobile\",\"description\":\"MOTORISTE comp\u00e9tition et collection SPECIALISTE moteur A-SERIE\",\"publisher\":{\"@id\":\"https:\/\/dimspeed.com\/#organization\"},\"potentialAction\":[{\"@type\":\"SearchAction\",\"target\":{\"@type\":\"EntryPoint\",\"urlTemplate\":\"https:\/\/dimspeed.com\/?s={search_term_string}\"},\"query-input\":{\"@type\":\"PropertyValueSpecification\",\"valueRequired\":true,\"valueName\":\"search_term_string\"}}],\"inLanguage\":\"en-GB\"},{\"@type\":\"Organization\",\"@id\":\"https:\/\/dimspeed.com\/#organization\",\"name\":\"Dimspeed, l&#039;atelier de personnalisation automobile\",\"url\":\"https:\/\/dimspeed.com\/\",\"logo\":{\"@type\":\"ImageObject\",\"inLanguage\":\"en-GB\",\"@id\":\"https:\/\/dimspeed.com\/#\/schema\/logo\/image\/\",\"url\":\"https:\/\/dimspeed.com\/wp-content\/uploads\/2020\/11\/logo-site.png\",\"contentUrl\":\"https:\/\/dimspeed.com\/wp-content\/uploads\/2020\/11\/logo-site.png\",\"width\":486,\"height\":178,\"caption\":\"Dimspeed, l&#039;atelier de personnalisation automobile\"},\"image\":{\"@id\":\"https:\/\/dimspeed.com\/#\/schema\/logo\/image\/\"}}]}<\/script>\n<!-- \/ Yoast SEO plugin. -->","yoast_head_json":{"title":"Tirant Additionnel Moteur Inf\u00e9rieur Droit - Dimspeed, l&#039;atelier de personnalisation automobile","robots":{"index":"index","follow":"follow","max-snippet":"max-snippet:-1","max-image-preview":"max-image-preview:large","max-video-preview":"max-video-preview:-1"},"canonical":"https:\/\/dimspeed.com\/en\/product\/tirant-additionnel-moteur-inferieur-droit\/","og_locale":"en_GB","og_type":"article","og_title":"Tirant Additionnel Moteur Inf\u00e9rieur Droit - Dimspeed, l&#039;atelier de personnalisation automobile","og_description":"Ce Tirant Additionnel Inf\u00e9rieur Droit a \u00e9t\u00e9 con\u00e7u pour offrir une meilleure stabilit\u00e9 du moteur dans votre Mini. Il est particuli\u00e8rement plus utile si vous avez une boite de vitesse ROD (mod\u00e8le apr\u00e8s 1973). Ce kit inclut : 2 x Entretoises 2 x Boulons 3\/8&#8243; x 2&#8243; 4 x Silent blocs 1 x Rondelle 3\/8&#8243; [&hellip;]","og_url":"https:\/\/dimspeed.com\/en\/product\/tirant-additionnel-moteur-inferieur-droit\/","og_site_name":"Dimspeed, l&#039;atelier de personnalisation automobile","article_modified_time":"2025-08-26T10:24:57+00:00","og_image":[{"width":521,"height":347,"url":"https:\/\/dimspeed.com\/wp-content\/uploads\/2025\/02\/529_MSSK_Tirant-Inferieur-Droit-1.jpg","type":"image\/jpeg"}],"twitter_card":"summary_large_image","twitter_misc":{"Estimated reading time":"1 minute"},"schema":{"@context":"https:\/\/schema.org","@graph":[{"@type":"WebPage","@id":"https:\/\/dimspeed.com\/produit\/tirant-additionnel-moteur-inferieur-droit\/","url":"https:\/\/dimspeed.com\/produit\/tirant-additionnel-moteur-inferieur-droit\/","name":"Tirant Additionnel Moteur Inf\u00e9rieur Droit - Dimspeed, l&#039;atelier de personnalisation automobile","isPartOf":{"@id":"https:\/\/dimspeed.com\/#website"},"primaryImageOfPage":{"@id":"https:\/\/dimspeed.com\/produit\/tirant-additionnel-moteur-inferieur-droit\/#primaryimage"},"image":{"@id":"https:\/\/dimspeed.com\/produit\/tirant-additionnel-moteur-inferieur-droit\/#primaryimage"},"thumbnailUrl":"https:\/\/dimspeed.com\/wp-content\/uploads\/2025\/02\/529_MSSK_Tirant-Inferieur-Droit-1.jpg","datePublished":"2025-02-12T15:30:31+00:00","dateModified":"2025-08-26T10:24:57+00:00","breadcrumb":{"@id":"https:\/\/dimspeed.com\/produit\/tirant-additionnel-moteur-inferieur-droit\/#breadcrumb"},"inLanguage":"en-GB","potentialAction":[{"@type":"ReadAction","target":["https:\/\/dimspeed.com\/produit\/tirant-additionnel-moteur-inferieur-droit\/"]}]},{"@type":"ImageObject","inLanguage":"en-GB","@id":"https:\/\/dimspeed.com\/produit\/tirant-additionnel-moteur-inferieur-droit\/#primaryimage","url":"https:\/\/dimspeed.com\/wp-content\/uploads\/2025\/02\/529_MSSK_Tirant-Inferieur-Droit-1.jpg","contentUrl":"https:\/\/dimspeed.com\/wp-content\/uploads\/2025\/02\/529_MSSK_Tirant-Inferieur-Droit-1.jpg","width":521,"height":347},{"@type":"BreadcrumbList","@id":"https:\/\/dimspeed.com\/produit\/tirant-additionnel-moteur-inferieur-droit\/#breadcrumb","itemListElement":[{"@type":"ListItem","position":1,"name":"Accueil","item":"https:\/\/dimspeed.com\/"},{"@type":"ListItem","position":2,"name":"Boutique","item":"https:\/\/dimspeed.com\/boutique\/"},{"@type":"ListItem","position":3,"name":"Tirant Additionnel Moteur Inf\u00e9rieur Droit"}]},{"@type":"WebSite","@id":"https:\/\/dimspeed.com\/#website","url":"https:\/\/dimspeed.com\/","name":"Dimspeed, l&#039;atelier de personnalisation automobile","description":"MOTORISTE comp\u00e9tition et collection SPECIALISTE moteur A-SERIE","publisher":{"@id":"https:\/\/dimspeed.com\/#organization"},"potentialAction":[{"@type":"SearchAction","target":{"@type":"EntryPoint","urlTemplate":"https:\/\/dimspeed.com\/?s={search_term_string}"},"query-input":{"@type":"PropertyValueSpecification","valueRequired":true,"valueName":"search_term_string"}}],"inLanguage":"en-GB"},{"@type":"Organization","@id":"https:\/\/dimspeed.com\/#organization","name":"Dimspeed, l&#039;atelier de personnalisation automobile","url":"https:\/\/dimspeed.com\/","logo":{"@type":"ImageObject","inLanguage":"en-GB","@id":"https:\/\/dimspeed.com\/#\/schema\/logo\/image\/","url":"https:\/\/dimspeed.com\/wp-content\/uploads\/2020\/11\/logo-site.png","contentUrl":"https:\/\/dimspeed.com\/wp-content\/uploads\/2020\/11\/logo-site.png","width":486,"height":178,"caption":"Dimspeed, l&#039;atelier de personnalisation automobile"},"image":{"@id":"https:\/\/dimspeed.com\/#\/schema\/logo\/image\/"}}]}},"_links":{"self":[{"href":"https:\/\/dimspeed.com\/en\/wp-json\/wp\/v2\/product\/6880","targetHints":{"allow":["GET"]}}],"collection":[{"href":"https:\/\/dimspeed.com\/en\/wp-json\/wp\/v2\/product"}],"about":[{"href":"https:\/\/dimspeed.com\/en\/wp-json\/wp\/v2\/types\/product"}],"version-history":[{"count":1,"href":"https:\/\/dimspeed.com\/en\/wp-json\/wp\/v2\/product\/6880\/revisions"}],"predecessor-version":[{"id":6886,"href":"https:\/\/dimspeed.com\/en\/wp-json\/wp\/v2\/product\/6880\/revisions\/6886"}],"wp:featuredmedia":[{"embeddable":true,"href":"https:\/\/dimspeed.com\/en\/wp-json\/wp\/v2\/media\/6883"}],"wp:attachment":[{"href":"https:\/\/dimspeed.com\/en\/wp-json\/wp\/v2\/media?parent=6880"}],"wp:term":[{"taxonomy":"product_brand","embeddable":true,"href":"https:\/\/dimspeed.com\/en\/wp-json\/wp\/v2\/product_brand?post=6880"},{"taxonomy":"product_cat","embeddable":true,"href":"https:\/\/dimspeed.com\/en\/wp-json\/wp\/v2\/product_cat?post=6880"},{"taxonomy":"product_tag","embeddable":true,"href":"https:\/\/dimspeed.com\/en\/wp-json\/wp\/v2\/product_tag?post=6880"}],"curies":[{"name":"wp","href":"https:\/\/api.w.org\/{rel}","templated":true}]}}