{"id":6865,"date":"2025-02-12T12:10:12","date_gmt":"2025-02-12T11:10:12","guid":{"rendered":"https:\/\/dimspeed.com\/?post_type=product&#038;p=6865"},"modified":"2025-04-28T17:29:07","modified_gmt":"2025-04-28T15:29:07","slug":"silent-bloc-support-moteur","status":"publish","type":"product","link":"https:\/\/dimspeed.com\/en\/product\/silent-bloc-support-moteur\/","title":{"rendered":"Engine Bush"},"content":{"rendered":"<p>Engine bush. Sold individually.<\/p>\n<p>You need two engine bushes to fit your engine in your Mini. One on the clutch cover side and the other on the timing cover side.<\/p>","protected":false},"excerpt":{"rendered":"<p>Silent bloc support moteur. Vendu \u00e0 l&#8217;unit\u00e9. Il vous faut deux silent blocs pour le montage de votre moteur dans votre Mini. Un du c\u00f4t\u00e9 du carter d&#8217;embrayage et l&#8217;autre du c\u00f4t\u00e9 du carter de distribution.<\/p>","protected":false},"featured_media":6870,"template":"","meta":[],"product_brand":[],"product_cat":[15,147,27,48],"product_tag":[73,159],"class_list":{"0":"post-6865","1":"product","2":"type-product","3":"status-publish","4":"has-post-thumbnail","6":"product_cat-moteur","7":"product_cat-fixation-moteur","8":"product_cat-chassis","9":"product_cat-nouveautes","10":"product_tag-chassis","11":"product_tag-fixation-moteur","13":"first","14":"instock","15":"taxable","16":"shipping-taxable","17":"purchasable","18":"product-type-simple"},"yoast_head":"<!-- This site is optimized with the Yoast SEO plugin v27.1.1 - https:\/\/yoast.com\/product\/yoast-seo-wordpress\/ -->\n<title>Silent bloc support moteur - Dimspeed, l&#039;atelier de personnalisation automobile<\/title>\n<meta name=\"robots\" content=\"index, follow, max-snippet:-1, max-image-preview:large, max-video-preview:-1\" \/>\n<link rel=\"canonical\" href=\"https:\/\/dimspeed.com\/en\/product\/silent-bloc-support-moteur\/\" \/>\n<meta property=\"og:locale\" content=\"en_GB\" \/>\n<meta property=\"og:type\" content=\"article\" \/>\n<meta property=\"og:title\" content=\"Silent bloc support moteur - Dimspeed, l&#039;atelier de personnalisation automobile\" \/>\n<meta property=\"og:description\" content=\"Silent bloc support moteur. Vendu \u00e0 l&#8217;unit\u00e9. Il vous faut deux silent blocs pour le montage de votre moteur dans votre Mini. Un du c\u00f4t\u00e9 du carter d&#8217;embrayage et l&#8217;autre du c\u00f4t\u00e9 du carter de distribution.\" \/>\n<meta property=\"og:url\" content=\"https:\/\/dimspeed.com\/en\/product\/silent-bloc-support-moteur\/\" \/>\n<meta property=\"og:site_name\" content=\"Dimspeed, l&#039;atelier de personnalisation automobile\" \/>\n<meta property=\"article:modified_time\" content=\"2025-04-28T15:29:07+00:00\" \/>\n<meta property=\"og:image\" content=\"https:\/\/dimspeed.com\/wp-content\/uploads\/2025\/02\/528_Support-Moteur-5.jpg\" \/>\n\t<meta property=\"og:image:width\" content=\"302\" \/>\n\t<meta property=\"og:image:height\" content=\"337\" \/>\n\t<meta property=\"og:image:type\" content=\"image\/jpeg\" \/>\n<meta name=\"twitter:card\" content=\"summary_large_image\" \/>\n<meta name=\"twitter:label1\" content=\"Estimated reading time\" \/>\n\t<meta name=\"twitter:data1\" content=\"1 minute\" \/>\n<script type=\"application\/ld+json\" class=\"yoast-schema-graph\">{\"@context\":\"https:\/\/schema.org\",\"@graph\":[{\"@type\":\"WebPage\",\"@id\":\"https:\/\/dimspeed.com\/produit\/silent-bloc-support-moteur\/\",\"url\":\"https:\/\/dimspeed.com\/produit\/silent-bloc-support-moteur\/\",\"name\":\"Silent bloc support moteur - Dimspeed, l&#039;atelier de personnalisation automobile\",\"isPartOf\":{\"@id\":\"https:\/\/dimspeed.com\/#website\"},\"primaryImageOfPage\":{\"@id\":\"https:\/\/dimspeed.com\/produit\/silent-bloc-support-moteur\/#primaryimage\"},\"image\":{\"@id\":\"https:\/\/dimspeed.com\/produit\/silent-bloc-support-moteur\/#primaryimage\"},\"thumbnailUrl\":\"https:\/\/dimspeed.com\/wp-content\/uploads\/2025\/02\/528_Support-Moteur-5.jpg\",\"datePublished\":\"2025-02-12T11:10:12+00:00\",\"dateModified\":\"2025-04-28T15:29:07+00:00\",\"breadcrumb\":{\"@id\":\"https:\/\/dimspeed.com\/produit\/silent-bloc-support-moteur\/#breadcrumb\"},\"inLanguage\":\"en-GB\",\"potentialAction\":[{\"@type\":\"ReadAction\",\"target\":[\"https:\/\/dimspeed.com\/produit\/silent-bloc-support-moteur\/\"]}]},{\"@type\":\"ImageObject\",\"inLanguage\":\"en-GB\",\"@id\":\"https:\/\/dimspeed.com\/produit\/silent-bloc-support-moteur\/#primaryimage\",\"url\":\"https:\/\/dimspeed.com\/wp-content\/uploads\/2025\/02\/528_Support-Moteur-5.jpg\",\"contentUrl\":\"https:\/\/dimspeed.com\/wp-content\/uploads\/2025\/02\/528_Support-Moteur-5.jpg\",\"width\":302,\"height\":337},{\"@type\":\"BreadcrumbList\",\"@id\":\"https:\/\/dimspeed.com\/produit\/silent-bloc-support-moteur\/#breadcrumb\",\"itemListElement\":[{\"@type\":\"ListItem\",\"position\":1,\"name\":\"Accueil\",\"item\":\"https:\/\/dimspeed.com\/\"},{\"@type\":\"ListItem\",\"position\":2,\"name\":\"Boutique\",\"item\":\"https:\/\/dimspeed.com\/boutique\/\"},{\"@type\":\"ListItem\",\"position\":3,\"name\":\"Silent bloc support moteur\"}]},{\"@type\":\"WebSite\",\"@id\":\"https:\/\/dimspeed.com\/#website\",\"url\":\"https:\/\/dimspeed.com\/\",\"name\":\"Dimspeed, l&#039;atelier de personnalisation automobile\",\"description\":\"MOTORISTE comp\u00e9tition et collection SPECIALISTE moteur A-SERIE\",\"publisher\":{\"@id\":\"https:\/\/dimspeed.com\/#organization\"},\"potentialAction\":[{\"@type\":\"SearchAction\",\"target\":{\"@type\":\"EntryPoint\",\"urlTemplate\":\"https:\/\/dimspeed.com\/?s={search_term_string}\"},\"query-input\":{\"@type\":\"PropertyValueSpecification\",\"valueRequired\":true,\"valueName\":\"search_term_string\"}}],\"inLanguage\":\"en-GB\"},{\"@type\":\"Organization\",\"@id\":\"https:\/\/dimspeed.com\/#organization\",\"name\":\"Dimspeed, l&#039;atelier de personnalisation automobile\",\"url\":\"https:\/\/dimspeed.com\/\",\"logo\":{\"@type\":\"ImageObject\",\"inLanguage\":\"en-GB\",\"@id\":\"https:\/\/dimspeed.com\/#\/schema\/logo\/image\/\",\"url\":\"https:\/\/dimspeed.com\/wp-content\/uploads\/2020\/11\/logo-site.png\",\"contentUrl\":\"https:\/\/dimspeed.com\/wp-content\/uploads\/2020\/11\/logo-site.png\",\"width\":486,\"height\":178,\"caption\":\"Dimspeed, l&#039;atelier de personnalisation automobile\"},\"image\":{\"@id\":\"https:\/\/dimspeed.com\/#\/schema\/logo\/image\/\"}}]}<\/script>\n<!-- \/ Yoast SEO plugin. -->","yoast_head_json":{"title":"Silent bloc support moteur - Dimspeed, l&#039;atelier de personnalisation automobile","robots":{"index":"index","follow":"follow","max-snippet":"max-snippet:-1","max-image-preview":"max-image-preview:large","max-video-preview":"max-video-preview:-1"},"canonical":"https:\/\/dimspeed.com\/en\/product\/silent-bloc-support-moteur\/","og_locale":"en_GB","og_type":"article","og_title":"Silent bloc support moteur - Dimspeed, l&#039;atelier de personnalisation automobile","og_description":"Silent bloc support moteur. Vendu \u00e0 l&#8217;unit\u00e9. Il vous faut deux silent blocs pour le montage de votre moteur dans votre Mini. Un du c\u00f4t\u00e9 du carter d&#8217;embrayage et l&#8217;autre du c\u00f4t\u00e9 du carter de distribution.","og_url":"https:\/\/dimspeed.com\/en\/product\/silent-bloc-support-moteur\/","og_site_name":"Dimspeed, l&#039;atelier de personnalisation automobile","article_modified_time":"2025-04-28T15:29:07+00:00","og_image":[{"width":302,"height":337,"url":"https:\/\/dimspeed.com\/wp-content\/uploads\/2025\/02\/528_Support-Moteur-5.jpg","type":"image\/jpeg"}],"twitter_card":"summary_large_image","twitter_misc":{"Estimated reading time":"1 minute"},"schema":{"@context":"https:\/\/schema.org","@graph":[{"@type":"WebPage","@id":"https:\/\/dimspeed.com\/produit\/silent-bloc-support-moteur\/","url":"https:\/\/dimspeed.com\/produit\/silent-bloc-support-moteur\/","name":"Silent bloc support moteur - Dimspeed, l&#039;atelier de personnalisation automobile","isPartOf":{"@id":"https:\/\/dimspeed.com\/#website"},"primaryImageOfPage":{"@id":"https:\/\/dimspeed.com\/produit\/silent-bloc-support-moteur\/#primaryimage"},"image":{"@id":"https:\/\/dimspeed.com\/produit\/silent-bloc-support-moteur\/#primaryimage"},"thumbnailUrl":"https:\/\/dimspeed.com\/wp-content\/uploads\/2025\/02\/528_Support-Moteur-5.jpg","datePublished":"2025-02-12T11:10:12+00:00","dateModified":"2025-04-28T15:29:07+00:00","breadcrumb":{"@id":"https:\/\/dimspeed.com\/produit\/silent-bloc-support-moteur\/#breadcrumb"},"inLanguage":"en-GB","potentialAction":[{"@type":"ReadAction","target":["https:\/\/dimspeed.com\/produit\/silent-bloc-support-moteur\/"]}]},{"@type":"ImageObject","inLanguage":"en-GB","@id":"https:\/\/dimspeed.com\/produit\/silent-bloc-support-moteur\/#primaryimage","url":"https:\/\/dimspeed.com\/wp-content\/uploads\/2025\/02\/528_Support-Moteur-5.jpg","contentUrl":"https:\/\/dimspeed.com\/wp-content\/uploads\/2025\/02\/528_Support-Moteur-5.jpg","width":302,"height":337},{"@type":"BreadcrumbList","@id":"https:\/\/dimspeed.com\/produit\/silent-bloc-support-moteur\/#breadcrumb","itemListElement":[{"@type":"ListItem","position":1,"name":"Accueil","item":"https:\/\/dimspeed.com\/"},{"@type":"ListItem","position":2,"name":"Boutique","item":"https:\/\/dimspeed.com\/boutique\/"},{"@type":"ListItem","position":3,"name":"Silent bloc support moteur"}]},{"@type":"WebSite","@id":"https:\/\/dimspeed.com\/#website","url":"https:\/\/dimspeed.com\/","name":"Dimspeed, l&#039;atelier de personnalisation automobile","description":"MOTORISTE comp\u00e9tition et collection SPECIALISTE moteur A-SERIE","publisher":{"@id":"https:\/\/dimspeed.com\/#organization"},"potentialAction":[{"@type":"SearchAction","target":{"@type":"EntryPoint","urlTemplate":"https:\/\/dimspeed.com\/?s={search_term_string}"},"query-input":{"@type":"PropertyValueSpecification","valueRequired":true,"valueName":"search_term_string"}}],"inLanguage":"en-GB"},{"@type":"Organization","@id":"https:\/\/dimspeed.com\/#organization","name":"Dimspeed, l&#039;atelier de personnalisation automobile","url":"https:\/\/dimspeed.com\/","logo":{"@type":"ImageObject","inLanguage":"en-GB","@id":"https:\/\/dimspeed.com\/#\/schema\/logo\/image\/","url":"https:\/\/dimspeed.com\/wp-content\/uploads\/2020\/11\/logo-site.png","contentUrl":"https:\/\/dimspeed.com\/wp-content\/uploads\/2020\/11\/logo-site.png","width":486,"height":178,"caption":"Dimspeed, l&#039;atelier de personnalisation automobile"},"image":{"@id":"https:\/\/dimspeed.com\/#\/schema\/logo\/image\/"}}]}},"_links":{"self":[{"href":"https:\/\/dimspeed.com\/en\/wp-json\/wp\/v2\/product\/6865","targetHints":{"allow":["GET"]}}],"collection":[{"href":"https:\/\/dimspeed.com\/en\/wp-json\/wp\/v2\/product"}],"about":[{"href":"https:\/\/dimspeed.com\/en\/wp-json\/wp\/v2\/types\/product"}],"version-history":[{"count":1,"href":"https:\/\/dimspeed.com\/en\/wp-json\/wp\/v2\/product\/6865\/revisions"}],"predecessor-version":[{"id":6873,"href":"https:\/\/dimspeed.com\/en\/wp-json\/wp\/v2\/product\/6865\/revisions\/6873"}],"wp:featuredmedia":[{"embeddable":true,"href":"https:\/\/dimspeed.com\/en\/wp-json\/wp\/v2\/media\/6870"}],"wp:attachment":[{"href":"https:\/\/dimspeed.com\/en\/wp-json\/wp\/v2\/media?parent=6865"}],"wp:term":[{"taxonomy":"product_brand","embeddable":true,"href":"https:\/\/dimspeed.com\/en\/wp-json\/wp\/v2\/product_brand?post=6865"},{"taxonomy":"product_cat","embeddable":true,"href":"https:\/\/dimspeed.com\/en\/wp-json\/wp\/v2\/product_cat?post=6865"},{"taxonomy":"product_tag","embeddable":true,"href":"https:\/\/dimspeed.com\/en\/wp-json\/wp\/v2\/product_tag?post=6865"}],"curies":[{"name":"wp","href":"https:\/\/api.w.org\/{rel}","templated":true}]}}