{"id":6830,"date":"2025-02-12T10:21:02","date_gmt":"2025-02-12T09:21:02","guid":{"rendered":"https:\/\/dimspeed.com\/?post_type=product&#038;p=6830"},"modified":"2026-04-01T14:37:56","modified_gmt":"2026-04-01T12:37:56","slug":"carter-exterieur-de-radiateur-set-complet","status":"publish","type":"product","link":"https:\/\/dimspeed.com\/en\/product\/carter-exterieur-de-radiateur-set-complet\/","title":{"rendered":"Radiator Cowl Assembly - Full Set"},"content":{"rendered":"<p>This set includes :<\/p>\n<ul>\n<li>1 x Radiator Cowl Assembly<\/li>\n<li>1 x Radiator Bracket - Bottom<\/li>\n<li>1 x Radiator Bracket - Top<\/li>\n<li>4 x Radiator Brackets Grommet<\/li>\n<li>1 x Brackets Mounting Kit<\/li>\n<li>1 x Radiator Cowl Assembly Mounting Kit<\/li>\n<\/ul>","protected":false},"excerpt":{"rendered":"<p>Le set complet inclut : 1 x Carter ext\u00e9rieur de radiateur 1 x Support de radiateur &#8211; Inf\u00e9rieur 1 x Support de radiateur &#8211; Sup\u00e9rieur 4 x Silent blocs de radiateur 1 x Kit de fixation pour les supports 1 x Kit de fixation pour le carter ext\u00e9rieur de radiateur<\/p>","protected":false},"featured_media":6858,"template":"","meta":[],"product_brand":[],"product_cat":[41,26,32,48],"product_tag":[82,108,107],"class_list":{"0":"post-6830","1":"product","2":"type-product","3":"status-publish","4":"has-post-thumbnail","6":"product_cat-kit","7":"product_cat-peripherique","8":"product_cat-refroidissement","9":"product_cat-nouveautes","10":"product_tag-kit","11":"product_tag-radiateur","12":"product_tag-refroidissement","14":"first","15":"instock","16":"taxable","17":"shipping-taxable","18":"purchasable","19":"product-type-simple"},"yoast_head":"<!-- This site is optimized with the Yoast SEO plugin v27.1.1 - https:\/\/yoast.com\/product\/yoast-seo-wordpress\/ -->\n<title>Carter ext\u00e9rieur de radiateur - Set complet - Dimspeed, l&#039;atelier de personnalisation automobile<\/title>\n<meta name=\"robots\" content=\"index, follow, max-snippet:-1, max-image-preview:large, max-video-preview:-1\" \/>\n<link rel=\"canonical\" href=\"https:\/\/dimspeed.com\/en\/product\/carter-exterieur-de-radiateur-set-complet\/\" \/>\n<meta property=\"og:locale\" content=\"en_GB\" \/>\n<meta property=\"og:type\" content=\"article\" \/>\n<meta property=\"og:title\" content=\"Carter ext\u00e9rieur de radiateur - Set complet - Dimspeed, l&#039;atelier de personnalisation automobile\" \/>\n<meta property=\"og:description\" content=\"Le set complet inclut : 1 x Carter ext\u00e9rieur de radiateur 1 x Support de radiateur &#8211; Inf\u00e9rieur 1 x Support de radiateur &#8211; Sup\u00e9rieur 4 x Silent blocs de radiateur 1 x Kit de fixation pour les supports 1 x Kit de fixation pour le carter ext\u00e9rieur de radiateur\" \/>\n<meta property=\"og:url\" content=\"https:\/\/dimspeed.com\/en\/product\/carter-exterieur-de-radiateur-set-complet\/\" \/>\n<meta property=\"og:site_name\" content=\"Dimspeed, l&#039;atelier de personnalisation automobile\" \/>\n<meta property=\"article:modified_time\" content=\"2026-04-01T12:37:56+00:00\" \/>\n<meta property=\"og:image\" content=\"https:\/\/dimspeed.com\/wp-content\/uploads\/2025\/02\/522_Carter-exterieur-de-radiateur-2.jpg\" \/>\n\t<meta property=\"og:image:width\" content=\"480\" \/>\n\t<meta property=\"og:image:height\" content=\"525\" \/>\n\t<meta property=\"og:image:type\" content=\"image\/jpeg\" \/>\n<meta name=\"twitter:card\" content=\"summary_large_image\" \/>\n<meta name=\"twitter:label1\" content=\"Estimated reading time\" \/>\n\t<meta name=\"twitter:data1\" content=\"1 minute\" \/>\n<script type=\"application\/ld+json\" class=\"yoast-schema-graph\">{\"@context\":\"https:\/\/schema.org\",\"@graph\":[{\"@type\":\"WebPage\",\"@id\":\"https:\/\/dimspeed.com\/produit\/carter-exterieur-de-radiateur-set-complet\/\",\"url\":\"https:\/\/dimspeed.com\/produit\/carter-exterieur-de-radiateur-set-complet\/\",\"name\":\"Carter ext\u00e9rieur de radiateur - Set complet - Dimspeed, l&#039;atelier de personnalisation automobile\",\"isPartOf\":{\"@id\":\"https:\/\/dimspeed.com\/#website\"},\"primaryImageOfPage\":{\"@id\":\"https:\/\/dimspeed.com\/produit\/carter-exterieur-de-radiateur-set-complet\/#primaryimage\"},\"image\":{\"@id\":\"https:\/\/dimspeed.com\/produit\/carter-exterieur-de-radiateur-set-complet\/#primaryimage\"},\"thumbnailUrl\":\"https:\/\/dimspeed.com\/wp-content\/uploads\/2025\/02\/522_Carter-exterieur-de-radiateur-2.jpg\",\"datePublished\":\"2025-02-12T09:21:02+00:00\",\"dateModified\":\"2026-04-01T12:37:56+00:00\",\"breadcrumb\":{\"@id\":\"https:\/\/dimspeed.com\/produit\/carter-exterieur-de-radiateur-set-complet\/#breadcrumb\"},\"inLanguage\":\"en-GB\",\"potentialAction\":[{\"@type\":\"ReadAction\",\"target\":[\"https:\/\/dimspeed.com\/produit\/carter-exterieur-de-radiateur-set-complet\/\"]}]},{\"@type\":\"ImageObject\",\"inLanguage\":\"en-GB\",\"@id\":\"https:\/\/dimspeed.com\/produit\/carter-exterieur-de-radiateur-set-complet\/#primaryimage\",\"url\":\"https:\/\/dimspeed.com\/wp-content\/uploads\/2025\/02\/522_Carter-exterieur-de-radiateur-2.jpg\",\"contentUrl\":\"https:\/\/dimspeed.com\/wp-content\/uploads\/2025\/02\/522_Carter-exterieur-de-radiateur-2.jpg\",\"width\":480,\"height\":525},{\"@type\":\"BreadcrumbList\",\"@id\":\"https:\/\/dimspeed.com\/produit\/carter-exterieur-de-radiateur-set-complet\/#breadcrumb\",\"itemListElement\":[{\"@type\":\"ListItem\",\"position\":1,\"name\":\"Accueil\",\"item\":\"https:\/\/dimspeed.com\/\"},{\"@type\":\"ListItem\",\"position\":2,\"name\":\"Boutique\",\"item\":\"https:\/\/dimspeed.com\/boutique\/\"},{\"@type\":\"ListItem\",\"position\":3,\"name\":\"Carter ext\u00e9rieur de radiateur &#8211; Set complet\"}]},{\"@type\":\"WebSite\",\"@id\":\"https:\/\/dimspeed.com\/#website\",\"url\":\"https:\/\/dimspeed.com\/\",\"name\":\"Dimspeed, l&#039;atelier de personnalisation automobile\",\"description\":\"MOTORISTE comp\u00e9tition et collection SPECIALISTE moteur A-SERIE\",\"publisher\":{\"@id\":\"https:\/\/dimspeed.com\/#organization\"},\"potentialAction\":[{\"@type\":\"SearchAction\",\"target\":{\"@type\":\"EntryPoint\",\"urlTemplate\":\"https:\/\/dimspeed.com\/?s={search_term_string}\"},\"query-input\":{\"@type\":\"PropertyValueSpecification\",\"valueRequired\":true,\"valueName\":\"search_term_string\"}}],\"inLanguage\":\"en-GB\"},{\"@type\":\"Organization\",\"@id\":\"https:\/\/dimspeed.com\/#organization\",\"name\":\"Dimspeed, l&#039;atelier de personnalisation automobile\",\"url\":\"https:\/\/dimspeed.com\/\",\"logo\":{\"@type\":\"ImageObject\",\"inLanguage\":\"en-GB\",\"@id\":\"https:\/\/dimspeed.com\/#\/schema\/logo\/image\/\",\"url\":\"https:\/\/dimspeed.com\/wp-content\/uploads\/2020\/11\/logo-site.png\",\"contentUrl\":\"https:\/\/dimspeed.com\/wp-content\/uploads\/2020\/11\/logo-site.png\",\"width\":486,\"height\":178,\"caption\":\"Dimspeed, l&#039;atelier de personnalisation automobile\"},\"image\":{\"@id\":\"https:\/\/dimspeed.com\/#\/schema\/logo\/image\/\"}}]}<\/script>\n<!-- \/ Yoast SEO plugin. -->","yoast_head_json":{"title":"Carter ext\u00e9rieur de radiateur - Set complet - Dimspeed, l&#039;atelier de personnalisation automobile","robots":{"index":"index","follow":"follow","max-snippet":"max-snippet:-1","max-image-preview":"max-image-preview:large","max-video-preview":"max-video-preview:-1"},"canonical":"https:\/\/dimspeed.com\/en\/product\/carter-exterieur-de-radiateur-set-complet\/","og_locale":"en_GB","og_type":"article","og_title":"Carter ext\u00e9rieur de radiateur - Set complet - Dimspeed, l&#039;atelier de personnalisation automobile","og_description":"Le set complet inclut : 1 x Carter ext\u00e9rieur de radiateur 1 x Support de radiateur &#8211; Inf\u00e9rieur 1 x Support de radiateur &#8211; Sup\u00e9rieur 4 x Silent blocs de radiateur 1 x Kit de fixation pour les supports 1 x Kit de fixation pour le carter ext\u00e9rieur de radiateur","og_url":"https:\/\/dimspeed.com\/en\/product\/carter-exterieur-de-radiateur-set-complet\/","og_site_name":"Dimspeed, l&#039;atelier de personnalisation automobile","article_modified_time":"2026-04-01T12:37:56+00:00","og_image":[{"width":480,"height":525,"url":"https:\/\/dimspeed.com\/wp-content\/uploads\/2025\/02\/522_Carter-exterieur-de-radiateur-2.jpg","type":"image\/jpeg"}],"twitter_card":"summary_large_image","twitter_misc":{"Estimated reading time":"1 minute"},"schema":{"@context":"https:\/\/schema.org","@graph":[{"@type":"WebPage","@id":"https:\/\/dimspeed.com\/produit\/carter-exterieur-de-radiateur-set-complet\/","url":"https:\/\/dimspeed.com\/produit\/carter-exterieur-de-radiateur-set-complet\/","name":"Carter ext\u00e9rieur de radiateur - Set complet - Dimspeed, l&#039;atelier de personnalisation automobile","isPartOf":{"@id":"https:\/\/dimspeed.com\/#website"},"primaryImageOfPage":{"@id":"https:\/\/dimspeed.com\/produit\/carter-exterieur-de-radiateur-set-complet\/#primaryimage"},"image":{"@id":"https:\/\/dimspeed.com\/produit\/carter-exterieur-de-radiateur-set-complet\/#primaryimage"},"thumbnailUrl":"https:\/\/dimspeed.com\/wp-content\/uploads\/2025\/02\/522_Carter-exterieur-de-radiateur-2.jpg","datePublished":"2025-02-12T09:21:02+00:00","dateModified":"2026-04-01T12:37:56+00:00","breadcrumb":{"@id":"https:\/\/dimspeed.com\/produit\/carter-exterieur-de-radiateur-set-complet\/#breadcrumb"},"inLanguage":"en-GB","potentialAction":[{"@type":"ReadAction","target":["https:\/\/dimspeed.com\/produit\/carter-exterieur-de-radiateur-set-complet\/"]}]},{"@type":"ImageObject","inLanguage":"en-GB","@id":"https:\/\/dimspeed.com\/produit\/carter-exterieur-de-radiateur-set-complet\/#primaryimage","url":"https:\/\/dimspeed.com\/wp-content\/uploads\/2025\/02\/522_Carter-exterieur-de-radiateur-2.jpg","contentUrl":"https:\/\/dimspeed.com\/wp-content\/uploads\/2025\/02\/522_Carter-exterieur-de-radiateur-2.jpg","width":480,"height":525},{"@type":"BreadcrumbList","@id":"https:\/\/dimspeed.com\/produit\/carter-exterieur-de-radiateur-set-complet\/#breadcrumb","itemListElement":[{"@type":"ListItem","position":1,"name":"Accueil","item":"https:\/\/dimspeed.com\/"},{"@type":"ListItem","position":2,"name":"Boutique","item":"https:\/\/dimspeed.com\/boutique\/"},{"@type":"ListItem","position":3,"name":"Carter ext\u00e9rieur de radiateur &#8211; Set complet"}]},{"@type":"WebSite","@id":"https:\/\/dimspeed.com\/#website","url":"https:\/\/dimspeed.com\/","name":"Dimspeed, l&#039;atelier de personnalisation automobile","description":"MOTORISTE comp\u00e9tition et collection SPECIALISTE moteur A-SERIE","publisher":{"@id":"https:\/\/dimspeed.com\/#organization"},"potentialAction":[{"@type":"SearchAction","target":{"@type":"EntryPoint","urlTemplate":"https:\/\/dimspeed.com\/?s={search_term_string}"},"query-input":{"@type":"PropertyValueSpecification","valueRequired":true,"valueName":"search_term_string"}}],"inLanguage":"en-GB"},{"@type":"Organization","@id":"https:\/\/dimspeed.com\/#organization","name":"Dimspeed, l&#039;atelier de personnalisation automobile","url":"https:\/\/dimspeed.com\/","logo":{"@type":"ImageObject","inLanguage":"en-GB","@id":"https:\/\/dimspeed.com\/#\/schema\/logo\/image\/","url":"https:\/\/dimspeed.com\/wp-content\/uploads\/2020\/11\/logo-site.png","contentUrl":"https:\/\/dimspeed.com\/wp-content\/uploads\/2020\/11\/logo-site.png","width":486,"height":178,"caption":"Dimspeed, l&#039;atelier de personnalisation automobile"},"image":{"@id":"https:\/\/dimspeed.com\/#\/schema\/logo\/image\/"}}]}},"_links":{"self":[{"href":"https:\/\/dimspeed.com\/en\/wp-json\/wp\/v2\/product\/6830","targetHints":{"allow":["GET"]}}],"collection":[{"href":"https:\/\/dimspeed.com\/en\/wp-json\/wp\/v2\/product"}],"about":[{"href":"https:\/\/dimspeed.com\/en\/wp-json\/wp\/v2\/types\/product"}],"version-history":[{"count":3,"href":"https:\/\/dimspeed.com\/en\/wp-json\/wp\/v2\/product\/6830\/revisions"}],"predecessor-version":[{"id":6875,"href":"https:\/\/dimspeed.com\/en\/wp-json\/wp\/v2\/product\/6830\/revisions\/6875"}],"wp:featuredmedia":[{"embeddable":true,"href":"https:\/\/dimspeed.com\/en\/wp-json\/wp\/v2\/media\/6858"}],"wp:attachment":[{"href":"https:\/\/dimspeed.com\/en\/wp-json\/wp\/v2\/media?parent=6830"}],"wp:term":[{"taxonomy":"product_brand","embeddable":true,"href":"https:\/\/dimspeed.com\/en\/wp-json\/wp\/v2\/product_brand?post=6830"},{"taxonomy":"product_cat","embeddable":true,"href":"https:\/\/dimspeed.com\/en\/wp-json\/wp\/v2\/product_cat?post=6830"},{"taxonomy":"product_tag","embeddable":true,"href":"https:\/\/dimspeed.com\/en\/wp-json\/wp\/v2\/product_tag?post=6830"}],"curies":[{"name":"wp","href":"https:\/\/api.w.org\/{rel}","templated":true}]}}