{"id":6736,"date":"2024-12-23T17:36:50","date_gmt":"2024-12-23T16:36:50","guid":{"rendered":"https:\/\/dimspeed.com\/?post_type=product&#038;p=6736"},"modified":"2025-06-12T09:53:52","modified_gmt":"2025-06-12T07:53:52","slug":"pignon-de-cascade-swiftune","status":"publish","type":"product","link":"https:\/\/dimspeed.com\/en\/product\/pignon-de-cascade-swiftune\/","title":{"rendered":"Swiftune Primary Gear"},"content":{"rendered":"<p>Race-proven primary gear features inner floating bush with retaining clip for proven motorsport reliability. Design also features solid bronze top hat outer bush for improved strength.<\/p>\n<ul>\n<li>23 tooth = 1.04:1 ratio<\/li>\n<li>24 tooth = 1:1 ratio<\/li>\n<\/ul>\n<p>&nbsp;<\/p>\n<p>Note: These gears can only be used in conjuction with Swiftune drop gears.<\/p>","protected":false},"excerpt":{"rendered":"<p>Le pignon primaire de cascade Swiftune \u00e9prouv\u00e9 en course est dot\u00e9 d&#8217;une bague flottante int\u00e9rieure avec clip de retenue pour une fiabilit\u00e9 \u00e9prouv\u00e9e en sport automobile. La conception comprend \u00e9galement une bague ext\u00e9rieure en bronze massif pour une r\u00e9sistance am\u00e9lior\u00e9e. 23 dents = rapport 1,04:1 24 dents = rapport 1:1 &nbsp; Remarque : ces pignons [&hellip;]<\/p>","protected":false},"featured_media":6737,"template":"","meta":[],"product_brand":[],"product_cat":[44,23,48],"product_tag":[125,161,162],"class_list":{"0":"post-6736","1":"product","2":"type-product","3":"status-publish","4":"has-post-thumbnail","6":"product_cat-transmission","7":"product_cat-boite-de-vitesse","8":"product_cat-nouveautes","9":"product_tag-boite-de-vitesse","10":"product_tag-cascade","11":"product_tag-swiftune","13":"first","14":"onbackorder","15":"taxable","16":"shipping-taxable","17":"purchasable","18":"product-type-variable"},"yoast_head":"<!-- This site is optimized with the Yoast SEO plugin v27.1.1 - https:\/\/yoast.com\/product\/yoast-seo-wordpress\/ -->\n<title>Pignon de cascade Swiftune - Dimspeed, l&#039;atelier de personnalisation automobile<\/title>\n<meta name=\"robots\" content=\"index, follow, max-snippet:-1, max-image-preview:large, max-video-preview:-1\" \/>\n<link rel=\"canonical\" href=\"https:\/\/dimspeed.com\/en\/product\/pignon-de-cascade-swiftune\/\" \/>\n<meta property=\"og:locale\" content=\"en_GB\" \/>\n<meta property=\"og:type\" content=\"article\" \/>\n<meta property=\"og:title\" content=\"Pignon de cascade Swiftune - Dimspeed, l&#039;atelier de personnalisation automobile\" \/>\n<meta property=\"og:description\" content=\"Le pignon primaire de cascade Swiftune \u00e9prouv\u00e9 en course est dot\u00e9 d&#8217;une bague flottante int\u00e9rieure avec clip de retenue pour une fiabilit\u00e9 \u00e9prouv\u00e9e en sport automobile. La conception comprend \u00e9galement une bague ext\u00e9rieure en bronze massif pour une r\u00e9sistance am\u00e9lior\u00e9e. 23 dents = rapport 1,04:1 24 dents = rapport 1:1 &nbsp; Remarque : ces pignons [&hellip;]\" \/>\n<meta property=\"og:url\" content=\"https:\/\/dimspeed.com\/en\/product\/pignon-de-cascade-swiftune\/\" \/>\n<meta property=\"og:site_name\" content=\"Dimspeed, l&#039;atelier de personnalisation automobile\" \/>\n<meta property=\"article:modified_time\" content=\"2025-06-12T07:53:52+00:00\" \/>\n<meta property=\"og:image\" content=\"https:\/\/dimspeed.com\/wp-content\/uploads\/2024\/12\/504_Pignon-primaire-Swiftune-4.jpg\" \/>\n\t<meta property=\"og:image:width\" content=\"1691\" \/>\n\t<meta property=\"og:image:height\" content=\"1920\" \/>\n\t<meta property=\"og:image:type\" content=\"image\/jpeg\" \/>\n<meta name=\"twitter:card\" content=\"summary_large_image\" \/>\n<meta name=\"twitter:label1\" content=\"Estimated reading time\" \/>\n\t<meta name=\"twitter:data1\" content=\"1 minute\" \/>\n<script type=\"application\/ld+json\" class=\"yoast-schema-graph\">{\"@context\":\"https:\/\/schema.org\",\"@graph\":[{\"@type\":\"WebPage\",\"@id\":\"https:\/\/dimspeed.com\/produit\/pignon-de-cascade-swiftune\/\",\"url\":\"https:\/\/dimspeed.com\/produit\/pignon-de-cascade-swiftune\/\",\"name\":\"Pignon de cascade Swiftune - Dimspeed, l&#039;atelier de personnalisation automobile\",\"isPartOf\":{\"@id\":\"https:\/\/dimspeed.com\/#website\"},\"primaryImageOfPage\":{\"@id\":\"https:\/\/dimspeed.com\/produit\/pignon-de-cascade-swiftune\/#primaryimage\"},\"image\":{\"@id\":\"https:\/\/dimspeed.com\/produit\/pignon-de-cascade-swiftune\/#primaryimage\"},\"thumbnailUrl\":\"https:\/\/dimspeed.com\/wp-content\/uploads\/2024\/12\/504_Pignon-primaire-Swiftune-4.jpg\",\"datePublished\":\"2024-12-23T16:36:50+00:00\",\"dateModified\":\"2025-06-12T07:53:52+00:00\",\"breadcrumb\":{\"@id\":\"https:\/\/dimspeed.com\/produit\/pignon-de-cascade-swiftune\/#breadcrumb\"},\"inLanguage\":\"en-GB\",\"potentialAction\":[{\"@type\":\"ReadAction\",\"target\":[\"https:\/\/dimspeed.com\/produit\/pignon-de-cascade-swiftune\/\"]}]},{\"@type\":\"ImageObject\",\"inLanguage\":\"en-GB\",\"@id\":\"https:\/\/dimspeed.com\/produit\/pignon-de-cascade-swiftune\/#primaryimage\",\"url\":\"https:\/\/dimspeed.com\/wp-content\/uploads\/2024\/12\/504_Pignon-primaire-Swiftune-4.jpg\",\"contentUrl\":\"https:\/\/dimspeed.com\/wp-content\/uploads\/2024\/12\/504_Pignon-primaire-Swiftune-4.jpg\",\"width\":1691,\"height\":1920},{\"@type\":\"BreadcrumbList\",\"@id\":\"https:\/\/dimspeed.com\/produit\/pignon-de-cascade-swiftune\/#breadcrumb\",\"itemListElement\":[{\"@type\":\"ListItem\",\"position\":1,\"name\":\"Accueil\",\"item\":\"https:\/\/dimspeed.com\/\"},{\"@type\":\"ListItem\",\"position\":2,\"name\":\"Boutique\",\"item\":\"https:\/\/dimspeed.com\/boutique\/\"},{\"@type\":\"ListItem\",\"position\":3,\"name\":\"Pignon de cascade Swiftune\"}]},{\"@type\":\"WebSite\",\"@id\":\"https:\/\/dimspeed.com\/#website\",\"url\":\"https:\/\/dimspeed.com\/\",\"name\":\"Dimspeed, l&#039;atelier de personnalisation automobile\",\"description\":\"MOTORISTE comp\u00e9tition et collection SPECIALISTE moteur A-SERIE\",\"publisher\":{\"@id\":\"https:\/\/dimspeed.com\/#organization\"},\"potentialAction\":[{\"@type\":\"SearchAction\",\"target\":{\"@type\":\"EntryPoint\",\"urlTemplate\":\"https:\/\/dimspeed.com\/?s={search_term_string}\"},\"query-input\":{\"@type\":\"PropertyValueSpecification\",\"valueRequired\":true,\"valueName\":\"search_term_string\"}}],\"inLanguage\":\"en-GB\"},{\"@type\":\"Organization\",\"@id\":\"https:\/\/dimspeed.com\/#organization\",\"name\":\"Dimspeed, l&#039;atelier de personnalisation automobile\",\"url\":\"https:\/\/dimspeed.com\/\",\"logo\":{\"@type\":\"ImageObject\",\"inLanguage\":\"en-GB\",\"@id\":\"https:\/\/dimspeed.com\/#\/schema\/logo\/image\/\",\"url\":\"https:\/\/dimspeed.com\/wp-content\/uploads\/2020\/11\/logo-site.png\",\"contentUrl\":\"https:\/\/dimspeed.com\/wp-content\/uploads\/2020\/11\/logo-site.png\",\"width\":486,\"height\":178,\"caption\":\"Dimspeed, l&#039;atelier de personnalisation automobile\"},\"image\":{\"@id\":\"https:\/\/dimspeed.com\/#\/schema\/logo\/image\/\"}}]}<\/script>\n<!-- \/ Yoast SEO plugin. -->","yoast_head_json":{"title":"Pignon de cascade Swiftune - Dimspeed, l&#039;atelier de personnalisation automobile","robots":{"index":"index","follow":"follow","max-snippet":"max-snippet:-1","max-image-preview":"max-image-preview:large","max-video-preview":"max-video-preview:-1"},"canonical":"https:\/\/dimspeed.com\/en\/product\/pignon-de-cascade-swiftune\/","og_locale":"en_GB","og_type":"article","og_title":"Pignon de cascade Swiftune - Dimspeed, l&#039;atelier de personnalisation automobile","og_description":"Le pignon primaire de cascade Swiftune \u00e9prouv\u00e9 en course est dot\u00e9 d&#8217;une bague flottante int\u00e9rieure avec clip de retenue pour une fiabilit\u00e9 \u00e9prouv\u00e9e en sport automobile. La conception comprend \u00e9galement une bague ext\u00e9rieure en bronze massif pour une r\u00e9sistance am\u00e9lior\u00e9e. 23 dents = rapport 1,04:1 24 dents = rapport 1:1 &nbsp; Remarque : ces pignons [&hellip;]","og_url":"https:\/\/dimspeed.com\/en\/product\/pignon-de-cascade-swiftune\/","og_site_name":"Dimspeed, l&#039;atelier de personnalisation automobile","article_modified_time":"2025-06-12T07:53:52+00:00","og_image":[{"width":1691,"height":1920,"url":"https:\/\/dimspeed.com\/wp-content\/uploads\/2024\/12\/504_Pignon-primaire-Swiftune-4.jpg","type":"image\/jpeg"}],"twitter_card":"summary_large_image","twitter_misc":{"Estimated reading time":"1 minute"},"schema":{"@context":"https:\/\/schema.org","@graph":[{"@type":"WebPage","@id":"https:\/\/dimspeed.com\/produit\/pignon-de-cascade-swiftune\/","url":"https:\/\/dimspeed.com\/produit\/pignon-de-cascade-swiftune\/","name":"Pignon de cascade Swiftune - Dimspeed, l&#039;atelier de personnalisation automobile","isPartOf":{"@id":"https:\/\/dimspeed.com\/#website"},"primaryImageOfPage":{"@id":"https:\/\/dimspeed.com\/produit\/pignon-de-cascade-swiftune\/#primaryimage"},"image":{"@id":"https:\/\/dimspeed.com\/produit\/pignon-de-cascade-swiftune\/#primaryimage"},"thumbnailUrl":"https:\/\/dimspeed.com\/wp-content\/uploads\/2024\/12\/504_Pignon-primaire-Swiftune-4.jpg","datePublished":"2024-12-23T16:36:50+00:00","dateModified":"2025-06-12T07:53:52+00:00","breadcrumb":{"@id":"https:\/\/dimspeed.com\/produit\/pignon-de-cascade-swiftune\/#breadcrumb"},"inLanguage":"en-GB","potentialAction":[{"@type":"ReadAction","target":["https:\/\/dimspeed.com\/produit\/pignon-de-cascade-swiftune\/"]}]},{"@type":"ImageObject","inLanguage":"en-GB","@id":"https:\/\/dimspeed.com\/produit\/pignon-de-cascade-swiftune\/#primaryimage","url":"https:\/\/dimspeed.com\/wp-content\/uploads\/2024\/12\/504_Pignon-primaire-Swiftune-4.jpg","contentUrl":"https:\/\/dimspeed.com\/wp-content\/uploads\/2024\/12\/504_Pignon-primaire-Swiftune-4.jpg","width":1691,"height":1920},{"@type":"BreadcrumbList","@id":"https:\/\/dimspeed.com\/produit\/pignon-de-cascade-swiftune\/#breadcrumb","itemListElement":[{"@type":"ListItem","position":1,"name":"Accueil","item":"https:\/\/dimspeed.com\/"},{"@type":"ListItem","position":2,"name":"Boutique","item":"https:\/\/dimspeed.com\/boutique\/"},{"@type":"ListItem","position":3,"name":"Pignon de cascade Swiftune"}]},{"@type":"WebSite","@id":"https:\/\/dimspeed.com\/#website","url":"https:\/\/dimspeed.com\/","name":"Dimspeed, l&#039;atelier de personnalisation automobile","description":"MOTORISTE comp\u00e9tition et collection SPECIALISTE moteur A-SERIE","publisher":{"@id":"https:\/\/dimspeed.com\/#organization"},"potentialAction":[{"@type":"SearchAction","target":{"@type":"EntryPoint","urlTemplate":"https:\/\/dimspeed.com\/?s={search_term_string}"},"query-input":{"@type":"PropertyValueSpecification","valueRequired":true,"valueName":"search_term_string"}}],"inLanguage":"en-GB"},{"@type":"Organization","@id":"https:\/\/dimspeed.com\/#organization","name":"Dimspeed, l&#039;atelier de personnalisation automobile","url":"https:\/\/dimspeed.com\/","logo":{"@type":"ImageObject","inLanguage":"en-GB","@id":"https:\/\/dimspeed.com\/#\/schema\/logo\/image\/","url":"https:\/\/dimspeed.com\/wp-content\/uploads\/2020\/11\/logo-site.png","contentUrl":"https:\/\/dimspeed.com\/wp-content\/uploads\/2020\/11\/logo-site.png","width":486,"height":178,"caption":"Dimspeed, l&#039;atelier de personnalisation automobile"},"image":{"@id":"https:\/\/dimspeed.com\/#\/schema\/logo\/image\/"}}]}},"_links":{"self":[{"href":"https:\/\/dimspeed.com\/en\/wp-json\/wp\/v2\/product\/6736","targetHints":{"allow":["GET"]}}],"collection":[{"href":"https:\/\/dimspeed.com\/en\/wp-json\/wp\/v2\/product"}],"about":[{"href":"https:\/\/dimspeed.com\/en\/wp-json\/wp\/v2\/types\/product"}],"version-history":[{"count":2,"href":"https:\/\/dimspeed.com\/en\/wp-json\/wp\/v2\/product\/6736\/revisions"}],"predecessor-version":[{"id":6744,"href":"https:\/\/dimspeed.com\/en\/wp-json\/wp\/v2\/product\/6736\/revisions\/6744"}],"wp:featuredmedia":[{"embeddable":true,"href":"https:\/\/dimspeed.com\/en\/wp-json\/wp\/v2\/media\/6737"}],"wp:attachment":[{"href":"https:\/\/dimspeed.com\/en\/wp-json\/wp\/v2\/media?parent=6736"}],"wp:term":[{"taxonomy":"product_brand","embeddable":true,"href":"https:\/\/dimspeed.com\/en\/wp-json\/wp\/v2\/product_brand?post=6736"},{"taxonomy":"product_cat","embeddable":true,"href":"https:\/\/dimspeed.com\/en\/wp-json\/wp\/v2\/product_cat?post=6736"},{"taxonomy":"product_tag","embeddable":true,"href":"https:\/\/dimspeed.com\/en\/wp-json\/wp\/v2\/product_tag?post=6736"}],"curies":[{"name":"wp","href":"https:\/\/api.w.org\/{rel}","templated":true}]}}