{"id":6500,"date":"2024-08-07T15:58:24","date_gmt":"2024-08-07T13:58:24","guid":{"rendered":"https:\/\/dimspeed.com\/?post_type=product&#038;p=6500"},"modified":"2026-04-07T13:23:19","modified_gmt":"2026-04-07T11:23:19","slug":"kit-distri-light-spring-sw5-07b","status":"publish","type":"product","link":"https:\/\/dimspeed.com\/en\/product\/kit-distri-light-spring-sw5-07b\/","title":{"rendered":"SW5 Billet Road Camshaft Duplex Spring Kit"},"content":{"rendered":"<p>This set includes:<\/p>\n<ul>\n<li>1 x Swiftune SW5-07 Billet Road Camshaft<\/li>\n<li>1 x Swiftune cam followers set - Race<\/li>\n<li>1 x Swiftune oil pump (998 ou 1275)<\/li>\n<li>1 x Lock tab washer<\/li>\n<li>1 x Double valve spring set<\/li>\n<li>1 x Alloy\/Alloy vernier duplex timing gear set now including high quality Iwis Chain<\/li>\n<li>1 x Timing disc<\/li>\n<\/ul>\n<p>&nbsp;<\/p>\n<p>The SW5-07B is the ideal road camshaft; below 5500 rpm it produces more power than the 286 profile. On average you will spend 90 per cent of your road driving below 5500 rpm. The SW5-07B as featured in the Mini Films \u2018Ultimate A-Series Engine Builder\u2019 DVD. Combined with 1380cc. 1.5 ratio rockers, a Dimspeed L3 head and a single HIF44 produces over 100hp and over 100ft\/lbs of torque pulling with wide on throttle below 2300rpm! See graph above.<\/p>\n<p>The same engine used with Twin H2 1.25\" SU's will pull from 1800 rpm with wide open throttle!<\/p>\n<p>Thousands of SW5-07B cams have been sold for a huge range of engines from: 850cc to 1460cc, twin and single carburetters, standard and 1.5 ratio rockers, SPi and MPi injection, turbo and supercharged.<\/p>","protected":false},"excerpt":{"rendered":"<p>Le kit inclut: 1 x arbre \u00e0 cames SW5-07B 1 x kit de poussoirs Swiftune &#8211; Comp\u00e9tition 1 x pompe \u00e0 huile Swiftune (998 ou 1275) 1 x rondelle d&#8217;arr\u00eat 8 x ressorts double Swiftune 1 x distribution double r\u00e9glable \u2013 Aluminium \/ Aluminium 1 x disque de calage &nbsp; Le SW5-07B est l\u2019arbre \u00e0 [&hellip;]<\/p>","protected":false},"featured_media":6509,"template":"","meta":[],"product_brand":[],"product_cat":[15,46,129,41],"product_tag":[58,55,165,178,182,59,54,162],"class_list":{"0":"post-6500","1":"product","2":"type-product","3":"status-publish","4":"has-post-thumbnail","6":"product_cat-moteur","7":"product_cat-arbre-a-came","8":"product_cat-sw5-07b-route-swiftune","9":"product_cat-kit","10":"product_tag-distri","11":"product_tag-kit-aac","12":"product_tag-kit-aac-swiftune","13":"product_tag-ressorts","14":"product_tag-route","15":"product_tag-spring","16":"product_tag-sw5","17":"product_tag-swiftune","19":"first","20":"instock","21":"taxable","22":"shipping-taxable","23":"purchasable","24":"product-type-variable"},"yoast_head":"<!-- This site is optimized with the Yoast SEO plugin v27.1.1 - https:\/\/yoast.com\/product\/yoast-seo-wordpress\/ -->\n<title>Kit Distri Light Spring SW5-07B - Dimspeed, l&#039;atelier de personnalisation automobile<\/title>\n<meta name=\"robots\" content=\"index, follow, max-snippet:-1, max-image-preview:large, max-video-preview:-1\" \/>\n<link rel=\"canonical\" href=\"https:\/\/dimspeed.com\/en\/product\/kit-distri-light-spring-sw5-07b\/\" \/>\n<meta property=\"og:locale\" content=\"en_GB\" \/>\n<meta property=\"og:type\" content=\"article\" \/>\n<meta property=\"og:title\" content=\"Kit Distri Light Spring SW5-07B - Dimspeed, l&#039;atelier de personnalisation automobile\" \/>\n<meta property=\"og:description\" content=\"Le kit inclut: 1 x arbre \u00e0 cames SW5-07B 1 x kit de poussoirs Swiftune &#8211; Comp\u00e9tition 1 x pompe \u00e0 huile Swiftune (998 ou 1275) 1 x rondelle d&#8217;arr\u00eat 8 x ressorts double Swiftune 1 x distribution double r\u00e9glable \u2013 Aluminium \/ Aluminium 1 x disque de calage &nbsp; Le SW5-07B est l\u2019arbre \u00e0 [&hellip;]\" \/>\n<meta property=\"og:url\" content=\"https:\/\/dimspeed.com\/en\/product\/kit-distri-light-spring-sw5-07b\/\" \/>\n<meta property=\"og:site_name\" content=\"Dimspeed, l&#039;atelier de personnalisation automobile\" \/>\n<meta property=\"article:modified_time\" content=\"2026-04-07T11:23:19+00:00\" \/>\n<meta property=\"og:image\" content=\"https:\/\/dimspeed.com\/wp-content\/uploads\/2024\/08\/495_Kit-Distri-Spring-998-2.jpg\" \/>\n\t<meta property=\"og:image:width\" content=\"1920\" \/>\n\t<meta property=\"og:image:height\" content=\"1232\" \/>\n\t<meta property=\"og:image:type\" content=\"image\/jpeg\" \/>\n<meta name=\"twitter:card\" content=\"summary_large_image\" \/>\n<meta name=\"twitter:label1\" content=\"Estimated reading time\" \/>\n\t<meta name=\"twitter:data1\" content=\"2 minutes\" \/>\n<script type=\"application\/ld+json\" class=\"yoast-schema-graph\">{\"@context\":\"https:\/\/schema.org\",\"@graph\":[{\"@type\":\"WebPage\",\"@id\":\"https:\/\/dimspeed.com\/produit\/kit-distri-light-spring-sw5-07b\/\",\"url\":\"https:\/\/dimspeed.com\/produit\/kit-distri-light-spring-sw5-07b\/\",\"name\":\"Kit Distri Light Spring SW5-07B - Dimspeed, l&#039;atelier de personnalisation automobile\",\"isPartOf\":{\"@id\":\"https:\/\/dimspeed.com\/#website\"},\"primaryImageOfPage\":{\"@id\":\"https:\/\/dimspeed.com\/produit\/kit-distri-light-spring-sw5-07b\/#primaryimage\"},\"image\":{\"@id\":\"https:\/\/dimspeed.com\/produit\/kit-distri-light-spring-sw5-07b\/#primaryimage\"},\"thumbnailUrl\":\"https:\/\/dimspeed.com\/wp-content\/uploads\/2024\/08\/495_Kit-Distri-Spring-998-2.jpg\",\"datePublished\":\"2024-08-07T13:58:24+00:00\",\"dateModified\":\"2026-04-07T11:23:19+00:00\",\"breadcrumb\":{\"@id\":\"https:\/\/dimspeed.com\/produit\/kit-distri-light-spring-sw5-07b\/#breadcrumb\"},\"inLanguage\":\"en-GB\",\"potentialAction\":[{\"@type\":\"ReadAction\",\"target\":[\"https:\/\/dimspeed.com\/produit\/kit-distri-light-spring-sw5-07b\/\"]}]},{\"@type\":\"ImageObject\",\"inLanguage\":\"en-GB\",\"@id\":\"https:\/\/dimspeed.com\/produit\/kit-distri-light-spring-sw5-07b\/#primaryimage\",\"url\":\"https:\/\/dimspeed.com\/wp-content\/uploads\/2024\/08\/495_Kit-Distri-Spring-998-2.jpg\",\"contentUrl\":\"https:\/\/dimspeed.com\/wp-content\/uploads\/2024\/08\/495_Kit-Distri-Spring-998-2.jpg\",\"width\":1920,\"height\":1232},{\"@type\":\"BreadcrumbList\",\"@id\":\"https:\/\/dimspeed.com\/produit\/kit-distri-light-spring-sw5-07b\/#breadcrumb\",\"itemListElement\":[{\"@type\":\"ListItem\",\"position\":1,\"name\":\"Accueil\",\"item\":\"https:\/\/dimspeed.com\/\"},{\"@type\":\"ListItem\",\"position\":2,\"name\":\"Boutique\",\"item\":\"https:\/\/dimspeed.com\/boutique\/\"},{\"@type\":\"ListItem\",\"position\":3,\"name\":\"Kit Distri Light Spring SW5-07B\"}]},{\"@type\":\"WebSite\",\"@id\":\"https:\/\/dimspeed.com\/#website\",\"url\":\"https:\/\/dimspeed.com\/\",\"name\":\"Dimspeed, l&#039;atelier de personnalisation automobile\",\"description\":\"MOTORISTE comp\u00e9tition et collection SPECIALISTE moteur A-SERIE\",\"publisher\":{\"@id\":\"https:\/\/dimspeed.com\/#organization\"},\"potentialAction\":[{\"@type\":\"SearchAction\",\"target\":{\"@type\":\"EntryPoint\",\"urlTemplate\":\"https:\/\/dimspeed.com\/?s={search_term_string}\"},\"query-input\":{\"@type\":\"PropertyValueSpecification\",\"valueRequired\":true,\"valueName\":\"search_term_string\"}}],\"inLanguage\":\"en-GB\"},{\"@type\":\"Organization\",\"@id\":\"https:\/\/dimspeed.com\/#organization\",\"name\":\"Dimspeed, l&#039;atelier de personnalisation automobile\",\"url\":\"https:\/\/dimspeed.com\/\",\"logo\":{\"@type\":\"ImageObject\",\"inLanguage\":\"en-GB\",\"@id\":\"https:\/\/dimspeed.com\/#\/schema\/logo\/image\/\",\"url\":\"https:\/\/dimspeed.com\/wp-content\/uploads\/2020\/11\/logo-site.png\",\"contentUrl\":\"https:\/\/dimspeed.com\/wp-content\/uploads\/2020\/11\/logo-site.png\",\"width\":486,\"height\":178,\"caption\":\"Dimspeed, l&#039;atelier de personnalisation automobile\"},\"image\":{\"@id\":\"https:\/\/dimspeed.com\/#\/schema\/logo\/image\/\"}}]}<\/script>\n<!-- \/ Yoast SEO plugin. -->","yoast_head_json":{"title":"Kit Distri Light Spring SW5-07B - Dimspeed, l&#039;atelier de personnalisation automobile","robots":{"index":"index","follow":"follow","max-snippet":"max-snippet:-1","max-image-preview":"max-image-preview:large","max-video-preview":"max-video-preview:-1"},"canonical":"https:\/\/dimspeed.com\/en\/product\/kit-distri-light-spring-sw5-07b\/","og_locale":"en_GB","og_type":"article","og_title":"Kit Distri Light Spring SW5-07B - Dimspeed, l&#039;atelier de personnalisation automobile","og_description":"Le kit inclut: 1 x arbre \u00e0 cames SW5-07B 1 x kit de poussoirs Swiftune &#8211; Comp\u00e9tition 1 x pompe \u00e0 huile Swiftune (998 ou 1275) 1 x rondelle d&#8217;arr\u00eat 8 x ressorts double Swiftune 1 x distribution double r\u00e9glable \u2013 Aluminium \/ Aluminium 1 x disque de calage &nbsp; Le SW5-07B est l\u2019arbre \u00e0 [&hellip;]","og_url":"https:\/\/dimspeed.com\/en\/product\/kit-distri-light-spring-sw5-07b\/","og_site_name":"Dimspeed, l&#039;atelier de personnalisation automobile","article_modified_time":"2026-04-07T11:23:19+00:00","og_image":[{"width":1920,"height":1232,"url":"https:\/\/dimspeed.com\/wp-content\/uploads\/2024\/08\/495_Kit-Distri-Spring-998-2.jpg","type":"image\/jpeg"}],"twitter_card":"summary_large_image","twitter_misc":{"Estimated reading time":"2 minutes"},"schema":{"@context":"https:\/\/schema.org","@graph":[{"@type":"WebPage","@id":"https:\/\/dimspeed.com\/produit\/kit-distri-light-spring-sw5-07b\/","url":"https:\/\/dimspeed.com\/produit\/kit-distri-light-spring-sw5-07b\/","name":"Kit Distri Light Spring SW5-07B - Dimspeed, l&#039;atelier de personnalisation automobile","isPartOf":{"@id":"https:\/\/dimspeed.com\/#website"},"primaryImageOfPage":{"@id":"https:\/\/dimspeed.com\/produit\/kit-distri-light-spring-sw5-07b\/#primaryimage"},"image":{"@id":"https:\/\/dimspeed.com\/produit\/kit-distri-light-spring-sw5-07b\/#primaryimage"},"thumbnailUrl":"https:\/\/dimspeed.com\/wp-content\/uploads\/2024\/08\/495_Kit-Distri-Spring-998-2.jpg","datePublished":"2024-08-07T13:58:24+00:00","dateModified":"2026-04-07T11:23:19+00:00","breadcrumb":{"@id":"https:\/\/dimspeed.com\/produit\/kit-distri-light-spring-sw5-07b\/#breadcrumb"},"inLanguage":"en-GB","potentialAction":[{"@type":"ReadAction","target":["https:\/\/dimspeed.com\/produit\/kit-distri-light-spring-sw5-07b\/"]}]},{"@type":"ImageObject","inLanguage":"en-GB","@id":"https:\/\/dimspeed.com\/produit\/kit-distri-light-spring-sw5-07b\/#primaryimage","url":"https:\/\/dimspeed.com\/wp-content\/uploads\/2024\/08\/495_Kit-Distri-Spring-998-2.jpg","contentUrl":"https:\/\/dimspeed.com\/wp-content\/uploads\/2024\/08\/495_Kit-Distri-Spring-998-2.jpg","width":1920,"height":1232},{"@type":"BreadcrumbList","@id":"https:\/\/dimspeed.com\/produit\/kit-distri-light-spring-sw5-07b\/#breadcrumb","itemListElement":[{"@type":"ListItem","position":1,"name":"Accueil","item":"https:\/\/dimspeed.com\/"},{"@type":"ListItem","position":2,"name":"Boutique","item":"https:\/\/dimspeed.com\/boutique\/"},{"@type":"ListItem","position":3,"name":"Kit Distri Light Spring SW5-07B"}]},{"@type":"WebSite","@id":"https:\/\/dimspeed.com\/#website","url":"https:\/\/dimspeed.com\/","name":"Dimspeed, l&#039;atelier de personnalisation automobile","description":"MOTORISTE comp\u00e9tition et collection SPECIALISTE moteur A-SERIE","publisher":{"@id":"https:\/\/dimspeed.com\/#organization"},"potentialAction":[{"@type":"SearchAction","target":{"@type":"EntryPoint","urlTemplate":"https:\/\/dimspeed.com\/?s={search_term_string}"},"query-input":{"@type":"PropertyValueSpecification","valueRequired":true,"valueName":"search_term_string"}}],"inLanguage":"en-GB"},{"@type":"Organization","@id":"https:\/\/dimspeed.com\/#organization","name":"Dimspeed, l&#039;atelier de personnalisation automobile","url":"https:\/\/dimspeed.com\/","logo":{"@type":"ImageObject","inLanguage":"en-GB","@id":"https:\/\/dimspeed.com\/#\/schema\/logo\/image\/","url":"https:\/\/dimspeed.com\/wp-content\/uploads\/2020\/11\/logo-site.png","contentUrl":"https:\/\/dimspeed.com\/wp-content\/uploads\/2020\/11\/logo-site.png","width":486,"height":178,"caption":"Dimspeed, l&#039;atelier de personnalisation automobile"},"image":{"@id":"https:\/\/dimspeed.com\/#\/schema\/logo\/image\/"}}]}},"_links":{"self":[{"href":"https:\/\/dimspeed.com\/en\/wp-json\/wp\/v2\/product\/6500","targetHints":{"allow":["GET"]}}],"collection":[{"href":"https:\/\/dimspeed.com\/en\/wp-json\/wp\/v2\/product"}],"about":[{"href":"https:\/\/dimspeed.com\/en\/wp-json\/wp\/v2\/types\/product"}],"version-history":[{"count":1,"href":"https:\/\/dimspeed.com\/en\/wp-json\/wp\/v2\/product\/6500\/revisions"}],"predecessor-version":[{"id":6511,"href":"https:\/\/dimspeed.com\/en\/wp-json\/wp\/v2\/product\/6500\/revisions\/6511"}],"wp:featuredmedia":[{"embeddable":true,"href":"https:\/\/dimspeed.com\/en\/wp-json\/wp\/v2\/media\/6509"}],"wp:attachment":[{"href":"https:\/\/dimspeed.com\/en\/wp-json\/wp\/v2\/media?parent=6500"}],"wp:term":[{"taxonomy":"product_brand","embeddable":true,"href":"https:\/\/dimspeed.com\/en\/wp-json\/wp\/v2\/product_brand?post=6500"},{"taxonomy":"product_cat","embeddable":true,"href":"https:\/\/dimspeed.com\/en\/wp-json\/wp\/v2\/product_cat?post=6500"},{"taxonomy":"product_tag","embeddable":true,"href":"https:\/\/dimspeed.com\/en\/wp-json\/wp\/v2\/product_tag?post=6500"}],"curies":[{"name":"wp","href":"https:\/\/api.w.org\/{rel}","templated":true}]}}