{"id":6375,"date":"2024-07-17T12:28:04","date_gmt":"2024-07-17T10:28:04","guid":{"rendered":"https:\/\/dimspeed.com\/?post_type=product&#038;p=6375"},"modified":"2026-02-02T11:27:11","modified_gmt":"2026-02-02T10:27:11","slug":"kit-distri-simplex-sw310-1275-2","status":"publish","type":"product","link":"https:\/\/dimspeed.com\/en\/product\/kit-distri-simplex-sw310-1275-2\/","title":{"rendered":"Swiftune SW310 Billet Camshaft Simplex Kit - 1275"},"content":{"rendered":"<p>This set includes:<\/p>\n<ul>\n<li>1 x Swiftune 310 Billet Camshaft<\/li>\n<li>1 x Swiftune cam followers set - Race<\/li>\n<li>1 x Swiftune oil pump (1275)<\/li>\n<li>1 x Lock tab washer<\/li>\n<li>1 x Swiftune Simplex super-light timing gear set<\/li>\n<li>1 x Timing disc<\/li>\n<\/ul>\n<p>&nbsp;<\/p>\n<p>This camshaft has been designed for race engine. It is more powerful than the SW23 but with less tork.<\/p>\n<p>Latest design improvement is cross-drilling of the cam's base circle to deliver direct lubrication to the cam follower\/cam lobe interface. Tuftride hardened for super durabilty Machining the SW310SP from custom steel billet ensures the highest quality steel is used and deeper surface hardening achieves the superb wear performance vital for a race camshaft.<\/p>","protected":false},"excerpt":{"rendered":"<p>Le kit inclut: 1 x arbre \u00e0 cames SW310 1 x kit de poussoirs Swiftune &#8211; Comp\u00e9tition 1 x pompe \u00e0 huile Swiftune (1275) 1 x rondelle d&#8217;arr\u00eat 1 x distribution simple super-light 1 x disque de calage &nbsp; Cet arbre \u00e0 cames a \u00e9t\u00e9 con\u00e7u pour les moteurs de comp\u00e9tition. Il est plus puissant [&hellip;]<\/p>","protected":false},"featured_media":6448,"template":"","meta":[],"product_brand":[],"product_cat":[15,46,134,41],"product_tag":[58,55,165,64,179,166,162],"class_list":{"0":"post-6375","1":"product","2":"type-product","3":"status-publish","4":"has-post-thumbnail","6":"product_cat-moteur","7":"product_cat-arbre-a-came","8":"product_cat-sw310-swiftune","9":"product_cat-kit","10":"product_tag-distri","11":"product_tag-kit-aac","12":"product_tag-kit-aac-swiftune","13":"product_tag-race","14":"product_tag-simplex","15":"product_tag-sw310","16":"product_tag-swiftune","18":"first","19":"instock","20":"taxable","21":"shipping-taxable","22":"purchasable","23":"product-type-simple"},"yoast_head":"<!-- This site is optimized with the Yoast SEO plugin v27.1.1 - https:\/\/yoast.com\/product\/yoast-seo-wordpress\/ -->\n<title>Kit Distri Simplex SW310 - 1275 - Dimspeed, l&#039;atelier de personnalisation automobile<\/title>\n<meta name=\"robots\" content=\"index, follow, max-snippet:-1, max-image-preview:large, max-video-preview:-1\" \/>\n<link rel=\"canonical\" href=\"https:\/\/dimspeed.com\/en\/product\/kit-distri-simplex-sw310-1275-2\/\" \/>\n<meta property=\"og:locale\" content=\"en_GB\" \/>\n<meta property=\"og:type\" content=\"article\" \/>\n<meta property=\"og:title\" content=\"Kit Distri Simplex SW310 - 1275 - Dimspeed, l&#039;atelier de personnalisation automobile\" \/>\n<meta property=\"og:description\" content=\"Le kit inclut: 1 x arbre \u00e0 cames SW310 1 x kit de poussoirs Swiftune &#8211; Comp\u00e9tition 1 x pompe \u00e0 huile Swiftune (1275) 1 x rondelle d&#8217;arr\u00eat 1 x distribution simple super-light 1 x disque de calage &nbsp; Cet arbre \u00e0 cames a \u00e9t\u00e9 con\u00e7u pour les moteurs de comp\u00e9tition. Il est plus puissant [&hellip;]\" \/>\n<meta property=\"og:url\" content=\"https:\/\/dimspeed.com\/en\/product\/kit-distri-simplex-sw310-1275-2\/\" \/>\n<meta property=\"og:site_name\" content=\"Dimspeed, l&#039;atelier de personnalisation automobile\" \/>\n<meta property=\"article:modified_time\" content=\"2026-02-02T10:27:11+00:00\" \/>\n<meta property=\"og:image\" content=\"https:\/\/dimspeed.com\/wp-content\/uploads\/2024\/07\/486_Kit-Distri_SW23_1275-3.jpg\" \/>\n\t<meta property=\"og:image:width\" content=\"1920\" \/>\n\t<meta property=\"og:image:height\" content=\"1345\" \/>\n\t<meta property=\"og:image:type\" content=\"image\/jpeg\" \/>\n<meta name=\"twitter:card\" content=\"summary_large_image\" \/>\n<meta name=\"twitter:label1\" content=\"Estimated reading time\" \/>\n\t<meta name=\"twitter:data1\" content=\"1 minute\" \/>\n<script type=\"application\/ld+json\" class=\"yoast-schema-graph\">{\"@context\":\"https:\/\/schema.org\",\"@graph\":[{\"@type\":\"WebPage\",\"@id\":\"https:\/\/dimspeed.com\/produit\/kit-distri-simplex-sw310-1275-2\/\",\"url\":\"https:\/\/dimspeed.com\/produit\/kit-distri-simplex-sw310-1275-2\/\",\"name\":\"Kit Distri Simplex SW310 - 1275 - Dimspeed, l&#039;atelier de personnalisation automobile\",\"isPartOf\":{\"@id\":\"https:\/\/dimspeed.com\/#website\"},\"primaryImageOfPage\":{\"@id\":\"https:\/\/dimspeed.com\/produit\/kit-distri-simplex-sw310-1275-2\/#primaryimage\"},\"image\":{\"@id\":\"https:\/\/dimspeed.com\/produit\/kit-distri-simplex-sw310-1275-2\/#primaryimage\"},\"thumbnailUrl\":\"https:\/\/dimspeed.com\/wp-content\/uploads\/2024\/07\/486_Kit-Distri_SW23_1275-3.jpg\",\"datePublished\":\"2024-07-17T10:28:04+00:00\",\"dateModified\":\"2026-02-02T10:27:11+00:00\",\"breadcrumb\":{\"@id\":\"https:\/\/dimspeed.com\/produit\/kit-distri-simplex-sw310-1275-2\/#breadcrumb\"},\"inLanguage\":\"en-GB\",\"potentialAction\":[{\"@type\":\"ReadAction\",\"target\":[\"https:\/\/dimspeed.com\/produit\/kit-distri-simplex-sw310-1275-2\/\"]}]},{\"@type\":\"ImageObject\",\"inLanguage\":\"en-GB\",\"@id\":\"https:\/\/dimspeed.com\/produit\/kit-distri-simplex-sw310-1275-2\/#primaryimage\",\"url\":\"https:\/\/dimspeed.com\/wp-content\/uploads\/2024\/07\/486_Kit-Distri_SW23_1275-3.jpg\",\"contentUrl\":\"https:\/\/dimspeed.com\/wp-content\/uploads\/2024\/07\/486_Kit-Distri_SW23_1275-3.jpg\",\"width\":1920,\"height\":1345},{\"@type\":\"BreadcrumbList\",\"@id\":\"https:\/\/dimspeed.com\/produit\/kit-distri-simplex-sw310-1275-2\/#breadcrumb\",\"itemListElement\":[{\"@type\":\"ListItem\",\"position\":1,\"name\":\"Accueil\",\"item\":\"https:\/\/dimspeed.com\/\"},{\"@type\":\"ListItem\",\"position\":2,\"name\":\"Boutique\",\"item\":\"https:\/\/dimspeed.com\/boutique\/\"},{\"@type\":\"ListItem\",\"position\":3,\"name\":\"Kit Distri Simplex SW310 &#8211; 1275\"}]},{\"@type\":\"WebSite\",\"@id\":\"https:\/\/dimspeed.com\/#website\",\"url\":\"https:\/\/dimspeed.com\/\",\"name\":\"Dimspeed, l&#039;atelier de personnalisation automobile\",\"description\":\"MOTORISTE comp\u00e9tition et collection SPECIALISTE moteur A-SERIE\",\"publisher\":{\"@id\":\"https:\/\/dimspeed.com\/#organization\"},\"potentialAction\":[{\"@type\":\"SearchAction\",\"target\":{\"@type\":\"EntryPoint\",\"urlTemplate\":\"https:\/\/dimspeed.com\/?s={search_term_string}\"},\"query-input\":{\"@type\":\"PropertyValueSpecification\",\"valueRequired\":true,\"valueName\":\"search_term_string\"}}],\"inLanguage\":\"en-GB\"},{\"@type\":\"Organization\",\"@id\":\"https:\/\/dimspeed.com\/#organization\",\"name\":\"Dimspeed, l&#039;atelier de personnalisation automobile\",\"url\":\"https:\/\/dimspeed.com\/\",\"logo\":{\"@type\":\"ImageObject\",\"inLanguage\":\"en-GB\",\"@id\":\"https:\/\/dimspeed.com\/#\/schema\/logo\/image\/\",\"url\":\"https:\/\/dimspeed.com\/wp-content\/uploads\/2020\/11\/logo-site.png\",\"contentUrl\":\"https:\/\/dimspeed.com\/wp-content\/uploads\/2020\/11\/logo-site.png\",\"width\":486,\"height\":178,\"caption\":\"Dimspeed, l&#039;atelier de personnalisation automobile\"},\"image\":{\"@id\":\"https:\/\/dimspeed.com\/#\/schema\/logo\/image\/\"}}]}<\/script>\n<!-- \/ Yoast SEO plugin. -->","yoast_head_json":{"title":"Kit Distri Simplex SW310 - 1275 - Dimspeed, l&#039;atelier de personnalisation automobile","robots":{"index":"index","follow":"follow","max-snippet":"max-snippet:-1","max-image-preview":"max-image-preview:large","max-video-preview":"max-video-preview:-1"},"canonical":"https:\/\/dimspeed.com\/en\/product\/kit-distri-simplex-sw310-1275-2\/","og_locale":"en_GB","og_type":"article","og_title":"Kit Distri Simplex SW310 - 1275 - Dimspeed, l&#039;atelier de personnalisation automobile","og_description":"Le kit inclut: 1 x arbre \u00e0 cames SW310 1 x kit de poussoirs Swiftune &#8211; Comp\u00e9tition 1 x pompe \u00e0 huile Swiftune (1275) 1 x rondelle d&#8217;arr\u00eat 1 x distribution simple super-light 1 x disque de calage &nbsp; Cet arbre \u00e0 cames a \u00e9t\u00e9 con\u00e7u pour les moteurs de comp\u00e9tition. Il est plus puissant [&hellip;]","og_url":"https:\/\/dimspeed.com\/en\/product\/kit-distri-simplex-sw310-1275-2\/","og_site_name":"Dimspeed, l&#039;atelier de personnalisation automobile","article_modified_time":"2026-02-02T10:27:11+00:00","og_image":[{"width":1920,"height":1345,"url":"https:\/\/dimspeed.com\/wp-content\/uploads\/2024\/07\/486_Kit-Distri_SW23_1275-3.jpg","type":"image\/jpeg"}],"twitter_card":"summary_large_image","twitter_misc":{"Estimated reading time":"1 minute"},"schema":{"@context":"https:\/\/schema.org","@graph":[{"@type":"WebPage","@id":"https:\/\/dimspeed.com\/produit\/kit-distri-simplex-sw310-1275-2\/","url":"https:\/\/dimspeed.com\/produit\/kit-distri-simplex-sw310-1275-2\/","name":"Kit Distri Simplex SW310 - 1275 - Dimspeed, l&#039;atelier de personnalisation automobile","isPartOf":{"@id":"https:\/\/dimspeed.com\/#website"},"primaryImageOfPage":{"@id":"https:\/\/dimspeed.com\/produit\/kit-distri-simplex-sw310-1275-2\/#primaryimage"},"image":{"@id":"https:\/\/dimspeed.com\/produit\/kit-distri-simplex-sw310-1275-2\/#primaryimage"},"thumbnailUrl":"https:\/\/dimspeed.com\/wp-content\/uploads\/2024\/07\/486_Kit-Distri_SW23_1275-3.jpg","datePublished":"2024-07-17T10:28:04+00:00","dateModified":"2026-02-02T10:27:11+00:00","breadcrumb":{"@id":"https:\/\/dimspeed.com\/produit\/kit-distri-simplex-sw310-1275-2\/#breadcrumb"},"inLanguage":"en-GB","potentialAction":[{"@type":"ReadAction","target":["https:\/\/dimspeed.com\/produit\/kit-distri-simplex-sw310-1275-2\/"]}]},{"@type":"ImageObject","inLanguage":"en-GB","@id":"https:\/\/dimspeed.com\/produit\/kit-distri-simplex-sw310-1275-2\/#primaryimage","url":"https:\/\/dimspeed.com\/wp-content\/uploads\/2024\/07\/486_Kit-Distri_SW23_1275-3.jpg","contentUrl":"https:\/\/dimspeed.com\/wp-content\/uploads\/2024\/07\/486_Kit-Distri_SW23_1275-3.jpg","width":1920,"height":1345},{"@type":"BreadcrumbList","@id":"https:\/\/dimspeed.com\/produit\/kit-distri-simplex-sw310-1275-2\/#breadcrumb","itemListElement":[{"@type":"ListItem","position":1,"name":"Accueil","item":"https:\/\/dimspeed.com\/"},{"@type":"ListItem","position":2,"name":"Boutique","item":"https:\/\/dimspeed.com\/boutique\/"},{"@type":"ListItem","position":3,"name":"Kit Distri Simplex SW310 &#8211; 1275"}]},{"@type":"WebSite","@id":"https:\/\/dimspeed.com\/#website","url":"https:\/\/dimspeed.com\/","name":"Dimspeed, l&#039;atelier de personnalisation automobile","description":"MOTORISTE comp\u00e9tition et collection SPECIALISTE moteur A-SERIE","publisher":{"@id":"https:\/\/dimspeed.com\/#organization"},"potentialAction":[{"@type":"SearchAction","target":{"@type":"EntryPoint","urlTemplate":"https:\/\/dimspeed.com\/?s={search_term_string}"},"query-input":{"@type":"PropertyValueSpecification","valueRequired":true,"valueName":"search_term_string"}}],"inLanguage":"en-GB"},{"@type":"Organization","@id":"https:\/\/dimspeed.com\/#organization","name":"Dimspeed, l&#039;atelier de personnalisation automobile","url":"https:\/\/dimspeed.com\/","logo":{"@type":"ImageObject","inLanguage":"en-GB","@id":"https:\/\/dimspeed.com\/#\/schema\/logo\/image\/","url":"https:\/\/dimspeed.com\/wp-content\/uploads\/2020\/11\/logo-site.png","contentUrl":"https:\/\/dimspeed.com\/wp-content\/uploads\/2020\/11\/logo-site.png","width":486,"height":178,"caption":"Dimspeed, l&#039;atelier de personnalisation automobile"},"image":{"@id":"https:\/\/dimspeed.com\/#\/schema\/logo\/image\/"}}]}},"_links":{"self":[{"href":"https:\/\/dimspeed.com\/en\/wp-json\/wp\/v2\/product\/6375","targetHints":{"allow":["GET"]}}],"collection":[{"href":"https:\/\/dimspeed.com\/en\/wp-json\/wp\/v2\/product"}],"about":[{"href":"https:\/\/dimspeed.com\/en\/wp-json\/wp\/v2\/types\/product"}],"version-history":[{"count":1,"href":"https:\/\/dimspeed.com\/en\/wp-json\/wp\/v2\/product\/6375\/revisions"}],"predecessor-version":[{"id":6377,"href":"https:\/\/dimspeed.com\/en\/wp-json\/wp\/v2\/product\/6375\/revisions\/6377"}],"wp:featuredmedia":[{"embeddable":true,"href":"https:\/\/dimspeed.com\/en\/wp-json\/wp\/v2\/media\/6448"}],"wp:attachment":[{"href":"https:\/\/dimspeed.com\/en\/wp-json\/wp\/v2\/media?parent=6375"}],"wp:term":[{"taxonomy":"product_brand","embeddable":true,"href":"https:\/\/dimspeed.com\/en\/wp-json\/wp\/v2\/product_brand?post=6375"},{"taxonomy":"product_cat","embeddable":true,"href":"https:\/\/dimspeed.com\/en\/wp-json\/wp\/v2\/product_cat?post=6375"},{"taxonomy":"product_tag","embeddable":true,"href":"https:\/\/dimspeed.com\/en\/wp-json\/wp\/v2\/product_tag?post=6375"}],"curies":[{"name":"wp","href":"https:\/\/api.w.org\/{rel}","templated":true}]}}