{"id":6309,"date":"2024-06-05T16:11:21","date_gmt":"2024-06-05T14:11:21","guid":{"rendered":"https:\/\/dimspeed.com\/?post_type=product&#038;p=6309"},"modified":"2025-02-14T09:20:58","modified_gmt":"2025-02-14T08:20:58","slug":"tube-de-renfort-pour-berceau-owens-fabrication","status":"publish","type":"product","link":"https:\/\/dimspeed.com\/en\/product\/tube-de-renfort-pour-berceau-owens-fabrication\/","title":{"rendered":"Inner wing brace bar kit - Owens Fabrication"},"content":{"rendered":"<p>This brace bar kit is used a lot on road \/ race minis where the inner wing has been removed.<\/p>\n<p>It strenghtens the subframe.<\/p>","protected":false},"excerpt":{"rendered":"<p>Ce tube de renfort est utilis\u00e9 sur les mini de route ou de competition dont le passage de roue a \u00e9t\u00e9 retir\u00e9. Il permet de renforcer \/ maintenir le berceau.<\/p>","protected":false},"featured_media":6311,"template":"","meta":[],"product_brand":[],"product_cat":[27],"product_tag":[96,73,53],"class_list":{"0":"post-6309","1":"product","2":"type-product","3":"status-publish","4":"has-post-thumbnail","6":"product_cat-chassis","7":"product_tag-berceau","8":"product_tag-chassis","9":"product_tag-owens","11":"first","12":"instock","13":"taxable","14":"shipping-taxable","15":"purchasable","16":"product-type-simple"},"yoast_head":"<!-- This site is optimized with the Yoast SEO plugin v27.1.1 - https:\/\/yoast.com\/product\/yoast-seo-wordpress\/ -->\n<title>Tube de renfort pour berceau - Owens Fabrication - Dimspeed, l&#039;atelier de personnalisation automobile<\/title>\n<meta name=\"robots\" content=\"index, follow, max-snippet:-1, max-image-preview:large, max-video-preview:-1\" \/>\n<link rel=\"canonical\" href=\"https:\/\/dimspeed.com\/en\/product\/tube-de-renfort-pour-berceau-owens-fabrication\/\" \/>\n<meta property=\"og:locale\" content=\"en_GB\" \/>\n<meta property=\"og:type\" content=\"article\" \/>\n<meta property=\"og:title\" content=\"Tube de renfort pour berceau - Owens Fabrication - Dimspeed, l&#039;atelier de personnalisation automobile\" \/>\n<meta property=\"og:description\" content=\"Ce tube de renfort est utilis\u00e9 sur les mini de route ou de competition dont le passage de roue a \u00e9t\u00e9 retir\u00e9. Il permet de renforcer \/ maintenir le berceau.\" \/>\n<meta property=\"og:url\" content=\"https:\/\/dimspeed.com\/en\/product\/tube-de-renfort-pour-berceau-owens-fabrication\/\" \/>\n<meta property=\"og:site_name\" content=\"Dimspeed, l&#039;atelier de personnalisation automobile\" \/>\n<meta property=\"article:modified_time\" content=\"2025-02-14T08:20:58+00:00\" \/>\n<meta property=\"og:image\" content=\"https:\/\/dimspeed.com\/wp-content\/uploads\/2024\/06\/466_Inner-Wing-1.jpeg\" \/>\n\t<meta property=\"og:image:width\" content=\"1816\" \/>\n\t<meta property=\"og:image:height\" content=\"1892\" \/>\n\t<meta property=\"og:image:type\" content=\"image\/jpeg\" \/>\n<meta name=\"twitter:card\" content=\"summary_large_image\" \/>\n<meta name=\"twitter:label1\" content=\"Estimated reading time\" \/>\n\t<meta name=\"twitter:data1\" content=\"1 minute\" \/>\n<script type=\"application\/ld+json\" class=\"yoast-schema-graph\">{\"@context\":\"https:\/\/schema.org\",\"@graph\":[{\"@type\":\"WebPage\",\"@id\":\"https:\/\/dimspeed.com\/produit\/tube-de-renfort-pour-berceau-owens-fabrication\/\",\"url\":\"https:\/\/dimspeed.com\/produit\/tube-de-renfort-pour-berceau-owens-fabrication\/\",\"name\":\"Tube de renfort pour berceau - Owens Fabrication - Dimspeed, l&#039;atelier de personnalisation automobile\",\"isPartOf\":{\"@id\":\"https:\/\/dimspeed.com\/#website\"},\"primaryImageOfPage\":{\"@id\":\"https:\/\/dimspeed.com\/produit\/tube-de-renfort-pour-berceau-owens-fabrication\/#primaryimage\"},\"image\":{\"@id\":\"https:\/\/dimspeed.com\/produit\/tube-de-renfort-pour-berceau-owens-fabrication\/#primaryimage\"},\"thumbnailUrl\":\"https:\/\/dimspeed.com\/wp-content\/uploads\/2024\/06\/466_Inner-Wing-1.jpeg\",\"datePublished\":\"2024-06-05T14:11:21+00:00\",\"dateModified\":\"2025-02-14T08:20:58+00:00\",\"breadcrumb\":{\"@id\":\"https:\/\/dimspeed.com\/produit\/tube-de-renfort-pour-berceau-owens-fabrication\/#breadcrumb\"},\"inLanguage\":\"en-GB\",\"potentialAction\":[{\"@type\":\"ReadAction\",\"target\":[\"https:\/\/dimspeed.com\/produit\/tube-de-renfort-pour-berceau-owens-fabrication\/\"]}]},{\"@type\":\"ImageObject\",\"inLanguage\":\"en-GB\",\"@id\":\"https:\/\/dimspeed.com\/produit\/tube-de-renfort-pour-berceau-owens-fabrication\/#primaryimage\",\"url\":\"https:\/\/dimspeed.com\/wp-content\/uploads\/2024\/06\/466_Inner-Wing-1.jpeg\",\"contentUrl\":\"https:\/\/dimspeed.com\/wp-content\/uploads\/2024\/06\/466_Inner-Wing-1.jpeg\",\"width\":1816,\"height\":1892},{\"@type\":\"BreadcrumbList\",\"@id\":\"https:\/\/dimspeed.com\/produit\/tube-de-renfort-pour-berceau-owens-fabrication\/#breadcrumb\",\"itemListElement\":[{\"@type\":\"ListItem\",\"position\":1,\"name\":\"Accueil\",\"item\":\"https:\/\/dimspeed.com\/\"},{\"@type\":\"ListItem\",\"position\":2,\"name\":\"Boutique\",\"item\":\"https:\/\/dimspeed.com\/boutique\/\"},{\"@type\":\"ListItem\",\"position\":3,\"name\":\"Tube de renfort pour berceau &#8211; Owens Fabrication\"}]},{\"@type\":\"WebSite\",\"@id\":\"https:\/\/dimspeed.com\/#website\",\"url\":\"https:\/\/dimspeed.com\/\",\"name\":\"Dimspeed, l&#039;atelier de personnalisation automobile\",\"description\":\"MOTORISTE comp\u00e9tition et collection SPECIALISTE moteur A-SERIE\",\"publisher\":{\"@id\":\"https:\/\/dimspeed.com\/#organization\"},\"potentialAction\":[{\"@type\":\"SearchAction\",\"target\":{\"@type\":\"EntryPoint\",\"urlTemplate\":\"https:\/\/dimspeed.com\/?s={search_term_string}\"},\"query-input\":{\"@type\":\"PropertyValueSpecification\",\"valueRequired\":true,\"valueName\":\"search_term_string\"}}],\"inLanguage\":\"en-GB\"},{\"@type\":\"Organization\",\"@id\":\"https:\/\/dimspeed.com\/#organization\",\"name\":\"Dimspeed, l&#039;atelier de personnalisation automobile\",\"url\":\"https:\/\/dimspeed.com\/\",\"logo\":{\"@type\":\"ImageObject\",\"inLanguage\":\"en-GB\",\"@id\":\"https:\/\/dimspeed.com\/#\/schema\/logo\/image\/\",\"url\":\"https:\/\/dimspeed.com\/wp-content\/uploads\/2020\/11\/logo-site.png\",\"contentUrl\":\"https:\/\/dimspeed.com\/wp-content\/uploads\/2020\/11\/logo-site.png\",\"width\":486,\"height\":178,\"caption\":\"Dimspeed, l&#039;atelier de personnalisation automobile\"},\"image\":{\"@id\":\"https:\/\/dimspeed.com\/#\/schema\/logo\/image\/\"}}]}<\/script>\n<!-- \/ Yoast SEO plugin. -->","yoast_head_json":{"title":"Tube de renfort pour berceau - Owens Fabrication - Dimspeed, l&#039;atelier de personnalisation automobile","robots":{"index":"index","follow":"follow","max-snippet":"max-snippet:-1","max-image-preview":"max-image-preview:large","max-video-preview":"max-video-preview:-1"},"canonical":"https:\/\/dimspeed.com\/en\/product\/tube-de-renfort-pour-berceau-owens-fabrication\/","og_locale":"en_GB","og_type":"article","og_title":"Tube de renfort pour berceau - Owens Fabrication - Dimspeed, l&#039;atelier de personnalisation automobile","og_description":"Ce tube de renfort est utilis\u00e9 sur les mini de route ou de competition dont le passage de roue a \u00e9t\u00e9 retir\u00e9. Il permet de renforcer \/ maintenir le berceau.","og_url":"https:\/\/dimspeed.com\/en\/product\/tube-de-renfort-pour-berceau-owens-fabrication\/","og_site_name":"Dimspeed, l&#039;atelier de personnalisation automobile","article_modified_time":"2025-02-14T08:20:58+00:00","og_image":[{"width":1816,"height":1892,"url":"https:\/\/dimspeed.com\/wp-content\/uploads\/2024\/06\/466_Inner-Wing-1.jpeg","type":"image\/jpeg"}],"twitter_card":"summary_large_image","twitter_misc":{"Estimated reading time":"1 minute"},"schema":{"@context":"https:\/\/schema.org","@graph":[{"@type":"WebPage","@id":"https:\/\/dimspeed.com\/produit\/tube-de-renfort-pour-berceau-owens-fabrication\/","url":"https:\/\/dimspeed.com\/produit\/tube-de-renfort-pour-berceau-owens-fabrication\/","name":"Tube de renfort pour berceau - Owens Fabrication - Dimspeed, l&#039;atelier de personnalisation automobile","isPartOf":{"@id":"https:\/\/dimspeed.com\/#website"},"primaryImageOfPage":{"@id":"https:\/\/dimspeed.com\/produit\/tube-de-renfort-pour-berceau-owens-fabrication\/#primaryimage"},"image":{"@id":"https:\/\/dimspeed.com\/produit\/tube-de-renfort-pour-berceau-owens-fabrication\/#primaryimage"},"thumbnailUrl":"https:\/\/dimspeed.com\/wp-content\/uploads\/2024\/06\/466_Inner-Wing-1.jpeg","datePublished":"2024-06-05T14:11:21+00:00","dateModified":"2025-02-14T08:20:58+00:00","breadcrumb":{"@id":"https:\/\/dimspeed.com\/produit\/tube-de-renfort-pour-berceau-owens-fabrication\/#breadcrumb"},"inLanguage":"en-GB","potentialAction":[{"@type":"ReadAction","target":["https:\/\/dimspeed.com\/produit\/tube-de-renfort-pour-berceau-owens-fabrication\/"]}]},{"@type":"ImageObject","inLanguage":"en-GB","@id":"https:\/\/dimspeed.com\/produit\/tube-de-renfort-pour-berceau-owens-fabrication\/#primaryimage","url":"https:\/\/dimspeed.com\/wp-content\/uploads\/2024\/06\/466_Inner-Wing-1.jpeg","contentUrl":"https:\/\/dimspeed.com\/wp-content\/uploads\/2024\/06\/466_Inner-Wing-1.jpeg","width":1816,"height":1892},{"@type":"BreadcrumbList","@id":"https:\/\/dimspeed.com\/produit\/tube-de-renfort-pour-berceau-owens-fabrication\/#breadcrumb","itemListElement":[{"@type":"ListItem","position":1,"name":"Accueil","item":"https:\/\/dimspeed.com\/"},{"@type":"ListItem","position":2,"name":"Boutique","item":"https:\/\/dimspeed.com\/boutique\/"},{"@type":"ListItem","position":3,"name":"Tube de renfort pour berceau &#8211; Owens Fabrication"}]},{"@type":"WebSite","@id":"https:\/\/dimspeed.com\/#website","url":"https:\/\/dimspeed.com\/","name":"Dimspeed, l&#039;atelier de personnalisation automobile","description":"MOTORISTE comp\u00e9tition et collection SPECIALISTE moteur A-SERIE","publisher":{"@id":"https:\/\/dimspeed.com\/#organization"},"potentialAction":[{"@type":"SearchAction","target":{"@type":"EntryPoint","urlTemplate":"https:\/\/dimspeed.com\/?s={search_term_string}"},"query-input":{"@type":"PropertyValueSpecification","valueRequired":true,"valueName":"search_term_string"}}],"inLanguage":"en-GB"},{"@type":"Organization","@id":"https:\/\/dimspeed.com\/#organization","name":"Dimspeed, l&#039;atelier de personnalisation automobile","url":"https:\/\/dimspeed.com\/","logo":{"@type":"ImageObject","inLanguage":"en-GB","@id":"https:\/\/dimspeed.com\/#\/schema\/logo\/image\/","url":"https:\/\/dimspeed.com\/wp-content\/uploads\/2020\/11\/logo-site.png","contentUrl":"https:\/\/dimspeed.com\/wp-content\/uploads\/2020\/11\/logo-site.png","width":486,"height":178,"caption":"Dimspeed, l&#039;atelier de personnalisation automobile"},"image":{"@id":"https:\/\/dimspeed.com\/#\/schema\/logo\/image\/"}}]}},"_links":{"self":[{"href":"https:\/\/dimspeed.com\/en\/wp-json\/wp\/v2\/product\/6309","targetHints":{"allow":["GET"]}}],"collection":[{"href":"https:\/\/dimspeed.com\/en\/wp-json\/wp\/v2\/product"}],"about":[{"href":"https:\/\/dimspeed.com\/en\/wp-json\/wp\/v2\/types\/product"}],"version-history":[{"count":1,"href":"https:\/\/dimspeed.com\/en\/wp-json\/wp\/v2\/product\/6309\/revisions"}],"predecessor-version":[{"id":6312,"href":"https:\/\/dimspeed.com\/en\/wp-json\/wp\/v2\/product\/6309\/revisions\/6312"}],"wp:featuredmedia":[{"embeddable":true,"href":"https:\/\/dimspeed.com\/en\/wp-json\/wp\/v2\/media\/6311"}],"wp:attachment":[{"href":"https:\/\/dimspeed.com\/en\/wp-json\/wp\/v2\/media?parent=6309"}],"wp:term":[{"taxonomy":"product_brand","embeddable":true,"href":"https:\/\/dimspeed.com\/en\/wp-json\/wp\/v2\/product_brand?post=6309"},{"taxonomy":"product_cat","embeddable":true,"href":"https:\/\/dimspeed.com\/en\/wp-json\/wp\/v2\/product_cat?post=6309"},{"taxonomy":"product_tag","embeddable":true,"href":"https:\/\/dimspeed.com\/en\/wp-json\/wp\/v2\/product_tag?post=6309"}],"curies":[{"name":"wp","href":"https:\/\/api.w.org\/{rel}","templated":true}]}}