{"id":5712,"date":"2024-01-16T17:01:15","date_gmt":"2024-01-16T16:01:15","guid":{"rendered":"https:\/\/dimspeed.com\/?post_type=product&#038;p=5712"},"modified":"2025-09-25T14:49:02","modified_gmt":"2025-09-25T12:49:02","slug":"maitre-cylindre-dimspeed","status":"publish","type":"product","link":"https:\/\/dimspeed.com\/en\/product\/maitre-cylindre-dimspeed\/","title":{"rendered":"Dimspeed Twin Master Cylinder"},"content":{"rendered":"<p><span class=\"Y2IQFc\" lang=\"fr\">This kit has been designed to replace the standard master cylinders. This kit uses the standard mounting points and incorporates AP Racing Master Cylinders for powerful reliable braking and clutch performance.\u00a0<\/span><\/p>\n<p><span class=\"Y2IQFc\" lang=\"fr\">This kit includes:<\/span><\/p>\n<ul>\n<li>1 x Dimspeed Master Cylinder Set<\/li>\n<li tabindex=\"0\"><span class=\"Y2IQFc\" lang=\"fr\">2 x AP Racing Reservoirs<\/span><\/li>\n<li tabindex=\"0\"><span class=\"Y2IQFc\" lang=\"fr\">1 x 3\/4\" AP Racing Master Cylinder For Clutch<\/span><\/li>\n<li tabindex=\"0\">1 x AP Racing Master Cylinder For Brake (Make your choice below)<\/li>\n<li tabindex=\"0\"><span class=\"Y2IQFc\" lang=\"fr\">1 x Bespoke KAD Mounting Bracket and Post For Reservoirs<\/span><\/li>\n<li tabindex=\"0\"><span class=\"Y2IQFc\" lang=\"fr\">2 x KAD Base Plate Spacers<\/span><\/li>\n<\/ul>\n<p>&nbsp;<\/p>\n<p><span class=\"Y2IQFc\" lang=\"fr\">-&gt; 3\/4\" Brake Master cylinder widely used with original Cooper 'S' brake calipers. <\/span><\/p>\n<p><span class=\"Y2IQFc\" lang=\"fr\">-&gt; 7\/8\" Brake Master cylinder used with 4 and 6 pot calipers.\u00a0<\/span><\/p>\n<p><span class=\"Y2IQFc\" lang=\"fr\">For information, 3\/4 will produce a longer\/softer pedal with 7\/8 giving shorter\/harder pedal feel. <\/span><\/p>\n<div>\n<div><\/div>\n<\/div>\n<div class=\"KFFQ0c xKf9F\"><\/div>\n<p>&nbsp;<\/p>","protected":false},"excerpt":{"rendered":"<p>Ce kit a \u00e9t\u00e9 con\u00e7u pour remplacer les ma\u00eetres-cylindres standard pour conduite \u00e0 droite. Ce kit utilise les points de montage standard et int\u00e8gre des ma\u00eetres-cylindres AP Racing pour des performances de freinage et d&#8217;embrayage puissantes et fiables.\u00a0 Le kit comprend : 1 x Kit Maitre Cylindre Dimspeed 2 x r\u00e9servoirs AP Racing 1 x [&hellip;]<\/p>","protected":false},"featured_media":6122,"template":"","meta":[],"product_brand":[],"product_cat":[15,41,27],"product_tag":[73,66,82],"class_list":{"0":"post-5712","1":"product","2":"type-product","3":"status-publish","4":"has-post-thumbnail","6":"product_cat-moteur","7":"product_cat-kit","8":"product_cat-chassis","9":"product_tag-chassis","10":"product_tag-dimspeed","11":"product_tag-kit","13":"first","14":"onbackorder","15":"taxable","16":"shipping-taxable","17":"purchasable","18":"product-type-variable"},"yoast_head":"<!-- This site is optimized with the Yoast SEO plugin v27.1.1 - https:\/\/yoast.com\/product\/yoast-seo-wordpress\/ -->\n<title>Maitre Cylindre - Dimspeed - Dimspeed, l&#039;atelier de personnalisation automobile<\/title>\n<meta name=\"robots\" content=\"index, follow, max-snippet:-1, max-image-preview:large, max-video-preview:-1\" \/>\n<link rel=\"canonical\" href=\"https:\/\/dimspeed.com\/en\/product\/maitre-cylindre-dimspeed\/\" \/>\n<meta property=\"og:locale\" content=\"en_GB\" \/>\n<meta property=\"og:type\" content=\"article\" \/>\n<meta property=\"og:title\" content=\"Maitre Cylindre - Dimspeed - Dimspeed, l&#039;atelier de personnalisation automobile\" \/>\n<meta property=\"og:description\" content=\"Ce kit a \u00e9t\u00e9 con\u00e7u pour remplacer les ma\u00eetres-cylindres standard pour conduite \u00e0 droite. Ce kit utilise les points de montage standard et int\u00e8gre des ma\u00eetres-cylindres AP Racing pour des performances de freinage et d&#8217;embrayage puissantes et fiables.\u00a0 Le kit comprend : 1 x Kit Maitre Cylindre Dimspeed 2 x r\u00e9servoirs AP Racing 1 x [&hellip;]\" \/>\n<meta property=\"og:url\" content=\"https:\/\/dimspeed.com\/en\/product\/maitre-cylindre-dimspeed\/\" \/>\n<meta property=\"og:site_name\" content=\"Dimspeed, l&#039;atelier de personnalisation automobile\" \/>\n<meta property=\"article:modified_time\" content=\"2025-09-25T12:49:02+00:00\" \/>\n<meta property=\"og:image\" content=\"https:\/\/dimspeed.com\/wp-content\/uploads\/2024\/01\/277416544_344205887729555_2304567593850363357_n.jpg\" \/>\n\t<meta property=\"og:image:width\" content=\"2016\" \/>\n\t<meta property=\"og:image:height\" content=\"1512\" \/>\n\t<meta property=\"og:image:type\" content=\"image\/jpeg\" \/>\n<meta name=\"twitter:card\" content=\"summary_large_image\" \/>\n<meta name=\"twitter:label1\" content=\"Estimated reading time\" \/>\n\t<meta name=\"twitter:data1\" content=\"1 minute\" \/>\n<script type=\"application\/ld+json\" class=\"yoast-schema-graph\">{\"@context\":\"https:\/\/schema.org\",\"@graph\":[{\"@type\":\"WebPage\",\"@id\":\"https:\/\/dimspeed.com\/produit\/maitre-cylindre-dimspeed\/\",\"url\":\"https:\/\/dimspeed.com\/produit\/maitre-cylindre-dimspeed\/\",\"name\":\"Maitre Cylindre - Dimspeed - Dimspeed, l&#039;atelier de personnalisation automobile\",\"isPartOf\":{\"@id\":\"https:\/\/dimspeed.com\/#website\"},\"primaryImageOfPage\":{\"@id\":\"https:\/\/dimspeed.com\/produit\/maitre-cylindre-dimspeed\/#primaryimage\"},\"image\":{\"@id\":\"https:\/\/dimspeed.com\/produit\/maitre-cylindre-dimspeed\/#primaryimage\"},\"thumbnailUrl\":\"https:\/\/dimspeed.com\/wp-content\/uploads\/2024\/01\/277416544_344205887729555_2304567593850363357_n.jpg\",\"datePublished\":\"2024-01-16T16:01:15+00:00\",\"dateModified\":\"2025-09-25T12:49:02+00:00\",\"breadcrumb\":{\"@id\":\"https:\/\/dimspeed.com\/produit\/maitre-cylindre-dimspeed\/#breadcrumb\"},\"inLanguage\":\"en-GB\",\"potentialAction\":[{\"@type\":\"ReadAction\",\"target\":[\"https:\/\/dimspeed.com\/produit\/maitre-cylindre-dimspeed\/\"]}]},{\"@type\":\"ImageObject\",\"inLanguage\":\"en-GB\",\"@id\":\"https:\/\/dimspeed.com\/produit\/maitre-cylindre-dimspeed\/#primaryimage\",\"url\":\"https:\/\/dimspeed.com\/wp-content\/uploads\/2024\/01\/277416544_344205887729555_2304567593850363357_n.jpg\",\"contentUrl\":\"https:\/\/dimspeed.com\/wp-content\/uploads\/2024\/01\/277416544_344205887729555_2304567593850363357_n.jpg\",\"width\":2016,\"height\":1512},{\"@type\":\"BreadcrumbList\",\"@id\":\"https:\/\/dimspeed.com\/produit\/maitre-cylindre-dimspeed\/#breadcrumb\",\"itemListElement\":[{\"@type\":\"ListItem\",\"position\":1,\"name\":\"Accueil\",\"item\":\"https:\/\/dimspeed.com\/\"},{\"@type\":\"ListItem\",\"position\":2,\"name\":\"Boutique\",\"item\":\"https:\/\/dimspeed.com\/boutique\/\"},{\"@type\":\"ListItem\",\"position\":3,\"name\":\"Maitre Cylindre &#8211; Dimspeed\"}]},{\"@type\":\"WebSite\",\"@id\":\"https:\/\/dimspeed.com\/#website\",\"url\":\"https:\/\/dimspeed.com\/\",\"name\":\"Dimspeed, l&#039;atelier de personnalisation automobile\",\"description\":\"MOTORISTE comp\u00e9tition et collection SPECIALISTE moteur A-SERIE\",\"publisher\":{\"@id\":\"https:\/\/dimspeed.com\/#organization\"},\"potentialAction\":[{\"@type\":\"SearchAction\",\"target\":{\"@type\":\"EntryPoint\",\"urlTemplate\":\"https:\/\/dimspeed.com\/?s={search_term_string}\"},\"query-input\":{\"@type\":\"PropertyValueSpecification\",\"valueRequired\":true,\"valueName\":\"search_term_string\"}}],\"inLanguage\":\"en-GB\"},{\"@type\":\"Organization\",\"@id\":\"https:\/\/dimspeed.com\/#organization\",\"name\":\"Dimspeed, l&#039;atelier de personnalisation automobile\",\"url\":\"https:\/\/dimspeed.com\/\",\"logo\":{\"@type\":\"ImageObject\",\"inLanguage\":\"en-GB\",\"@id\":\"https:\/\/dimspeed.com\/#\/schema\/logo\/image\/\",\"url\":\"https:\/\/dimspeed.com\/wp-content\/uploads\/2020\/11\/logo-site.png\",\"contentUrl\":\"https:\/\/dimspeed.com\/wp-content\/uploads\/2020\/11\/logo-site.png\",\"width\":486,\"height\":178,\"caption\":\"Dimspeed, l&#039;atelier de personnalisation automobile\"},\"image\":{\"@id\":\"https:\/\/dimspeed.com\/#\/schema\/logo\/image\/\"}}]}<\/script>\n<!-- \/ Yoast SEO plugin. -->","yoast_head_json":{"title":"Maitre Cylindre - Dimspeed - Dimspeed, l&#039;atelier de personnalisation automobile","robots":{"index":"index","follow":"follow","max-snippet":"max-snippet:-1","max-image-preview":"max-image-preview:large","max-video-preview":"max-video-preview:-1"},"canonical":"https:\/\/dimspeed.com\/en\/product\/maitre-cylindre-dimspeed\/","og_locale":"en_GB","og_type":"article","og_title":"Maitre Cylindre - Dimspeed - Dimspeed, l&#039;atelier de personnalisation automobile","og_description":"Ce kit a \u00e9t\u00e9 con\u00e7u pour remplacer les ma\u00eetres-cylindres standard pour conduite \u00e0 droite. Ce kit utilise les points de montage standard et int\u00e8gre des ma\u00eetres-cylindres AP Racing pour des performances de freinage et d&#8217;embrayage puissantes et fiables.\u00a0 Le kit comprend : 1 x Kit Maitre Cylindre Dimspeed 2 x r\u00e9servoirs AP Racing 1 x [&hellip;]","og_url":"https:\/\/dimspeed.com\/en\/product\/maitre-cylindre-dimspeed\/","og_site_name":"Dimspeed, l&#039;atelier de personnalisation automobile","article_modified_time":"2025-09-25T12:49:02+00:00","og_image":[{"width":2016,"height":1512,"url":"https:\/\/dimspeed.com\/wp-content\/uploads\/2024\/01\/277416544_344205887729555_2304567593850363357_n.jpg","type":"image\/jpeg"}],"twitter_card":"summary_large_image","twitter_misc":{"Estimated reading time":"1 minute"},"schema":{"@context":"https:\/\/schema.org","@graph":[{"@type":"WebPage","@id":"https:\/\/dimspeed.com\/produit\/maitre-cylindre-dimspeed\/","url":"https:\/\/dimspeed.com\/produit\/maitre-cylindre-dimspeed\/","name":"Maitre Cylindre - Dimspeed - Dimspeed, l&#039;atelier de personnalisation automobile","isPartOf":{"@id":"https:\/\/dimspeed.com\/#website"},"primaryImageOfPage":{"@id":"https:\/\/dimspeed.com\/produit\/maitre-cylindre-dimspeed\/#primaryimage"},"image":{"@id":"https:\/\/dimspeed.com\/produit\/maitre-cylindre-dimspeed\/#primaryimage"},"thumbnailUrl":"https:\/\/dimspeed.com\/wp-content\/uploads\/2024\/01\/277416544_344205887729555_2304567593850363357_n.jpg","datePublished":"2024-01-16T16:01:15+00:00","dateModified":"2025-09-25T12:49:02+00:00","breadcrumb":{"@id":"https:\/\/dimspeed.com\/produit\/maitre-cylindre-dimspeed\/#breadcrumb"},"inLanguage":"en-GB","potentialAction":[{"@type":"ReadAction","target":["https:\/\/dimspeed.com\/produit\/maitre-cylindre-dimspeed\/"]}]},{"@type":"ImageObject","inLanguage":"en-GB","@id":"https:\/\/dimspeed.com\/produit\/maitre-cylindre-dimspeed\/#primaryimage","url":"https:\/\/dimspeed.com\/wp-content\/uploads\/2024\/01\/277416544_344205887729555_2304567593850363357_n.jpg","contentUrl":"https:\/\/dimspeed.com\/wp-content\/uploads\/2024\/01\/277416544_344205887729555_2304567593850363357_n.jpg","width":2016,"height":1512},{"@type":"BreadcrumbList","@id":"https:\/\/dimspeed.com\/produit\/maitre-cylindre-dimspeed\/#breadcrumb","itemListElement":[{"@type":"ListItem","position":1,"name":"Accueil","item":"https:\/\/dimspeed.com\/"},{"@type":"ListItem","position":2,"name":"Boutique","item":"https:\/\/dimspeed.com\/boutique\/"},{"@type":"ListItem","position":3,"name":"Maitre Cylindre &#8211; Dimspeed"}]},{"@type":"WebSite","@id":"https:\/\/dimspeed.com\/#website","url":"https:\/\/dimspeed.com\/","name":"Dimspeed, l&#039;atelier de personnalisation automobile","description":"MOTORISTE comp\u00e9tition et collection SPECIALISTE moteur A-SERIE","publisher":{"@id":"https:\/\/dimspeed.com\/#organization"},"potentialAction":[{"@type":"SearchAction","target":{"@type":"EntryPoint","urlTemplate":"https:\/\/dimspeed.com\/?s={search_term_string}"},"query-input":{"@type":"PropertyValueSpecification","valueRequired":true,"valueName":"search_term_string"}}],"inLanguage":"en-GB"},{"@type":"Organization","@id":"https:\/\/dimspeed.com\/#organization","name":"Dimspeed, l&#039;atelier de personnalisation automobile","url":"https:\/\/dimspeed.com\/","logo":{"@type":"ImageObject","inLanguage":"en-GB","@id":"https:\/\/dimspeed.com\/#\/schema\/logo\/image\/","url":"https:\/\/dimspeed.com\/wp-content\/uploads\/2020\/11\/logo-site.png","contentUrl":"https:\/\/dimspeed.com\/wp-content\/uploads\/2020\/11\/logo-site.png","width":486,"height":178,"caption":"Dimspeed, l&#039;atelier de personnalisation automobile"},"image":{"@id":"https:\/\/dimspeed.com\/#\/schema\/logo\/image\/"}}]}},"_links":{"self":[{"href":"https:\/\/dimspeed.com\/en\/wp-json\/wp\/v2\/product\/5712","targetHints":{"allow":["GET"]}}],"collection":[{"href":"https:\/\/dimspeed.com\/en\/wp-json\/wp\/v2\/product"}],"about":[{"href":"https:\/\/dimspeed.com\/en\/wp-json\/wp\/v2\/types\/product"}],"version-history":[{"count":13,"href":"https:\/\/dimspeed.com\/en\/wp-json\/wp\/v2\/product\/5712\/revisions"}],"predecessor-version":[{"id":6130,"href":"https:\/\/dimspeed.com\/en\/wp-json\/wp\/v2\/product\/5712\/revisions\/6130"}],"wp:featuredmedia":[{"embeddable":true,"href":"https:\/\/dimspeed.com\/en\/wp-json\/wp\/v2\/media\/6122"}],"wp:attachment":[{"href":"https:\/\/dimspeed.com\/en\/wp-json\/wp\/v2\/media?parent=5712"}],"wp:term":[{"taxonomy":"product_brand","embeddable":true,"href":"https:\/\/dimspeed.com\/en\/wp-json\/wp\/v2\/product_brand?post=5712"},{"taxonomy":"product_cat","embeddable":true,"href":"https:\/\/dimspeed.com\/en\/wp-json\/wp\/v2\/product_cat?post=5712"},{"taxonomy":"product_tag","embeddable":true,"href":"https:\/\/dimspeed.com\/en\/wp-json\/wp\/v2\/product_tag?post=5712"}],"curies":[{"name":"wp","href":"https:\/\/api.w.org\/{rel}","templated":true}]}}