{"id":5355,"date":"2023-09-28T16:21:28","date_gmt":"2023-09-28T14:21:28","guid":{"rendered":"https:\/\/dimspeed.com\/?post_type=product&#038;p=5355"},"modified":"2025-10-14T14:01:56","modified_gmt":"2025-10-14T12:01:56","slug":"loctite-si-5910-joint-detencheite-noir-haute-performance","status":"publish","type":"product","link":"https:\/\/dimspeed.com\/en\/product\/loctite-si-5910-joint-detencheite-noir-haute-performance\/","title":{"rendered":"Loctite SI 5910 Quick Gasket"},"content":{"rendered":"<p>LOCTITE SI 5910 is a low strength gasketing product that has good resistance to oil and joint movement. We use it for all our engine built. 100 ML cartridge.<\/p>","protected":false},"excerpt":{"rendered":"<p>LOCTITE SI 5910 is a low strength gasketing product that has good resistance to oil and joint movement. We use it for all our engine built. 100 ML cartridge.<\/p>","protected":false},"featured_media":5356,"template":"","meta":[],"product_brand":[],"product_cat":[28],"product_tag":[77,69],"class_list":{"0":"post-5355","1":"product","2":"type-product","3":"status-publish","4":"has-post-thumbnail","6":"product_cat-outillage","7":"product_tag-joint","8":"product_tag-outillage","10":"first","11":"instock","12":"taxable","13":"shipping-taxable","14":"purchasable","15":"product-type-simple"},"yoast_head":"<!-- This site is optimized with the Yoast SEO plugin v27.1.1 - https:\/\/yoast.com\/product\/yoast-seo-wordpress\/ -->\n<title>Loctite SI 5910 - Joint d&#039;Etench\u00e9it\u00e9 Noir Haute Performance - Dimspeed, l&#039;atelier de personnalisation automobile<\/title>\n<meta name=\"robots\" content=\"index, follow, max-snippet:-1, max-image-preview:large, max-video-preview:-1\" \/>\n<link rel=\"canonical\" href=\"https:\/\/dimspeed.com\/en\/product\/loctite-si-5910-joint-detencheite-noir-haute-performance\/\" \/>\n<meta property=\"og:locale\" content=\"en_GB\" \/>\n<meta property=\"og:type\" content=\"article\" \/>\n<meta property=\"og:title\" content=\"Loctite SI 5910 - Joint d&#039;Etench\u00e9it\u00e9 Noir Haute Performance - Dimspeed, l&#039;atelier de personnalisation automobile\" \/>\n<meta property=\"og:description\" content=\"La loctite SI 5910 est une patte \u00e0 joint de haute performance qui pr\u00e9sente une bonne r\u00e9sistance \u00e0 l&#8217;huile et au mouvement des joints. Nous l&#8217;utilisons pour le montage de tous nos moteurs. Cartouche.de 100ml.\" \/>\n<meta property=\"og:url\" content=\"https:\/\/dimspeed.com\/en\/product\/loctite-si-5910-joint-detencheite-noir-haute-performance\/\" \/>\n<meta property=\"og:site_name\" content=\"Dimspeed, l&#039;atelier de personnalisation automobile\" \/>\n<meta property=\"article:modified_time\" content=\"2025-10-14T12:01:56+00:00\" \/>\n<meta property=\"og:image\" content=\"https:\/\/dimspeed.com\/wp-content\/uploads\/2023\/09\/460_Patte-a-joints_Haute-Performance_Loctite.jpg\" \/>\n\t<meta property=\"og:image:width\" content=\"1202\" \/>\n\t<meta property=\"og:image:height\" content=\"1819\" \/>\n\t<meta property=\"og:image:type\" content=\"image\/jpeg\" \/>\n<meta name=\"twitter:card\" content=\"summary_large_image\" \/>\n<meta name=\"twitter:label1\" content=\"Estimated reading time\" \/>\n\t<meta name=\"twitter:data1\" content=\"1 minute\" \/>\n<script type=\"application\/ld+json\" class=\"yoast-schema-graph\">{\"@context\":\"https:\/\/schema.org\",\"@graph\":[{\"@type\":\"WebPage\",\"@id\":\"https:\/\/dimspeed.com\/produit\/loctite-si-5910-joint-detencheite-noir-haute-performance\/\",\"url\":\"https:\/\/dimspeed.com\/produit\/loctite-si-5910-joint-detencheite-noir-haute-performance\/\",\"name\":\"Loctite SI 5910 - Joint d'Etench\u00e9it\u00e9 Noir Haute Performance - Dimspeed, l&#039;atelier de personnalisation automobile\",\"isPartOf\":{\"@id\":\"https:\/\/dimspeed.com\/#website\"},\"primaryImageOfPage\":{\"@id\":\"https:\/\/dimspeed.com\/produit\/loctite-si-5910-joint-detencheite-noir-haute-performance\/#primaryimage\"},\"image\":{\"@id\":\"https:\/\/dimspeed.com\/produit\/loctite-si-5910-joint-detencheite-noir-haute-performance\/#primaryimage\"},\"thumbnailUrl\":\"https:\/\/dimspeed.com\/wp-content\/uploads\/2023\/09\/460_Patte-a-joints_Haute-Performance_Loctite.jpg\",\"datePublished\":\"2023-09-28T14:21:28+00:00\",\"dateModified\":\"2025-10-14T12:01:56+00:00\",\"breadcrumb\":{\"@id\":\"https:\/\/dimspeed.com\/produit\/loctite-si-5910-joint-detencheite-noir-haute-performance\/#breadcrumb\"},\"inLanguage\":\"en-GB\",\"potentialAction\":[{\"@type\":\"ReadAction\",\"target\":[\"https:\/\/dimspeed.com\/produit\/loctite-si-5910-joint-detencheite-noir-haute-performance\/\"]}]},{\"@type\":\"ImageObject\",\"inLanguage\":\"en-GB\",\"@id\":\"https:\/\/dimspeed.com\/produit\/loctite-si-5910-joint-detencheite-noir-haute-performance\/#primaryimage\",\"url\":\"https:\/\/dimspeed.com\/wp-content\/uploads\/2023\/09\/460_Patte-a-joints_Haute-Performance_Loctite.jpg\",\"contentUrl\":\"https:\/\/dimspeed.com\/wp-content\/uploads\/2023\/09\/460_Patte-a-joints_Haute-Performance_Loctite.jpg\",\"width\":1202,\"height\":1819},{\"@type\":\"BreadcrumbList\",\"@id\":\"https:\/\/dimspeed.com\/produit\/loctite-si-5910-joint-detencheite-noir-haute-performance\/#breadcrumb\",\"itemListElement\":[{\"@type\":\"ListItem\",\"position\":1,\"name\":\"Accueil\",\"item\":\"https:\/\/dimspeed.com\/\"},{\"@type\":\"ListItem\",\"position\":2,\"name\":\"Boutique\",\"item\":\"https:\/\/dimspeed.com\/boutique\/\"},{\"@type\":\"ListItem\",\"position\":3,\"name\":\"Loctite SI 5910 &#8211; Joint d&#8217;Etench\u00e9it\u00e9 Noir Haute Performance\"}]},{\"@type\":\"WebSite\",\"@id\":\"https:\/\/dimspeed.com\/#website\",\"url\":\"https:\/\/dimspeed.com\/\",\"name\":\"Dimspeed, l&#039;atelier de personnalisation automobile\",\"description\":\"MOTORISTE comp\u00e9tition et collection SPECIALISTE moteur A-SERIE\",\"publisher\":{\"@id\":\"https:\/\/dimspeed.com\/#organization\"},\"potentialAction\":[{\"@type\":\"SearchAction\",\"target\":{\"@type\":\"EntryPoint\",\"urlTemplate\":\"https:\/\/dimspeed.com\/?s={search_term_string}\"},\"query-input\":{\"@type\":\"PropertyValueSpecification\",\"valueRequired\":true,\"valueName\":\"search_term_string\"}}],\"inLanguage\":\"en-GB\"},{\"@type\":\"Organization\",\"@id\":\"https:\/\/dimspeed.com\/#organization\",\"name\":\"Dimspeed, l&#039;atelier de personnalisation automobile\",\"url\":\"https:\/\/dimspeed.com\/\",\"logo\":{\"@type\":\"ImageObject\",\"inLanguage\":\"en-GB\",\"@id\":\"https:\/\/dimspeed.com\/#\/schema\/logo\/image\/\",\"url\":\"https:\/\/dimspeed.com\/wp-content\/uploads\/2020\/11\/logo-site.png\",\"contentUrl\":\"https:\/\/dimspeed.com\/wp-content\/uploads\/2020\/11\/logo-site.png\",\"width\":486,\"height\":178,\"caption\":\"Dimspeed, l&#039;atelier de personnalisation automobile\"},\"image\":{\"@id\":\"https:\/\/dimspeed.com\/#\/schema\/logo\/image\/\"}}]}<\/script>\n<!-- \/ Yoast SEO plugin. -->","yoast_head_json":{"title":"Loctite SI 5910 - Joint d'Etench\u00e9it\u00e9 Noir Haute Performance - Dimspeed, l&#039;atelier de personnalisation automobile","robots":{"index":"index","follow":"follow","max-snippet":"max-snippet:-1","max-image-preview":"max-image-preview:large","max-video-preview":"max-video-preview:-1"},"canonical":"https:\/\/dimspeed.com\/en\/product\/loctite-si-5910-joint-detencheite-noir-haute-performance\/","og_locale":"en_GB","og_type":"article","og_title":"Loctite SI 5910 - Joint d'Etench\u00e9it\u00e9 Noir Haute Performance - Dimspeed, l&#039;atelier de personnalisation automobile","og_description":"La loctite SI 5910 est une patte \u00e0 joint de haute performance qui pr\u00e9sente une bonne r\u00e9sistance \u00e0 l&#8217;huile et au mouvement des joints. Nous l&#8217;utilisons pour le montage de tous nos moteurs. Cartouche.de 100ml.","og_url":"https:\/\/dimspeed.com\/en\/product\/loctite-si-5910-joint-detencheite-noir-haute-performance\/","og_site_name":"Dimspeed, l&#039;atelier de personnalisation automobile","article_modified_time":"2025-10-14T12:01:56+00:00","og_image":[{"width":1202,"height":1819,"url":"https:\/\/dimspeed.com\/wp-content\/uploads\/2023\/09\/460_Patte-a-joints_Haute-Performance_Loctite.jpg","type":"image\/jpeg"}],"twitter_card":"summary_large_image","twitter_misc":{"Estimated reading time":"1 minute"},"schema":{"@context":"https:\/\/schema.org","@graph":[{"@type":"WebPage","@id":"https:\/\/dimspeed.com\/produit\/loctite-si-5910-joint-detencheite-noir-haute-performance\/","url":"https:\/\/dimspeed.com\/produit\/loctite-si-5910-joint-detencheite-noir-haute-performance\/","name":"Loctite SI 5910 - Joint d'Etench\u00e9it\u00e9 Noir Haute Performance - Dimspeed, l&#039;atelier de personnalisation automobile","isPartOf":{"@id":"https:\/\/dimspeed.com\/#website"},"primaryImageOfPage":{"@id":"https:\/\/dimspeed.com\/produit\/loctite-si-5910-joint-detencheite-noir-haute-performance\/#primaryimage"},"image":{"@id":"https:\/\/dimspeed.com\/produit\/loctite-si-5910-joint-detencheite-noir-haute-performance\/#primaryimage"},"thumbnailUrl":"https:\/\/dimspeed.com\/wp-content\/uploads\/2023\/09\/460_Patte-a-joints_Haute-Performance_Loctite.jpg","datePublished":"2023-09-28T14:21:28+00:00","dateModified":"2025-10-14T12:01:56+00:00","breadcrumb":{"@id":"https:\/\/dimspeed.com\/produit\/loctite-si-5910-joint-detencheite-noir-haute-performance\/#breadcrumb"},"inLanguage":"en-GB","potentialAction":[{"@type":"ReadAction","target":["https:\/\/dimspeed.com\/produit\/loctite-si-5910-joint-detencheite-noir-haute-performance\/"]}]},{"@type":"ImageObject","inLanguage":"en-GB","@id":"https:\/\/dimspeed.com\/produit\/loctite-si-5910-joint-detencheite-noir-haute-performance\/#primaryimage","url":"https:\/\/dimspeed.com\/wp-content\/uploads\/2023\/09\/460_Patte-a-joints_Haute-Performance_Loctite.jpg","contentUrl":"https:\/\/dimspeed.com\/wp-content\/uploads\/2023\/09\/460_Patte-a-joints_Haute-Performance_Loctite.jpg","width":1202,"height":1819},{"@type":"BreadcrumbList","@id":"https:\/\/dimspeed.com\/produit\/loctite-si-5910-joint-detencheite-noir-haute-performance\/#breadcrumb","itemListElement":[{"@type":"ListItem","position":1,"name":"Accueil","item":"https:\/\/dimspeed.com\/"},{"@type":"ListItem","position":2,"name":"Boutique","item":"https:\/\/dimspeed.com\/boutique\/"},{"@type":"ListItem","position":3,"name":"Loctite SI 5910 &#8211; Joint d&#8217;Etench\u00e9it\u00e9 Noir Haute Performance"}]},{"@type":"WebSite","@id":"https:\/\/dimspeed.com\/#website","url":"https:\/\/dimspeed.com\/","name":"Dimspeed, l&#039;atelier de personnalisation automobile","description":"MOTORISTE comp\u00e9tition et collection SPECIALISTE moteur A-SERIE","publisher":{"@id":"https:\/\/dimspeed.com\/#organization"},"potentialAction":[{"@type":"SearchAction","target":{"@type":"EntryPoint","urlTemplate":"https:\/\/dimspeed.com\/?s={search_term_string}"},"query-input":{"@type":"PropertyValueSpecification","valueRequired":true,"valueName":"search_term_string"}}],"inLanguage":"en-GB"},{"@type":"Organization","@id":"https:\/\/dimspeed.com\/#organization","name":"Dimspeed, l&#039;atelier de personnalisation automobile","url":"https:\/\/dimspeed.com\/","logo":{"@type":"ImageObject","inLanguage":"en-GB","@id":"https:\/\/dimspeed.com\/#\/schema\/logo\/image\/","url":"https:\/\/dimspeed.com\/wp-content\/uploads\/2020\/11\/logo-site.png","contentUrl":"https:\/\/dimspeed.com\/wp-content\/uploads\/2020\/11\/logo-site.png","width":486,"height":178,"caption":"Dimspeed, l&#039;atelier de personnalisation automobile"},"image":{"@id":"https:\/\/dimspeed.com\/#\/schema\/logo\/image\/"}}]}},"_links":{"self":[{"href":"https:\/\/dimspeed.com\/en\/wp-json\/wp\/v2\/product\/5355","targetHints":{"allow":["GET"]}}],"collection":[{"href":"https:\/\/dimspeed.com\/en\/wp-json\/wp\/v2\/product"}],"about":[{"href":"https:\/\/dimspeed.com\/en\/wp-json\/wp\/v2\/types\/product"}],"version-history":[{"count":1,"href":"https:\/\/dimspeed.com\/en\/wp-json\/wp\/v2\/product\/5355\/revisions"}],"predecessor-version":[{"id":5360,"href":"https:\/\/dimspeed.com\/en\/wp-json\/wp\/v2\/product\/5355\/revisions\/5360"}],"wp:featuredmedia":[{"embeddable":true,"href":"https:\/\/dimspeed.com\/en\/wp-json\/wp\/v2\/media\/5356"}],"wp:attachment":[{"href":"https:\/\/dimspeed.com\/en\/wp-json\/wp\/v2\/media?parent=5355"}],"wp:term":[{"taxonomy":"product_brand","embeddable":true,"href":"https:\/\/dimspeed.com\/en\/wp-json\/wp\/v2\/product_brand?post=5355"},{"taxonomy":"product_cat","embeddable":true,"href":"https:\/\/dimspeed.com\/en\/wp-json\/wp\/v2\/product_cat?post=5355"},{"taxonomy":"product_tag","embeddable":true,"href":"https:\/\/dimspeed.com\/en\/wp-json\/wp\/v2\/product_tag?post=5355"}],"curies":[{"name":"wp","href":"https:\/\/api.w.org\/{rel}","templated":true}]}}