{"id":4737,"date":"2023-03-14T13:26:06","date_gmt":"2023-03-14T12:26:06","guid":{"rendered":"https:\/\/dimspeed.com\/?post_type=product&#038;p=4737"},"modified":"2026-02-02T10:43:41","modified_gmt":"2026-02-02T09:43:41","slug":"kit-de-refection-de-boite-de-vitesse","status":"publish","type":"product","link":"https:\/\/dimspeed.com\/en\/product\/kit-de-refection-de-boite-de-vitesse\/","title":{"rendered":"Gearbox Rebuilding Kit"},"content":{"rendered":"<p>Nous vous proposons ce kit pour la r\u00e9fection de votre boite de vitesse. Il comprend tout ce dont vous avez besoin. Disponible pour les boites de vitesse \u00e0 synchro Rod ou Remote.<\/p>\n<p>Attention , ce kit ne comprend pas les roulements internes de pignon de 2\u00e8me, 3\u00e8me et 4\u00e8me car ils sont rarement endommag\u00e9s. Il est tout de m\u00eame tr\u00e8s important de les v\u00e9rifier lors de la r\u00e9fection de votre boite de vitesse.<\/p>\n<p>&nbsp;<\/p>","protected":false},"excerpt":{"rendered":"<p>Nous vous proposons ce kit pour la r\u00e9fection de votre boite de vitesse. Il comprend tout ce dont vous avez besoin. Disponible pour les boites de vitesse \u00e0 synchro Rod ou Remote. Attention , ce kit ne comprend pas les roulements internes de pignon de 2\u00e8me, 3\u00e8me et 4\u00e8me car ils sont rarement endommag\u00e9s. Il [&hellip;]<\/p>","protected":false},"featured_media":5150,"template":"","meta":[],"product_brand":[],"product_cat":[41,44,23],"product_tag":[125,66,82],"class_list":{"0":"post-4737","1":"product","2":"type-product","3":"status-publish","4":"has-post-thumbnail","6":"product_cat-kit","7":"product_cat-transmission","8":"product_cat-boite-de-vitesse","9":"product_tag-boite-de-vitesse","10":"product_tag-dimspeed","11":"product_tag-kit","13":"first","14":"instock","15":"taxable","16":"shipping-taxable","17":"purchasable","18":"product-type-variable"},"yoast_head":"<!-- This site is optimized with the Yoast SEO plugin v27.1.1 - https:\/\/yoast.com\/product\/yoast-seo-wordpress\/ -->\n<title>Kit de R\u00e9fection de Boite de Vitesse - Dimspeed, l&#039;atelier de personnalisation automobile<\/title>\n<meta name=\"robots\" content=\"index, follow, max-snippet:-1, max-image-preview:large, max-video-preview:-1\" \/>\n<link rel=\"canonical\" href=\"https:\/\/dimspeed.com\/en\/product\/kit-de-refection-de-boite-de-vitesse\/\" \/>\n<meta property=\"og:locale\" content=\"en_GB\" \/>\n<meta property=\"og:type\" content=\"article\" \/>\n<meta property=\"og:title\" content=\"Kit de R\u00e9fection de Boite de Vitesse - Dimspeed, l&#039;atelier de personnalisation automobile\" \/>\n<meta property=\"og:description\" content=\"Nous vous proposons ce kit pour la r\u00e9fection de votre boite de vitesse. Il comprend tout ce dont vous avez besoin. Disponible pour les boites de vitesse \u00e0 synchro Rod ou Remote. Attention , ce kit ne comprend pas les roulements internes de pignon de 2\u00e8me, 3\u00e8me et 4\u00e8me car ils sont rarement endommag\u00e9s. Il [&hellip;]\" \/>\n<meta property=\"og:url\" content=\"https:\/\/dimspeed.com\/en\/product\/kit-de-refection-de-boite-de-vitesse\/\" \/>\n<meta property=\"og:site_name\" content=\"Dimspeed, l&#039;atelier de personnalisation automobile\" \/>\n<meta property=\"article:modified_time\" content=\"2026-02-02T09:43:41+00:00\" \/>\n<meta property=\"og:image\" content=\"https:\/\/dimspeed.com\/wp-content\/uploads\/2023\/03\/442_Kit-refection-Boite-de-Vitesse-1.jpg\" \/>\n\t<meta property=\"og:image:width\" content=\"1859\" \/>\n\t<meta property=\"og:image:height\" content=\"1790\" \/>\n\t<meta property=\"og:image:type\" content=\"image\/jpeg\" \/>\n<meta name=\"twitter:card\" content=\"summary_large_image\" \/>\n<meta name=\"twitter:label1\" content=\"Estimated reading time\" \/>\n\t<meta name=\"twitter:data1\" content=\"1 minute\" \/>\n<script type=\"application\/ld+json\" class=\"yoast-schema-graph\">{\"@context\":\"https:\/\/schema.org\",\"@graph\":[{\"@type\":\"WebPage\",\"@id\":\"https:\/\/dimspeed.com\/produit\/kit-de-refection-de-boite-de-vitesse\/\",\"url\":\"https:\/\/dimspeed.com\/produit\/kit-de-refection-de-boite-de-vitesse\/\",\"name\":\"Kit de R\u00e9fection de Boite de Vitesse - Dimspeed, l&#039;atelier de personnalisation automobile\",\"isPartOf\":{\"@id\":\"https:\/\/dimspeed.com\/#website\"},\"primaryImageOfPage\":{\"@id\":\"https:\/\/dimspeed.com\/produit\/kit-de-refection-de-boite-de-vitesse\/#primaryimage\"},\"image\":{\"@id\":\"https:\/\/dimspeed.com\/produit\/kit-de-refection-de-boite-de-vitesse\/#primaryimage\"},\"thumbnailUrl\":\"https:\/\/dimspeed.com\/wp-content\/uploads\/2023\/03\/442_Kit-refection-Boite-de-Vitesse-1.jpg\",\"datePublished\":\"2023-03-14T12:26:06+00:00\",\"dateModified\":\"2026-02-02T09:43:41+00:00\",\"breadcrumb\":{\"@id\":\"https:\/\/dimspeed.com\/produit\/kit-de-refection-de-boite-de-vitesse\/#breadcrumb\"},\"inLanguage\":\"en-GB\",\"potentialAction\":[{\"@type\":\"ReadAction\",\"target\":[\"https:\/\/dimspeed.com\/produit\/kit-de-refection-de-boite-de-vitesse\/\"]}]},{\"@type\":\"ImageObject\",\"inLanguage\":\"en-GB\",\"@id\":\"https:\/\/dimspeed.com\/produit\/kit-de-refection-de-boite-de-vitesse\/#primaryimage\",\"url\":\"https:\/\/dimspeed.com\/wp-content\/uploads\/2023\/03\/442_Kit-refection-Boite-de-Vitesse-1.jpg\",\"contentUrl\":\"https:\/\/dimspeed.com\/wp-content\/uploads\/2023\/03\/442_Kit-refection-Boite-de-Vitesse-1.jpg\",\"width\":1859,\"height\":1790},{\"@type\":\"BreadcrumbList\",\"@id\":\"https:\/\/dimspeed.com\/produit\/kit-de-refection-de-boite-de-vitesse\/#breadcrumb\",\"itemListElement\":[{\"@type\":\"ListItem\",\"position\":1,\"name\":\"Accueil\",\"item\":\"https:\/\/dimspeed.com\/\"},{\"@type\":\"ListItem\",\"position\":2,\"name\":\"Boutique\",\"item\":\"https:\/\/dimspeed.com\/boutique\/\"},{\"@type\":\"ListItem\",\"position\":3,\"name\":\"Kit de R\u00e9fection de Boite de Vitesse\"}]},{\"@type\":\"WebSite\",\"@id\":\"https:\/\/dimspeed.com\/#website\",\"url\":\"https:\/\/dimspeed.com\/\",\"name\":\"Dimspeed, l&#039;atelier de personnalisation automobile\",\"description\":\"MOTORISTE comp\u00e9tition et collection SPECIALISTE moteur A-SERIE\",\"publisher\":{\"@id\":\"https:\/\/dimspeed.com\/#organization\"},\"potentialAction\":[{\"@type\":\"SearchAction\",\"target\":{\"@type\":\"EntryPoint\",\"urlTemplate\":\"https:\/\/dimspeed.com\/?s={search_term_string}\"},\"query-input\":{\"@type\":\"PropertyValueSpecification\",\"valueRequired\":true,\"valueName\":\"search_term_string\"}}],\"inLanguage\":\"en-GB\"},{\"@type\":\"Organization\",\"@id\":\"https:\/\/dimspeed.com\/#organization\",\"name\":\"Dimspeed, l&#039;atelier de personnalisation automobile\",\"url\":\"https:\/\/dimspeed.com\/\",\"logo\":{\"@type\":\"ImageObject\",\"inLanguage\":\"en-GB\",\"@id\":\"https:\/\/dimspeed.com\/#\/schema\/logo\/image\/\",\"url\":\"https:\/\/dimspeed.com\/wp-content\/uploads\/2020\/11\/logo-site.png\",\"contentUrl\":\"https:\/\/dimspeed.com\/wp-content\/uploads\/2020\/11\/logo-site.png\",\"width\":486,\"height\":178,\"caption\":\"Dimspeed, l&#039;atelier de personnalisation automobile\"},\"image\":{\"@id\":\"https:\/\/dimspeed.com\/#\/schema\/logo\/image\/\"}}]}<\/script>\n<!-- \/ Yoast SEO plugin. -->","yoast_head_json":{"title":"Kit de R\u00e9fection de Boite de Vitesse - Dimspeed, l&#039;atelier de personnalisation automobile","robots":{"index":"index","follow":"follow","max-snippet":"max-snippet:-1","max-image-preview":"max-image-preview:large","max-video-preview":"max-video-preview:-1"},"canonical":"https:\/\/dimspeed.com\/en\/product\/kit-de-refection-de-boite-de-vitesse\/","og_locale":"en_GB","og_type":"article","og_title":"Kit de R\u00e9fection de Boite de Vitesse - Dimspeed, l&#039;atelier de personnalisation automobile","og_description":"Nous vous proposons ce kit pour la r\u00e9fection de votre boite de vitesse. Il comprend tout ce dont vous avez besoin. Disponible pour les boites de vitesse \u00e0 synchro Rod ou Remote. Attention , ce kit ne comprend pas les roulements internes de pignon de 2\u00e8me, 3\u00e8me et 4\u00e8me car ils sont rarement endommag\u00e9s. Il [&hellip;]","og_url":"https:\/\/dimspeed.com\/en\/product\/kit-de-refection-de-boite-de-vitesse\/","og_site_name":"Dimspeed, l&#039;atelier de personnalisation automobile","article_modified_time":"2026-02-02T09:43:41+00:00","og_image":[{"width":1859,"height":1790,"url":"https:\/\/dimspeed.com\/wp-content\/uploads\/2023\/03\/442_Kit-refection-Boite-de-Vitesse-1.jpg","type":"image\/jpeg"}],"twitter_card":"summary_large_image","twitter_misc":{"Estimated reading time":"1 minute"},"schema":{"@context":"https:\/\/schema.org","@graph":[{"@type":"WebPage","@id":"https:\/\/dimspeed.com\/produit\/kit-de-refection-de-boite-de-vitesse\/","url":"https:\/\/dimspeed.com\/produit\/kit-de-refection-de-boite-de-vitesse\/","name":"Kit de R\u00e9fection de Boite de Vitesse - Dimspeed, l&#039;atelier de personnalisation automobile","isPartOf":{"@id":"https:\/\/dimspeed.com\/#website"},"primaryImageOfPage":{"@id":"https:\/\/dimspeed.com\/produit\/kit-de-refection-de-boite-de-vitesse\/#primaryimage"},"image":{"@id":"https:\/\/dimspeed.com\/produit\/kit-de-refection-de-boite-de-vitesse\/#primaryimage"},"thumbnailUrl":"https:\/\/dimspeed.com\/wp-content\/uploads\/2023\/03\/442_Kit-refection-Boite-de-Vitesse-1.jpg","datePublished":"2023-03-14T12:26:06+00:00","dateModified":"2026-02-02T09:43:41+00:00","breadcrumb":{"@id":"https:\/\/dimspeed.com\/produit\/kit-de-refection-de-boite-de-vitesse\/#breadcrumb"},"inLanguage":"en-GB","potentialAction":[{"@type":"ReadAction","target":["https:\/\/dimspeed.com\/produit\/kit-de-refection-de-boite-de-vitesse\/"]}]},{"@type":"ImageObject","inLanguage":"en-GB","@id":"https:\/\/dimspeed.com\/produit\/kit-de-refection-de-boite-de-vitesse\/#primaryimage","url":"https:\/\/dimspeed.com\/wp-content\/uploads\/2023\/03\/442_Kit-refection-Boite-de-Vitesse-1.jpg","contentUrl":"https:\/\/dimspeed.com\/wp-content\/uploads\/2023\/03\/442_Kit-refection-Boite-de-Vitesse-1.jpg","width":1859,"height":1790},{"@type":"BreadcrumbList","@id":"https:\/\/dimspeed.com\/produit\/kit-de-refection-de-boite-de-vitesse\/#breadcrumb","itemListElement":[{"@type":"ListItem","position":1,"name":"Accueil","item":"https:\/\/dimspeed.com\/"},{"@type":"ListItem","position":2,"name":"Boutique","item":"https:\/\/dimspeed.com\/boutique\/"},{"@type":"ListItem","position":3,"name":"Kit de R\u00e9fection de Boite de Vitesse"}]},{"@type":"WebSite","@id":"https:\/\/dimspeed.com\/#website","url":"https:\/\/dimspeed.com\/","name":"Dimspeed, l&#039;atelier de personnalisation automobile","description":"MOTORISTE comp\u00e9tition et collection SPECIALISTE moteur A-SERIE","publisher":{"@id":"https:\/\/dimspeed.com\/#organization"},"potentialAction":[{"@type":"SearchAction","target":{"@type":"EntryPoint","urlTemplate":"https:\/\/dimspeed.com\/?s={search_term_string}"},"query-input":{"@type":"PropertyValueSpecification","valueRequired":true,"valueName":"search_term_string"}}],"inLanguage":"en-GB"},{"@type":"Organization","@id":"https:\/\/dimspeed.com\/#organization","name":"Dimspeed, l&#039;atelier de personnalisation automobile","url":"https:\/\/dimspeed.com\/","logo":{"@type":"ImageObject","inLanguage":"en-GB","@id":"https:\/\/dimspeed.com\/#\/schema\/logo\/image\/","url":"https:\/\/dimspeed.com\/wp-content\/uploads\/2020\/11\/logo-site.png","contentUrl":"https:\/\/dimspeed.com\/wp-content\/uploads\/2020\/11\/logo-site.png","width":486,"height":178,"caption":"Dimspeed, l&#039;atelier de personnalisation automobile"},"image":{"@id":"https:\/\/dimspeed.com\/#\/schema\/logo\/image\/"}}]}},"_links":{"self":[{"href":"https:\/\/dimspeed.com\/en\/wp-json\/wp\/v2\/product\/4737","targetHints":{"allow":["GET"]}}],"collection":[{"href":"https:\/\/dimspeed.com\/en\/wp-json\/wp\/v2\/product"}],"about":[{"href":"https:\/\/dimspeed.com\/en\/wp-json\/wp\/v2\/types\/product"}],"version-history":[{"count":5,"href":"https:\/\/dimspeed.com\/en\/wp-json\/wp\/v2\/product\/4737\/revisions"}],"predecessor-version":[{"id":6666,"href":"https:\/\/dimspeed.com\/en\/wp-json\/wp\/v2\/product\/4737\/revisions\/6666"}],"wp:featuredmedia":[{"embeddable":true,"href":"https:\/\/dimspeed.com\/en\/wp-json\/wp\/v2\/media\/5150"}],"wp:attachment":[{"href":"https:\/\/dimspeed.com\/en\/wp-json\/wp\/v2\/media?parent=4737"}],"wp:term":[{"taxonomy":"product_brand","embeddable":true,"href":"https:\/\/dimspeed.com\/en\/wp-json\/wp\/v2\/product_brand?post=4737"},{"taxonomy":"product_cat","embeddable":true,"href":"https:\/\/dimspeed.com\/en\/wp-json\/wp\/v2\/product_cat?post=4737"},{"taxonomy":"product_tag","embeddable":true,"href":"https:\/\/dimspeed.com\/en\/wp-json\/wp\/v2\/product_tag?post=4737"}],"curies":[{"name":"wp","href":"https:\/\/api.w.org\/{rel}","templated":true}]}}