{"id":4691,"date":"2023-03-14T11:35:58","date_gmt":"2023-03-14T10:35:58","guid":{"rendered":"https:\/\/dimspeed.com\/?post_type=product&#038;p=4691"},"modified":"2025-02-14T10:05:41","modified_gmt":"2025-02-14T09:05:41","slug":"roulement-de-pignon-de-4eme-dimspeed","status":"publish","type":"product","link":"https:\/\/dimspeed.com\/en\/product\/roulement-de-pignon-de-4eme-dimspeed\/","title":{"rendered":"Dimspeed Needle Roller Bearing - Idler Gear 4 Sync"},"content":{"rendered":"<p>High quality needle roller bearing with 14 rollers as the original.<\/p>","protected":false},"excerpt":{"rendered":"<p>High quality needle roller bearing with 14 rollers as the original.<\/p>","protected":false},"featured_media":4692,"template":"","meta":[],"product_brand":[],"product_cat":[44,136],"product_tag":[125,66,97,126],"class_list":{"0":"post-4691","1":"product","2":"type-product","3":"status-publish","4":"has-post-thumbnail","6":"product_cat-transmission","7":"product_cat-roulements","8":"product_tag-boite-de-vitesse","9":"product_tag-dimspeed","10":"product_tag-roulements","11":"product_tag-transmission","13":"first","14":"instock","15":"taxable","16":"shipping-taxable","17":"purchasable","18":"product-type-simple"},"yoast_head":"<!-- This site is optimized with the Yoast SEO plugin v27.1.1 - https:\/\/yoast.com\/product\/yoast-seo-wordpress\/ -->\n<title>Roulement de Pignon de 4\u00e8me - Dimspeed - Dimspeed, l&#039;atelier de personnalisation automobile<\/title>\n<meta name=\"robots\" content=\"index, follow, max-snippet:-1, max-image-preview:large, max-video-preview:-1\" \/>\n<link rel=\"canonical\" href=\"https:\/\/dimspeed.com\/en\/product\/roulement-de-pignon-de-4eme-dimspeed\/\" \/>\n<meta property=\"og:locale\" content=\"en_GB\" \/>\n<meta property=\"og:type\" content=\"article\" \/>\n<meta property=\"og:title\" content=\"Roulement de Pignon de 4\u00e8me - Dimspeed - Dimspeed, l&#039;atelier de personnalisation automobile\" \/>\n<meta property=\"og:description\" content=\"Roulement de Pignon de 4\u00e8me de haute qualit\u00e9 avec 14 rouleaux comme \u00e0 l\u2019origine.\" \/>\n<meta property=\"og:url\" content=\"https:\/\/dimspeed.com\/en\/product\/roulement-de-pignon-de-4eme-dimspeed\/\" \/>\n<meta property=\"og:site_name\" content=\"Dimspeed, l&#039;atelier de personnalisation automobile\" \/>\n<meta property=\"article:modified_time\" content=\"2025-02-14T09:05:41+00:00\" \/>\n<meta property=\"og:image\" content=\"https:\/\/dimspeed.com\/wp-content\/uploads\/2023\/03\/431_Roulement-de-Pignon-de-4eme.jpg\" \/>\n\t<meta property=\"og:image:width\" content=\"1890\" \/>\n\t<meta property=\"og:image:height\" content=\"1890\" \/>\n\t<meta property=\"og:image:type\" content=\"image\/jpeg\" \/>\n<meta name=\"twitter:card\" content=\"summary_large_image\" \/>\n<meta name=\"twitter:label1\" content=\"Estimated reading time\" \/>\n\t<meta name=\"twitter:data1\" content=\"1 minute\" \/>\n<script type=\"application\/ld+json\" class=\"yoast-schema-graph\">{\"@context\":\"https:\/\/schema.org\",\"@graph\":[{\"@type\":\"WebPage\",\"@id\":\"https:\/\/dimspeed.com\/produit\/roulement-de-pignon-de-4eme-dimspeed\/\",\"url\":\"https:\/\/dimspeed.com\/produit\/roulement-de-pignon-de-4eme-dimspeed\/\",\"name\":\"Roulement de Pignon de 4\u00e8me - Dimspeed - Dimspeed, l&#039;atelier de personnalisation automobile\",\"isPartOf\":{\"@id\":\"https:\/\/dimspeed.com\/#website\"},\"primaryImageOfPage\":{\"@id\":\"https:\/\/dimspeed.com\/produit\/roulement-de-pignon-de-4eme-dimspeed\/#primaryimage\"},\"image\":{\"@id\":\"https:\/\/dimspeed.com\/produit\/roulement-de-pignon-de-4eme-dimspeed\/#primaryimage\"},\"thumbnailUrl\":\"https:\/\/dimspeed.com\/wp-content\/uploads\/2023\/03\/431_Roulement-de-Pignon-de-4eme.jpg\",\"datePublished\":\"2023-03-14T10:35:58+00:00\",\"dateModified\":\"2025-02-14T09:05:41+00:00\",\"breadcrumb\":{\"@id\":\"https:\/\/dimspeed.com\/produit\/roulement-de-pignon-de-4eme-dimspeed\/#breadcrumb\"},\"inLanguage\":\"en-GB\",\"potentialAction\":[{\"@type\":\"ReadAction\",\"target\":[\"https:\/\/dimspeed.com\/produit\/roulement-de-pignon-de-4eme-dimspeed\/\"]}]},{\"@type\":\"ImageObject\",\"inLanguage\":\"en-GB\",\"@id\":\"https:\/\/dimspeed.com\/produit\/roulement-de-pignon-de-4eme-dimspeed\/#primaryimage\",\"url\":\"https:\/\/dimspeed.com\/wp-content\/uploads\/2023\/03\/431_Roulement-de-Pignon-de-4eme.jpg\",\"contentUrl\":\"https:\/\/dimspeed.com\/wp-content\/uploads\/2023\/03\/431_Roulement-de-Pignon-de-4eme.jpg\",\"width\":1890,\"height\":1890},{\"@type\":\"BreadcrumbList\",\"@id\":\"https:\/\/dimspeed.com\/produit\/roulement-de-pignon-de-4eme-dimspeed\/#breadcrumb\",\"itemListElement\":[{\"@type\":\"ListItem\",\"position\":1,\"name\":\"Accueil\",\"item\":\"https:\/\/dimspeed.com\/\"},{\"@type\":\"ListItem\",\"position\":2,\"name\":\"Boutique\",\"item\":\"https:\/\/dimspeed.com\/boutique\/\"},{\"@type\":\"ListItem\",\"position\":3,\"name\":\"Roulement de Pignon de 4\u00e8me &#8211; Dimspeed\"}]},{\"@type\":\"WebSite\",\"@id\":\"https:\/\/dimspeed.com\/#website\",\"url\":\"https:\/\/dimspeed.com\/\",\"name\":\"Dimspeed, l&#039;atelier de personnalisation automobile\",\"description\":\"MOTORISTE comp\u00e9tition et collection SPECIALISTE moteur A-SERIE\",\"publisher\":{\"@id\":\"https:\/\/dimspeed.com\/#organization\"},\"potentialAction\":[{\"@type\":\"SearchAction\",\"target\":{\"@type\":\"EntryPoint\",\"urlTemplate\":\"https:\/\/dimspeed.com\/?s={search_term_string}\"},\"query-input\":{\"@type\":\"PropertyValueSpecification\",\"valueRequired\":true,\"valueName\":\"search_term_string\"}}],\"inLanguage\":\"en-GB\"},{\"@type\":\"Organization\",\"@id\":\"https:\/\/dimspeed.com\/#organization\",\"name\":\"Dimspeed, l&#039;atelier de personnalisation automobile\",\"url\":\"https:\/\/dimspeed.com\/\",\"logo\":{\"@type\":\"ImageObject\",\"inLanguage\":\"en-GB\",\"@id\":\"https:\/\/dimspeed.com\/#\/schema\/logo\/image\/\",\"url\":\"https:\/\/dimspeed.com\/wp-content\/uploads\/2020\/11\/logo-site.png\",\"contentUrl\":\"https:\/\/dimspeed.com\/wp-content\/uploads\/2020\/11\/logo-site.png\",\"width\":486,\"height\":178,\"caption\":\"Dimspeed, l&#039;atelier de personnalisation automobile\"},\"image\":{\"@id\":\"https:\/\/dimspeed.com\/#\/schema\/logo\/image\/\"}}]}<\/script>\n<!-- \/ Yoast SEO plugin. -->","yoast_head_json":{"title":"Roulement de Pignon de 4\u00e8me - Dimspeed - Dimspeed, l&#039;atelier de personnalisation automobile","robots":{"index":"index","follow":"follow","max-snippet":"max-snippet:-1","max-image-preview":"max-image-preview:large","max-video-preview":"max-video-preview:-1"},"canonical":"https:\/\/dimspeed.com\/en\/product\/roulement-de-pignon-de-4eme-dimspeed\/","og_locale":"en_GB","og_type":"article","og_title":"Roulement de Pignon de 4\u00e8me - Dimspeed - Dimspeed, l&#039;atelier de personnalisation automobile","og_description":"Roulement de Pignon de 4\u00e8me de haute qualit\u00e9 avec 14 rouleaux comme \u00e0 l\u2019origine.","og_url":"https:\/\/dimspeed.com\/en\/product\/roulement-de-pignon-de-4eme-dimspeed\/","og_site_name":"Dimspeed, l&#039;atelier de personnalisation automobile","article_modified_time":"2025-02-14T09:05:41+00:00","og_image":[{"width":1890,"height":1890,"url":"https:\/\/dimspeed.com\/wp-content\/uploads\/2023\/03\/431_Roulement-de-Pignon-de-4eme.jpg","type":"image\/jpeg"}],"twitter_card":"summary_large_image","twitter_misc":{"Estimated reading time":"1 minute"},"schema":{"@context":"https:\/\/schema.org","@graph":[{"@type":"WebPage","@id":"https:\/\/dimspeed.com\/produit\/roulement-de-pignon-de-4eme-dimspeed\/","url":"https:\/\/dimspeed.com\/produit\/roulement-de-pignon-de-4eme-dimspeed\/","name":"Roulement de Pignon de 4\u00e8me - Dimspeed - Dimspeed, l&#039;atelier de personnalisation automobile","isPartOf":{"@id":"https:\/\/dimspeed.com\/#website"},"primaryImageOfPage":{"@id":"https:\/\/dimspeed.com\/produit\/roulement-de-pignon-de-4eme-dimspeed\/#primaryimage"},"image":{"@id":"https:\/\/dimspeed.com\/produit\/roulement-de-pignon-de-4eme-dimspeed\/#primaryimage"},"thumbnailUrl":"https:\/\/dimspeed.com\/wp-content\/uploads\/2023\/03\/431_Roulement-de-Pignon-de-4eme.jpg","datePublished":"2023-03-14T10:35:58+00:00","dateModified":"2025-02-14T09:05:41+00:00","breadcrumb":{"@id":"https:\/\/dimspeed.com\/produit\/roulement-de-pignon-de-4eme-dimspeed\/#breadcrumb"},"inLanguage":"en-GB","potentialAction":[{"@type":"ReadAction","target":["https:\/\/dimspeed.com\/produit\/roulement-de-pignon-de-4eme-dimspeed\/"]}]},{"@type":"ImageObject","inLanguage":"en-GB","@id":"https:\/\/dimspeed.com\/produit\/roulement-de-pignon-de-4eme-dimspeed\/#primaryimage","url":"https:\/\/dimspeed.com\/wp-content\/uploads\/2023\/03\/431_Roulement-de-Pignon-de-4eme.jpg","contentUrl":"https:\/\/dimspeed.com\/wp-content\/uploads\/2023\/03\/431_Roulement-de-Pignon-de-4eme.jpg","width":1890,"height":1890},{"@type":"BreadcrumbList","@id":"https:\/\/dimspeed.com\/produit\/roulement-de-pignon-de-4eme-dimspeed\/#breadcrumb","itemListElement":[{"@type":"ListItem","position":1,"name":"Accueil","item":"https:\/\/dimspeed.com\/"},{"@type":"ListItem","position":2,"name":"Boutique","item":"https:\/\/dimspeed.com\/boutique\/"},{"@type":"ListItem","position":3,"name":"Roulement de Pignon de 4\u00e8me &#8211; Dimspeed"}]},{"@type":"WebSite","@id":"https:\/\/dimspeed.com\/#website","url":"https:\/\/dimspeed.com\/","name":"Dimspeed, l&#039;atelier de personnalisation automobile","description":"MOTORISTE comp\u00e9tition et collection SPECIALISTE moteur A-SERIE","publisher":{"@id":"https:\/\/dimspeed.com\/#organization"},"potentialAction":[{"@type":"SearchAction","target":{"@type":"EntryPoint","urlTemplate":"https:\/\/dimspeed.com\/?s={search_term_string}"},"query-input":{"@type":"PropertyValueSpecification","valueRequired":true,"valueName":"search_term_string"}}],"inLanguage":"en-GB"},{"@type":"Organization","@id":"https:\/\/dimspeed.com\/#organization","name":"Dimspeed, l&#039;atelier de personnalisation automobile","url":"https:\/\/dimspeed.com\/","logo":{"@type":"ImageObject","inLanguage":"en-GB","@id":"https:\/\/dimspeed.com\/#\/schema\/logo\/image\/","url":"https:\/\/dimspeed.com\/wp-content\/uploads\/2020\/11\/logo-site.png","contentUrl":"https:\/\/dimspeed.com\/wp-content\/uploads\/2020\/11\/logo-site.png","width":486,"height":178,"caption":"Dimspeed, l&#039;atelier de personnalisation automobile"},"image":{"@id":"https:\/\/dimspeed.com\/#\/schema\/logo\/image\/"}}]}},"_links":{"self":[{"href":"https:\/\/dimspeed.com\/en\/wp-json\/wp\/v2\/product\/4691","targetHints":{"allow":["GET"]}}],"collection":[{"href":"https:\/\/dimspeed.com\/en\/wp-json\/wp\/v2\/product"}],"about":[{"href":"https:\/\/dimspeed.com\/en\/wp-json\/wp\/v2\/types\/product"}],"version-history":[{"count":1,"href":"https:\/\/dimspeed.com\/en\/wp-json\/wp\/v2\/product\/4691\/revisions"}],"predecessor-version":[{"id":4694,"href":"https:\/\/dimspeed.com\/en\/wp-json\/wp\/v2\/product\/4691\/revisions\/4694"}],"wp:featuredmedia":[{"embeddable":true,"href":"https:\/\/dimspeed.com\/en\/wp-json\/wp\/v2\/media\/4692"}],"wp:attachment":[{"href":"https:\/\/dimspeed.com\/en\/wp-json\/wp\/v2\/media?parent=4691"}],"wp:term":[{"taxonomy":"product_brand","embeddable":true,"href":"https:\/\/dimspeed.com\/en\/wp-json\/wp\/v2\/product_brand?post=4691"},{"taxonomy":"product_cat","embeddable":true,"href":"https:\/\/dimspeed.com\/en\/wp-json\/wp\/v2\/product_cat?post=4691"},{"taxonomy":"product_tag","embeddable":true,"href":"https:\/\/dimspeed.com\/en\/wp-json\/wp\/v2\/product_tag?post=4691"}],"curies":[{"name":"wp","href":"https:\/\/api.w.org\/{rel}","templated":true}]}}