{"id":4640,"date":"2023-02-23T11:42:19","date_gmt":"2023-02-23T10:42:19","guid":{"rendered":"https:\/\/dimspeed.com\/?post_type=product&#038;p=4640"},"modified":"2025-10-01T10:21:47","modified_gmt":"2025-10-01T08:21:47","slug":"joint-de-culasse-cometic","status":"publish","type":"product","link":"https:\/\/dimspeed.com\/en\/product\/joint-de-culasse-cometic\/","title":{"rendered":"Cometic - Head Gasket"},"content":{"rendered":"<p>Cometic MLS (Multi Layer Steel) Head Gasket.<\/p>\n<p>Cometic advise to use a head gasket with a bigger size than your bore. For example, for an engine with a 73.5mm bore, they advise to use a 74mm head gasket.<br \/>\nThe head gasket on our website are 0,030\" thick. If you need another size to suit your volume and compression ration, please contact us at contact@dimspeed.com<\/p>\n<p>Size available on the website:<\/p>\n<ul>\n<li>72mm &gt; The compressed volume is 3.00cm3<\/li>\n<li>72.5mm &gt; Engine up to +60 (1330) - The compressed volume is 3.05cm3<\/li>\n<li>73mm &gt; The compressed volume is 3.08cm3<\/li>\n<li>73.5mm &gt; The compressed volume is 3.13cm3<\/li>\n<li>74mm &gt;  Engine 1380 - The compressed volume is 3.18cm3<\/li>\n<\/ul>\n<p>&nbsp;<\/p>\n<p>Careful, somes copies are currently sold on the market as Cometic. All Cometic head gasket are packed in a Cometic packaging as shown on the picture.<\/p>","protected":false},"excerpt":{"rendered":"<p>Joint de culasse Cometic en acier &#8211; trois couches. Cometic conseille de prendre un joint de culasse de taille plus large que les cylindres. Par exemple, pour un moteur dont la cylindr\u00e9e est de 73.5mm, il est conseill\u00e9 d&#8217;utiliser un joint de culasse de 74mm. Les joints disponibles \u00e0 la vente sur notre site ont [&hellip;]<\/p>","protected":false},"featured_media":4641,"template":"","meta":[],"product_brand":[],"product_cat":[15,19],"product_tag":[171,65,77],"class_list":{"0":"post-4640","1":"product","2":"type-product","3":"status-publish","4":"has-post-thumbnail","6":"product_cat-moteur","7":"product_cat-culasse","8":"product_tag-cometic","9":"product_tag-culasse","10":"product_tag-joint","12":"first","13":"instock","14":"taxable","15":"shipping-taxable","16":"purchasable","17":"product-type-variable"},"yoast_head":"<!-- This site is optimized with the Yoast SEO plugin v27.1.1 - https:\/\/yoast.com\/product\/yoast-seo-wordpress\/ -->\n<title>Joint de culasse - Cometic - Dimspeed, l&#039;atelier de personnalisation automobile<\/title>\n<meta name=\"robots\" content=\"index, follow, max-snippet:-1, max-image-preview:large, max-video-preview:-1\" \/>\n<link rel=\"canonical\" href=\"https:\/\/dimspeed.com\/en\/product\/joint-de-culasse-cometic\/\" \/>\n<meta property=\"og:locale\" content=\"en_GB\" \/>\n<meta property=\"og:type\" content=\"article\" \/>\n<meta property=\"og:title\" content=\"Joint de culasse - Cometic - Dimspeed, l&#039;atelier de personnalisation automobile\" \/>\n<meta property=\"og:description\" content=\"Joint de culasse Cometic en acier &#8211; trois couches. Cometic conseille de prendre un joint de culasse de taille plus large que les cylindres. Par exemple, pour un moteur dont la cylindr\u00e9e est de 73.5mm, il est conseill\u00e9 d&#8217;utiliser un joint de culasse de 74mm. Les joints disponibles \u00e0 la vente sur notre site ont [&hellip;]\" \/>\n<meta property=\"og:url\" content=\"https:\/\/dimspeed.com\/en\/product\/joint-de-culasse-cometic\/\" \/>\n<meta property=\"og:site_name\" content=\"Dimspeed, l&#039;atelier de personnalisation automobile\" \/>\n<meta property=\"article:modified_time\" content=\"2025-10-01T08:21:47+00:00\" \/>\n<meta property=\"og:image\" content=\"https:\/\/dimspeed.com\/wp-content\/uploads\/2023\/02\/427_Joint-Cometic.jpg\" \/>\n\t<meta property=\"og:image:width\" content=\"1512\" \/>\n\t<meta property=\"og:image:height\" content=\"1910\" \/>\n\t<meta property=\"og:image:type\" content=\"image\/jpeg\" \/>\n<meta name=\"twitter:card\" content=\"summary_large_image\" \/>\n<meta name=\"twitter:label1\" content=\"Estimated reading time\" \/>\n\t<meta name=\"twitter:data1\" content=\"1 minute\" \/>\n<script type=\"application\/ld+json\" class=\"yoast-schema-graph\">{\"@context\":\"https:\/\/schema.org\",\"@graph\":[{\"@type\":\"WebPage\",\"@id\":\"https:\/\/dimspeed.com\/produit\/joint-de-culasse-cometic\/\",\"url\":\"https:\/\/dimspeed.com\/produit\/joint-de-culasse-cometic\/\",\"name\":\"Joint de culasse - Cometic - Dimspeed, l&#039;atelier de personnalisation automobile\",\"isPartOf\":{\"@id\":\"https:\/\/dimspeed.com\/#website\"},\"primaryImageOfPage\":{\"@id\":\"https:\/\/dimspeed.com\/produit\/joint-de-culasse-cometic\/#primaryimage\"},\"image\":{\"@id\":\"https:\/\/dimspeed.com\/produit\/joint-de-culasse-cometic\/#primaryimage\"},\"thumbnailUrl\":\"https:\/\/dimspeed.com\/wp-content\/uploads\/2023\/02\/427_Joint-Cometic.jpg\",\"datePublished\":\"2023-02-23T10:42:19+00:00\",\"dateModified\":\"2025-10-01T08:21:47+00:00\",\"breadcrumb\":{\"@id\":\"https:\/\/dimspeed.com\/produit\/joint-de-culasse-cometic\/#breadcrumb\"},\"inLanguage\":\"en-GB\",\"potentialAction\":[{\"@type\":\"ReadAction\",\"target\":[\"https:\/\/dimspeed.com\/produit\/joint-de-culasse-cometic\/\"]}]},{\"@type\":\"ImageObject\",\"inLanguage\":\"en-GB\",\"@id\":\"https:\/\/dimspeed.com\/produit\/joint-de-culasse-cometic\/#primaryimage\",\"url\":\"https:\/\/dimspeed.com\/wp-content\/uploads\/2023\/02\/427_Joint-Cometic.jpg\",\"contentUrl\":\"https:\/\/dimspeed.com\/wp-content\/uploads\/2023\/02\/427_Joint-Cometic.jpg\",\"width\":1512,\"height\":1910},{\"@type\":\"BreadcrumbList\",\"@id\":\"https:\/\/dimspeed.com\/produit\/joint-de-culasse-cometic\/#breadcrumb\",\"itemListElement\":[{\"@type\":\"ListItem\",\"position\":1,\"name\":\"Accueil\",\"item\":\"https:\/\/dimspeed.com\/\"},{\"@type\":\"ListItem\",\"position\":2,\"name\":\"Boutique\",\"item\":\"https:\/\/dimspeed.com\/boutique\/\"},{\"@type\":\"ListItem\",\"position\":3,\"name\":\"Joint de culasse &#8211; Cometic\"}]},{\"@type\":\"WebSite\",\"@id\":\"https:\/\/dimspeed.com\/#website\",\"url\":\"https:\/\/dimspeed.com\/\",\"name\":\"Dimspeed, l&#039;atelier de personnalisation automobile\",\"description\":\"MOTORISTE comp\u00e9tition et collection SPECIALISTE moteur A-SERIE\",\"publisher\":{\"@id\":\"https:\/\/dimspeed.com\/#organization\"},\"potentialAction\":[{\"@type\":\"SearchAction\",\"target\":{\"@type\":\"EntryPoint\",\"urlTemplate\":\"https:\/\/dimspeed.com\/?s={search_term_string}\"},\"query-input\":{\"@type\":\"PropertyValueSpecification\",\"valueRequired\":true,\"valueName\":\"search_term_string\"}}],\"inLanguage\":\"en-GB\"},{\"@type\":\"Organization\",\"@id\":\"https:\/\/dimspeed.com\/#organization\",\"name\":\"Dimspeed, l&#039;atelier de personnalisation automobile\",\"url\":\"https:\/\/dimspeed.com\/\",\"logo\":{\"@type\":\"ImageObject\",\"inLanguage\":\"en-GB\",\"@id\":\"https:\/\/dimspeed.com\/#\/schema\/logo\/image\/\",\"url\":\"https:\/\/dimspeed.com\/wp-content\/uploads\/2020\/11\/logo-site.png\",\"contentUrl\":\"https:\/\/dimspeed.com\/wp-content\/uploads\/2020\/11\/logo-site.png\",\"width\":486,\"height\":178,\"caption\":\"Dimspeed, l&#039;atelier de personnalisation automobile\"},\"image\":{\"@id\":\"https:\/\/dimspeed.com\/#\/schema\/logo\/image\/\"}}]}<\/script>\n<!-- \/ Yoast SEO plugin. -->","yoast_head_json":{"title":"Joint de culasse - Cometic - Dimspeed, l&#039;atelier de personnalisation automobile","robots":{"index":"index","follow":"follow","max-snippet":"max-snippet:-1","max-image-preview":"max-image-preview:large","max-video-preview":"max-video-preview:-1"},"canonical":"https:\/\/dimspeed.com\/en\/product\/joint-de-culasse-cometic\/","og_locale":"en_GB","og_type":"article","og_title":"Joint de culasse - Cometic - Dimspeed, l&#039;atelier de personnalisation automobile","og_description":"Joint de culasse Cometic en acier &#8211; trois couches. Cometic conseille de prendre un joint de culasse de taille plus large que les cylindres. Par exemple, pour un moteur dont la cylindr\u00e9e est de 73.5mm, il est conseill\u00e9 d&#8217;utiliser un joint de culasse de 74mm. Les joints disponibles \u00e0 la vente sur notre site ont [&hellip;]","og_url":"https:\/\/dimspeed.com\/en\/product\/joint-de-culasse-cometic\/","og_site_name":"Dimspeed, l&#039;atelier de personnalisation automobile","article_modified_time":"2025-10-01T08:21:47+00:00","og_image":[{"width":1512,"height":1910,"url":"https:\/\/dimspeed.com\/wp-content\/uploads\/2023\/02\/427_Joint-Cometic.jpg","type":"image\/jpeg"}],"twitter_card":"summary_large_image","twitter_misc":{"Estimated reading time":"1 minute"},"schema":{"@context":"https:\/\/schema.org","@graph":[{"@type":"WebPage","@id":"https:\/\/dimspeed.com\/produit\/joint-de-culasse-cometic\/","url":"https:\/\/dimspeed.com\/produit\/joint-de-culasse-cometic\/","name":"Joint de culasse - Cometic - Dimspeed, l&#039;atelier de personnalisation automobile","isPartOf":{"@id":"https:\/\/dimspeed.com\/#website"},"primaryImageOfPage":{"@id":"https:\/\/dimspeed.com\/produit\/joint-de-culasse-cometic\/#primaryimage"},"image":{"@id":"https:\/\/dimspeed.com\/produit\/joint-de-culasse-cometic\/#primaryimage"},"thumbnailUrl":"https:\/\/dimspeed.com\/wp-content\/uploads\/2023\/02\/427_Joint-Cometic.jpg","datePublished":"2023-02-23T10:42:19+00:00","dateModified":"2025-10-01T08:21:47+00:00","breadcrumb":{"@id":"https:\/\/dimspeed.com\/produit\/joint-de-culasse-cometic\/#breadcrumb"},"inLanguage":"en-GB","potentialAction":[{"@type":"ReadAction","target":["https:\/\/dimspeed.com\/produit\/joint-de-culasse-cometic\/"]}]},{"@type":"ImageObject","inLanguage":"en-GB","@id":"https:\/\/dimspeed.com\/produit\/joint-de-culasse-cometic\/#primaryimage","url":"https:\/\/dimspeed.com\/wp-content\/uploads\/2023\/02\/427_Joint-Cometic.jpg","contentUrl":"https:\/\/dimspeed.com\/wp-content\/uploads\/2023\/02\/427_Joint-Cometic.jpg","width":1512,"height":1910},{"@type":"BreadcrumbList","@id":"https:\/\/dimspeed.com\/produit\/joint-de-culasse-cometic\/#breadcrumb","itemListElement":[{"@type":"ListItem","position":1,"name":"Accueil","item":"https:\/\/dimspeed.com\/"},{"@type":"ListItem","position":2,"name":"Boutique","item":"https:\/\/dimspeed.com\/boutique\/"},{"@type":"ListItem","position":3,"name":"Joint de culasse &#8211; Cometic"}]},{"@type":"WebSite","@id":"https:\/\/dimspeed.com\/#website","url":"https:\/\/dimspeed.com\/","name":"Dimspeed, l&#039;atelier de personnalisation automobile","description":"MOTORISTE comp\u00e9tition et collection SPECIALISTE moteur A-SERIE","publisher":{"@id":"https:\/\/dimspeed.com\/#organization"},"potentialAction":[{"@type":"SearchAction","target":{"@type":"EntryPoint","urlTemplate":"https:\/\/dimspeed.com\/?s={search_term_string}"},"query-input":{"@type":"PropertyValueSpecification","valueRequired":true,"valueName":"search_term_string"}}],"inLanguage":"en-GB"},{"@type":"Organization","@id":"https:\/\/dimspeed.com\/#organization","name":"Dimspeed, l&#039;atelier de personnalisation automobile","url":"https:\/\/dimspeed.com\/","logo":{"@type":"ImageObject","inLanguage":"en-GB","@id":"https:\/\/dimspeed.com\/#\/schema\/logo\/image\/","url":"https:\/\/dimspeed.com\/wp-content\/uploads\/2020\/11\/logo-site.png","contentUrl":"https:\/\/dimspeed.com\/wp-content\/uploads\/2020\/11\/logo-site.png","width":486,"height":178,"caption":"Dimspeed, l&#039;atelier de personnalisation automobile"},"image":{"@id":"https:\/\/dimspeed.com\/#\/schema\/logo\/image\/"}}]}},"_links":{"self":[{"href":"https:\/\/dimspeed.com\/en\/wp-json\/wp\/v2\/product\/4640","targetHints":{"allow":["GET"]}}],"collection":[{"href":"https:\/\/dimspeed.com\/en\/wp-json\/wp\/v2\/product"}],"about":[{"href":"https:\/\/dimspeed.com\/en\/wp-json\/wp\/v2\/types\/product"}],"version-history":[{"count":7,"href":"https:\/\/dimspeed.com\/en\/wp-json\/wp\/v2\/product\/4640\/revisions"}],"predecessor-version":[{"id":7119,"href":"https:\/\/dimspeed.com\/en\/wp-json\/wp\/v2\/product\/4640\/revisions\/7119"}],"wp:featuredmedia":[{"embeddable":true,"href":"https:\/\/dimspeed.com\/en\/wp-json\/wp\/v2\/media\/4641"}],"wp:attachment":[{"href":"https:\/\/dimspeed.com\/en\/wp-json\/wp\/v2\/media?parent=4640"}],"wp:term":[{"taxonomy":"product_brand","embeddable":true,"href":"https:\/\/dimspeed.com\/en\/wp-json\/wp\/v2\/product_brand?post=4640"},{"taxonomy":"product_cat","embeddable":true,"href":"https:\/\/dimspeed.com\/en\/wp-json\/wp\/v2\/product_cat?post=4640"},{"taxonomy":"product_tag","embeddable":true,"href":"https:\/\/dimspeed.com\/en\/wp-json\/wp\/v2\/product_tag?post=4640"}],"curies":[{"name":"wp","href":"https:\/\/api.w.org\/{rel}","templated":true}]}}