{"id":4630,"date":"2023-02-22T15:21:21","date_gmt":"2023-02-22T14:21:21","guid":{"rendered":"https:\/\/dimspeed.com\/?post_type=product&#038;p=4630"},"modified":"2025-06-26T11:24:43","modified_gmt":"2025-06-26T09:24:43","slug":"kit-visserie-de-fixation-moteur-boite-de-vitesse","status":"publish","type":"product","link":"https:\/\/dimspeed.com\/en\/product\/kit-visserie-de-fixation-moteur-boite-de-vitesse\/","title":{"rendered":"Gearbox to Block Bolt Kit - High Tensile Socket Caps"},"content":{"rendered":"<p>Gearbox to block bolt kit - high tensile socket caps. Used on all Dimspeed engines.<\/p>\n<p>With a bigger diameter than the original ones, these bolts give a better strength.<\/p>\n<p>This kit is highly recommended for tune engines and eliminate the risk of breaking bolts.<\/p>\n<p>You can choose to add two drills in imperial size to drill your engine block and gearbox. Three taps are also supplied to thread your engine block.<\/p>","protected":false},"excerpt":{"rendered":"<p>Kit de visserie de fixation moteur \/ boite de vitesse renforc\u00e9 que nous utilisons sur tous nos moteurs. Ces vis d\u2019un diam\u00e8tre sup\u00e9rieur que celles d\u2019origine permettent un meilleur maintien de la boite. Ce kit est fortement recommand\u00e9 pour les moteurs pr\u00e9par\u00e9s afin \u00e9viter d\u2019avoir des vis qui cassent. Nous vous proposons aussi la possibilit\u00e9 [&hellip;]<\/p>","protected":false},"featured_media":7254,"template":"","meta":[],"product_brand":[],"product_cat":[15,41,30,44,23],"product_tag":[125,82,120],"class_list":{"0":"post-4630","1":"product","2":"type-product","3":"status-publish","4":"has-post-thumbnail","6":"product_cat-moteur","7":"product_cat-kit","8":"product_cat-visserie","9":"product_cat-transmission","10":"product_cat-boite-de-vitesse","11":"product_tag-boite-de-vitesse","12":"product_tag-kit","13":"product_tag-visserie","15":"first","16":"instock","17":"taxable","18":"shipping-taxable","19":"purchasable","20":"product-type-variable"},"yoast_head":"<!-- This site is optimized with the Yoast SEO plugin v27.1.1 - https:\/\/yoast.com\/product\/yoast-seo-wordpress\/ -->\n<title>Kit visserie de fixation moteur \/ boite de vitesse - Renforc\u00e9 - Dimspeed, l&#039;atelier de personnalisation automobile<\/title>\n<meta name=\"robots\" content=\"index, follow, max-snippet:-1, max-image-preview:large, max-video-preview:-1\" \/>\n<link rel=\"canonical\" href=\"https:\/\/dimspeed.com\/en\/product\/kit-visserie-de-fixation-moteur-boite-de-vitesse\/\" \/>\n<meta property=\"og:locale\" content=\"en_GB\" \/>\n<meta property=\"og:type\" content=\"article\" \/>\n<meta property=\"og:title\" content=\"Kit visserie de fixation moteur \/ boite de vitesse - Renforc\u00e9 - Dimspeed, l&#039;atelier de personnalisation automobile\" \/>\n<meta property=\"og:description\" content=\"Kit de visserie de fixation moteur \/ boite de vitesse renforc\u00e9 que nous utilisons sur tous nos moteurs. Ces vis d\u2019un diam\u00e8tre sup\u00e9rieur que celles d\u2019origine permettent un meilleur maintien de la boite. Ce kit est fortement recommand\u00e9 pour les moteurs pr\u00e9par\u00e9s afin \u00e9viter d\u2019avoir des vis qui cassent. Nous vous proposons aussi la possibilit\u00e9 [&hellip;]\" \/>\n<meta property=\"og:url\" content=\"https:\/\/dimspeed.com\/en\/product\/kit-visserie-de-fixation-moteur-boite-de-vitesse\/\" \/>\n<meta property=\"og:site_name\" content=\"Dimspeed, l&#039;atelier de personnalisation automobile\" \/>\n<meta property=\"article:modified_time\" content=\"2025-06-26T09:24:43+00:00\" \/>\n<meta property=\"og:image\" content=\"https:\/\/dimspeed.com\/wp-content\/uploads\/2023\/02\/426_Visserie-Boite-Bloc-Mini-Outillage-2.jpg\" \/>\n\t<meta property=\"og:image:width\" content=\"1217\" \/>\n\t<meta property=\"og:image:height\" content=\"1920\" \/>\n\t<meta property=\"og:image:type\" content=\"image\/jpeg\" \/>\n<meta name=\"twitter:card\" content=\"summary_large_image\" \/>\n<meta name=\"twitter:label1\" content=\"Estimated reading time\" \/>\n\t<meta name=\"twitter:data1\" content=\"1 minute\" \/>\n<script type=\"application\/ld+json\" class=\"yoast-schema-graph\">{\"@context\":\"https:\/\/schema.org\",\"@graph\":[{\"@type\":\"WebPage\",\"@id\":\"https:\/\/dimspeed.com\/produit\/kit-visserie-de-fixation-moteur-boite-de-vitesse\/\",\"url\":\"https:\/\/dimspeed.com\/produit\/kit-visserie-de-fixation-moteur-boite-de-vitesse\/\",\"name\":\"Kit visserie de fixation moteur \/ boite de vitesse - Renforc\u00e9 - Dimspeed, l&#039;atelier de personnalisation automobile\",\"isPartOf\":{\"@id\":\"https:\/\/dimspeed.com\/#website\"},\"primaryImageOfPage\":{\"@id\":\"https:\/\/dimspeed.com\/produit\/kit-visserie-de-fixation-moteur-boite-de-vitesse\/#primaryimage\"},\"image\":{\"@id\":\"https:\/\/dimspeed.com\/produit\/kit-visserie-de-fixation-moteur-boite-de-vitesse\/#primaryimage\"},\"thumbnailUrl\":\"https:\/\/dimspeed.com\/wp-content\/uploads\/2023\/02\/426_Visserie-Boite-Bloc-Mini-Outillage-2.jpg\",\"datePublished\":\"2023-02-22T14:21:21+00:00\",\"dateModified\":\"2025-06-26T09:24:43+00:00\",\"breadcrumb\":{\"@id\":\"https:\/\/dimspeed.com\/produit\/kit-visserie-de-fixation-moteur-boite-de-vitesse\/#breadcrumb\"},\"inLanguage\":\"en-GB\",\"potentialAction\":[{\"@type\":\"ReadAction\",\"target\":[\"https:\/\/dimspeed.com\/produit\/kit-visserie-de-fixation-moteur-boite-de-vitesse\/\"]}]},{\"@type\":\"ImageObject\",\"inLanguage\":\"en-GB\",\"@id\":\"https:\/\/dimspeed.com\/produit\/kit-visserie-de-fixation-moteur-boite-de-vitesse\/#primaryimage\",\"url\":\"https:\/\/dimspeed.com\/wp-content\/uploads\/2023\/02\/426_Visserie-Boite-Bloc-Mini-Outillage-2.jpg\",\"contentUrl\":\"https:\/\/dimspeed.com\/wp-content\/uploads\/2023\/02\/426_Visserie-Boite-Bloc-Mini-Outillage-2.jpg\",\"width\":1217,\"height\":1920},{\"@type\":\"BreadcrumbList\",\"@id\":\"https:\/\/dimspeed.com\/produit\/kit-visserie-de-fixation-moteur-boite-de-vitesse\/#breadcrumb\",\"itemListElement\":[{\"@type\":\"ListItem\",\"position\":1,\"name\":\"Accueil\",\"item\":\"https:\/\/dimspeed.com\/\"},{\"@type\":\"ListItem\",\"position\":2,\"name\":\"Boutique\",\"item\":\"https:\/\/dimspeed.com\/boutique\/\"},{\"@type\":\"ListItem\",\"position\":3,\"name\":\"Kit visserie de fixation moteur \/ boite de vitesse &#8211; Renforc\u00e9\"}]},{\"@type\":\"WebSite\",\"@id\":\"https:\/\/dimspeed.com\/#website\",\"url\":\"https:\/\/dimspeed.com\/\",\"name\":\"Dimspeed, l&#039;atelier de personnalisation automobile\",\"description\":\"MOTORISTE comp\u00e9tition et collection SPECIALISTE moteur A-SERIE\",\"publisher\":{\"@id\":\"https:\/\/dimspeed.com\/#organization\"},\"potentialAction\":[{\"@type\":\"SearchAction\",\"target\":{\"@type\":\"EntryPoint\",\"urlTemplate\":\"https:\/\/dimspeed.com\/?s={search_term_string}\"},\"query-input\":{\"@type\":\"PropertyValueSpecification\",\"valueRequired\":true,\"valueName\":\"search_term_string\"}}],\"inLanguage\":\"en-GB\"},{\"@type\":\"Organization\",\"@id\":\"https:\/\/dimspeed.com\/#organization\",\"name\":\"Dimspeed, l&#039;atelier de personnalisation automobile\",\"url\":\"https:\/\/dimspeed.com\/\",\"logo\":{\"@type\":\"ImageObject\",\"inLanguage\":\"en-GB\",\"@id\":\"https:\/\/dimspeed.com\/#\/schema\/logo\/image\/\",\"url\":\"https:\/\/dimspeed.com\/wp-content\/uploads\/2020\/11\/logo-site.png\",\"contentUrl\":\"https:\/\/dimspeed.com\/wp-content\/uploads\/2020\/11\/logo-site.png\",\"width\":486,\"height\":178,\"caption\":\"Dimspeed, l&#039;atelier de personnalisation automobile\"},\"image\":{\"@id\":\"https:\/\/dimspeed.com\/#\/schema\/logo\/image\/\"}}]}<\/script>\n<!-- \/ Yoast SEO plugin. -->","yoast_head_json":{"title":"Kit visserie de fixation moteur \/ boite de vitesse - Renforc\u00e9 - Dimspeed, l&#039;atelier de personnalisation automobile","robots":{"index":"index","follow":"follow","max-snippet":"max-snippet:-1","max-image-preview":"max-image-preview:large","max-video-preview":"max-video-preview:-1"},"canonical":"https:\/\/dimspeed.com\/en\/product\/kit-visserie-de-fixation-moteur-boite-de-vitesse\/","og_locale":"en_GB","og_type":"article","og_title":"Kit visserie de fixation moteur \/ boite de vitesse - Renforc\u00e9 - Dimspeed, l&#039;atelier de personnalisation automobile","og_description":"Kit de visserie de fixation moteur \/ boite de vitesse renforc\u00e9 que nous utilisons sur tous nos moteurs. Ces vis d\u2019un diam\u00e8tre sup\u00e9rieur que celles d\u2019origine permettent un meilleur maintien de la boite. Ce kit est fortement recommand\u00e9 pour les moteurs pr\u00e9par\u00e9s afin \u00e9viter d\u2019avoir des vis qui cassent. Nous vous proposons aussi la possibilit\u00e9 [&hellip;]","og_url":"https:\/\/dimspeed.com\/en\/product\/kit-visserie-de-fixation-moteur-boite-de-vitesse\/","og_site_name":"Dimspeed, l&#039;atelier de personnalisation automobile","article_modified_time":"2025-06-26T09:24:43+00:00","og_image":[{"width":1217,"height":1920,"url":"https:\/\/dimspeed.com\/wp-content\/uploads\/2023\/02\/426_Visserie-Boite-Bloc-Mini-Outillage-2.jpg","type":"image\/jpeg"}],"twitter_card":"summary_large_image","twitter_misc":{"Estimated reading time":"1 minute"},"schema":{"@context":"https:\/\/schema.org","@graph":[{"@type":"WebPage","@id":"https:\/\/dimspeed.com\/produit\/kit-visserie-de-fixation-moteur-boite-de-vitesse\/","url":"https:\/\/dimspeed.com\/produit\/kit-visserie-de-fixation-moteur-boite-de-vitesse\/","name":"Kit visserie de fixation moteur \/ boite de vitesse - Renforc\u00e9 - Dimspeed, l&#039;atelier de personnalisation automobile","isPartOf":{"@id":"https:\/\/dimspeed.com\/#website"},"primaryImageOfPage":{"@id":"https:\/\/dimspeed.com\/produit\/kit-visserie-de-fixation-moteur-boite-de-vitesse\/#primaryimage"},"image":{"@id":"https:\/\/dimspeed.com\/produit\/kit-visserie-de-fixation-moteur-boite-de-vitesse\/#primaryimage"},"thumbnailUrl":"https:\/\/dimspeed.com\/wp-content\/uploads\/2023\/02\/426_Visserie-Boite-Bloc-Mini-Outillage-2.jpg","datePublished":"2023-02-22T14:21:21+00:00","dateModified":"2025-06-26T09:24:43+00:00","breadcrumb":{"@id":"https:\/\/dimspeed.com\/produit\/kit-visserie-de-fixation-moteur-boite-de-vitesse\/#breadcrumb"},"inLanguage":"en-GB","potentialAction":[{"@type":"ReadAction","target":["https:\/\/dimspeed.com\/produit\/kit-visserie-de-fixation-moteur-boite-de-vitesse\/"]}]},{"@type":"ImageObject","inLanguage":"en-GB","@id":"https:\/\/dimspeed.com\/produit\/kit-visserie-de-fixation-moteur-boite-de-vitesse\/#primaryimage","url":"https:\/\/dimspeed.com\/wp-content\/uploads\/2023\/02\/426_Visserie-Boite-Bloc-Mini-Outillage-2.jpg","contentUrl":"https:\/\/dimspeed.com\/wp-content\/uploads\/2023\/02\/426_Visserie-Boite-Bloc-Mini-Outillage-2.jpg","width":1217,"height":1920},{"@type":"BreadcrumbList","@id":"https:\/\/dimspeed.com\/produit\/kit-visserie-de-fixation-moteur-boite-de-vitesse\/#breadcrumb","itemListElement":[{"@type":"ListItem","position":1,"name":"Accueil","item":"https:\/\/dimspeed.com\/"},{"@type":"ListItem","position":2,"name":"Boutique","item":"https:\/\/dimspeed.com\/boutique\/"},{"@type":"ListItem","position":3,"name":"Kit visserie de fixation moteur \/ boite de vitesse &#8211; Renforc\u00e9"}]},{"@type":"WebSite","@id":"https:\/\/dimspeed.com\/#website","url":"https:\/\/dimspeed.com\/","name":"Dimspeed, l&#039;atelier de personnalisation automobile","description":"MOTORISTE comp\u00e9tition et collection SPECIALISTE moteur A-SERIE","publisher":{"@id":"https:\/\/dimspeed.com\/#organization"},"potentialAction":[{"@type":"SearchAction","target":{"@type":"EntryPoint","urlTemplate":"https:\/\/dimspeed.com\/?s={search_term_string}"},"query-input":{"@type":"PropertyValueSpecification","valueRequired":true,"valueName":"search_term_string"}}],"inLanguage":"en-GB"},{"@type":"Organization","@id":"https:\/\/dimspeed.com\/#organization","name":"Dimspeed, l&#039;atelier de personnalisation automobile","url":"https:\/\/dimspeed.com\/","logo":{"@type":"ImageObject","inLanguage":"en-GB","@id":"https:\/\/dimspeed.com\/#\/schema\/logo\/image\/","url":"https:\/\/dimspeed.com\/wp-content\/uploads\/2020\/11\/logo-site.png","contentUrl":"https:\/\/dimspeed.com\/wp-content\/uploads\/2020\/11\/logo-site.png","width":486,"height":178,"caption":"Dimspeed, l&#039;atelier de personnalisation automobile"},"image":{"@id":"https:\/\/dimspeed.com\/#\/schema\/logo\/image\/"}}]}},"_links":{"self":[{"href":"https:\/\/dimspeed.com\/en\/wp-json\/wp\/v2\/product\/4630","targetHints":{"allow":["GET"]}}],"collection":[{"href":"https:\/\/dimspeed.com\/en\/wp-json\/wp\/v2\/product"}],"about":[{"href":"https:\/\/dimspeed.com\/en\/wp-json\/wp\/v2\/types\/product"}],"version-history":[{"count":3,"href":"https:\/\/dimspeed.com\/en\/wp-json\/wp\/v2\/product\/4630\/revisions"}],"predecessor-version":[{"id":4773,"href":"https:\/\/dimspeed.com\/en\/wp-json\/wp\/v2\/product\/4630\/revisions\/4773"}],"wp:featuredmedia":[{"embeddable":true,"href":"https:\/\/dimspeed.com\/en\/wp-json\/wp\/v2\/media\/7254"}],"wp:attachment":[{"href":"https:\/\/dimspeed.com\/en\/wp-json\/wp\/v2\/media?parent=4630"}],"wp:term":[{"taxonomy":"product_brand","embeddable":true,"href":"https:\/\/dimspeed.com\/en\/wp-json\/wp\/v2\/product_brand?post=4630"},{"taxonomy":"product_cat","embeddable":true,"href":"https:\/\/dimspeed.com\/en\/wp-json\/wp\/v2\/product_cat?post=4630"},{"taxonomy":"product_tag","embeddable":true,"href":"https:\/\/dimspeed.com\/en\/wp-json\/wp\/v2\/product_tag?post=4630"}],"curies":[{"name":"wp","href":"https:\/\/api.w.org\/{rel}","templated":true}]}}