{"id":4599,"date":"2023-02-22T12:14:11","date_gmt":"2023-02-22T11:14:11","guid":{"rendered":"https:\/\/dimspeed.com\/?post_type=product&#038;p=4599"},"modified":"2025-07-16T14:37:22","modified_gmt":"2025-07-16T12:37:22","slug":"moyeu-de-volant-swiftune","status":"publish","type":"product","link":"https:\/\/dimspeed.com\/en\/product\/moyeu-de-volant-swiftune\/","title":{"rendered":"Steering Wheel Boss"},"content":{"rendered":"<p>Wheel boss designed to enhance ergonomics of race mini driver positioning. Bringing the steering wheel closer and enabling the driver to have total control. You drive the car, not the car drive you! CNC Made from high quality HE30TF aluminium, to suit Sparco type steering wheels. If you want to a and Moto Lita type steering wheels, please contcat us. Bolts have been increased to M6 so steering wheel may require drilling.<\/p>\n<p>This set includes:<\/p>\n<ul>\n<li>x 1 steering wheel boss<\/li>\n<li>x 6  M6 counter sunk allen screws supplied<\/li>\n<\/ul>","protected":false},"excerpt":{"rendered":"<p>Ce moyeu de volant Swiftune a \u00e9t\u00e9 sp\u00e9cialement con\u00e7u pour am\u00e9liorer la position de conduite du pilote dans la voiture. Il mesure 100mm de long. Rapproch\u00e9 le volant permet au pilote un contr\u00f4le total. Vous conduisez la voiture, ce n&#8217;est pas la voiture qui vous conduit! Con\u00e7u en CNC \u00e0 partir de l&#8217;aluminium de haute [&hellip;]<\/p>","protected":false},"featured_media":4600,"template":"","meta":[],"product_brand":[],"product_cat":[27],"product_tag":[73,162,172],"class_list":{"0":"post-4599","1":"product","2":"type-product","3":"status-publish","4":"has-post-thumbnail","6":"product_cat-chassis","7":"product_tag-chassis","8":"product_tag-swiftune","9":"product_tag-volant","11":"first","12":"onbackorder","13":"taxable","14":"shipping-taxable","15":"purchasable","16":"product-type-simple"},"yoast_head":"<!-- This site is optimized with the Yoast SEO plugin v27.1.1 - https:\/\/yoast.com\/product\/yoast-seo-wordpress\/ -->\n<title>Moyeu de volant Swiftune - Dimspeed, l&#039;atelier de personnalisation automobile<\/title>\n<meta name=\"robots\" content=\"index, follow, max-snippet:-1, max-image-preview:large, max-video-preview:-1\" \/>\n<link rel=\"canonical\" href=\"https:\/\/dimspeed.com\/en\/product\/moyeu-de-volant-swiftune\/\" \/>\n<meta property=\"og:locale\" content=\"en_GB\" \/>\n<meta property=\"og:type\" content=\"article\" \/>\n<meta property=\"og:title\" content=\"Moyeu de volant Swiftune - Dimspeed, l&#039;atelier de personnalisation automobile\" \/>\n<meta property=\"og:description\" content=\"Ce moyeu de volant Swiftune a \u00e9t\u00e9 sp\u00e9cialement con\u00e7u pour am\u00e9liorer la position de conduite du pilote dans la voiture. Il mesure 100mm de long. Rapproch\u00e9 le volant permet au pilote un contr\u00f4le total. Vous conduisez la voiture, ce n&#8217;est pas la voiture qui vous conduit! Con\u00e7u en CNC \u00e0 partir de l&#8217;aluminium de haute [&hellip;]\" \/>\n<meta property=\"og:url\" content=\"https:\/\/dimspeed.com\/en\/product\/moyeu-de-volant-swiftune\/\" \/>\n<meta property=\"og:site_name\" content=\"Dimspeed, l&#039;atelier de personnalisation automobile\" \/>\n<meta property=\"article:modified_time\" content=\"2025-07-16T12:37:22+00:00\" \/>\n<meta property=\"og:image\" content=\"https:\/\/dimspeed.com\/wp-content\/uploads\/2023\/01\/421_Wheel-Boss.jpg\" \/>\n\t<meta property=\"og:image:width\" content=\"1314\" \/>\n\t<meta property=\"og:image:height\" content=\"1600\" \/>\n\t<meta property=\"og:image:type\" content=\"image\/jpeg\" \/>\n<meta name=\"twitter:card\" content=\"summary_large_image\" \/>\n<meta name=\"twitter:label1\" content=\"Estimated reading time\" \/>\n\t<meta name=\"twitter:data1\" content=\"1 minute\" \/>\n<script type=\"application\/ld+json\" class=\"yoast-schema-graph\">{\"@context\":\"https:\/\/schema.org\",\"@graph\":[{\"@type\":\"WebPage\",\"@id\":\"https:\/\/dimspeed.com\/produit\/moyeu-de-volant-swiftune\/\",\"url\":\"https:\/\/dimspeed.com\/produit\/moyeu-de-volant-swiftune\/\",\"name\":\"Moyeu de volant Swiftune - Dimspeed, l&#039;atelier de personnalisation automobile\",\"isPartOf\":{\"@id\":\"https:\/\/dimspeed.com\/#website\"},\"primaryImageOfPage\":{\"@id\":\"https:\/\/dimspeed.com\/produit\/moyeu-de-volant-swiftune\/#primaryimage\"},\"image\":{\"@id\":\"https:\/\/dimspeed.com\/produit\/moyeu-de-volant-swiftune\/#primaryimage\"},\"thumbnailUrl\":\"https:\/\/dimspeed.com\/wp-content\/uploads\/2023\/01\/421_Wheel-Boss.jpg\",\"datePublished\":\"2023-02-22T11:14:11+00:00\",\"dateModified\":\"2025-07-16T12:37:22+00:00\",\"breadcrumb\":{\"@id\":\"https:\/\/dimspeed.com\/produit\/moyeu-de-volant-swiftune\/#breadcrumb\"},\"inLanguage\":\"en-GB\",\"potentialAction\":[{\"@type\":\"ReadAction\",\"target\":[\"https:\/\/dimspeed.com\/produit\/moyeu-de-volant-swiftune\/\"]}]},{\"@type\":\"ImageObject\",\"inLanguage\":\"en-GB\",\"@id\":\"https:\/\/dimspeed.com\/produit\/moyeu-de-volant-swiftune\/#primaryimage\",\"url\":\"https:\/\/dimspeed.com\/wp-content\/uploads\/2023\/01\/421_Wheel-Boss.jpg\",\"contentUrl\":\"https:\/\/dimspeed.com\/wp-content\/uploads\/2023\/01\/421_Wheel-Boss.jpg\",\"width\":1314,\"height\":1600},{\"@type\":\"BreadcrumbList\",\"@id\":\"https:\/\/dimspeed.com\/produit\/moyeu-de-volant-swiftune\/#breadcrumb\",\"itemListElement\":[{\"@type\":\"ListItem\",\"position\":1,\"name\":\"Accueil\",\"item\":\"https:\/\/dimspeed.com\/\"},{\"@type\":\"ListItem\",\"position\":2,\"name\":\"Boutique\",\"item\":\"https:\/\/dimspeed.com\/boutique\/\"},{\"@type\":\"ListItem\",\"position\":3,\"name\":\"Moyeu de volant Swiftune\"}]},{\"@type\":\"WebSite\",\"@id\":\"https:\/\/dimspeed.com\/#website\",\"url\":\"https:\/\/dimspeed.com\/\",\"name\":\"Dimspeed, l&#039;atelier de personnalisation automobile\",\"description\":\"MOTORISTE comp\u00e9tition et collection SPECIALISTE moteur A-SERIE\",\"publisher\":{\"@id\":\"https:\/\/dimspeed.com\/#organization\"},\"potentialAction\":[{\"@type\":\"SearchAction\",\"target\":{\"@type\":\"EntryPoint\",\"urlTemplate\":\"https:\/\/dimspeed.com\/?s={search_term_string}\"},\"query-input\":{\"@type\":\"PropertyValueSpecification\",\"valueRequired\":true,\"valueName\":\"search_term_string\"}}],\"inLanguage\":\"en-GB\"},{\"@type\":\"Organization\",\"@id\":\"https:\/\/dimspeed.com\/#organization\",\"name\":\"Dimspeed, l&#039;atelier de personnalisation automobile\",\"url\":\"https:\/\/dimspeed.com\/\",\"logo\":{\"@type\":\"ImageObject\",\"inLanguage\":\"en-GB\",\"@id\":\"https:\/\/dimspeed.com\/#\/schema\/logo\/image\/\",\"url\":\"https:\/\/dimspeed.com\/wp-content\/uploads\/2020\/11\/logo-site.png\",\"contentUrl\":\"https:\/\/dimspeed.com\/wp-content\/uploads\/2020\/11\/logo-site.png\",\"width\":486,\"height\":178,\"caption\":\"Dimspeed, l&#039;atelier de personnalisation automobile\"},\"image\":{\"@id\":\"https:\/\/dimspeed.com\/#\/schema\/logo\/image\/\"}}]}<\/script>\n<!-- \/ Yoast SEO plugin. -->","yoast_head_json":{"title":"Moyeu de volant Swiftune - Dimspeed, l&#039;atelier de personnalisation automobile","robots":{"index":"index","follow":"follow","max-snippet":"max-snippet:-1","max-image-preview":"max-image-preview:large","max-video-preview":"max-video-preview:-1"},"canonical":"https:\/\/dimspeed.com\/en\/product\/moyeu-de-volant-swiftune\/","og_locale":"en_GB","og_type":"article","og_title":"Moyeu de volant Swiftune - Dimspeed, l&#039;atelier de personnalisation automobile","og_description":"Ce moyeu de volant Swiftune a \u00e9t\u00e9 sp\u00e9cialement con\u00e7u pour am\u00e9liorer la position de conduite du pilote dans la voiture. Il mesure 100mm de long. Rapproch\u00e9 le volant permet au pilote un contr\u00f4le total. Vous conduisez la voiture, ce n&#8217;est pas la voiture qui vous conduit! Con\u00e7u en CNC \u00e0 partir de l&#8217;aluminium de haute [&hellip;]","og_url":"https:\/\/dimspeed.com\/en\/product\/moyeu-de-volant-swiftune\/","og_site_name":"Dimspeed, l&#039;atelier de personnalisation automobile","article_modified_time":"2025-07-16T12:37:22+00:00","og_image":[{"width":1314,"height":1600,"url":"https:\/\/dimspeed.com\/wp-content\/uploads\/2023\/01\/421_Wheel-Boss.jpg","type":"image\/jpeg"}],"twitter_card":"summary_large_image","twitter_misc":{"Estimated reading time":"1 minute"},"schema":{"@context":"https:\/\/schema.org","@graph":[{"@type":"WebPage","@id":"https:\/\/dimspeed.com\/produit\/moyeu-de-volant-swiftune\/","url":"https:\/\/dimspeed.com\/produit\/moyeu-de-volant-swiftune\/","name":"Moyeu de volant Swiftune - Dimspeed, l&#039;atelier de personnalisation automobile","isPartOf":{"@id":"https:\/\/dimspeed.com\/#website"},"primaryImageOfPage":{"@id":"https:\/\/dimspeed.com\/produit\/moyeu-de-volant-swiftune\/#primaryimage"},"image":{"@id":"https:\/\/dimspeed.com\/produit\/moyeu-de-volant-swiftune\/#primaryimage"},"thumbnailUrl":"https:\/\/dimspeed.com\/wp-content\/uploads\/2023\/01\/421_Wheel-Boss.jpg","datePublished":"2023-02-22T11:14:11+00:00","dateModified":"2025-07-16T12:37:22+00:00","breadcrumb":{"@id":"https:\/\/dimspeed.com\/produit\/moyeu-de-volant-swiftune\/#breadcrumb"},"inLanguage":"en-GB","potentialAction":[{"@type":"ReadAction","target":["https:\/\/dimspeed.com\/produit\/moyeu-de-volant-swiftune\/"]}]},{"@type":"ImageObject","inLanguage":"en-GB","@id":"https:\/\/dimspeed.com\/produit\/moyeu-de-volant-swiftune\/#primaryimage","url":"https:\/\/dimspeed.com\/wp-content\/uploads\/2023\/01\/421_Wheel-Boss.jpg","contentUrl":"https:\/\/dimspeed.com\/wp-content\/uploads\/2023\/01\/421_Wheel-Boss.jpg","width":1314,"height":1600},{"@type":"BreadcrumbList","@id":"https:\/\/dimspeed.com\/produit\/moyeu-de-volant-swiftune\/#breadcrumb","itemListElement":[{"@type":"ListItem","position":1,"name":"Accueil","item":"https:\/\/dimspeed.com\/"},{"@type":"ListItem","position":2,"name":"Boutique","item":"https:\/\/dimspeed.com\/boutique\/"},{"@type":"ListItem","position":3,"name":"Moyeu de volant Swiftune"}]},{"@type":"WebSite","@id":"https:\/\/dimspeed.com\/#website","url":"https:\/\/dimspeed.com\/","name":"Dimspeed, l&#039;atelier de personnalisation automobile","description":"MOTORISTE comp\u00e9tition et collection SPECIALISTE moteur A-SERIE","publisher":{"@id":"https:\/\/dimspeed.com\/#organization"},"potentialAction":[{"@type":"SearchAction","target":{"@type":"EntryPoint","urlTemplate":"https:\/\/dimspeed.com\/?s={search_term_string}"},"query-input":{"@type":"PropertyValueSpecification","valueRequired":true,"valueName":"search_term_string"}}],"inLanguage":"en-GB"},{"@type":"Organization","@id":"https:\/\/dimspeed.com\/#organization","name":"Dimspeed, l&#039;atelier de personnalisation automobile","url":"https:\/\/dimspeed.com\/","logo":{"@type":"ImageObject","inLanguage":"en-GB","@id":"https:\/\/dimspeed.com\/#\/schema\/logo\/image\/","url":"https:\/\/dimspeed.com\/wp-content\/uploads\/2020\/11\/logo-site.png","contentUrl":"https:\/\/dimspeed.com\/wp-content\/uploads\/2020\/11\/logo-site.png","width":486,"height":178,"caption":"Dimspeed, l&#039;atelier de personnalisation automobile"},"image":{"@id":"https:\/\/dimspeed.com\/#\/schema\/logo\/image\/"}}]}},"_links":{"self":[{"href":"https:\/\/dimspeed.com\/en\/wp-json\/wp\/v2\/product\/4599","targetHints":{"allow":["GET"]}}],"collection":[{"href":"https:\/\/dimspeed.com\/en\/wp-json\/wp\/v2\/product"}],"about":[{"href":"https:\/\/dimspeed.com\/en\/wp-json\/wp\/v2\/types\/product"}],"version-history":[{"count":1,"href":"https:\/\/dimspeed.com\/en\/wp-json\/wp\/v2\/product\/4599\/revisions"}],"predecessor-version":[{"id":4629,"href":"https:\/\/dimspeed.com\/en\/wp-json\/wp\/v2\/product\/4599\/revisions\/4629"}],"wp:featuredmedia":[{"embeddable":true,"href":"https:\/\/dimspeed.com\/en\/wp-json\/wp\/v2\/media\/4600"}],"wp:attachment":[{"href":"https:\/\/dimspeed.com\/en\/wp-json\/wp\/v2\/media?parent=4599"}],"wp:term":[{"taxonomy":"product_brand","embeddable":true,"href":"https:\/\/dimspeed.com\/en\/wp-json\/wp\/v2\/product_brand?post=4599"},{"taxonomy":"product_cat","embeddable":true,"href":"https:\/\/dimspeed.com\/en\/wp-json\/wp\/v2\/product_cat?post=4599"},{"taxonomy":"product_tag","embeddable":true,"href":"https:\/\/dimspeed.com\/en\/wp-json\/wp\/v2\/product_tag?post=4599"}],"curies":[{"name":"wp","href":"https:\/\/api.w.org\/{rel}","templated":true}]}}