{"id":4428,"date":"2022-12-05T15:18:39","date_gmt":"2022-12-05T14:18:39","guid":{"rendered":"https:\/\/dimspeed.com\/?post_type=product&#038;p=4428"},"modified":"2025-10-29T11:07:20","modified_gmt":"2025-10-29T10:07:20","slug":"kit-de-pompe-a-essence-facet","status":"publish","type":"product","link":"https:\/\/dimspeed.com\/en\/product\/kit-de-pompe-a-essence-facet\/","title":{"rendered":"Facet Fuel Pump Kit"},"content":{"rendered":"<p>Facet Fuel Pump Kit 12V. This fuel pump is ideal if you want to replace your road Mini's mecanical fuel pump. It's perfect for SU carburretor. A pressure regulator will not be required anymore.<\/p>\n<p>Specification:<\/p>\n<ul>\n<li>Flow Rate: 12 Gallons \/ hour<\/li>\n<li>Pressure: 2.5 \u2013 3.0 psi<\/li>\n<li>Dry prime height: 0.3 Mtrs<\/li>\n<li>Thread size: 1\/8th NPTF<\/li>\n<li>12V positive or negative earth<\/li>\n<\/ul>\n<p>&nbsp;<\/p>\n<p>The Facet fuel pump kit includes:<\/p>\n<ul>\n<li>Fuel Pump<\/li>\n<li>Fuel Pump rubber mounting isolation feet<\/li>\n<li>8mm inlet filter union<\/li>\n<li>8mm outlet union<\/li>\n<\/ul>\n<p>&nbsp;<\/p>\n<p>Its small size makes the installation easy.<\/p>","protected":false},"excerpt":{"rendered":"<p>Kit de pompe \u00e0 carburant 12V. Cette pompe \u00e0 essence est id\u00e9ale pour remplacer votre pompe \u00e0 essence m\u00e9canique sur votre Mini de route. Elle est parfaite pour les carburateurs SU. De plus, elle n&#8217;aura pas besoin d&#8217;un r\u00e9gulateur de pression pour \u00eatre mont\u00e9e. Sp\u00e9cification: D\u00e9bit: 12 gallons \/ heure Pression: 2.5 &#8211; 3.0 psi [&hellip;]<\/p>","protected":false},"featured_media":4436,"template":"","meta":[],"product_brand":[],"product_cat":[15,35,26,25],"product_tag":[73,175,174,173],"class_list":{"0":"post-4428","1":"product","2":"type-product","3":"status-publish","4":"has-post-thumbnail","6":"product_cat-moteur","7":"product_cat-pompes","8":"product_cat-peripherique","9":"product_cat-carburation","10":"product_tag-chassis","11":"product_tag-essence","12":"product_tag-facet","13":"product_tag-pompe-a-essence","15":"first","16":"onbackorder","17":"taxable","18":"shipping-taxable","19":"purchasable","20":"product-type-simple"},"yoast_head":"<!-- This site is optimized with the Yoast SEO plugin v27.1.1 - https:\/\/yoast.com\/product\/yoast-seo-wordpress\/ -->\n<title>Kit de Pompe \u00e0 Essence - Facet - Dimspeed, l&#039;atelier de personnalisation automobile<\/title>\n<meta name=\"robots\" content=\"index, follow, max-snippet:-1, max-image-preview:large, max-video-preview:-1\" \/>\n<link rel=\"canonical\" href=\"https:\/\/dimspeed.com\/en\/product\/kit-de-pompe-a-essence-facet\/\" \/>\n<meta property=\"og:locale\" content=\"en_GB\" \/>\n<meta property=\"og:type\" content=\"article\" \/>\n<meta property=\"og:title\" content=\"Kit de Pompe \u00e0 Essence - Facet - Dimspeed, l&#039;atelier de personnalisation automobile\" \/>\n<meta property=\"og:description\" content=\"Kit de pompe \u00e0 carburant 12V. Cette pompe \u00e0 essence est id\u00e9ale pour remplacer votre pompe \u00e0 essence m\u00e9canique sur votre Mini de route. Elle est parfaite pour les carburateurs SU. De plus, elle n&#8217;aura pas besoin d&#8217;un r\u00e9gulateur de pression pour \u00eatre mont\u00e9e. Sp\u00e9cification: D\u00e9bit: 12 gallons \/ heure Pression: 2.5 &#8211; 3.0 psi [&hellip;]\" \/>\n<meta property=\"og:url\" content=\"https:\/\/dimspeed.com\/en\/product\/kit-de-pompe-a-essence-facet\/\" \/>\n<meta property=\"og:site_name\" content=\"Dimspeed, l&#039;atelier de personnalisation automobile\" \/>\n<meta property=\"article:modified_time\" content=\"2025-10-29T10:07:20+00:00\" \/>\n<meta property=\"og:image\" content=\"https:\/\/dimspeed.com\/wp-content\/uploads\/2022\/12\/416_Pompe-a-Essence-scaled.jpg\" \/>\n\t<meta property=\"og:image:width\" content=\"1440\" \/>\n\t<meta property=\"og:image:height\" content=\"1920\" \/>\n\t<meta property=\"og:image:type\" content=\"image\/jpeg\" \/>\n<meta name=\"twitter:card\" content=\"summary_large_image\" \/>\n<meta name=\"twitter:label1\" content=\"Estimated reading time\" \/>\n\t<meta name=\"twitter:data1\" content=\"1 minute\" \/>\n<script type=\"application\/ld+json\" class=\"yoast-schema-graph\">{\"@context\":\"https:\/\/schema.org\",\"@graph\":[{\"@type\":\"WebPage\",\"@id\":\"https:\/\/dimspeed.com\/produit\/kit-de-pompe-a-essence-facet\/\",\"url\":\"https:\/\/dimspeed.com\/produit\/kit-de-pompe-a-essence-facet\/\",\"name\":\"Kit de Pompe \u00e0 Essence - Facet - Dimspeed, l&#039;atelier de personnalisation automobile\",\"isPartOf\":{\"@id\":\"https:\/\/dimspeed.com\/#website\"},\"primaryImageOfPage\":{\"@id\":\"https:\/\/dimspeed.com\/produit\/kit-de-pompe-a-essence-facet\/#primaryimage\"},\"image\":{\"@id\":\"https:\/\/dimspeed.com\/produit\/kit-de-pompe-a-essence-facet\/#primaryimage\"},\"thumbnailUrl\":\"https:\/\/dimspeed.com\/wp-content\/uploads\/2022\/12\/416_Pompe-a-Essence-scaled.jpg\",\"datePublished\":\"2022-12-05T14:18:39+00:00\",\"dateModified\":\"2025-10-29T10:07:20+00:00\",\"breadcrumb\":{\"@id\":\"https:\/\/dimspeed.com\/produit\/kit-de-pompe-a-essence-facet\/#breadcrumb\"},\"inLanguage\":\"en-GB\",\"potentialAction\":[{\"@type\":\"ReadAction\",\"target\":[\"https:\/\/dimspeed.com\/produit\/kit-de-pompe-a-essence-facet\/\"]}]},{\"@type\":\"ImageObject\",\"inLanguage\":\"en-GB\",\"@id\":\"https:\/\/dimspeed.com\/produit\/kit-de-pompe-a-essence-facet\/#primaryimage\",\"url\":\"https:\/\/dimspeed.com\/wp-content\/uploads\/2022\/12\/416_Pompe-a-Essence-scaled.jpg\",\"contentUrl\":\"https:\/\/dimspeed.com\/wp-content\/uploads\/2022\/12\/416_Pompe-a-Essence-scaled.jpg\",\"width\":1440,\"height\":1920},{\"@type\":\"BreadcrumbList\",\"@id\":\"https:\/\/dimspeed.com\/produit\/kit-de-pompe-a-essence-facet\/#breadcrumb\",\"itemListElement\":[{\"@type\":\"ListItem\",\"position\":1,\"name\":\"Accueil\",\"item\":\"https:\/\/dimspeed.com\/\"},{\"@type\":\"ListItem\",\"position\":2,\"name\":\"Boutique\",\"item\":\"https:\/\/dimspeed.com\/boutique\/\"},{\"@type\":\"ListItem\",\"position\":3,\"name\":\"Kit de Pompe \u00e0 Essence &#8211; Facet\"}]},{\"@type\":\"WebSite\",\"@id\":\"https:\/\/dimspeed.com\/#website\",\"url\":\"https:\/\/dimspeed.com\/\",\"name\":\"Dimspeed, l&#039;atelier de personnalisation automobile\",\"description\":\"MOTORISTE comp\u00e9tition et collection SPECIALISTE moteur A-SERIE\",\"publisher\":{\"@id\":\"https:\/\/dimspeed.com\/#organization\"},\"potentialAction\":[{\"@type\":\"SearchAction\",\"target\":{\"@type\":\"EntryPoint\",\"urlTemplate\":\"https:\/\/dimspeed.com\/?s={search_term_string}\"},\"query-input\":{\"@type\":\"PropertyValueSpecification\",\"valueRequired\":true,\"valueName\":\"search_term_string\"}}],\"inLanguage\":\"en-GB\"},{\"@type\":\"Organization\",\"@id\":\"https:\/\/dimspeed.com\/#organization\",\"name\":\"Dimspeed, l&#039;atelier de personnalisation automobile\",\"url\":\"https:\/\/dimspeed.com\/\",\"logo\":{\"@type\":\"ImageObject\",\"inLanguage\":\"en-GB\",\"@id\":\"https:\/\/dimspeed.com\/#\/schema\/logo\/image\/\",\"url\":\"https:\/\/dimspeed.com\/wp-content\/uploads\/2020\/11\/logo-site.png\",\"contentUrl\":\"https:\/\/dimspeed.com\/wp-content\/uploads\/2020\/11\/logo-site.png\",\"width\":486,\"height\":178,\"caption\":\"Dimspeed, l&#039;atelier de personnalisation automobile\"},\"image\":{\"@id\":\"https:\/\/dimspeed.com\/#\/schema\/logo\/image\/\"}}]}<\/script>\n<!-- \/ Yoast SEO plugin. -->","yoast_head_json":{"title":"Kit de Pompe \u00e0 Essence - Facet - Dimspeed, l&#039;atelier de personnalisation automobile","robots":{"index":"index","follow":"follow","max-snippet":"max-snippet:-1","max-image-preview":"max-image-preview:large","max-video-preview":"max-video-preview:-1"},"canonical":"https:\/\/dimspeed.com\/en\/product\/kit-de-pompe-a-essence-facet\/","og_locale":"en_GB","og_type":"article","og_title":"Kit de Pompe \u00e0 Essence - Facet - Dimspeed, l&#039;atelier de personnalisation automobile","og_description":"Kit de pompe \u00e0 carburant 12V. Cette pompe \u00e0 essence est id\u00e9ale pour remplacer votre pompe \u00e0 essence m\u00e9canique sur votre Mini de route. Elle est parfaite pour les carburateurs SU. De plus, elle n&#8217;aura pas besoin d&#8217;un r\u00e9gulateur de pression pour \u00eatre mont\u00e9e. Sp\u00e9cification: D\u00e9bit: 12 gallons \/ heure Pression: 2.5 &#8211; 3.0 psi [&hellip;]","og_url":"https:\/\/dimspeed.com\/en\/product\/kit-de-pompe-a-essence-facet\/","og_site_name":"Dimspeed, l&#039;atelier de personnalisation automobile","article_modified_time":"2025-10-29T10:07:20+00:00","og_image":[{"width":1440,"height":1920,"url":"https:\/\/dimspeed.com\/wp-content\/uploads\/2022\/12\/416_Pompe-a-Essence-scaled.jpg","type":"image\/jpeg"}],"twitter_card":"summary_large_image","twitter_misc":{"Estimated reading time":"1 minute"},"schema":{"@context":"https:\/\/schema.org","@graph":[{"@type":"WebPage","@id":"https:\/\/dimspeed.com\/produit\/kit-de-pompe-a-essence-facet\/","url":"https:\/\/dimspeed.com\/produit\/kit-de-pompe-a-essence-facet\/","name":"Kit de Pompe \u00e0 Essence - Facet - Dimspeed, l&#039;atelier de personnalisation automobile","isPartOf":{"@id":"https:\/\/dimspeed.com\/#website"},"primaryImageOfPage":{"@id":"https:\/\/dimspeed.com\/produit\/kit-de-pompe-a-essence-facet\/#primaryimage"},"image":{"@id":"https:\/\/dimspeed.com\/produit\/kit-de-pompe-a-essence-facet\/#primaryimage"},"thumbnailUrl":"https:\/\/dimspeed.com\/wp-content\/uploads\/2022\/12\/416_Pompe-a-Essence-scaled.jpg","datePublished":"2022-12-05T14:18:39+00:00","dateModified":"2025-10-29T10:07:20+00:00","breadcrumb":{"@id":"https:\/\/dimspeed.com\/produit\/kit-de-pompe-a-essence-facet\/#breadcrumb"},"inLanguage":"en-GB","potentialAction":[{"@type":"ReadAction","target":["https:\/\/dimspeed.com\/produit\/kit-de-pompe-a-essence-facet\/"]}]},{"@type":"ImageObject","inLanguage":"en-GB","@id":"https:\/\/dimspeed.com\/produit\/kit-de-pompe-a-essence-facet\/#primaryimage","url":"https:\/\/dimspeed.com\/wp-content\/uploads\/2022\/12\/416_Pompe-a-Essence-scaled.jpg","contentUrl":"https:\/\/dimspeed.com\/wp-content\/uploads\/2022\/12\/416_Pompe-a-Essence-scaled.jpg","width":1440,"height":1920},{"@type":"BreadcrumbList","@id":"https:\/\/dimspeed.com\/produit\/kit-de-pompe-a-essence-facet\/#breadcrumb","itemListElement":[{"@type":"ListItem","position":1,"name":"Accueil","item":"https:\/\/dimspeed.com\/"},{"@type":"ListItem","position":2,"name":"Boutique","item":"https:\/\/dimspeed.com\/boutique\/"},{"@type":"ListItem","position":3,"name":"Kit de Pompe \u00e0 Essence &#8211; Facet"}]},{"@type":"WebSite","@id":"https:\/\/dimspeed.com\/#website","url":"https:\/\/dimspeed.com\/","name":"Dimspeed, l&#039;atelier de personnalisation automobile","description":"MOTORISTE comp\u00e9tition et collection SPECIALISTE moteur A-SERIE","publisher":{"@id":"https:\/\/dimspeed.com\/#organization"},"potentialAction":[{"@type":"SearchAction","target":{"@type":"EntryPoint","urlTemplate":"https:\/\/dimspeed.com\/?s={search_term_string}"},"query-input":{"@type":"PropertyValueSpecification","valueRequired":true,"valueName":"search_term_string"}}],"inLanguage":"en-GB"},{"@type":"Organization","@id":"https:\/\/dimspeed.com\/#organization","name":"Dimspeed, l&#039;atelier de personnalisation automobile","url":"https:\/\/dimspeed.com\/","logo":{"@type":"ImageObject","inLanguage":"en-GB","@id":"https:\/\/dimspeed.com\/#\/schema\/logo\/image\/","url":"https:\/\/dimspeed.com\/wp-content\/uploads\/2020\/11\/logo-site.png","contentUrl":"https:\/\/dimspeed.com\/wp-content\/uploads\/2020\/11\/logo-site.png","width":486,"height":178,"caption":"Dimspeed, l&#039;atelier de personnalisation automobile"},"image":{"@id":"https:\/\/dimspeed.com\/#\/schema\/logo\/image\/"}}]}},"_links":{"self":[{"href":"https:\/\/dimspeed.com\/en\/wp-json\/wp\/v2\/product\/4428","targetHints":{"allow":["GET"]}}],"collection":[{"href":"https:\/\/dimspeed.com\/en\/wp-json\/wp\/v2\/product"}],"about":[{"href":"https:\/\/dimspeed.com\/en\/wp-json\/wp\/v2\/types\/product"}],"version-history":[{"count":5,"href":"https:\/\/dimspeed.com\/en\/wp-json\/wp\/v2\/product\/4428\/revisions"}],"predecessor-version":[{"id":4443,"href":"https:\/\/dimspeed.com\/en\/wp-json\/wp\/v2\/product\/4428\/revisions\/4443"}],"wp:featuredmedia":[{"embeddable":true,"href":"https:\/\/dimspeed.com\/en\/wp-json\/wp\/v2\/media\/4436"}],"wp:attachment":[{"href":"https:\/\/dimspeed.com\/en\/wp-json\/wp\/v2\/media?parent=4428"}],"wp:term":[{"taxonomy":"product_brand","embeddable":true,"href":"https:\/\/dimspeed.com\/en\/wp-json\/wp\/v2\/product_brand?post=4428"},{"taxonomy":"product_cat","embeddable":true,"href":"https:\/\/dimspeed.com\/en\/wp-json\/wp\/v2\/product_cat?post=4428"},{"taxonomy":"product_tag","embeddable":true,"href":"https:\/\/dimspeed.com\/en\/wp-json\/wp\/v2\/product_tag?post=4428"}],"curies":[{"name":"wp","href":"https:\/\/api.w.org\/{rel}","templated":true}]}}