{"id":4298,"date":"2022-10-27T16:35:01","date_gmt":"2022-10-27T14:35:01","guid":{"rendered":"https:\/\/dimspeed.com\/?post_type=product&#038;p=4298"},"modified":"2025-02-14T10:13:23","modified_gmt":"2025-02-14T09:13:23","slug":"carte-cadeau-dimspeed","status":"publish","type":"product","link":"https:\/\/dimspeed.com\/en\/product\/carte-cadeau-dimspeed\/","title":{"rendered":"Dimspeed Voucher"},"content":{"rendered":"<p>One of your loved ones like our products? Make them happy with this Dimspeed voucher. Select on the drop down menu below, the amount you would like. From 20\u20ac00 up to 100\u20ac00.<\/p>\n<p>Once you had made your order, you will receive an email with you rvoucher in the value chosen. Valid for a year from the date of purchase.<\/p>\n<p>If the voucher is the only pruchase you had made on our website, please select \"Free - Collect at the workshop\" from the box \"Shipping\" in your basket in order to receive an email free of shipping fees.<\/p>\n<p>If you have any questions, please contact us at contact@dimspeed.com<\/p>\n<p>&nbsp;<\/p>\n<p>&nbsp;<\/p>","protected":false},"excerpt":{"rendered":"<p>Un de vos proches adore nos produits? Faite lui plaisir en lui offrant ce ch\u00e8que cadeau d&#8217;une valeur de 20\u20ac00, 50\u20ac00 ou 100\u20ac00. Il vous suffit de choisir le montant que vous souhaitez dans le menu d\u00e9roulant ci-dessous. Une fois la commande pass\u00e9e, vous recevrez un email avec votre ch\u00e8que cadeau de la valeur du [&hellip;]<\/p>","protected":false},"featured_media":4371,"template":"","meta":[],"product_brand":[],"product_cat":[135],"product_tag":[66,177],"class_list":{"0":"post-4298","1":"product","2":"type-product","3":"status-publish","4":"has-post-thumbnail","6":"product_cat-cheque-cadeau","7":"product_tag-dimspeed","8":"product_tag-marchandising","10":"first","11":"instock","12":"taxable","13":"shipping-taxable","14":"purchasable","15":"product-type-variable"},"yoast_head":"<!-- This site is optimized with the Yoast SEO plugin v27.1.1 - https:\/\/yoast.com\/product\/yoast-seo-wordpress\/ -->\n<title>Ch\u00e8que Cadeau Dimspeed - Dimspeed, l&#039;atelier de personnalisation automobile<\/title>\n<meta name=\"robots\" content=\"index, follow, max-snippet:-1, max-image-preview:large, max-video-preview:-1\" \/>\n<link rel=\"canonical\" href=\"https:\/\/dimspeed.com\/en\/product\/carte-cadeau-dimspeed\/\" \/>\n<meta property=\"og:locale\" content=\"en_GB\" \/>\n<meta property=\"og:type\" content=\"article\" \/>\n<meta property=\"og:title\" content=\"Ch\u00e8que Cadeau Dimspeed - Dimspeed, l&#039;atelier de personnalisation automobile\" \/>\n<meta property=\"og:description\" content=\"Un de vos proches adore nos produits? Faite lui plaisir en lui offrant ce ch\u00e8que cadeau d&#8217;une valeur de 20\u20ac00, 50\u20ac00 ou 100\u20ac00. Il vous suffit de choisir le montant que vous souhaitez dans le menu d\u00e9roulant ci-dessous. Une fois la commande pass\u00e9e, vous recevrez un email avec votre ch\u00e8que cadeau de la valeur du [&hellip;]\" \/>\n<meta property=\"og:url\" content=\"https:\/\/dimspeed.com\/en\/product\/carte-cadeau-dimspeed\/\" \/>\n<meta property=\"og:site_name\" content=\"Dimspeed, l&#039;atelier de personnalisation automobile\" \/>\n<meta property=\"article:modified_time\" content=\"2025-02-14T09:13:23+00:00\" \/>\n<meta property=\"og:image\" content=\"https:\/\/dimspeed.com\/wp-content\/uploads\/2022\/10\/Carte-Cadeau-Dimspeed_FR-1.jpg\" \/>\n\t<meta property=\"og:image:width\" content=\"737\" \/>\n\t<meta property=\"og:image:height\" content=\"470\" \/>\n\t<meta property=\"og:image:type\" content=\"image\/jpeg\" \/>\n<meta name=\"twitter:card\" content=\"summary_large_image\" \/>\n<meta name=\"twitter:label1\" content=\"Estimated reading time\" \/>\n\t<meta name=\"twitter:data1\" content=\"1 minute\" \/>\n<script type=\"application\/ld+json\" class=\"yoast-schema-graph\">{\"@context\":\"https:\/\/schema.org\",\"@graph\":[{\"@type\":\"WebPage\",\"@id\":\"https:\/\/dimspeed.com\/produit\/carte-cadeau-dimspeed\/\",\"url\":\"https:\/\/dimspeed.com\/produit\/carte-cadeau-dimspeed\/\",\"name\":\"Ch\u00e8que Cadeau Dimspeed - Dimspeed, l&#039;atelier de personnalisation automobile\",\"isPartOf\":{\"@id\":\"https:\/\/dimspeed.com\/#website\"},\"primaryImageOfPage\":{\"@id\":\"https:\/\/dimspeed.com\/produit\/carte-cadeau-dimspeed\/#primaryimage\"},\"image\":{\"@id\":\"https:\/\/dimspeed.com\/produit\/carte-cadeau-dimspeed\/#primaryimage\"},\"thumbnailUrl\":\"https:\/\/dimspeed.com\/wp-content\/uploads\/2022\/10\/Carte-Cadeau-Dimspeed_FR-1.jpg\",\"datePublished\":\"2022-10-27T14:35:01+00:00\",\"dateModified\":\"2025-02-14T09:13:23+00:00\",\"breadcrumb\":{\"@id\":\"https:\/\/dimspeed.com\/produit\/carte-cadeau-dimspeed\/#breadcrumb\"},\"inLanguage\":\"en-GB\",\"potentialAction\":[{\"@type\":\"ReadAction\",\"target\":[\"https:\/\/dimspeed.com\/produit\/carte-cadeau-dimspeed\/\"]}]},{\"@type\":\"ImageObject\",\"inLanguage\":\"en-GB\",\"@id\":\"https:\/\/dimspeed.com\/produit\/carte-cadeau-dimspeed\/#primaryimage\",\"url\":\"https:\/\/dimspeed.com\/wp-content\/uploads\/2022\/10\/Carte-Cadeau-Dimspeed_FR-1.jpg\",\"contentUrl\":\"https:\/\/dimspeed.com\/wp-content\/uploads\/2022\/10\/Carte-Cadeau-Dimspeed_FR-1.jpg\",\"width\":737,\"height\":470},{\"@type\":\"BreadcrumbList\",\"@id\":\"https:\/\/dimspeed.com\/produit\/carte-cadeau-dimspeed\/#breadcrumb\",\"itemListElement\":[{\"@type\":\"ListItem\",\"position\":1,\"name\":\"Accueil\",\"item\":\"https:\/\/dimspeed.com\/\"},{\"@type\":\"ListItem\",\"position\":2,\"name\":\"Boutique\",\"item\":\"https:\/\/dimspeed.com\/boutique\/\"},{\"@type\":\"ListItem\",\"position\":3,\"name\":\"Ch\u00e8que Cadeau Dimspeed\"}]},{\"@type\":\"WebSite\",\"@id\":\"https:\/\/dimspeed.com\/#website\",\"url\":\"https:\/\/dimspeed.com\/\",\"name\":\"Dimspeed, l&#039;atelier de personnalisation automobile\",\"description\":\"MOTORISTE comp\u00e9tition et collection SPECIALISTE moteur A-SERIE\",\"publisher\":{\"@id\":\"https:\/\/dimspeed.com\/#organization\"},\"potentialAction\":[{\"@type\":\"SearchAction\",\"target\":{\"@type\":\"EntryPoint\",\"urlTemplate\":\"https:\/\/dimspeed.com\/?s={search_term_string}\"},\"query-input\":{\"@type\":\"PropertyValueSpecification\",\"valueRequired\":true,\"valueName\":\"search_term_string\"}}],\"inLanguage\":\"en-GB\"},{\"@type\":\"Organization\",\"@id\":\"https:\/\/dimspeed.com\/#organization\",\"name\":\"Dimspeed, l&#039;atelier de personnalisation automobile\",\"url\":\"https:\/\/dimspeed.com\/\",\"logo\":{\"@type\":\"ImageObject\",\"inLanguage\":\"en-GB\",\"@id\":\"https:\/\/dimspeed.com\/#\/schema\/logo\/image\/\",\"url\":\"https:\/\/dimspeed.com\/wp-content\/uploads\/2020\/11\/logo-site.png\",\"contentUrl\":\"https:\/\/dimspeed.com\/wp-content\/uploads\/2020\/11\/logo-site.png\",\"width\":486,\"height\":178,\"caption\":\"Dimspeed, l&#039;atelier de personnalisation automobile\"},\"image\":{\"@id\":\"https:\/\/dimspeed.com\/#\/schema\/logo\/image\/\"}}]}<\/script>\n<!-- \/ Yoast SEO plugin. -->","yoast_head_json":{"title":"Ch\u00e8que Cadeau Dimspeed - Dimspeed, l&#039;atelier de personnalisation automobile","robots":{"index":"index","follow":"follow","max-snippet":"max-snippet:-1","max-image-preview":"max-image-preview:large","max-video-preview":"max-video-preview:-1"},"canonical":"https:\/\/dimspeed.com\/en\/product\/carte-cadeau-dimspeed\/","og_locale":"en_GB","og_type":"article","og_title":"Ch\u00e8que Cadeau Dimspeed - Dimspeed, l&#039;atelier de personnalisation automobile","og_description":"Un de vos proches adore nos produits? Faite lui plaisir en lui offrant ce ch\u00e8que cadeau d&#8217;une valeur de 20\u20ac00, 50\u20ac00 ou 100\u20ac00. Il vous suffit de choisir le montant que vous souhaitez dans le menu d\u00e9roulant ci-dessous. Une fois la commande pass\u00e9e, vous recevrez un email avec votre ch\u00e8que cadeau de la valeur du [&hellip;]","og_url":"https:\/\/dimspeed.com\/en\/product\/carte-cadeau-dimspeed\/","og_site_name":"Dimspeed, l&#039;atelier de personnalisation automobile","article_modified_time":"2025-02-14T09:13:23+00:00","og_image":[{"width":737,"height":470,"url":"https:\/\/dimspeed.com\/wp-content\/uploads\/2022\/10\/Carte-Cadeau-Dimspeed_FR-1.jpg","type":"image\/jpeg"}],"twitter_card":"summary_large_image","twitter_misc":{"Estimated reading time":"1 minute"},"schema":{"@context":"https:\/\/schema.org","@graph":[{"@type":"WebPage","@id":"https:\/\/dimspeed.com\/produit\/carte-cadeau-dimspeed\/","url":"https:\/\/dimspeed.com\/produit\/carte-cadeau-dimspeed\/","name":"Ch\u00e8que Cadeau Dimspeed - Dimspeed, l&#039;atelier de personnalisation automobile","isPartOf":{"@id":"https:\/\/dimspeed.com\/#website"},"primaryImageOfPage":{"@id":"https:\/\/dimspeed.com\/produit\/carte-cadeau-dimspeed\/#primaryimage"},"image":{"@id":"https:\/\/dimspeed.com\/produit\/carte-cadeau-dimspeed\/#primaryimage"},"thumbnailUrl":"https:\/\/dimspeed.com\/wp-content\/uploads\/2022\/10\/Carte-Cadeau-Dimspeed_FR-1.jpg","datePublished":"2022-10-27T14:35:01+00:00","dateModified":"2025-02-14T09:13:23+00:00","breadcrumb":{"@id":"https:\/\/dimspeed.com\/produit\/carte-cadeau-dimspeed\/#breadcrumb"},"inLanguage":"en-GB","potentialAction":[{"@type":"ReadAction","target":["https:\/\/dimspeed.com\/produit\/carte-cadeau-dimspeed\/"]}]},{"@type":"ImageObject","inLanguage":"en-GB","@id":"https:\/\/dimspeed.com\/produit\/carte-cadeau-dimspeed\/#primaryimage","url":"https:\/\/dimspeed.com\/wp-content\/uploads\/2022\/10\/Carte-Cadeau-Dimspeed_FR-1.jpg","contentUrl":"https:\/\/dimspeed.com\/wp-content\/uploads\/2022\/10\/Carte-Cadeau-Dimspeed_FR-1.jpg","width":737,"height":470},{"@type":"BreadcrumbList","@id":"https:\/\/dimspeed.com\/produit\/carte-cadeau-dimspeed\/#breadcrumb","itemListElement":[{"@type":"ListItem","position":1,"name":"Accueil","item":"https:\/\/dimspeed.com\/"},{"@type":"ListItem","position":2,"name":"Boutique","item":"https:\/\/dimspeed.com\/boutique\/"},{"@type":"ListItem","position":3,"name":"Ch\u00e8que Cadeau Dimspeed"}]},{"@type":"WebSite","@id":"https:\/\/dimspeed.com\/#website","url":"https:\/\/dimspeed.com\/","name":"Dimspeed, l&#039;atelier de personnalisation automobile","description":"MOTORISTE comp\u00e9tition et collection SPECIALISTE moteur A-SERIE","publisher":{"@id":"https:\/\/dimspeed.com\/#organization"},"potentialAction":[{"@type":"SearchAction","target":{"@type":"EntryPoint","urlTemplate":"https:\/\/dimspeed.com\/?s={search_term_string}"},"query-input":{"@type":"PropertyValueSpecification","valueRequired":true,"valueName":"search_term_string"}}],"inLanguage":"en-GB"},{"@type":"Organization","@id":"https:\/\/dimspeed.com\/#organization","name":"Dimspeed, l&#039;atelier de personnalisation automobile","url":"https:\/\/dimspeed.com\/","logo":{"@type":"ImageObject","inLanguage":"en-GB","@id":"https:\/\/dimspeed.com\/#\/schema\/logo\/image\/","url":"https:\/\/dimspeed.com\/wp-content\/uploads\/2020\/11\/logo-site.png","contentUrl":"https:\/\/dimspeed.com\/wp-content\/uploads\/2020\/11\/logo-site.png","width":486,"height":178,"caption":"Dimspeed, l&#039;atelier de personnalisation automobile"},"image":{"@id":"https:\/\/dimspeed.com\/#\/schema\/logo\/image\/"}}]}},"_links":{"self":[{"href":"https:\/\/dimspeed.com\/en\/wp-json\/wp\/v2\/product\/4298","targetHints":{"allow":["GET"]}}],"collection":[{"href":"https:\/\/dimspeed.com\/en\/wp-json\/wp\/v2\/product"}],"about":[{"href":"https:\/\/dimspeed.com\/en\/wp-json\/wp\/v2\/types\/product"}],"version-history":[{"count":5,"href":"https:\/\/dimspeed.com\/en\/wp-json\/wp\/v2\/product\/4298\/revisions"}],"predecessor-version":[{"id":4372,"href":"https:\/\/dimspeed.com\/en\/wp-json\/wp\/v2\/product\/4298\/revisions\/4372"}],"wp:featuredmedia":[{"embeddable":true,"href":"https:\/\/dimspeed.com\/en\/wp-json\/wp\/v2\/media\/4371"}],"wp:attachment":[{"href":"https:\/\/dimspeed.com\/en\/wp-json\/wp\/v2\/media?parent=4298"}],"wp:term":[{"taxonomy":"product_brand","embeddable":true,"href":"https:\/\/dimspeed.com\/en\/wp-json\/wp\/v2\/product_brand?post=4298"},{"taxonomy":"product_cat","embeddable":true,"href":"https:\/\/dimspeed.com\/en\/wp-json\/wp\/v2\/product_cat?post=4298"},{"taxonomy":"product_tag","embeddable":true,"href":"https:\/\/dimspeed.com\/en\/wp-json\/wp\/v2\/product_tag?post=4298"}],"curies":[{"name":"wp","href":"https:\/\/api.w.org\/{rel}","templated":true}]}}