{"id":4181,"date":"2022-09-05T16:50:15","date_gmt":"2022-09-05T14:50:15","guid":{"rendered":"https:\/\/dimspeed.com\/?post_type=product&#038;p=4181"},"modified":"2026-04-07T13:08:27","modified_gmt":"2026-04-07T11:08:27","slug":"kit-perfo-sw5-07b-mpi","status":"publish","type":"product","link":"https:\/\/dimspeed.com\/en\/product\/kit-perfo-sw5-07b-mpi\/","title":{"rendered":"Swiftune SW5-07 Billet Camshaft - Rebuild Kit - MPI"},"content":{"rendered":"<p>This set includes:<\/p>\n<ul>\n<li>1 x Swiftune SW5-07 MPI Billet Road Camshaft<\/li>\n<li>1 x Swiftune cam followers set - Race<\/li>\n<li>1 x Oil Pump 1275<\/li>\n<li>1 x Lock tab washer<\/li>\n<\/ul>\n<p>&nbsp;<\/p>\n<p>The SW5-07B is the ideal road camshaft; below 5500 rpm it produces more power than the 286 profile. On average you will spend 90 per cent of your road driving below 5500 rpm. The SW5-07B as featured in the Mini Films \u2018Ultimate A-Series Engine Builder\u2019 DVD. Combined with 1380cc. 1.5 ratio rockers, a Dimspeed L3 head and a single HIF44 produces over 100hp and over 100ft\/lbs of torque pulling with wide on throttle below 2300rpm! See graph above.<\/p>\n<p>The same engine used with Twin H2 1.25\" SU's will pull from 1800 rpm with wide open throttle!<\/p>\n<p>Thousands of SW5-07B cams have been sold for a huge range of engines from: 850cc to 1460cc, twin and single carburetters, standard and 1.5 ratio rockers, SPi and MPi injection, turbo and supercharged.<\/p>","protected":false},"excerpt":{"rendered":"<p>Le kit inclut: 1 x arbre \u00e0 cames SW5-07B &#8211; MPI 1 x kit de poussoirs Swiftune &#8211; Comp\u00e9tition 1 x pompe \u00e0 huile Swiftune 1275 1 x rondelle d&#8217;arr\u00eat &nbsp; Le SW5-07B est l\u2019arbre \u00e0 cames id\u00e9al pour la route. En dessous de 1500 tours, il produit beaucoup plus de bhp qu\u2019un profil 286. [&hellip;]<\/p>","protected":false},"featured_media":6438,"template":"","meta":[],"product_brand":[],"product_cat":[15,46,130,41],"product_tag":[55,165,56,60,182,54,162],"class_list":{"0":"post-4181","1":"product","2":"type-product","3":"status-publish","4":"has-post-thumbnail","6":"product_cat-moteur","7":"product_cat-arbre-a-came","8":"product_cat-sw5-07b-mpi-swiftune","9":"product_cat-kit","10":"product_tag-kit-aac","11":"product_tag-kit-aac-swiftune","12":"product_tag-mpi","13":"product_tag-perfo","14":"product_tag-route","15":"product_tag-sw5","16":"product_tag-swiftune","18":"first","19":"instock","20":"taxable","21":"shipping-taxable","22":"purchasable","23":"product-type-simple"},"yoast_head":"<!-- This site is optimized with the Yoast SEO plugin v27.1.1 - https:\/\/yoast.com\/product\/yoast-seo-wordpress\/ -->\n<title>Kit Perfo SW5-07B - MPI - Dimspeed, l&#039;atelier de personnalisation automobile<\/title>\n<meta name=\"robots\" content=\"index, follow, max-snippet:-1, max-image-preview:large, max-video-preview:-1\" \/>\n<link rel=\"canonical\" href=\"https:\/\/dimspeed.com\/en\/product\/kit-perfo-sw5-07b-mpi\/\" \/>\n<meta property=\"og:locale\" content=\"en_GB\" \/>\n<meta property=\"og:type\" content=\"article\" \/>\n<meta property=\"og:title\" content=\"Kit Perfo SW5-07B - MPI - Dimspeed, l&#039;atelier de personnalisation automobile\" \/>\n<meta property=\"og:description\" content=\"Le kit inclut: 1 x arbre \u00e0 cames SW5-07B &#8211; MPI 1 x kit de poussoirs Swiftune &#8211; Comp\u00e9tition 1 x pompe \u00e0 huile Swiftune 1275 1 x rondelle d&#8217;arr\u00eat &nbsp; Le SW5-07B est l\u2019arbre \u00e0 cames id\u00e9al pour la route. En dessous de 1500 tours, il produit beaucoup plus de bhp qu\u2019un profil 286. [&hellip;]\" \/>\n<meta property=\"og:url\" content=\"https:\/\/dimspeed.com\/en\/product\/kit-perfo-sw5-07b-mpi\/\" \/>\n<meta property=\"og:site_name\" content=\"Dimspeed, l&#039;atelier de personnalisation automobile\" \/>\n<meta property=\"article:modified_time\" content=\"2026-04-07T11:08:27+00:00\" \/>\n<meta property=\"og:image\" content=\"https:\/\/dimspeed.com\/wp-content\/uploads\/2022\/09\/489_Kit-perfo_1275-1.jpg\" \/>\n\t<meta property=\"og:image:width\" content=\"1920\" \/>\n\t<meta property=\"og:image:height\" content=\"1098\" \/>\n\t<meta property=\"og:image:type\" content=\"image\/jpeg\" \/>\n<meta name=\"twitter:card\" content=\"summary_large_image\" \/>\n<meta name=\"twitter:label1\" content=\"Estimated reading time\" \/>\n\t<meta name=\"twitter:data1\" content=\"2 minutes\" \/>\n<script type=\"application\/ld+json\" class=\"yoast-schema-graph\">{\"@context\":\"https:\/\/schema.org\",\"@graph\":[{\"@type\":\"WebPage\",\"@id\":\"https:\/\/dimspeed.com\/produit\/kit-perfo-sw5-07b-mpi\/\",\"url\":\"https:\/\/dimspeed.com\/produit\/kit-perfo-sw5-07b-mpi\/\",\"name\":\"Kit Perfo SW5-07B - MPI - Dimspeed, l&#039;atelier de personnalisation automobile\",\"isPartOf\":{\"@id\":\"https:\/\/dimspeed.com\/#website\"},\"primaryImageOfPage\":{\"@id\":\"https:\/\/dimspeed.com\/produit\/kit-perfo-sw5-07b-mpi\/#primaryimage\"},\"image\":{\"@id\":\"https:\/\/dimspeed.com\/produit\/kit-perfo-sw5-07b-mpi\/#primaryimage\"},\"thumbnailUrl\":\"https:\/\/dimspeed.com\/wp-content\/uploads\/2022\/09\/489_Kit-perfo_1275-1.jpg\",\"datePublished\":\"2022-09-05T14:50:15+00:00\",\"dateModified\":\"2026-04-07T11:08:27+00:00\",\"breadcrumb\":{\"@id\":\"https:\/\/dimspeed.com\/produit\/kit-perfo-sw5-07b-mpi\/#breadcrumb\"},\"inLanguage\":\"en-GB\",\"potentialAction\":[{\"@type\":\"ReadAction\",\"target\":[\"https:\/\/dimspeed.com\/produit\/kit-perfo-sw5-07b-mpi\/\"]}]},{\"@type\":\"ImageObject\",\"inLanguage\":\"en-GB\",\"@id\":\"https:\/\/dimspeed.com\/produit\/kit-perfo-sw5-07b-mpi\/#primaryimage\",\"url\":\"https:\/\/dimspeed.com\/wp-content\/uploads\/2022\/09\/489_Kit-perfo_1275-1.jpg\",\"contentUrl\":\"https:\/\/dimspeed.com\/wp-content\/uploads\/2022\/09\/489_Kit-perfo_1275-1.jpg\",\"width\":1920,\"height\":1098},{\"@type\":\"BreadcrumbList\",\"@id\":\"https:\/\/dimspeed.com\/produit\/kit-perfo-sw5-07b-mpi\/#breadcrumb\",\"itemListElement\":[{\"@type\":\"ListItem\",\"position\":1,\"name\":\"Accueil\",\"item\":\"https:\/\/dimspeed.com\/\"},{\"@type\":\"ListItem\",\"position\":2,\"name\":\"Boutique\",\"item\":\"https:\/\/dimspeed.com\/boutique\/\"},{\"@type\":\"ListItem\",\"position\":3,\"name\":\"Kit Perfo SW5-07B &#8211; MPI\"}]},{\"@type\":\"WebSite\",\"@id\":\"https:\/\/dimspeed.com\/#website\",\"url\":\"https:\/\/dimspeed.com\/\",\"name\":\"Dimspeed, l&#039;atelier de personnalisation automobile\",\"description\":\"MOTORISTE comp\u00e9tition et collection SPECIALISTE moteur A-SERIE\",\"publisher\":{\"@id\":\"https:\/\/dimspeed.com\/#organization\"},\"potentialAction\":[{\"@type\":\"SearchAction\",\"target\":{\"@type\":\"EntryPoint\",\"urlTemplate\":\"https:\/\/dimspeed.com\/?s={search_term_string}\"},\"query-input\":{\"@type\":\"PropertyValueSpecification\",\"valueRequired\":true,\"valueName\":\"search_term_string\"}}],\"inLanguage\":\"en-GB\"},{\"@type\":\"Organization\",\"@id\":\"https:\/\/dimspeed.com\/#organization\",\"name\":\"Dimspeed, l&#039;atelier de personnalisation automobile\",\"url\":\"https:\/\/dimspeed.com\/\",\"logo\":{\"@type\":\"ImageObject\",\"inLanguage\":\"en-GB\",\"@id\":\"https:\/\/dimspeed.com\/#\/schema\/logo\/image\/\",\"url\":\"https:\/\/dimspeed.com\/wp-content\/uploads\/2020\/11\/logo-site.png\",\"contentUrl\":\"https:\/\/dimspeed.com\/wp-content\/uploads\/2020\/11\/logo-site.png\",\"width\":486,\"height\":178,\"caption\":\"Dimspeed, l&#039;atelier de personnalisation automobile\"},\"image\":{\"@id\":\"https:\/\/dimspeed.com\/#\/schema\/logo\/image\/\"}}]}<\/script>\n<!-- \/ Yoast SEO plugin. -->","yoast_head_json":{"title":"Kit Perfo SW5-07B - MPI - Dimspeed, l&#039;atelier de personnalisation automobile","robots":{"index":"index","follow":"follow","max-snippet":"max-snippet:-1","max-image-preview":"max-image-preview:large","max-video-preview":"max-video-preview:-1"},"canonical":"https:\/\/dimspeed.com\/en\/product\/kit-perfo-sw5-07b-mpi\/","og_locale":"en_GB","og_type":"article","og_title":"Kit Perfo SW5-07B - MPI - Dimspeed, l&#039;atelier de personnalisation automobile","og_description":"Le kit inclut: 1 x arbre \u00e0 cames SW5-07B &#8211; MPI 1 x kit de poussoirs Swiftune &#8211; Comp\u00e9tition 1 x pompe \u00e0 huile Swiftune 1275 1 x rondelle d&#8217;arr\u00eat &nbsp; Le SW5-07B est l\u2019arbre \u00e0 cames id\u00e9al pour la route. En dessous de 1500 tours, il produit beaucoup plus de bhp qu\u2019un profil 286. [&hellip;]","og_url":"https:\/\/dimspeed.com\/en\/product\/kit-perfo-sw5-07b-mpi\/","og_site_name":"Dimspeed, l&#039;atelier de personnalisation automobile","article_modified_time":"2026-04-07T11:08:27+00:00","og_image":[{"width":1920,"height":1098,"url":"https:\/\/dimspeed.com\/wp-content\/uploads\/2022\/09\/489_Kit-perfo_1275-1.jpg","type":"image\/jpeg"}],"twitter_card":"summary_large_image","twitter_misc":{"Estimated reading time":"2 minutes"},"schema":{"@context":"https:\/\/schema.org","@graph":[{"@type":"WebPage","@id":"https:\/\/dimspeed.com\/produit\/kit-perfo-sw5-07b-mpi\/","url":"https:\/\/dimspeed.com\/produit\/kit-perfo-sw5-07b-mpi\/","name":"Kit Perfo SW5-07B - MPI - Dimspeed, l&#039;atelier de personnalisation automobile","isPartOf":{"@id":"https:\/\/dimspeed.com\/#website"},"primaryImageOfPage":{"@id":"https:\/\/dimspeed.com\/produit\/kit-perfo-sw5-07b-mpi\/#primaryimage"},"image":{"@id":"https:\/\/dimspeed.com\/produit\/kit-perfo-sw5-07b-mpi\/#primaryimage"},"thumbnailUrl":"https:\/\/dimspeed.com\/wp-content\/uploads\/2022\/09\/489_Kit-perfo_1275-1.jpg","datePublished":"2022-09-05T14:50:15+00:00","dateModified":"2026-04-07T11:08:27+00:00","breadcrumb":{"@id":"https:\/\/dimspeed.com\/produit\/kit-perfo-sw5-07b-mpi\/#breadcrumb"},"inLanguage":"en-GB","potentialAction":[{"@type":"ReadAction","target":["https:\/\/dimspeed.com\/produit\/kit-perfo-sw5-07b-mpi\/"]}]},{"@type":"ImageObject","inLanguage":"en-GB","@id":"https:\/\/dimspeed.com\/produit\/kit-perfo-sw5-07b-mpi\/#primaryimage","url":"https:\/\/dimspeed.com\/wp-content\/uploads\/2022\/09\/489_Kit-perfo_1275-1.jpg","contentUrl":"https:\/\/dimspeed.com\/wp-content\/uploads\/2022\/09\/489_Kit-perfo_1275-1.jpg","width":1920,"height":1098},{"@type":"BreadcrumbList","@id":"https:\/\/dimspeed.com\/produit\/kit-perfo-sw5-07b-mpi\/#breadcrumb","itemListElement":[{"@type":"ListItem","position":1,"name":"Accueil","item":"https:\/\/dimspeed.com\/"},{"@type":"ListItem","position":2,"name":"Boutique","item":"https:\/\/dimspeed.com\/boutique\/"},{"@type":"ListItem","position":3,"name":"Kit Perfo SW5-07B &#8211; MPI"}]},{"@type":"WebSite","@id":"https:\/\/dimspeed.com\/#website","url":"https:\/\/dimspeed.com\/","name":"Dimspeed, l&#039;atelier de personnalisation automobile","description":"MOTORISTE comp\u00e9tition et collection SPECIALISTE moteur A-SERIE","publisher":{"@id":"https:\/\/dimspeed.com\/#organization"},"potentialAction":[{"@type":"SearchAction","target":{"@type":"EntryPoint","urlTemplate":"https:\/\/dimspeed.com\/?s={search_term_string}"},"query-input":{"@type":"PropertyValueSpecification","valueRequired":true,"valueName":"search_term_string"}}],"inLanguage":"en-GB"},{"@type":"Organization","@id":"https:\/\/dimspeed.com\/#organization","name":"Dimspeed, l&#039;atelier de personnalisation automobile","url":"https:\/\/dimspeed.com\/","logo":{"@type":"ImageObject","inLanguage":"en-GB","@id":"https:\/\/dimspeed.com\/#\/schema\/logo\/image\/","url":"https:\/\/dimspeed.com\/wp-content\/uploads\/2020\/11\/logo-site.png","contentUrl":"https:\/\/dimspeed.com\/wp-content\/uploads\/2020\/11\/logo-site.png","width":486,"height":178,"caption":"Dimspeed, l&#039;atelier de personnalisation automobile"},"image":{"@id":"https:\/\/dimspeed.com\/#\/schema\/logo\/image\/"}}]}},"_links":{"self":[{"href":"https:\/\/dimspeed.com\/en\/wp-json\/wp\/v2\/product\/4181","targetHints":{"allow":["GET"]}}],"collection":[{"href":"https:\/\/dimspeed.com\/en\/wp-json\/wp\/v2\/product"}],"about":[{"href":"https:\/\/dimspeed.com\/en\/wp-json\/wp\/v2\/types\/product"}],"version-history":[{"count":2,"href":"https:\/\/dimspeed.com\/en\/wp-json\/wp\/v2\/product\/4181\/revisions"}],"predecessor-version":[{"id":4191,"href":"https:\/\/dimspeed.com\/en\/wp-json\/wp\/v2\/product\/4181\/revisions\/4191"}],"wp:featuredmedia":[{"embeddable":true,"href":"https:\/\/dimspeed.com\/en\/wp-json\/wp\/v2\/media\/6438"}],"wp:attachment":[{"href":"https:\/\/dimspeed.com\/en\/wp-json\/wp\/v2\/media?parent=4181"}],"wp:term":[{"taxonomy":"product_brand","embeddable":true,"href":"https:\/\/dimspeed.com\/en\/wp-json\/wp\/v2\/product_brand?post=4181"},{"taxonomy":"product_cat","embeddable":true,"href":"https:\/\/dimspeed.com\/en\/wp-json\/wp\/v2\/product_cat?post=4181"},{"taxonomy":"product_tag","embeddable":true,"href":"https:\/\/dimspeed.com\/en\/wp-json\/wp\/v2\/product_tag?post=4181"}],"curies":[{"name":"wp","href":"https:\/\/api.w.org\/{rel}","templated":true}]}}