{"id":4168,"date":"2022-09-02T16:26:36","date_gmt":"2022-09-02T14:26:36","guid":{"rendered":"https:\/\/dimspeed.com\/?post_type=product&#038;p=4168"},"modified":"2026-04-07T13:31:53","modified_gmt":"2026-04-07T11:31:53","slug":"kit-distri-simplex-sw310-1275","status":"publish","type":"product","link":"https:\/\/dimspeed.com\/en\/product\/kit-distri-simplex-sw310-1275\/","title":{"rendered":"SW310 Billet Race Camshaft Simplex Spring Kit - Swiftune Steel Top Caps"},"content":{"rendered":"<p>This set includes:<\/p>\n<ul>\n<li>1 x Swiftune 310 Billet Camshaft<\/li>\n<li>1 x Swiftune cam followers set - Race<\/li>\n<li>1 x Swiftune oil pump (1275)<\/li>\n<li>1 x Lock tab washer<\/li>\n<li>1 x Double valve spring set<\/li>\n<li>1 x Swiftune Simplex super-light timing gear set<\/li>\n<li>1 x Swiftune Race Valve spring Bundles - Steel<\/li>\n<li>1 x Timing disc<\/li>\n<\/ul>\n<p>&nbsp;<\/p>\n<p>This camshaft has been designed for race engine. It is more powerful than the SW23 but with less tork.<\/p>\n<p>Latest design improvement is cross-drilling of the cam's base circle to deliver direct lubrication to the cam follower\/cam lobe interface. Tuftride hardened for super durabilty Machining the SW310SP from custom steel billet ensures the highest quality steel is used and deeper surface hardening achieves the superb wear performance vital for a race camshaft.<\/p>","protected":false},"excerpt":{"rendered":"<p>Le kit inclut: 1 x arbre \u00e0 cames SW310 1 x kit de poussoirs Swiftune &#8211; Comp\u00e9tition 1 x pompe \u00e0 huile Swiftune (1275) 1 x rondelle d&#8217;arr\u00eat 8 x ressorts double Swiftune 1 x distribution simple super-light 1 x set de coupelle de ressort de soupape Swiftune &#8211; Comp\u00e9tition 1 x disque de calage [&hellip;]<\/p>","protected":false},"featured_media":6442,"template":"","meta":[],"product_brand":[],"product_cat":[15,46,134,41],"product_tag":[180,58,55,165,64,179,166,162],"class_list":{"0":"post-4168","1":"product","2":"type-product","3":"status-publish","4":"has-post-thumbnail","6":"product_cat-moteur","7":"product_cat-arbre-a-came","8":"product_cat-sw310-swiftune","9":"product_cat-kit","10":"product_tag-coupelles-en-acier","11":"product_tag-distri","12":"product_tag-kit-aac","13":"product_tag-kit-aac-swiftune","14":"product_tag-race","15":"product_tag-simplex","16":"product_tag-sw310","17":"product_tag-swiftune","19":"first","20":"instock","21":"taxable","22":"shipping-taxable","23":"purchasable","24":"product-type-simple"},"yoast_head":"<!-- This site is optimized with the Yoast SEO plugin v27.1.1 - https:\/\/yoast.com\/product\/yoast-seo-wordpress\/ -->\n<title>Kit Distri Simplex Spring SW310 - avec Coupelles en Acier Swiftune - Dimspeed, l&#039;atelier de personnalisation automobile<\/title>\n<meta name=\"robots\" content=\"index, follow, max-snippet:-1, max-image-preview:large, max-video-preview:-1\" \/>\n<link rel=\"canonical\" href=\"https:\/\/dimspeed.com\/en\/product\/kit-distri-simplex-sw310-1275\/\" \/>\n<meta property=\"og:locale\" content=\"en_GB\" \/>\n<meta property=\"og:type\" content=\"article\" \/>\n<meta property=\"og:title\" content=\"Kit Distri Simplex Spring SW310 - avec Coupelles en Acier Swiftune - Dimspeed, l&#039;atelier de personnalisation automobile\" \/>\n<meta property=\"og:description\" content=\"Le kit inclut: 1 x arbre \u00e0 cames SW310 1 x kit de poussoirs Swiftune &#8211; Comp\u00e9tition 1 x pompe \u00e0 huile Swiftune (1275) 1 x rondelle d&#8217;arr\u00eat 8 x ressorts double Swiftune 1 x distribution simple super-light 1 x set de coupelle de ressort de soupape Swiftune &#8211; Comp\u00e9tition 1 x disque de calage [&hellip;]\" \/>\n<meta property=\"og:url\" content=\"https:\/\/dimspeed.com\/en\/product\/kit-distri-simplex-sw310-1275\/\" \/>\n<meta property=\"og:site_name\" content=\"Dimspeed, l&#039;atelier de personnalisation automobile\" \/>\n<meta property=\"article:modified_time\" content=\"2026-04-07T11:31:53+00:00\" \/>\n<meta property=\"og:image\" content=\"https:\/\/dimspeed.com\/wp-content\/uploads\/2024\/07\/490_Kit-SW23_Distri_Spring_Coupelle-Acier-1.jpg\" \/>\n\t<meta property=\"og:image:width\" content=\"1920\" \/>\n\t<meta property=\"og:image:height\" content=\"1259\" \/>\n\t<meta property=\"og:image:type\" content=\"image\/jpeg\" \/>\n<meta name=\"twitter:card\" content=\"summary_large_image\" \/>\n<meta name=\"twitter:label1\" content=\"Estimated reading time\" \/>\n\t<meta name=\"twitter:data1\" content=\"1 minute\" \/>\n<script type=\"application\/ld+json\" class=\"yoast-schema-graph\">{\"@context\":\"https:\/\/schema.org\",\"@graph\":[{\"@type\":\"WebPage\",\"@id\":\"https:\/\/dimspeed.com\/produit\/kit-distri-simplex-sw310-1275\/\",\"url\":\"https:\/\/dimspeed.com\/produit\/kit-distri-simplex-sw310-1275\/\",\"name\":\"Kit Distri Simplex Spring SW310 - avec Coupelles en Acier Swiftune - Dimspeed, l&#039;atelier de personnalisation automobile\",\"isPartOf\":{\"@id\":\"https:\/\/dimspeed.com\/#website\"},\"primaryImageOfPage\":{\"@id\":\"https:\/\/dimspeed.com\/produit\/kit-distri-simplex-sw310-1275\/#primaryimage\"},\"image\":{\"@id\":\"https:\/\/dimspeed.com\/produit\/kit-distri-simplex-sw310-1275\/#primaryimage\"},\"thumbnailUrl\":\"https:\/\/dimspeed.com\/wp-content\/uploads\/2024\/07\/490_Kit-SW23_Distri_Spring_Coupelle-Acier-1.jpg\",\"datePublished\":\"2022-09-02T14:26:36+00:00\",\"dateModified\":\"2026-04-07T11:31:53+00:00\",\"breadcrumb\":{\"@id\":\"https:\/\/dimspeed.com\/produit\/kit-distri-simplex-sw310-1275\/#breadcrumb\"},\"inLanguage\":\"en-GB\",\"potentialAction\":[{\"@type\":\"ReadAction\",\"target\":[\"https:\/\/dimspeed.com\/produit\/kit-distri-simplex-sw310-1275\/\"]}]},{\"@type\":\"ImageObject\",\"inLanguage\":\"en-GB\",\"@id\":\"https:\/\/dimspeed.com\/produit\/kit-distri-simplex-sw310-1275\/#primaryimage\",\"url\":\"https:\/\/dimspeed.com\/wp-content\/uploads\/2024\/07\/490_Kit-SW23_Distri_Spring_Coupelle-Acier-1.jpg\",\"contentUrl\":\"https:\/\/dimspeed.com\/wp-content\/uploads\/2024\/07\/490_Kit-SW23_Distri_Spring_Coupelle-Acier-1.jpg\",\"width\":1920,\"height\":1259},{\"@type\":\"BreadcrumbList\",\"@id\":\"https:\/\/dimspeed.com\/produit\/kit-distri-simplex-sw310-1275\/#breadcrumb\",\"itemListElement\":[{\"@type\":\"ListItem\",\"position\":1,\"name\":\"Accueil\",\"item\":\"https:\/\/dimspeed.com\/\"},{\"@type\":\"ListItem\",\"position\":2,\"name\":\"Boutique\",\"item\":\"https:\/\/dimspeed.com\/boutique\/\"},{\"@type\":\"ListItem\",\"position\":3,\"name\":\"Kit Distri Simplex Spring SW310 &#8211; avec Coupelles en Acier Swiftune\"}]},{\"@type\":\"WebSite\",\"@id\":\"https:\/\/dimspeed.com\/#website\",\"url\":\"https:\/\/dimspeed.com\/\",\"name\":\"Dimspeed, l&#039;atelier de personnalisation automobile\",\"description\":\"MOTORISTE comp\u00e9tition et collection SPECIALISTE moteur A-SERIE\",\"publisher\":{\"@id\":\"https:\/\/dimspeed.com\/#organization\"},\"potentialAction\":[{\"@type\":\"SearchAction\",\"target\":{\"@type\":\"EntryPoint\",\"urlTemplate\":\"https:\/\/dimspeed.com\/?s={search_term_string}\"},\"query-input\":{\"@type\":\"PropertyValueSpecification\",\"valueRequired\":true,\"valueName\":\"search_term_string\"}}],\"inLanguage\":\"en-GB\"},{\"@type\":\"Organization\",\"@id\":\"https:\/\/dimspeed.com\/#organization\",\"name\":\"Dimspeed, l&#039;atelier de personnalisation automobile\",\"url\":\"https:\/\/dimspeed.com\/\",\"logo\":{\"@type\":\"ImageObject\",\"inLanguage\":\"en-GB\",\"@id\":\"https:\/\/dimspeed.com\/#\/schema\/logo\/image\/\",\"url\":\"https:\/\/dimspeed.com\/wp-content\/uploads\/2020\/11\/logo-site.png\",\"contentUrl\":\"https:\/\/dimspeed.com\/wp-content\/uploads\/2020\/11\/logo-site.png\",\"width\":486,\"height\":178,\"caption\":\"Dimspeed, l&#039;atelier de personnalisation automobile\"},\"image\":{\"@id\":\"https:\/\/dimspeed.com\/#\/schema\/logo\/image\/\"}}]}<\/script>\n<!-- \/ Yoast SEO plugin. -->","yoast_head_json":{"title":"Kit Distri Simplex Spring SW310 - avec Coupelles en Acier Swiftune - Dimspeed, l&#039;atelier de personnalisation automobile","robots":{"index":"index","follow":"follow","max-snippet":"max-snippet:-1","max-image-preview":"max-image-preview:large","max-video-preview":"max-video-preview:-1"},"canonical":"https:\/\/dimspeed.com\/en\/product\/kit-distri-simplex-sw310-1275\/","og_locale":"en_GB","og_type":"article","og_title":"Kit Distri Simplex Spring SW310 - avec Coupelles en Acier Swiftune - Dimspeed, l&#039;atelier de personnalisation automobile","og_description":"Le kit inclut: 1 x arbre \u00e0 cames SW310 1 x kit de poussoirs Swiftune &#8211; Comp\u00e9tition 1 x pompe \u00e0 huile Swiftune (1275) 1 x rondelle d&#8217;arr\u00eat 8 x ressorts double Swiftune 1 x distribution simple super-light 1 x set de coupelle de ressort de soupape Swiftune &#8211; Comp\u00e9tition 1 x disque de calage [&hellip;]","og_url":"https:\/\/dimspeed.com\/en\/product\/kit-distri-simplex-sw310-1275\/","og_site_name":"Dimspeed, l&#039;atelier de personnalisation automobile","article_modified_time":"2026-04-07T11:31:53+00:00","og_image":[{"width":1920,"height":1259,"url":"https:\/\/dimspeed.com\/wp-content\/uploads\/2024\/07\/490_Kit-SW23_Distri_Spring_Coupelle-Acier-1.jpg","type":"image\/jpeg"}],"twitter_card":"summary_large_image","twitter_misc":{"Estimated reading time":"1 minute"},"schema":{"@context":"https:\/\/schema.org","@graph":[{"@type":"WebPage","@id":"https:\/\/dimspeed.com\/produit\/kit-distri-simplex-sw310-1275\/","url":"https:\/\/dimspeed.com\/produit\/kit-distri-simplex-sw310-1275\/","name":"Kit Distri Simplex Spring SW310 - avec Coupelles en Acier Swiftune - Dimspeed, l&#039;atelier de personnalisation automobile","isPartOf":{"@id":"https:\/\/dimspeed.com\/#website"},"primaryImageOfPage":{"@id":"https:\/\/dimspeed.com\/produit\/kit-distri-simplex-sw310-1275\/#primaryimage"},"image":{"@id":"https:\/\/dimspeed.com\/produit\/kit-distri-simplex-sw310-1275\/#primaryimage"},"thumbnailUrl":"https:\/\/dimspeed.com\/wp-content\/uploads\/2024\/07\/490_Kit-SW23_Distri_Spring_Coupelle-Acier-1.jpg","datePublished":"2022-09-02T14:26:36+00:00","dateModified":"2026-04-07T11:31:53+00:00","breadcrumb":{"@id":"https:\/\/dimspeed.com\/produit\/kit-distri-simplex-sw310-1275\/#breadcrumb"},"inLanguage":"en-GB","potentialAction":[{"@type":"ReadAction","target":["https:\/\/dimspeed.com\/produit\/kit-distri-simplex-sw310-1275\/"]}]},{"@type":"ImageObject","inLanguage":"en-GB","@id":"https:\/\/dimspeed.com\/produit\/kit-distri-simplex-sw310-1275\/#primaryimage","url":"https:\/\/dimspeed.com\/wp-content\/uploads\/2024\/07\/490_Kit-SW23_Distri_Spring_Coupelle-Acier-1.jpg","contentUrl":"https:\/\/dimspeed.com\/wp-content\/uploads\/2024\/07\/490_Kit-SW23_Distri_Spring_Coupelle-Acier-1.jpg","width":1920,"height":1259},{"@type":"BreadcrumbList","@id":"https:\/\/dimspeed.com\/produit\/kit-distri-simplex-sw310-1275\/#breadcrumb","itemListElement":[{"@type":"ListItem","position":1,"name":"Accueil","item":"https:\/\/dimspeed.com\/"},{"@type":"ListItem","position":2,"name":"Boutique","item":"https:\/\/dimspeed.com\/boutique\/"},{"@type":"ListItem","position":3,"name":"Kit Distri Simplex Spring SW310 &#8211; avec Coupelles en Acier Swiftune"}]},{"@type":"WebSite","@id":"https:\/\/dimspeed.com\/#website","url":"https:\/\/dimspeed.com\/","name":"Dimspeed, l&#039;atelier de personnalisation automobile","description":"MOTORISTE comp\u00e9tition et collection SPECIALISTE moteur A-SERIE","publisher":{"@id":"https:\/\/dimspeed.com\/#organization"},"potentialAction":[{"@type":"SearchAction","target":{"@type":"EntryPoint","urlTemplate":"https:\/\/dimspeed.com\/?s={search_term_string}"},"query-input":{"@type":"PropertyValueSpecification","valueRequired":true,"valueName":"search_term_string"}}],"inLanguage":"en-GB"},{"@type":"Organization","@id":"https:\/\/dimspeed.com\/#organization","name":"Dimspeed, l&#039;atelier de personnalisation automobile","url":"https:\/\/dimspeed.com\/","logo":{"@type":"ImageObject","inLanguage":"en-GB","@id":"https:\/\/dimspeed.com\/#\/schema\/logo\/image\/","url":"https:\/\/dimspeed.com\/wp-content\/uploads\/2020\/11\/logo-site.png","contentUrl":"https:\/\/dimspeed.com\/wp-content\/uploads\/2020\/11\/logo-site.png","width":486,"height":178,"caption":"Dimspeed, l&#039;atelier de personnalisation automobile"},"image":{"@id":"https:\/\/dimspeed.com\/#\/schema\/logo\/image\/"}}]}},"_links":{"self":[{"href":"https:\/\/dimspeed.com\/en\/wp-json\/wp\/v2\/product\/4168","targetHints":{"allow":["GET"]}}],"collection":[{"href":"https:\/\/dimspeed.com\/en\/wp-json\/wp\/v2\/product"}],"about":[{"href":"https:\/\/dimspeed.com\/en\/wp-json\/wp\/v2\/types\/product"}],"version-history":[{"count":6,"href":"https:\/\/dimspeed.com\/en\/wp-json\/wp\/v2\/product\/4168\/revisions"}],"predecessor-version":[{"id":7343,"href":"https:\/\/dimspeed.com\/en\/wp-json\/wp\/v2\/product\/4168\/revisions\/7343"}],"wp:featuredmedia":[{"embeddable":true,"href":"https:\/\/dimspeed.com\/en\/wp-json\/wp\/v2\/media\/6442"}],"wp:attachment":[{"href":"https:\/\/dimspeed.com\/en\/wp-json\/wp\/v2\/media?parent=4168"}],"wp:term":[{"taxonomy":"product_brand","embeddable":true,"href":"https:\/\/dimspeed.com\/en\/wp-json\/wp\/v2\/product_brand?post=4168"},{"taxonomy":"product_cat","embeddable":true,"href":"https:\/\/dimspeed.com\/en\/wp-json\/wp\/v2\/product_cat?post=4168"},{"taxonomy":"product_tag","embeddable":true,"href":"https:\/\/dimspeed.com\/en\/wp-json\/wp\/v2\/product_tag?post=4168"}],"curies":[{"name":"wp","href":"https:\/\/api.w.org\/{rel}","templated":true}]}}