{"id":4145,"date":"2022-08-25T17:44:20","date_gmt":"2022-08-25T15:44:20","guid":{"rendered":"https:\/\/dimspeed.com\/?post_type=product&#038;p=4145"},"modified":"2026-04-07T13:01:33","modified_gmt":"2026-04-07T11:01:33","slug":"arbre-a-cames-sw310-swiftune-competition","status":"publish","type":"product","link":"https:\/\/dimspeed.com\/en\/product\/arbre-a-cames-sw310-swiftune-competition\/","title":{"rendered":"Swiftune Camshaft SW310 Tuftrified"},"content":{"rendered":"<p>This camshaft has been designed for race engine. It is more powerful than the SW23 but with less tork.<\/p>\n<p>Latest design improvement is cross-drilling of the cam's base circle to deliver direct lubrication to the cam follower\/cam lobe interface. Tuftride hardened for super durabilty Machining the SW310SP from custom steel billet ensures the highest quality steel is used and deeper surface hardening achieves the superb wear performance vital for a race camshaft.<\/p>","protected":false},"excerpt":{"rendered":"<p>Cet arbre \u00e0 cames a \u00e9t\u00e9 con\u00e7u pour les moteurs de comp\u00e9tition. Il est plus puissant que le SW23 mais moins coupleux. Cet arbre \u00e0 cames est usin\u00e9 \u00e0 partir d&#8217;un arbre en acier de haute qualit\u00e9 . Il poss\u00e8de un traitement de surface qui permet une meilleure r\u00e9sistance \u00e0 l&#8217;usure. Chaque came est perc\u00e9e [&hellip;]<\/p>","protected":false},"featured_media":4146,"template":"","meta":[],"product_brand":[],"product_cat":[15,46,134],"product_tag":[61,64,166,162],"class_list":{"0":"post-4145","1":"product","2":"type-product","3":"status-publish","4":"has-post-thumbnail","6":"product_cat-moteur","7":"product_cat-arbre-a-came","8":"product_cat-sw310-swiftune","9":"product_tag-aac","10":"product_tag-race","11":"product_tag-sw310","12":"product_tag-swiftune","14":"first","15":"instock","16":"taxable","17":"shipping-taxable","18":"purchasable","19":"product-type-variable"},"yoast_head":"<!-- This site is optimized with the Yoast SEO plugin v27.1.1 - https:\/\/yoast.com\/product\/yoast-seo-wordpress\/ -->\n<title>Arbre \u00e0 cames SW310 Swiftune - Comp\u00e9tition - Dimspeed, l&#039;atelier de personnalisation automobile<\/title>\n<meta name=\"robots\" content=\"index, follow, max-snippet:-1, max-image-preview:large, max-video-preview:-1\" \/>\n<link rel=\"canonical\" href=\"https:\/\/dimspeed.com\/en\/product\/arbre-a-cames-sw310-swiftune-competition\/\" \/>\n<meta property=\"og:locale\" content=\"en_GB\" \/>\n<meta property=\"og:type\" content=\"article\" \/>\n<meta property=\"og:title\" content=\"Arbre \u00e0 cames SW310 Swiftune - Comp\u00e9tition - Dimspeed, l&#039;atelier de personnalisation automobile\" \/>\n<meta property=\"og:description\" content=\"Cet arbre \u00e0 cames a \u00e9t\u00e9 con\u00e7u pour les moteurs de comp\u00e9tition. Il est plus puissant que le SW23 mais moins coupleux. Cet arbre \u00e0 cames est usin\u00e9 \u00e0 partir d&#8217;un arbre en acier de haute qualit\u00e9 . Il poss\u00e8de un traitement de surface qui permet une meilleure r\u00e9sistance \u00e0 l&#8217;usure. Chaque came est perc\u00e9e [&hellip;]\" \/>\n<meta property=\"og:url\" content=\"https:\/\/dimspeed.com\/en\/product\/arbre-a-cames-sw310-swiftune-competition\/\" \/>\n<meta property=\"og:site_name\" content=\"Dimspeed, l&#039;atelier de personnalisation automobile\" \/>\n<meta property=\"article:modified_time\" content=\"2026-04-07T11:01:33+00:00\" \/>\n<meta property=\"og:image\" content=\"https:\/\/dimspeed.com\/wp-content\/uploads\/2022\/08\/229_AAC-scaled.jpg\" \/>\n\t<meta property=\"og:image:width\" content=\"1910\" \/>\n\t<meta property=\"og:image:height\" content=\"1920\" \/>\n\t<meta property=\"og:image:type\" content=\"image\/jpeg\" \/>\n<meta name=\"twitter:card\" content=\"summary_large_image\" \/>\n<meta name=\"twitter:label1\" content=\"Estimated reading time\" \/>\n\t<meta name=\"twitter:data1\" content=\"1 minute\" \/>\n<script type=\"application\/ld+json\" class=\"yoast-schema-graph\">{\"@context\":\"https:\/\/schema.org\",\"@graph\":[{\"@type\":\"WebPage\",\"@id\":\"https:\/\/dimspeed.com\/produit\/arbre-a-cames-sw310-swiftune-competition\/\",\"url\":\"https:\/\/dimspeed.com\/produit\/arbre-a-cames-sw310-swiftune-competition\/\",\"name\":\"Arbre \u00e0 cames SW310 Swiftune - Comp\u00e9tition - Dimspeed, l&#039;atelier de personnalisation automobile\",\"isPartOf\":{\"@id\":\"https:\/\/dimspeed.com\/#website\"},\"primaryImageOfPage\":{\"@id\":\"https:\/\/dimspeed.com\/produit\/arbre-a-cames-sw310-swiftune-competition\/#primaryimage\"},\"image\":{\"@id\":\"https:\/\/dimspeed.com\/produit\/arbre-a-cames-sw310-swiftune-competition\/#primaryimage\"},\"thumbnailUrl\":\"https:\/\/dimspeed.com\/wp-content\/uploads\/2022\/08\/229_AAC-scaled.jpg\",\"datePublished\":\"2022-08-25T15:44:20+00:00\",\"dateModified\":\"2026-04-07T11:01:33+00:00\",\"breadcrumb\":{\"@id\":\"https:\/\/dimspeed.com\/produit\/arbre-a-cames-sw310-swiftune-competition\/#breadcrumb\"},\"inLanguage\":\"en-GB\",\"potentialAction\":[{\"@type\":\"ReadAction\",\"target\":[\"https:\/\/dimspeed.com\/produit\/arbre-a-cames-sw310-swiftune-competition\/\"]}]},{\"@type\":\"ImageObject\",\"inLanguage\":\"en-GB\",\"@id\":\"https:\/\/dimspeed.com\/produit\/arbre-a-cames-sw310-swiftune-competition\/#primaryimage\",\"url\":\"https:\/\/dimspeed.com\/wp-content\/uploads\/2022\/08\/229_AAC-scaled.jpg\",\"contentUrl\":\"https:\/\/dimspeed.com\/wp-content\/uploads\/2022\/08\/229_AAC-scaled.jpg\",\"width\":1910,\"height\":1920},{\"@type\":\"BreadcrumbList\",\"@id\":\"https:\/\/dimspeed.com\/produit\/arbre-a-cames-sw310-swiftune-competition\/#breadcrumb\",\"itemListElement\":[{\"@type\":\"ListItem\",\"position\":1,\"name\":\"Accueil\",\"item\":\"https:\/\/dimspeed.com\/\"},{\"@type\":\"ListItem\",\"position\":2,\"name\":\"Boutique\",\"item\":\"https:\/\/dimspeed.com\/boutique\/\"},{\"@type\":\"ListItem\",\"position\":3,\"name\":\"Arbre \u00e0 cames SW310 Swiftune &#8211; Comp\u00e9tition\"}]},{\"@type\":\"WebSite\",\"@id\":\"https:\/\/dimspeed.com\/#website\",\"url\":\"https:\/\/dimspeed.com\/\",\"name\":\"Dimspeed, l&#039;atelier de personnalisation automobile\",\"description\":\"MOTORISTE comp\u00e9tition et collection SPECIALISTE moteur A-SERIE\",\"publisher\":{\"@id\":\"https:\/\/dimspeed.com\/#organization\"},\"potentialAction\":[{\"@type\":\"SearchAction\",\"target\":{\"@type\":\"EntryPoint\",\"urlTemplate\":\"https:\/\/dimspeed.com\/?s={search_term_string}\"},\"query-input\":{\"@type\":\"PropertyValueSpecification\",\"valueRequired\":true,\"valueName\":\"search_term_string\"}}],\"inLanguage\":\"en-GB\"},{\"@type\":\"Organization\",\"@id\":\"https:\/\/dimspeed.com\/#organization\",\"name\":\"Dimspeed, l&#039;atelier de personnalisation automobile\",\"url\":\"https:\/\/dimspeed.com\/\",\"logo\":{\"@type\":\"ImageObject\",\"inLanguage\":\"en-GB\",\"@id\":\"https:\/\/dimspeed.com\/#\/schema\/logo\/image\/\",\"url\":\"https:\/\/dimspeed.com\/wp-content\/uploads\/2020\/11\/logo-site.png\",\"contentUrl\":\"https:\/\/dimspeed.com\/wp-content\/uploads\/2020\/11\/logo-site.png\",\"width\":486,\"height\":178,\"caption\":\"Dimspeed, l&#039;atelier de personnalisation automobile\"},\"image\":{\"@id\":\"https:\/\/dimspeed.com\/#\/schema\/logo\/image\/\"}}]}<\/script>\n<!-- \/ Yoast SEO plugin. -->","yoast_head_json":{"title":"Arbre \u00e0 cames SW310 Swiftune - Comp\u00e9tition - Dimspeed, l&#039;atelier de personnalisation automobile","robots":{"index":"index","follow":"follow","max-snippet":"max-snippet:-1","max-image-preview":"max-image-preview:large","max-video-preview":"max-video-preview:-1"},"canonical":"https:\/\/dimspeed.com\/en\/product\/arbre-a-cames-sw310-swiftune-competition\/","og_locale":"en_GB","og_type":"article","og_title":"Arbre \u00e0 cames SW310 Swiftune - Comp\u00e9tition - Dimspeed, l&#039;atelier de personnalisation automobile","og_description":"Cet arbre \u00e0 cames a \u00e9t\u00e9 con\u00e7u pour les moteurs de comp\u00e9tition. Il est plus puissant que le SW23 mais moins coupleux. Cet arbre \u00e0 cames est usin\u00e9 \u00e0 partir d&#8217;un arbre en acier de haute qualit\u00e9 . Il poss\u00e8de un traitement de surface qui permet une meilleure r\u00e9sistance \u00e0 l&#8217;usure. Chaque came est perc\u00e9e [&hellip;]","og_url":"https:\/\/dimspeed.com\/en\/product\/arbre-a-cames-sw310-swiftune-competition\/","og_site_name":"Dimspeed, l&#039;atelier de personnalisation automobile","article_modified_time":"2026-04-07T11:01:33+00:00","og_image":[{"width":1910,"height":1920,"url":"https:\/\/dimspeed.com\/wp-content\/uploads\/2022\/08\/229_AAC-scaled.jpg","type":"image\/jpeg"}],"twitter_card":"summary_large_image","twitter_misc":{"Estimated reading time":"1 minute"},"schema":{"@context":"https:\/\/schema.org","@graph":[{"@type":"WebPage","@id":"https:\/\/dimspeed.com\/produit\/arbre-a-cames-sw310-swiftune-competition\/","url":"https:\/\/dimspeed.com\/produit\/arbre-a-cames-sw310-swiftune-competition\/","name":"Arbre \u00e0 cames SW310 Swiftune - Comp\u00e9tition - Dimspeed, l&#039;atelier de personnalisation automobile","isPartOf":{"@id":"https:\/\/dimspeed.com\/#website"},"primaryImageOfPage":{"@id":"https:\/\/dimspeed.com\/produit\/arbre-a-cames-sw310-swiftune-competition\/#primaryimage"},"image":{"@id":"https:\/\/dimspeed.com\/produit\/arbre-a-cames-sw310-swiftune-competition\/#primaryimage"},"thumbnailUrl":"https:\/\/dimspeed.com\/wp-content\/uploads\/2022\/08\/229_AAC-scaled.jpg","datePublished":"2022-08-25T15:44:20+00:00","dateModified":"2026-04-07T11:01:33+00:00","breadcrumb":{"@id":"https:\/\/dimspeed.com\/produit\/arbre-a-cames-sw310-swiftune-competition\/#breadcrumb"},"inLanguage":"en-GB","potentialAction":[{"@type":"ReadAction","target":["https:\/\/dimspeed.com\/produit\/arbre-a-cames-sw310-swiftune-competition\/"]}]},{"@type":"ImageObject","inLanguage":"en-GB","@id":"https:\/\/dimspeed.com\/produit\/arbre-a-cames-sw310-swiftune-competition\/#primaryimage","url":"https:\/\/dimspeed.com\/wp-content\/uploads\/2022\/08\/229_AAC-scaled.jpg","contentUrl":"https:\/\/dimspeed.com\/wp-content\/uploads\/2022\/08\/229_AAC-scaled.jpg","width":1910,"height":1920},{"@type":"BreadcrumbList","@id":"https:\/\/dimspeed.com\/produit\/arbre-a-cames-sw310-swiftune-competition\/#breadcrumb","itemListElement":[{"@type":"ListItem","position":1,"name":"Accueil","item":"https:\/\/dimspeed.com\/"},{"@type":"ListItem","position":2,"name":"Boutique","item":"https:\/\/dimspeed.com\/boutique\/"},{"@type":"ListItem","position":3,"name":"Arbre \u00e0 cames SW310 Swiftune &#8211; Comp\u00e9tition"}]},{"@type":"WebSite","@id":"https:\/\/dimspeed.com\/#website","url":"https:\/\/dimspeed.com\/","name":"Dimspeed, l&#039;atelier de personnalisation automobile","description":"MOTORISTE comp\u00e9tition et collection SPECIALISTE moteur A-SERIE","publisher":{"@id":"https:\/\/dimspeed.com\/#organization"},"potentialAction":[{"@type":"SearchAction","target":{"@type":"EntryPoint","urlTemplate":"https:\/\/dimspeed.com\/?s={search_term_string}"},"query-input":{"@type":"PropertyValueSpecification","valueRequired":true,"valueName":"search_term_string"}}],"inLanguage":"en-GB"},{"@type":"Organization","@id":"https:\/\/dimspeed.com\/#organization","name":"Dimspeed, l&#039;atelier de personnalisation automobile","url":"https:\/\/dimspeed.com\/","logo":{"@type":"ImageObject","inLanguage":"en-GB","@id":"https:\/\/dimspeed.com\/#\/schema\/logo\/image\/","url":"https:\/\/dimspeed.com\/wp-content\/uploads\/2020\/11\/logo-site.png","contentUrl":"https:\/\/dimspeed.com\/wp-content\/uploads\/2020\/11\/logo-site.png","width":486,"height":178,"caption":"Dimspeed, l&#039;atelier de personnalisation automobile"},"image":{"@id":"https:\/\/dimspeed.com\/#\/schema\/logo\/image\/"}}]}},"_links":{"self":[{"href":"https:\/\/dimspeed.com\/en\/wp-json\/wp\/v2\/product\/4145","targetHints":{"allow":["GET"]}}],"collection":[{"href":"https:\/\/dimspeed.com\/en\/wp-json\/wp\/v2\/product"}],"about":[{"href":"https:\/\/dimspeed.com\/en\/wp-json\/wp\/v2\/types\/product"}],"version-history":[{"count":4,"href":"https:\/\/dimspeed.com\/en\/wp-json\/wp\/v2\/product\/4145\/revisions"}],"predecessor-version":[{"id":4153,"href":"https:\/\/dimspeed.com\/en\/wp-json\/wp\/v2\/product\/4145\/revisions\/4153"}],"wp:featuredmedia":[{"embeddable":true,"href":"https:\/\/dimspeed.com\/en\/wp-json\/wp\/v2\/media\/4146"}],"wp:attachment":[{"href":"https:\/\/dimspeed.com\/en\/wp-json\/wp\/v2\/media?parent=4145"}],"wp:term":[{"taxonomy":"product_brand","embeddable":true,"href":"https:\/\/dimspeed.com\/en\/wp-json\/wp\/v2\/product_brand?post=4145"},{"taxonomy":"product_cat","embeddable":true,"href":"https:\/\/dimspeed.com\/en\/wp-json\/wp\/v2\/product_cat?post=4145"},{"taxonomy":"product_tag","embeddable":true,"href":"https:\/\/dimspeed.com\/en\/wp-json\/wp\/v2\/product_tag?post=4145"}],"curies":[{"name":"wp","href":"https:\/\/api.w.org\/{rel}","templated":true}]}}