{"id":4135,"date":"2022-08-25T16:46:02","date_gmt":"2022-08-25T14:46:02","guid":{"rendered":"https:\/\/dimspeed.com\/?post_type=product&#038;p=4135"},"modified":"2025-02-14T10:23:12","modified_gmt":"2025-02-14T09:23:12","slug":"jante-rose-petal","status":"publish","type":"product","link":"https:\/\/dimspeed.com\/en\/product\/jante-rose-petal\/","title":{"rendered":"Rose Petal 10\" Wheel"},"content":{"rendered":"<p>10\" Rose Petal wheel primarily designed to suit App.K minis with the inside machined to give correct off-set to suit the regulated track width. Also look great on any classic styled mini to give that authentic 60's look! Manufactured as per original Cooper Car Company Rose Petal.<\/p>\n<p>Sold individually.<\/p>\n<p>Each wheel is sold with:<\/p>\n<ul>\n<li>1 x wheel spacer<\/li>\n<li>4 x short wheels nuts and washers<\/li>\n<li>4 x long wheels nuts and washers<\/li>\n<\/ul>","protected":false},"excerpt":{"rendered":"<p>Jante Rose Petal en 10 pouces con\u00e7ue \u00e0 l&#8217;origine pour convenir aux minis App. K. Leur int\u00e9rieur a \u00e9t\u00e9 usin\u00e9 afin d&#8217;offrir un d\u00e9calage parfait et de convenir \u00e0 la r\u00e9glementation en comp\u00e9tition pour la largeur des voies. Elles sont aussi tr\u00e8s jolies sur toutes les Minis qui roulent en 10 pouces, elles leur donnent [&hellip;]<\/p>","protected":false},"featured_media":4138,"template":"","meta":[],"product_brand":[],"product_cat":[27],"product_tag":[73,185],"class_list":{"0":"post-4135","1":"product","2":"type-product","3":"status-publish","4":"has-post-thumbnail","6":"product_cat-chassis","7":"product_tag-chassis","8":"product_tag-roue","10":"first","11":"onbackorder","12":"taxable","13":"shipping-taxable","14":"purchasable","15":"product-type-simple"},"yoast_head":"<!-- This site is optimized with the Yoast SEO plugin v27.1.1 - https:\/\/yoast.com\/product\/yoast-seo-wordpress\/ -->\n<title>Jante Rose Petal 10&quot; - Dimspeed, l&#039;atelier de personnalisation automobile<\/title>\n<meta name=\"robots\" content=\"index, follow, max-snippet:-1, max-image-preview:large, max-video-preview:-1\" \/>\n<link rel=\"canonical\" href=\"https:\/\/dimspeed.com\/en\/product\/jante-rose-petal\/\" \/>\n<meta property=\"og:locale\" content=\"en_GB\" \/>\n<meta property=\"og:type\" content=\"article\" \/>\n<meta property=\"og:title\" content=\"Jante Rose Petal 10&quot; - Dimspeed, l&#039;atelier de personnalisation automobile\" \/>\n<meta property=\"og:description\" content=\"Jante Rose Petal en 10 pouces con\u00e7ue \u00e0 l&#8217;origine pour convenir aux minis App. K. Leur int\u00e9rieur a \u00e9t\u00e9 usin\u00e9 afin d&#8217;offrir un d\u00e9calage parfait et de convenir \u00e0 la r\u00e9glementation en comp\u00e9tition pour la largeur des voies. Elles sont aussi tr\u00e8s jolies sur toutes les Minis qui roulent en 10 pouces, elles leur donnent [&hellip;]\" \/>\n<meta property=\"og:url\" content=\"https:\/\/dimspeed.com\/en\/product\/jante-rose-petal\/\" \/>\n<meta property=\"og:site_name\" content=\"Dimspeed, l&#039;atelier de personnalisation automobile\" \/>\n<meta property=\"article:modified_time\" content=\"2025-02-14T09:23:12+00:00\" \/>\n<meta property=\"og:image\" content=\"https:\/\/dimspeed.com\/wp-content\/uploads\/2022\/08\/401_Jante-Rose-Petal.jpg\" \/>\n\t<meta property=\"og:image:width\" content=\"1432\" \/>\n\t<meta property=\"og:image:height\" content=\"1920\" \/>\n\t<meta property=\"og:image:type\" content=\"image\/jpeg\" \/>\n<meta name=\"twitter:card\" content=\"summary_large_image\" \/>\n<meta name=\"twitter:label1\" content=\"Estimated reading time\" \/>\n\t<meta name=\"twitter:data1\" content=\"1 minute\" \/>\n<script type=\"application\/ld+json\" class=\"yoast-schema-graph\">{\"@context\":\"https:\/\/schema.org\",\"@graph\":[{\"@type\":\"WebPage\",\"@id\":\"https:\/\/dimspeed.com\/produit\/jante-rose-petal\/\",\"url\":\"https:\/\/dimspeed.com\/produit\/jante-rose-petal\/\",\"name\":\"Jante Rose Petal 10\\\" - Dimspeed, l&#039;atelier de personnalisation automobile\",\"isPartOf\":{\"@id\":\"https:\/\/dimspeed.com\/#website\"},\"primaryImageOfPage\":{\"@id\":\"https:\/\/dimspeed.com\/produit\/jante-rose-petal\/#primaryimage\"},\"image\":{\"@id\":\"https:\/\/dimspeed.com\/produit\/jante-rose-petal\/#primaryimage\"},\"thumbnailUrl\":\"https:\/\/dimspeed.com\/wp-content\/uploads\/2022\/08\/401_Jante-Rose-Petal.jpg\",\"datePublished\":\"2022-08-25T14:46:02+00:00\",\"dateModified\":\"2025-02-14T09:23:12+00:00\",\"breadcrumb\":{\"@id\":\"https:\/\/dimspeed.com\/produit\/jante-rose-petal\/#breadcrumb\"},\"inLanguage\":\"en-GB\",\"potentialAction\":[{\"@type\":\"ReadAction\",\"target\":[\"https:\/\/dimspeed.com\/produit\/jante-rose-petal\/\"]}]},{\"@type\":\"ImageObject\",\"inLanguage\":\"en-GB\",\"@id\":\"https:\/\/dimspeed.com\/produit\/jante-rose-petal\/#primaryimage\",\"url\":\"https:\/\/dimspeed.com\/wp-content\/uploads\/2022\/08\/401_Jante-Rose-Petal.jpg\",\"contentUrl\":\"https:\/\/dimspeed.com\/wp-content\/uploads\/2022\/08\/401_Jante-Rose-Petal.jpg\",\"width\":1432,\"height\":1920},{\"@type\":\"BreadcrumbList\",\"@id\":\"https:\/\/dimspeed.com\/produit\/jante-rose-petal\/#breadcrumb\",\"itemListElement\":[{\"@type\":\"ListItem\",\"position\":1,\"name\":\"Accueil\",\"item\":\"https:\/\/dimspeed.com\/\"},{\"@type\":\"ListItem\",\"position\":2,\"name\":\"Boutique\",\"item\":\"https:\/\/dimspeed.com\/boutique\/\"},{\"@type\":\"ListItem\",\"position\":3,\"name\":\"Jante Rose Petal 10&#8243;\"}]},{\"@type\":\"WebSite\",\"@id\":\"https:\/\/dimspeed.com\/#website\",\"url\":\"https:\/\/dimspeed.com\/\",\"name\":\"Dimspeed, l&#039;atelier de personnalisation automobile\",\"description\":\"MOTORISTE comp\u00e9tition et collection SPECIALISTE moteur A-SERIE\",\"publisher\":{\"@id\":\"https:\/\/dimspeed.com\/#organization\"},\"potentialAction\":[{\"@type\":\"SearchAction\",\"target\":{\"@type\":\"EntryPoint\",\"urlTemplate\":\"https:\/\/dimspeed.com\/?s={search_term_string}\"},\"query-input\":{\"@type\":\"PropertyValueSpecification\",\"valueRequired\":true,\"valueName\":\"search_term_string\"}}],\"inLanguage\":\"en-GB\"},{\"@type\":\"Organization\",\"@id\":\"https:\/\/dimspeed.com\/#organization\",\"name\":\"Dimspeed, l&#039;atelier de personnalisation automobile\",\"url\":\"https:\/\/dimspeed.com\/\",\"logo\":{\"@type\":\"ImageObject\",\"inLanguage\":\"en-GB\",\"@id\":\"https:\/\/dimspeed.com\/#\/schema\/logo\/image\/\",\"url\":\"https:\/\/dimspeed.com\/wp-content\/uploads\/2020\/11\/logo-site.png\",\"contentUrl\":\"https:\/\/dimspeed.com\/wp-content\/uploads\/2020\/11\/logo-site.png\",\"width\":486,\"height\":178,\"caption\":\"Dimspeed, l&#039;atelier de personnalisation automobile\"},\"image\":{\"@id\":\"https:\/\/dimspeed.com\/#\/schema\/logo\/image\/\"}}]}<\/script>\n<!-- \/ Yoast SEO plugin. -->","yoast_head_json":{"title":"Jante Rose Petal 10\" - Dimspeed, l&#039;atelier de personnalisation automobile","robots":{"index":"index","follow":"follow","max-snippet":"max-snippet:-1","max-image-preview":"max-image-preview:large","max-video-preview":"max-video-preview:-1"},"canonical":"https:\/\/dimspeed.com\/en\/product\/jante-rose-petal\/","og_locale":"en_GB","og_type":"article","og_title":"Jante Rose Petal 10\" - Dimspeed, l&#039;atelier de personnalisation automobile","og_description":"Jante Rose Petal en 10 pouces con\u00e7ue \u00e0 l&#8217;origine pour convenir aux minis App. K. Leur int\u00e9rieur a \u00e9t\u00e9 usin\u00e9 afin d&#8217;offrir un d\u00e9calage parfait et de convenir \u00e0 la r\u00e9glementation en comp\u00e9tition pour la largeur des voies. Elles sont aussi tr\u00e8s jolies sur toutes les Minis qui roulent en 10 pouces, elles leur donnent [&hellip;]","og_url":"https:\/\/dimspeed.com\/en\/product\/jante-rose-petal\/","og_site_name":"Dimspeed, l&#039;atelier de personnalisation automobile","article_modified_time":"2025-02-14T09:23:12+00:00","og_image":[{"width":1432,"height":1920,"url":"https:\/\/dimspeed.com\/wp-content\/uploads\/2022\/08\/401_Jante-Rose-Petal.jpg","type":"image\/jpeg"}],"twitter_card":"summary_large_image","twitter_misc":{"Estimated reading time":"1 minute"},"schema":{"@context":"https:\/\/schema.org","@graph":[{"@type":"WebPage","@id":"https:\/\/dimspeed.com\/produit\/jante-rose-petal\/","url":"https:\/\/dimspeed.com\/produit\/jante-rose-petal\/","name":"Jante Rose Petal 10\" - Dimspeed, l&#039;atelier de personnalisation automobile","isPartOf":{"@id":"https:\/\/dimspeed.com\/#website"},"primaryImageOfPage":{"@id":"https:\/\/dimspeed.com\/produit\/jante-rose-petal\/#primaryimage"},"image":{"@id":"https:\/\/dimspeed.com\/produit\/jante-rose-petal\/#primaryimage"},"thumbnailUrl":"https:\/\/dimspeed.com\/wp-content\/uploads\/2022\/08\/401_Jante-Rose-Petal.jpg","datePublished":"2022-08-25T14:46:02+00:00","dateModified":"2025-02-14T09:23:12+00:00","breadcrumb":{"@id":"https:\/\/dimspeed.com\/produit\/jante-rose-petal\/#breadcrumb"},"inLanguage":"en-GB","potentialAction":[{"@type":"ReadAction","target":["https:\/\/dimspeed.com\/produit\/jante-rose-petal\/"]}]},{"@type":"ImageObject","inLanguage":"en-GB","@id":"https:\/\/dimspeed.com\/produit\/jante-rose-petal\/#primaryimage","url":"https:\/\/dimspeed.com\/wp-content\/uploads\/2022\/08\/401_Jante-Rose-Petal.jpg","contentUrl":"https:\/\/dimspeed.com\/wp-content\/uploads\/2022\/08\/401_Jante-Rose-Petal.jpg","width":1432,"height":1920},{"@type":"BreadcrumbList","@id":"https:\/\/dimspeed.com\/produit\/jante-rose-petal\/#breadcrumb","itemListElement":[{"@type":"ListItem","position":1,"name":"Accueil","item":"https:\/\/dimspeed.com\/"},{"@type":"ListItem","position":2,"name":"Boutique","item":"https:\/\/dimspeed.com\/boutique\/"},{"@type":"ListItem","position":3,"name":"Jante Rose Petal 10&#8243;"}]},{"@type":"WebSite","@id":"https:\/\/dimspeed.com\/#website","url":"https:\/\/dimspeed.com\/","name":"Dimspeed, l&#039;atelier de personnalisation automobile","description":"MOTORISTE comp\u00e9tition et collection SPECIALISTE moteur A-SERIE","publisher":{"@id":"https:\/\/dimspeed.com\/#organization"},"potentialAction":[{"@type":"SearchAction","target":{"@type":"EntryPoint","urlTemplate":"https:\/\/dimspeed.com\/?s={search_term_string}"},"query-input":{"@type":"PropertyValueSpecification","valueRequired":true,"valueName":"search_term_string"}}],"inLanguage":"en-GB"},{"@type":"Organization","@id":"https:\/\/dimspeed.com\/#organization","name":"Dimspeed, l&#039;atelier de personnalisation automobile","url":"https:\/\/dimspeed.com\/","logo":{"@type":"ImageObject","inLanguage":"en-GB","@id":"https:\/\/dimspeed.com\/#\/schema\/logo\/image\/","url":"https:\/\/dimspeed.com\/wp-content\/uploads\/2020\/11\/logo-site.png","contentUrl":"https:\/\/dimspeed.com\/wp-content\/uploads\/2020\/11\/logo-site.png","width":486,"height":178,"caption":"Dimspeed, l&#039;atelier de personnalisation automobile"},"image":{"@id":"https:\/\/dimspeed.com\/#\/schema\/logo\/image\/"}}]}},"_links":{"self":[{"href":"https:\/\/dimspeed.com\/en\/wp-json\/wp\/v2\/product\/4135","targetHints":{"allow":["GET"]}}],"collection":[{"href":"https:\/\/dimspeed.com\/en\/wp-json\/wp\/v2\/product"}],"about":[{"href":"https:\/\/dimspeed.com\/en\/wp-json\/wp\/v2\/types\/product"}],"version-history":[{"count":6,"href":"https:\/\/dimspeed.com\/en\/wp-json\/wp\/v2\/product\/4135\/revisions"}],"predecessor-version":[{"id":4144,"href":"https:\/\/dimspeed.com\/en\/wp-json\/wp\/v2\/product\/4135\/revisions\/4144"}],"wp:featuredmedia":[{"embeddable":true,"href":"https:\/\/dimspeed.com\/en\/wp-json\/wp\/v2\/media\/4138"}],"wp:attachment":[{"href":"https:\/\/dimspeed.com\/en\/wp-json\/wp\/v2\/media?parent=4135"}],"wp:term":[{"taxonomy":"product_brand","embeddable":true,"href":"https:\/\/dimspeed.com\/en\/wp-json\/wp\/v2\/product_brand?post=4135"},{"taxonomy":"product_cat","embeddable":true,"href":"https:\/\/dimspeed.com\/en\/wp-json\/wp\/v2\/product_cat?post=4135"},{"taxonomy":"product_tag","embeddable":true,"href":"https:\/\/dimspeed.com\/en\/wp-json\/wp\/v2\/product_tag?post=4135"}],"curies":[{"name":"wp","href":"https:\/\/api.w.org\/{rel}","templated":true}]}}