{"id":4114,"date":"2022-08-25T15:31:22","date_gmt":"2022-08-25T13:31:22","guid":{"rendered":"https:\/\/dimspeed.com\/?post_type=product&#038;p=4114"},"modified":"2025-08-05T14:49:22","modified_gmt":"2025-08-05T12:49:22","slug":"jauge-dhuile","status":"publish","type":"product","link":"https:\/\/dimspeed.com\/en\/product\/jauge-dhuile\/","title":{"rendered":"Dip Stick - Swiftune"},"content":{"rendered":"<p>Dip stick.<\/p>\n<p>Classy stainless steel design to finish off the engine bay. If you have a Pre A+ (A-Series) engine, you will need to fit a dip stick tube (available on this website).<\/p>\n<p>Three colours available: Silver, Blue and Red.<\/p>","protected":false},"excerpt":{"rendered":"<p>Jauge d&#8217;huile. Attention &#8211; si vous poss\u00e9dez un bloc moteur Pr\u00e9 A+, il vous faudra un tube. De dernier est disponible \u00e0 la vente sur ce site. Trois couleurs disponibles: Argent, Bleu et Rouge<\/p>","protected":false},"featured_media":4119,"template":"","meta":[],"product_brand":[],"product_cat":[15,20,40],"product_tag":[87,158,89,183,162],"class_list":{"0":"post-4114","1":"product","2":"type-product","3":"status-publish","4":"has-post-thumbnail","6":"product_cat-moteur","7":"product_cat-bloc","8":"product_cat-circuit-dhuile","9":"product_tag-bloc","10":"product_tag-bloc-moteur","11":"product_tag-huile","12":"product_tag-jauge","13":"product_tag-swiftune","15":"first","16":"instock","17":"taxable","18":"shipping-taxable","19":"purchasable","20":"product-type-variable"},"yoast_head":"<!-- This site is optimized with the Yoast SEO plugin v27.1.1 - https:\/\/yoast.com\/product\/yoast-seo-wordpress\/ -->\n<title>Jauge d&#039;huile - Swiftune - Dimspeed, l&#039;atelier de personnalisation automobile<\/title>\n<meta name=\"robots\" content=\"index, follow, max-snippet:-1, max-image-preview:large, max-video-preview:-1\" \/>\n<link rel=\"canonical\" href=\"https:\/\/dimspeed.com\/en\/product\/jauge-dhuile\/\" \/>\n<meta property=\"og:locale\" content=\"en_GB\" \/>\n<meta property=\"og:type\" content=\"article\" \/>\n<meta property=\"og:title\" content=\"Jauge d&#039;huile - Swiftune - Dimspeed, l&#039;atelier de personnalisation automobile\" \/>\n<meta property=\"og:description\" content=\"Jauge d&#8217;huile. Attention &#8211; si vous poss\u00e9dez un bloc moteur Pr\u00e9 A+, il vous faudra un tube. De dernier est disponible \u00e0 la vente sur ce site. Trois couleurs disponibles: Argent, Bleu et Rouge\" \/>\n<meta property=\"og:url\" content=\"https:\/\/dimspeed.com\/en\/product\/jauge-dhuile\/\" \/>\n<meta property=\"og:site_name\" content=\"Dimspeed, l&#039;atelier de personnalisation automobile\" \/>\n<meta property=\"article:modified_time\" content=\"2025-08-05T12:49:22+00:00\" \/>\n<meta property=\"og:image\" content=\"https:\/\/dimspeed.com\/wp-content\/uploads\/2022\/08\/388_Jauge-dhuile.jpg\" \/>\n\t<meta property=\"og:image:width\" content=\"1611\" \/>\n\t<meta property=\"og:image:height\" content=\"1676\" \/>\n\t<meta property=\"og:image:type\" content=\"image\/jpeg\" \/>\n<meta name=\"twitter:card\" content=\"summary_large_image\" \/>\n<meta name=\"twitter:label1\" content=\"Estimated reading time\" \/>\n\t<meta name=\"twitter:data1\" content=\"1 minute\" \/>\n<script type=\"application\/ld+json\" class=\"yoast-schema-graph\">{\"@context\":\"https:\/\/schema.org\",\"@graph\":[{\"@type\":\"WebPage\",\"@id\":\"https:\/\/dimspeed.com\/produit\/jauge-dhuile\/\",\"url\":\"https:\/\/dimspeed.com\/produit\/jauge-dhuile\/\",\"name\":\"Jauge d'huile - Swiftune - Dimspeed, l&#039;atelier de personnalisation automobile\",\"isPartOf\":{\"@id\":\"https:\/\/dimspeed.com\/#website\"},\"primaryImageOfPage\":{\"@id\":\"https:\/\/dimspeed.com\/produit\/jauge-dhuile\/#primaryimage\"},\"image\":{\"@id\":\"https:\/\/dimspeed.com\/produit\/jauge-dhuile\/#primaryimage\"},\"thumbnailUrl\":\"https:\/\/dimspeed.com\/wp-content\/uploads\/2022\/08\/388_Jauge-dhuile.jpg\",\"datePublished\":\"2022-08-25T13:31:22+00:00\",\"dateModified\":\"2025-08-05T12:49:22+00:00\",\"breadcrumb\":{\"@id\":\"https:\/\/dimspeed.com\/produit\/jauge-dhuile\/#breadcrumb\"},\"inLanguage\":\"en-GB\",\"potentialAction\":[{\"@type\":\"ReadAction\",\"target\":[\"https:\/\/dimspeed.com\/produit\/jauge-dhuile\/\"]}]},{\"@type\":\"ImageObject\",\"inLanguage\":\"en-GB\",\"@id\":\"https:\/\/dimspeed.com\/produit\/jauge-dhuile\/#primaryimage\",\"url\":\"https:\/\/dimspeed.com\/wp-content\/uploads\/2022\/08\/388_Jauge-dhuile.jpg\",\"contentUrl\":\"https:\/\/dimspeed.com\/wp-content\/uploads\/2022\/08\/388_Jauge-dhuile.jpg\",\"width\":1611,\"height\":1676},{\"@type\":\"BreadcrumbList\",\"@id\":\"https:\/\/dimspeed.com\/produit\/jauge-dhuile\/#breadcrumb\",\"itemListElement\":[{\"@type\":\"ListItem\",\"position\":1,\"name\":\"Accueil\",\"item\":\"https:\/\/dimspeed.com\/\"},{\"@type\":\"ListItem\",\"position\":2,\"name\":\"Boutique\",\"item\":\"https:\/\/dimspeed.com\/boutique\/\"},{\"@type\":\"ListItem\",\"position\":3,\"name\":\"Jauge d&#8217;huile &#8211; Swiftune\"}]},{\"@type\":\"WebSite\",\"@id\":\"https:\/\/dimspeed.com\/#website\",\"url\":\"https:\/\/dimspeed.com\/\",\"name\":\"Dimspeed, l&#039;atelier de personnalisation automobile\",\"description\":\"MOTORISTE comp\u00e9tition et collection SPECIALISTE moteur A-SERIE\",\"publisher\":{\"@id\":\"https:\/\/dimspeed.com\/#organization\"},\"potentialAction\":[{\"@type\":\"SearchAction\",\"target\":{\"@type\":\"EntryPoint\",\"urlTemplate\":\"https:\/\/dimspeed.com\/?s={search_term_string}\"},\"query-input\":{\"@type\":\"PropertyValueSpecification\",\"valueRequired\":true,\"valueName\":\"search_term_string\"}}],\"inLanguage\":\"en-GB\"},{\"@type\":\"Organization\",\"@id\":\"https:\/\/dimspeed.com\/#organization\",\"name\":\"Dimspeed, l&#039;atelier de personnalisation automobile\",\"url\":\"https:\/\/dimspeed.com\/\",\"logo\":{\"@type\":\"ImageObject\",\"inLanguage\":\"en-GB\",\"@id\":\"https:\/\/dimspeed.com\/#\/schema\/logo\/image\/\",\"url\":\"https:\/\/dimspeed.com\/wp-content\/uploads\/2020\/11\/logo-site.png\",\"contentUrl\":\"https:\/\/dimspeed.com\/wp-content\/uploads\/2020\/11\/logo-site.png\",\"width\":486,\"height\":178,\"caption\":\"Dimspeed, l&#039;atelier de personnalisation automobile\"},\"image\":{\"@id\":\"https:\/\/dimspeed.com\/#\/schema\/logo\/image\/\"}}]}<\/script>\n<!-- \/ Yoast SEO plugin. -->","yoast_head_json":{"title":"Jauge d'huile - Swiftune - Dimspeed, l&#039;atelier de personnalisation automobile","robots":{"index":"index","follow":"follow","max-snippet":"max-snippet:-1","max-image-preview":"max-image-preview:large","max-video-preview":"max-video-preview:-1"},"canonical":"https:\/\/dimspeed.com\/en\/product\/jauge-dhuile\/","og_locale":"en_GB","og_type":"article","og_title":"Jauge d'huile - Swiftune - Dimspeed, l&#039;atelier de personnalisation automobile","og_description":"Jauge d&#8217;huile. Attention &#8211; si vous poss\u00e9dez un bloc moteur Pr\u00e9 A+, il vous faudra un tube. De dernier est disponible \u00e0 la vente sur ce site. Trois couleurs disponibles: Argent, Bleu et Rouge","og_url":"https:\/\/dimspeed.com\/en\/product\/jauge-dhuile\/","og_site_name":"Dimspeed, l&#039;atelier de personnalisation automobile","article_modified_time":"2025-08-05T12:49:22+00:00","og_image":[{"width":1611,"height":1676,"url":"https:\/\/dimspeed.com\/wp-content\/uploads\/2022\/08\/388_Jauge-dhuile.jpg","type":"image\/jpeg"}],"twitter_card":"summary_large_image","twitter_misc":{"Estimated reading time":"1 minute"},"schema":{"@context":"https:\/\/schema.org","@graph":[{"@type":"WebPage","@id":"https:\/\/dimspeed.com\/produit\/jauge-dhuile\/","url":"https:\/\/dimspeed.com\/produit\/jauge-dhuile\/","name":"Jauge d'huile - Swiftune - Dimspeed, l&#039;atelier de personnalisation automobile","isPartOf":{"@id":"https:\/\/dimspeed.com\/#website"},"primaryImageOfPage":{"@id":"https:\/\/dimspeed.com\/produit\/jauge-dhuile\/#primaryimage"},"image":{"@id":"https:\/\/dimspeed.com\/produit\/jauge-dhuile\/#primaryimage"},"thumbnailUrl":"https:\/\/dimspeed.com\/wp-content\/uploads\/2022\/08\/388_Jauge-dhuile.jpg","datePublished":"2022-08-25T13:31:22+00:00","dateModified":"2025-08-05T12:49:22+00:00","breadcrumb":{"@id":"https:\/\/dimspeed.com\/produit\/jauge-dhuile\/#breadcrumb"},"inLanguage":"en-GB","potentialAction":[{"@type":"ReadAction","target":["https:\/\/dimspeed.com\/produit\/jauge-dhuile\/"]}]},{"@type":"ImageObject","inLanguage":"en-GB","@id":"https:\/\/dimspeed.com\/produit\/jauge-dhuile\/#primaryimage","url":"https:\/\/dimspeed.com\/wp-content\/uploads\/2022\/08\/388_Jauge-dhuile.jpg","contentUrl":"https:\/\/dimspeed.com\/wp-content\/uploads\/2022\/08\/388_Jauge-dhuile.jpg","width":1611,"height":1676},{"@type":"BreadcrumbList","@id":"https:\/\/dimspeed.com\/produit\/jauge-dhuile\/#breadcrumb","itemListElement":[{"@type":"ListItem","position":1,"name":"Accueil","item":"https:\/\/dimspeed.com\/"},{"@type":"ListItem","position":2,"name":"Boutique","item":"https:\/\/dimspeed.com\/boutique\/"},{"@type":"ListItem","position":3,"name":"Jauge d&#8217;huile &#8211; Swiftune"}]},{"@type":"WebSite","@id":"https:\/\/dimspeed.com\/#website","url":"https:\/\/dimspeed.com\/","name":"Dimspeed, l&#039;atelier de personnalisation automobile","description":"MOTORISTE comp\u00e9tition et collection SPECIALISTE moteur A-SERIE","publisher":{"@id":"https:\/\/dimspeed.com\/#organization"},"potentialAction":[{"@type":"SearchAction","target":{"@type":"EntryPoint","urlTemplate":"https:\/\/dimspeed.com\/?s={search_term_string}"},"query-input":{"@type":"PropertyValueSpecification","valueRequired":true,"valueName":"search_term_string"}}],"inLanguage":"en-GB"},{"@type":"Organization","@id":"https:\/\/dimspeed.com\/#organization","name":"Dimspeed, l&#039;atelier de personnalisation automobile","url":"https:\/\/dimspeed.com\/","logo":{"@type":"ImageObject","inLanguage":"en-GB","@id":"https:\/\/dimspeed.com\/#\/schema\/logo\/image\/","url":"https:\/\/dimspeed.com\/wp-content\/uploads\/2020\/11\/logo-site.png","contentUrl":"https:\/\/dimspeed.com\/wp-content\/uploads\/2020\/11\/logo-site.png","width":486,"height":178,"caption":"Dimspeed, l&#039;atelier de personnalisation automobile"},"image":{"@id":"https:\/\/dimspeed.com\/#\/schema\/logo\/image\/"}}]}},"_links":{"self":[{"href":"https:\/\/dimspeed.com\/en\/wp-json\/wp\/v2\/product\/4114","targetHints":{"allow":["GET"]}}],"collection":[{"href":"https:\/\/dimspeed.com\/en\/wp-json\/wp\/v2\/product"}],"about":[{"href":"https:\/\/dimspeed.com\/en\/wp-json\/wp\/v2\/types\/product"}],"version-history":[{"count":4,"href":"https:\/\/dimspeed.com\/en\/wp-json\/wp\/v2\/product\/4114\/revisions"}],"predecessor-version":[{"id":4128,"href":"https:\/\/dimspeed.com\/en\/wp-json\/wp\/v2\/product\/4114\/revisions\/4128"}],"wp:featuredmedia":[{"embeddable":true,"href":"https:\/\/dimspeed.com\/en\/wp-json\/wp\/v2\/media\/4119"}],"wp:attachment":[{"href":"https:\/\/dimspeed.com\/en\/wp-json\/wp\/v2\/media?parent=4114"}],"wp:term":[{"taxonomy":"product_brand","embeddable":true,"href":"https:\/\/dimspeed.com\/en\/wp-json\/wp\/v2\/product_brand?post=4114"},{"taxonomy":"product_cat","embeddable":true,"href":"https:\/\/dimspeed.com\/en\/wp-json\/wp\/v2\/product_cat?post=4114"},{"taxonomy":"product_tag","embeddable":true,"href":"https:\/\/dimspeed.com\/en\/wp-json\/wp\/v2\/product_tag?post=4114"}],"curies":[{"name":"wp","href":"https:\/\/api.w.org\/{rel}","templated":true}]}}