{"id":4091,"date":"2022-06-30T18:13:09","date_gmt":"2022-06-30T16:13:09","guid":{"rendered":"https:\/\/dimspeed.com\/?post_type=product&#038;p=4091"},"modified":"2025-02-14T10:19:39","modified_gmt":"2025-02-14T09:19:39","slug":"joint-anti-dejaugeage","status":"publish","type":"product","link":"https:\/\/dimspeed.com\/en\/product\/joint-anti-dejaugeage\/","title":{"rendered":"Gearbox Oil Pick-Up Pipe Gasket"},"content":{"rendered":"<p>Gearbox Oil Pick-Up Pipe Gasket. It is used with the oil pipe central pick-up gearbox available on our website. You will need two for fitting.<\/p>\n<p>Sold individually.<\/p>","protected":false},"excerpt":{"rendered":"<p>Joint anti d\u00e9jaugeage. Il se monte avec la cr\u00e9pine anti-d\u00e9jaugeauge disponible \u00e0 la vente sur ce site. Il vous en faudra deux pour le montage. Vendu \u00e0 l&#8217;unit\u00e9.<\/p>","protected":false},"featured_media":4094,"template":"","meta":[],"product_brand":[],"product_cat":[15,38,44,23],"product_tag":[125,128,77,126],"class_list":{"0":"post-4091","1":"product","2":"type-product","3":"status-publish","4":"has-post-thumbnail","6":"product_cat-moteur","7":"product_cat-joints","8":"product_cat-transmission","9":"product_cat-boite-de-vitesse","10":"product_tag-boite-de-vitesse","11":"product_tag-crepine","12":"product_tag-joint","13":"product_tag-transmission","15":"first","16":"instock","17":"taxable","18":"shipping-taxable","19":"purchasable","20":"product-type-simple"},"yoast_head":"<!-- This site is optimized with the Yoast SEO plugin v27.1.1 - https:\/\/yoast.com\/product\/yoast-seo-wordpress\/ -->\n<title>Joint anti-d\u00e9jaugeage - Dimspeed, l&#039;atelier de personnalisation automobile<\/title>\n<meta name=\"robots\" content=\"index, follow, max-snippet:-1, max-image-preview:large, max-video-preview:-1\" \/>\n<link rel=\"canonical\" href=\"https:\/\/dimspeed.com\/en\/product\/joint-anti-dejaugeage\/\" \/>\n<meta property=\"og:locale\" content=\"en_GB\" \/>\n<meta property=\"og:type\" content=\"article\" \/>\n<meta property=\"og:title\" content=\"Joint anti-d\u00e9jaugeage - Dimspeed, l&#039;atelier de personnalisation automobile\" \/>\n<meta property=\"og:description\" content=\"Joint anti d\u00e9jaugeage. Il se monte avec la cr\u00e9pine anti-d\u00e9jaugeauge disponible \u00e0 la vente sur ce site. Il vous en faudra deux pour le montage. Vendu \u00e0 l&#8217;unit\u00e9.\" \/>\n<meta property=\"og:url\" content=\"https:\/\/dimspeed.com\/en\/product\/joint-anti-dejaugeage\/\" \/>\n<meta property=\"og:site_name\" content=\"Dimspeed, l&#039;atelier de personnalisation automobile\" \/>\n<meta property=\"article:modified_time\" content=\"2025-02-14T09:19:39+00:00\" \/>\n<meta property=\"og:image\" content=\"https:\/\/dimspeed.com\/wp-content\/uploads\/2022\/06\/386_Joint-Anti-Dejaugeage-1.jpeg\" \/>\n\t<meta property=\"og:image:width\" content=\"480\" \/>\n\t<meta property=\"og:image:height\" content=\"640\" \/>\n\t<meta property=\"og:image:type\" content=\"image\/jpeg\" \/>\n<meta name=\"twitter:card\" content=\"summary_large_image\" \/>\n<meta name=\"twitter:label1\" content=\"Estimated reading time\" \/>\n\t<meta name=\"twitter:data1\" content=\"1 minute\" \/>\n<script type=\"application\/ld+json\" class=\"yoast-schema-graph\">{\"@context\":\"https:\/\/schema.org\",\"@graph\":[{\"@type\":\"WebPage\",\"@id\":\"https:\/\/dimspeed.com\/produit\/joint-anti-dejaugeage\/\",\"url\":\"https:\/\/dimspeed.com\/produit\/joint-anti-dejaugeage\/\",\"name\":\"Joint anti-d\u00e9jaugeage - Dimspeed, l&#039;atelier de personnalisation automobile\",\"isPartOf\":{\"@id\":\"https:\/\/dimspeed.com\/#website\"},\"primaryImageOfPage\":{\"@id\":\"https:\/\/dimspeed.com\/produit\/joint-anti-dejaugeage\/#primaryimage\"},\"image\":{\"@id\":\"https:\/\/dimspeed.com\/produit\/joint-anti-dejaugeage\/#primaryimage\"},\"thumbnailUrl\":\"https:\/\/dimspeed.com\/wp-content\/uploads\/2022\/06\/386_Joint-Anti-Dejaugeage-1.jpeg\",\"datePublished\":\"2022-06-30T16:13:09+00:00\",\"dateModified\":\"2025-02-14T09:19:39+00:00\",\"breadcrumb\":{\"@id\":\"https:\/\/dimspeed.com\/produit\/joint-anti-dejaugeage\/#breadcrumb\"},\"inLanguage\":\"en-GB\",\"potentialAction\":[{\"@type\":\"ReadAction\",\"target\":[\"https:\/\/dimspeed.com\/produit\/joint-anti-dejaugeage\/\"]}]},{\"@type\":\"ImageObject\",\"inLanguage\":\"en-GB\",\"@id\":\"https:\/\/dimspeed.com\/produit\/joint-anti-dejaugeage\/#primaryimage\",\"url\":\"https:\/\/dimspeed.com\/wp-content\/uploads\/2022\/06\/386_Joint-Anti-Dejaugeage-1.jpeg\",\"contentUrl\":\"https:\/\/dimspeed.com\/wp-content\/uploads\/2022\/06\/386_Joint-Anti-Dejaugeage-1.jpeg\",\"width\":480,\"height\":640},{\"@type\":\"BreadcrumbList\",\"@id\":\"https:\/\/dimspeed.com\/produit\/joint-anti-dejaugeage\/#breadcrumb\",\"itemListElement\":[{\"@type\":\"ListItem\",\"position\":1,\"name\":\"Accueil\",\"item\":\"https:\/\/dimspeed.com\/\"},{\"@type\":\"ListItem\",\"position\":2,\"name\":\"Boutique\",\"item\":\"https:\/\/dimspeed.com\/boutique\/\"},{\"@type\":\"ListItem\",\"position\":3,\"name\":\"Joint anti-d\u00e9jaugeage\"}]},{\"@type\":\"WebSite\",\"@id\":\"https:\/\/dimspeed.com\/#website\",\"url\":\"https:\/\/dimspeed.com\/\",\"name\":\"Dimspeed, l&#039;atelier de personnalisation automobile\",\"description\":\"MOTORISTE comp\u00e9tition et collection SPECIALISTE moteur A-SERIE\",\"publisher\":{\"@id\":\"https:\/\/dimspeed.com\/#organization\"},\"potentialAction\":[{\"@type\":\"SearchAction\",\"target\":{\"@type\":\"EntryPoint\",\"urlTemplate\":\"https:\/\/dimspeed.com\/?s={search_term_string}\"},\"query-input\":{\"@type\":\"PropertyValueSpecification\",\"valueRequired\":true,\"valueName\":\"search_term_string\"}}],\"inLanguage\":\"en-GB\"},{\"@type\":\"Organization\",\"@id\":\"https:\/\/dimspeed.com\/#organization\",\"name\":\"Dimspeed, l&#039;atelier de personnalisation automobile\",\"url\":\"https:\/\/dimspeed.com\/\",\"logo\":{\"@type\":\"ImageObject\",\"inLanguage\":\"en-GB\",\"@id\":\"https:\/\/dimspeed.com\/#\/schema\/logo\/image\/\",\"url\":\"https:\/\/dimspeed.com\/wp-content\/uploads\/2020\/11\/logo-site.png\",\"contentUrl\":\"https:\/\/dimspeed.com\/wp-content\/uploads\/2020\/11\/logo-site.png\",\"width\":486,\"height\":178,\"caption\":\"Dimspeed, l&#039;atelier de personnalisation automobile\"},\"image\":{\"@id\":\"https:\/\/dimspeed.com\/#\/schema\/logo\/image\/\"}}]}<\/script>\n<!-- \/ Yoast SEO plugin. -->","yoast_head_json":{"title":"Joint anti-d\u00e9jaugeage - Dimspeed, l&#039;atelier de personnalisation automobile","robots":{"index":"index","follow":"follow","max-snippet":"max-snippet:-1","max-image-preview":"max-image-preview:large","max-video-preview":"max-video-preview:-1"},"canonical":"https:\/\/dimspeed.com\/en\/product\/joint-anti-dejaugeage\/","og_locale":"en_GB","og_type":"article","og_title":"Joint anti-d\u00e9jaugeage - Dimspeed, l&#039;atelier de personnalisation automobile","og_description":"Joint anti d\u00e9jaugeage. Il se monte avec la cr\u00e9pine anti-d\u00e9jaugeauge disponible \u00e0 la vente sur ce site. Il vous en faudra deux pour le montage. Vendu \u00e0 l&#8217;unit\u00e9.","og_url":"https:\/\/dimspeed.com\/en\/product\/joint-anti-dejaugeage\/","og_site_name":"Dimspeed, l&#039;atelier de personnalisation automobile","article_modified_time":"2025-02-14T09:19:39+00:00","og_image":[{"width":480,"height":640,"url":"https:\/\/dimspeed.com\/wp-content\/uploads\/2022\/06\/386_Joint-Anti-Dejaugeage-1.jpeg","type":"image\/jpeg"}],"twitter_card":"summary_large_image","twitter_misc":{"Estimated reading time":"1 minute"},"schema":{"@context":"https:\/\/schema.org","@graph":[{"@type":"WebPage","@id":"https:\/\/dimspeed.com\/produit\/joint-anti-dejaugeage\/","url":"https:\/\/dimspeed.com\/produit\/joint-anti-dejaugeage\/","name":"Joint anti-d\u00e9jaugeage - Dimspeed, l&#039;atelier de personnalisation automobile","isPartOf":{"@id":"https:\/\/dimspeed.com\/#website"},"primaryImageOfPage":{"@id":"https:\/\/dimspeed.com\/produit\/joint-anti-dejaugeage\/#primaryimage"},"image":{"@id":"https:\/\/dimspeed.com\/produit\/joint-anti-dejaugeage\/#primaryimage"},"thumbnailUrl":"https:\/\/dimspeed.com\/wp-content\/uploads\/2022\/06\/386_Joint-Anti-Dejaugeage-1.jpeg","datePublished":"2022-06-30T16:13:09+00:00","dateModified":"2025-02-14T09:19:39+00:00","breadcrumb":{"@id":"https:\/\/dimspeed.com\/produit\/joint-anti-dejaugeage\/#breadcrumb"},"inLanguage":"en-GB","potentialAction":[{"@type":"ReadAction","target":["https:\/\/dimspeed.com\/produit\/joint-anti-dejaugeage\/"]}]},{"@type":"ImageObject","inLanguage":"en-GB","@id":"https:\/\/dimspeed.com\/produit\/joint-anti-dejaugeage\/#primaryimage","url":"https:\/\/dimspeed.com\/wp-content\/uploads\/2022\/06\/386_Joint-Anti-Dejaugeage-1.jpeg","contentUrl":"https:\/\/dimspeed.com\/wp-content\/uploads\/2022\/06\/386_Joint-Anti-Dejaugeage-1.jpeg","width":480,"height":640},{"@type":"BreadcrumbList","@id":"https:\/\/dimspeed.com\/produit\/joint-anti-dejaugeage\/#breadcrumb","itemListElement":[{"@type":"ListItem","position":1,"name":"Accueil","item":"https:\/\/dimspeed.com\/"},{"@type":"ListItem","position":2,"name":"Boutique","item":"https:\/\/dimspeed.com\/boutique\/"},{"@type":"ListItem","position":3,"name":"Joint anti-d\u00e9jaugeage"}]},{"@type":"WebSite","@id":"https:\/\/dimspeed.com\/#website","url":"https:\/\/dimspeed.com\/","name":"Dimspeed, l&#039;atelier de personnalisation automobile","description":"MOTORISTE comp\u00e9tition et collection SPECIALISTE moteur A-SERIE","publisher":{"@id":"https:\/\/dimspeed.com\/#organization"},"potentialAction":[{"@type":"SearchAction","target":{"@type":"EntryPoint","urlTemplate":"https:\/\/dimspeed.com\/?s={search_term_string}"},"query-input":{"@type":"PropertyValueSpecification","valueRequired":true,"valueName":"search_term_string"}}],"inLanguage":"en-GB"},{"@type":"Organization","@id":"https:\/\/dimspeed.com\/#organization","name":"Dimspeed, l&#039;atelier de personnalisation automobile","url":"https:\/\/dimspeed.com\/","logo":{"@type":"ImageObject","inLanguage":"en-GB","@id":"https:\/\/dimspeed.com\/#\/schema\/logo\/image\/","url":"https:\/\/dimspeed.com\/wp-content\/uploads\/2020\/11\/logo-site.png","contentUrl":"https:\/\/dimspeed.com\/wp-content\/uploads\/2020\/11\/logo-site.png","width":486,"height":178,"caption":"Dimspeed, l&#039;atelier de personnalisation automobile"},"image":{"@id":"https:\/\/dimspeed.com\/#\/schema\/logo\/image\/"}}]}},"_links":{"self":[{"href":"https:\/\/dimspeed.com\/en\/wp-json\/wp\/v2\/product\/4091","targetHints":{"allow":["GET"]}}],"collection":[{"href":"https:\/\/dimspeed.com\/en\/wp-json\/wp\/v2\/product"}],"about":[{"href":"https:\/\/dimspeed.com\/en\/wp-json\/wp\/v2\/types\/product"}],"version-history":[{"count":1,"href":"https:\/\/dimspeed.com\/en\/wp-json\/wp\/v2\/product\/4091\/revisions"}],"predecessor-version":[{"id":4092,"href":"https:\/\/dimspeed.com\/en\/wp-json\/wp\/v2\/product\/4091\/revisions\/4092"}],"wp:featuredmedia":[{"embeddable":true,"href":"https:\/\/dimspeed.com\/en\/wp-json\/wp\/v2\/media\/4094"}],"wp:attachment":[{"href":"https:\/\/dimspeed.com\/en\/wp-json\/wp\/v2\/media?parent=4091"}],"wp:term":[{"taxonomy":"product_brand","embeddable":true,"href":"https:\/\/dimspeed.com\/en\/wp-json\/wp\/v2\/product_brand?post=4091"},{"taxonomy":"product_cat","embeddable":true,"href":"https:\/\/dimspeed.com\/en\/wp-json\/wp\/v2\/product_cat?post=4091"},{"taxonomy":"product_tag","embeddable":true,"href":"https:\/\/dimspeed.com\/en\/wp-json\/wp\/v2\/product_tag?post=4091"}],"curies":[{"name":"wp","href":"https:\/\/api.w.org\/{rel}","templated":true}]}}