{"id":4075,"date":"2022-06-30T17:43:53","date_gmt":"2022-06-30T15:43:53","guid":{"rendered":"https:\/\/dimspeed.com\/?post_type=product&#038;p=4075"},"modified":"2025-02-14T10:20:08","modified_gmt":"2025-02-14T09:20:08","slug":"pions-de-centrage-swiftune-pour-palier-acier","status":"publish","type":"product","link":"https:\/\/dimspeed.com\/en\/product\/pions-de-centrage-swiftune-pour-palier-acier\/","title":{"rendered":"Swiftune 1300 Main Cap Dowels"},"content":{"rendered":"<p>Swiftune has introduced stronger 1300 main cap dowels to fit the Swiftune steel main cap set or to replace worn standard items. Manufactured with a thicker wall to increase strength and rigidity.<\/p>\n<p>Supplied as a set of 6 dowels.<\/p>\n<p>Dowels fit 1300 A+ and 1300GT blocks.<\/p>","protected":false},"excerpt":{"rendered":"<p>Swiftune a introduit des pions de centrage plus r\u00e9sistants pour leur paliers acier ou pour remplacer ceux d&#8217;origine. Ils sont plus \u00e9pais ce qui augmentent leur solidit\u00e9 et leur rigidit\u00e9. Vendus par 6. Ces pions se montent uniquement sur tous les blocs 1300 non Cooper S.<\/p>","protected":false},"featured_media":4076,"template":"","meta":[],"product_brand":[],"product_cat":[15,20],"product_tag":[87,158,127,64,162],"class_list":{"0":"post-4075","1":"product","2":"type-product","3":"status-publish","4":"has-post-thumbnail","6":"product_cat-moteur","7":"product_cat-bloc","8":"product_tag-bloc","9":"product_tag-bloc-moteur","10":"product_tag-palier","11":"product_tag-race","12":"product_tag-swiftune","14":"first","15":"instock","16":"taxable","17":"shipping-taxable","18":"purchasable","19":"product-type-simple"},"yoast_head":"<!-- This site is optimized with the Yoast SEO plugin v27.1.1 - https:\/\/yoast.com\/product\/yoast-seo-wordpress\/ -->\n<title>Pions de Centrage Swiftune pour Palier Acier - Dimspeed, l&#039;atelier de personnalisation automobile<\/title>\n<meta name=\"robots\" content=\"index, follow, max-snippet:-1, max-image-preview:large, max-video-preview:-1\" \/>\n<link rel=\"canonical\" href=\"https:\/\/dimspeed.com\/en\/product\/pions-de-centrage-swiftune-pour-palier-acier\/\" \/>\n<meta property=\"og:locale\" content=\"en_GB\" \/>\n<meta property=\"og:type\" content=\"article\" \/>\n<meta property=\"og:title\" content=\"Pions de Centrage Swiftune pour Palier Acier - Dimspeed, l&#039;atelier de personnalisation automobile\" \/>\n<meta property=\"og:description\" content=\"Swiftune a introduit des pions de centrage plus r\u00e9sistants pour leur paliers acier ou pour remplacer ceux d&#8217;origine. Ils sont plus \u00e9pais ce qui augmentent leur solidit\u00e9 et leur rigidit\u00e9. Vendus par 6. Ces pions se montent uniquement sur tous les blocs 1300 non Cooper S.\" \/>\n<meta property=\"og:url\" content=\"https:\/\/dimspeed.com\/en\/product\/pions-de-centrage-swiftune-pour-palier-acier\/\" \/>\n<meta property=\"og:site_name\" content=\"Dimspeed, l&#039;atelier de personnalisation automobile\" \/>\n<meta property=\"article:modified_time\" content=\"2025-02-14T09:20:08+00:00\" \/>\n<meta property=\"og:image\" content=\"https:\/\/dimspeed.com\/wp-content\/uploads\/2022\/06\/381_Pions-de-centrage-e1656603775165.jpeg\" \/>\n\t<meta property=\"og:image:width\" content=\"453\" \/>\n\t<meta property=\"og:image:height\" content=\"530\" \/>\n\t<meta property=\"og:image:type\" content=\"image\/jpeg\" \/>\n<meta name=\"twitter:card\" content=\"summary_large_image\" \/>\n<meta name=\"twitter:label1\" content=\"Estimated reading time\" \/>\n\t<meta name=\"twitter:data1\" content=\"1 minute\" \/>\n<script type=\"application\/ld+json\" class=\"yoast-schema-graph\">{\"@context\":\"https:\/\/schema.org\",\"@graph\":[{\"@type\":\"WebPage\",\"@id\":\"https:\/\/dimspeed.com\/produit\/pions-de-centrage-swiftune-pour-palier-acier\/\",\"url\":\"https:\/\/dimspeed.com\/produit\/pions-de-centrage-swiftune-pour-palier-acier\/\",\"name\":\"Pions de Centrage Swiftune pour Palier Acier - Dimspeed, l&#039;atelier de personnalisation automobile\",\"isPartOf\":{\"@id\":\"https:\/\/dimspeed.com\/#website\"},\"primaryImageOfPage\":{\"@id\":\"https:\/\/dimspeed.com\/produit\/pions-de-centrage-swiftune-pour-palier-acier\/#primaryimage\"},\"image\":{\"@id\":\"https:\/\/dimspeed.com\/produit\/pions-de-centrage-swiftune-pour-palier-acier\/#primaryimage\"},\"thumbnailUrl\":\"https:\/\/dimspeed.com\/wp-content\/uploads\/2022\/06\/381_Pions-de-centrage-e1656603775165.jpeg\",\"datePublished\":\"2022-06-30T15:43:53+00:00\",\"dateModified\":\"2025-02-14T09:20:08+00:00\",\"breadcrumb\":{\"@id\":\"https:\/\/dimspeed.com\/produit\/pions-de-centrage-swiftune-pour-palier-acier\/#breadcrumb\"},\"inLanguage\":\"en-GB\",\"potentialAction\":[{\"@type\":\"ReadAction\",\"target\":[\"https:\/\/dimspeed.com\/produit\/pions-de-centrage-swiftune-pour-palier-acier\/\"]}]},{\"@type\":\"ImageObject\",\"inLanguage\":\"en-GB\",\"@id\":\"https:\/\/dimspeed.com\/produit\/pions-de-centrage-swiftune-pour-palier-acier\/#primaryimage\",\"url\":\"https:\/\/dimspeed.com\/wp-content\/uploads\/2022\/06\/381_Pions-de-centrage-e1656603775165.jpeg\",\"contentUrl\":\"https:\/\/dimspeed.com\/wp-content\/uploads\/2022\/06\/381_Pions-de-centrage-e1656603775165.jpeg\",\"width\":453,\"height\":530},{\"@type\":\"BreadcrumbList\",\"@id\":\"https:\/\/dimspeed.com\/produit\/pions-de-centrage-swiftune-pour-palier-acier\/#breadcrumb\",\"itemListElement\":[{\"@type\":\"ListItem\",\"position\":1,\"name\":\"Accueil\",\"item\":\"https:\/\/dimspeed.com\/\"},{\"@type\":\"ListItem\",\"position\":2,\"name\":\"Boutique\",\"item\":\"https:\/\/dimspeed.com\/boutique\/\"},{\"@type\":\"ListItem\",\"position\":3,\"name\":\"Pions de Centrage Swiftune pour Palier Acier\"}]},{\"@type\":\"WebSite\",\"@id\":\"https:\/\/dimspeed.com\/#website\",\"url\":\"https:\/\/dimspeed.com\/\",\"name\":\"Dimspeed, l&#039;atelier de personnalisation automobile\",\"description\":\"MOTORISTE comp\u00e9tition et collection SPECIALISTE moteur A-SERIE\",\"publisher\":{\"@id\":\"https:\/\/dimspeed.com\/#organization\"},\"potentialAction\":[{\"@type\":\"SearchAction\",\"target\":{\"@type\":\"EntryPoint\",\"urlTemplate\":\"https:\/\/dimspeed.com\/?s={search_term_string}\"},\"query-input\":{\"@type\":\"PropertyValueSpecification\",\"valueRequired\":true,\"valueName\":\"search_term_string\"}}],\"inLanguage\":\"en-GB\"},{\"@type\":\"Organization\",\"@id\":\"https:\/\/dimspeed.com\/#organization\",\"name\":\"Dimspeed, l&#039;atelier de personnalisation automobile\",\"url\":\"https:\/\/dimspeed.com\/\",\"logo\":{\"@type\":\"ImageObject\",\"inLanguage\":\"en-GB\",\"@id\":\"https:\/\/dimspeed.com\/#\/schema\/logo\/image\/\",\"url\":\"https:\/\/dimspeed.com\/wp-content\/uploads\/2020\/11\/logo-site.png\",\"contentUrl\":\"https:\/\/dimspeed.com\/wp-content\/uploads\/2020\/11\/logo-site.png\",\"width\":486,\"height\":178,\"caption\":\"Dimspeed, l&#039;atelier de personnalisation automobile\"},\"image\":{\"@id\":\"https:\/\/dimspeed.com\/#\/schema\/logo\/image\/\"}}]}<\/script>\n<!-- \/ Yoast SEO plugin. -->","yoast_head_json":{"title":"Pions de Centrage Swiftune pour Palier Acier - Dimspeed, l&#039;atelier de personnalisation automobile","robots":{"index":"index","follow":"follow","max-snippet":"max-snippet:-1","max-image-preview":"max-image-preview:large","max-video-preview":"max-video-preview:-1"},"canonical":"https:\/\/dimspeed.com\/en\/product\/pions-de-centrage-swiftune-pour-palier-acier\/","og_locale":"en_GB","og_type":"article","og_title":"Pions de Centrage Swiftune pour Palier Acier - Dimspeed, l&#039;atelier de personnalisation automobile","og_description":"Swiftune a introduit des pions de centrage plus r\u00e9sistants pour leur paliers acier ou pour remplacer ceux d&#8217;origine. Ils sont plus \u00e9pais ce qui augmentent leur solidit\u00e9 et leur rigidit\u00e9. Vendus par 6. Ces pions se montent uniquement sur tous les blocs 1300 non Cooper S.","og_url":"https:\/\/dimspeed.com\/en\/product\/pions-de-centrage-swiftune-pour-palier-acier\/","og_site_name":"Dimspeed, l&#039;atelier de personnalisation automobile","article_modified_time":"2025-02-14T09:20:08+00:00","og_image":[{"width":453,"height":530,"url":"https:\/\/dimspeed.com\/wp-content\/uploads\/2022\/06\/381_Pions-de-centrage-e1656603775165.jpeg","type":"image\/jpeg"}],"twitter_card":"summary_large_image","twitter_misc":{"Estimated reading time":"1 minute"},"schema":{"@context":"https:\/\/schema.org","@graph":[{"@type":"WebPage","@id":"https:\/\/dimspeed.com\/produit\/pions-de-centrage-swiftune-pour-palier-acier\/","url":"https:\/\/dimspeed.com\/produit\/pions-de-centrage-swiftune-pour-palier-acier\/","name":"Pions de Centrage Swiftune pour Palier Acier - Dimspeed, l&#039;atelier de personnalisation automobile","isPartOf":{"@id":"https:\/\/dimspeed.com\/#website"},"primaryImageOfPage":{"@id":"https:\/\/dimspeed.com\/produit\/pions-de-centrage-swiftune-pour-palier-acier\/#primaryimage"},"image":{"@id":"https:\/\/dimspeed.com\/produit\/pions-de-centrage-swiftune-pour-palier-acier\/#primaryimage"},"thumbnailUrl":"https:\/\/dimspeed.com\/wp-content\/uploads\/2022\/06\/381_Pions-de-centrage-e1656603775165.jpeg","datePublished":"2022-06-30T15:43:53+00:00","dateModified":"2025-02-14T09:20:08+00:00","breadcrumb":{"@id":"https:\/\/dimspeed.com\/produit\/pions-de-centrage-swiftune-pour-palier-acier\/#breadcrumb"},"inLanguage":"en-GB","potentialAction":[{"@type":"ReadAction","target":["https:\/\/dimspeed.com\/produit\/pions-de-centrage-swiftune-pour-palier-acier\/"]}]},{"@type":"ImageObject","inLanguage":"en-GB","@id":"https:\/\/dimspeed.com\/produit\/pions-de-centrage-swiftune-pour-palier-acier\/#primaryimage","url":"https:\/\/dimspeed.com\/wp-content\/uploads\/2022\/06\/381_Pions-de-centrage-e1656603775165.jpeg","contentUrl":"https:\/\/dimspeed.com\/wp-content\/uploads\/2022\/06\/381_Pions-de-centrage-e1656603775165.jpeg","width":453,"height":530},{"@type":"BreadcrumbList","@id":"https:\/\/dimspeed.com\/produit\/pions-de-centrage-swiftune-pour-palier-acier\/#breadcrumb","itemListElement":[{"@type":"ListItem","position":1,"name":"Accueil","item":"https:\/\/dimspeed.com\/"},{"@type":"ListItem","position":2,"name":"Boutique","item":"https:\/\/dimspeed.com\/boutique\/"},{"@type":"ListItem","position":3,"name":"Pions de Centrage Swiftune pour Palier Acier"}]},{"@type":"WebSite","@id":"https:\/\/dimspeed.com\/#website","url":"https:\/\/dimspeed.com\/","name":"Dimspeed, l&#039;atelier de personnalisation automobile","description":"MOTORISTE comp\u00e9tition et collection SPECIALISTE moteur A-SERIE","publisher":{"@id":"https:\/\/dimspeed.com\/#organization"},"potentialAction":[{"@type":"SearchAction","target":{"@type":"EntryPoint","urlTemplate":"https:\/\/dimspeed.com\/?s={search_term_string}"},"query-input":{"@type":"PropertyValueSpecification","valueRequired":true,"valueName":"search_term_string"}}],"inLanguage":"en-GB"},{"@type":"Organization","@id":"https:\/\/dimspeed.com\/#organization","name":"Dimspeed, l&#039;atelier de personnalisation automobile","url":"https:\/\/dimspeed.com\/","logo":{"@type":"ImageObject","inLanguage":"en-GB","@id":"https:\/\/dimspeed.com\/#\/schema\/logo\/image\/","url":"https:\/\/dimspeed.com\/wp-content\/uploads\/2020\/11\/logo-site.png","contentUrl":"https:\/\/dimspeed.com\/wp-content\/uploads\/2020\/11\/logo-site.png","width":486,"height":178,"caption":"Dimspeed, l&#039;atelier de personnalisation automobile"},"image":{"@id":"https:\/\/dimspeed.com\/#\/schema\/logo\/image\/"}}]}},"_links":{"self":[{"href":"https:\/\/dimspeed.com\/en\/wp-json\/wp\/v2\/product\/4075","targetHints":{"allow":["GET"]}}],"collection":[{"href":"https:\/\/dimspeed.com\/en\/wp-json\/wp\/v2\/product"}],"about":[{"href":"https:\/\/dimspeed.com\/en\/wp-json\/wp\/v2\/types\/product"}],"version-history":[{"count":1,"href":"https:\/\/dimspeed.com\/en\/wp-json\/wp\/v2\/product\/4075\/revisions"}],"predecessor-version":[{"id":4083,"href":"https:\/\/dimspeed.com\/en\/wp-json\/wp\/v2\/product\/4075\/revisions\/4083"}],"wp:featuredmedia":[{"embeddable":true,"href":"https:\/\/dimspeed.com\/en\/wp-json\/wp\/v2\/media\/4076"}],"wp:attachment":[{"href":"https:\/\/dimspeed.com\/en\/wp-json\/wp\/v2\/media?parent=4075"}],"wp:term":[{"taxonomy":"product_brand","embeddable":true,"href":"https:\/\/dimspeed.com\/en\/wp-json\/wp\/v2\/product_brand?post=4075"},{"taxonomy":"product_cat","embeddable":true,"href":"https:\/\/dimspeed.com\/en\/wp-json\/wp\/v2\/product_cat?post=4075"},{"taxonomy":"product_tag","embeddable":true,"href":"https:\/\/dimspeed.com\/en\/wp-json\/wp\/v2\/product_tag?post=4075"}],"curies":[{"name":"wp","href":"https:\/\/api.w.org\/{rel}","templated":true}]}}