{"id":4071,"date":"2022-06-30T17:06:41","date_gmt":"2022-06-30T15:06:41","guid":{"rendered":"https:\/\/dimspeed.com\/?post_type=product&#038;p=4071"},"modified":"2025-09-24T13:02:27","modified_gmt":"2025-09-24T11:02:27","slug":"cascade-de-boite-de-vitesse-swiftune","status":"publish","type":"product","link":"https:\/\/dimspeed.com\/en\/product\/cascade-de-boite-de-vitesse-swiftune\/","title":{"rendered":"Swiftune Roller Bearing Drop Gear Sets"},"content":{"rendered":"<p id=\"tw-target-text\" class=\"tw-data-text tw-text-large tw-ta\" dir=\"ltr\" data-placeholder=\"Traduction\"><span class=\"Y2IQFc\" lang=\"fr\">Featuring Swiftune's in-house high gloss, Super-Finish treatment as standard - Straight cut transfer gear set, roller bearing idler using unique superior quality angular contact roller bearing for extra support. Primary gear features bronze top hat bush and unique floating inner primary gear bush with retaining clip. This drop gear set is available on teh webiste with the ratio 1:1 (24 tooth). Si you need a 1.04:1 ration (23 tooth) , please contact us.\u00a0<\/span><\/p>\n<p dir=\"ltr\" data-placeholder=\"Traduction\">With this drop gear set, you can get a quick ratio change using the same input and idler gears.<\/p>\n<p dir=\"ltr\" data-placeholder=\"Traduction\">Proven motorsport reliability as used in all Swiftune race winning cars and Dimspeed race gearbox.<\/p>\n<p dir=\"ltr\" data-placeholder=\"Traduction\">Available to suit A+ and Pre A+ (A-Series) gearbox cases for 1275 engine. If you want a Swiftune Roller Bearing Drop Gear Sets for an 998 engine, please contact.<\/p>\n<p>This set includes:<\/p>\n<ul>\n<li>1 x Idler gear and an angular contact roller bearing<\/li>\n<li>1 x Input gear<\/li>\n<li>1 x Primary gear<\/li>\n<\/ul>\n<p>&nbsp;<\/p>\n<p>&nbsp;<\/p>","protected":false},"excerpt":{"rendered":"<p>Dot\u00e9e d&#8217;un traitement en tribofinition,\u00a0 ce nouveau design de cascade Swiftune poss\u00e8de un roulement de haute qualit\u00e9 \u00e0 rouleaux \u00e0 contact oblique qui permet une meilleure r\u00e9sistance. Le pignon de vilebrequin poss\u00e8de une bague en bronze et une bague flottante retenu par un clips. Cette cascade est disponible \u00e0 la vente sur ce site en [&hellip;]<\/p>","protected":false},"featured_media":4065,"template":"","meta":[],"product_brand":[],"product_cat":[44,23],"product_tag":[125,161,164,111,162,126],"class_list":{"0":"post-4071","1":"product","2":"type-product","3":"status-publish","4":"has-post-thumbnail","6":"product_cat-transmission","7":"product_cat-boite-de-vitesse","8":"product_tag-boite-de-vitesse","9":"product_tag-cascade","10":"product_tag-embrayage","11":"product_tag-rapport-de-pont","12":"product_tag-swiftune","13":"product_tag-transmission","15":"first","16":"onbackorder","17":"taxable","18":"shipping-taxable","19":"purchasable","20":"product-type-variable"},"yoast_head":"<!-- This site is optimized with the Yoast SEO plugin v27.1.1 - https:\/\/yoast.com\/product\/yoast-seo-wordpress\/ -->\n<title>Cascade de boite de vitesse Swiftune - Dimspeed, l&#039;atelier de personnalisation automobile<\/title>\n<meta name=\"robots\" content=\"index, follow, max-snippet:-1, max-image-preview:large, max-video-preview:-1\" \/>\n<link rel=\"canonical\" href=\"https:\/\/dimspeed.com\/en\/product\/cascade-de-boite-de-vitesse-swiftune\/\" \/>\n<meta property=\"og:locale\" content=\"en_GB\" \/>\n<meta property=\"og:type\" content=\"article\" \/>\n<meta property=\"og:title\" content=\"Cascade de boite de vitesse Swiftune - Dimspeed, l&#039;atelier de personnalisation automobile\" \/>\n<meta property=\"og:description\" content=\"Dot\u00e9e d&#8217;un traitement en tribofinition,\u00a0 ce nouveau design de cascade Swiftune poss\u00e8de un roulement de haute qualit\u00e9 \u00e0 rouleaux \u00e0 contact oblique qui permet une meilleure r\u00e9sistance. Le pignon de vilebrequin poss\u00e8de une bague en bronze et une bague flottante retenu par un clips. Cette cascade est disponible \u00e0 la vente sur ce site en [&hellip;]\" \/>\n<meta property=\"og:url\" content=\"https:\/\/dimspeed.com\/en\/product\/cascade-de-boite-de-vitesse-swiftune\/\" \/>\n<meta property=\"og:site_name\" content=\"Dimspeed, l&#039;atelier de personnalisation automobile\" \/>\n<meta property=\"article:modified_time\" content=\"2025-09-24T11:02:27+00:00\" \/>\n<meta property=\"og:image\" content=\"https:\/\/dimspeed.com\/wp-content\/uploads\/2022\/06\/380_Cascade_A.jpeg\" \/>\n\t<meta property=\"og:image:width\" content=\"479\" \/>\n\t<meta property=\"og:image:height\" content=\"401\" \/>\n\t<meta property=\"og:image:type\" content=\"image\/jpeg\" \/>\n<meta name=\"twitter:card\" content=\"summary_large_image\" \/>\n<meta name=\"twitter:label1\" content=\"Estimated reading time\" \/>\n\t<meta name=\"twitter:data1\" content=\"2 minutes\" \/>\n<script type=\"application\/ld+json\" class=\"yoast-schema-graph\">{\"@context\":\"https:\/\/schema.org\",\"@graph\":[{\"@type\":\"WebPage\",\"@id\":\"https:\/\/dimspeed.com\/produit\/cascade-de-boite-de-vitesse-swiftune\/\",\"url\":\"https:\/\/dimspeed.com\/produit\/cascade-de-boite-de-vitesse-swiftune\/\",\"name\":\"Cascade de boite de vitesse Swiftune - Dimspeed, l&#039;atelier de personnalisation automobile\",\"isPartOf\":{\"@id\":\"https:\/\/dimspeed.com\/#website\"},\"primaryImageOfPage\":{\"@id\":\"https:\/\/dimspeed.com\/produit\/cascade-de-boite-de-vitesse-swiftune\/#primaryimage\"},\"image\":{\"@id\":\"https:\/\/dimspeed.com\/produit\/cascade-de-boite-de-vitesse-swiftune\/#primaryimage\"},\"thumbnailUrl\":\"https:\/\/dimspeed.com\/wp-content\/uploads\/2022\/06\/380_Cascade_A.jpeg\",\"datePublished\":\"2022-06-30T15:06:41+00:00\",\"dateModified\":\"2025-09-24T11:02:27+00:00\",\"breadcrumb\":{\"@id\":\"https:\/\/dimspeed.com\/produit\/cascade-de-boite-de-vitesse-swiftune\/#breadcrumb\"},\"inLanguage\":\"en-GB\",\"potentialAction\":[{\"@type\":\"ReadAction\",\"target\":[\"https:\/\/dimspeed.com\/produit\/cascade-de-boite-de-vitesse-swiftune\/\"]}]},{\"@type\":\"ImageObject\",\"inLanguage\":\"en-GB\",\"@id\":\"https:\/\/dimspeed.com\/produit\/cascade-de-boite-de-vitesse-swiftune\/#primaryimage\",\"url\":\"https:\/\/dimspeed.com\/wp-content\/uploads\/2022\/06\/380_Cascade_A.jpeg\",\"contentUrl\":\"https:\/\/dimspeed.com\/wp-content\/uploads\/2022\/06\/380_Cascade_A.jpeg\",\"width\":479,\"height\":401},{\"@type\":\"BreadcrumbList\",\"@id\":\"https:\/\/dimspeed.com\/produit\/cascade-de-boite-de-vitesse-swiftune\/#breadcrumb\",\"itemListElement\":[{\"@type\":\"ListItem\",\"position\":1,\"name\":\"Accueil\",\"item\":\"https:\/\/dimspeed.com\/\"},{\"@type\":\"ListItem\",\"position\":2,\"name\":\"Boutique\",\"item\":\"https:\/\/dimspeed.com\/boutique\/\"},{\"@type\":\"ListItem\",\"position\":3,\"name\":\"Cascade de boite de vitesse Swiftune\"}]},{\"@type\":\"WebSite\",\"@id\":\"https:\/\/dimspeed.com\/#website\",\"url\":\"https:\/\/dimspeed.com\/\",\"name\":\"Dimspeed, l&#039;atelier de personnalisation automobile\",\"description\":\"MOTORISTE comp\u00e9tition et collection SPECIALISTE moteur A-SERIE\",\"publisher\":{\"@id\":\"https:\/\/dimspeed.com\/#organization\"},\"potentialAction\":[{\"@type\":\"SearchAction\",\"target\":{\"@type\":\"EntryPoint\",\"urlTemplate\":\"https:\/\/dimspeed.com\/?s={search_term_string}\"},\"query-input\":{\"@type\":\"PropertyValueSpecification\",\"valueRequired\":true,\"valueName\":\"search_term_string\"}}],\"inLanguage\":\"en-GB\"},{\"@type\":\"Organization\",\"@id\":\"https:\/\/dimspeed.com\/#organization\",\"name\":\"Dimspeed, l&#039;atelier de personnalisation automobile\",\"url\":\"https:\/\/dimspeed.com\/\",\"logo\":{\"@type\":\"ImageObject\",\"inLanguage\":\"en-GB\",\"@id\":\"https:\/\/dimspeed.com\/#\/schema\/logo\/image\/\",\"url\":\"https:\/\/dimspeed.com\/wp-content\/uploads\/2020\/11\/logo-site.png\",\"contentUrl\":\"https:\/\/dimspeed.com\/wp-content\/uploads\/2020\/11\/logo-site.png\",\"width\":486,\"height\":178,\"caption\":\"Dimspeed, l&#039;atelier de personnalisation automobile\"},\"image\":{\"@id\":\"https:\/\/dimspeed.com\/#\/schema\/logo\/image\/\"}}]}<\/script>\n<!-- \/ Yoast SEO plugin. -->","yoast_head_json":{"title":"Cascade de boite de vitesse Swiftune - Dimspeed, l&#039;atelier de personnalisation automobile","robots":{"index":"index","follow":"follow","max-snippet":"max-snippet:-1","max-image-preview":"max-image-preview:large","max-video-preview":"max-video-preview:-1"},"canonical":"https:\/\/dimspeed.com\/en\/product\/cascade-de-boite-de-vitesse-swiftune\/","og_locale":"en_GB","og_type":"article","og_title":"Cascade de boite de vitesse Swiftune - Dimspeed, l&#039;atelier de personnalisation automobile","og_description":"Dot\u00e9e d&#8217;un traitement en tribofinition,\u00a0 ce nouveau design de cascade Swiftune poss\u00e8de un roulement de haute qualit\u00e9 \u00e0 rouleaux \u00e0 contact oblique qui permet une meilleure r\u00e9sistance. Le pignon de vilebrequin poss\u00e8de une bague en bronze et une bague flottante retenu par un clips. Cette cascade est disponible \u00e0 la vente sur ce site en [&hellip;]","og_url":"https:\/\/dimspeed.com\/en\/product\/cascade-de-boite-de-vitesse-swiftune\/","og_site_name":"Dimspeed, l&#039;atelier de personnalisation automobile","article_modified_time":"2025-09-24T11:02:27+00:00","og_image":[{"width":479,"height":401,"url":"https:\/\/dimspeed.com\/wp-content\/uploads\/2022\/06\/380_Cascade_A.jpeg","type":"image\/jpeg"}],"twitter_card":"summary_large_image","twitter_misc":{"Estimated reading time":"2 minutes"},"schema":{"@context":"https:\/\/schema.org","@graph":[{"@type":"WebPage","@id":"https:\/\/dimspeed.com\/produit\/cascade-de-boite-de-vitesse-swiftune\/","url":"https:\/\/dimspeed.com\/produit\/cascade-de-boite-de-vitesse-swiftune\/","name":"Cascade de boite de vitesse Swiftune - Dimspeed, l&#039;atelier de personnalisation automobile","isPartOf":{"@id":"https:\/\/dimspeed.com\/#website"},"primaryImageOfPage":{"@id":"https:\/\/dimspeed.com\/produit\/cascade-de-boite-de-vitesse-swiftune\/#primaryimage"},"image":{"@id":"https:\/\/dimspeed.com\/produit\/cascade-de-boite-de-vitesse-swiftune\/#primaryimage"},"thumbnailUrl":"https:\/\/dimspeed.com\/wp-content\/uploads\/2022\/06\/380_Cascade_A.jpeg","datePublished":"2022-06-30T15:06:41+00:00","dateModified":"2025-09-24T11:02:27+00:00","breadcrumb":{"@id":"https:\/\/dimspeed.com\/produit\/cascade-de-boite-de-vitesse-swiftune\/#breadcrumb"},"inLanguage":"en-GB","potentialAction":[{"@type":"ReadAction","target":["https:\/\/dimspeed.com\/produit\/cascade-de-boite-de-vitesse-swiftune\/"]}]},{"@type":"ImageObject","inLanguage":"en-GB","@id":"https:\/\/dimspeed.com\/produit\/cascade-de-boite-de-vitesse-swiftune\/#primaryimage","url":"https:\/\/dimspeed.com\/wp-content\/uploads\/2022\/06\/380_Cascade_A.jpeg","contentUrl":"https:\/\/dimspeed.com\/wp-content\/uploads\/2022\/06\/380_Cascade_A.jpeg","width":479,"height":401},{"@type":"BreadcrumbList","@id":"https:\/\/dimspeed.com\/produit\/cascade-de-boite-de-vitesse-swiftune\/#breadcrumb","itemListElement":[{"@type":"ListItem","position":1,"name":"Accueil","item":"https:\/\/dimspeed.com\/"},{"@type":"ListItem","position":2,"name":"Boutique","item":"https:\/\/dimspeed.com\/boutique\/"},{"@type":"ListItem","position":3,"name":"Cascade de boite de vitesse Swiftune"}]},{"@type":"WebSite","@id":"https:\/\/dimspeed.com\/#website","url":"https:\/\/dimspeed.com\/","name":"Dimspeed, l&#039;atelier de personnalisation automobile","description":"MOTORISTE comp\u00e9tition et collection SPECIALISTE moteur A-SERIE","publisher":{"@id":"https:\/\/dimspeed.com\/#organization"},"potentialAction":[{"@type":"SearchAction","target":{"@type":"EntryPoint","urlTemplate":"https:\/\/dimspeed.com\/?s={search_term_string}"},"query-input":{"@type":"PropertyValueSpecification","valueRequired":true,"valueName":"search_term_string"}}],"inLanguage":"en-GB"},{"@type":"Organization","@id":"https:\/\/dimspeed.com\/#organization","name":"Dimspeed, l&#039;atelier de personnalisation automobile","url":"https:\/\/dimspeed.com\/","logo":{"@type":"ImageObject","inLanguage":"en-GB","@id":"https:\/\/dimspeed.com\/#\/schema\/logo\/image\/","url":"https:\/\/dimspeed.com\/wp-content\/uploads\/2020\/11\/logo-site.png","contentUrl":"https:\/\/dimspeed.com\/wp-content\/uploads\/2020\/11\/logo-site.png","width":486,"height":178,"caption":"Dimspeed, l&#039;atelier de personnalisation automobile"},"image":{"@id":"https:\/\/dimspeed.com\/#\/schema\/logo\/image\/"}}]}},"_links":{"self":[{"href":"https:\/\/dimspeed.com\/en\/wp-json\/wp\/v2\/product\/4071","targetHints":{"allow":["GET"]}}],"collection":[{"href":"https:\/\/dimspeed.com\/en\/wp-json\/wp\/v2\/product"}],"about":[{"href":"https:\/\/dimspeed.com\/en\/wp-json\/wp\/v2\/types\/product"}],"version-history":[{"count":4,"href":"https:\/\/dimspeed.com\/en\/wp-json\/wp\/v2\/product\/4071\/revisions"}],"predecessor-version":[{"id":6667,"href":"https:\/\/dimspeed.com\/en\/wp-json\/wp\/v2\/product\/4071\/revisions\/6667"}],"wp:featuredmedia":[{"embeddable":true,"href":"https:\/\/dimspeed.com\/en\/wp-json\/wp\/v2\/media\/4065"}],"wp:attachment":[{"href":"https:\/\/dimspeed.com\/en\/wp-json\/wp\/v2\/media?parent=4071"}],"wp:term":[{"taxonomy":"product_brand","embeddable":true,"href":"https:\/\/dimspeed.com\/en\/wp-json\/wp\/v2\/product_brand?post=4071"},{"taxonomy":"product_cat","embeddable":true,"href":"https:\/\/dimspeed.com\/en\/wp-json\/wp\/v2\/product_cat?post=4071"},{"taxonomy":"product_tag","embeddable":true,"href":"https:\/\/dimspeed.com\/en\/wp-json\/wp\/v2\/product_tag?post=4071"}],"curies":[{"name":"wp","href":"https:\/\/api.w.org\/{rel}","templated":true}]}}