{"id":4059,"date":"2022-06-30T15:46:39","date_gmt":"2022-06-30T13:46:39","guid":{"rendered":"https:\/\/dimspeed.com\/?post_type=product&#038;p=4059"},"modified":"2025-10-01T10:19:27","modified_gmt":"2025-10-01T08:19:27","slug":"goujons-de-roue-de-competiton-swiftune","status":"publish","type":"product","link":"https:\/\/dimspeed.com\/en\/product\/goujons-de-roue-de-competiton-swiftune\/","title":{"rendered":"Swiftune Competition Wheel Studs"},"content":{"rendered":"<p>Competition wheels studs designed for racing. Supreme quality stud with extra large knurling for a tight fitment in the flange\/disc. Designed when racing with Nick Swift and using the Rose Petal wheel to aid extra quick wheel changes in races. The studs have a special feature of a leading snout, this makes wheel changes much easier and eliminates cross-threading. The leading edge simply guides the wheel bolt in with ease! Both front and rear studs available. These studs will only suit wheels that use tube type nuts, Rose Petal, MB etc.<\/p>\n<p>Studs are sold individually.<\/p>\n<p>Front studs 55mm overall length, rears 75mm overall length.<\/p>","protected":false},"excerpt":{"rendered":"<p>Goujons de roues sp\u00e9cialement con\u00e7us pour la comp\u00e9tition. Ces goujons sont de haute qualit\u00e9 avec un moletage extra large pour un montage serr\u00e9 dans la colerette. Ils ont \u00e9t\u00e9 dessin\u00e9s pour les jantes roses p\u00e9tales et pour faciliter les changements de roues. Ils poss\u00e8dent un arrondie pour ne pas croiser et abimer le filletage. Disponible [&hellip;]<\/p>","protected":false},"featured_media":4060,"template":"","meta":[],"product_brand":[],"product_cat":[27],"product_tag":[73,95,64,185,162],"class_list":{"0":"post-4059","1":"product","2":"type-product","3":"status-publish","4":"has-post-thumbnail","6":"product_cat-chassis","7":"product_tag-chassis","8":"product_tag-goujons","9":"product_tag-race","10":"product_tag-roue","11":"product_tag-swiftune","13":"first","14":"instock","15":"taxable","16":"shipping-taxable","17":"purchasable","18":"product-type-variable"},"yoast_head":"<!-- This site is optimized with the Yoast SEO plugin v27.1.1 - https:\/\/yoast.com\/product\/yoast-seo-wordpress\/ -->\n<title>Goujons de Roue de Comp\u00e9titon Swiftune - Dimspeed, l&#039;atelier de personnalisation automobile<\/title>\n<meta name=\"robots\" content=\"index, follow, max-snippet:-1, max-image-preview:large, max-video-preview:-1\" \/>\n<link rel=\"canonical\" href=\"https:\/\/dimspeed.com\/en\/product\/goujons-de-roue-de-competiton-swiftune\/\" \/>\n<meta property=\"og:locale\" content=\"en_GB\" \/>\n<meta property=\"og:type\" content=\"article\" \/>\n<meta property=\"og:title\" content=\"Goujons de Roue de Comp\u00e9titon Swiftune - Dimspeed, l&#039;atelier de personnalisation automobile\" \/>\n<meta property=\"og:description\" content=\"Goujons de roues sp\u00e9cialement con\u00e7us pour la comp\u00e9tition. Ces goujons sont de haute qualit\u00e9 avec un moletage extra large pour un montage serr\u00e9 dans la colerette. Ils ont \u00e9t\u00e9 dessin\u00e9s pour les jantes roses p\u00e9tales et pour faciliter les changements de roues. Ils poss\u00e8dent un arrondie pour ne pas croiser et abimer le filletage. Disponible [&hellip;]\" \/>\n<meta property=\"og:url\" content=\"https:\/\/dimspeed.com\/en\/product\/goujons-de-roue-de-competiton-swiftune\/\" \/>\n<meta property=\"og:site_name\" content=\"Dimspeed, l&#039;atelier de personnalisation automobile\" \/>\n<meta property=\"article:modified_time\" content=\"2025-10-01T08:19:27+00:00\" \/>\n<meta property=\"og:image\" content=\"https:\/\/dimspeed.com\/wp-content\/uploads\/2022\/06\/378_Goujons-de-roues.jpeg\" \/>\n\t<meta property=\"og:image:width\" content=\"480\" \/>\n\t<meta property=\"og:image:height\" content=\"640\" \/>\n\t<meta property=\"og:image:type\" content=\"image\/jpeg\" \/>\n<meta name=\"twitter:card\" content=\"summary_large_image\" \/>\n<meta name=\"twitter:label1\" content=\"Estimated reading time\" \/>\n\t<meta name=\"twitter:data1\" content=\"1 minute\" \/>\n<script type=\"application\/ld+json\" class=\"yoast-schema-graph\">{\"@context\":\"https:\/\/schema.org\",\"@graph\":[{\"@type\":\"WebPage\",\"@id\":\"https:\/\/dimspeed.com\/produit\/goujons-de-roue-de-competiton-swiftune\/\",\"url\":\"https:\/\/dimspeed.com\/produit\/goujons-de-roue-de-competiton-swiftune\/\",\"name\":\"Goujons de Roue de Comp\u00e9titon Swiftune - Dimspeed, l&#039;atelier de personnalisation automobile\",\"isPartOf\":{\"@id\":\"https:\/\/dimspeed.com\/#website\"},\"primaryImageOfPage\":{\"@id\":\"https:\/\/dimspeed.com\/produit\/goujons-de-roue-de-competiton-swiftune\/#primaryimage\"},\"image\":{\"@id\":\"https:\/\/dimspeed.com\/produit\/goujons-de-roue-de-competiton-swiftune\/#primaryimage\"},\"thumbnailUrl\":\"https:\/\/dimspeed.com\/wp-content\/uploads\/2022\/06\/378_Goujons-de-roues.jpeg\",\"datePublished\":\"2022-06-30T13:46:39+00:00\",\"dateModified\":\"2025-10-01T08:19:27+00:00\",\"breadcrumb\":{\"@id\":\"https:\/\/dimspeed.com\/produit\/goujons-de-roue-de-competiton-swiftune\/#breadcrumb\"},\"inLanguage\":\"en-GB\",\"potentialAction\":[{\"@type\":\"ReadAction\",\"target\":[\"https:\/\/dimspeed.com\/produit\/goujons-de-roue-de-competiton-swiftune\/\"]}]},{\"@type\":\"ImageObject\",\"inLanguage\":\"en-GB\",\"@id\":\"https:\/\/dimspeed.com\/produit\/goujons-de-roue-de-competiton-swiftune\/#primaryimage\",\"url\":\"https:\/\/dimspeed.com\/wp-content\/uploads\/2022\/06\/378_Goujons-de-roues.jpeg\",\"contentUrl\":\"https:\/\/dimspeed.com\/wp-content\/uploads\/2022\/06\/378_Goujons-de-roues.jpeg\",\"width\":480,\"height\":640},{\"@type\":\"BreadcrumbList\",\"@id\":\"https:\/\/dimspeed.com\/produit\/goujons-de-roue-de-competiton-swiftune\/#breadcrumb\",\"itemListElement\":[{\"@type\":\"ListItem\",\"position\":1,\"name\":\"Accueil\",\"item\":\"https:\/\/dimspeed.com\/\"},{\"@type\":\"ListItem\",\"position\":2,\"name\":\"Boutique\",\"item\":\"https:\/\/dimspeed.com\/boutique\/\"},{\"@type\":\"ListItem\",\"position\":3,\"name\":\"Goujons de Roue de Comp\u00e9titon Swiftune\"}]},{\"@type\":\"WebSite\",\"@id\":\"https:\/\/dimspeed.com\/#website\",\"url\":\"https:\/\/dimspeed.com\/\",\"name\":\"Dimspeed, l&#039;atelier de personnalisation automobile\",\"description\":\"MOTORISTE comp\u00e9tition et collection SPECIALISTE moteur A-SERIE\",\"publisher\":{\"@id\":\"https:\/\/dimspeed.com\/#organization\"},\"potentialAction\":[{\"@type\":\"SearchAction\",\"target\":{\"@type\":\"EntryPoint\",\"urlTemplate\":\"https:\/\/dimspeed.com\/?s={search_term_string}\"},\"query-input\":{\"@type\":\"PropertyValueSpecification\",\"valueRequired\":true,\"valueName\":\"search_term_string\"}}],\"inLanguage\":\"en-GB\"},{\"@type\":\"Organization\",\"@id\":\"https:\/\/dimspeed.com\/#organization\",\"name\":\"Dimspeed, l&#039;atelier de personnalisation automobile\",\"url\":\"https:\/\/dimspeed.com\/\",\"logo\":{\"@type\":\"ImageObject\",\"inLanguage\":\"en-GB\",\"@id\":\"https:\/\/dimspeed.com\/#\/schema\/logo\/image\/\",\"url\":\"https:\/\/dimspeed.com\/wp-content\/uploads\/2020\/11\/logo-site.png\",\"contentUrl\":\"https:\/\/dimspeed.com\/wp-content\/uploads\/2020\/11\/logo-site.png\",\"width\":486,\"height\":178,\"caption\":\"Dimspeed, l&#039;atelier de personnalisation automobile\"},\"image\":{\"@id\":\"https:\/\/dimspeed.com\/#\/schema\/logo\/image\/\"}}]}<\/script>\n<!-- \/ Yoast SEO plugin. -->","yoast_head_json":{"title":"Goujons de Roue de Comp\u00e9titon Swiftune - Dimspeed, l&#039;atelier de personnalisation automobile","robots":{"index":"index","follow":"follow","max-snippet":"max-snippet:-1","max-image-preview":"max-image-preview:large","max-video-preview":"max-video-preview:-1"},"canonical":"https:\/\/dimspeed.com\/en\/product\/goujons-de-roue-de-competiton-swiftune\/","og_locale":"en_GB","og_type":"article","og_title":"Goujons de Roue de Comp\u00e9titon Swiftune - Dimspeed, l&#039;atelier de personnalisation automobile","og_description":"Goujons de roues sp\u00e9cialement con\u00e7us pour la comp\u00e9tition. Ces goujons sont de haute qualit\u00e9 avec un moletage extra large pour un montage serr\u00e9 dans la colerette. Ils ont \u00e9t\u00e9 dessin\u00e9s pour les jantes roses p\u00e9tales et pour faciliter les changements de roues. Ils poss\u00e8dent un arrondie pour ne pas croiser et abimer le filletage. Disponible [&hellip;]","og_url":"https:\/\/dimspeed.com\/en\/product\/goujons-de-roue-de-competiton-swiftune\/","og_site_name":"Dimspeed, l&#039;atelier de personnalisation automobile","article_modified_time":"2025-10-01T08:19:27+00:00","og_image":[{"width":480,"height":640,"url":"https:\/\/dimspeed.com\/wp-content\/uploads\/2022\/06\/378_Goujons-de-roues.jpeg","type":"image\/jpeg"}],"twitter_card":"summary_large_image","twitter_misc":{"Estimated reading time":"1 minute"},"schema":{"@context":"https:\/\/schema.org","@graph":[{"@type":"WebPage","@id":"https:\/\/dimspeed.com\/produit\/goujons-de-roue-de-competiton-swiftune\/","url":"https:\/\/dimspeed.com\/produit\/goujons-de-roue-de-competiton-swiftune\/","name":"Goujons de Roue de Comp\u00e9titon Swiftune - Dimspeed, l&#039;atelier de personnalisation automobile","isPartOf":{"@id":"https:\/\/dimspeed.com\/#website"},"primaryImageOfPage":{"@id":"https:\/\/dimspeed.com\/produit\/goujons-de-roue-de-competiton-swiftune\/#primaryimage"},"image":{"@id":"https:\/\/dimspeed.com\/produit\/goujons-de-roue-de-competiton-swiftune\/#primaryimage"},"thumbnailUrl":"https:\/\/dimspeed.com\/wp-content\/uploads\/2022\/06\/378_Goujons-de-roues.jpeg","datePublished":"2022-06-30T13:46:39+00:00","dateModified":"2025-10-01T08:19:27+00:00","breadcrumb":{"@id":"https:\/\/dimspeed.com\/produit\/goujons-de-roue-de-competiton-swiftune\/#breadcrumb"},"inLanguage":"en-GB","potentialAction":[{"@type":"ReadAction","target":["https:\/\/dimspeed.com\/produit\/goujons-de-roue-de-competiton-swiftune\/"]}]},{"@type":"ImageObject","inLanguage":"en-GB","@id":"https:\/\/dimspeed.com\/produit\/goujons-de-roue-de-competiton-swiftune\/#primaryimage","url":"https:\/\/dimspeed.com\/wp-content\/uploads\/2022\/06\/378_Goujons-de-roues.jpeg","contentUrl":"https:\/\/dimspeed.com\/wp-content\/uploads\/2022\/06\/378_Goujons-de-roues.jpeg","width":480,"height":640},{"@type":"BreadcrumbList","@id":"https:\/\/dimspeed.com\/produit\/goujons-de-roue-de-competiton-swiftune\/#breadcrumb","itemListElement":[{"@type":"ListItem","position":1,"name":"Accueil","item":"https:\/\/dimspeed.com\/"},{"@type":"ListItem","position":2,"name":"Boutique","item":"https:\/\/dimspeed.com\/boutique\/"},{"@type":"ListItem","position":3,"name":"Goujons de Roue de Comp\u00e9titon Swiftune"}]},{"@type":"WebSite","@id":"https:\/\/dimspeed.com\/#website","url":"https:\/\/dimspeed.com\/","name":"Dimspeed, l&#039;atelier de personnalisation automobile","description":"MOTORISTE comp\u00e9tition et collection SPECIALISTE moteur A-SERIE","publisher":{"@id":"https:\/\/dimspeed.com\/#organization"},"potentialAction":[{"@type":"SearchAction","target":{"@type":"EntryPoint","urlTemplate":"https:\/\/dimspeed.com\/?s={search_term_string}"},"query-input":{"@type":"PropertyValueSpecification","valueRequired":true,"valueName":"search_term_string"}}],"inLanguage":"en-GB"},{"@type":"Organization","@id":"https:\/\/dimspeed.com\/#organization","name":"Dimspeed, l&#039;atelier de personnalisation automobile","url":"https:\/\/dimspeed.com\/","logo":{"@type":"ImageObject","inLanguage":"en-GB","@id":"https:\/\/dimspeed.com\/#\/schema\/logo\/image\/","url":"https:\/\/dimspeed.com\/wp-content\/uploads\/2020\/11\/logo-site.png","contentUrl":"https:\/\/dimspeed.com\/wp-content\/uploads\/2020\/11\/logo-site.png","width":486,"height":178,"caption":"Dimspeed, l&#039;atelier de personnalisation automobile"},"image":{"@id":"https:\/\/dimspeed.com\/#\/schema\/logo\/image\/"}}]}},"_links":{"self":[{"href":"https:\/\/dimspeed.com\/en\/wp-json\/wp\/v2\/product\/4059","targetHints":{"allow":["GET"]}}],"collection":[{"href":"https:\/\/dimspeed.com\/en\/wp-json\/wp\/v2\/product"}],"about":[{"href":"https:\/\/dimspeed.com\/en\/wp-json\/wp\/v2\/types\/product"}],"version-history":[{"count":2,"href":"https:\/\/dimspeed.com\/en\/wp-json\/wp\/v2\/product\/4059\/revisions"}],"predecessor-version":[{"id":4069,"href":"https:\/\/dimspeed.com\/en\/wp-json\/wp\/v2\/product\/4059\/revisions\/4069"}],"wp:featuredmedia":[{"embeddable":true,"href":"https:\/\/dimspeed.com\/en\/wp-json\/wp\/v2\/media\/4060"}],"wp:attachment":[{"href":"https:\/\/dimspeed.com\/en\/wp-json\/wp\/v2\/media?parent=4059"}],"wp:term":[{"taxonomy":"product_brand","embeddable":true,"href":"https:\/\/dimspeed.com\/en\/wp-json\/wp\/v2\/product_brand?post=4059"},{"taxonomy":"product_cat","embeddable":true,"href":"https:\/\/dimspeed.com\/en\/wp-json\/wp\/v2\/product_cat?post=4059"},{"taxonomy":"product_tag","embeddable":true,"href":"https:\/\/dimspeed.com\/en\/wp-json\/wp\/v2\/product_tag?post=4059"}],"curies":[{"name":"wp","href":"https:\/\/api.w.org\/{rel}","templated":true}]}}