{"id":4054,"date":"2022-06-30T15:29:52","date_gmt":"2022-06-30T13:29:52","guid":{"rendered":"https:\/\/dimspeed.com\/?post_type=product&#038;p=4054"},"modified":"2026-02-04T12:02:19","modified_gmt":"2026-02-04T11:02:19","slug":"set-de-goujons-de-palier-renforces-swiftune","status":"publish","type":"product","link":"https:\/\/dimspeed.com\/en\/product\/set-de-goujons-de-palier-renforces-swiftune\/","title":{"rendered":"Swiftune F1 Spec Main Stud Set"},"content":{"rendered":"<p>Swiftune has designed and developed these F1 Spec Main Studs to compliment their Steel Main Cap sets. They help to eliminate main cap \"float\" at high RPM and are used in all Swiftune Championship winning engines. Manufactured in EN36 steel with rolled threads for maximum strength, simply the best quality available.<\/p>\n<p>This set includes:<\/p>\n<ul>\n<li>6 x Main Studs<\/li>\n<li>2 x Short Studs for 4 Bolt Main Caps<\/li>\n<li>8 x ARP Nuts<\/li>\n<\/ul>\n<p>&nbsp;<\/p>\n<p>Please Note - Only suits Swiftune Steel Main Caps for 1300\/A+ Blocks.<\/p>","protected":false},"excerpt":{"rendered":"<p>Swiftune a con\u00e7u et d\u00e9velopp\u00e9 ce set de goujons pour maintenir leur jeu de paliers acier. Ils permettent d&#8217;\u00e9limininer la vibration du palier \u00e0 haut r\u00e9gime. Ils sont fabriqu\u00e9s \u00e0 partir de l&#8217;acier EN36 avec un filetage lamin\u00e9 pour plus de solidit\u00e9. Se sont les meilleurs sur le march\u00e9 en terme de qualit\u00e9 et de [&hellip;]<\/p>","protected":false},"featured_media":4055,"template":"","meta":[],"product_brand":[],"product_cat":[15,20],"product_tag":[87,95,127,157,64,162],"class_list":{"0":"post-4054","1":"product","2":"type-product","3":"status-publish","4":"has-post-thumbnail","6":"product_cat-moteur","7":"product_cat-bloc","8":"product_tag-bloc","9":"product_tag-goujons","10":"product_tag-palier","11":"product_tag-palier-central","12":"product_tag-race","13":"product_tag-swiftune","15":"first","16":"instock","17":"taxable","18":"shipping-taxable","19":"purchasable","20":"product-type-simple"},"yoast_head":"<!-- This site is optimized with the Yoast SEO plugin v27.1.1 - https:\/\/yoast.com\/product\/yoast-seo-wordpress\/ -->\n<title>Set de Goujons de Palier Renforc\u00e9s Swiftune - Dimspeed, l&#039;atelier de personnalisation automobile<\/title>\n<meta name=\"robots\" content=\"index, follow, max-snippet:-1, max-image-preview:large, max-video-preview:-1\" \/>\n<link rel=\"canonical\" href=\"https:\/\/dimspeed.com\/en\/product\/set-de-goujons-de-palier-renforces-swiftune\/\" \/>\n<meta property=\"og:locale\" content=\"en_GB\" \/>\n<meta property=\"og:type\" content=\"article\" \/>\n<meta property=\"og:title\" content=\"Set de Goujons de Palier Renforc\u00e9s Swiftune - Dimspeed, l&#039;atelier de personnalisation automobile\" \/>\n<meta property=\"og:description\" content=\"Swiftune a con\u00e7u et d\u00e9velopp\u00e9 ce set de goujons pour maintenir leur jeu de paliers acier. Ils permettent d&#8217;\u00e9limininer la vibration du palier \u00e0 haut r\u00e9gime. Ils sont fabriqu\u00e9s \u00e0 partir de l&#8217;acier EN36 avec un filetage lamin\u00e9 pour plus de solidit\u00e9. Se sont les meilleurs sur le march\u00e9 en terme de qualit\u00e9 et de [&hellip;]\" \/>\n<meta property=\"og:url\" content=\"https:\/\/dimspeed.com\/en\/product\/set-de-goujons-de-palier-renforces-swiftune\/\" \/>\n<meta property=\"og:site_name\" content=\"Dimspeed, l&#039;atelier de personnalisation automobile\" \/>\n<meta property=\"article:modified_time\" content=\"2026-02-04T11:02:19+00:00\" \/>\n<meta property=\"og:image\" content=\"https:\/\/dimspeed.com\/wp-content\/uploads\/2022\/06\/374_Goujons-renforce-pour-palier-central.jpeg\" \/>\n\t<meta property=\"og:image:width\" content=\"480\" \/>\n\t<meta property=\"og:image:height\" content=\"640\" \/>\n\t<meta property=\"og:image:type\" content=\"image\/jpeg\" \/>\n<meta name=\"twitter:card\" content=\"summary_large_image\" \/>\n<meta name=\"twitter:label1\" content=\"Estimated reading time\" \/>\n\t<meta name=\"twitter:data1\" content=\"1 minute\" \/>\n<script type=\"application\/ld+json\" class=\"yoast-schema-graph\">{\"@context\":\"https:\/\/schema.org\",\"@graph\":[{\"@type\":\"WebPage\",\"@id\":\"https:\/\/dimspeed.com\/produit\/set-de-goujons-de-palier-renforces-swiftune\/\",\"url\":\"https:\/\/dimspeed.com\/produit\/set-de-goujons-de-palier-renforces-swiftune\/\",\"name\":\"Set de Goujons de Palier Renforc\u00e9s Swiftune - Dimspeed, l&#039;atelier de personnalisation automobile\",\"isPartOf\":{\"@id\":\"https:\/\/dimspeed.com\/#website\"},\"primaryImageOfPage\":{\"@id\":\"https:\/\/dimspeed.com\/produit\/set-de-goujons-de-palier-renforces-swiftune\/#primaryimage\"},\"image\":{\"@id\":\"https:\/\/dimspeed.com\/produit\/set-de-goujons-de-palier-renforces-swiftune\/#primaryimage\"},\"thumbnailUrl\":\"https:\/\/dimspeed.com\/wp-content\/uploads\/2022\/06\/374_Goujons-renforce-pour-palier-central.jpeg\",\"datePublished\":\"2022-06-30T13:29:52+00:00\",\"dateModified\":\"2026-02-04T11:02:19+00:00\",\"breadcrumb\":{\"@id\":\"https:\/\/dimspeed.com\/produit\/set-de-goujons-de-palier-renforces-swiftune\/#breadcrumb\"},\"inLanguage\":\"en-GB\",\"potentialAction\":[{\"@type\":\"ReadAction\",\"target\":[\"https:\/\/dimspeed.com\/produit\/set-de-goujons-de-palier-renforces-swiftune\/\"]}]},{\"@type\":\"ImageObject\",\"inLanguage\":\"en-GB\",\"@id\":\"https:\/\/dimspeed.com\/produit\/set-de-goujons-de-palier-renforces-swiftune\/#primaryimage\",\"url\":\"https:\/\/dimspeed.com\/wp-content\/uploads\/2022\/06\/374_Goujons-renforce-pour-palier-central.jpeg\",\"contentUrl\":\"https:\/\/dimspeed.com\/wp-content\/uploads\/2022\/06\/374_Goujons-renforce-pour-palier-central.jpeg\",\"width\":480,\"height\":640},{\"@type\":\"BreadcrumbList\",\"@id\":\"https:\/\/dimspeed.com\/produit\/set-de-goujons-de-palier-renforces-swiftune\/#breadcrumb\",\"itemListElement\":[{\"@type\":\"ListItem\",\"position\":1,\"name\":\"Accueil\",\"item\":\"https:\/\/dimspeed.com\/\"},{\"@type\":\"ListItem\",\"position\":2,\"name\":\"Boutique\",\"item\":\"https:\/\/dimspeed.com\/boutique\/\"},{\"@type\":\"ListItem\",\"position\":3,\"name\":\"Set de Goujons de Palier Renforc\u00e9s Swiftune\"}]},{\"@type\":\"WebSite\",\"@id\":\"https:\/\/dimspeed.com\/#website\",\"url\":\"https:\/\/dimspeed.com\/\",\"name\":\"Dimspeed, l&#039;atelier de personnalisation automobile\",\"description\":\"MOTORISTE comp\u00e9tition et collection SPECIALISTE moteur A-SERIE\",\"publisher\":{\"@id\":\"https:\/\/dimspeed.com\/#organization\"},\"potentialAction\":[{\"@type\":\"SearchAction\",\"target\":{\"@type\":\"EntryPoint\",\"urlTemplate\":\"https:\/\/dimspeed.com\/?s={search_term_string}\"},\"query-input\":{\"@type\":\"PropertyValueSpecification\",\"valueRequired\":true,\"valueName\":\"search_term_string\"}}],\"inLanguage\":\"en-GB\"},{\"@type\":\"Organization\",\"@id\":\"https:\/\/dimspeed.com\/#organization\",\"name\":\"Dimspeed, l&#039;atelier de personnalisation automobile\",\"url\":\"https:\/\/dimspeed.com\/\",\"logo\":{\"@type\":\"ImageObject\",\"inLanguage\":\"en-GB\",\"@id\":\"https:\/\/dimspeed.com\/#\/schema\/logo\/image\/\",\"url\":\"https:\/\/dimspeed.com\/wp-content\/uploads\/2020\/11\/logo-site.png\",\"contentUrl\":\"https:\/\/dimspeed.com\/wp-content\/uploads\/2020\/11\/logo-site.png\",\"width\":486,\"height\":178,\"caption\":\"Dimspeed, l&#039;atelier de personnalisation automobile\"},\"image\":{\"@id\":\"https:\/\/dimspeed.com\/#\/schema\/logo\/image\/\"}}]}<\/script>\n<!-- \/ Yoast SEO plugin. -->","yoast_head_json":{"title":"Set de Goujons de Palier Renforc\u00e9s Swiftune - Dimspeed, l&#039;atelier de personnalisation automobile","robots":{"index":"index","follow":"follow","max-snippet":"max-snippet:-1","max-image-preview":"max-image-preview:large","max-video-preview":"max-video-preview:-1"},"canonical":"https:\/\/dimspeed.com\/en\/product\/set-de-goujons-de-palier-renforces-swiftune\/","og_locale":"en_GB","og_type":"article","og_title":"Set de Goujons de Palier Renforc\u00e9s Swiftune - Dimspeed, l&#039;atelier de personnalisation automobile","og_description":"Swiftune a con\u00e7u et d\u00e9velopp\u00e9 ce set de goujons pour maintenir leur jeu de paliers acier. Ils permettent d&#8217;\u00e9limininer la vibration du palier \u00e0 haut r\u00e9gime. Ils sont fabriqu\u00e9s \u00e0 partir de l&#8217;acier EN36 avec un filetage lamin\u00e9 pour plus de solidit\u00e9. Se sont les meilleurs sur le march\u00e9 en terme de qualit\u00e9 et de [&hellip;]","og_url":"https:\/\/dimspeed.com\/en\/product\/set-de-goujons-de-palier-renforces-swiftune\/","og_site_name":"Dimspeed, l&#039;atelier de personnalisation automobile","article_modified_time":"2026-02-04T11:02:19+00:00","og_image":[{"width":480,"height":640,"url":"https:\/\/dimspeed.com\/wp-content\/uploads\/2022\/06\/374_Goujons-renforce-pour-palier-central.jpeg","type":"image\/jpeg"}],"twitter_card":"summary_large_image","twitter_misc":{"Estimated reading time":"1 minute"},"schema":{"@context":"https:\/\/schema.org","@graph":[{"@type":"WebPage","@id":"https:\/\/dimspeed.com\/produit\/set-de-goujons-de-palier-renforces-swiftune\/","url":"https:\/\/dimspeed.com\/produit\/set-de-goujons-de-palier-renforces-swiftune\/","name":"Set de Goujons de Palier Renforc\u00e9s Swiftune - Dimspeed, l&#039;atelier de personnalisation automobile","isPartOf":{"@id":"https:\/\/dimspeed.com\/#website"},"primaryImageOfPage":{"@id":"https:\/\/dimspeed.com\/produit\/set-de-goujons-de-palier-renforces-swiftune\/#primaryimage"},"image":{"@id":"https:\/\/dimspeed.com\/produit\/set-de-goujons-de-palier-renforces-swiftune\/#primaryimage"},"thumbnailUrl":"https:\/\/dimspeed.com\/wp-content\/uploads\/2022\/06\/374_Goujons-renforce-pour-palier-central.jpeg","datePublished":"2022-06-30T13:29:52+00:00","dateModified":"2026-02-04T11:02:19+00:00","breadcrumb":{"@id":"https:\/\/dimspeed.com\/produit\/set-de-goujons-de-palier-renforces-swiftune\/#breadcrumb"},"inLanguage":"en-GB","potentialAction":[{"@type":"ReadAction","target":["https:\/\/dimspeed.com\/produit\/set-de-goujons-de-palier-renforces-swiftune\/"]}]},{"@type":"ImageObject","inLanguage":"en-GB","@id":"https:\/\/dimspeed.com\/produit\/set-de-goujons-de-palier-renforces-swiftune\/#primaryimage","url":"https:\/\/dimspeed.com\/wp-content\/uploads\/2022\/06\/374_Goujons-renforce-pour-palier-central.jpeg","contentUrl":"https:\/\/dimspeed.com\/wp-content\/uploads\/2022\/06\/374_Goujons-renforce-pour-palier-central.jpeg","width":480,"height":640},{"@type":"BreadcrumbList","@id":"https:\/\/dimspeed.com\/produit\/set-de-goujons-de-palier-renforces-swiftune\/#breadcrumb","itemListElement":[{"@type":"ListItem","position":1,"name":"Accueil","item":"https:\/\/dimspeed.com\/"},{"@type":"ListItem","position":2,"name":"Boutique","item":"https:\/\/dimspeed.com\/boutique\/"},{"@type":"ListItem","position":3,"name":"Set de Goujons de Palier Renforc\u00e9s Swiftune"}]},{"@type":"WebSite","@id":"https:\/\/dimspeed.com\/#website","url":"https:\/\/dimspeed.com\/","name":"Dimspeed, l&#039;atelier de personnalisation automobile","description":"MOTORISTE comp\u00e9tition et collection SPECIALISTE moteur A-SERIE","publisher":{"@id":"https:\/\/dimspeed.com\/#organization"},"potentialAction":[{"@type":"SearchAction","target":{"@type":"EntryPoint","urlTemplate":"https:\/\/dimspeed.com\/?s={search_term_string}"},"query-input":{"@type":"PropertyValueSpecification","valueRequired":true,"valueName":"search_term_string"}}],"inLanguage":"en-GB"},{"@type":"Organization","@id":"https:\/\/dimspeed.com\/#organization","name":"Dimspeed, l&#039;atelier de personnalisation automobile","url":"https:\/\/dimspeed.com\/","logo":{"@type":"ImageObject","inLanguage":"en-GB","@id":"https:\/\/dimspeed.com\/#\/schema\/logo\/image\/","url":"https:\/\/dimspeed.com\/wp-content\/uploads\/2020\/11\/logo-site.png","contentUrl":"https:\/\/dimspeed.com\/wp-content\/uploads\/2020\/11\/logo-site.png","width":486,"height":178,"caption":"Dimspeed, l&#039;atelier de personnalisation automobile"},"image":{"@id":"https:\/\/dimspeed.com\/#\/schema\/logo\/image\/"}}]}},"_links":{"self":[{"href":"https:\/\/dimspeed.com\/en\/wp-json\/wp\/v2\/product\/4054","targetHints":{"allow":["GET"]}}],"collection":[{"href":"https:\/\/dimspeed.com\/en\/wp-json\/wp\/v2\/product"}],"about":[{"href":"https:\/\/dimspeed.com\/en\/wp-json\/wp\/v2\/types\/product"}],"version-history":[{"count":4,"href":"https:\/\/dimspeed.com\/en\/wp-json\/wp\/v2\/product\/4054\/revisions"}],"predecessor-version":[{"id":4084,"href":"https:\/\/dimspeed.com\/en\/wp-json\/wp\/v2\/product\/4054\/revisions\/4084"}],"wp:featuredmedia":[{"embeddable":true,"href":"https:\/\/dimspeed.com\/en\/wp-json\/wp\/v2\/media\/4055"}],"wp:attachment":[{"href":"https:\/\/dimspeed.com\/en\/wp-json\/wp\/v2\/media?parent=4054"}],"wp:term":[{"taxonomy":"product_brand","embeddable":true,"href":"https:\/\/dimspeed.com\/en\/wp-json\/wp\/v2\/product_brand?post=4054"},{"taxonomy":"product_cat","embeddable":true,"href":"https:\/\/dimspeed.com\/en\/wp-json\/wp\/v2\/product_cat?post=4054"},{"taxonomy":"product_tag","embeddable":true,"href":"https:\/\/dimspeed.com\/en\/wp-json\/wp\/v2\/product_tag?post=4054"}],"curies":[{"name":"wp","href":"https:\/\/api.w.org\/{rel}","templated":true}]}}