{"id":3815,"date":"2022-01-26T11:01:39","date_gmt":"2022-01-26T10:01:39","guid":{"rendered":"https:\/\/dimspeed.com\/?post_type=product&#038;p=3815"},"modified":"2025-02-14T10:26:06","modified_gmt":"2025-02-14T09:26:06","slug":"reservoir-dessence-type-mini-miglia","status":"publish","type":"product","link":"https:\/\/dimspeed.com\/en\/product\/reservoir-dessence-type-mini-miglia\/","title":{"rendered":"Owens race fuel tank - Mini Miglia type"},"content":{"rendered":"<p>This 5-gallon foam-filled fuel tank is popular among mini 7 and Miglia race cars. It has a sump which is located in the batt box, this enables running with minimal fuel. This enables running with minimal fuel and with no fuel surge.<\/p>\n<p>For -6 jic fittings.<\/p>","protected":false},"excerpt":{"rendered":"<p>Ce r\u00e9servoir d\u2019une capacit\u00e9 d\u2019environ 20 litres est tr\u00e8s populaire dans la comp\u00e9tition des Mini 7 ou Miglia. Il poss\u00e8de un d\u00e9crochement qui se place dans l\u2019emplacement de la batterie gr\u00e2ce auquel il est possible de courir avec tr\u00e8s peu d\u2019essence et de pas avoir de d\u00e9jaugeage d\u2019essence. Filetage -6 jic.<\/p>","protected":false},"featured_media":3817,"template":"","meta":[],"product_brand":[],"product_cat":[27],"product_tag":[73,53,187],"class_list":{"0":"post-3815","1":"product","2":"type-product","3":"status-publish","4":"has-post-thumbnail","6":"product_cat-chassis","7":"product_tag-chassis","8":"product_tag-owens","9":"product_tag-reservoir","11":"first","12":"instock","13":"taxable","14":"shipping-taxable","15":"purchasable","16":"product-type-simple"},"yoast_head":"<!-- This site is optimized with the Yoast SEO plugin v27.1.1 - https:\/\/yoast.com\/product\/yoast-seo-wordpress\/ -->\n<title>R\u00e9servoir d&#039;Essence Owens - Type Mini Miglia - Dimspeed, l&#039;atelier de personnalisation automobile<\/title>\n<meta name=\"robots\" content=\"index, follow, max-snippet:-1, max-image-preview:large, max-video-preview:-1\" \/>\n<link rel=\"canonical\" href=\"https:\/\/dimspeed.com\/en\/product\/reservoir-dessence-type-mini-miglia\/\" \/>\n<meta property=\"og:locale\" content=\"en_GB\" \/>\n<meta property=\"og:type\" content=\"article\" \/>\n<meta property=\"og:title\" content=\"R\u00e9servoir d&#039;Essence Owens - Type Mini Miglia - Dimspeed, l&#039;atelier de personnalisation automobile\" \/>\n<meta property=\"og:description\" content=\"Ce r\u00e9servoir d\u2019une capacit\u00e9 d\u2019environ 20 litres est tr\u00e8s populaire dans la comp\u00e9tition des Mini 7 ou Miglia. Il poss\u00e8de un d\u00e9crochement qui se place dans l\u2019emplacement de la batterie gr\u00e2ce auquel il est possible de courir avec tr\u00e8s peu d\u2019essence et de pas avoir de d\u00e9jaugeage d\u2019essence. Filetage -6 jic.\" \/>\n<meta property=\"og:url\" content=\"https:\/\/dimspeed.com\/en\/product\/reservoir-dessence-type-mini-miglia\/\" \/>\n<meta property=\"og:site_name\" content=\"Dimspeed, l&#039;atelier de personnalisation automobile\" \/>\n<meta property=\"article:modified_time\" content=\"2025-02-14T09:26:06+00:00\" \/>\n<meta property=\"og:image\" content=\"https:\/\/dimspeed.com\/wp-content\/uploads\/2022\/01\/Reservoir-dessence-Type-Mini-Miglia-4.jpg\" \/>\n\t<meta property=\"og:image:width\" content=\"720\" \/>\n\t<meta property=\"og:image:height\" content=\"960\" \/>\n\t<meta property=\"og:image:type\" content=\"image\/jpeg\" \/>\n<meta name=\"twitter:card\" content=\"summary_large_image\" \/>\n<meta name=\"twitter:label1\" content=\"Estimated reading time\" \/>\n\t<meta name=\"twitter:data1\" content=\"1 minute\" \/>\n<script type=\"application\/ld+json\" class=\"yoast-schema-graph\">{\"@context\":\"https:\/\/schema.org\",\"@graph\":[{\"@type\":\"WebPage\",\"@id\":\"https:\/\/dimspeed.com\/produit\/reservoir-dessence-type-mini-miglia\/\",\"url\":\"https:\/\/dimspeed.com\/produit\/reservoir-dessence-type-mini-miglia\/\",\"name\":\"R\u00e9servoir d'Essence Owens - Type Mini Miglia - Dimspeed, l&#039;atelier de personnalisation automobile\",\"isPartOf\":{\"@id\":\"https:\/\/dimspeed.com\/#website\"},\"primaryImageOfPage\":{\"@id\":\"https:\/\/dimspeed.com\/produit\/reservoir-dessence-type-mini-miglia\/#primaryimage\"},\"image\":{\"@id\":\"https:\/\/dimspeed.com\/produit\/reservoir-dessence-type-mini-miglia\/#primaryimage\"},\"thumbnailUrl\":\"https:\/\/dimspeed.com\/wp-content\/uploads\/2022\/01\/Reservoir-dessence-Type-Mini-Miglia-4.jpg\",\"datePublished\":\"2022-01-26T10:01:39+00:00\",\"dateModified\":\"2025-02-14T09:26:06+00:00\",\"breadcrumb\":{\"@id\":\"https:\/\/dimspeed.com\/produit\/reservoir-dessence-type-mini-miglia\/#breadcrumb\"},\"inLanguage\":\"en-GB\",\"potentialAction\":[{\"@type\":\"ReadAction\",\"target\":[\"https:\/\/dimspeed.com\/produit\/reservoir-dessence-type-mini-miglia\/\"]}]},{\"@type\":\"ImageObject\",\"inLanguage\":\"en-GB\",\"@id\":\"https:\/\/dimspeed.com\/produit\/reservoir-dessence-type-mini-miglia\/#primaryimage\",\"url\":\"https:\/\/dimspeed.com\/wp-content\/uploads\/2022\/01\/Reservoir-dessence-Type-Mini-Miglia-4.jpg\",\"contentUrl\":\"https:\/\/dimspeed.com\/wp-content\/uploads\/2022\/01\/Reservoir-dessence-Type-Mini-Miglia-4.jpg\",\"width\":720,\"height\":960},{\"@type\":\"BreadcrumbList\",\"@id\":\"https:\/\/dimspeed.com\/produit\/reservoir-dessence-type-mini-miglia\/#breadcrumb\",\"itemListElement\":[{\"@type\":\"ListItem\",\"position\":1,\"name\":\"Accueil\",\"item\":\"https:\/\/dimspeed.com\/\"},{\"@type\":\"ListItem\",\"position\":2,\"name\":\"Boutique\",\"item\":\"https:\/\/dimspeed.com\/boutique\/\"},{\"@type\":\"ListItem\",\"position\":3,\"name\":\"R\u00e9servoir d&#8217;Essence Owens &#8211; Type Mini Miglia\"}]},{\"@type\":\"WebSite\",\"@id\":\"https:\/\/dimspeed.com\/#website\",\"url\":\"https:\/\/dimspeed.com\/\",\"name\":\"Dimspeed, l&#039;atelier de personnalisation automobile\",\"description\":\"MOTORISTE comp\u00e9tition et collection SPECIALISTE moteur A-SERIE\",\"publisher\":{\"@id\":\"https:\/\/dimspeed.com\/#organization\"},\"potentialAction\":[{\"@type\":\"SearchAction\",\"target\":{\"@type\":\"EntryPoint\",\"urlTemplate\":\"https:\/\/dimspeed.com\/?s={search_term_string}\"},\"query-input\":{\"@type\":\"PropertyValueSpecification\",\"valueRequired\":true,\"valueName\":\"search_term_string\"}}],\"inLanguage\":\"en-GB\"},{\"@type\":\"Organization\",\"@id\":\"https:\/\/dimspeed.com\/#organization\",\"name\":\"Dimspeed, l&#039;atelier de personnalisation automobile\",\"url\":\"https:\/\/dimspeed.com\/\",\"logo\":{\"@type\":\"ImageObject\",\"inLanguage\":\"en-GB\",\"@id\":\"https:\/\/dimspeed.com\/#\/schema\/logo\/image\/\",\"url\":\"https:\/\/dimspeed.com\/wp-content\/uploads\/2020\/11\/logo-site.png\",\"contentUrl\":\"https:\/\/dimspeed.com\/wp-content\/uploads\/2020\/11\/logo-site.png\",\"width\":486,\"height\":178,\"caption\":\"Dimspeed, l&#039;atelier de personnalisation automobile\"},\"image\":{\"@id\":\"https:\/\/dimspeed.com\/#\/schema\/logo\/image\/\"}}]}<\/script>\n<!-- \/ Yoast SEO plugin. -->","yoast_head_json":{"title":"R\u00e9servoir d'Essence Owens - Type Mini Miglia - Dimspeed, l&#039;atelier de personnalisation automobile","robots":{"index":"index","follow":"follow","max-snippet":"max-snippet:-1","max-image-preview":"max-image-preview:large","max-video-preview":"max-video-preview:-1"},"canonical":"https:\/\/dimspeed.com\/en\/product\/reservoir-dessence-type-mini-miglia\/","og_locale":"en_GB","og_type":"article","og_title":"R\u00e9servoir d'Essence Owens - Type Mini Miglia - Dimspeed, l&#039;atelier de personnalisation automobile","og_description":"Ce r\u00e9servoir d\u2019une capacit\u00e9 d\u2019environ 20 litres est tr\u00e8s populaire dans la comp\u00e9tition des Mini 7 ou Miglia. Il poss\u00e8de un d\u00e9crochement qui se place dans l\u2019emplacement de la batterie gr\u00e2ce auquel il est possible de courir avec tr\u00e8s peu d\u2019essence et de pas avoir de d\u00e9jaugeage d\u2019essence. Filetage -6 jic.","og_url":"https:\/\/dimspeed.com\/en\/product\/reservoir-dessence-type-mini-miglia\/","og_site_name":"Dimspeed, l&#039;atelier de personnalisation automobile","article_modified_time":"2025-02-14T09:26:06+00:00","og_image":[{"width":720,"height":960,"url":"https:\/\/dimspeed.com\/wp-content\/uploads\/2022\/01\/Reservoir-dessence-Type-Mini-Miglia-4.jpg","type":"image\/jpeg"}],"twitter_card":"summary_large_image","twitter_misc":{"Estimated reading time":"1 minute"},"schema":{"@context":"https:\/\/schema.org","@graph":[{"@type":"WebPage","@id":"https:\/\/dimspeed.com\/produit\/reservoir-dessence-type-mini-miglia\/","url":"https:\/\/dimspeed.com\/produit\/reservoir-dessence-type-mini-miglia\/","name":"R\u00e9servoir d'Essence Owens - Type Mini Miglia - Dimspeed, l&#039;atelier de personnalisation automobile","isPartOf":{"@id":"https:\/\/dimspeed.com\/#website"},"primaryImageOfPage":{"@id":"https:\/\/dimspeed.com\/produit\/reservoir-dessence-type-mini-miglia\/#primaryimage"},"image":{"@id":"https:\/\/dimspeed.com\/produit\/reservoir-dessence-type-mini-miglia\/#primaryimage"},"thumbnailUrl":"https:\/\/dimspeed.com\/wp-content\/uploads\/2022\/01\/Reservoir-dessence-Type-Mini-Miglia-4.jpg","datePublished":"2022-01-26T10:01:39+00:00","dateModified":"2025-02-14T09:26:06+00:00","breadcrumb":{"@id":"https:\/\/dimspeed.com\/produit\/reservoir-dessence-type-mini-miglia\/#breadcrumb"},"inLanguage":"en-GB","potentialAction":[{"@type":"ReadAction","target":["https:\/\/dimspeed.com\/produit\/reservoir-dessence-type-mini-miglia\/"]}]},{"@type":"ImageObject","inLanguage":"en-GB","@id":"https:\/\/dimspeed.com\/produit\/reservoir-dessence-type-mini-miglia\/#primaryimage","url":"https:\/\/dimspeed.com\/wp-content\/uploads\/2022\/01\/Reservoir-dessence-Type-Mini-Miglia-4.jpg","contentUrl":"https:\/\/dimspeed.com\/wp-content\/uploads\/2022\/01\/Reservoir-dessence-Type-Mini-Miglia-4.jpg","width":720,"height":960},{"@type":"BreadcrumbList","@id":"https:\/\/dimspeed.com\/produit\/reservoir-dessence-type-mini-miglia\/#breadcrumb","itemListElement":[{"@type":"ListItem","position":1,"name":"Accueil","item":"https:\/\/dimspeed.com\/"},{"@type":"ListItem","position":2,"name":"Boutique","item":"https:\/\/dimspeed.com\/boutique\/"},{"@type":"ListItem","position":3,"name":"R\u00e9servoir d&#8217;Essence Owens &#8211; Type Mini Miglia"}]},{"@type":"WebSite","@id":"https:\/\/dimspeed.com\/#website","url":"https:\/\/dimspeed.com\/","name":"Dimspeed, l&#039;atelier de personnalisation automobile","description":"MOTORISTE comp\u00e9tition et collection SPECIALISTE moteur A-SERIE","publisher":{"@id":"https:\/\/dimspeed.com\/#organization"},"potentialAction":[{"@type":"SearchAction","target":{"@type":"EntryPoint","urlTemplate":"https:\/\/dimspeed.com\/?s={search_term_string}"},"query-input":{"@type":"PropertyValueSpecification","valueRequired":true,"valueName":"search_term_string"}}],"inLanguage":"en-GB"},{"@type":"Organization","@id":"https:\/\/dimspeed.com\/#organization","name":"Dimspeed, l&#039;atelier de personnalisation automobile","url":"https:\/\/dimspeed.com\/","logo":{"@type":"ImageObject","inLanguage":"en-GB","@id":"https:\/\/dimspeed.com\/#\/schema\/logo\/image\/","url":"https:\/\/dimspeed.com\/wp-content\/uploads\/2020\/11\/logo-site.png","contentUrl":"https:\/\/dimspeed.com\/wp-content\/uploads\/2020\/11\/logo-site.png","width":486,"height":178,"caption":"Dimspeed, l&#039;atelier de personnalisation automobile"},"image":{"@id":"https:\/\/dimspeed.com\/#\/schema\/logo\/image\/"}}]}},"_links":{"self":[{"href":"https:\/\/dimspeed.com\/en\/wp-json\/wp\/v2\/product\/3815","targetHints":{"allow":["GET"]}}],"collection":[{"href":"https:\/\/dimspeed.com\/en\/wp-json\/wp\/v2\/product"}],"about":[{"href":"https:\/\/dimspeed.com\/en\/wp-json\/wp\/v2\/types\/product"}],"version-history":[{"count":2,"href":"https:\/\/dimspeed.com\/en\/wp-json\/wp\/v2\/product\/3815\/revisions"}],"predecessor-version":[{"id":3833,"href":"https:\/\/dimspeed.com\/en\/wp-json\/wp\/v2\/product\/3815\/revisions\/3833"}],"wp:featuredmedia":[{"embeddable":true,"href":"https:\/\/dimspeed.com\/en\/wp-json\/wp\/v2\/media\/3817"}],"wp:attachment":[{"href":"https:\/\/dimspeed.com\/en\/wp-json\/wp\/v2\/media?parent=3815"}],"wp:term":[{"taxonomy":"product_brand","embeddable":true,"href":"https:\/\/dimspeed.com\/en\/wp-json\/wp\/v2\/product_brand?post=3815"},{"taxonomy":"product_cat","embeddable":true,"href":"https:\/\/dimspeed.com\/en\/wp-json\/wp\/v2\/product_cat?post=3815"},{"taxonomy":"product_tag","embeddable":true,"href":"https:\/\/dimspeed.com\/en\/wp-json\/wp\/v2\/product_tag?post=3815"}],"curies":[{"name":"wp","href":"https:\/\/api.w.org\/{rel}","templated":true}]}}