{"id":3794,"date":"2022-01-26T10:11:25","date_gmt":"2022-01-26T09:11:25","guid":{"rendered":"https:\/\/dimspeed.com\/?post_type=product&#038;p=3794"},"modified":"2025-02-14T10:24:44","modified_gmt":"2025-02-14T09:24:44","slug":"barre-anti-roulis-owens-fia","status":"publish","type":"product","link":"https:\/\/dimspeed.com\/en\/product\/barre-anti-roulis-owens-fia\/","title":{"rendered":"Anti-roll bar - FIA Type"},"content":{"rendered":"<p>This is a popular rear anti roll bar assembly as used by many winning cars over the last few seasons in UK.<\/p>\n<p>Designed from a spring steel, it comes with billet clamps which have angular movement in the nylon bushes giving zero drag.<\/p>\n<p>Runs very tight to the subframe giving maximum clearance to the common problem of tyre rubbing.<\/p>","protected":false},"excerpt":{"rendered":"<p>Cette barre anti-roulis est actuellement celle qui est la plus utilis\u00e9e en Angleterre. Elle est \u00e9tudi\u00e9e pour respecter la r\u00e9glementation FIA. Sa barre est en acier avec des supports taill\u00e9s dans la masse qui permettent un mouvement angulaire dans des bagues en nylon offrant ainsi un mouvement sans aucune r\u00e9sistance. Plus \u00e9troite, elle minimise le [&hellip;]<\/p>","protected":false},"featured_media":3989,"template":"","meta":[],"product_brand":[],"product_cat":[27],"product_tag":[73,53,64],"class_list":{"0":"post-3794","1":"product","2":"type-product","3":"status-publish","4":"has-post-thumbnail","6":"product_cat-chassis","7":"product_tag-chassis","8":"product_tag-owens","9":"product_tag-race","11":"first","12":"instock","13":"taxable","14":"shipping-taxable","15":"purchasable","16":"product-type-simple"},"yoast_head":"<!-- This site is optimized with the Yoast SEO plugin v27.1.1 - https:\/\/yoast.com\/product\/yoast-seo-wordpress\/ -->\n<title>Barre Anti-Roulis Owens - FIA - Dimspeed, l&#039;atelier de personnalisation automobile<\/title>\n<meta name=\"robots\" content=\"index, follow, max-snippet:-1, max-image-preview:large, max-video-preview:-1\" \/>\n<link rel=\"canonical\" href=\"https:\/\/dimspeed.com\/en\/product\/barre-anti-roulis-owens-fia\/\" \/>\n<meta property=\"og:locale\" content=\"en_GB\" \/>\n<meta property=\"og:type\" content=\"article\" \/>\n<meta property=\"og:title\" content=\"Barre Anti-Roulis Owens - FIA - Dimspeed, l&#039;atelier de personnalisation automobile\" \/>\n<meta property=\"og:description\" content=\"Cette barre anti-roulis est actuellement celle qui est la plus utilis\u00e9e en Angleterre. Elle est \u00e9tudi\u00e9e pour respecter la r\u00e9glementation FIA. Sa barre est en acier avec des supports taill\u00e9s dans la masse qui permettent un mouvement angulaire dans des bagues en nylon offrant ainsi un mouvement sans aucune r\u00e9sistance. Plus \u00e9troite, elle minimise le [&hellip;]\" \/>\n<meta property=\"og:url\" content=\"https:\/\/dimspeed.com\/en\/product\/barre-anti-roulis-owens-fia\/\" \/>\n<meta property=\"og:site_name\" content=\"Dimspeed, l&#039;atelier de personnalisation automobile\" \/>\n<meta property=\"article:modified_time\" content=\"2025-02-14T09:24:44+00:00\" \/>\n<meta property=\"og:image\" content=\"https:\/\/dimspeed.com\/wp-content\/uploads\/2022\/01\/359_Barre-anti-roulis-Type-FIA-scaled.jpg\" \/>\n\t<meta property=\"og:image:width\" content=\"1440\" \/>\n\t<meta property=\"og:image:height\" content=\"1920\" \/>\n\t<meta property=\"og:image:type\" content=\"image\/jpeg\" \/>\n<meta name=\"twitter:card\" content=\"summary_large_image\" \/>\n<meta name=\"twitter:label1\" content=\"Estimated reading time\" \/>\n\t<meta name=\"twitter:data1\" content=\"1 minute\" \/>\n<script type=\"application\/ld+json\" class=\"yoast-schema-graph\">{\"@context\":\"https:\/\/schema.org\",\"@graph\":[{\"@type\":\"WebPage\",\"@id\":\"https:\/\/dimspeed.com\/produit\/barre-anti-roulis-owens-fia\/\",\"url\":\"https:\/\/dimspeed.com\/produit\/barre-anti-roulis-owens-fia\/\",\"name\":\"Barre Anti-Roulis Owens - FIA - Dimspeed, l&#039;atelier de personnalisation automobile\",\"isPartOf\":{\"@id\":\"https:\/\/dimspeed.com\/#website\"},\"primaryImageOfPage\":{\"@id\":\"https:\/\/dimspeed.com\/produit\/barre-anti-roulis-owens-fia\/#primaryimage\"},\"image\":{\"@id\":\"https:\/\/dimspeed.com\/produit\/barre-anti-roulis-owens-fia\/#primaryimage\"},\"thumbnailUrl\":\"https:\/\/dimspeed.com\/wp-content\/uploads\/2022\/01\/359_Barre-anti-roulis-Type-FIA-scaled.jpg\",\"datePublished\":\"2022-01-26T09:11:25+00:00\",\"dateModified\":\"2025-02-14T09:24:44+00:00\",\"breadcrumb\":{\"@id\":\"https:\/\/dimspeed.com\/produit\/barre-anti-roulis-owens-fia\/#breadcrumb\"},\"inLanguage\":\"en-GB\",\"potentialAction\":[{\"@type\":\"ReadAction\",\"target\":[\"https:\/\/dimspeed.com\/produit\/barre-anti-roulis-owens-fia\/\"]}]},{\"@type\":\"ImageObject\",\"inLanguage\":\"en-GB\",\"@id\":\"https:\/\/dimspeed.com\/produit\/barre-anti-roulis-owens-fia\/#primaryimage\",\"url\":\"https:\/\/dimspeed.com\/wp-content\/uploads\/2022\/01\/359_Barre-anti-roulis-Type-FIA-scaled.jpg\",\"contentUrl\":\"https:\/\/dimspeed.com\/wp-content\/uploads\/2022\/01\/359_Barre-anti-roulis-Type-FIA-scaled.jpg\",\"width\":1440,\"height\":1920},{\"@type\":\"BreadcrumbList\",\"@id\":\"https:\/\/dimspeed.com\/produit\/barre-anti-roulis-owens-fia\/#breadcrumb\",\"itemListElement\":[{\"@type\":\"ListItem\",\"position\":1,\"name\":\"Accueil\",\"item\":\"https:\/\/dimspeed.com\/\"},{\"@type\":\"ListItem\",\"position\":2,\"name\":\"Boutique\",\"item\":\"https:\/\/dimspeed.com\/boutique\/\"},{\"@type\":\"ListItem\",\"position\":3,\"name\":\"Barre Anti-Roulis Owens &#8211; FIA\"}]},{\"@type\":\"WebSite\",\"@id\":\"https:\/\/dimspeed.com\/#website\",\"url\":\"https:\/\/dimspeed.com\/\",\"name\":\"Dimspeed, l&#039;atelier de personnalisation automobile\",\"description\":\"MOTORISTE comp\u00e9tition et collection SPECIALISTE moteur A-SERIE\",\"publisher\":{\"@id\":\"https:\/\/dimspeed.com\/#organization\"},\"potentialAction\":[{\"@type\":\"SearchAction\",\"target\":{\"@type\":\"EntryPoint\",\"urlTemplate\":\"https:\/\/dimspeed.com\/?s={search_term_string}\"},\"query-input\":{\"@type\":\"PropertyValueSpecification\",\"valueRequired\":true,\"valueName\":\"search_term_string\"}}],\"inLanguage\":\"en-GB\"},{\"@type\":\"Organization\",\"@id\":\"https:\/\/dimspeed.com\/#organization\",\"name\":\"Dimspeed, l&#039;atelier de personnalisation automobile\",\"url\":\"https:\/\/dimspeed.com\/\",\"logo\":{\"@type\":\"ImageObject\",\"inLanguage\":\"en-GB\",\"@id\":\"https:\/\/dimspeed.com\/#\/schema\/logo\/image\/\",\"url\":\"https:\/\/dimspeed.com\/wp-content\/uploads\/2020\/11\/logo-site.png\",\"contentUrl\":\"https:\/\/dimspeed.com\/wp-content\/uploads\/2020\/11\/logo-site.png\",\"width\":486,\"height\":178,\"caption\":\"Dimspeed, l&#039;atelier de personnalisation automobile\"},\"image\":{\"@id\":\"https:\/\/dimspeed.com\/#\/schema\/logo\/image\/\"}}]}<\/script>\n<!-- \/ Yoast SEO plugin. -->","yoast_head_json":{"title":"Barre Anti-Roulis Owens - FIA - Dimspeed, l&#039;atelier de personnalisation automobile","robots":{"index":"index","follow":"follow","max-snippet":"max-snippet:-1","max-image-preview":"max-image-preview:large","max-video-preview":"max-video-preview:-1"},"canonical":"https:\/\/dimspeed.com\/en\/product\/barre-anti-roulis-owens-fia\/","og_locale":"en_GB","og_type":"article","og_title":"Barre Anti-Roulis Owens - FIA - Dimspeed, l&#039;atelier de personnalisation automobile","og_description":"Cette barre anti-roulis est actuellement celle qui est la plus utilis\u00e9e en Angleterre. Elle est \u00e9tudi\u00e9e pour respecter la r\u00e9glementation FIA. Sa barre est en acier avec des supports taill\u00e9s dans la masse qui permettent un mouvement angulaire dans des bagues en nylon offrant ainsi un mouvement sans aucune r\u00e9sistance. Plus \u00e9troite, elle minimise le [&hellip;]","og_url":"https:\/\/dimspeed.com\/en\/product\/barre-anti-roulis-owens-fia\/","og_site_name":"Dimspeed, l&#039;atelier de personnalisation automobile","article_modified_time":"2025-02-14T09:24:44+00:00","og_image":[{"width":1440,"height":1920,"url":"https:\/\/dimspeed.com\/wp-content\/uploads\/2022\/01\/359_Barre-anti-roulis-Type-FIA-scaled.jpg","type":"image\/jpeg"}],"twitter_card":"summary_large_image","twitter_misc":{"Estimated reading time":"1 minute"},"schema":{"@context":"https:\/\/schema.org","@graph":[{"@type":"WebPage","@id":"https:\/\/dimspeed.com\/produit\/barre-anti-roulis-owens-fia\/","url":"https:\/\/dimspeed.com\/produit\/barre-anti-roulis-owens-fia\/","name":"Barre Anti-Roulis Owens - FIA - Dimspeed, l&#039;atelier de personnalisation automobile","isPartOf":{"@id":"https:\/\/dimspeed.com\/#website"},"primaryImageOfPage":{"@id":"https:\/\/dimspeed.com\/produit\/barre-anti-roulis-owens-fia\/#primaryimage"},"image":{"@id":"https:\/\/dimspeed.com\/produit\/barre-anti-roulis-owens-fia\/#primaryimage"},"thumbnailUrl":"https:\/\/dimspeed.com\/wp-content\/uploads\/2022\/01\/359_Barre-anti-roulis-Type-FIA-scaled.jpg","datePublished":"2022-01-26T09:11:25+00:00","dateModified":"2025-02-14T09:24:44+00:00","breadcrumb":{"@id":"https:\/\/dimspeed.com\/produit\/barre-anti-roulis-owens-fia\/#breadcrumb"},"inLanguage":"en-GB","potentialAction":[{"@type":"ReadAction","target":["https:\/\/dimspeed.com\/produit\/barre-anti-roulis-owens-fia\/"]}]},{"@type":"ImageObject","inLanguage":"en-GB","@id":"https:\/\/dimspeed.com\/produit\/barre-anti-roulis-owens-fia\/#primaryimage","url":"https:\/\/dimspeed.com\/wp-content\/uploads\/2022\/01\/359_Barre-anti-roulis-Type-FIA-scaled.jpg","contentUrl":"https:\/\/dimspeed.com\/wp-content\/uploads\/2022\/01\/359_Barre-anti-roulis-Type-FIA-scaled.jpg","width":1440,"height":1920},{"@type":"BreadcrumbList","@id":"https:\/\/dimspeed.com\/produit\/barre-anti-roulis-owens-fia\/#breadcrumb","itemListElement":[{"@type":"ListItem","position":1,"name":"Accueil","item":"https:\/\/dimspeed.com\/"},{"@type":"ListItem","position":2,"name":"Boutique","item":"https:\/\/dimspeed.com\/boutique\/"},{"@type":"ListItem","position":3,"name":"Barre Anti-Roulis Owens &#8211; FIA"}]},{"@type":"WebSite","@id":"https:\/\/dimspeed.com\/#website","url":"https:\/\/dimspeed.com\/","name":"Dimspeed, l&#039;atelier de personnalisation automobile","description":"MOTORISTE comp\u00e9tition et collection SPECIALISTE moteur A-SERIE","publisher":{"@id":"https:\/\/dimspeed.com\/#organization"},"potentialAction":[{"@type":"SearchAction","target":{"@type":"EntryPoint","urlTemplate":"https:\/\/dimspeed.com\/?s={search_term_string}"},"query-input":{"@type":"PropertyValueSpecification","valueRequired":true,"valueName":"search_term_string"}}],"inLanguage":"en-GB"},{"@type":"Organization","@id":"https:\/\/dimspeed.com\/#organization","name":"Dimspeed, l&#039;atelier de personnalisation automobile","url":"https:\/\/dimspeed.com\/","logo":{"@type":"ImageObject","inLanguage":"en-GB","@id":"https:\/\/dimspeed.com\/#\/schema\/logo\/image\/","url":"https:\/\/dimspeed.com\/wp-content\/uploads\/2020\/11\/logo-site.png","contentUrl":"https:\/\/dimspeed.com\/wp-content\/uploads\/2020\/11\/logo-site.png","width":486,"height":178,"caption":"Dimspeed, l&#039;atelier de personnalisation automobile"},"image":{"@id":"https:\/\/dimspeed.com\/#\/schema\/logo\/image\/"}}]}},"_links":{"self":[{"href":"https:\/\/dimspeed.com\/en\/wp-json\/wp\/v2\/product\/3794","targetHints":{"allow":["GET"]}}],"collection":[{"href":"https:\/\/dimspeed.com\/en\/wp-json\/wp\/v2\/product"}],"about":[{"href":"https:\/\/dimspeed.com\/en\/wp-json\/wp\/v2\/types\/product"}],"version-history":[{"count":3,"href":"https:\/\/dimspeed.com\/en\/wp-json\/wp\/v2\/product\/3794\/revisions"}],"predecessor-version":[{"id":3992,"href":"https:\/\/dimspeed.com\/en\/wp-json\/wp\/v2\/product\/3794\/revisions\/3992"}],"wp:featuredmedia":[{"embeddable":true,"href":"https:\/\/dimspeed.com\/en\/wp-json\/wp\/v2\/media\/3989"}],"wp:attachment":[{"href":"https:\/\/dimspeed.com\/en\/wp-json\/wp\/v2\/media?parent=3794"}],"wp:term":[{"taxonomy":"product_brand","embeddable":true,"href":"https:\/\/dimspeed.com\/en\/wp-json\/wp\/v2\/product_brand?post=3794"},{"taxonomy":"product_cat","embeddable":true,"href":"https:\/\/dimspeed.com\/en\/wp-json\/wp\/v2\/product_cat?post=3794"},{"taxonomy":"product_tag","embeddable":true,"href":"https:\/\/dimspeed.com\/en\/wp-json\/wp\/v2\/product_tag?post=3794"}],"curies":[{"name":"wp","href":"https:\/\/api.w.org\/{rel}","templated":true}]}}