{"id":3785,"date":"2022-01-26T09:57:35","date_gmt":"2022-01-26T08:57:35","guid":{"rendered":"https:\/\/dimspeed.com\/?post_type=product&#038;p=3785"},"modified":"2026-04-20T14:23:21","modified_gmt":"2026-04-20T12:23:21","slug":"reservoir-dessence-type-fia","status":"publish","type":"product","link":"https:\/\/dimspeed.com\/en\/product\/reservoir-dessence-type-fia\/","title":{"rendered":"Owens Race Fuel Tank - FIA Type"},"content":{"rendered":"<p>This is Owens Fabrication\u2019s own design historic spec FIA fuel tank for classic minis. This tank is used in all their new builds and give enough fuel to do over an hour race. It has a sump which is located in the batt box, this enables running with minimal fuel for quali laps and end of hour race with no fuel surge.<\/p>\n<p>For -6 jic fittings.<\/p>\n<p>Has mounts welded to tank which just needs drilling 4 holes to shell.<\/p>","protected":false},"excerpt":{"rendered":"<p>Ce design a \u00e9t\u00e9 con\u00e7u par Owens Fabrication pour les Mini type FIA. Ce r\u00e9servoir permet de courir plus d\u2019une heure, il fait environ 46 litres. Il poss\u00e8de un d\u00e9crochement qui se place dans l\u2019emplacement de la batterie, gr\u00e2ce auquel il est possible de courir avec tr\u00e8s peu d\u2019essence pour les qualifications et de ne [&hellip;]<\/p>","protected":false},"featured_media":3788,"template":"","meta":[],"product_brand":[],"product_cat":[27],"product_tag":[175,53,64,187],"class_list":{"0":"post-3785","1":"product","2":"type-product","3":"status-publish","4":"has-post-thumbnail","6":"product_cat-chassis","7":"product_tag-essence","8":"product_tag-owens","9":"product_tag-race","10":"product_tag-reservoir","12":"first","13":"onbackorder","14":"taxable","15":"shipping-taxable","16":"purchasable","17":"product-type-simple"},"yoast_head":"<!-- This site is optimized with the Yoast SEO plugin v27.1.1 - https:\/\/yoast.com\/product\/yoast-seo-wordpress\/ -->\n<title>R\u00e9servoir d&#039;Essence Owens - Type FIA - Dimspeed, l&#039;atelier de personnalisation automobile<\/title>\n<meta name=\"robots\" content=\"index, follow, max-snippet:-1, max-image-preview:large, max-video-preview:-1\" \/>\n<link rel=\"canonical\" href=\"https:\/\/dimspeed.com\/en\/product\/reservoir-dessence-type-fia\/\" \/>\n<meta property=\"og:locale\" content=\"en_GB\" \/>\n<meta property=\"og:type\" content=\"article\" \/>\n<meta property=\"og:title\" content=\"R\u00e9servoir d&#039;Essence Owens - Type FIA - Dimspeed, l&#039;atelier de personnalisation automobile\" \/>\n<meta property=\"og:description\" content=\"Ce design a \u00e9t\u00e9 con\u00e7u par Owens Fabrication pour les Mini type FIA. Ce r\u00e9servoir permet de courir plus d\u2019une heure, il fait environ 46 litres. Il poss\u00e8de un d\u00e9crochement qui se place dans l\u2019emplacement de la batterie, gr\u00e2ce auquel il est possible de courir avec tr\u00e8s peu d\u2019essence pour les qualifications et de ne [&hellip;]\" \/>\n<meta property=\"og:url\" content=\"https:\/\/dimspeed.com\/en\/product\/reservoir-dessence-type-fia\/\" \/>\n<meta property=\"og:site_name\" content=\"Dimspeed, l&#039;atelier de personnalisation automobile\" \/>\n<meta property=\"article:modified_time\" content=\"2026-04-20T12:23:21+00:00\" \/>\n<meta property=\"og:image\" content=\"https:\/\/dimspeed.com\/wp-content\/uploads\/2022\/01\/Reservoir-dessence-Type-FIA-4.jpg\" \/>\n\t<meta property=\"og:image:width\" content=\"960\" \/>\n\t<meta property=\"og:image:height\" content=\"738\" \/>\n\t<meta property=\"og:image:type\" content=\"image\/jpeg\" \/>\n<meta name=\"twitter:card\" content=\"summary_large_image\" \/>\n<meta name=\"twitter:label1\" content=\"Estimated reading time\" \/>\n\t<meta name=\"twitter:data1\" content=\"1 minute\" \/>\n<script type=\"application\/ld+json\" class=\"yoast-schema-graph\">{\"@context\":\"https:\/\/schema.org\",\"@graph\":[{\"@type\":\"WebPage\",\"@id\":\"https:\/\/dimspeed.com\/produit\/reservoir-dessence-type-fia\/\",\"url\":\"https:\/\/dimspeed.com\/produit\/reservoir-dessence-type-fia\/\",\"name\":\"R\u00e9servoir d'Essence Owens - Type FIA - Dimspeed, l&#039;atelier de personnalisation automobile\",\"isPartOf\":{\"@id\":\"https:\/\/dimspeed.com\/#website\"},\"primaryImageOfPage\":{\"@id\":\"https:\/\/dimspeed.com\/produit\/reservoir-dessence-type-fia\/#primaryimage\"},\"image\":{\"@id\":\"https:\/\/dimspeed.com\/produit\/reservoir-dessence-type-fia\/#primaryimage\"},\"thumbnailUrl\":\"https:\/\/dimspeed.com\/wp-content\/uploads\/2022\/01\/Reservoir-dessence-Type-FIA-4.jpg\",\"datePublished\":\"2022-01-26T08:57:35+00:00\",\"dateModified\":\"2026-04-20T12:23:21+00:00\",\"breadcrumb\":{\"@id\":\"https:\/\/dimspeed.com\/produit\/reservoir-dessence-type-fia\/#breadcrumb\"},\"inLanguage\":\"en-GB\",\"potentialAction\":[{\"@type\":\"ReadAction\",\"target\":[\"https:\/\/dimspeed.com\/produit\/reservoir-dessence-type-fia\/\"]}]},{\"@type\":\"ImageObject\",\"inLanguage\":\"en-GB\",\"@id\":\"https:\/\/dimspeed.com\/produit\/reservoir-dessence-type-fia\/#primaryimage\",\"url\":\"https:\/\/dimspeed.com\/wp-content\/uploads\/2022\/01\/Reservoir-dessence-Type-FIA-4.jpg\",\"contentUrl\":\"https:\/\/dimspeed.com\/wp-content\/uploads\/2022\/01\/Reservoir-dessence-Type-FIA-4.jpg\",\"width\":960,\"height\":738},{\"@type\":\"BreadcrumbList\",\"@id\":\"https:\/\/dimspeed.com\/produit\/reservoir-dessence-type-fia\/#breadcrumb\",\"itemListElement\":[{\"@type\":\"ListItem\",\"position\":1,\"name\":\"Accueil\",\"item\":\"https:\/\/dimspeed.com\/\"},{\"@type\":\"ListItem\",\"position\":2,\"name\":\"Boutique\",\"item\":\"https:\/\/dimspeed.com\/boutique\/\"},{\"@type\":\"ListItem\",\"position\":3,\"name\":\"R\u00e9servoir d&#8217;Essence Owens &#8211; Type FIA\"}]},{\"@type\":\"WebSite\",\"@id\":\"https:\/\/dimspeed.com\/#website\",\"url\":\"https:\/\/dimspeed.com\/\",\"name\":\"Dimspeed, l&#039;atelier de personnalisation automobile\",\"description\":\"MOTORISTE comp\u00e9tition et collection SPECIALISTE moteur A-SERIE\",\"publisher\":{\"@id\":\"https:\/\/dimspeed.com\/#organization\"},\"potentialAction\":[{\"@type\":\"SearchAction\",\"target\":{\"@type\":\"EntryPoint\",\"urlTemplate\":\"https:\/\/dimspeed.com\/?s={search_term_string}\"},\"query-input\":{\"@type\":\"PropertyValueSpecification\",\"valueRequired\":true,\"valueName\":\"search_term_string\"}}],\"inLanguage\":\"en-GB\"},{\"@type\":\"Organization\",\"@id\":\"https:\/\/dimspeed.com\/#organization\",\"name\":\"Dimspeed, l&#039;atelier de personnalisation automobile\",\"url\":\"https:\/\/dimspeed.com\/\",\"logo\":{\"@type\":\"ImageObject\",\"inLanguage\":\"en-GB\",\"@id\":\"https:\/\/dimspeed.com\/#\/schema\/logo\/image\/\",\"url\":\"https:\/\/dimspeed.com\/wp-content\/uploads\/2020\/11\/logo-site.png\",\"contentUrl\":\"https:\/\/dimspeed.com\/wp-content\/uploads\/2020\/11\/logo-site.png\",\"width\":486,\"height\":178,\"caption\":\"Dimspeed, l&#039;atelier de personnalisation automobile\"},\"image\":{\"@id\":\"https:\/\/dimspeed.com\/#\/schema\/logo\/image\/\"}}]}<\/script>\n<!-- \/ Yoast SEO plugin. -->","yoast_head_json":{"title":"R\u00e9servoir d'Essence Owens - Type FIA - Dimspeed, l&#039;atelier de personnalisation automobile","robots":{"index":"index","follow":"follow","max-snippet":"max-snippet:-1","max-image-preview":"max-image-preview:large","max-video-preview":"max-video-preview:-1"},"canonical":"https:\/\/dimspeed.com\/en\/product\/reservoir-dessence-type-fia\/","og_locale":"en_GB","og_type":"article","og_title":"R\u00e9servoir d'Essence Owens - Type FIA - Dimspeed, l&#039;atelier de personnalisation automobile","og_description":"Ce design a \u00e9t\u00e9 con\u00e7u par Owens Fabrication pour les Mini type FIA. Ce r\u00e9servoir permet de courir plus d\u2019une heure, il fait environ 46 litres. Il poss\u00e8de un d\u00e9crochement qui se place dans l\u2019emplacement de la batterie, gr\u00e2ce auquel il est possible de courir avec tr\u00e8s peu d\u2019essence pour les qualifications et de ne [&hellip;]","og_url":"https:\/\/dimspeed.com\/en\/product\/reservoir-dessence-type-fia\/","og_site_name":"Dimspeed, l&#039;atelier de personnalisation automobile","article_modified_time":"2026-04-20T12:23:21+00:00","og_image":[{"width":960,"height":738,"url":"https:\/\/dimspeed.com\/wp-content\/uploads\/2022\/01\/Reservoir-dessence-Type-FIA-4.jpg","type":"image\/jpeg"}],"twitter_card":"summary_large_image","twitter_misc":{"Estimated reading time":"1 minute"},"schema":{"@context":"https:\/\/schema.org","@graph":[{"@type":"WebPage","@id":"https:\/\/dimspeed.com\/produit\/reservoir-dessence-type-fia\/","url":"https:\/\/dimspeed.com\/produit\/reservoir-dessence-type-fia\/","name":"R\u00e9servoir d'Essence Owens - Type FIA - Dimspeed, l&#039;atelier de personnalisation automobile","isPartOf":{"@id":"https:\/\/dimspeed.com\/#website"},"primaryImageOfPage":{"@id":"https:\/\/dimspeed.com\/produit\/reservoir-dessence-type-fia\/#primaryimage"},"image":{"@id":"https:\/\/dimspeed.com\/produit\/reservoir-dessence-type-fia\/#primaryimage"},"thumbnailUrl":"https:\/\/dimspeed.com\/wp-content\/uploads\/2022\/01\/Reservoir-dessence-Type-FIA-4.jpg","datePublished":"2022-01-26T08:57:35+00:00","dateModified":"2026-04-20T12:23:21+00:00","breadcrumb":{"@id":"https:\/\/dimspeed.com\/produit\/reservoir-dessence-type-fia\/#breadcrumb"},"inLanguage":"en-GB","potentialAction":[{"@type":"ReadAction","target":["https:\/\/dimspeed.com\/produit\/reservoir-dessence-type-fia\/"]}]},{"@type":"ImageObject","inLanguage":"en-GB","@id":"https:\/\/dimspeed.com\/produit\/reservoir-dessence-type-fia\/#primaryimage","url":"https:\/\/dimspeed.com\/wp-content\/uploads\/2022\/01\/Reservoir-dessence-Type-FIA-4.jpg","contentUrl":"https:\/\/dimspeed.com\/wp-content\/uploads\/2022\/01\/Reservoir-dessence-Type-FIA-4.jpg","width":960,"height":738},{"@type":"BreadcrumbList","@id":"https:\/\/dimspeed.com\/produit\/reservoir-dessence-type-fia\/#breadcrumb","itemListElement":[{"@type":"ListItem","position":1,"name":"Accueil","item":"https:\/\/dimspeed.com\/"},{"@type":"ListItem","position":2,"name":"Boutique","item":"https:\/\/dimspeed.com\/boutique\/"},{"@type":"ListItem","position":3,"name":"R\u00e9servoir d&#8217;Essence Owens &#8211; Type FIA"}]},{"@type":"WebSite","@id":"https:\/\/dimspeed.com\/#website","url":"https:\/\/dimspeed.com\/","name":"Dimspeed, l&#039;atelier de personnalisation automobile","description":"MOTORISTE comp\u00e9tition et collection SPECIALISTE moteur A-SERIE","publisher":{"@id":"https:\/\/dimspeed.com\/#organization"},"potentialAction":[{"@type":"SearchAction","target":{"@type":"EntryPoint","urlTemplate":"https:\/\/dimspeed.com\/?s={search_term_string}"},"query-input":{"@type":"PropertyValueSpecification","valueRequired":true,"valueName":"search_term_string"}}],"inLanguage":"en-GB"},{"@type":"Organization","@id":"https:\/\/dimspeed.com\/#organization","name":"Dimspeed, l&#039;atelier de personnalisation automobile","url":"https:\/\/dimspeed.com\/","logo":{"@type":"ImageObject","inLanguage":"en-GB","@id":"https:\/\/dimspeed.com\/#\/schema\/logo\/image\/","url":"https:\/\/dimspeed.com\/wp-content\/uploads\/2020\/11\/logo-site.png","contentUrl":"https:\/\/dimspeed.com\/wp-content\/uploads\/2020\/11\/logo-site.png","width":486,"height":178,"caption":"Dimspeed, l&#039;atelier de personnalisation automobile"},"image":{"@id":"https:\/\/dimspeed.com\/#\/schema\/logo\/image\/"}}]}},"_links":{"self":[{"href":"https:\/\/dimspeed.com\/en\/wp-json\/wp\/v2\/product\/3785","targetHints":{"allow":["GET"]}}],"collection":[{"href":"https:\/\/dimspeed.com\/en\/wp-json\/wp\/v2\/product"}],"about":[{"href":"https:\/\/dimspeed.com\/en\/wp-json\/wp\/v2\/types\/product"}],"version-history":[{"count":3,"href":"https:\/\/dimspeed.com\/en\/wp-json\/wp\/v2\/product\/3785\/revisions"}],"predecessor-version":[{"id":3827,"href":"https:\/\/dimspeed.com\/en\/wp-json\/wp\/v2\/product\/3785\/revisions\/3827"}],"wp:featuredmedia":[{"embeddable":true,"href":"https:\/\/dimspeed.com\/en\/wp-json\/wp\/v2\/media\/3788"}],"wp:attachment":[{"href":"https:\/\/dimspeed.com\/en\/wp-json\/wp\/v2\/media?parent=3785"}],"wp:term":[{"taxonomy":"product_brand","embeddable":true,"href":"https:\/\/dimspeed.com\/en\/wp-json\/wp\/v2\/product_brand?post=3785"},{"taxonomy":"product_cat","embeddable":true,"href":"https:\/\/dimspeed.com\/en\/wp-json\/wp\/v2\/product_cat?post=3785"},{"taxonomy":"product_tag","embeddable":true,"href":"https:\/\/dimspeed.com\/en\/wp-json\/wp\/v2\/product_tag?post=3785"}],"curies":[{"name":"wp","href":"https:\/\/api.w.org\/{rel}","templated":true}]}}