{"id":3777,"date":"2022-01-26T09:48:03","date_gmt":"2022-01-26T08:48:03","guid":{"rendered":"https:\/\/dimspeed.com\/?post_type=product&#038;p=3777"},"modified":"2025-02-14T10:27:18","modified_gmt":"2025-02-14T09:27:18","slug":"reservoir-de-degazage-droit","status":"publish","type":"product","link":"https:\/\/dimspeed.com\/en\/product\/reservoir-de-degazage-droit\/","title":{"rendered":"Owens Inner Wing Catch Tank - Right"},"content":{"rendered":"<p>Designed for RH inner wings. They come with a 1\u2033 inlet (\u224825.4mm) and a 1\u2033 (\u224825.4mm) breather outlet and mounting lugs. You will need to drill two holes to fix it to the shell. But no worries, it\u2019s really easy to do.<\/p>","protected":false},"excerpt":{"rendered":"<p>R\u00e9servoir de d\u00e9gazage droit (cot\u00e9 embrayage). Il se fixe en dessous de l\u2019aile, cela permet de ne pas prendre de place \u00e0 l\u2019int\u00e9rieur de la baie moteur. Il poss\u00e8de une entr\u00e9e de 1&#8243; soit 25.4mm et une sortie de respiration de 1&#8243; soit 25.4mm. Il vous faudra percer deux trous dans votre ch\u00e2ssis pour le [&hellip;]<\/p>","protected":false},"featured_media":3778,"template":"","meta":[],"product_brand":[],"product_cat":[27],"product_tag":[53,64,187],"class_list":{"0":"post-3777","1":"product","2":"type-product","3":"status-publish","4":"has-post-thumbnail","6":"product_cat-chassis","7":"product_tag-owens","8":"product_tag-race","9":"product_tag-reservoir","11":"first","12":"instock","13":"taxable","14":"shipping-taxable","15":"purchasable","16":"product-type-simple"},"yoast_head":"<!-- This site is optimized with the Yoast SEO plugin v27.1.1 - https:\/\/yoast.com\/product\/yoast-seo-wordpress\/ -->\n<title>R\u00e9servoir de D\u00e9gazage Owens \u2013 Droit - Dimspeed, l&#039;atelier de personnalisation automobile<\/title>\n<meta name=\"robots\" content=\"index, follow, max-snippet:-1, max-image-preview:large, max-video-preview:-1\" \/>\n<link rel=\"canonical\" href=\"https:\/\/dimspeed.com\/en\/product\/reservoir-de-degazage-droit\/\" \/>\n<meta property=\"og:locale\" content=\"en_GB\" \/>\n<meta property=\"og:type\" content=\"article\" \/>\n<meta property=\"og:title\" content=\"R\u00e9servoir de D\u00e9gazage Owens \u2013 Droit - Dimspeed, l&#039;atelier de personnalisation automobile\" \/>\n<meta property=\"og:description\" content=\"R\u00e9servoir de d\u00e9gazage droit (cot\u00e9 embrayage). Il se fixe en dessous de l\u2019aile, cela permet de ne pas prendre de place \u00e0 l\u2019int\u00e9rieur de la baie moteur. Il poss\u00e8de une entr\u00e9e de 1&#8243; soit 25.4mm et une sortie de respiration de 1&#8243; soit 25.4mm. Il vous faudra percer deux trous dans votre ch\u00e2ssis pour le [&hellip;]\" \/>\n<meta property=\"og:url\" content=\"https:\/\/dimspeed.com\/en\/product\/reservoir-de-degazage-droit\/\" \/>\n<meta property=\"og:site_name\" content=\"Dimspeed, l&#039;atelier de personnalisation automobile\" \/>\n<meta property=\"article:modified_time\" content=\"2025-02-14T09:27:18+00:00\" \/>\n<meta property=\"og:image\" content=\"https:\/\/dimspeed.com\/wp-content\/uploads\/2022\/01\/Reservoir-de-degazage-Droit-5.jpg\" \/>\n\t<meta property=\"og:image:width\" content=\"719\" \/>\n\t<meta property=\"og:image:height\" content=\"566\" \/>\n\t<meta property=\"og:image:type\" content=\"image\/jpeg\" \/>\n<meta name=\"twitter:card\" content=\"summary_large_image\" \/>\n<meta name=\"twitter:label1\" content=\"Estimated reading time\" \/>\n\t<meta name=\"twitter:data1\" content=\"1 minute\" \/>\n<script type=\"application\/ld+json\" class=\"yoast-schema-graph\">{\"@context\":\"https:\/\/schema.org\",\"@graph\":[{\"@type\":\"WebPage\",\"@id\":\"https:\/\/dimspeed.com\/produit\/reservoir-de-degazage-droit\/\",\"url\":\"https:\/\/dimspeed.com\/produit\/reservoir-de-degazage-droit\/\",\"name\":\"R\u00e9servoir de D\u00e9gazage Owens \u2013 Droit - Dimspeed, l&#039;atelier de personnalisation automobile\",\"isPartOf\":{\"@id\":\"https:\/\/dimspeed.com\/#website\"},\"primaryImageOfPage\":{\"@id\":\"https:\/\/dimspeed.com\/produit\/reservoir-de-degazage-droit\/#primaryimage\"},\"image\":{\"@id\":\"https:\/\/dimspeed.com\/produit\/reservoir-de-degazage-droit\/#primaryimage\"},\"thumbnailUrl\":\"https:\/\/dimspeed.com\/wp-content\/uploads\/2022\/01\/Reservoir-de-degazage-Droit-5.jpg\",\"datePublished\":\"2022-01-26T08:48:03+00:00\",\"dateModified\":\"2025-02-14T09:27:18+00:00\",\"breadcrumb\":{\"@id\":\"https:\/\/dimspeed.com\/produit\/reservoir-de-degazage-droit\/#breadcrumb\"},\"inLanguage\":\"en-GB\",\"potentialAction\":[{\"@type\":\"ReadAction\",\"target\":[\"https:\/\/dimspeed.com\/produit\/reservoir-de-degazage-droit\/\"]}]},{\"@type\":\"ImageObject\",\"inLanguage\":\"en-GB\",\"@id\":\"https:\/\/dimspeed.com\/produit\/reservoir-de-degazage-droit\/#primaryimage\",\"url\":\"https:\/\/dimspeed.com\/wp-content\/uploads\/2022\/01\/Reservoir-de-degazage-Droit-5.jpg\",\"contentUrl\":\"https:\/\/dimspeed.com\/wp-content\/uploads\/2022\/01\/Reservoir-de-degazage-Droit-5.jpg\",\"width\":719,\"height\":566},{\"@type\":\"BreadcrumbList\",\"@id\":\"https:\/\/dimspeed.com\/produit\/reservoir-de-degazage-droit\/#breadcrumb\",\"itemListElement\":[{\"@type\":\"ListItem\",\"position\":1,\"name\":\"Accueil\",\"item\":\"https:\/\/dimspeed.com\/\"},{\"@type\":\"ListItem\",\"position\":2,\"name\":\"Boutique\",\"item\":\"https:\/\/dimspeed.com\/boutique\/\"},{\"@type\":\"ListItem\",\"position\":3,\"name\":\"R\u00e9servoir de D\u00e9gazage Owens \u2013 Droit\"}]},{\"@type\":\"WebSite\",\"@id\":\"https:\/\/dimspeed.com\/#website\",\"url\":\"https:\/\/dimspeed.com\/\",\"name\":\"Dimspeed, l&#039;atelier de personnalisation automobile\",\"description\":\"MOTORISTE comp\u00e9tition et collection SPECIALISTE moteur A-SERIE\",\"publisher\":{\"@id\":\"https:\/\/dimspeed.com\/#organization\"},\"potentialAction\":[{\"@type\":\"SearchAction\",\"target\":{\"@type\":\"EntryPoint\",\"urlTemplate\":\"https:\/\/dimspeed.com\/?s={search_term_string}\"},\"query-input\":{\"@type\":\"PropertyValueSpecification\",\"valueRequired\":true,\"valueName\":\"search_term_string\"}}],\"inLanguage\":\"en-GB\"},{\"@type\":\"Organization\",\"@id\":\"https:\/\/dimspeed.com\/#organization\",\"name\":\"Dimspeed, l&#039;atelier de personnalisation automobile\",\"url\":\"https:\/\/dimspeed.com\/\",\"logo\":{\"@type\":\"ImageObject\",\"inLanguage\":\"en-GB\",\"@id\":\"https:\/\/dimspeed.com\/#\/schema\/logo\/image\/\",\"url\":\"https:\/\/dimspeed.com\/wp-content\/uploads\/2020\/11\/logo-site.png\",\"contentUrl\":\"https:\/\/dimspeed.com\/wp-content\/uploads\/2020\/11\/logo-site.png\",\"width\":486,\"height\":178,\"caption\":\"Dimspeed, l&#039;atelier de personnalisation automobile\"},\"image\":{\"@id\":\"https:\/\/dimspeed.com\/#\/schema\/logo\/image\/\"}}]}<\/script>\n<!-- \/ Yoast SEO plugin. -->","yoast_head_json":{"title":"R\u00e9servoir de D\u00e9gazage Owens \u2013 Droit - Dimspeed, l&#039;atelier de personnalisation automobile","robots":{"index":"index","follow":"follow","max-snippet":"max-snippet:-1","max-image-preview":"max-image-preview:large","max-video-preview":"max-video-preview:-1"},"canonical":"https:\/\/dimspeed.com\/en\/product\/reservoir-de-degazage-droit\/","og_locale":"en_GB","og_type":"article","og_title":"R\u00e9servoir de D\u00e9gazage Owens \u2013 Droit - Dimspeed, l&#039;atelier de personnalisation automobile","og_description":"R\u00e9servoir de d\u00e9gazage droit (cot\u00e9 embrayage). Il se fixe en dessous de l\u2019aile, cela permet de ne pas prendre de place \u00e0 l\u2019int\u00e9rieur de la baie moteur. Il poss\u00e8de une entr\u00e9e de 1&#8243; soit 25.4mm et une sortie de respiration de 1&#8243; soit 25.4mm. Il vous faudra percer deux trous dans votre ch\u00e2ssis pour le [&hellip;]","og_url":"https:\/\/dimspeed.com\/en\/product\/reservoir-de-degazage-droit\/","og_site_name":"Dimspeed, l&#039;atelier de personnalisation automobile","article_modified_time":"2025-02-14T09:27:18+00:00","og_image":[{"width":719,"height":566,"url":"https:\/\/dimspeed.com\/wp-content\/uploads\/2022\/01\/Reservoir-de-degazage-Droit-5.jpg","type":"image\/jpeg"}],"twitter_card":"summary_large_image","twitter_misc":{"Estimated reading time":"1 minute"},"schema":{"@context":"https:\/\/schema.org","@graph":[{"@type":"WebPage","@id":"https:\/\/dimspeed.com\/produit\/reservoir-de-degazage-droit\/","url":"https:\/\/dimspeed.com\/produit\/reservoir-de-degazage-droit\/","name":"R\u00e9servoir de D\u00e9gazage Owens \u2013 Droit - Dimspeed, l&#039;atelier de personnalisation automobile","isPartOf":{"@id":"https:\/\/dimspeed.com\/#website"},"primaryImageOfPage":{"@id":"https:\/\/dimspeed.com\/produit\/reservoir-de-degazage-droit\/#primaryimage"},"image":{"@id":"https:\/\/dimspeed.com\/produit\/reservoir-de-degazage-droit\/#primaryimage"},"thumbnailUrl":"https:\/\/dimspeed.com\/wp-content\/uploads\/2022\/01\/Reservoir-de-degazage-Droit-5.jpg","datePublished":"2022-01-26T08:48:03+00:00","dateModified":"2025-02-14T09:27:18+00:00","breadcrumb":{"@id":"https:\/\/dimspeed.com\/produit\/reservoir-de-degazage-droit\/#breadcrumb"},"inLanguage":"en-GB","potentialAction":[{"@type":"ReadAction","target":["https:\/\/dimspeed.com\/produit\/reservoir-de-degazage-droit\/"]}]},{"@type":"ImageObject","inLanguage":"en-GB","@id":"https:\/\/dimspeed.com\/produit\/reservoir-de-degazage-droit\/#primaryimage","url":"https:\/\/dimspeed.com\/wp-content\/uploads\/2022\/01\/Reservoir-de-degazage-Droit-5.jpg","contentUrl":"https:\/\/dimspeed.com\/wp-content\/uploads\/2022\/01\/Reservoir-de-degazage-Droit-5.jpg","width":719,"height":566},{"@type":"BreadcrumbList","@id":"https:\/\/dimspeed.com\/produit\/reservoir-de-degazage-droit\/#breadcrumb","itemListElement":[{"@type":"ListItem","position":1,"name":"Accueil","item":"https:\/\/dimspeed.com\/"},{"@type":"ListItem","position":2,"name":"Boutique","item":"https:\/\/dimspeed.com\/boutique\/"},{"@type":"ListItem","position":3,"name":"R\u00e9servoir de D\u00e9gazage Owens \u2013 Droit"}]},{"@type":"WebSite","@id":"https:\/\/dimspeed.com\/#website","url":"https:\/\/dimspeed.com\/","name":"Dimspeed, l&#039;atelier de personnalisation automobile","description":"MOTORISTE comp\u00e9tition et collection SPECIALISTE moteur A-SERIE","publisher":{"@id":"https:\/\/dimspeed.com\/#organization"},"potentialAction":[{"@type":"SearchAction","target":{"@type":"EntryPoint","urlTemplate":"https:\/\/dimspeed.com\/?s={search_term_string}"},"query-input":{"@type":"PropertyValueSpecification","valueRequired":true,"valueName":"search_term_string"}}],"inLanguage":"en-GB"},{"@type":"Organization","@id":"https:\/\/dimspeed.com\/#organization","name":"Dimspeed, l&#039;atelier de personnalisation automobile","url":"https:\/\/dimspeed.com\/","logo":{"@type":"ImageObject","inLanguage":"en-GB","@id":"https:\/\/dimspeed.com\/#\/schema\/logo\/image\/","url":"https:\/\/dimspeed.com\/wp-content\/uploads\/2020\/11\/logo-site.png","contentUrl":"https:\/\/dimspeed.com\/wp-content\/uploads\/2020\/11\/logo-site.png","width":486,"height":178,"caption":"Dimspeed, l&#039;atelier de personnalisation automobile"},"image":{"@id":"https:\/\/dimspeed.com\/#\/schema\/logo\/image\/"}}]}},"_links":{"self":[{"href":"https:\/\/dimspeed.com\/en\/wp-json\/wp\/v2\/product\/3777","targetHints":{"allow":["GET"]}}],"collection":[{"href":"https:\/\/dimspeed.com\/en\/wp-json\/wp\/v2\/product"}],"about":[{"href":"https:\/\/dimspeed.com\/en\/wp-json\/wp\/v2\/types\/product"}],"version-history":[{"count":4,"href":"https:\/\/dimspeed.com\/en\/wp-json\/wp\/v2\/product\/3777\/revisions"}],"predecessor-version":[{"id":3826,"href":"https:\/\/dimspeed.com\/en\/wp-json\/wp\/v2\/product\/3777\/revisions\/3826"}],"wp:featuredmedia":[{"embeddable":true,"href":"https:\/\/dimspeed.com\/en\/wp-json\/wp\/v2\/media\/3778"}],"wp:attachment":[{"href":"https:\/\/dimspeed.com\/en\/wp-json\/wp\/v2\/media?parent=3777"}],"wp:term":[{"taxonomy":"product_brand","embeddable":true,"href":"https:\/\/dimspeed.com\/en\/wp-json\/wp\/v2\/product_brand?post=3777"},{"taxonomy":"product_cat","embeddable":true,"href":"https:\/\/dimspeed.com\/en\/wp-json\/wp\/v2\/product_cat?post=3777"},{"taxonomy":"product_tag","embeddable":true,"href":"https:\/\/dimspeed.com\/en\/wp-json\/wp\/v2\/product_tag?post=3777"}],"curies":[{"name":"wp","href":"https:\/\/api.w.org\/{rel}","templated":true}]}}